{"id":1239,"date":"2021-01-03T10:56:54","date_gmt":"2021-01-03T09:56:54","guid":{"rendered":"http:\/\/tst.minijets.org\/?page_id=1239"},"modified":"2024-05-24T13:38:23","modified_gmt":"2024-05-24T11:38:23","slug":"hp-18j","status":"publish","type":"page","link":"http:\/\/minijets.org\/en\/0-100\/jetcat-p300\/hp-18j\/","title":{"rendered":"Schreder HP-18J"},"content":{"rendered":"<h2 class=\"wp-block-heading\">BRYAN AIRCRAFT INC.<\/h2>\n\n\n\n<figure class=\"wp-block-image size-large\"><img loading=\"lazy\" decoding=\"async\" width=\"876\" height=\"186\" src=\"http:\/\/minijets.org\/wp-content\/uploads\/2020\/12\/HP18J_03.jpg\" alt=\"\" class=\"wp-image-575\" srcset=\"https:\/\/minijets.org\/wp-content\/uploads\/2020\/12\/HP18J_03.jpg 876w, https:\/\/minijets.org\/wp-content\/uploads\/2020\/12\/HP18J_03-300x64.jpg 300w, https:\/\/minijets.org\/wp-content\/uploads\/2020\/12\/HP18J_03-768x163.jpg 768w, https:\/\/minijets.org\/wp-content\/uploads\/2020\/12\/HP18J_03-18x4.jpg 18w\" sizes=\"auto, (max-width: 876px) 100vw, 876px\" \/><figcaption class=\"wp-element-caption\">Une d\u00e8s premi\u00e8res photo du HP-18 publi\u00e9e dans la presse. Source : Sailplane &amp; Gliding, Jan. 1976, page #260<\/figcaption><\/figure>\n\n\n\n<p>Cette conversion d&#8217;un planeur Schreder HP-18 en motoplaneur \u00e9quip\u00e9 de 2 r\u00e9acteurs&nbsp;<strong>Jetcat P300<\/strong>&nbsp;est l&#8217;\u0153uvre de&nbsp;<strong>Chris Esselstyn<\/strong>, un constructeur amateur am\u00e9ricain bas\u00e9 \u00e0&nbsp;<strong>Waukesha<\/strong>&nbsp;dans le&nbsp;<strong>Wisconsin<\/strong>.<\/p>\n\n\n\n<p>Le HP-18,&nbsp;un planeur m\u00e9tallique de classe &#8216;standard&#8217;, est la 14i\u00e8me r\u00e9alisation de&nbsp;<strong>Dick&nbsp;<\/strong>(Richard)&nbsp;<strong>Schreder<\/strong>.&nbsp;&nbsp;Son premier vol a eu lieu en&nbsp;<strong>1975<\/strong>.&nbsp;Il a \u00e9t\u00e9 commercialis\u00e9 aupr\u00e8s des constructeurs&nbsp;amateurs am\u00e9ricains sous forme de Kit.<\/p>\n\n\n\n<div class=\"wp-block-columns is-layout-flex wp-container-core-columns-is-layout-28f84493 wp-block-columns-is-layout-flex\">\n<div class=\"wp-block-column is-layout-flow wp-block-column-is-layout-flow\" style=\"flex-basis:50%\">\n<figure class=\"wp-block-image size-large\"><img loading=\"lazy\" decoding=\"async\" width=\"960\" height=\"622\" src=\"http:\/\/minijets.org\/wp-content\/uploads\/2020\/12\/HP18J_01.jpg\" alt=\"Schreder HP-18J\" class=\"wp-image-583\" srcset=\"https:\/\/minijets.org\/wp-content\/uploads\/2020\/12\/HP18J_01.jpg 960w, https:\/\/minijets.org\/wp-content\/uploads\/2020\/12\/HP18J_01-300x194.jpg 300w, https:\/\/minijets.org\/wp-content\/uploads\/2020\/12\/HP18J_01-768x498.jpg 768w, https:\/\/minijets.org\/wp-content\/uploads\/2020\/12\/HP18J_01-18x12.jpg 18w\" sizes=\"auto, (max-width: 960px) 100vw, 960px\" \/><figcaption class=\"wp-element-caption\">Chris Esselstyn et son HP-18J. Source : EAA News 08-30-2016<\/figcaption><\/figure>\n<\/div>\n\n\n\n<div class=\"wp-block-column minijets_table is-layout-flow wp-block-column-is-layout-flow\" style=\"flex-basis:50%\">\n<figure class=\"wp-block-image size-large\"><img loading=\"lazy\" decoding=\"async\" width=\"960\" height=\"572\" src=\"http:\/\/minijets.org\/wp-content\/uploads\/2020\/12\/HP18J_02.jpg\" alt=\"\" class=\"wp-image-577\" srcset=\"https:\/\/minijets.org\/wp-content\/uploads\/2020\/12\/HP18J_02.jpg 960w, https:\/\/minijets.org\/wp-content\/uploads\/2020\/12\/HP18J_02-300x179.jpg 300w, https:\/\/minijets.org\/wp-content\/uploads\/2020\/12\/HP18J_02-768x458.jpg 768w, https:\/\/minijets.org\/wp-content\/uploads\/2020\/12\/HP18J_02-18x12.jpg 18w\" sizes=\"auto, (max-width: 960px) 100vw, 960px\" \/><figcaption class=\"wp-element-caption\">HP-18J avec ses 2 Jetcat P300 qui se r\u00e9tractent verticalement dans la fuselage. Source : Chris Esselstyn et son HP-18J, EAA News 08-30-2016<\/figcaption><\/figure>\n<\/div>\n<\/div>","protected":false},"excerpt":{"rendered":"<p>BRYAN AIRCRAFT INC. Cette conversion d&#8217;un planeur Schreder HP-18 en motoplaneur \u00e9quip\u00e9 de 2 r\u00e9acteurs&nbsp;Jetcat P300&nbsp;est l&#8217;\u0153uvre de&nbsp;Chris Esselstyn, un constructeur amateur am\u00e9ricain bas\u00e9 \u00e0&nbsp;Waukesha&nbsp;dans le&nbsp;Wisconsin. Le HP-18,&nbsp;un planeur m\u00e9tallique de classe &#8216;standard&#8217;, est la 14i\u00e8me r\u00e9alisation de&nbsp;Dick&nbsp;(Richard)&nbsp;Schreder.&nbsp;&nbsp;Son premier vol a eu lieu en&nbsp;1975.&nbsp;Il a \u00e9t\u00e9 commercialis\u00e9 aupr\u00e8s des constructeurs&nbsp;amateurs am\u00e9ricains sous forme de Kit.<\/p>","protected":false},"author":1,"featured_media":577,"parent":566,"menu_order":0,"comment_status":"closed","ping_status":"closed","template":"","meta":{"_acf_changed":false,"cybocfi_hide_featured_image":"","footnotes":""},"categories":[17],"tags":[],"planes-000-100":[],"class_list":["post-1239","page","type-page","status-publish","has-post-thumbnail","hentry","category-plane-000-100"],"blocksy_meta":[],"acf":[],"_links":{"self":[{"href":"http:\/\/minijets.org\/en\/wp-json\/wp\/v2\/pages\/1239","targetHints":{"allow":["GET"]}}],"collection":[{"href":"http:\/\/minijets.org\/en\/wp-json\/wp\/v2\/pages"}],"about":[{"href":"http:\/\/minijets.org\/en\/wp-json\/wp\/v2\/types\/page"}],"author":[{"embeddable":true,"href":"http:\/\/minijets.org\/en\/wp-json\/wp\/v2\/users\/1"}],"replies":[{"embeddable":true,"href":"http:\/\/minijets.org\/en\/wp-json\/wp\/v2\/comments?post=1239"}],"version-history":[{"count":2,"href":"http:\/\/minijets.org\/en\/wp-json\/wp\/v2\/pages\/1239\/revisions"}],"predecessor-version":[{"id":8724,"href":"http:\/\/minijets.org\/en\/wp-json\/wp\/v2\/pages\/1239\/revisions\/8724"}],"up":[{"embeddable":true,"href":"http:\/\/minijets.org\/en\/wp-json\/wp\/v2\/pages\/566"}],"wp:featuredmedia":[{"embeddable":true,"href":"http:\/\/minijets.org\/en\/wp-json\/wp\/v2\/media\/577"}],"wp:attachment":[{"href":"http:\/\/minijets.org\/en\/wp-json\/wp\/v2\/media?parent=1239"}],"wp:term":[{"taxonomy":"category","embeddable":true,"href":"http:\/\/minijets.org\/en\/wp-json\/wp\/v2\/categories?post=1239"},{"taxonomy":"post_tag","embeddable":true,"href":"http:\/\/minijets.org\/en\/wp-json\/wp\/v2\/tags?post=1239"},{"taxonomy":"planes-000-100","embeddable":true,"href":"http:\/\/minijets.org\/en\/wp-json\/wp\/v2\/planes-000-100?post=1239"}],"curies":[{"name":"wp","href":"https:\/\/api.w.org\/{rel}","templated":true}]}}