{"id":3520,"date":"2021-01-31T18:35:36","date_gmt":"2021-01-31T17:35:36","guid":{"rendered":"http:\/\/tst.minijets.org\/?page_id=3520"},"modified":"2022-11-02T21:00:13","modified_gmt":"2022-11-02T20:00:13","slug":"ikarus-452-m","status":"publish","type":"page","link":"http:\/\/minijets.org\/en\/150-300\/turbomeca-palas\/ikarus-452-m\/","title":{"rendered":"Ikarus 452M"},"content":{"rendered":"<div class=\"wp-block-columns is-layout-flex wp-container-core-columns-is-layout-28f84493 wp-block-columns-is-layout-flex\">\n<div class=\"wp-block-column minijets_flag is-layout-flow wp-block-column-is-layout-flow\" style=\"flex-basis:4%\">\n<figure class=\"wp-block-image\"><img decoding=\"async\" src=\"https:\/\/minijets.org\/fileadmin\/_processed_\/d\/0\/csm_Yu_388d15adfa.png\" alt=\"Yu\"\/><\/figure>\n<\/div>\n\n\n\n<div class=\"wp-block-column is-layout-flow wp-block-column-is-layout-flow\">\n<h2 class=\"wp-block-heading\">Ikarus<\/h2>\n<\/div>\n<\/div>\n\n\n\n<figure class=\"wp-block-image aligncenter size-large\"><img loading=\"lazy\" decoding=\"async\" width=\"950\" height=\"175\" src=\"http:\/\/minijets.org\/wp-content\/uploads\/2021\/01\/Ikarus_452_top.jpg\" alt=\"\" class=\"wp-image-2698\" srcset=\"https:\/\/minijets.org\/wp-content\/uploads\/2021\/01\/Ikarus_452_top.jpg 950w, https:\/\/minijets.org\/wp-content\/uploads\/2021\/01\/Ikarus_452_top-300x55.jpg 300w, https:\/\/minijets.org\/wp-content\/uploads\/2021\/01\/Ikarus_452_top-768x141.jpg 768w, https:\/\/minijets.org\/wp-content\/uploads\/2021\/01\/Ikarus_452_top-18x3.jpg 18w\" sizes=\"auto, (max-width: 950px) 100vw, 950px\" \/><\/figure>\n\n\n\n<p>L&#8217;Ikarus 452M est un avion exp\u00e9rimental \u00e0 r\u00e9action construit en 1953 en Yougoslavie par l&#8217;\u00e9quipe de <strong>\u00a0<\/strong><a href=\"https:\/\/sr.wikipedia.org\/sr-el\/%D0%94%D1%80%D0%B0%D0%B3%D0%BE%D1%99%D1%83%D0%B1_%D0%91%D0%B5%D1%88%D0%BB%D0%B8%D0%BD\" target=\"_blank\" rel=\"noreferrer noopener\">Dragoljub Beslin<\/a>.<\/p>\n\n\n\n<p>Apr\u00e8s la deuxi\u00e8me guerre mondiale, l&#8217;industrie a\u00e9ronautique yougoslave s&#8217;est r\u00e9organis\u00e9e autour d&#8217;un \u00e9tablissement central charg\u00e9 des recherches et des r\u00e9alisations de prototypes, auxquels seront rattach\u00e9s quelques usines de moindre importance.<\/p>\n\n\n\n<p>Cet \u00e9tablissement central perp\u00e9tue le nom fameux d&#8217;<strong>lkarus<\/strong>&nbsp;qui fut celui de la premi\u00e8re entreprise a\u00e9ronautique yougoslave.&nbsp;<\/p>\n\n\n\n<p>Cette firme fut, en effet, fond\u00e9e en&nbsp;<strong>1923<\/strong>&nbsp;et c&#8217;est dans une des ses anciennes usines, celle de&nbsp;<strong>Zemun<\/strong>, que les \u00e9quipe d&#8217;Ikarus furent r\u00e9-install\u00e9es. Celle de Novi Sad, comme d&#8217;ailleurs les autres usines a\u00e9ronautiques du pays furent enti\u00e8rement d\u00e9truites durant l&#8217;occupation allemande.<\/p>\n\n\n\n<p>L&#8217;usine de Zemun fut la plus rapidement reb\u00e2tie et c&#8217;est dans ses murs que furent produits les appareils yougoslaves d&#8217;apr\u00e8s guerre<\/p>\n\n\n\n<div class=\"wp-block-columns is-layout-flex wp-container-core-columns-is-layout-28f84493 wp-block-columns-is-layout-flex\">\n<div class=\"wp-block-column is-layout-flow wp-block-column-is-layout-flow\">\n<figure class=\"wp-block-image size-large\"><img loading=\"lazy\" decoding=\"async\" width=\"1024\" height=\"511\" src=\"http:\/\/minijets.org\/wp-content\/uploads\/2021\/01\/Ikarus_452_04-1024x511.jpg\" alt=\"Ikarus 452M\" class=\"wp-image-2695\" srcset=\"https:\/\/minijets.org\/wp-content\/uploads\/2021\/01\/Ikarus_452_04-1024x511.jpg 1024w, https:\/\/minijets.org\/wp-content\/uploads\/2021\/01\/Ikarus_452_04-300x150.jpg 300w, https:\/\/minijets.org\/wp-content\/uploads\/2021\/01\/Ikarus_452_04-768x383.jpg 768w, https:\/\/minijets.org\/wp-content\/uploads\/2021\/01\/Ikarus_452_04-1536x767.jpg 1536w, https:\/\/minijets.org\/wp-content\/uploads\/2021\/01\/Ikarus_452_04-2048x1022.jpg 2048w, https:\/\/minijets.org\/wp-content\/uploads\/2021\/01\/Ikarus_452_04-18x9.jpg 18w\" sizes=\"auto, (max-width: 1024px) 100vw, 1024px\" \/><figcaption class=\"wp-element-caption\">Ikarus 452M. Source : Aviation magazine 05.05.1955<\/figcaption><\/figure>\n\n\n\n<p>La voilure est en fl\u00e8che et supporte deux poutres termin\u00e9es \u00e0 &nbsp;l&#8217;arri\u00e8re par deux d\u00e9rives \u00e9galement en fl\u00e8che.&nbsp;<\/p>\n\n\n\n<p>Un stabilisateur rejoint les parties sup\u00e9rieures de ces deux d\u00e9rives et comme il pr\u00e9sente, lui aussi, une fl\u00e8che sensible, son axe le plus avanc\u00e9 est raccord\u00e9 au fuselagee par une ar\u00eate dorsale.&nbsp;<\/p>\n\n\n\n<p>Le train d&#8217;atterrisasge tricycle escamotable comprend deux roues principales s&#8217;appuyant sur le fuselage et s&#8217;y escamotant et la roue avant classique. Tous ces \u00e9l\u00e9ments se rel\u00e8vent vers l&#8217;avant.<\/p>\n\n\n\n<p>Le poste de pilotage est recouvert par une verri\u00e8re \u00e0 &nbsp;vision totale. Signalons enfin que l&#8217;appareil effectua son premier vol le&nbsp;<strong>24 juillet 1954<\/strong>.<\/p>\n\n\n\n<figure class=\"wp-block-image size-large\"><img loading=\"lazy\" decoding=\"async\" width=\"500\" height=\"237\" src=\"http:\/\/minijets.org\/wp-content\/uploads\/2021\/01\/Ikarus_452_02.jpg\" alt=\"Ikarus 452M\" class=\"wp-image-2697\" srcset=\"https:\/\/minijets.org\/wp-content\/uploads\/2021\/01\/Ikarus_452_02.jpg 500w, https:\/\/minijets.org\/wp-content\/uploads\/2021\/01\/Ikarus_452_02-300x142.jpg 300w, https:\/\/minijets.org\/wp-content\/uploads\/2021\/01\/Ikarus_452_02-18x9.jpg 18w\" sizes=\"auto, (max-width: 500px) 100vw, 500px\" \/><\/figure>\n<\/div>\n\n\n\n<div class=\"wp-block-column minijets_table is-layout-flow wp-block-column-is-layout-flow\" style=\"flex-basis:40%\">\n<h3 class=\"wp-block-heading\">Caract\u00e9ristiques de l&#8217;IKARUS 452M<\/h3>\n\n\n\n<figure class=\"wp-block-table minijets_tab_top\"><table><tbody><tr><td>Manufacturer<\/td><td>IKARUS<\/td><\/tr><tr><td>Type<\/td><td>Monoplace bir\u00e9acteur l\u00e9ger<\/td><\/tr><tr><td>First flight&nbsp;<\/td><td>24 juillet 1954<\/td><\/tr><tr><td>Nb. built<\/td><td>1<\/td><\/tr><tr><td>Crew<\/td><td>1<\/td><\/tr><\/tbody><\/table><\/figure>\n\n\n\n<h4 class=\"wp-block-heading\">Mororisation<\/h4>\n\n\n\n<figure class=\"wp-block-table\"><table><tbody><tr><td>Engine<\/td><td>Turbomeca<\/td><td>Palas<\/td><\/tr><tr><td>Number<\/td><td>2<\/td><td>&nbsp;<\/td><\/tr><tr><td>Type<\/td><td>Turbor\u00e9acteur<\/td><td>&nbsp;<\/td><\/tr><tr><td>Thrust per engine&nbsp;<\/td><td>160 kg<\/td><td>352.7 lb st<\/td><\/tr><\/tbody><\/table><\/figure>\n\n\n\n<h4 class=\"wp-block-heading\">Dimensions<\/h4>\n\n\n\n<figure class=\"wp-block-table\"><table><tbody><tr><td>Span<\/td><td>5,25 m<\/td><td>17 ft. 12 in.<\/td><\/tr><tr><td>Length<\/td><td>5,97 m<\/td><td>19 ft. 7 in.<\/td><\/tr><tr><td>Height<\/td><td>1,77 m<\/td><td>5 ft. 9 in.<\/td><\/tr><\/tbody><\/table><\/figure>\n\n\n\n<h4 class=\"wp-block-heading\">Weight<\/h4>\n\n\n\n<figure class=\"wp-block-table\"><table><tbody><tr><td>Masse \u00e0 vide<\/td><td>1 220 Kg<\/td><td>2,690 lb.<\/td><\/tr><tr><td>Masse maximale<\/td><td>1 680 Kg<\/td><td>3,704 lb.<\/td><\/tr><\/tbody><\/table><\/figure>\n\n\n\n<h4 class=\"wp-block-heading\">Performances (estim\u00e9es)<\/h4>\n\n\n\n<figure class=\"wp-block-table\"><table><tbody><tr><td>Vitesse max<\/td><td>750 km.h<\/td><td>466 mph<\/td><\/tr><tr><td>Vitesse min<\/td><td>190 km.h<\/td><td>118 mph<\/td><\/tr><tr><td>Range<\/td><td>540 km<\/td><td>335 miles<\/td><\/tr><tr><td>Service ceiling<\/td><td>9 800m<\/td><td>32 150 ft<\/td><\/tr><tr><td>Endurance<\/td><td>75 min<\/td><td>&nbsp;<\/td><\/tr><\/tbody><\/table><\/figure>\n<\/div>\n<\/div>\n\n\n\n<div class=\"wp-block-columns is-layout-flex wp-container-core-columns-is-layout-28f84493 wp-block-columns-is-layout-flex\">\n<div class=\"wp-block-column is-layout-flow wp-block-column-is-layout-flow\">\n<p>Parmi ceux-ci, le M-452 a une place de choix. Con\u00e7u par l&#8217;ing\u00e9nieur Dragoljub Beslin, il est consid\u00e9r\u00e9 comme le prototype d&#8217;un appareil terrestre et de liaison rapide.&nbsp;<\/p>\n\n\n\n<p>La lettre M (Mlazni) signifie que l&#8217;appareil est propuls\u00e9 par r\u00e9acteur. La source de puissance consiste en deux <a href=\"https:\/\/minijets.org\/en\/150-300\/turbomeca-palas\/\" data-type=\"page\" data-id=\"2891\">Turbomeca Palas<\/a> dispos\u00e9s l&#8217;un au-dessus de l&#8217;autre \u00e0 \u00a0l&#8217;arri\u00e8re du fuselage.<\/p>\n\n\n\n<p>Le r\u00e9acteur sup\u00e9rieur est aliment\u00e9 par deux entr\u00e9es d&#8217;air lat\u00e9rales dispos\u00e9es de chaque c\u00f4t\u00e9 du fuselage, \u00e0 &nbsp;la suite du poste de pilotage monoplace.&nbsp;<\/p>\n\n\n\n<p>Le r\u00e9acteur inf\u00e9rieur l&#8217;est par les entr\u00e9es noy\u00e9es dans le bord d&#8217;attaque de la voilure, \u00e0 &nbsp;l&#8217;encastrement.&nbsp;<\/p>\n<\/div>\n\n\n\n<div class=\"wp-block-column is-layout-flow wp-block-column-is-layout-flow\">\n<figure class=\"wp-block-image size-large\"><img loading=\"lazy\" decoding=\"async\" width=\"500\" height=\"300\" src=\"http:\/\/minijets.org\/wp-content\/uploads\/2021\/01\/Ikarus_452_01.jpg\" alt=\"Ikarus 452M\" class=\"wp-image-2699\" srcset=\"https:\/\/minijets.org\/wp-content\/uploads\/2021\/01\/Ikarus_452_01.jpg 500w, https:\/\/minijets.org\/wp-content\/uploads\/2021\/01\/Ikarus_452_01-300x180.jpg 300w, https:\/\/minijets.org\/wp-content\/uploads\/2021\/01\/Ikarus_452_01-18x12.jpg 18w\" sizes=\"auto, (max-width: 500px) 100vw, 500px\" \/><\/figure>\n<\/div>\n<\/div>\n\n\n\n<figure class=\"wp-block-image size-large\"><img loading=\"lazy\" decoding=\"async\" width=\"950\" height=\"552\" src=\"http:\/\/minijets.org\/wp-content\/uploads\/2021\/01\/Ikarus_452_03.jpg\" alt=\"Ikarus 452M, P3 views\" class=\"wp-image-2696\" srcset=\"https:\/\/minijets.org\/wp-content\/uploads\/2021\/01\/Ikarus_452_03.jpg 950w, https:\/\/minijets.org\/wp-content\/uploads\/2021\/01\/Ikarus_452_03-300x174.jpg 300w, https:\/\/minijets.org\/wp-content\/uploads\/2021\/01\/Ikarus_452_03-768x446.jpg 768w, https:\/\/minijets.org\/wp-content\/uploads\/2021\/01\/Ikarus_452_03-18x10.jpg 18w\" sizes=\"auto, (max-width: 950px) 100vw, 950px\" \/><figcaption class=\"wp-element-caption\">Plan 3 vue de l&#8217;Ikarus 452M. Source : Aviation magazine 05.05.1955<\/figcaption><\/figure>","protected":false},"excerpt":{"rendered":"<p>Ikarus L&#8217;Ikarus 452M est un avion exp\u00e9rimental \u00e0 r\u00e9action construit en 1953 en Yougoslavie par l&#8217;\u00e9quipe de \u00a0Dragoljub Beslin. Apr\u00e8s la deuxi\u00e8me guerre mondiale, l&#8217;industrie a\u00e9ronautique yougoslave s&#8217;est r\u00e9organis\u00e9e autour d&#8217;un \u00e9tablissement central charg\u00e9 des recherches et des r\u00e9alisations de prototypes, auxquels seront rattach\u00e9s quelques usines de moindre importance. Cet \u00e9tablissement central perp\u00e9tue le nom [&hellip;]<\/p>","protected":false},"author":1,"featured_media":2699,"parent":2891,"menu_order":0,"comment_status":"closed","ping_status":"closed","template":"","meta":{"_acf_changed":false,"cybocfi_hide_featured_image":"","footnotes":""},"categories":[19],"tags":[],"planes-000-100":[],"class_list":["post-3520","page","type-page","status-publish","has-post-thumbnail","hentry","category-plane-150-300"],"blocksy_meta":[],"acf":[],"_links":{"self":[{"href":"http:\/\/minijets.org\/en\/wp-json\/wp\/v2\/pages\/3520","targetHints":{"allow":["GET"]}}],"collection":[{"href":"http:\/\/minijets.org\/en\/wp-json\/wp\/v2\/pages"}],"about":[{"href":"http:\/\/minijets.org\/en\/wp-json\/wp\/v2\/types\/page"}],"author":[{"embeddable":true,"href":"http:\/\/minijets.org\/en\/wp-json\/wp\/v2\/users\/1"}],"replies":[{"embeddable":true,"href":"http:\/\/minijets.org\/en\/wp-json\/wp\/v2\/comments?post=3520"}],"version-history":[{"count":0,"href":"http:\/\/minijets.org\/en\/wp-json\/wp\/v2\/pages\/3520\/revisions"}],"up":[{"embeddable":true,"href":"http:\/\/minijets.org\/en\/wp-json\/wp\/v2\/pages\/2891"}],"wp:featuredmedia":[{"embeddable":true,"href":"http:\/\/minijets.org\/en\/wp-json\/wp\/v2\/media\/2699"}],"wp:attachment":[{"href":"http:\/\/minijets.org\/en\/wp-json\/wp\/v2\/media?parent=3520"}],"wp:term":[{"taxonomy":"category","embeddable":true,"href":"http:\/\/minijets.org\/en\/wp-json\/wp\/v2\/categories?post=3520"},{"taxonomy":"post_tag","embeddable":true,"href":"http:\/\/minijets.org\/en\/wp-json\/wp\/v2\/tags?post=3520"},{"taxonomy":"planes-000-100","embeddable":true,"href":"http:\/\/minijets.org\/en\/wp-json\/wp\/v2\/planes-000-100?post=3520"}],"curies":[{"name":"wp","href":"https:\/\/api.w.org\/{rel}","templated":true}]}}