{"id":4543,"date":"2021-02-08T21:18:46","date_gmt":"2021-02-08T20:18:46","guid":{"rendered":"http:\/\/tst.minijets.org\/?page_id=4543"},"modified":"2022-10-26T12:06:44","modified_gmt":"2022-10-26T10:06:44","slug":"ikarus-j-451-mm-strsljen","status":"publish","type":"page","link":"http:\/\/minijets.org\/en\/300-500\/turbomeca-marbore\/ikarus-j-451-mm-strsljen\/","title":{"rendered":"Ikarus J 451 MM Strsljen"},"content":{"rendered":"<figure class=\"wp-block-image size-full\"><img loading=\"lazy\" decoding=\"async\" width=\"1024\" height=\"333\" src=\"https:\/\/minijets.org\/wp-content\/uploads\/2021\/02\/Ikarus_J451M_Stesljen_02.jpg\" alt=\"Ikarus J 451 MM Strsljen\" class=\"wp-image-4065\" srcset=\"https:\/\/minijets.org\/wp-content\/uploads\/2021\/02\/Ikarus_J451M_Stesljen_02.jpg 1024w, https:\/\/minijets.org\/wp-content\/uploads\/2021\/02\/Ikarus_J451M_Stesljen_02-300x98.jpg 300w, https:\/\/minijets.org\/wp-content\/uploads\/2021\/02\/Ikarus_J451M_Stesljen_02-768x250.jpg 768w, https:\/\/minijets.org\/wp-content\/uploads\/2021\/02\/Ikarus_J451M_Stesljen_02-18x6.jpg 18w\" sizes=\"auto, (max-width: 1024px) 100vw, 1024px\" \/><figcaption>Ikarus J 451 MM Strsljen. Source : Jane&#8217;s all the world&#8217;s aircraft 1960-1961<\/figcaption><\/figure>\n\n\n\n<div class=\"wp-block-columns is-layout-flex wp-container-core-columns-is-layout-28f84493 wp-block-columns-is-layout-flex\">\n<div class=\"wp-block-column is-layout-flow wp-block-column-is-layout-flow\">\n<figure class=\"wp-block-image size-large\"><img loading=\"lazy\" decoding=\"async\" width=\"500\" height=\"371\" src=\"http:\/\/minijets.org\/wp-content\/uploads\/2021\/02\/Ikarus_J451M_Stesljen_03.jpg\" alt=\"Ikarus J 451 MM Strsljen\" class=\"wp-image-4066\" srcset=\"https:\/\/minijets.org\/wp-content\/uploads\/2021\/02\/Ikarus_J451M_Stesljen_03.jpg 500w, https:\/\/minijets.org\/wp-content\/uploads\/2021\/02\/Ikarus_J451M_Stesljen_03-300x223.jpg 300w, https:\/\/minijets.org\/wp-content\/uploads\/2021\/02\/Ikarus_J451M_Stesljen_03-16x12.jpg 16w\" sizes=\"auto, (max-width: 500px) 100vw, 500px\" \/><figcaption>Ikarus J 451 MM Strsljen.<\/figcaption><\/figure>\n<\/div>\n\n\n\n<div class=\"wp-block-column minijets_table is-layout-flow wp-block-column-is-layout-flow\" style=\"flex-basis:40%\">\n<p>L&#8217;Ikarus J 451 MM Strsljen I a \u00e9t\u00e9 con\u00e7u d\u00e8s l&#8217;origine comme un monoplace d&#8217;attaque \u00e0 r\u00e9action. <\/p>\n\n\n\n<p>Le prototype \u00e9tait \u00e9quip\u00e9 de 2 r\u00e9acteurs <a href=\"https:\/\/minijets.org\/en\/300-500\/turbomeca-marbore\/\" data-type=\"page\" data-id=\"3923\">Turbom\u00e9ca Marbor\u00e9 II<\/a> de 3,92 kN de pouss\u00e9e unitaire. <\/p>\n\n\n\n<p>The\u00a0<strong>19 Juillet 1956<\/strong>, sur la <a href=\"https:\/\/en.wikipedia.org\/wiki\/Batajnica_Air_Base\" target=\"_blank\" data-type=\"URL\" data-id=\"https:\/\/en.wikipedia.org\/wiki\/Batajnica_Air_Base\" rel=\"noreferrer noopener\">base a\u00e9rienne de Batajnica<\/a> (Yougoslavie) \u00a0le prototype du &#8220;Strsljen I&#8221; (s\/n 21001) a effectu\u00e9 son premier vol aux main du capitaine\u00a0<strong>Vladimir Vodopivec<\/strong>.<\/p>\n<\/div>\n<\/div>","protected":false},"excerpt":{"rendered":"<p>L&#8217;Ikarus J 451 MM Strsljen I a \u00e9t\u00e9 con\u00e7u d\u00e8s l&#8217;origine comme un monoplace d&#8217;attaque \u00e0 r\u00e9action. Le prototype \u00e9tait \u00e9quip\u00e9 de 2 r\u00e9acteurs Turbom\u00e9ca Marbor\u00e9 II de 3,92 kN de pouss\u00e9e unitaire. Le\u00a019 Juillet 1956, sur la base a\u00e9rienne de Batajnica (Yougoslavie) \u00a0le prototype du &#8220;Strsljen I&#8221; (s\/n 21001) a effectu\u00e9 son premier vol [&hellip;]<\/p>","protected":false},"author":1,"featured_media":4066,"parent":3923,"menu_order":0,"comment_status":"closed","ping_status":"closed","template":"","meta":{"_acf_changed":false,"cybocfi_hide_featured_image":"","footnotes":""},"categories":[20],"tags":[],"planes-000-100":[],"class_list":["post-4543","page","type-page","status-publish","has-post-thumbnail","hentry","category-plane-300-500"],"blocksy_meta":[],"acf":[],"_links":{"self":[{"href":"http:\/\/minijets.org\/en\/wp-json\/wp\/v2\/pages\/4543","targetHints":{"allow":["GET"]}}],"collection":[{"href":"http:\/\/minijets.org\/en\/wp-json\/wp\/v2\/pages"}],"about":[{"href":"http:\/\/minijets.org\/en\/wp-json\/wp\/v2\/types\/page"}],"author":[{"embeddable":true,"href":"http:\/\/minijets.org\/en\/wp-json\/wp\/v2\/users\/1"}],"replies":[{"embeddable":true,"href":"http:\/\/minijets.org\/en\/wp-json\/wp\/v2\/comments?post=4543"}],"version-history":[{"count":0,"href":"http:\/\/minijets.org\/en\/wp-json\/wp\/v2\/pages\/4543\/revisions"}],"up":[{"embeddable":true,"href":"http:\/\/minijets.org\/en\/wp-json\/wp\/v2\/pages\/3923"}],"wp:featuredmedia":[{"embeddable":true,"href":"http:\/\/minijets.org\/en\/wp-json\/wp\/v2\/media\/4066"}],"wp:attachment":[{"href":"http:\/\/minijets.org\/en\/wp-json\/wp\/v2\/media?parent=4543"}],"wp:term":[{"taxonomy":"category","embeddable":true,"href":"http:\/\/minijets.org\/en\/wp-json\/wp\/v2\/categories?post=4543"},{"taxonomy":"post_tag","embeddable":true,"href":"http:\/\/minijets.org\/en\/wp-json\/wp\/v2\/tags?post=4543"},{"taxonomy":"planes-000-100","embeddable":true,"href":"http:\/\/minijets.org\/en\/wp-json\/wp\/v2\/planes-000-100?post=4543"}],"curies":[{"name":"wp","href":"https:\/\/api.w.org\/{rel}","templated":true}]}}