{"id":4670,"date":"2021-02-10T10:47:08","date_gmt":"2021-02-10T09:47:08","guid":{"rendered":"http:\/\/tst.minijets.org\/?page_id=4670"},"modified":"2022-10-24T17:33:58","modified_gmt":"2022-10-24T15:33:58","slug":"procaer-cobra-f400","status":"publish","type":"page","link":"http:\/\/minijets.org\/en\/300-500\/turbomeca-marbore\/procaer-cobra-f400\/","title":{"rendered":"Procaer Cobra F400"},"content":{"rendered":"<p>En&nbsp;<strong>1960<\/strong>, sous la direction de&nbsp;<strong>Stelio Frati<\/strong>, &nbsp;la Procaer a construit le<strong>&nbsp;Cobra F.400<\/strong>, un superbe biplace,  propuls\u00e9 par un r\u00e9acteur Turbomeca Marbor\u00e9 II, et principalement destin\u00e9 \u00e0 l&#8217;entrainement des pilotes sur avion \u00e0 r\u00e9action. <\/p>\n\n\n\n<p>Le Procaer Cobra F400 a fait son premier vol le <strong>16 November 1960<\/strong>. Les essais en vol, et l&#8217;obtention du certificat de navigabilit\u00e9 (Navigabilita dei velivoli categoria normale, et utility e acrobatia) au pr\u00e8s du RAI, ont \u00e9t\u00e9 men\u00e9 \u00e0 bien par <strong>Pierre Bonneau<\/strong> (Expertavia). Le rapport de ces essais, remit en janvier 1963, indique qu&#8217;\u00e0 cette date l&#8217;avion avait effectu\u00e9 92 vols pour un total de 82 heures et 10 minutes.<\/p>\n\n\n\n<figure class=\"wp-block-image size-large\"><img loading=\"lazy\" decoding=\"async\" width=\"950\" height=\"275\" src=\"http:\/\/minijets.org\/wp-content\/uploads\/2021\/02\/Procaer_F400_Cobra_-_01.jpg\" alt=\"Procaer Cobra F400\" class=\"wp-image-3967\" srcset=\"https:\/\/minijets.org\/wp-content\/uploads\/2021\/02\/Procaer_F400_Cobra_-_01.jpg 950w, https:\/\/minijets.org\/wp-content\/uploads\/2021\/02\/Procaer_F400_Cobra_-_01-300x87.jpg 300w, https:\/\/minijets.org\/wp-content\/uploads\/2021\/02\/Procaer_F400_Cobra_-_01-768x222.jpg 768w, https:\/\/minijets.org\/wp-content\/uploads\/2021\/02\/Procaer_F400_Cobra_-_01-18x5.jpg 18w\" sizes=\"auto, (max-width: 950px) 100vw, 950px\" \/><\/figure>\n\n\n\n<div class=\"wp-block-columns is-layout-flex wp-container-core-columns-is-layout-28f84493 wp-block-columns-is-layout-flex\">\n<div class=\"wp-block-column is-layout-flow wp-block-column-is-layout-flow\" style=\"flex-basis:50%\">\n<figure class=\"wp-block-image size-large\"><img loading=\"lazy\" decoding=\"async\" width=\"500\" height=\"367\" src=\"http:\/\/minijets.org\/wp-content\/uploads\/2021\/02\/Procaer_F400_Cobra_-_02.jpg\" alt=\"Procaer Cobra F400\" class=\"wp-image-3957\" srcset=\"https:\/\/minijets.org\/wp-content\/uploads\/2021\/02\/Procaer_F400_Cobra_-_02.jpg 500w, https:\/\/minijets.org\/wp-content\/uploads\/2021\/02\/Procaer_F400_Cobra_-_02-300x220.jpg 300w, https:\/\/minijets.org\/wp-content\/uploads\/2021\/02\/Procaer_F400_Cobra_-_02-16x12.jpg 16w\" sizes=\"auto, (max-width: 500px) 100vw, 500px\" \/><figcaption>Finition du Cobra F.400 dans l&#8217;usine Procaer de Milan<\/figcaption><\/figure>\n<\/div>\n\n\n\n<div class=\"wp-block-column minijets_table is-layout-flow wp-block-column-is-layout-flow\" style=\"flex-basis:50%\">\n<p>C&#8217;est ce prototype qui a \u00e9t\u00e9 pr\u00e9sent\u00e9 au salon du Bourget en juin 1961. Il sera d\u00e9truit, en percutant les Alpes, lors de son retour vers l&#8217;Italie, apr\u00e8s avoir particip\u00e9 \u00e0 un salon en France.&nbsp;<\/p>\n\n\n\n<p>Un second prototype, quadriplace celui-ci, \u00e9quip\u00e9 d&#8217;un Marbor\u00e9 VI, le&nbsp;<strong>Procaer F-480<\/strong>, est pr\u00e9serv\u00e9 sur l&#8217;a\u00e9rodrome de Persan-Beaumont (LFPA).<\/p>\n\n\n\n<p>La construction du Cobra est mixte, bois et m\u00e9tal et tout le rev\u00eatement ext\u00e9rieur de l&#8217;appareil est en contreplaqu\u00e9 de bouleau recouvert d&#8217;une feuille d&#8217;aluminium pur coll\u00e9 sur toute la surface. Ce proc\u00e9d\u00e9 d\u00e9j\u00e0 &nbsp;\u00e9tudi\u00e9 pour&nbsp;le F-15 &#8220;Picchio&#8221; a \u00e9t\u00e9 utilis\u00e9 sur une vast\u00e9 \u00e9chelle par le constructeur.<\/p>\n<\/div>\n<\/div>\n\n\n\n<p>L&#8217;emploi de colles synth\u00e9tiques rend cet appareil moins sensible aux intemp\u00e9ries et \u00e0 la corrosion. Cette construction allie, en outre, plusieurs qualit\u00e9s : \u00e9lasticit\u00e9, solidit\u00e9 et facilit\u00e9 d&#8217;entretien et de r\u00e9paration. La finition est excellente et, en permettant des raccords sans irr\u00e9gularit\u00e9s, surclasse la construction m\u00e9tallique dont le prix reste prohibitif pour les petites s\u00e9ries.<\/p>\n\n\n\n<div class=\"wp-block-columns is-layout-flex wp-container-core-columns-is-layout-28f84493 wp-block-columns-is-layout-flex\">\n<div class=\"wp-block-column is-layout-flow wp-block-column-is-layout-flow\">\n<figure class=\"wp-block-image size-large\"><img loading=\"lazy\" decoding=\"async\" width=\"500\" height=\"268\" src=\"http:\/\/minijets.org\/wp-content\/uploads\/2021\/02\/Procaer_F400_Cobra_-_04.jpg\" alt=\"Procaer Cobra F400\" class=\"wp-image-3964\" srcset=\"https:\/\/minijets.org\/wp-content\/uploads\/2021\/02\/Procaer_F400_Cobra_-_04.jpg 500w, https:\/\/minijets.org\/wp-content\/uploads\/2021\/02\/Procaer_F400_Cobra_-_04-300x161.jpg 300w, https:\/\/minijets.org\/wp-content\/uploads\/2021\/02\/Procaer_F400_Cobra_-_04-18x10.jpg 18w\" sizes=\"auto, (max-width: 500px) 100vw, 500px\" \/><figcaption>Procaer F-400 Cobra avant son premier vol. Source : Journal les ailes 1960<\/figcaption><\/figure>\n<\/div>\n\n\n\n<div class=\"wp-block-column is-layout-flow wp-block-column-is-layout-flow\">\n<figure class=\"wp-block-image size-large\"><img loading=\"lazy\" decoding=\"async\" width=\"500\" height=\"276\" src=\"http:\/\/minijets.org\/wp-content\/uploads\/2020\/12\/Procaer_F400_Cobra_-_03.jpg\" alt=\"Procaer Cobra F400\" class=\"wp-image-356\" srcset=\"https:\/\/minijets.org\/wp-content\/uploads\/2020\/12\/Procaer_F400_Cobra_-_03.jpg 500w, https:\/\/minijets.org\/wp-content\/uploads\/2020\/12\/Procaer_F400_Cobra_-_03-300x166.jpg 300w, https:\/\/minijets.org\/wp-content\/uploads\/2020\/12\/Procaer_F400_Cobra_-_03-18x10.jpg 18w\" sizes=\"auto, (max-width: 500px) 100vw, 500px\" \/><figcaption>Procaer F-400 Cobra avant son premier vol.<\/figcaption><\/figure>\n<\/div>\n<\/div>\n\n\n\n<div class=\"wp-block-columns is-layout-flex wp-container-core-columns-is-layout-28f84493 wp-block-columns-is-layout-flex\">\n<div class=\"wp-block-column is-layout-flow wp-block-column-is-layout-flow\">\n<figure class=\"wp-block-image size-large\"><img loading=\"lazy\" decoding=\"async\" width=\"500\" height=\"358\" src=\"http:\/\/minijets.org\/wp-content\/uploads\/2021\/02\/Procaer_F400_Cobra_-_05.jpg\" alt=\"\" class=\"wp-image-3959\" srcset=\"https:\/\/minijets.org\/wp-content\/uploads\/2021\/02\/Procaer_F400_Cobra_-_05.jpg 500w, https:\/\/minijets.org\/wp-content\/uploads\/2021\/02\/Procaer_F400_Cobra_-_05-300x215.jpg 300w, https:\/\/minijets.org\/wp-content\/uploads\/2021\/02\/Procaer_F400_Cobra_-_05-18x12.jpg 18w\" sizes=\"auto, (max-width: 500px) 100vw, 500px\" \/><figcaption>Cobra F400, installation du r\u00e9acteur Marbore II<\/figcaption><\/figure>\n<\/div>\n\n\n\n<div class=\"wp-block-column is-layout-flow wp-block-column-is-layout-flow\">\n<figure class=\"wp-block-image size-large\"><img loading=\"lazy\" decoding=\"async\" width=\"500\" height=\"266\" src=\"http:\/\/minijets.org\/wp-content\/uploads\/2021\/02\/Procaer_F400_Cobra_-_12.jpg\" alt=\"Procaer Cobra F400\" class=\"wp-image-4682\" srcset=\"https:\/\/minijets.org\/wp-content\/uploads\/2021\/02\/Procaer_F400_Cobra_-_12.jpg 500w, https:\/\/minijets.org\/wp-content\/uploads\/2021\/02\/Procaer_F400_Cobra_-_12-300x160.jpg 300w, https:\/\/minijets.org\/wp-content\/uploads\/2021\/02\/Procaer_F400_Cobra_-_12-18x10.jpg 18w\" sizes=\"auto, (max-width: 500px) 100vw, 500px\" \/><figcaption>Procaer Cobra, Salon du Bourget 1961,. Source : Aviation week 19 juin 1961<\/figcaption><\/figure>\n<\/div>\n<\/div>\n\n\n\n<figure class=\"wp-block-image size-large\"><img loading=\"lazy\" decoding=\"async\" width=\"950\" height=\"394\" src=\"http:\/\/minijets.org\/wp-content\/uploads\/2021\/02\/Procaer_F400_Cobra_-_P3views.jpg\" alt=\"Procaer Cobra F400, P3 views\" class=\"wp-image-3960\" srcset=\"https:\/\/minijets.org\/wp-content\/uploads\/2021\/02\/Procaer_F400_Cobra_-_P3views.jpg 950w, https:\/\/minijets.org\/wp-content\/uploads\/2021\/02\/Procaer_F400_Cobra_-_P3views-300x124.jpg 300w, https:\/\/minijets.org\/wp-content\/uploads\/2021\/02\/Procaer_F400_Cobra_-_P3views-768x319.jpg 768w, https:\/\/minijets.org\/wp-content\/uploads\/2021\/02\/Procaer_F400_Cobra_-_P3views-18x7.jpg 18w\" sizes=\"auto, (max-width: 950px) 100vw, 950px\" \/><\/figure>\n\n\n\n<div class=\"wp-block-columns is-layout-flex wp-container-core-columns-is-layout-28f84493 wp-block-columns-is-layout-flex\">\n<div class=\"wp-block-column is-layout-flow wp-block-column-is-layout-flow\">\n<figure class=\"wp-block-image size-large\"><img loading=\"lazy\" decoding=\"async\" width=\"500\" height=\"351\" src=\"http:\/\/minijets.org\/wp-content\/uploads\/2021\/02\/Procaer_F400_Cobra_-_06.jpg\" alt=\"Procaer Cobra F400\" class=\"wp-image-3963\" srcset=\"https:\/\/minijets.org\/wp-content\/uploads\/2021\/02\/Procaer_F400_Cobra_-_06.jpg 500w, https:\/\/minijets.org\/wp-content\/uploads\/2021\/02\/Procaer_F400_Cobra_-_06-300x211.jpg 300w, https:\/\/minijets.org\/wp-content\/uploads\/2021\/02\/Procaer_F400_Cobra_-_06-18x12.jpg 18w\" sizes=\"auto, (max-width: 500px) 100vw, 500px\" \/><figcaption>Photo Procaer : Habitacle ouvert<\/figcaption><\/figure>\n<\/div>\n\n\n\n<div class=\"wp-block-column is-layout-flow wp-block-column-is-layout-flow\">\n<figure class=\"wp-block-image size-large\"><img loading=\"lazy\" decoding=\"async\" width=\"500\" height=\"351\" src=\"http:\/\/minijets.org\/wp-content\/uploads\/2021\/02\/Procaer_F400_Cobra_-_07.jpg\" alt=\"Procaer Cobra F400\" class=\"wp-image-3965\" srcset=\"https:\/\/minijets.org\/wp-content\/uploads\/2021\/02\/Procaer_F400_Cobra_-_07.jpg 500w, https:\/\/minijets.org\/wp-content\/uploads\/2021\/02\/Procaer_F400_Cobra_-_07-300x211.jpg 300w, https:\/\/minijets.org\/wp-content\/uploads\/2021\/02\/Procaer_F400_Cobra_-_07-18x12.jpg 18w\" sizes=\"auto, (max-width: 500px) 100vw, 500px\" \/><figcaption>Photo Procaer : Empennage vertical<\/figcaption><\/figure>\n<\/div>\n<\/div>\n\n\n\n<div class=\"wp-block-columns is-layout-flex wp-container-core-columns-is-layout-28f84493 wp-block-columns-is-layout-flex\">\n<div class=\"wp-block-column is-layout-flow wp-block-column-is-layout-flow\">\n<figure class=\"wp-block-image size-large\"><img loading=\"lazy\" decoding=\"async\" width=\"500\" height=\"347\" src=\"http:\/\/minijets.org\/wp-content\/uploads\/2021\/02\/Procaer_F400_Cobra_-_08.jpg\" alt=\"Procaer Cobra F400\" class=\"wp-image-3961\" srcset=\"https:\/\/minijets.org\/wp-content\/uploads\/2021\/02\/Procaer_F400_Cobra_-_08.jpg 500w, https:\/\/minijets.org\/wp-content\/uploads\/2021\/02\/Procaer_F400_Cobra_-_08-300x208.jpg 300w, https:\/\/minijets.org\/wp-content\/uploads\/2021\/02\/Procaer_F400_Cobra_-_08-18x12.jpg 18w\" sizes=\"auto, (max-width: 500px) 100vw, 500px\" \/><figcaption>Photo Procaer : Poste de pilotage<\/figcaption><\/figure>\n<\/div>\n\n\n\n<div class=\"wp-block-column is-layout-flow wp-block-column-is-layout-flow\">\n<figure class=\"wp-block-image size-large\"><img loading=\"lazy\" decoding=\"async\" width=\"500\" height=\"300\" src=\"http:\/\/minijets.org\/wp-content\/uploads\/2021\/02\/Procaer_F400_Cobra_-_09.jpg\" alt=\"Procaer Cobra F400\" class=\"wp-image-3962\" srcset=\"https:\/\/minijets.org\/wp-content\/uploads\/2021\/02\/Procaer_F400_Cobra_-_09.jpg 500w, https:\/\/minijets.org\/wp-content\/uploads\/2021\/02\/Procaer_F400_Cobra_-_09-300x180.jpg 300w, https:\/\/minijets.org\/wp-content\/uploads\/2021\/02\/Procaer_F400_Cobra_-_09-18x12.jpg 18w\" sizes=\"auto, (max-width: 500px) 100vw, 500px\" \/><figcaption>Photo Procaer : Accessibilit\u00e9 aux instruments<\/figcaption><\/figure>\n<\/div>\n<\/div>\n\n\n\n<div class=\"wp-block-columns is-layout-flex wp-container-core-columns-is-layout-28f84493 wp-block-columns-is-layout-flex\">\n<div class=\"wp-block-column is-layout-flow wp-block-column-is-layout-flow\">\n<figure class=\"wp-block-image size-large\"><img loading=\"lazy\" decoding=\"async\" width=\"500\" height=\"301\" src=\"http:\/\/minijets.org\/wp-content\/uploads\/2021\/02\/Procaer_F400_Cobra_-_10.jpg\" alt=\"Procaer Cobra F400\" class=\"wp-image-3958\" srcset=\"https:\/\/minijets.org\/wp-content\/uploads\/2021\/02\/Procaer_F400_Cobra_-_10.jpg 500w, https:\/\/minijets.org\/wp-content\/uploads\/2021\/02\/Procaer_F400_Cobra_-_10-300x181.jpg 300w, https:\/\/minijets.org\/wp-content\/uploads\/2021\/02\/Procaer_F400_Cobra_-_10-18x12.jpg 18w\" sizes=\"auto, (max-width: 500px) 100vw, 500px\" \/><figcaption>Photo Procaer : Train d&#8217;atterrissage principal<\/figcaption><\/figure>\n<\/div>\n\n\n\n<div class=\"wp-block-column is-layout-flow wp-block-column-is-layout-flow\">\n<figure class=\"wp-block-image size-large\"><img loading=\"lazy\" decoding=\"async\" width=\"500\" height=\"301\" src=\"http:\/\/minijets.org\/wp-content\/uploads\/2021\/02\/Procaer_F400_Cobra_-_11.jpg\" alt=\"Procaer Cobra F400\" class=\"wp-image-3966\" srcset=\"https:\/\/minijets.org\/wp-content\/uploads\/2021\/02\/Procaer_F400_Cobra_-_11.jpg 500w, https:\/\/minijets.org\/wp-content\/uploads\/2021\/02\/Procaer_F400_Cobra_-_11-300x181.jpg 300w, https:\/\/minijets.org\/wp-content\/uploads\/2021\/02\/Procaer_F400_Cobra_-_11-18x12.jpg 18w\" sizes=\"auto, (max-width: 500px) 100vw, 500px\" \/><figcaption>Photo Procaer : Volet en position basse<\/figcaption><\/figure>\n<\/div>\n<\/div>","protected":false},"excerpt":{"rendered":"<p>En&nbsp;1960, sous la direction de&nbsp;Stelio Frati, &nbsp;la Procaer a construit le&nbsp;Cobra F.400, un superbe biplace, propuls\u00e9 par un r\u00e9acteur Turbomeca Marbor\u00e9 II, et principalement destin\u00e9 \u00e0 l&#8217;entrainement des pilotes sur avion \u00e0 r\u00e9action. Le Procaer Cobra F400 a fait son premier vol le 16 November 1960. Les essais en vol, et l&#8217;obtention du certificat de [&hellip;]<\/p>","protected":false},"author":1,"featured_media":4208,"parent":3923,"menu_order":0,"comment_status":"closed","ping_status":"closed","template":"","meta":{"_acf_changed":false,"cybocfi_hide_featured_image":"","footnotes":""},"categories":[20],"tags":[],"planes-000-100":[],"class_list":["post-4670","page","type-page","status-publish","has-post-thumbnail","hentry","category-plane-300-500"],"blocksy_meta":[],"acf":[],"_links":{"self":[{"href":"http:\/\/minijets.org\/en\/wp-json\/wp\/v2\/pages\/4670","targetHints":{"allow":["GET"]}}],"collection":[{"href":"http:\/\/minijets.org\/en\/wp-json\/wp\/v2\/pages"}],"about":[{"href":"http:\/\/minijets.org\/en\/wp-json\/wp\/v2\/types\/page"}],"author":[{"embeddable":true,"href":"http:\/\/minijets.org\/en\/wp-json\/wp\/v2\/users\/1"}],"replies":[{"embeddable":true,"href":"http:\/\/minijets.org\/en\/wp-json\/wp\/v2\/comments?post=4670"}],"version-history":[{"count":0,"href":"http:\/\/minijets.org\/en\/wp-json\/wp\/v2\/pages\/4670\/revisions"}],"up":[{"embeddable":true,"href":"http:\/\/minijets.org\/en\/wp-json\/wp\/v2\/pages\/3923"}],"wp:featuredmedia":[{"embeddable":true,"href":"http:\/\/minijets.org\/en\/wp-json\/wp\/v2\/media\/4208"}],"wp:attachment":[{"href":"http:\/\/minijets.org\/en\/wp-json\/wp\/v2\/media?parent=4670"}],"wp:term":[{"taxonomy":"category","embeddable":true,"href":"http:\/\/minijets.org\/en\/wp-json\/wp\/v2\/categories?post=4670"},{"taxonomy":"post_tag","embeddable":true,"href":"http:\/\/minijets.org\/en\/wp-json\/wp\/v2\/tags?post=4670"},{"taxonomy":"planes-000-100","embeddable":true,"href":"http:\/\/minijets.org\/en\/wp-json\/wp\/v2\/planes-000-100?post=4670"}],"curies":[{"name":"wp","href":"https:\/\/api.w.org\/{rel}","templated":true}]}}