{"id":4725,"date":"2021-02-17T16:31:12","date_gmt":"2021-02-17T15:31:12","guid":{"rendered":"http:\/\/tst.minijets.org\/?page_id=4725"},"modified":"2022-11-18T17:46:36","modified_gmt":"2022-11-18T16:46:36","slug":"projets-marborej69","status":"publish","type":"page","link":"http:\/\/minijets.org\/en\/300-500\/turbomeca-marbore\/projets-marborej69\/","title":{"rendered":"Projets Marbore \/ J69"},"content":{"rendered":"<h2 class=\"wp-block-heading\"><strong>Projets d&#8217;avions \u00e9quip\u00e9s de Marbore\/J69<\/strong><\/h2>\n\n\n\n<p><\/p>\n\n\n        <div class=\"wp-block-getwid-custom-post-type custom-post-type-page has-layout-list\">\n            <div class=\"wp-block-getwid-custom-post-type__wrapper\">\n                \t\t\t\t\t\t\t\t<div class='wp-block-getwid-custom-post-type__post'>\n\t\t\t\t\t\t\t\t\t\n<div class=\"wp-block-columns is-layout-flex wp-container-core-columns-is-layout-28f84493 wp-block-columns-is-layout-flex\">\n<div class=\"wp-block-column is-layout-flow wp-block-column-is-layout-flow\" style=\"flex-basis:25%\">\n<div class=\"wp-block-getwid-template-post-featured-image\" >\n            <a href=\"http:\/\/minijets.org\/en\/300-500\/turbomeca-marbore\/projets-marborej69\/ambrosini-p-18\/\">\n        <img loading=\"lazy\" decoding=\"async\" width=\"657\" height=\"367\" src=\"https:\/\/minijets.org\/wp-content\/uploads\/2022\/11\/Ambrisini-P18.webp\" class=\"attachment-full size-full wp-post-image\" alt=\"Ambrosini P.18\" srcset=\"https:\/\/minijets.org\/wp-content\/uploads\/2022\/11\/Ambrisini-P18.webp 657w, https:\/\/minijets.org\/wp-content\/uploads\/2022\/11\/Ambrisini-P18-18x10.webp 18w, https:\/\/minijets.org\/wp-content\/uploads\/2022\/11\/Ambrisini-P18-300x168.webp 300w\" sizes=\"auto, (max-width: 657px) 100vw, 657px\" \/>            <\/a>\n    <\/div>\n<\/div>\n\n\n\n<div class=\"wp-block-column is-layout-flow wp-block-column-is-layout-flow\" style=\"flex-basis:75%\">\n<h3 class=\"wp-block-getwid-template-post-title minijets_custom_title\"><a class=\"wp-block-getwid-template-post-title__link\" href=\"http:\/\/minijets.org\/en\/300-500\/turbomeca-marbore\/projets-marborej69\/ambrosini-p-18\/\">Ambrosini P.18<\/a><\/h3>\n\n\n<div class=\"wp-block-getwid-template-acf-wysiwyg custom-field-sous-titre\"  style=\"font-weight: bold;font-size: 15px;\">\n    <\/div>\n\n\n\n<div class=\"wp-block-getwid-template-post-content is-excerpt\" ><p>L&#8217;Ambrosini P.18 est un projet d&#8217;avion biplace d&#8217;entrainement c\u00f4te \u00e0 c\u00f4te &#8220;ab initio&#8221; \u00e9tudi\u00e9 par Ermenegildo Preti pour le compte d&#8217;Ambrosini en 1955. Il devait \u00eatre \u00e9quip\u00e9 d&#8217;un r\u00e9acteur Turbomeca Marbore II, aliment\u00e9 par une entr\u00e9e d&#8217;air frontale, avec une \u00e9jection arri\u00e8re situ\u00e9e sous le fuselage en arri\u00e8re du bord de fuite de l&#8217;aile. L&#8217;aile&hellip;<\/p><\/div>\n\n\n\n<div class=\"wp-block-getwid-template-post-button wp-block-button minijets_custom_button\" >\n    <a href=\"http:\/\/minijets.org\/en\/300-500\/turbomeca-marbore\/projets-marborej69\/ambrosini-p-18\/\" class=\"wp-block-button__link has-background has-white-background-color has-text-color has-vivid-cyan-blue-color\">\n\t\tRead More\t<\/a>\n<\/div>\n\n\n<\/div>\n<\/div>\n\t\t\t\t\t\t\t\t<\/div>\n\t\t\t\t\t\t\t\t\t\t\t\t\t\t\t<div class='wp-block-getwid-custom-post-type__post'>\n\t\t\t\t\t\t\t\t\t\n<div class=\"wp-block-columns is-layout-flex wp-container-core-columns-is-layout-28f84493 wp-block-columns-is-layout-flex\">\n<div class=\"wp-block-column is-layout-flow wp-block-column-is-layout-flow\" style=\"flex-basis:25%\">\n<div class=\"wp-block-getwid-template-post-featured-image\" >\n            <a href=\"http:\/\/minijets.org\/en\/300-500\/turbomeca-marbore\/projets-marborej69\/projet-delanne-d-300\/\">\n        <img loading=\"lazy\" decoding=\"async\" width=\"500\" height=\"365\" src=\"https:\/\/minijets.org\/wp-content\/uploads\/2021\/02\/Delanne_D300_01.jpg\" class=\"attachment-full size-full wp-post-image\" alt=\"Projet Delanne D-300\" srcset=\"https:\/\/minijets.org\/wp-content\/uploads\/2021\/02\/Delanne_D300_01.jpg 500w, https:\/\/minijets.org\/wp-content\/uploads\/2021\/02\/Delanne_D300_01-300x219.jpg 300w, https:\/\/minijets.org\/wp-content\/uploads\/2021\/02\/Delanne_D300_01-16x12.jpg 16w\" sizes=\"auto, (max-width: 500px) 100vw, 500px\" \/>            <\/a>\n    <\/div>\n<\/div>\n\n\n\n<div class=\"wp-block-column is-layout-flow wp-block-column-is-layout-flow\" style=\"flex-basis:75%\">\n<h3 class=\"wp-block-getwid-template-post-title minijets_custom_title\"><a class=\"wp-block-getwid-template-post-title__link\" href=\"http:\/\/minijets.org\/en\/300-500\/turbomeca-marbore\/projets-marborej69\/projet-delanne-d-300\/\">Projet Delanne D-300<\/a><\/h3>\n\n\n<div class=\"wp-block-getwid-template-acf-wysiwyg custom-field-sous-titre\"  style=\"font-weight: bold;font-size: 15px;\">\n    <\/div>\n\n\n\n<div class=\"wp-block-getwid-template-post-content is-excerpt\" ><p>En 1961, l&#8217;ing\u00e9nieur Maurice Delanne a pr\u00e9sent\u00e9 un projet d&#8217;avion de grand tourisme (ou de transport postal) \u00e0 r\u00e9action. Ce nouvel avion, le Delanne D-300 utilisait la formule du biplan sans queue \u00e0\u00a0 voilure d\u00e9cal\u00e9es. Il devait \u00eatre propuls\u00e9 par 2 r\u00e9acteurs\u00a0\u00a0Turbomeca Marbor\u00e9 II\u00a0 Tout commence en 1960, lorsque Maurice Delanne rentre des Etats-Unis o\u00f9&hellip;<\/p><\/div>\n\n\n\n<div class=\"wp-block-getwid-template-post-button wp-block-button minijets_custom_button\" >\n    <a href=\"http:\/\/minijets.org\/en\/300-500\/turbomeca-marbore\/projets-marborej69\/projet-delanne-d-300\/\" class=\"wp-block-button__link has-background has-white-background-color has-text-color has-vivid-cyan-blue-color\">\n\t\tRead More\t<\/a>\n<\/div>\n\n\n<\/div>\n<\/div>\n\t\t\t\t\t\t\t\t<\/div>\n\t\t\t\t\t\t\t\t\t\t\t\t\t\t\t<div class='wp-block-getwid-custom-post-type__post'>\n\t\t\t\t\t\t\t\t\t\n<div class=\"wp-block-columns is-layout-flex wp-container-core-columns-is-layout-28f84493 wp-block-columns-is-layout-flex\">\n<div class=\"wp-block-column is-layout-flow wp-block-column-is-layout-flow\" style=\"flex-basis:25%\">\n<div class=\"wp-block-getwid-template-post-featured-image\" >\n            <a href=\"http:\/\/minijets.org\/en\/300-500\/turbomeca-marbore\/projets-marborej69\/messerschmitt-me-p-308\/\">\n        <img loading=\"lazy\" decoding=\"async\" width=\"500\" height=\"371\" src=\"https:\/\/minijets.org\/wp-content\/uploads\/2021\/02\/Messerschmitt_P308_Jet_taifun_02.jpg\" class=\"attachment-full size-full wp-post-image\" alt=\"Projet Me P308 Jet-Taifun\" srcset=\"https:\/\/minijets.org\/wp-content\/uploads\/2021\/02\/Messerschmitt_P308_Jet_taifun_02.jpg 500w, https:\/\/minijets.org\/wp-content\/uploads\/2021\/02\/Messerschmitt_P308_Jet_taifun_02-300x223.jpg 300w, https:\/\/minijets.org\/wp-content\/uploads\/2021\/02\/Messerschmitt_P308_Jet_taifun_02-16x12.jpg 16w\" sizes=\"auto, (max-width: 500px) 100vw, 500px\" \/>            <\/a>\n    <\/div>\n<\/div>\n\n\n\n<div class=\"wp-block-column is-layout-flow wp-block-column-is-layout-flow\" style=\"flex-basis:75%\">\n<h3 class=\"wp-block-getwid-template-post-title minijets_custom_title\"><a class=\"wp-block-getwid-template-post-title__link\" href=\"http:\/\/minijets.org\/en\/300-500\/turbomeca-marbore\/projets-marborej69\/messerschmitt-me-p-308\/\">Projet Me P308 Jet-Taifun<\/a><\/h3>\n\n\n<div class=\"wp-block-getwid-template-acf-wysiwyg custom-field-sous-titre\"  style=\"font-weight: bold;font-size: 15px;\">\n    <\/div>\n\n\n\n<div class=\"wp-block-getwid-template-post-content is-excerpt\" ><p>Paris 1963.\u00a0After extensive market research Messerschmitt presentes three new aircraft projects in model form. The first (the one we are talking about here) was the Me P308 Jet-Taifun, a 5\/6-seat executive and training aircraft with two Turbomeca Marbore turbojets. The makers state: &#8220;The direct operating costs per flight mile and passenger&nbsp;are about 50 per cent&hellip;<\/p><\/div>\n\n\n\n<div class=\"wp-block-getwid-template-post-button wp-block-button minijets_custom_button\" >\n    <a href=\"http:\/\/minijets.org\/en\/300-500\/turbomeca-marbore\/projets-marborej69\/messerschmitt-me-p-308\/\" class=\"wp-block-button__link has-background has-white-background-color has-text-color has-vivid-cyan-blue-color\">\n\t\tRead More\t<\/a>\n<\/div>\n\n\n<\/div>\n<\/div>\n\t\t\t\t\t\t\t\t<\/div>\n\t\t\t\t\t\t\t\t\t\t\t\t\t\t\t<div class='wp-block-getwid-custom-post-type__post'>\n\t\t\t\t\t\t\t\t\t\n<div class=\"wp-block-columns is-layout-flex wp-container-core-columns-is-layout-28f84493 wp-block-columns-is-layout-flex\">\n<div class=\"wp-block-column is-layout-flow wp-block-column-is-layout-flow\" style=\"flex-basis:25%\">\n<div class=\"wp-block-getwid-template-post-featured-image\" >\n            <a href=\"http:\/\/minijets.org\/en\/300-500\/turbomeca-marbore\/projets-marborej69\/ryan-model-59\/\">\n        <img loading=\"lazy\" decoding=\"async\" width=\"862\" height=\"925\" src=\"https:\/\/minijets.org\/wp-content\/uploads\/2021\/02\/Ryan_model_29_02.jpg\" class=\"attachment-full size-full wp-post-image\" alt=\"Projet Ryan Model 59\" srcset=\"https:\/\/minijets.org\/wp-content\/uploads\/2021\/02\/Ryan_model_29_02.jpg 862w, https:\/\/minijets.org\/wp-content\/uploads\/2021\/02\/Ryan_model_29_02-280x300.jpg 280w, https:\/\/minijets.org\/wp-content\/uploads\/2021\/02\/Ryan_model_29_02-768x824.jpg 768w, https:\/\/minijets.org\/wp-content\/uploads\/2021\/02\/Ryan_model_29_02-11x12.jpg 11w\" sizes=\"auto, (max-width: 862px) 100vw, 862px\" \/>            <\/a>\n    <\/div>\n<\/div>\n\n\n\n<div class=\"wp-block-column is-layout-flow wp-block-column-is-layout-flow\" style=\"flex-basis:75%\">\n<h3 class=\"wp-block-getwid-template-post-title minijets_custom_title\"><a class=\"wp-block-getwid-template-post-title__link\" href=\"http:\/\/minijets.org\/en\/300-500\/turbomeca-marbore\/projets-marborej69\/ryan-model-59\/\">Projet Ryan Model 59<\/a><\/h3>\n\n\n<div class=\"wp-block-getwid-template-acf-wysiwyg custom-field-sous-titre\"  style=\"font-weight: bold;font-size: 15px;\">\n    <\/div>\n\n\n\n<div class=\"wp-block-getwid-template-post-content is-excerpt\" ><p>[svg-flag flag=&#8221;us&#8221; size=&#8221;1.1&#8243; size_unit=em] The Ryan Aeronautical Company With the Projet Ryan Model 59 Primary Phase Trainer, Ryan wanted to offer an unusual opportunity to conduct a test program in a single&nbsp;airframe with both the Allison engine and the dual Marbore installation, as well as with&nbsp;any other power plants which can be provided. Flexibility of&hellip;<\/p><\/div>\n\n\n\n<div class=\"wp-block-getwid-template-post-button wp-block-button minijets_custom_button\" >\n    <a href=\"http:\/\/minijets.org\/en\/300-500\/turbomeca-marbore\/projets-marborej69\/ryan-model-59\/\" class=\"wp-block-button__link has-background has-white-background-color has-text-color has-vivid-cyan-blue-color\">\n\t\tRead More\t<\/a>\n<\/div>\n\n\n<\/div>\n<\/div>\n\t\t\t\t\t\t\t\t<\/div>\n\t\t\t\t\t\t\t\t\t\t\t\t\t\t\t<div class='wp-block-getwid-custom-post-type__post'>\n\t\t\t\t\t\t\t\t\t\n<div class=\"wp-block-columns is-layout-flex wp-container-core-columns-is-layout-28f84493 wp-block-columns-is-layout-flex\">\n<div class=\"wp-block-column is-layout-flow wp-block-column-is-layout-flow\" style=\"flex-basis:25%\">\n<div class=\"wp-block-getwid-template-post-featured-image\" >\n            <a href=\"http:\/\/minijets.org\/en\/300-500\/turbomeca-marbore\/projets-marborej69\/projet-shin-meiwa-kjt-1\/\">\n        <img loading=\"lazy\" decoding=\"async\" width=\"330\" height=\"245\" src=\"https:\/\/minijets.org\/wp-content\/uploads\/2021\/02\/Mini_KJT1.jpg\" class=\"attachment-full size-full wp-post-image\" alt=\"Projet Shin Meiwa KJT-1\" srcset=\"https:\/\/minijets.org\/wp-content\/uploads\/2021\/02\/Mini_KJT1.jpg 330w, https:\/\/minijets.org\/wp-content\/uploads\/2021\/02\/Mini_KJT1-300x223.jpg 300w, https:\/\/minijets.org\/wp-content\/uploads\/2021\/02\/Mini_KJT1-16x12.jpg 16w\" sizes=\"auto, (max-width: 330px) 100vw, 330px\" \/>            <\/a>\n    <\/div>\n<\/div>\n\n\n\n<div class=\"wp-block-column is-layout-flow wp-block-column-is-layout-flow\" style=\"flex-basis:75%\">\n<h3 class=\"wp-block-getwid-template-post-title minijets_custom_title\"><a class=\"wp-block-getwid-template-post-title__link\" href=\"http:\/\/minijets.org\/en\/300-500\/turbomeca-marbore\/projets-marborej69\/projet-shin-meiwa-kjt-1\/\">Projet Shin Meiwa KJT-1<\/a><\/h3>\n\n\n<div class=\"wp-block-getwid-template-acf-wysiwyg custom-field-sous-titre\"  style=\"font-weight: bold;font-size: 15px;\">\n    <\/div>\n\n\n\n<div class=\"wp-block-getwid-template-post-content is-excerpt\" ><p>[svg-flag flag=&#8221;jp&#8221; size=&#8221;1.1&#8243; size_unit=em] Shin Meiwa Industry Project KJT-1 In 1955, RAF Flying Review published an article on the five jet trainer designs competing for orders from the Japanese Air Defense Force.&nbsp;We find there: The Fuji FJT-51The Fuji FJT-21The Mitsubishi JTM-1The Kawasaki-Gifu KAT-2The Shin Meija KJT-1 The Shin Meiwa KJT-1 basic&nbsp;trainer was designed for&nbsp;two 900&hellip;<\/p><\/div>\n\n\n\n<div class=\"wp-block-getwid-template-post-button wp-block-button minijets_custom_button\" >\n    <a href=\"http:\/\/minijets.org\/en\/300-500\/turbomeca-marbore\/projets-marborej69\/projet-shin-meiwa-kjt-1\/\" class=\"wp-block-button__link has-background has-white-background-color has-text-color has-vivid-cyan-blue-color\">\n\t\tRead More\t<\/a>\n<\/div>\n\n\n<\/div>\n<\/div>\n\t\t\t\t\t\t\t\t<\/div>\n\t\t\t\t\t\t\t\t\t\t\t\t\t\t\t<div class='wp-block-getwid-custom-post-type__post'>\n\t\t\t\t\t\t\t\t\t\n<div class=\"wp-block-columns is-layout-flex wp-container-core-columns-is-layout-28f84493 wp-block-columns-is-layout-flex\">\n<div class=\"wp-block-column is-layout-flow wp-block-column-is-layout-flow\" style=\"flex-basis:25%\">\n<div class=\"wp-block-getwid-template-post-featured-image\" >\n            <a href=\"http:\/\/minijets.org\/en\/300-500\/turbomeca-marbore\/projets-marborej69\/projet-sipa-300r\/\">\n        <img loading=\"lazy\" decoding=\"async\" width=\"330\" height=\"245\" src=\"https:\/\/minijets.org\/wp-content\/uploads\/2021\/02\/Mini_S300R.jpg\" class=\"attachment-full size-full wp-post-image\" alt=\"Projet SIPA 300R\" srcset=\"https:\/\/minijets.org\/wp-content\/uploads\/2021\/02\/Mini_S300R.jpg 330w, https:\/\/minijets.org\/wp-content\/uploads\/2021\/02\/Mini_S300R-300x223.jpg 300w, https:\/\/minijets.org\/wp-content\/uploads\/2021\/02\/Mini_S300R-16x12.jpg 16w\" sizes=\"auto, (max-width: 330px) 100vw, 330px\" \/>            <\/a>\n    <\/div>\n<\/div>\n\n\n\n<div class=\"wp-block-column is-layout-flow wp-block-column-is-layout-flow\" style=\"flex-basis:75%\">\n<h3 class=\"wp-block-getwid-template-post-title minijets_custom_title\"><a class=\"wp-block-getwid-template-post-title__link\" href=\"http:\/\/minijets.org\/en\/300-500\/turbomeca-marbore\/projets-marborej69\/projet-sipa-300r\/\">Projet SIPA 300R<\/a><\/h3>\n\n\n<div class=\"wp-block-getwid-template-acf-wysiwyg custom-field-sous-titre\"  style=\"font-weight: bold;font-size: 15px;\">\n    <\/div>\n\n\n\n<div class=\"wp-block-getwid-template-post-content is-excerpt\" ><p>Etudi\u00e9 par Yves Gardan, le&nbsp;SIPA 300R&nbsp;devait \u00eatre un appareil biplace en tandem, mono-r\u00e9acteur. Il \u00e9tait issu des \u00e9tudes du SIPA 300 par augmentation de la taille, la mise en place d&#8217;un r\u00e9acteur Marbore en lieu et place du Palas, et d&#8217;une avionique adapt\u00e9e. Le choix du Fouga magister par l&#8217;arm\u00e9e de l&#8217;air mettra un point&hellip;<\/p><\/div>\n\n\n\n<div class=\"wp-block-getwid-template-post-button wp-block-button minijets_custom_button\" >\n    <a href=\"http:\/\/minijets.org\/en\/300-500\/turbomeca-marbore\/projets-marborej69\/projet-sipa-300r\/\" class=\"wp-block-button__link has-background has-white-background-color has-text-color has-vivid-cyan-blue-color\">\n\t\tRead More\t<\/a>\n<\/div>\n\n\n<\/div>\n<\/div>\n\t\t\t\t\t\t\t\t<\/div>\n\t\t\t\t\t\t\t            <\/div>\n\n                    <\/div>","protected":false},"excerpt":{"rendered":"<p>Projets d&#8217;avions \u00e9quip\u00e9s de Marbore\/J69<\/p>","protected":false},"author":1,"featured_media":0,"parent":3923,"menu_order":0,"comment_status":"closed","ping_status":"closed","template":"","meta":{"_acf_changed":false,"cybocfi_hide_featured_image":"","footnotes":""},"categories":[],"tags":[],"planes-000-100":[],"class_list":["post-4725","page","type-page","status-publish","hentry"],"blocksy_meta":[],"acf":[],"_links":{"self":[{"href":"http:\/\/minijets.org\/en\/wp-json\/wp\/v2\/pages\/4725","targetHints":{"allow":["GET"]}}],"collection":[{"href":"http:\/\/minijets.org\/en\/wp-json\/wp\/v2\/pages"}],"about":[{"href":"http:\/\/minijets.org\/en\/wp-json\/wp\/v2\/types\/page"}],"author":[{"embeddable":true,"href":"http:\/\/minijets.org\/en\/wp-json\/wp\/v2\/users\/1"}],"replies":[{"embeddable":true,"href":"http:\/\/minijets.org\/en\/wp-json\/wp\/v2\/comments?post=4725"}],"version-history":[{"count":0,"href":"http:\/\/minijets.org\/en\/wp-json\/wp\/v2\/pages\/4725\/revisions"}],"up":[{"embeddable":true,"href":"http:\/\/minijets.org\/en\/wp-json\/wp\/v2\/pages\/3923"}],"wp:attachment":[{"href":"http:\/\/minijets.org\/en\/wp-json\/wp\/v2\/media?parent=4725"}],"wp:term":[{"taxonomy":"category","embeddable":true,"href":"http:\/\/minijets.org\/en\/wp-json\/wp\/v2\/categories?post=4725"},{"taxonomy":"post_tag","embeddable":true,"href":"http:\/\/minijets.org\/en\/wp-json\/wp\/v2\/tags?post=4725"},{"taxonomy":"planes-000-100","embeddable":true,"href":"http:\/\/minijets.org\/en\/wp-json\/wp\/v2\/planes-000-100?post=4725"}],"curies":[{"name":"wp","href":"https:\/\/api.w.org\/{rel}","templated":true}]}}