{"id":4731,"date":"2021-02-17T16:53:48","date_gmt":"2021-02-17T15:53:48","guid":{"rendered":"http:\/\/tst.minijets.org\/?page_id=4731"},"modified":"2022-10-03T10:02:59","modified_gmt":"2022-10-03T08:02:59","slug":"projet-delanne-d-300","status":"publish","type":"page","link":"http:\/\/minijets.org\/en\/300-500\/turbomeca-marbore\/projets-marborej69\/projet-delanne-d-300\/","title":{"rendered":"Projet Delanne D-300"},"content":{"rendered":"<p>En 1961, l&#8217;ing\u00e9nieur <strong>Maurice Delanne<\/strong> a pr\u00e9sent\u00e9 un projet d&#8217;avion de grand tourisme (ou de transport postal) \u00e0 r\u00e9action. Ce nouvel avion, le <strong>Delanne D-300<\/strong> utilisait la formule du biplan sans queue \u00e0\u00a0 voilure d\u00e9cal\u00e9es. Il devait \u00eatre propuls\u00e9 par 2 r\u00e9acteurs\u00a0\u00a0Turbomeca <strong>Marbor\u00e9 II<\/strong>\u00a0<\/p>\n\n\n\n<p>Tout commence en 1960, lorsque Maurice Delanne rentre des Etats-Unis o\u00f9 il \u00e9tait install\u00e9 depuis la fin de la guerre. Il en revient avec l&#8217;id\u00e9e que l&#8217;av\u00e8nement de la propulsion par r\u00e9action correspond \u00e0\u00a0 l&#8217;augmentation des longueurs de piste et que cela\u00a0va \u00e0\u00a0 l&#8217;encontre du d\u00e9veloppement de l&#8217;avion d&#8217;affaires \u00e0\u00a0 r\u00e9action pure.<\/p>\n\n\n\n<div class=\"wp-block-columns is-layout-flex wp-container-core-columns-is-layout-28f84493 wp-block-columns-is-layout-flex\">\n<div class=\"wp-block-column is-layout-flow wp-block-column-is-layout-flow\">\n<figure class=\"wp-block-image size-large\"><img loading=\"lazy\" decoding=\"async\" width=\"500\" height=\"365\" src=\"http:\/\/minijets.org\/wp-content\/uploads\/2021\/02\/Delanne_D300_01.jpg\" alt=\"Projet Delanne D-300.\" class=\"wp-image-4131\" srcset=\"https:\/\/minijets.org\/wp-content\/uploads\/2021\/02\/Delanne_D300_01.jpg 500w, https:\/\/minijets.org\/wp-content\/uploads\/2021\/02\/Delanne_D300_01-300x219.jpg 300w, https:\/\/minijets.org\/wp-content\/uploads\/2021\/02\/Delanne_D300_01-16x12.jpg 16w\" sizes=\"auto, (max-width: 500px) 100vw, 500px\" \/><figcaption>Projet Delanne D-300. source : journal les Ailes du 21 juillet 1961<\/figcaption><\/figure>\n<\/div>\n\n\n\n<div class=\"wp-block-column minijets_table is-layout-flow wp-block-column-is-layout-flow\" style=\"flex-basis:40%\">\n<p>Les jets d&#8217;affaires de l&#8217;\u00e9poque auraient du pouvoir utiliser un grand nombre de terrains alors qu&#8217;ils en \u00e9taient r\u00e9duit de se limiter\u00a0aux luxueuses et longues pistes cr\u00e9\u00e9es sp\u00e9cialement pour les avions de transport ou les appareils militaires.<\/p>\n\n\n\n<p>Cet \u00e9tat de fait est d&#8217;abord&nbsp;d\u00fb aux&nbsp;charges alaires s&#8217;accroissent, puis&nbsp;parce que le turbor\u00e9acteur m\u00eame \u00e0&nbsp; double flux est, \u00e0&nbsp; cette \u00e9poque, mal adapt\u00e9 aux faibles vitesses de translation des phases de d\u00e9collage et d&#8217;atterrissage.<\/p>\n<\/div>\n<\/div>\n\n\n\n<p>Bien que Maurice Delanne ait prouv\u00e9 la valeur de ses concepts,&nbsp;&nbsp;les chiffres qu&#8217;il avance pour son D-1300 sont surprenants (voir caract\u00e9ristiques ci-contre).<\/p>\n\n\n\n<p>Ces performances devaient \u00eatre&nbsp;obtenues avec une charge alaire maximale de 157 kg\/m\u00b2 et 800 kg (Marbor\u00e9 II) de pouss\u00e9e totale, soit un rapport poids pouss\u00e9e de 3.9 puisque le poids total au d\u00e9collage&nbsp;\u00e9tait de 3 145 kg. L&#8217;\u00e9cart de vitesse atteint donc 9, chiffre in\u00e9gal\u00e9 pour un appareil de cette classe.<\/p>\n\n\n\n<p>Sur le plan a\u00e9rodynamique. On note l&#8217;utilisation de deux voilures \u00ab delta \u00bb, et le montage sur la seule aile arri\u00e8re&nbsp;&nbsp;des gouvernes de profondeur et de gauchissement. Cette disposition (d\u00e9cid\u00e9e apr\u00e8s l&#8217;exp\u00e9rience en vol des appareils pr\u00e9c\u00e9dents) d\u00e9gage enti\u00e8rement l&#8217;aile avant, qui peut ainsi \u00eatre pourvue d&#8217;un syst\u00e8me d&#8217;hypersustentation optimum.<\/p>\n\n\n\n<div class=\"wp-block-columns is-layout-flex wp-container-core-columns-is-layout-28f84493 wp-block-columns-is-layout-flex\">\n<div class=\"wp-block-column is-layout-flow wp-block-column-is-layout-flow\">\n<p>Chaque voilure&nbsp;avait&nbsp;une fl\u00e8che au bord d&#8217;attaque de 65\u00b0 (et 10\u00b0 au bord de fuite), et une surface de 10 m\u00c2\u00b2, Le profil est un&nbsp;Naca 65 006&nbsp;\u00e0&nbsp; calage constant. L&#8217;aile avant portait des volets \u00e0&nbsp; recul (15,5 %) avec d\u00e9flecteur dont le braquage peut atteindre 60\u00b0. Leur commande devait \u00eatre&nbsp;\u00e9lectrique. L&#8217;aile arri\u00e8re portait des ailerons constitu\u00e9s en fait par les extr\u00e9mit\u00e9s de la voilure pivotant autour d&#8217;un axe perpendiculaire au plan de sym\u00e9trie de l&#8217;avion (comme sur le Short SB4 Sherpa de 1953).<\/p>\n\n\n\n<p>Maurice Delanne proposait, \u00e9tant donn\u00e9 la faible dimension de chaque demi-voilure, de pr\u00e9voir leur fabrication en demi-coquille d&#8217;alliage l\u00e9ger coul\u00e9 (les rev\u00eatements d&#8217;extrados et d&#8217;intrados \u00e9tant identiques.<\/p>\n\n\n\n<p>Le fuselage pouvait contenir six passagers, aura une structure, \u00e0&nbsp; 4 longerons avec cadres principaux ou secondaires et rev\u00eatement travaillant en alliage l\u00e9ger.<\/p>\n<\/div>\n\n\n\n<div class=\"wp-block-column is-layout-flow wp-block-column-is-layout-flow\">\n<figure class=\"wp-block-image size-large\"><img loading=\"lazy\" decoding=\"async\" width=\"500\" height=\"402\" src=\"http:\/\/minijets.org\/wp-content\/uploads\/2021\/02\/Delanne_D300_P3views.jpg\" alt=\"Delanne D-300, plan 3 vues\" class=\"wp-image-4137\" srcset=\"https:\/\/minijets.org\/wp-content\/uploads\/2021\/02\/Delanne_D300_P3views.jpg 500w, https:\/\/minijets.org\/wp-content\/uploads\/2021\/02\/Delanne_D300_P3views-300x241.jpg 300w, https:\/\/minijets.org\/wp-content\/uploads\/2021\/02\/Delanne_D300_P3views-15x12.jpg 15w\" sizes=\"auto, (max-width: 500px) 100vw, 500px\" \/><figcaption>Delanne D-300, plan 3 vues. Source : Philippe Bezard d&#8217;apr\u00e8s le journal les Ailes<\/figcaption><\/figure>\n<\/div>\n<\/div>\n\n\n\n<p>Le train principal s&#8217;escamotait en se repliant lat\u00e9ralement dans le fuselage, gr\u00e2ce \u00e0&nbsp; un syst\u00e8me de parall\u00e9logramme. La roue avant, directrice, se repliait dans la pointe avant du fuselage.<\/p>\n\n\n\n<p>Les deux r\u00e9acteurs \u00e9taient accol\u00e9s de chaque c\u00f4t\u00e9 du fuselage, leur alimentation en air \u00e9tait assur\u00e9e quelle que soit l&#8217;Incidence de l&#8217;appareil gr\u00e2ce, pr\u00e9cis\u00e9ment, \u00e0&nbsp; l&#8217;interaction a\u00e9rodynamique entre les deux voilures.<\/p>","protected":false},"excerpt":{"rendered":"<p>En 1961, l&#8217;ing\u00e9nieur Maurice Delanne a pr\u00e9sent\u00e9 un projet d&#8217;avion de grand tourisme (ou de transport postal) \u00e0 r\u00e9action. Ce nouvel avion, le Delanne D-300 utilisait la formule du biplan sans queue \u00e0\u00a0 voilure d\u00e9cal\u00e9es. Il devait \u00eatre propuls\u00e9 par 2 r\u00e9acteurs\u00a0\u00a0Turbomeca Marbor\u00e9 II\u00a0 Tout commence en 1960, lorsque Maurice Delanne rentre des Etats-Unis o\u00f9 [&hellip;]<\/p>","protected":false},"author":1,"featured_media":4131,"parent":4725,"menu_order":0,"comment_status":"closed","ping_status":"closed","template":"","meta":{"_acf_changed":false,"cybocfi_hide_featured_image":"","footnotes":""},"categories":[20],"tags":[],"planes-000-100":[],"class_list":["post-4731","page","type-page","status-publish","has-post-thumbnail","hentry","category-plane-300-500"],"blocksy_meta":[],"acf":[],"_links":{"self":[{"href":"http:\/\/minijets.org\/en\/wp-json\/wp\/v2\/pages\/4731","targetHints":{"allow":["GET"]}}],"collection":[{"href":"http:\/\/minijets.org\/en\/wp-json\/wp\/v2\/pages"}],"about":[{"href":"http:\/\/minijets.org\/en\/wp-json\/wp\/v2\/types\/page"}],"author":[{"embeddable":true,"href":"http:\/\/minijets.org\/en\/wp-json\/wp\/v2\/users\/1"}],"replies":[{"embeddable":true,"href":"http:\/\/minijets.org\/en\/wp-json\/wp\/v2\/comments?post=4731"}],"version-history":[{"count":0,"href":"http:\/\/minijets.org\/en\/wp-json\/wp\/v2\/pages\/4731\/revisions"}],"up":[{"embeddable":true,"href":"http:\/\/minijets.org\/en\/wp-json\/wp\/v2\/pages\/4725"}],"wp:featuredmedia":[{"embeddable":true,"href":"http:\/\/minijets.org\/en\/wp-json\/wp\/v2\/media\/4131"}],"wp:attachment":[{"href":"http:\/\/minijets.org\/en\/wp-json\/wp\/v2\/media?parent=4731"}],"wp:term":[{"taxonomy":"category","embeddable":true,"href":"http:\/\/minijets.org\/en\/wp-json\/wp\/v2\/categories?post=4731"},{"taxonomy":"post_tag","embeddable":true,"href":"http:\/\/minijets.org\/en\/wp-json\/wp\/v2\/tags?post=4731"},{"taxonomy":"planes-000-100","embeddable":true,"href":"http:\/\/minijets.org\/en\/wp-json\/wp\/v2\/planes-000-100?post=4731"}],"curies":[{"name":"wp","href":"https:\/\/api.w.org\/{rel}","templated":true}]}}