{"id":4829,"date":"2021-02-20T17:32:17","date_gmt":"2021-02-20T16:32:17","guid":{"rendered":"http:\/\/tst.minijets.org\/?page_id=4829"},"modified":"2022-10-24T09:17:13","modified_gmt":"2022-10-24T07:17:13","slug":"jetmentor","status":"publish","type":"page","link":"http:\/\/minijets.org\/en\/300-500\/continental-j69\/jetmentor\/","title":{"rendered":"Beech Model 73 Jet Mentor"},"content":{"rendered":"<figure class=\"wp-block-image aligncenter size-large\"><img loading=\"lazy\" decoding=\"async\" width=\"950\" height=\"364\" src=\"http:\/\/minijets.org\/wp-content\/uploads\/2021\/02\/Beech_model_73_Jet_Mentor.jpg\" alt=\"Beech Model 73 Jet Mentor\" class=\"wp-image-3935\" srcset=\"https:\/\/minijets.org\/wp-content\/uploads\/2021\/02\/Beech_model_73_Jet_Mentor.jpg 950w, https:\/\/minijets.org\/wp-content\/uploads\/2021\/02\/Beech_model_73_Jet_Mentor-300x115.jpg 300w, https:\/\/minijets.org\/wp-content\/uploads\/2021\/02\/Beech_model_73_Jet_Mentor-768x294.jpg 768w, https:\/\/minijets.org\/wp-content\/uploads\/2021\/02\/Beech_model_73_Jet_Mentor-18x7.jpg 18w\" sizes=\"auto, (max-width: 950px) 100vw, 950px\" \/><figcaption>Beech Model 73 Jet Mentor<\/figcaption><\/figure>\n\n\n\n<div class=\"wp-block-columns is-layout-flex wp-container-core-columns-is-layout-28f84493 wp-block-columns-is-layout-flex\">\n<div class=\"wp-block-column is-layout-flow wp-block-column-is-layout-flow\" style=\"flex-basis:50%\">\n<figure class=\"wp-block-image size-large\"><img loading=\"lazy\" decoding=\"async\" width=\"500\" height=\"163\" src=\"http:\/\/minijets.org\/wp-content\/uploads\/2021\/02\/Beech_model_73_Jet_Mentor_01.jpg\" alt=\"\" class=\"wp-image-3930\" srcset=\"https:\/\/minijets.org\/wp-content\/uploads\/2021\/02\/Beech_model_73_Jet_Mentor_01.jpg 500w, https:\/\/minijets.org\/wp-content\/uploads\/2021\/02\/Beech_model_73_Jet_Mentor_01-300x98.jpg 300w, https:\/\/minijets.org\/wp-content\/uploads\/2021\/02\/Beech_model_73_Jet_Mentor_01-18x6.jpg 18w\" sizes=\"auto, (max-width: 500px) 100vw, 500px\" \/><figcaption>Beech Model 73 Jet Mentor. Source : RAF Review, Avril 1956<\/figcaption><\/figure>\n\n\n\n<figure class=\"wp-block-image size-large\"><img loading=\"lazy\" decoding=\"async\" width=\"500\" height=\"238\" src=\"http:\/\/minijets.org\/wp-content\/uploads\/2021\/02\/Beech_model_73_Jet_Mentor_02.jpg\" alt=\"\" class=\"wp-image-3936\" srcset=\"https:\/\/minijets.org\/wp-content\/uploads\/2021\/02\/Beech_model_73_Jet_Mentor_02.jpg 500w, https:\/\/minijets.org\/wp-content\/uploads\/2021\/02\/Beech_model_73_Jet_Mentor_02-300x143.jpg 300w, https:\/\/minijets.org\/wp-content\/uploads\/2021\/02\/Beech_model_73_Jet_Mentor_02-18x9.jpg 18w\" sizes=\"auto, (max-width: 500px) 100vw, 500px\" \/><figcaption>Beech Model 73 Jet Mentor. Source : Aviation magazine, avril 1956<\/figcaption><\/figure>\n<\/div>\n\n\n\n<div class=\"wp-block-column minijets_table is-layout-flow wp-block-column-is-layout-flow\" style=\"flex-basis:50%\">\n<p>C&#8217;est le&nbsp;<strong>18 d\u00e9cembre 1955<\/strong>&nbsp;, que&nbsp;<strong>Tom Gillespie<\/strong>&nbsp;pilote d&#8217;essai de Beechcraft a fait faire son premier vol au Jet Mentor.&nbsp;Soit plus d&#8217;un an apr\u00e8s le Cessna T37, mais 4 mois avant le Temco Pinto. Pour concevoir cet appareil, la soci\u00e9t\u00e9 Beechcraft avait utilis\u00e9 tout son savoir faire acquit avec l&#8217;avion d&#8217;entrainement \u00e0 h\u00e9lice &#8220;Mentor&#8221;.<\/p>\n\n\n\n<p>The&nbsp;<strong>model 73<\/strong>&nbsp;avait \u00e9t\u00e9 \u00e9tudi\u00e9 selon les programmes militaires en vigueur \u00e0 l&#8217;\u00e9poque, mais r\u00e9sultait en fait d&#8217;une initiative priv\u00e9e de son constructeur, qui ne recevra jamais aucune commande officielle ( les choix de l&#8217;US Navy en faveur du Temco TT1 Pinto et de l&#8217;US Air Force en celui du Cessna T37 ont signifi\u00e9 l&#8217;abandon d\u00e9finitif du projet).<\/p>\n\n\n\n<p>Le constructeur de Wichita (Kansas) s&#8217;est inspir\u00e9 du&nbsp;<strong>T34 Mentor<\/strong>&nbsp;et en a utilis\u00e9 une grande partie des \u00e9l\u00e9ments pour r\u00e9aliser son biplace \u00e0 r\u00e9action.<\/p>\n<\/div>\n<\/div>\n\n\n\n<p>En dehors du changement radical de source de puissance, les diff\u00e9rences majeures sont un dessin nouveau de la partie arri\u00e8re du fuselage et l&#8217;\u00e9l\u00e9vation du stabilisateur pour assurer le passage de la tuy\u00e8re d&#8217;\u00e9jection des gaz du r\u00e9acteur.<\/p>\n\n\n\n<div class=\"wp-block-columns is-layout-flex wp-container-core-columns-is-layout-28f84493 wp-block-columns-is-layout-flex\">\n<div class=\"wp-block-column is-layout-flow wp-block-column-is-layout-flow\">\n<figure class=\"wp-block-image size-large\"><img loading=\"lazy\" decoding=\"async\" width=\"500\" height=\"319\" src=\"http:\/\/minijets.org\/wp-content\/uploads\/2021\/02\/Beech_model_73_Jet_Mentor_03.jpg\" alt=\"\" class=\"wp-image-3929\" srcset=\"https:\/\/minijets.org\/wp-content\/uploads\/2021\/02\/Beech_model_73_Jet_Mentor_03.jpg 500w, https:\/\/minijets.org\/wp-content\/uploads\/2021\/02\/Beech_model_73_Jet_Mentor_03-300x191.jpg 300w, https:\/\/minijets.org\/wp-content\/uploads\/2021\/02\/Beech_model_73_Jet_Mentor_03-18x12.jpg 18w\" sizes=\"auto, (max-width: 500px) 100vw, 500px\" \/><figcaption>Beech Model 73 Jet Mentor. Source : Jane&#8217;s 1957-1958<\/figcaption><\/figure>\n<\/div>\n\n\n\n<div class=\"wp-block-column is-layout-flow wp-block-column-is-layout-flow\">\n<figure class=\"wp-block-image size-large\"><img loading=\"lazy\" decoding=\"async\" width=\"500\" height=\"318\" src=\"http:\/\/minijets.org\/wp-content\/uploads\/2021\/02\/Beech_model_73_Jet_Mentor_04.jpg\" alt=\"\" class=\"wp-image-3934\" srcset=\"https:\/\/minijets.org\/wp-content\/uploads\/2021\/02\/Beech_model_73_Jet_Mentor_04.jpg 500w, https:\/\/minijets.org\/wp-content\/uploads\/2021\/02\/Beech_model_73_Jet_Mentor_04-300x191.jpg 300w, https:\/\/minijets.org\/wp-content\/uploads\/2021\/02\/Beech_model_73_Jet_Mentor_04-18x12.jpg 18w\" sizes=\"auto, (max-width: 500px) 100vw, 500px\" \/><figcaption>Beech Model 73 Jet Mentor. Source : Journal les ailes.<\/figcaption><\/figure>\n<\/div>\n<\/div>\n\n\n\n<p>L&#8217;arr\u00eate dorsale pr\u00e9c\u00e9dant la d\u00e9rive est plus importante. Cela est du \u00e0&nbsp;la position avanc\u00e9&nbsp;du poste de pilotage, avancement d\u00e9cid\u00e9 pour des raisons de centrage. Cette derni\u00e8re modification donne un avantage appr\u00e9ciable en ce qui concerne la visibilit\u00e9 offerte \u00e0 l&#8217;\u00e9quipage.<\/p>\n\n\n\n<p>L&#8217;encastrement des deux demi-ailes est perturb\u00e9e par la pr\u00e9sence des entr\u00e9es d&#8217;air lat\u00e9rales.<\/p>\n\n\n\n<div class=\"wp-block-columns is-layout-flex wp-container-core-columns-is-layout-28f84493 wp-block-columns-is-layout-flex\">\n<div class=\"wp-block-column is-layout-flow wp-block-column-is-layout-flow\">\n<figure class=\"wp-block-image size-large\"><img loading=\"lazy\" decoding=\"async\" width=\"500\" height=\"565\" src=\"http:\/\/minijets.org\/wp-content\/uploads\/2021\/02\/Beech_model_73_Jet_Mentor_05.jpg\" alt=\"\" class=\"wp-image-3931\" srcset=\"https:\/\/minijets.org\/wp-content\/uploads\/2021\/02\/Beech_model_73_Jet_Mentor_05.jpg 500w, https:\/\/minijets.org\/wp-content\/uploads\/2021\/02\/Beech_model_73_Jet_Mentor_05-265x300.jpg 265w, https:\/\/minijets.org\/wp-content\/uploads\/2021\/02\/Beech_model_73_Jet_Mentor_05-11x12.jpg 11w\" sizes=\"auto, (max-width: 500px) 100vw, 500px\" \/><figcaption>Beech Model 73 Jet Mentor. Source : Air Facts magazine, mai 1956<\/figcaption><\/figure>\n<\/div>\n\n\n\n<div class=\"wp-block-column is-layout-flow wp-block-column-is-layout-flow\">\n<figure class=\"wp-block-image size-large\"><img loading=\"lazy\" decoding=\"async\" width=\"500\" height=\"565\" src=\"http:\/\/minijets.org\/wp-content\/uploads\/2021\/02\/Beech_model_73_Jet_Mentor_06.jpg\" alt=\"\" class=\"wp-image-3932\" srcset=\"https:\/\/minijets.org\/wp-content\/uploads\/2021\/02\/Beech_model_73_Jet_Mentor_06.jpg 500w, https:\/\/minijets.org\/wp-content\/uploads\/2021\/02\/Beech_model_73_Jet_Mentor_06-265x300.jpg 265w, https:\/\/minijets.org\/wp-content\/uploads\/2021\/02\/Beech_model_73_Jet_Mentor_06-11x12.jpg 11w\" sizes=\"auto, (max-width: 500px) 100vw, 500px\" \/><figcaption>Beech Model 73 Jet Mentor. Source : Flight Archives, avril 1956<\/figcaption><\/figure>\n<\/div>\n<\/div>\n\n\n\n<div class=\"wp-block-columns is-layout-flex wp-container-core-columns-is-layout-28f84493 wp-block-columns-is-layout-flex\">\n<div class=\"wp-block-column is-layout-flow wp-block-column-is-layout-flow\">\n<figure class=\"wp-block-image size-large\"><img loading=\"lazy\" decoding=\"async\" width=\"500\" height=\"549\" src=\"http:\/\/minijets.org\/wp-content\/uploads\/2020\/12\/Beech_model_73_Jet_Mentor_P3views.jpg\" alt=\"Beech Model 73 Jet Mentor, P3 views\" class=\"wp-image-355\" srcset=\"https:\/\/minijets.org\/wp-content\/uploads\/2020\/12\/Beech_model_73_Jet_Mentor_P3views.jpg 500w, https:\/\/minijets.org\/wp-content\/uploads\/2020\/12\/Beech_model_73_Jet_Mentor_P3views-273x300.jpg 273w, https:\/\/minijets.org\/wp-content\/uploads\/2020\/12\/Beech_model_73_Jet_Mentor_P3views-11x12.jpg 11w\" sizes=\"auto, (max-width: 500px) 100vw, 500px\" \/><\/figure>\n<\/div>\n\n\n\n<div class=\"wp-block-column is-layout-flow wp-block-column-is-layout-flow\">\n<figure class=\"wp-block-image size-large\"><img loading=\"lazy\" decoding=\"async\" width=\"500\" height=\"549\" src=\"http:\/\/minijets.org\/wp-content\/uploads\/2021\/02\/Beech_model_73_Jet_Mentor_07.jpg\" alt=\"\" class=\"wp-image-3937\" srcset=\"https:\/\/minijets.org\/wp-content\/uploads\/2021\/02\/Beech_model_73_Jet_Mentor_07.jpg 500w, https:\/\/minijets.org\/wp-content\/uploads\/2021\/02\/Beech_model_73_Jet_Mentor_07-273x300.jpg 273w, https:\/\/minijets.org\/wp-content\/uploads\/2021\/02\/Beech_model_73_Jet_Mentor_07-11x12.jpg 11w\" sizes=\"auto, (max-width: 500px) 100vw, 500px\" \/><figcaption>Beech Model 73 Jet Mentor. Source : Les chroniques de l&#8217;aviation 1955<\/figcaption><\/figure>\n<\/div>\n<\/div>\n\n\n\n<h2 class=\"wp-block-heading\">Beech Model 73 Jet Mentor produit<\/h2>\n\n\n\n<p>Un seul prototype de cet appareil a \u00e9t\u00e9 construit. Apr\u00e8s avoir \u00e9t\u00e9 \u00e9valu\u00e9 et non retenu aux Etats-Unis, il sera propos\u00e9 au Canada pour le remplacement de North American Texan T6. La production devait se faire apr\u00e8s signature d&#8217;un accord de licence entre Beech et la soci\u00e9t\u00e9&nbsp;<strong>Canadian Car and Foundry<\/strong>&nbsp;Co., Ltd., de&nbsp;<strong>Montr\u00e9al&nbsp;<\/strong>(Constructeur du T34 Mentor pour la RCAF).<\/p>\n\n\n\n<p>Une fois encore le projet n&#8217;ira pas \u00e0 son terme.<\/p>\n\n\n\n<div class=\"wp-block-columns is-layout-flex wp-container-core-columns-is-layout-28f84493 wp-block-columns-is-layout-flex\">\n<div class=\"wp-block-column is-layout-flow wp-block-column-is-layout-flow\">\n<figure class=\"wp-block-image size-large\"><img loading=\"lazy\" decoding=\"async\" width=\"500\" height=\"357\" src=\"http:\/\/minijets.org\/wp-content\/uploads\/2021\/02\/Beech_model_73_Jet_Mentor_08.jpg\" alt=\"\" class=\"wp-image-3933\" srcset=\"https:\/\/minijets.org\/wp-content\/uploads\/2021\/02\/Beech_model_73_Jet_Mentor_08.jpg 500w, https:\/\/minijets.org\/wp-content\/uploads\/2021\/02\/Beech_model_73_Jet_Mentor_08-300x214.jpg 300w, https:\/\/minijets.org\/wp-content\/uploads\/2021\/02\/Beech_model_73_Jet_Mentor_08-18x12.jpg 18w\" sizes=\"auto, (max-width: 500px) 100vw, 500px\" \/><figcaption>Beech Model 73 Jet Mentor. Source : Avec la courtoisie du Photographe : Dave Richardson. Photo prise au Wichita&#8217;s Kansas Aviation Museum en 2007<\/figcaption><\/figure>\n<\/div>\n\n\n\n<div class=\"wp-block-column is-layout-flow wp-block-column-is-layout-flow\">\n<p>Beech le conserva encore quelques ann\u00e9es, durant lesquelles les vols d&#8217;\u00e9valuation se poursuivirent. Puis l&#8217;avion sera stock\u00e9 \u00e0 l&#8217;ext\u00e9rieur, derri\u00e8re un hangar.<\/p>\n\n\n\n<p>Dans les ann\u00e9es soixante il sera finalement donn\u00e9 \u00e0 un lyc\u00e9e technique local, o\u00f9 il restera les 40 ann\u00e9es qui suivirent.<\/p>\n\n\n\n<p>R\u00e9cup\u00e9r\u00e9 par le&nbsp;<strong>Wichita&#8217;s Kansas Aviation Museum<\/strong>, il est depuis de nombreuses ann\u00e9es stock\u00e9s sur un parking ext\u00e9rieur o\u00f9 on peut le voir dans un&nbsp;<strong>triste \u00e9tat&nbsp;de conservation<\/strong>.<\/p>\n<\/div>\n<\/div>","protected":false},"excerpt":{"rendered":"<p>C&#8217;est le&nbsp;18 d\u00e9cembre 1955&nbsp;, que&nbsp;Tom Gillespie&nbsp;pilote d&#8217;essai de Beechcraft a fait faire son premier vol au Jet Mentor.&nbsp;Soit plus d&#8217;un an apr\u00e8s le Cessna T37, mais 4 mois avant le Temco Pinto. Pour concevoir cet appareil, la soci\u00e9t\u00e9 Beechcraft avait utilis\u00e9 tout son savoir faire acquit avec l&#8217;avion d&#8217;entrainement \u00e0 h\u00e9lice &#8220;Mentor&#8221;. Le&nbsp;model 73&nbsp;avait \u00e9t\u00e9 [&hellip;]<\/p>","protected":false},"author":1,"featured_media":3934,"parent":4825,"menu_order":0,"comment_status":"closed","ping_status":"closed","template":"","meta":{"_acf_changed":false,"cybocfi_hide_featured_image":"","footnotes":""},"categories":[20],"tags":[],"planes-000-100":[],"class_list":["post-4829","page","type-page","status-publish","has-post-thumbnail","hentry","category-plane-300-500"],"blocksy_meta":[],"acf":[],"_links":{"self":[{"href":"http:\/\/minijets.org\/en\/wp-json\/wp\/v2\/pages\/4829","targetHints":{"allow":["GET"]}}],"collection":[{"href":"http:\/\/minijets.org\/en\/wp-json\/wp\/v2\/pages"}],"about":[{"href":"http:\/\/minijets.org\/en\/wp-json\/wp\/v2\/types\/page"}],"author":[{"embeddable":true,"href":"http:\/\/minijets.org\/en\/wp-json\/wp\/v2\/users\/1"}],"replies":[{"embeddable":true,"href":"http:\/\/minijets.org\/en\/wp-json\/wp\/v2\/comments?post=4829"}],"version-history":[{"count":0,"href":"http:\/\/minijets.org\/en\/wp-json\/wp\/v2\/pages\/4829\/revisions"}],"up":[{"embeddable":true,"href":"http:\/\/minijets.org\/en\/wp-json\/wp\/v2\/pages\/4825"}],"wp:featuredmedia":[{"embeddable":true,"href":"http:\/\/minijets.org\/en\/wp-json\/wp\/v2\/media\/3934"}],"wp:attachment":[{"href":"http:\/\/minijets.org\/en\/wp-json\/wp\/v2\/media?parent=4829"}],"wp:term":[{"taxonomy":"category","embeddable":true,"href":"http:\/\/minijets.org\/en\/wp-json\/wp\/v2\/categories?post=4829"},{"taxonomy":"post_tag","embeddable":true,"href":"http:\/\/minijets.org\/en\/wp-json\/wp\/v2\/tags?post=4829"},{"taxonomy":"planes-000-100","embeddable":true,"href":"http:\/\/minijets.org\/en\/wp-json\/wp\/v2\/planes-000-100?post=4829"}],"curies":[{"name":"wp","href":"https:\/\/api.w.org\/{rel}","templated":true}]}}