{"id":4908,"date":"2021-02-23T14:34:30","date_gmt":"2021-02-23T13:34:30","guid":{"rendered":"http:\/\/tst.minijets.org\/?page_id=4908"},"modified":"2023-01-09T18:10:36","modified_gmt":"2023-01-09T17:10:36","slug":"yt-33","status":"publish","type":"page","link":"http:\/\/minijets.org\/en\/300-500\/continental-j69\/yt-33\/","title":{"rendered":"Stargate YT-33 replica"},"content":{"rendered":"<figure class=\"wp-block-image size-full\"><img loading=\"lazy\" decoding=\"async\" width=\"950\" height=\"296\" src=\"https:\/\/minijets.org\/wp-content\/uploads\/2021\/02\/Startgate_T33_02.jpg\" alt=\"Stargate YT-33 replica\" class=\"wp-image-4143\" srcset=\"https:\/\/minijets.org\/wp-content\/uploads\/2021\/02\/Startgate_T33_02.jpg 950w, https:\/\/minijets.org\/wp-content\/uploads\/2021\/02\/Startgate_T33_02-300x93.jpg 300w, https:\/\/minijets.org\/wp-content\/uploads\/2021\/02\/Startgate_T33_02-768x239.jpg 768w, https:\/\/minijets.org\/wp-content\/uploads\/2021\/02\/Startgate_T33_02-18x6.jpg 18w\" sizes=\"auto, (max-width: 950px) 100vw, 950px\" \/><figcaption class=\"wp-element-caption\">Stargate YT-33. Source : Photo Sport Aviation 09 1995<\/figcaption><\/figure>\n\n\n\n<div class=\"wp-block-columns is-layout-flex wp-container-core-columns-is-layout-28f84493 wp-block-columns-is-layout-flex\">\n<div class=\"wp-block-column is-layout-flow wp-block-column-is-layout-flow\" style=\"flex-basis:50%\">\n<figure class=\"wp-block-image size-large\"><img loading=\"lazy\" decoding=\"async\" width=\"500\" height=\"333\" src=\"http:\/\/minijets.org\/wp-content\/uploads\/2021\/02\/Startgate_T33_01.jpg\" alt=\"Stargate YT-33 replica\" class=\"wp-image-4142\" srcset=\"https:\/\/minijets.org\/wp-content\/uploads\/2021\/02\/Startgate_T33_01.jpg 500w, https:\/\/minijets.org\/wp-content\/uploads\/2021\/02\/Startgate_T33_01-300x200.jpg 300w, https:\/\/minijets.org\/wp-content\/uploads\/2021\/02\/Startgate_T33_01-18x12.jpg 18w\" sizes=\"auto, (max-width: 500px) 100vw, 500px\" \/><figcaption class=\"wp-element-caption\">Stargate YT-33. Source : Photo Sport Aviation 09 1995<\/figcaption><\/figure>\n<\/div>\n\n\n\n<div class=\"wp-block-column minijets_table is-layout-flow wp-block-column-is-layout-flow\" style=\"flex-basis:50%\">\n<p>Le Stargate YT-33 replica est probablement la premi\u00e8re r\u00e9plique d&#8217;un Warbird \u00e0 r\u00e9action \u00e0 avoir voler. L&#8217;appareil reproduit assez fid\u00e8lement un <a href=\"https:\/\/en.wikipedia.org\/wiki\/Lockheed_T-33\" data-type=\"URL\" data-id=\"https:\/\/en.wikipedia.org\/wiki\/Lockheed_T-33\" target=\"_blank\" rel=\"noopener\">Lockheed T-33<\/a> T-Bird \u00e0 l&#8217;\u00e9chelle 2\/3. Le premier vol remonte \u00e0 1995.<\/p>\n\n\n\n<p>Pr\u00e9sent\u00e9 pour la premi\u00e8re fois \u00e0 \u00a0Oshkosh en 1995, il a \u00e9t\u00e9 \u00e9t\u00e9 construit par\u00a0<strong>Bo Case<\/strong>\u00a0de McMinnville (OR) pour le compte de\u00a0<strong>Sid Hendricks<\/strong>\u00a0de Mille Valley (CA). Il est \u00e9quip\u00e9 d&#8217;un r\u00e9acteur <a href=\"https:\/\/minijets.org\/en\/300-500\/continental-j69\/\" data-type=\"page\" data-id=\"4825\">Continental CAE J69<\/a> (Turbomeca Marbore II). Le train d&#8217;atterrissage est de type tricycle rentrant \u00e0 \u00a0commande \u00e9lectrique de m\u00eame que les volets, braquables \u00e0 40\u00b0 pour l&#8217;atterrissage.<\/p>\n\n\n\n<p>Pesant 1350 Kg en charge, il d\u00e9colle \u00e0 130 Km\/h apr\u00e8s 600 m de roulement. Il a \u00e9t\u00e9 annonc\u00e9 pour 320 mph en croisi\u00e8re, avec une Vne de 500 mph.<\/p>\n<\/div>\n<\/div>\n\n\n\n<hr class=\"wp-block-separator has-alpha-channel-opacity\"\/>\n\n\n\n<h3 class=\"wp-block-heading\">Appareil produit<\/h3>\n\n\n\n<p>Un seul appareil a \u00e9t\u00e9 construit. Immatricul\u00e9 <strong>N91SH<\/strong>, il a \u00e9t\u00e9 retir\u00e9 du registre des immatriculations US le 18 avril 2018. Il \u00e9tait pr\u00e9vu une production en s\u00e9rie, sous forme de kit, qui n&#8217;a jamais vue le jour.<\/p>\n\n\n\n<p>Il a, semble-t-il, \u00e9t\u00e9 partiellement d\u00e9truit lors d&#8217;un convoyage par la route, et laiss\u00e9 \u00e0 l&#8217;abandon depuis.<\/p>","protected":false},"excerpt":{"rendered":"<p>Le Stargate YT-33 replica est probablement la premi\u00e8re r\u00e9plique d&#8217;un Warbird \u00e0 r\u00e9action \u00e0 avoir voler. L&#8217;appareil reproduit assez fid\u00e8lement un Lockheed T-33 T-Bird \u00e0 l&#8217;\u00e9chelle 2\/3. Le premier vol remonte \u00e0 1995. Pr\u00e9sent\u00e9 pour la premi\u00e8re fois \u00e0 \u00a0Oshkosh en 1995, il a \u00e9t\u00e9 \u00e9t\u00e9 construit par\u00a0Bo Case\u00a0de McMinnville (OR) pour le compte de\u00a0Sid [&hellip;]<\/p>","protected":false},"author":1,"featured_media":4142,"parent":4825,"menu_order":0,"comment_status":"closed","ping_status":"closed","template":"","meta":{"_acf_changed":false,"cybocfi_hide_featured_image":"","footnotes":""},"categories":[20],"tags":[],"planes-000-100":[],"class_list":["post-4908","page","type-page","status-publish","has-post-thumbnail","hentry","category-plane-300-500"],"blocksy_meta":[],"acf":[],"_links":{"self":[{"href":"http:\/\/minijets.org\/en\/wp-json\/wp\/v2\/pages\/4908","targetHints":{"allow":["GET"]}}],"collection":[{"href":"http:\/\/minijets.org\/en\/wp-json\/wp\/v2\/pages"}],"about":[{"href":"http:\/\/minijets.org\/en\/wp-json\/wp\/v2\/types\/page"}],"author":[{"embeddable":true,"href":"http:\/\/minijets.org\/en\/wp-json\/wp\/v2\/users\/1"}],"replies":[{"embeddable":true,"href":"http:\/\/minijets.org\/en\/wp-json\/wp\/v2\/comments?post=4908"}],"version-history":[{"count":13,"href":"http:\/\/minijets.org\/en\/wp-json\/wp\/v2\/pages\/4908\/revisions"}],"predecessor-version":[{"id":8461,"href":"http:\/\/minijets.org\/en\/wp-json\/wp\/v2\/pages\/4908\/revisions\/8461"}],"up":[{"embeddable":true,"href":"http:\/\/minijets.org\/en\/wp-json\/wp\/v2\/pages\/4825"}],"wp:featuredmedia":[{"embeddable":true,"href":"http:\/\/minijets.org\/en\/wp-json\/wp\/v2\/media\/4142"}],"wp:attachment":[{"href":"http:\/\/minijets.org\/en\/wp-json\/wp\/v2\/media?parent=4908"}],"wp:term":[{"taxonomy":"category","embeddable":true,"href":"http:\/\/minijets.org\/en\/wp-json\/wp\/v2\/categories?post=4908"},{"taxonomy":"post_tag","embeddable":true,"href":"http:\/\/minijets.org\/en\/wp-json\/wp\/v2\/tags?post=4908"},{"taxonomy":"planes-000-100","embeddable":true,"href":"http:\/\/minijets.org\/en\/wp-json\/wp\/v2\/planes-000-100?post=4908"}],"curies":[{"name":"wp","href":"https:\/\/api.w.org\/{rel}","templated":true}]}}