{"id":5357,"date":"2022-07-25T22:12:59","date_gmt":"2022-07-25T20:12:59","guid":{"rendered":"http:\/\/tst.minijets.org\/?page_id=5357"},"modified":"2024-10-14T22:27:11","modified_gmt":"2024-10-14T20:27:11","slug":"nakajima-kikka","status":"publish","type":"page","link":"http:\/\/minijets.org\/en\/300-500\/ne20\/nakajima-kikka\/","title":{"rendered":"Nakajima Kikka"},"content":{"rendered":"<p>Le Nakajima Kikka \u00e9tait un chasseur \u00e0 r\u00e9action exp\u00e9rimental japonais, con\u00e7u, \u00e0 la fin de la Seconde Guerre mondiale, par Kazuo Ohno et Kenichi Matsumura.<\/p>\n\n\n\n<p>L&#8217;int\u00e9r\u00eat du Japon pour les avions \u00e0 r\u00e9action s&#8217;est accru en septembre 1944, lorsque l&#8217;attach\u00e9 de l&#8217;air japonais \u00e0 Berlin a envoy\u00e9 un grand nombre de rapports d\u00e9taill\u00e9s sur le programme de chasseur allemand Messerschmitt Me262.<\/p>\n\n\n\n<p>Sur la base de ces informations, la marine japonaise ordonna \u00e0 la soci\u00e9t\u00e9 Nakajima de concevoir un appareil similaire mais avec des exigences plus modestes (vitesse, charge, etc&#8230;) car la capacit\u00e9 industrielle japonaise n&#8217;y \u00e9tait pas pr\u00e9par\u00e9e.<\/p>\n\n\n\n<div class=\"wp-block-columns is-layout-flex wp-container-core-columns-is-layout-28f84493 wp-block-columns-is-layout-flex\">\n<div class=\"wp-block-column is-layout-flow wp-block-column-is-layout-flow\" style=\"flex-basis:50%\">\n<figure class=\"wp-block-image size-full\"><img loading=\"lazy\" decoding=\"async\" width=\"500\" height=\"263\" src=\"http:\/\/minijets.org\/wp-content\/uploads\/2021\/02\/Nakajima_Kikka_03.jpg\" alt=\"Nakajima Kikka\" class=\"wp-image-3630\" srcset=\"https:\/\/minijets.org\/wp-content\/uploads\/2021\/02\/Nakajima_Kikka_03.jpg 500w, https:\/\/minijets.org\/wp-content\/uploads\/2021\/02\/Nakajima_Kikka_03-300x158.jpg 300w, https:\/\/minijets.org\/wp-content\/uploads\/2021\/02\/Nakajima_Kikka_03-18x9.jpg 18w\" sizes=\"auto, (max-width: 500px) 100vw, 500px\" \/><\/figure>\n\n\n\n<figure class=\"wp-block-image size-full\"><img loading=\"lazy\" decoding=\"async\" width=\"500\" height=\"345\" src=\"http:\/\/minijets.org\/wp-content\/uploads\/2021\/02\/Nakajima_Kikka_17.jpg\" alt=\"Nakajima Kikka\" class=\"wp-image-3625\" srcset=\"https:\/\/minijets.org\/wp-content\/uploads\/2021\/02\/Nakajima_Kikka_17.jpg 500w, https:\/\/minijets.org\/wp-content\/uploads\/2021\/02\/Nakajima_Kikka_17-300x207.jpg 300w, https:\/\/minijets.org\/wp-content\/uploads\/2021\/02\/Nakajima_Kikka_17-18x12.jpg 18w\" sizes=\"auto, (max-width: 500px) 100vw, 500px\" \/><figcaption class=\"wp-element-caption\"><em>Kikka (probably s\/n 2) in the Navy Base of Patuxent River, Maryland. 1946<\/em><\/figcaption><\/figure>\n<\/div>\n\n\n\n<div class=\"wp-block-column is-layout-flow wp-block-column-is-layout-flow\" style=\"flex-basis:50%\">\n<p>Les premi\u00e8res \u00e9tudes du Nakajima Kikka pr\u00e9voyaient l&#8217;utilisation d&#8217;unit\u00e9s <a href=\"https:\/\/minijets.org\/en\/300-500\/ne20\/#TSU-11\" data-type=\"URL\" data-id=\"https:\/\/minijets.org\/fr\/300-500\/ne20\/#TSU-11\">TSU-11<\/a> de 440 lb de pouss\u00e9e, bas\u00e9es sur les principes de Campini et utilisant le moteur \u00e0 piston Hitachi Hatsukaze (vent frais) pour entra\u00eener un compresseur \u00e0 soufflante canalis\u00e9e.<\/p>\n\n\n\n<p>Cependant, \u00e0 un stade avanc\u00e9 de la conception, le Tsu-11 a \u00e9t\u00e9 abandonn\u00e9 au profit du turbor\u00e9acteur \u00e0 flux centrifuge Ne-10 (<a href=\"https:\/\/minijets.org\/en\/300-500\/ne20\/#TR10\" data-type=\"URL\" data-id=\"https:\/\/minijets.org\/fr\/300-500\/ne20\/#TR10\">TR-10<\/a>). puis NE-12 (TR-12), qui ajoutait un compresseur axial \u00e0 quatre \u00e9tages \u00e0 l&#8217;avant du Ne-10.<\/p>\n\n\n\n<p>La premi\u00e8re maquette du Kikka a \u00e9t\u00e9 inspect\u00e9e par des officiels de la marine le 28 janvier 1945, mais les performances estim\u00e9es avec le turbor\u00e9acteur NE-12 n&#8217;\u00e9taient pas impressionnantes, et il a \u00e9t\u00e9 d\u00e9cid\u00e9 d&#8217;effectuer un autre changement de moteur, en rempla\u00e7ant le NE-12 par l&#8217;<a href=\"https:\/\/minijets.org\/en\/300-500\/ne20\/#NE20\" data-type=\"URL\" data-id=\"https:\/\/minijets.org\/fr\/300-500\/ne20\/#NE20\">Ishikawajima NE20<\/a> .<\/p>\n<\/div>\n<\/div>\n\n\n\n<h2 class=\"wp-block-heading\">Premier vol du Nakajima Kikka<\/h2>\n\n\n\n<div class=\"wp-block-columns is-layout-flex wp-container-core-columns-is-layout-28f84493 wp-block-columns-is-layout-flex\">\n<div class=\"wp-block-column is-layout-flow wp-block-column-is-layout-flow\">\n<figure class=\"wp-block-image size-full\"><img loading=\"lazy\" decoding=\"async\" width=\"500\" height=\"347\" src=\"http:\/\/minijets.org\/wp-content\/uploads\/2021\/02\/Nakajima_Kikka_01.jpg\" alt=\"\" class=\"wp-image-3638\" srcset=\"https:\/\/minijets.org\/wp-content\/uploads\/2021\/02\/Nakajima_Kikka_01.jpg 500w, https:\/\/minijets.org\/wp-content\/uploads\/2021\/02\/Nakajima_Kikka_01-300x208.jpg 300w, https:\/\/minijets.org\/wp-content\/uploads\/2021\/02\/Nakajima_Kikka_01-18x12.jpg 18w\" sizes=\"auto, (max-width: 500px) 100vw, 500px\" \/><figcaption class=\"wp-element-caption\">Ishikawajima NE-20 jet engine fitted on Kikka No1<\/figcaption><\/figure>\n\n\n\n<figure class=\"wp-block-image size-full\"><img loading=\"lazy\" decoding=\"async\" width=\"500\" height=\"247\" src=\"http:\/\/minijets.org\/wp-content\/uploads\/2021\/02\/Nakajima_Kikka_02.jpg\" alt=\"\" class=\"wp-image-3635\" srcset=\"https:\/\/minijets.org\/wp-content\/uploads\/2021\/02\/Nakajima_Kikka_02.jpg 500w, https:\/\/minijets.org\/wp-content\/uploads\/2021\/02\/Nakajima_Kikka_02-300x148.jpg 300w, https:\/\/minijets.org\/wp-content\/uploads\/2021\/02\/Nakajima_Kikka_02-18x9.jpg 18w\" sizes=\"auto, (max-width: 500px) 100vw, 500px\" \/><\/figure>\n<\/div>\n\n\n\n<div class=\"wp-block-column is-layout-flow wp-block-column-is-layout-flow\">\n<p>The prototype commenced ground tests at the Nakajima factory on 20th may 1945, and on 25th june the first Kikka was completed.&nbsp;The following month it was dismantled and delivered to Kisarazu Naval Air base where it was re-assembled and prepared for flight testing. Ground tests continued on this airfield until 13th July.<\/p>\n\n\n\n<p>On the 7th August 1945, Lieutenant Commander\u00a0<a href=\"https:\/\/minijets.org\/en\/2024\/10\/14\/takaoka-susumu\/\" data-type=\"post\" data-id=\"9226\">Takaoka Susumu<\/a>\u00a0made the first flight, with a duration of 11 minutes. His take-off run of 2,380 ft. took 25 seconds at an all-up weight of 6,945 lb. Wind speed was 23 ft.per second. He landed in 3,280 ft.<\/p>\n\n\n\n<p>A ceremonial official &#8220;initial&#8221; test flight was made on 11th August, four days later. For this flight, rocket assisted take off (RATO) units were fitted to the aircraft. However, because their alignment had been miscalculated, The acceleration was so heavy that the nose of the aircraft came up, the tail went down and skidded along the runway.&nbsp;As a result the aircraft did not take off at all and was damaged when it ran off the end of the runway.<\/p>\n\n\n\n<p>Before it could be repaired Japan had surrendered and the war was over.<\/p>\n<\/div>\n<\/div>\n\n\n\n<figure class=\"wp-block-image size-full\"><img loading=\"lazy\" decoding=\"async\" width=\"1000\" height=\"326\" src=\"https:\/\/minijets.org\/wp-content\/uploads\/2024\/10\/Nakajima_Kikka_p3view.webp\" alt=\"\" class=\"wp-image-9389\" srcset=\"https:\/\/minijets.org\/wp-content\/uploads\/2024\/10\/Nakajima_Kikka_p3view.webp 1000w, https:\/\/minijets.org\/wp-content\/uploads\/2024\/10\/Nakajima_Kikka_p3view-18x6.webp 18w, https:\/\/minijets.org\/wp-content\/uploads\/2024\/10\/Nakajima_Kikka_p3view-300x98.webp 300w, https:\/\/minijets.org\/wp-content\/uploads\/2024\/10\/Nakajima_Kikka_p3view-768x250.webp 768w\" sizes=\"auto, (max-width: 1000px) 100vw, 1000px\" \/><\/figure>\n\n\n\n<h2 class=\"wp-block-heading\">Nakajima Kikka produits<\/h2>\n\n\n\n<h3 class=\"wp-block-heading\">Kikka N\u00b0 1<\/h3>\n\n\n\n<div class=\"wp-block-columns is-layout-flex wp-container-core-columns-is-layout-28f84493 wp-block-columns-is-layout-flex\">\n<div class=\"wp-block-column is-layout-flow wp-block-column-is-layout-flow\">\n<figure class=\"wp-block-image size-full\"><img loading=\"lazy\" decoding=\"async\" width=\"500\" height=\"200\" src=\"http:\/\/minijets.org\/wp-content\/uploads\/2021\/02\/Nakajima_Kikka_06.jpg\" alt=\"\" class=\"wp-image-3621\" srcset=\"https:\/\/minijets.org\/wp-content\/uploads\/2021\/02\/Nakajima_Kikka_06.jpg 500w, https:\/\/minijets.org\/wp-content\/uploads\/2021\/02\/Nakajima_Kikka_06-300x120.jpg 300w, https:\/\/minijets.org\/wp-content\/uploads\/2021\/02\/Nakajima_Kikka_06-18x7.jpg 18w\" sizes=\"auto, (max-width: 500px) 100vw, 500px\" \/><figcaption class=\"wp-element-caption\">Nakajima Kikka. Source : RAF Flying Review, April 1955<\/figcaption><\/figure>\n<\/div>\n\n\n\n<div class=\"wp-block-column is-layout-flow wp-block-column-is-layout-flow\">\n<figure class=\"wp-block-image size-full\"><img loading=\"lazy\" decoding=\"async\" width=\"500\" height=\"200\" src=\"http:\/\/minijets.org\/wp-content\/uploads\/2021\/02\/Nakajima_Kikka_05.jpg\" alt=\"\" class=\"wp-image-3634\" srcset=\"https:\/\/minijets.org\/wp-content\/uploads\/2021\/02\/Nakajima_Kikka_05.jpg 500w, https:\/\/minijets.org\/wp-content\/uploads\/2021\/02\/Nakajima_Kikka_05-300x120.jpg 300w, https:\/\/minijets.org\/wp-content\/uploads\/2021\/02\/Nakajima_Kikka_05-18x7.jpg 18w\" sizes=\"auto, (max-width: 500px) 100vw, 500px\" \/><figcaption class=\"wp-element-caption\">Nakajima Kikka prepared for his second flight<\/figcaption><\/figure>\n<\/div>\n<\/div>\n\n\n\n<div class=\"wp-block-columns is-layout-flex wp-container-core-columns-is-layout-28f84493 wp-block-columns-is-layout-flex\">\n<div class=\"wp-block-column is-layout-flow wp-block-column-is-layout-flow\">\n<figure class=\"wp-block-image size-full\"><img loading=\"lazy\" decoding=\"async\" width=\"500\" height=\"263\" src=\"http:\/\/minijets.org\/wp-content\/uploads\/2021\/02\/Nakajima_Kikka_07.jpg\" alt=\"\" class=\"wp-image-3633\" srcset=\"https:\/\/minijets.org\/wp-content\/uploads\/2021\/02\/Nakajima_Kikka_07.jpg 500w, https:\/\/minijets.org\/wp-content\/uploads\/2021\/02\/Nakajima_Kikka_07-300x158.jpg 300w, https:\/\/minijets.org\/wp-content\/uploads\/2021\/02\/Nakajima_Kikka_07-18x9.jpg 18w\" sizes=\"auto, (max-width: 500px) 100vw, 500px\" \/><\/figure>\n<\/div>\n\n\n\n<div class=\"wp-block-column is-layout-flow wp-block-column-is-layout-flow\">\n<figure class=\"wp-block-image size-full\"><img loading=\"lazy\" decoding=\"async\" width=\"500\" height=\"263\" src=\"http:\/\/minijets.org\/wp-content\/uploads\/2021\/02\/Nakajima_Kikka_08.jpg\" alt=\"\" class=\"wp-image-3629\" srcset=\"https:\/\/minijets.org\/wp-content\/uploads\/2021\/02\/Nakajima_Kikka_08.jpg 500w, https:\/\/minijets.org\/wp-content\/uploads\/2021\/02\/Nakajima_Kikka_08-300x158.jpg 300w, https:\/\/minijets.org\/wp-content\/uploads\/2021\/02\/Nakajima_Kikka_08-18x9.jpg 18w\" sizes=\"auto, (max-width: 500px) 100vw, 500px\" \/><figcaption class=\"wp-element-caption\">On this Photo, you can see the RATO rockets used for lift-off.<\/figcaption><\/figure>\n<\/div>\n<\/div>\n\n\n\n<h3 class=\"wp-block-heading\">Kikka N\u00b0 2<\/h3>\n\n\n\n<div class=\"wp-block-columns is-layout-flex wp-container-core-columns-is-layout-28f84493 wp-block-columns-is-layout-flex\">\n<div class=\"wp-block-column is-layout-flow wp-block-column-is-layout-flow\">\n<figure class=\"wp-block-image size-full\"><img loading=\"lazy\" decoding=\"async\" width=\"500\" height=\"313\" src=\"http:\/\/minijets.org\/wp-content\/uploads\/2021\/02\/Nakajima_Kikka_09.jpg\" alt=\"\" class=\"wp-image-3628\" srcset=\"https:\/\/minijets.org\/wp-content\/uploads\/2021\/02\/Nakajima_Kikka_09.jpg 500w, https:\/\/minijets.org\/wp-content\/uploads\/2021\/02\/Nakajima_Kikka_09-300x188.jpg 300w, https:\/\/minijets.org\/wp-content\/uploads\/2021\/02\/Nakajima_Kikka_09-18x12.jpg 18w\" sizes=\"auto, (max-width: 500px) 100vw, 500px\" \/><figcaption class=\"wp-element-caption\">Kikka No2 in the Navy Base of Patuxent River, Maryland. 1946<\/figcaption><\/figure>\n<\/div>\n\n\n\n<div class=\"wp-block-column is-layout-flow wp-block-column-is-layout-flow\">\n<figure class=\"wp-block-image size-full\"><img loading=\"lazy\" decoding=\"async\" width=\"500\" height=\"313\" src=\"http:\/\/minijets.org\/wp-content\/uploads\/2021\/02\/Nakajima_Kikka_10.jpg\" alt=\"\" class=\"wp-image-3631\" srcset=\"https:\/\/minijets.org\/wp-content\/uploads\/2021\/02\/Nakajima_Kikka_10.jpg 500w, https:\/\/minijets.org\/wp-content\/uploads\/2021\/02\/Nakajima_Kikka_10-300x188.jpg 300w, https:\/\/minijets.org\/wp-content\/uploads\/2021\/02\/Nakajima_Kikka_10-18x12.jpg 18w\" sizes=\"auto, (max-width: 500px) 100vw, 500px\" \/><figcaption class=\"wp-element-caption\">More detailed view with a focus on NE-20 jet engine<\/figcaption><\/figure>\n<\/div>\n<\/div>\n\n\n\n<h3 class=\"wp-block-heading\">Unassembled Kikka in Nakajima&#8217;s factory.<\/h3>\n\n\n\n<div class=\"wp-block-columns is-layout-flex wp-container-core-columns-is-layout-28f84493 wp-block-columns-is-layout-flex\">\n<div class=\"wp-block-column is-layout-flow wp-block-column-is-layout-flow\">\n<figure class=\"wp-block-image size-full\"><img loading=\"lazy\" decoding=\"async\" width=\"500\" height=\"294\" src=\"http:\/\/minijets.org\/wp-content\/uploads\/2021\/02\/Nakajima_Kikka_11.jpg\" alt=\"\" class=\"wp-image-3624\" srcset=\"https:\/\/minijets.org\/wp-content\/uploads\/2021\/02\/Nakajima_Kikka_11.jpg 500w, https:\/\/minijets.org\/wp-content\/uploads\/2021\/02\/Nakajima_Kikka_11-300x176.jpg 300w, https:\/\/minijets.org\/wp-content\/uploads\/2021\/02\/Nakajima_Kikka_11-18x12.jpg 18w\" sizes=\"auto, (max-width: 500px) 100vw, 500px\" \/><figcaption class=\"wp-element-caption\">Nakajima Kikka, probably the 2d. prototype. Source : RAF Flying Review, April 1955<\/figcaption><\/figure>\n<\/div>\n\n\n\n<div class=\"wp-block-column is-layout-flow wp-block-column-is-layout-flow\">\n<figure class=\"wp-block-image size-full\"><img loading=\"lazy\" decoding=\"async\" width=\"500\" height=\"294\" src=\"http:\/\/minijets.org\/wp-content\/uploads\/2021\/02\/Nakajima_Kikka_12.jpg\" alt=\"\" class=\"wp-image-3640\" srcset=\"https:\/\/minijets.org\/wp-content\/uploads\/2021\/02\/Nakajima_Kikka_12.jpg 500w, https:\/\/minijets.org\/wp-content\/uploads\/2021\/02\/Nakajima_Kikka_12-300x176.jpg 300w, https:\/\/minijets.org\/wp-content\/uploads\/2021\/02\/Nakajima_Kikka_12-18x12.jpg 18w\" sizes=\"auto, (max-width: 500px) 100vw, 500px\" \/><figcaption class=\"wp-element-caption\">Unassembled Kikka in Nakajima&#8217;s factory. Source : Kokufan 09.1979<\/figcaption><\/figure>\n<\/div>\n<\/div>\n\n\n\n<div class=\"wp-block-columns is-layout-flex wp-container-core-columns-is-layout-28f84493 wp-block-columns-is-layout-flex\">\n<div class=\"wp-block-column is-layout-flow wp-block-column-is-layout-flow\">\n<figure class=\"wp-block-image size-full\"><img loading=\"lazy\" decoding=\"async\" width=\"500\" height=\"204\" src=\"http:\/\/minijets.org\/wp-content\/uploads\/2021\/02\/Nakajima_Kikka_14.jpg\" alt=\"\" class=\"wp-image-3623\" srcset=\"https:\/\/minijets.org\/wp-content\/uploads\/2021\/02\/Nakajima_Kikka_14.jpg 500w, https:\/\/minijets.org\/wp-content\/uploads\/2021\/02\/Nakajima_Kikka_14-300x122.jpg 300w, https:\/\/minijets.org\/wp-content\/uploads\/2021\/02\/Nakajima_Kikka_14-18x7.jpg 18w\" sizes=\"auto, (max-width: 500px) 100vw, 500px\" \/><figcaption class=\"wp-element-caption\">Other picture of the Kikka 2d. prototype. Source : RAF Flying Review, April 1955<\/figcaption><\/figure>\n<\/div>\n\n\n\n<div class=\"wp-block-column is-layout-flow wp-block-column-is-layout-flow\">\n<figure class=\"wp-block-image size-full\"><img loading=\"lazy\" decoding=\"async\" width=\"500\" height=\"202\" src=\"http:\/\/minijets.org\/wp-content\/uploads\/2021\/02\/Nakajima_Kikka_13.jpg\" alt=\"\" class=\"wp-image-3636\" srcset=\"https:\/\/minijets.org\/wp-content\/uploads\/2021\/02\/Nakajima_Kikka_13.jpg 500w, https:\/\/minijets.org\/wp-content\/uploads\/2021\/02\/Nakajima_Kikka_13-300x121.jpg 300w, https:\/\/minijets.org\/wp-content\/uploads\/2021\/02\/Nakajima_Kikka_13-18x7.jpg 18w\" sizes=\"auto, (max-width: 500px) 100vw, 500px\" \/><figcaption class=\"wp-element-caption\">Unassembled Kikka in Nakajima&#8217;s factory.<\/figcaption><\/figure>\n<\/div>\n<\/div>\n\n\n\n<p><\/p>\n\n\n\n<div class=\"wp-block-columns is-layout-flex wp-container-core-columns-is-layout-28f84493 wp-block-columns-is-layout-flex\">\n<div class=\"wp-block-column is-layout-flow wp-block-column-is-layout-flow\">\n<figure class=\"wp-block-image size-full\"><img loading=\"lazy\" decoding=\"async\" width=\"500\" height=\"167\" src=\"http:\/\/minijets.org\/wp-content\/uploads\/2021\/02\/Nakajima_Kikka_15.jpg\" alt=\"\" class=\"wp-image-3643\" srcset=\"https:\/\/minijets.org\/wp-content\/uploads\/2021\/02\/Nakajima_Kikka_15.jpg 500w, https:\/\/minijets.org\/wp-content\/uploads\/2021\/02\/Nakajima_Kikka_15-300x100.jpg 300w, https:\/\/minijets.org\/wp-content\/uploads\/2021\/02\/Nakajima_Kikka_15-18x6.jpg 18w\" sizes=\"auto, (max-width: 500px) 100vw, 500px\" \/><\/figure>\n<\/div>\n\n\n\n<div class=\"wp-block-column is-layout-flow wp-block-column-is-layout-flow\">\n<figure class=\"wp-block-image size-full\"><img loading=\"lazy\" decoding=\"async\" width=\"500\" height=\"167\" src=\"http:\/\/minijets.org\/wp-content\/uploads\/2021\/02\/Nakajima_Kikka_16.jpg\" alt=\"\" class=\"wp-image-3642\" srcset=\"https:\/\/minijets.org\/wp-content\/uploads\/2021\/02\/Nakajima_Kikka_16.jpg 500w, https:\/\/minijets.org\/wp-content\/uploads\/2021\/02\/Nakajima_Kikka_16-300x100.jpg 300w, https:\/\/minijets.org\/wp-content\/uploads\/2021\/02\/Nakajima_Kikka_16-18x6.jpg 18w\" sizes=\"auto, (max-width: 500px) 100vw, 500px\" \/><\/figure>\n<\/div>\n<\/div>\n\n\n\n<h2 class=\"wp-block-heading\">Survivors<\/h2>\n\n\n\n<h3 class=\"wp-block-heading\">Le Kikka du NASM<\/h3>\n\n\n\n<p>The <strong>National Air and Space Museum<\/strong> (NASM) poss\u00e8de le seul exemplaire connu de l&#8217;avion \u00e0 r\u00e9action exp\u00e9rimental japonais <strong>Nakajima Kikka<\/strong>, con\u00e7u \u00e0 la fin de la Seconde Guerre mondiale. Cet appareil a \u00e9t\u00e9 assembl\u00e9 \u00e0 partir de pi\u00e8ces provenant des 25 Kikka pr\u00e9-production en cours de fabrication \u00e0 la fin de la guerre.<\/p>\n\n\n\n<p>Bien que les syst\u00e8mes internes de l&#8217;appareil soient incomplets, l&#8217;avion a \u00e9t\u00e9 en grande partie restaur\u00e9. Le train d&#8217;atterrissage, qui avait \u00e9t\u00e9 endommag\u00e9 lors de la sortie de piste du pilote d&#8217;essai <strong>Takaoka Susumu<\/strong> lors du deuxi\u00e8me vol, ne montre plus de traces de ces dommages. Le mus\u00e9e dispose \u00e9galement de deux moteurs <strong>Ne-20<\/strong>, qui pourraient \u00eatre utilis\u00e9s lors de futures restaurations pour reconstruire l&#8217;avion.<\/p>\n\n\n\n<p>The <strong>Kikka<\/strong> du NASM est expos\u00e9 au <strong>Steven F. Udvar-Hazy Center<\/strong>.<\/p>\n\n\n\n<p><strong>Source<\/strong>&nbsp;:&nbsp;RCAF War Prize Flights, German and Japanese Warbird Survivors. Harold A.Skaarup<\/p>\n\n\n\n<h2 class=\"wp-block-heading\">Sources and Notes<\/h2>\n\n\n        <div class=\"wp-block-getwid-custom-post-type custom-post-type-post has-layout-list\">\n            <div class=\"wp-block-getwid-custom-post-type__wrapper\">\n                \t\t\t\t\t\t\t\t<div class='wp-block-getwid-custom-post-type__post'>\n\t\t\t\t\t\t\t\t\t\n<div class=\"wp-block-columns is-layout-flex wp-container-core-columns-is-layout-28f84493 wp-block-columns-is-layout-flex\">\n<div class=\"wp-block-column is-layout-flow wp-block-column-is-layout-flow\" style=\"flex-basis:25%\">\n<div class=\"wp-block-getwid-template-post-featured-image\" >\n            <a href=\"http:\/\/minijets.org\/en\/2024\/10\/14\/takaoka-susumu\/\">\n        <img loading=\"lazy\" decoding=\"async\" width=\"398\" height=\"470\" src=\"https:\/\/minijets.org\/wp-content\/uploads\/2024\/10\/Takaoka_Susumu.webp\" class=\"attachment-full size-full wp-post-image\" alt=\"Takaoka Susumu\" srcset=\"https:\/\/minijets.org\/wp-content\/uploads\/2024\/10\/Takaoka_Susumu.webp 398w, https:\/\/minijets.org\/wp-content\/uploads\/2024\/10\/Takaoka_Susumu-10x12.webp 10w, https:\/\/minijets.org\/wp-content\/uploads\/2024\/10\/Takaoka_Susumu-254x300.webp 254w\" sizes=\"auto, (max-width: 398px) 100vw, 398px\" \/>            <\/a>\n    <\/div>\n<\/div>\n\n\n\n<div class=\"wp-block-column is-layout-flow wp-block-column-is-layout-flow\" style=\"flex-basis:75%\">\n<h3 class=\"wp-block-getwid-template-post-title minijets_custom_title\"><a class=\"wp-block-getwid-template-post-title__link\" href=\"http:\/\/minijets.org\/en\/2024\/10\/14\/takaoka-susumu\/\">Takaoka Susumu<\/a><\/h3>\n\n\n<div class=\"wp-block-getwid-template-acf-wysiwyg custom-field-sous-titre\"  style=\"font-weight: bold;font-size: 15px;\">\n    Pilote d&#8217;essai Japonais<\/div>\n\n\n\n<div class=\"wp-block-getwid-template-post-content is-excerpt\" ><p>Une figure de l&#8217;aviation japonaise N\u00e9 en 1912 dans la ville de Tadotsu, Takaoka Susumu a travers\u00e9 l&#8217;une des p\u00e9riodes les plus transformatrices de l&#8217;aviation japonaise. De la Marine imp\u00e9riale aux Forces japonaises d&#8217;autod\u00e9fense, il a laiss\u00e9 une empreinte durable dans l&#8217;histoire de l&#8217;aviation, notamment en participant au premier vol d\u2019un jet japonais. Un parcours&hellip;<\/p><\/div>\n\n\n\n<div class=\"wp-block-getwid-template-post-button wp-block-button minijets_custom_button\" >\n    <a href=\"http:\/\/minijets.org\/en\/2024\/10\/14\/takaoka-susumu\/\" class=\"wp-block-button__link has-background has-white-background-color has-text-color has-vivid-cyan-blue-color\">\n\t\tRead More\t<\/a>\n<\/div>\n\n\n<\/div>\n<\/div>\n\t\t\t\t\t\t\t\t<\/div>\n\t\t\t\t\t\t\t            <\/div>\n\n                    <\/div>","protected":false},"excerpt":{"rendered":"<p>Le Nakajima Kikka \u00e9tait un chasseur \u00e0 r\u00e9action exp\u00e9rimental japonais, con\u00e7u, \u00e0 la fin de la Seconde Guerre mondiale, par Kazuo Ohno et Kenichi Matsumura. L&#8217;int\u00e9r\u00eat du Japon pour les avions \u00e0 r\u00e9action s&#8217;est accru en septembre 1944, lorsque l&#8217;attach\u00e9 de l&#8217;air japonais \u00e0 Berlin a envoy\u00e9 un grand nombre de rapports d\u00e9taill\u00e9s sur le [&hellip;]<\/p>","protected":false},"author":1,"featured_media":3625,"parent":5188,"menu_order":0,"comment_status":"closed","ping_status":"closed","template":"","meta":{"_acf_changed":false,"cybocfi_hide_featured_image":"","footnotes":""},"categories":[20],"tags":[],"planes-000-100":[],"class_list":["post-5357","page","type-page","status-publish","has-post-thumbnail","hentry","category-plane-300-500"],"blocksy_meta":[],"acf":[],"_links":{"self":[{"href":"http:\/\/minijets.org\/en\/wp-json\/wp\/v2\/pages\/5357","targetHints":{"allow":["GET"]}}],"collection":[{"href":"http:\/\/minijets.org\/en\/wp-json\/wp\/v2\/pages"}],"about":[{"href":"http:\/\/minijets.org\/en\/wp-json\/wp\/v2\/types\/page"}],"author":[{"embeddable":true,"href":"http:\/\/minijets.org\/en\/wp-json\/wp\/v2\/users\/1"}],"replies":[{"embeddable":true,"href":"http:\/\/minijets.org\/en\/wp-json\/wp\/v2\/comments?post=5357"}],"version-history":[{"count":9,"href":"http:\/\/minijets.org\/en\/wp-json\/wp\/v2\/pages\/5357\/revisions"}],"predecessor-version":[{"id":9390,"href":"http:\/\/minijets.org\/en\/wp-json\/wp\/v2\/pages\/5357\/revisions\/9390"}],"up":[{"embeddable":true,"href":"http:\/\/minijets.org\/en\/wp-json\/wp\/v2\/pages\/5188"}],"wp:featuredmedia":[{"embeddable":true,"href":"http:\/\/minijets.org\/en\/wp-json\/wp\/v2\/media\/3625"}],"wp:attachment":[{"href":"http:\/\/minijets.org\/en\/wp-json\/wp\/v2\/media?parent=5357"}],"wp:term":[{"taxonomy":"category","embeddable":true,"href":"http:\/\/minijets.org\/en\/wp-json\/wp\/v2\/categories?post=5357"},{"taxonomy":"post_tag","embeddable":true,"href":"http:\/\/minijets.org\/en\/wp-json\/wp\/v2\/tags?post=5357"},{"taxonomy":"planes-000-100","embeddable":true,"href":"http:\/\/minijets.org\/en\/wp-json\/wp\/v2\/planes-000-100?post=5357"}],"curies":[{"name":"wp","href":"https:\/\/api.w.org\/{rel}","templated":true}]}}