{"id":6092,"date":"2022-08-24T11:58:50","date_gmt":"2022-08-24T09:58:50","guid":{"rendered":"http:\/\/tst.minijets.org\/?page_id=6092"},"modified":"2022-11-03T14:17:25","modified_gmt":"2022-11-03T13:17:25","slug":"projet-foxjet-3","status":"publish","type":"page","link":"http:\/\/minijets.org\/en\/300-500\/williams-wr44\/projet-foxjet-3\/","title":{"rendered":"Foxjet 3"},"content":{"rendered":"<p>Lors de la convention de la NBAA de\u00a01977, <strong>Tony Fox<\/strong>, CEO de la compagnie Foxjet International,<strong>\u00a0<\/strong>d\u00e9voilait, sous forme d&#8217;une maquette, son mod\u00e8le\u00a0<strong>Foxjet 3<\/strong>, <strong>trir\u00e9acteur\u00a0<\/strong>directement d\u00e9riv\u00e9 du bir\u00e9acteur <a href=\"https:\/\/minijets.org\/en\/300-500\/williams-wr44\/projet-foxjet-st600\/\" data-type=\"page\" data-id=\"6042\">Foxjet ST600<\/a>. L&#8217;appareil \u00e9tait propos\u00e9 au prix d&#8217;environ 750 000 dollars contre 500 000 dollars pour le bir\u00e9acteur.<\/p>\n\n\n\n<div class=\"wp-block-columns is-layout-flex wp-container-core-columns-is-layout-28f84493 wp-block-columns-is-layout-flex\">\n<div class=\"wp-block-column is-layout-flow wp-block-column-is-layout-flow\">\n<figure class=\"wp-block-image size-full\"><img loading=\"lazy\" decoding=\"async\" width=\"500\" height=\"259\" src=\"http:\/\/minijets.org\/wp-content\/uploads\/2022\/08\/FoxJet_3_-_01.jpg\" alt=\"Foxjet 3\" class=\"wp-image-5733\" srcset=\"https:\/\/minijets.org\/wp-content\/uploads\/2022\/08\/FoxJet_3_-_01.jpg 500w, https:\/\/minijets.org\/wp-content\/uploads\/2022\/08\/FoxJet_3_-_01-300x155.jpg 300w, https:\/\/minijets.org\/wp-content\/uploads\/2022\/08\/FoxJet_3_-_01-18x9.jpg 18w\" sizes=\"auto, (max-width: 500px) 100vw, 500px\" \/><figcaption class=\"wp-element-caption\"><em>Maquette du Foxjet 3, pr\u00e9sent\u00e9e \u00e0 la NBAA de 1977. Source : Aviation Magazine octobre 1977<\/em><\/figcaption><\/figure>\n\n\n\n<figure class=\"wp-block-image size-full\"><img loading=\"lazy\" decoding=\"async\" width=\"500\" height=\"448\" src=\"http:\/\/minijets.org\/wp-content\/uploads\/2022\/08\/FoxJet_3_-_02.jpg\" alt=\"Foxjet 3\" class=\"wp-image-5730\" srcset=\"https:\/\/minijets.org\/wp-content\/uploads\/2022\/08\/FoxJet_3_-_02.jpg 500w, https:\/\/minijets.org\/wp-content\/uploads\/2022\/08\/FoxJet_3_-_02-300x269.jpg 300w, https:\/\/minijets.org\/wp-content\/uploads\/2022\/08\/FoxJet_3_-_02-13x12.jpg 13w\" sizes=\"auto, (max-width: 500px) 100vw, 500px\" \/><figcaption class=\"wp-element-caption\">Maquette du Foxjet 3. Source : Aviation week, octobre 1977<\/figcaption><\/figure>\n<\/div>\n\n\n\n<div class=\"wp-block-column is-layout-flow wp-block-column-is-layout-flow\">\n<p>Le nouvel appareil devait voler \u00e0 &nbsp;plus de 800 km-h en croisi\u00e8re et se poser \u00e0 &nbsp;140 km-h. La masse \u00e0 &nbsp;vide \u00e9tait estim\u00e9e \u00e0 &nbsp;1 134 kg pour une masse totale de 2 040 kg.<\/p>\n\n\n\n<p>Les modifications dict\u00e9es par rapport au bir\u00e9acteur impliquaient une nouvelle position de l&#8217;aile (centrage) et, bien s\u00fbr, une nouvelle structure de la d\u00e9rive qui voit passer, dans son emplanture, la manche d&#8217;alimentation du troisi\u00e8me r\u00e9acteur.<\/p>\n\n\n\n<p>Comme le bir\u00e9acteur, le nouvel appareil devait emporter un pilote et quatre passagers avec peu de bagages, ou trois passagers sans limitation de bagages.<\/p>\n\n\n\n<p>Les arguments ayant dict\u00e9 la d\u00e9finition du trir\u00e9acteur \u00e9taient, selon son constructeur, le fait que les vols d&#8217;affaires les plus courants comportent l&#8217;emport de 2, 3 personnes en moyenne annuelle, et ce sur des distances n&#8217;exc\u00e9dant pas 800 ou 1 100 km. C&#8217;est pourquoi l&#8217;autonomie du \u00ab Foxjet 3 \u00bb avaient \u00e9t\u00e9 fig\u00e9e autour de 1 600 km au maximum.<\/p>\n\n\n\n<p>Les trois r\u00e9acteurs devaient \u00eatre, bien s\u00fbr, les m\u00eames que ceux employ\u00e9s sur le bir\u00e9acteur, \u00e0 &nbsp;savoir des <a href=\"https:\/\/minijets.org\/en\/300-500\/williams-wr44\/\" data-type=\"page\" data-id=\"6039\">Williams WR44<\/a> d&#8217;une pouss\u00e9e de 272 kgp, \u00e0 &nbsp;double flux, pesant 64 kg.<\/p>\n\n\n\n<p>Ce projet comme le pr\u00e9c\u00e9dent a \u00e9t\u00e9 abandonn\u00e9.<\/p>\n<\/div>\n<\/div>\n\n\n\n<h2 class=\"wp-block-heading\">Plans 3 vues du Foxjet 3<\/h2>\n\n\n\n<figure class=\"wp-block-image size-full\"><img loading=\"lazy\" decoding=\"async\" width=\"950\" height=\"446\" src=\"http:\/\/minijets.org\/wp-content\/uploads\/2022\/08\/FoxJet_3_-_P3views.jpg\" alt=\"Foxjet 3, P3 views\" class=\"wp-image-5732\" srcset=\"https:\/\/minijets.org\/wp-content\/uploads\/2022\/08\/FoxJet_3_-_P3views.jpg 950w, https:\/\/minijets.org\/wp-content\/uploads\/2022\/08\/FoxJet_3_-_P3views-300x141.jpg 300w, https:\/\/minijets.org\/wp-content\/uploads\/2022\/08\/FoxJet_3_-_P3views-768x361.jpg 768w, https:\/\/minijets.org\/wp-content\/uploads\/2022\/08\/FoxJet_3_-_P3views-18x8.jpg 18w, https:\/\/minijets.org\/wp-content\/uploads\/2022\/08\/FoxJet_3_-_P3views-520x245.jpg 520w\" sizes=\"auto, (max-width: 950px) 100vw, 950px\" \/><figcaption class=\"wp-element-caption\"><em>Plan 3 vues du Foxjet 3<\/em><\/figcaption><\/figure>","protected":false},"excerpt":{"rendered":"<p>Lors de la convention de la NBAA de\u00a01977, Tony Fox, CEO de la compagnie Foxjet International,\u00a0d\u00e9voilait, sous forme d&#8217;une maquette, son mod\u00e8le\u00a0Foxjet 3, trir\u00e9acteur\u00a0directement d\u00e9riv\u00e9 du bir\u00e9acteur Foxjet ST600. L&#8217;appareil \u00e9tait propos\u00e9 au prix d&#8217;environ 750 000 dollars contre 500 000 dollars pour le bir\u00e9acteur. Le nouvel appareil devait voler \u00e0 &nbsp;plus de 800 km-h [&hellip;]<\/p>","protected":false},"author":1,"featured_media":6099,"parent":6039,"menu_order":0,"comment_status":"closed","ping_status":"closed","template":"","meta":{"_acf_changed":false,"cybocfi_hide_featured_image":"","footnotes":""},"categories":[20],"tags":[],"planes-000-100":[],"class_list":["post-6092","page","type-page","status-publish","has-post-thumbnail","hentry","category-plane-300-500"],"blocksy_meta":[],"acf":[],"_links":{"self":[{"href":"http:\/\/minijets.org\/en\/wp-json\/wp\/v2\/pages\/6092","targetHints":{"allow":["GET"]}}],"collection":[{"href":"http:\/\/minijets.org\/en\/wp-json\/wp\/v2\/pages"}],"about":[{"href":"http:\/\/minijets.org\/en\/wp-json\/wp\/v2\/types\/page"}],"author":[{"embeddable":true,"href":"http:\/\/minijets.org\/en\/wp-json\/wp\/v2\/users\/1"}],"replies":[{"embeddable":true,"href":"http:\/\/minijets.org\/en\/wp-json\/wp\/v2\/comments?post=6092"}],"version-history":[{"count":0,"href":"http:\/\/minijets.org\/en\/wp-json\/wp\/v2\/pages\/6092\/revisions"}],"up":[{"embeddable":true,"href":"http:\/\/minijets.org\/en\/wp-json\/wp\/v2\/pages\/6039"}],"wp:featuredmedia":[{"embeddable":true,"href":"http:\/\/minijets.org\/en\/wp-json\/wp\/v2\/media\/6099"}],"wp:attachment":[{"href":"http:\/\/minijets.org\/en\/wp-json\/wp\/v2\/media?parent=6092"}],"wp:term":[{"taxonomy":"category","embeddable":true,"href":"http:\/\/minijets.org\/en\/wp-json\/wp\/v2\/categories?post=6092"},{"taxonomy":"post_tag","embeddable":true,"href":"http:\/\/minijets.org\/en\/wp-json\/wp\/v2\/tags?post=6092"},{"taxonomy":"planes-000-100","embeddable":true,"href":"http:\/\/minijets.org\/en\/wp-json\/wp\/v2\/planes-000-100?post=6092"}],"curies":[{"name":"wp","href":"https:\/\/api.w.org\/{rel}","templated":true}]}}