{"id":6181,"date":"2022-08-26T15:31:15","date_gmt":"2022-08-26T13:31:15","guid":{"rendered":"http:\/\/tst.minijets.org\/?page_id=6181"},"modified":"2022-11-09T12:14:14","modified_gmt":"2022-11-09T11:14:14","slug":"pulse-jets","status":"publish","type":"page","link":"http:\/\/minijets.org\/en\/pulse-jets\/","title":{"rendered":"Pulsejets"},"content":{"rendered":"<p>Les pulsor\u00e9acteurs sont des moteurs \u00e0 r\u00e9action cyclique. Le premier brevet d\u00e9crivant un syst\u00e8me propulsif \u00e0 r\u00e9action est attribu\u00e9 au fran\u00e7ais Jean charles Delouvrier, dit Charles de Louvri\u00e9. Cet ing\u00e9nieur fran\u00e7ais soumit, en 1863, \u00e0 l&#8217;Acad\u00e9mie des sciences un projet d&#8217;appareil, l&#8217;A\u00e9ronave, m\u00fb par l&#8217;\u00e9jection d&#8217;un fluide sous pression apr\u00e8s apport de chaleur((source : Encyclopedia Universalis)).<\/p>\n\n\n\n<div class=\"wp-block-columns is-layout-flex wp-container-core-columns-is-layout-28f84493 wp-block-columns-is-layout-flex\">\n<div class=\"wp-block-column is-layout-flow wp-block-column-is-layout-flow\">\n<figure class=\"wp-block-image size-full\"><img loading=\"lazy\" decoding=\"async\" width=\"500\" height=\"229\" src=\"http:\/\/minijets.org\/wp-content\/uploads\/2022\/08\/Aeronave.jpg\" alt=\"Pulsor\u00e9acteurs\" class=\"wp-image-6190\" srcset=\"https:\/\/minijets.org\/wp-content\/uploads\/2022\/08\/Aeronave.jpg 500w, https:\/\/minijets.org\/wp-content\/uploads\/2022\/08\/Aeronave-300x137.jpg 300w, https:\/\/minijets.org\/wp-content\/uploads\/2022\/08\/Aeronave-18x8.jpg 18w\" sizes=\"auto, (max-width: 500px) 100vw, 500px\" \/><figcaption class=\"wp-element-caption\">L&#8217;a\u00e9ronave Charles de Louvri\u00e9<\/figcaption><\/figure>\n<\/div>\n\n\n\n<div class=\"wp-block-column is-layout-flow wp-block-column-is-layout-flow\">\n<figure class=\"wp-block-image size-medium is-resized\"><img loading=\"lazy\" decoding=\"async\" src=\"http:\/\/minijets.org\/wp-content\/uploads\/2022\/08\/jean-charles-de-louvrie-1868-2-193x300.jpg\" alt=\"Charles de Louvri\u00e9\" class=\"wp-image-6193\" width=\"192\" height=\"299\" srcset=\"https:\/\/minijets.org\/wp-content\/uploads\/2022\/08\/jean-charles-de-louvrie-1868-2-193x300.jpg 193w, https:\/\/minijets.org\/wp-content\/uploads\/2022\/08\/jean-charles-de-louvrie-1868-2-659x1024.jpg 659w, https:\/\/minijets.org\/wp-content\/uploads\/2022\/08\/jean-charles-de-louvrie-1868-2-768x1193.jpg 768w, https:\/\/minijets.org\/wp-content\/uploads\/2022\/08\/jean-charles-de-louvrie-1868-2-8x12.jpg 8w, https:\/\/minijets.org\/wp-content\/uploads\/2022\/08\/jean-charles-de-louvrie-1868-2.jpg 800w\" sizes=\"auto, (max-width: 192px) 100vw, 192px\" \/><figcaption class=\"wp-element-caption\">Charles de Louvri\u00e9<\/figcaption><\/figure>\n<\/div>\n<\/div>\n\n\n\n<p>Il existe deux type de Pulsor\u00e9acteur, ceux avec clapets (comme l&#8217;Argus AS14 de la tristement c\u00e9l\u00e8bre bombe volante V1), et ceux sans clapet (comme l&#8217;escopette de la SNECMA, pr\u00e9sent\u00e9e sur notre site) <\/p>\n\n\n\n<h2 class=\"wp-block-heading\">Principes de fonctionnement<\/h2>\n\n\n\n<p>Le cycle de fonctionnement du Pulsor\u00e9acteur est le suivant :<\/p>\n\n\n\n<h3 class=\"wp-block-heading\">Admission<\/h3>\n\n\n\n<p>Le vent relatif fait entrer l&#8217;air dans la chambre de combustion \u00e0 travers les clapets. En avant de la chambre, du carburant est pulv\u00e9ris\u00e9 dans le flux d&#8217;air.<\/p>\n\n\n\n<h3 class=\"wp-block-heading\">Combustion<\/h3>\n\n\n\n<p>lorsque la chambre de combustion est froide, les bougies provoquent la combustion du m\u00e9lange avant qu&#8217;il ne sorte de la chambre. Lorsque la chambre de combustion est chaude, les bougies ne sont plus n\u00e9cessaires et le cycle de combustion s&#8217;auto-entretient. La pression engendr\u00e9e \u00e9tant sup\u00e9rieure \u00e0 la pression exerc\u00e9e par l&#8217;air ext\u00e9rieur sur les clapets, ceux-ci se ferment.<\/p>\n\n\n\n<h3 class=\"wp-block-heading\">D\u00e9tente<\/h3>\n\n\n\n<p>Les gaz de combustion s&#8217;\u00e9chappent par la tuy\u00e8re, o\u00f9 leur d\u00e9tente provoque la pouss\u00e9e. Quand la pression dans la chambre de combustion retombe en dessous de la pression exerc\u00e9e par l&#8217;air sur les clapets, ceux-ci s&#8217;ouvrent pour commencer un nouveau cycle. Un cycle a une dur\u00e9e d&#8217;autant plus courte que la vitesse est \u00e9lev\u00e9e, souvent inf\u00e9rieure au dixi\u00e8me de seconde.<\/p>\n\n\n\n<h2 class=\"wp-block-heading\">Avantages et inconv\u00e9nients<\/h2>\n\n\n\n<h3 class=\"wp-block-heading\">Avantages<\/h3>\n\n\n\n<ul class=\"wp-block-list\">\n<li>Il peut fonctionner \u00e0 faible vitesse,<\/li>\n\n\n\n<li>Il est d&#8217;une construction relativement simple et peu co\u00fbteuse.<\/li>\n<\/ul>\n\n\n\n<h3 class=\"wp-block-heading\">Inconv\u00e9nients<\/h3>\n\n\n\n<ul class=\"wp-block-list\">\n<li>Il est tr\u00e8s bruyant,<\/li>\n\n\n\n<li>Son rendement est m\u00e9diocre,&nbsp;<\/li>\n\n\n\n<li>Il fonctionne uniquement en tout ou rien (la pouss\u00e9e ne peut pas \u00eatre command\u00e9e).<\/li>\n<\/ul>\n\n\n\n<h2 class=\"wp-block-heading\">Histoire<\/h2>\n\n\n\n<p>Les premi\u00e8res exp\u00e9rimentations de Pulsor\u00e9acteurs remontent au d\u00e9but du vingti\u00e8me si\u00e8cle. <\/p>\n\n\n\n<p>En <strong>1908<\/strong>, en Russie, o\u00f9 Karavodine construit un g\u00e9n\u00e9rateur d&#8217;une puissance de 2 ch pour une consommation de 5 kg par Ch\/h. <\/p>\n\n\n\n<p>A peu pr\u00e8s \u00e0 la m\u00eame \u00e9poque en France, Robert Esnault-Pelterie a \u00e9galement r\u00e9alis\u00e9 un g\u00e9n\u00e9rateur de gaz dont le principe \u00e9tait sensiblement le m\u00eame, \u00e0 la diff\u00e9rence pr\u00eat que la sortie comme l&#8217;entr\u00e9e comportait des volets.<\/p>\n\n\n\n<p>Des brevets ont \u00e9t\u00e9 pris en France comme en Allemagne vers <strong>1930<\/strong>, tandis que la construction en s\u00e9rie des premiers moteurs ne d\u00e9butera que vers <strong>1942.<\/strong> Ces derniers con\u00e7u et construit par Argus, pour la bombe volante V1, exploiteront le brevet d\u00e9pos\u00e9 en 1931 par Paul Schmidt.<\/p>\n\n\n\n<p>Bien que les Am\u00e9ricains aient tent\u00e9 quelques exp\u00e9rience avant la guerre, ce n&#8217;est qu&#8217;apr\u00e8s celle-ci, avec la r\u00e9cup\u00e9ration des premiers V1 qu&#8217;ils produiront quelques moteurs am\u00e9lior\u00e9s.<\/p>\n\n\n\n<p>Des travaux compl\u00e9mentaires, principalement sur des pulsor\u00e9acteurs sans clapets continueront dans les ann\u00e9es 50 en France (Ecsopette), en Pologne (Wojciki) et aux Etats-Unis (Gluhareff)<\/p>\n\n\n\n<p>Si on se cantonne au domaine purement a\u00e9ronautique, l&#8217;utilisation des pulsor\u00e9acteur est aujour&#8217;hui circonscrite aux Mod\u00e8les-r\u00e9duits <\/p>\n\n\n\n<h2 class=\"wp-block-heading\">Application<\/h2>\n\n\n        <div class=\"wp-block-getwid-custom-post-type custom-post-type-page has-layout-list\">\n            <div class=\"wp-block-getwid-custom-post-type__wrapper\">\n                \t\t\t\t\t\t\t\t<div class='wp-block-getwid-custom-post-type__post'>\n\t\t\t\t\t\t\t\t\t\n<div class=\"wp-block-columns is-layout-flex wp-container-core-columns-is-layout-28f84493 wp-block-columns-is-layout-flex\">\n<div class=\"wp-block-column is-layout-flow wp-block-column-is-layout-flow\" style=\"flex-basis:25%\">\n<div class=\"wp-block-getwid-template-post-featured-image\" >\n            <a href=\"http:\/\/minijets.org\/en\/pulse-jets\/gluhareff-pressure-jet\/\">\n        <img loading=\"lazy\" decoding=\"async\" width=\"345\" height=\"305\" src=\"https:\/\/minijets.org\/wp-content\/uploads\/2022\/08\/Eugene-Gluhareff.jpg\" class=\"attachment-full size-full wp-post-image\" alt=\"Gluhareff Pressure Jet\" srcset=\"https:\/\/minijets.org\/wp-content\/uploads\/2022\/08\/Eugene-Gluhareff.jpg 345w, https:\/\/minijets.org\/wp-content\/uploads\/2022\/08\/Eugene-Gluhareff-300x265.jpg 300w, https:\/\/minijets.org\/wp-content\/uploads\/2022\/08\/Eugene-Gluhareff-14x12.jpg 14w\" sizes=\"auto, (max-width: 345px) 100vw, 345px\" \/>            <\/a>\n    <\/div>\n<\/div>\n\n\n\n<div class=\"wp-block-column is-layout-flow wp-block-column-is-layout-flow\" style=\"flex-basis:75%\">\n<h3 class=\"wp-block-getwid-template-post-title minijets_custom_title\"><a class=\"wp-block-getwid-template-post-title__link\" href=\"http:\/\/minijets.org\/en\/pulse-jets\/gluhareff-pressure-jet\/\">Gluhareff Pressure Jet<\/a><\/h3>\n\n\n<div class=\"wp-block-getwid-template-acf-wysiwyg custom-field-sous-titre\"  style=\"font-weight: bold;font-size: 15px;\">\n    <\/div>\n\n\n\n<div class=\"wp-block-getwid-template-post-content is-excerpt\" ><p>EMG G8-2-130 Gluhareff Pressure Jet The&nbsp;Gluhareff Pressure Jet&nbsp;is a valveless pulse jet. It was invented by Eugene Michael Gluhareff, a Russian engineer who moved to the United States in the early 1920s. Eugene&nbsp;wanted to use it as a power plant for personal helicopters and light aircraft. Specifications Eugene&#8217;s Pulse jet was&nbsp;a fully throttleable jet engine&hellip;<\/p><\/div>\n\n\n\n<div class=\"wp-block-getwid-template-post-button wp-block-button minijets_custom_button\" >\n    <a href=\"http:\/\/minijets.org\/en\/pulse-jets\/gluhareff-pressure-jet\/\" class=\"wp-block-button__link has-background has-white-background-color has-text-color has-vivid-cyan-blue-color\">\n\t\tRead More\t<\/a>\n<\/div>\n\n\n<\/div>\n<\/div>\n\t\t\t\t\t\t\t\t<\/div>\n\t\t\t\t\t\t\t\t\t\t\t\t\t\t\t<div class='wp-block-getwid-custom-post-type__post'>\n\t\t\t\t\t\t\t\t\t\n<div class=\"wp-block-columns is-layout-flex wp-container-core-columns-is-layout-28f84493 wp-block-columns-is-layout-flex\">\n<div class=\"wp-block-column is-layout-flow wp-block-column-is-layout-flow\" style=\"flex-basis:25%\">\n<div class=\"wp-block-getwid-template-post-featured-image\" >\n            <a href=\"http:\/\/minijets.org\/en\/pulse-jets\/snecma-escopette\/\">\n        <img loading=\"lazy\" decoding=\"async\" width=\"1243\" height=\"818\" src=\"https:\/\/minijets.org\/wp-content\/uploads\/2022\/08\/Escopette-01.jpg\" class=\"attachment-full size-full wp-post-image\" alt=\"SNECMA Escopette\" srcset=\"https:\/\/minijets.org\/wp-content\/uploads\/2022\/08\/Escopette-01.jpg 1243w, https:\/\/minijets.org\/wp-content\/uploads\/2022\/08\/Escopette-01-300x197.jpg 300w, https:\/\/minijets.org\/wp-content\/uploads\/2022\/08\/Escopette-01-1024x674.jpg 1024w, https:\/\/minijets.org\/wp-content\/uploads\/2022\/08\/Escopette-01-768x505.jpg 768w, https:\/\/minijets.org\/wp-content\/uploads\/2022\/08\/Escopette-01-18x12.jpg 18w\" sizes=\"auto, (max-width: 1243px) 100vw, 1243px\" \/>            <\/a>\n    <\/div>\n<\/div>\n\n\n\n<div class=\"wp-block-column is-layout-flow wp-block-column-is-layout-flow\" style=\"flex-basis:75%\">\n<h3 class=\"wp-block-getwid-template-post-title minijets_custom_title\"><a class=\"wp-block-getwid-template-post-title__link\" href=\"http:\/\/minijets.org\/en\/pulse-jets\/snecma-escopette\/\">SNECMA Escopette<\/a><\/h3>\n\n\n<div class=\"wp-block-getwid-template-acf-wysiwyg custom-field-sous-titre\"  style=\"font-weight: bold;font-size: 15px;\">\n    <\/div>\n\n\n\n<div class=\"wp-block-getwid-template-post-content is-excerpt\" ><p>Le SNECMA Escopette, et ses d\u00e9riv\u00e9es, a pour origine des travaux qui remonte \u00e0\u00a01943, date \u00e0\u00a0laquelle de premi\u00e8res recherches sont effectu\u00e9es par l&#8217;ing\u00e9nieur\u00a0Bertin.\u00a0Orient\u00e9es d\u00e8s l&#8217;origine vers un type de &#8220;pulso&#8221; sans organes mobiles,\u00a0 elles aboutissent en 1948 \u00e0\u00a0 un premier fonctionnement stable et en mars 1950 a la d\u00e9finition de la version &#8220;Escopette&#8221;. L&#8217;Escopette 3340&hellip;<\/p><\/div>\n\n\n\n<div class=\"wp-block-getwid-template-post-button wp-block-button minijets_custom_button\" >\n    <a href=\"http:\/\/minijets.org\/en\/pulse-jets\/snecma-escopette\/\" class=\"wp-block-button__link has-background has-white-background-color has-text-color has-vivid-cyan-blue-color\">\n\t\tRead More\t<\/a>\n<\/div>\n\n\n<\/div>\n<\/div>\n\t\t\t\t\t\t\t\t<\/div>\n\t\t\t\t\t\t\t\t\t\t\t\t\t\t\t<div class='wp-block-getwid-custom-post-type__post'>\n\t\t\t\t\t\t\t\t\t\n<div class=\"wp-block-columns is-layout-flex wp-container-core-columns-is-layout-28f84493 wp-block-columns-is-layout-flex\">\n<div class=\"wp-block-column is-layout-flow wp-block-column-is-layout-flow\" style=\"flex-basis:25%\">\n<div class=\"wp-block-getwid-template-post-featured-image\" >\n            <a href=\"http:\/\/minijets.org\/en\/pulse-jets\/wojcicki-pulsejet\/\">\n        <img loading=\"lazy\" decoding=\"async\" width=\"500\" height=\"260\" src=\"https:\/\/minijets.org\/wp-content\/uploads\/2022\/08\/SZD-09_bocian_puls_03.jpg\" class=\"attachment-full size-full wp-post-image\" alt=\"Wojcicki Pulsejet\" srcset=\"https:\/\/minijets.org\/wp-content\/uploads\/2022\/08\/SZD-09_bocian_puls_03.jpg 500w, https:\/\/minijets.org\/wp-content\/uploads\/2022\/08\/SZD-09_bocian_puls_03-300x156.jpg 300w, https:\/\/minijets.org\/wp-content\/uploads\/2022\/08\/SZD-09_bocian_puls_03-18x9.jpg 18w\" sizes=\"auto, (max-width: 500px) 100vw, 500px\" \/>            <\/a>\n    <\/div>\n<\/div>\n\n\n\n<div class=\"wp-block-column is-layout-flow wp-block-column-is-layout-flow\" style=\"flex-basis:75%\">\n<h3 class=\"wp-block-getwid-template-post-title minijets_custom_title\"><a class=\"wp-block-getwid-template-post-title__link\" href=\"http:\/\/minijets.org\/en\/pulse-jets\/wojcicki-pulsejet\/\">Wojcicki Pulsejet<\/a><\/h3>\n\n\n<div class=\"wp-block-getwid-template-acf-wysiwyg custom-field-sous-titre\"  style=\"font-weight: bold;font-size: 15px;\">\n    <\/div>\n\n\n\n<div class=\"wp-block-getwid-template-post-content is-excerpt\" ><p>Stanislav Wojcicki a con\u00e7u dans la fin des ann\u00e9es 50 des pulso-r\u00e9acteurs tr\u00e8s similaires \u00e0 l&#8217;Escopette de la SNECMA. Le premier de ceux-ci donnait une pouss\u00e9e d&#8217;environ 10 kg (22 lb.). Quatre de ces unit\u00e9s ont \u00e9t\u00e9 mont\u00e9s par paire sous les ailes d&#8217;un planeur Bocian qui servit de banc d&#8217;essai. Fort de cette exp\u00e9rience,&hellip;<\/p><\/div>\n\n\n\n<div class=\"wp-block-getwid-template-post-button wp-block-button minijets_custom_button\" >\n    <a href=\"http:\/\/minijets.org\/en\/pulse-jets\/wojcicki-pulsejet\/\" class=\"wp-block-button__link has-background has-white-background-color has-text-color has-vivid-cyan-blue-color\">\n\t\tRead More\t<\/a>\n<\/div>\n\n\n<\/div>\n<\/div>\n\t\t\t\t\t\t\t\t<\/div>\n\t\t\t\t\t\t\t            <\/div>\n\n                    <\/div>","protected":false},"excerpt":{"rendered":"<p>Les pulsor\u00e9acteurs sont des moteurs \u00e0 r\u00e9action cyclique. Le premier brevet d\u00e9crivant un syst\u00e8me propulsif \u00e0 r\u00e9action est attribu\u00e9 au fran\u00e7ais Jean charles Delouvrier, dit Charles de Louvri\u00e9. Cet ing\u00e9nieur fran\u00e7ais soumit, en 1863, \u00e0 l&#8217;Acad\u00e9mie des sciences un projet d&#8217;appareil, l&#8217;A\u00e9ronave, m\u00fb par l&#8217;\u00e9jection d&#8217;un fluide sous pression apr\u00e8s apport de chaleur((source : Encyclopedia [&hellip;]<\/p>","protected":false},"author":1,"featured_media":0,"parent":0,"menu_order":0,"comment_status":"closed","ping_status":"closed","template":"","meta":{"_acf_changed":false,"cybocfi_hide_featured_image":"","footnotes":""},"categories":[],"tags":[],"planes-000-100":[],"class_list":["post-6181","page","type-page","status-publish","hentry"],"blocksy_meta":[],"acf":[],"_links":{"self":[{"href":"http:\/\/minijets.org\/en\/wp-json\/wp\/v2\/pages\/6181","targetHints":{"allow":["GET"]}}],"collection":[{"href":"http:\/\/minijets.org\/en\/wp-json\/wp\/v2\/pages"}],"about":[{"href":"http:\/\/minijets.org\/en\/wp-json\/wp\/v2\/types\/page"}],"author":[{"embeddable":true,"href":"http:\/\/minijets.org\/en\/wp-json\/wp\/v2\/users\/1"}],"replies":[{"embeddable":true,"href":"http:\/\/minijets.org\/en\/wp-json\/wp\/v2\/comments?post=6181"}],"version-history":[{"count":0,"href":"http:\/\/minijets.org\/en\/wp-json\/wp\/v2\/pages\/6181\/revisions"}],"wp:attachment":[{"href":"http:\/\/minijets.org\/en\/wp-json\/wp\/v2\/media?parent=6181"}],"wp:term":[{"taxonomy":"category","embeddable":true,"href":"http:\/\/minijets.org\/en\/wp-json\/wp\/v2\/categories?post=6181"},{"taxonomy":"post_tag","embeddable":true,"href":"http:\/\/minijets.org\/en\/wp-json\/wp\/v2\/tags?post=6181"},{"taxonomy":"planes-000-100","embeddable":true,"href":"http:\/\/minijets.org\/en\/wp-json\/wp\/v2\/planes-000-100?post=6181"}],"curies":[{"name":"wp","href":"https:\/\/api.w.org\/{rel}","templated":true}]}}