{"id":6302,"date":"2022-08-29T13:18:17","date_gmt":"2022-08-29T11:18:17","guid":{"rendered":"http:\/\/tst.minijets.org\/?page_id=6302"},"modified":"2022-11-05T17:27:11","modified_gmt":"2022-11-05T16:27:11","slug":"bd-5-gluhareff","status":"publish","type":"page","link":"http:\/\/minijets.org\/en\/pulse-jets\/gluhareff-pressure-jet\/bd-5-gluhareff\/","title":{"rendered":"BD-5 Gluhareff"},"content":{"rendered":"<p><strong>Leolan Mcrorey<\/strong>\u00a0est le premier propri\u00e9taire de ce BD-5 Gluhareff \u00e0\u00a0 avoir \u00e9quip\u00e9 son appareil avec des pulsor\u00e9acteurs.Il s&#8217;agit de deux\u00a0<strong><a href=\"https:\/\/minijets.org\/en\/pulse-jets\/gluhareff-pressure-jet\/\" data-type=\"page\" data-id=\"6207\">Gluhareff EMG G8-2-130<\/a><\/strong>. Ces derniers sont mont\u00e9 en podes, sur une barre en acier de chaque cot\u00e9 \u00e0\u00a0\u00a0l&#8217;arri\u00e8re du fuselage.<\/p>\n\n\n\n<p>Cette configuration a \u00e9t\u00e9 retenue pour cr\u00e9er une s\u00e9paration entre les moteurs et la cellule en acier afin d&#8217;\u00e9viter la propagation des ondes sonores.<\/p>\n\n\n\n<div class=\"wp-block-columns is-layout-flex wp-container-core-columns-is-layout-28f84493 wp-block-columns-is-layout-flex\">\n<div class=\"wp-block-column is-layout-flow wp-block-column-is-layout-flow\">\n<figure class=\"wp-block-image size-full\"><img loading=\"lazy\" decoding=\"async\" width=\"261\" height=\"219\" src=\"http:\/\/minijets.org\/wp-content\/uploads\/2022\/08\/bd5-gu1.jpg\" alt=\"BD-5 Gluhareff\" class=\"wp-image-6171\" srcset=\"https:\/\/minijets.org\/wp-content\/uploads\/2022\/08\/bd5-gu1.jpg 261w, https:\/\/minijets.org\/wp-content\/uploads\/2022\/08\/bd5-gu1-14x12.jpg 14w\" sizes=\"auto, (max-width: 261px) 100vw, 261px\" \/><\/figure>\n<\/div>\n\n\n\n<div class=\"wp-block-column is-layout-flow wp-block-column-is-layout-flow\">\n<p>La petite taille du BD-5 a cr\u00e9e un probl\u00e8me majeur, celui du stockage du carburant (ce probl\u00e8me a aussi \u00e9t\u00e9 rencontr\u00e9 sur le cricri MC15J).<\/p>\n\n\n\n<p>Il n&#8217;est parvenu \u00e0&nbsp; embarquer \u00e0&nbsp; bord que 50 litres de propane. Il n&#8217;a trouv\u00e9 de place que pour installer deux r\u00e9servoirs, un de 20 et un de 30 litres. En fait, pour une utilisation int\u00e9ressante, il aurait \u00e9t\u00e9 souhaitable d&#8217;avoir entre 150 et 200 litres.<br>Le carburant doit \u00eatre situ\u00e9 le plus pr\u00e9s possible du centre de gravit\u00e9 du BD-5, avec une tol\u00e9rance de quelques centim\u00e8tres.<\/p>\n<\/div>\n<\/div>\n\n\n\n<div class=\"wp-block-columns is-layout-flex wp-container-core-columns-is-layout-28f84493 wp-block-columns-is-layout-flex\">\n<div class=\"wp-block-column is-layout-flow wp-block-column-is-layout-flow\">\n<figure class=\"wp-block-image size-full\"><img loading=\"lazy\" decoding=\"async\" width=\"252\" height=\"216\" src=\"http:\/\/minijets.org\/wp-content\/uploads\/2022\/08\/bd5-gu2.jpg\" alt=\"BD-5 Gluhareff\" class=\"wp-image-6172\" srcset=\"https:\/\/minijets.org\/wp-content\/uploads\/2022\/08\/bd5-gu2.jpg 252w, https:\/\/minijets.org\/wp-content\/uploads\/2022\/08\/bd5-gu2-14x12.jpg 14w\" sizes=\"auto, (max-width: 252px) 100vw, 252px\" \/><figcaption class=\"wp-element-caption\">Leolan Mcrorey dans son BD-5 bi- G8-2-130, photos prises en 1984 au lac ass\u00e9ch\u00e9 d&#8217;El Mirage en Californie.<\/figcaption><\/figure>\n<\/div>\n\n\n\n<div class=\"wp-block-column is-layout-flow wp-block-column-is-layout-flow\">\n<p>Au lieu d&#8217;installer une double manette des gaz, il a d\u00e9cid\u00e9 de modifier la position des deux moteurs, en les rapprochant fortement du fuselage.<\/p>\n\n\n\n<p>Au cours des tests de l&#8217;avion, Leolan a rencontr\u00e9 un autre probl\u00e8me li\u00e9 cette fois \u00e0&nbsp; la commande de puissance des 2 moteurs qui est unique.<\/p>\n\n\n\n<p>Si l&#8217;un des moteurs produit plus de puissance que l&#8217;autre, en particulier au d\u00e9collage, il lui est impossible du fait de cette commande unique de corriger cette asym\u00e9trie, avec le risque de ne plus pouvoir maintenir l&#8217;avion en ligne de vol.&nbsp;<\/p>\n<\/div>\n<\/div>\n\n\n\n<p>Cette d\u00e9cision \u00e9tait aussi motiv\u00e9e par la constatation qu&#8217;il ne pouvait pas voler correctement sur un moteur \u00e0&nbsp; cause du trop grand bras de levier impos\u00e9 par cette position, et qui ne pouvait \u00eatre corrig\u00e9 au palonnier. La photo ci-dessous montre la nouvelle installation.<\/p>\n\n\n\n<figure class=\"wp-block-image size-full\"><img loading=\"lazy\" decoding=\"async\" width=\"522\" height=\"234\" src=\"http:\/\/minijets.org\/wp-content\/uploads\/2022\/08\/bd5-gluhareff.jpg\" alt=\"BD-5 Gluhareff\" class=\"wp-image-6170\" srcset=\"https:\/\/minijets.org\/wp-content\/uploads\/2022\/08\/bd5-gluhareff.jpg 522w, https:\/\/minijets.org\/wp-content\/uploads\/2022\/08\/bd5-gluhareff-300x134.jpg 300w, https:\/\/minijets.org\/wp-content\/uploads\/2022\/08\/bd5-gluhareff-18x8.jpg 18w, https:\/\/minijets.org\/wp-content\/uploads\/2022\/08\/bd5-gluhareff-520x234.jpg 520w\" sizes=\"auto, (max-width: 522px) 100vw, 522px\" \/><\/figure>","protected":false},"excerpt":{"rendered":"<p>Leolan Mcrorey\u00a0est le premier propri\u00e9taire de ce BD-5 Gluhareff \u00e0\u00a0 avoir \u00e9quip\u00e9 son appareil avec des pulsor\u00e9acteurs.Il s&#8217;agit de deux\u00a0Gluhareff EMG G8-2-130. Ces derniers sont mont\u00e9 en podes, sur une barre en acier de chaque cot\u00e9 \u00e0\u00a0\u00a0l&#8217;arri\u00e8re du fuselage. Cette configuration a \u00e9t\u00e9 retenue pour cr\u00e9er une s\u00e9paration entre les moteurs et la cellule en [&hellip;]<\/p>","protected":false},"author":1,"featured_media":6172,"parent":6207,"menu_order":0,"comment_status":"closed","ping_status":"closed","template":"","meta":{"_acf_changed":false,"cybocfi_hide_featured_image":"","footnotes":""},"categories":[25],"tags":[],"planes-000-100":[],"class_list":["post-6302","page","type-page","status-publish","has-post-thumbnail","hentry","category-pulse-jet"],"blocksy_meta":[],"acf":[],"_links":{"self":[{"href":"http:\/\/minijets.org\/en\/wp-json\/wp\/v2\/pages\/6302","targetHints":{"allow":["GET"]}}],"collection":[{"href":"http:\/\/minijets.org\/en\/wp-json\/wp\/v2\/pages"}],"about":[{"href":"http:\/\/minijets.org\/en\/wp-json\/wp\/v2\/types\/page"}],"author":[{"embeddable":true,"href":"http:\/\/minijets.org\/en\/wp-json\/wp\/v2\/users\/1"}],"replies":[{"embeddable":true,"href":"http:\/\/minijets.org\/en\/wp-json\/wp\/v2\/comments?post=6302"}],"version-history":[{"count":0,"href":"http:\/\/minijets.org\/en\/wp-json\/wp\/v2\/pages\/6302\/revisions"}],"up":[{"embeddable":true,"href":"http:\/\/minijets.org\/en\/wp-json\/wp\/v2\/pages\/6207"}],"wp:featuredmedia":[{"embeddable":true,"href":"http:\/\/minijets.org\/en\/wp-json\/wp\/v2\/media\/6172"}],"wp:attachment":[{"href":"http:\/\/minijets.org\/en\/wp-json\/wp\/v2\/media?parent=6302"}],"wp:term":[{"taxonomy":"category","embeddable":true,"href":"http:\/\/minijets.org\/en\/wp-json\/wp\/v2\/categories?post=6302"},{"taxonomy":"post_tag","embeddable":true,"href":"http:\/\/minijets.org\/en\/wp-json\/wp\/v2\/tags?post=6302"},{"taxonomy":"planes-000-100","embeddable":true,"href":"http:\/\/minijets.org\/en\/wp-json\/wp\/v2\/planes-000-100?post=6302"}],"curies":[{"name":"wp","href":"https:\/\/api.w.org\/{rel}","templated":true}]}}