{"id":6313,"date":"2022-08-29T15:54:50","date_gmt":"2022-08-29T13:54:50","guid":{"rendered":"http:\/\/tst.minijets.org\/?page_id=6313"},"modified":"2022-11-09T12:06:22","modified_gmt":"2022-11-09T11:06:22","slug":"ducted-fans","status":"publish","type":"page","link":"http:\/\/minijets.org\/en\/ducted-fans\/","title":{"rendered":"Ducted fans"},"content":{"rendered":"<p>L&#8217;unit\u00e9 de propulsion que nous avons choisi de pr\u00e9senter est de type Ducted Fans (qu&#8217;on peut traduire par soufflante canalis\u00e9e)<\/p>\n\n\n\n<p>Avoir un avion \u00e0 r\u00e9action \u00e0 titre personnel n&#8217;est pas chose ais\u00e9e. On doit faire fasse \u00e0 de multiples probl\u00e8mes, de co\u00fbts, de disponibilit\u00e9\/maintenabilit\u00e9 des r\u00e9acteurs, &#8230; et bien d&#8217;autres raisons  qui expliquent que notre communaut\u00e9 ne soit pas si grande<\/p>\n\n\n\n<p>Depuis des ann\u00e9es, certains se sont essay\u00e9s dans la conception et la r\u00e9alisation de projets Amateurs ou Ultral\u00e9gers, permettant d&#8217;avoir la sensation de piloter un jet. <\/p>\n\n\n\n<h2 class=\"wp-block-heading\">Application<\/h2>\n\n\n        <div class=\"wp-block-getwid-custom-post-type custom-post-type-page has-layout-list\">\n            <div class=\"wp-block-getwid-custom-post-type__wrapper\">\n                \t\t\t\t\t\t\t\t<div class='wp-block-getwid-custom-post-type__post'>\n\t\t\t\t\t\t\t\t\t\n<div class=\"wp-block-columns is-layout-flex wp-container-core-columns-is-layout-28f84493 wp-block-columns-is-layout-flex\">\n<div class=\"wp-block-column is-layout-flow wp-block-column-is-layout-flow\" style=\"flex-basis:25%\">\n<div class=\"wp-block-getwid-template-post-featured-image\" >\n            <a href=\"http:\/\/minijets.org\/en\/ducted-fans\/pj-ii-dreamer\/\">\n        <img loading=\"lazy\" decoding=\"async\" width=\"500\" height=\"329\" src=\"https:\/\/minijets.org\/wp-content\/uploads\/2022\/08\/PJ_II-dreamer_02-1.jpg\" class=\"attachment-full size-full wp-post-image\" alt=\"PJ-II Dreamer\" srcset=\"https:\/\/minijets.org\/wp-content\/uploads\/2022\/08\/PJ_II-dreamer_02-1.jpg 500w, https:\/\/minijets.org\/wp-content\/uploads\/2022\/08\/PJ_II-dreamer_02-1-300x197.jpg 300w, https:\/\/minijets.org\/wp-content\/uploads\/2022\/08\/PJ_II-dreamer_02-1-18x12.jpg 18w\" sizes=\"auto, (max-width: 500px) 100vw, 500px\" \/>            <\/a>\n    <\/div>\n<\/div>\n\n\n\n<div class=\"wp-block-column is-layout-flow wp-block-column-is-layout-flow\" style=\"flex-basis:75%\">\n<h3 class=\"wp-block-getwid-template-post-title minijets_custom_title\"><a class=\"wp-block-getwid-template-post-title__link\" href=\"http:\/\/minijets.org\/en\/ducted-fans\/pj-ii-dreamer\/\">PJ-II Dreamer<\/a><\/h3>\n\n\n<div class=\"wp-block-getwid-template-acf-wysiwyg custom-field-sous-titre\"  style=\"font-weight: bold;font-size: 15px;\">\n    <\/div>\n\n\n\n<div class=\"wp-block-getwid-template-post-content is-excerpt\" ><p>PJ-II Dreamer to be completed Vne = 400 km\/hr (250 mph) Vno = 300 km\/hr (187 mph) Vfe = 180 km\/hr (112 mph) Vge = 200 km\/hr (125 mph) Vso = 130 km\/hr (81 mph) Vs = 110 km\/hr (68 mph)<\/p><\/div>\n\n\n\n<div class=\"wp-block-getwid-template-post-button wp-block-button minijets_custom_button\" >\n    <a href=\"http:\/\/minijets.org\/en\/ducted-fans\/pj-ii-dreamer\/\"  class=\"wp-block-button__link has-background has-white-background-color has-text-color has-vivid-cyan-blue-color\" >\n\t\tRead More\t<\/a>\n<\/div>\n\n\n<\/div>\n<\/div>\n\t\t\t\t\t\t\t\t<\/div>\n\t\t\t\t\t\t\t\t\t\t\t\t\t\t\t<div class='wp-block-getwid-custom-post-type__post'>\n\t\t\t\t\t\t\t\t\t\n<div class=\"wp-block-columns is-layout-flex wp-container-core-columns-is-layout-28f84493 wp-block-columns-is-layout-flex\">\n<div class=\"wp-block-column is-layout-flow wp-block-column-is-layout-flow\" style=\"flex-basis:25%\">\n<div class=\"wp-block-getwid-template-post-featured-image\" >\n            <a href=\"http:\/\/minijets.org\/en\/ducted-fans\/saunders-s4-a-jet-hawk-ii\/\">\n        <img loading=\"lazy\" decoding=\"async\" width=\"500\" height=\"279\" src=\"https:\/\/minijets.org\/wp-content\/uploads\/2022\/08\/saunders_jet_hawk-02-1.jpg\" class=\"attachment-full size-full wp-post-image\" alt=\"Saunders S4-A Jet Hawk II\" srcset=\"https:\/\/minijets.org\/wp-content\/uploads\/2022\/08\/saunders_jet_hawk-02-1.jpg 500w, https:\/\/minijets.org\/wp-content\/uploads\/2022\/08\/saunders_jet_hawk-02-1-300x167.jpg 300w, https:\/\/minijets.org\/wp-content\/uploads\/2022\/08\/saunders_jet_hawk-02-1-18x10.jpg 18w\" sizes=\"auto, (max-width: 500px) 100vw, 500px\" \/>            <\/a>\n    <\/div>\n<\/div>\n\n\n\n<div class=\"wp-block-column is-layout-flow wp-block-column-is-layout-flow\" style=\"flex-basis:75%\">\n<h3 class=\"wp-block-getwid-template-post-title minijets_custom_title\"><a class=\"wp-block-getwid-template-post-title__link\" href=\"http:\/\/minijets.org\/en\/ducted-fans\/saunders-s4-a-jet-hawk-ii\/\">Saunders S4-A Jet Hawk II<\/a><\/h3>\n\n\n<div class=\"wp-block-getwid-template-acf-wysiwyg custom-field-sous-titre\"  style=\"font-weight: bold;font-size: 15px;\">\n    <\/div>\n\n\n\n<div class=\"wp-block-getwid-template-post-content is-excerpt\" ><p>Dans les ann\u00e9es 70 et 80,\u00a0Don R. Saunders\u00a0a propos\u00e9 le Jet Hawk II aux constructeurs amateurs. Il s&#8217;agissait d&#8217;un avion \u00e0 r\u00e9action utilisant comme propulseur une soufflante entra\u00een\u00e9e par un moteur \u00e0 \u00a0explosion situ\u00e9 \u00e0 \u00a0l&#8217;int\u00e9rieur du fuselage. Le moteur \u00e9tait un Mazda de&nbsp;300 CV&nbsp;qui entra\u00eenait une soufflante \u00e0 &nbsp;cinq pales \u00e9jectant l&#8217;air \u00e0 &nbsp;l&#8217;arri\u00e8re&hellip;<\/p><\/div>\n\n\n\n<div class=\"wp-block-getwid-template-post-button wp-block-button minijets_custom_button\" >\n    <a href=\"http:\/\/minijets.org\/en\/ducted-fans\/saunders-s4-a-jet-hawk-ii\/\"  class=\"wp-block-button__link has-background has-white-background-color has-text-color has-vivid-cyan-blue-color\" >\n\t\tRead More\t<\/a>\n<\/div>\n\n\n<\/div>\n<\/div>\n\t\t\t\t\t\t\t\t<\/div>\n\t\t\t\t\t\t\t\t\t\t\t\t\t\t\t<div class='wp-block-getwid-custom-post-type__post'>\n\t\t\t\t\t\t\t\t\t\n<div class=\"wp-block-columns is-layout-flex wp-container-core-columns-is-layout-28f84493 wp-block-columns-is-layout-flex\">\n<div class=\"wp-block-column is-layout-flow wp-block-column-is-layout-flow\" style=\"flex-basis:25%\">\n<div class=\"wp-block-getwid-template-post-featured-image\" >\n            <a href=\"http:\/\/minijets.org\/en\/ducted-fans\/ul-39-albi\/\">\n        <img loading=\"lazy\" decoding=\"async\" width=\"500\" height=\"333\" src=\"https:\/\/minijets.org\/wp-content\/uploads\/2022\/08\/L-39_Albi_02-1.jpg\" class=\"attachment-full size-full wp-post-image\" alt=\"UL-39 Albi\" srcset=\"https:\/\/minijets.org\/wp-content\/uploads\/2022\/08\/L-39_Albi_02-1.jpg 500w, https:\/\/minijets.org\/wp-content\/uploads\/2022\/08\/L-39_Albi_02-1-300x200.jpg 300w, https:\/\/minijets.org\/wp-content\/uploads\/2022\/08\/L-39_Albi_02-1-18x12.jpg 18w\" sizes=\"auto, (max-width: 500px) 100vw, 500px\" \/>            <\/a>\n    <\/div>\n<\/div>\n\n\n\n<div class=\"wp-block-column is-layout-flow wp-block-column-is-layout-flow\" style=\"flex-basis:75%\">\n<h3 class=\"wp-block-getwid-template-post-title minijets_custom_title\"><a class=\"wp-block-getwid-template-post-title__link\" href=\"http:\/\/minijets.org\/en\/ducted-fans\/ul-39-albi\/\">UL-39 Albi<\/a><\/h3>\n\n\n<div class=\"wp-block-getwid-template-acf-wysiwyg custom-field-sous-titre\"  style=\"font-weight: bold;font-size: 15px;\">\n    <\/div>\n\n\n\n<div class=\"wp-block-getwid-template-post-content is-excerpt\" ><p>The UL-39 Albi is a two-seater resembling the silhouette of the L-39 Albatros military training aircraft on a reduced scale. Built in carbon fiber, it is powered by a BMW S1000RR engine driving a \u201cfan\u201d. It targets the UL market. It&nbsp;was conceived through the cooperation of : The UL-39 Albi made its first flight on&hellip;<\/p><\/div>\n\n\n\n<div class=\"wp-block-getwid-template-post-button wp-block-button minijets_custom_button\" >\n    <a href=\"http:\/\/minijets.org\/en\/ducted-fans\/ul-39-albi\/\"  class=\"wp-block-button__link has-background has-white-background-color has-text-color has-vivid-cyan-blue-color\" >\n\t\tRead More\t<\/a>\n<\/div>\n\n\n<\/div>\n<\/div>\n\t\t\t\t\t\t\t\t<\/div>\n\t\t\t\t\t\t\t\t\t\t\t\t\t\t\t<div class='wp-block-getwid-custom-post-type__post'>\n\t\t\t\t\t\t\t\t\t\n<div class=\"wp-block-columns is-layout-flex wp-container-core-columns-is-layout-28f84493 wp-block-columns-is-layout-flex\">\n<div class=\"wp-block-column is-layout-flow wp-block-column-is-layout-flow\" style=\"flex-basis:25%\">\n<div class=\"wp-block-getwid-template-post-featured-image\" >\n            <a href=\"http:\/\/minijets.org\/en\/ducted-fans\/windstar-yf-80\/\">\n        <img loading=\"lazy\" decoding=\"async\" width=\"500\" height=\"333\" src=\"https:\/\/minijets.org\/wp-content\/uploads\/2022\/08\/YF-80-little-1.jpg\" class=\"attachment-full size-full wp-post-image\" alt=\"Windstar YF-80\" srcset=\"https:\/\/minijets.org\/wp-content\/uploads\/2022\/08\/YF-80-little-1.jpg 500w, https:\/\/minijets.org\/wp-content\/uploads\/2022\/08\/YF-80-little-1-300x200.jpg 300w, https:\/\/minijets.org\/wp-content\/uploads\/2022\/08\/YF-80-little-1-18x12.jpg 18w\" sizes=\"auto, (max-width: 500px) 100vw, 500px\" \/>            <\/a>\n    <\/div>\n<\/div>\n\n\n\n<div class=\"wp-block-column is-layout-flow wp-block-column-is-layout-flow\" style=\"flex-basis:75%\">\n<h3 class=\"wp-block-getwid-template-post-title minijets_custom_title\"><a class=\"wp-block-getwid-template-post-title__link\" href=\"http:\/\/minijets.org\/en\/ducted-fans\/windstar-yf-80\/\">Windstar YF-80<\/a><\/h3>\n\n\n<div class=\"wp-block-getwid-template-acf-wysiwyg custom-field-sous-titre\"  style=\"font-weight: bold;font-size: 15px;\">\n    <\/div>\n\n\n\n<div class=\"wp-block-getwid-template-post-content is-excerpt\" ><p>C&#8217;est aux Etats-Unis, lors du rassemblement des constructeurs amateurs am\u00e9ricains d&#8217;Oskosh\u00a0de\u00a01977, qu&#8217;est apparue le petit Windstar\u00a0YF-80\u00a0de la soci\u00e9t\u00e9 Winsstar de Boise dans l&#8217;IDAHO. Il faut bien dire que cette innovation technique a provoqu\u00e9 un m\u00e9lange de curiosit\u00e9 et de scepticisme. Le Moteur : Davis Cold-Jet Moteur d&#8217;une conception un peu particuli\u00e8re dont on ne sait&hellip;<\/p><\/div>\n\n\n\n<div class=\"wp-block-getwid-template-post-button wp-block-button minijets_custom_button\" >\n    <a href=\"http:\/\/minijets.org\/en\/ducted-fans\/windstar-yf-80\/\"  class=\"wp-block-button__link has-background has-white-background-color has-text-color has-vivid-cyan-blue-color\" >\n\t\tRead More\t<\/a>\n<\/div>\n\n\n<\/div>\n<\/div>\n\t\t\t\t\t\t\t\t<\/div>\n\t\t\t\t\t\t\t            <\/div>\n\n                    <\/div>","protected":false},"excerpt":{"rendered":"<p>L&#8217;unit\u00e9 de propulsion que nous avons choisi de pr\u00e9senter est de type Ducted Fans (qu&#8217;on peut traduire par soufflante canalis\u00e9e) Avoir un avion \u00e0 r\u00e9action \u00e0 titre personnel n&#8217;est pas chose ais\u00e9e. On doit faire fasse \u00e0 de multiples probl\u00e8mes, de co\u00fbts, de disponibilit\u00e9\/maintenabilit\u00e9 des r\u00e9acteurs, &#8230; et bien d&#8217;autres raisons qui expliquent que notre [&hellip;]<\/p>","protected":false},"author":1,"featured_media":0,"parent":0,"menu_order":0,"comment_status":"closed","ping_status":"closed","template":"","meta":{"_acf_changed":false,"cybocfi_hide_featured_image":"","footnotes":""},"categories":[],"tags":[],"planes-000-100":[],"class_list":["post-6313","page","type-page","status-publish","hentry"],"blocksy_meta":[],"acf":[],"_links":{"self":[{"href":"http:\/\/minijets.org\/en\/wp-json\/wp\/v2\/pages\/6313","targetHints":{"allow":["GET"]}}],"collection":[{"href":"http:\/\/minijets.org\/en\/wp-json\/wp\/v2\/pages"}],"about":[{"href":"http:\/\/minijets.org\/en\/wp-json\/wp\/v2\/types\/page"}],"author":[{"embeddable":true,"href":"http:\/\/minijets.org\/en\/wp-json\/wp\/v2\/users\/1"}],"replies":[{"embeddable":true,"href":"http:\/\/minijets.org\/en\/wp-json\/wp\/v2\/comments?post=6313"}],"version-history":[{"count":0,"href":"http:\/\/minijets.org\/en\/wp-json\/wp\/v2\/pages\/6313\/revisions"}],"wp:attachment":[{"href":"http:\/\/minijets.org\/en\/wp-json\/wp\/v2\/media?parent=6313"}],"wp:term":[{"taxonomy":"category","embeddable":true,"href":"http:\/\/minijets.org\/en\/wp-json\/wp\/v2\/categories?post=6313"},{"taxonomy":"post_tag","embeddable":true,"href":"http:\/\/minijets.org\/en\/wp-json\/wp\/v2\/tags?post=6313"},{"taxonomy":"planes-000-100","embeddable":true,"href":"http:\/\/minijets.org\/en\/wp-json\/wp\/v2\/planes-000-100?post=6313"}],"curies":[{"name":"wp","href":"https:\/\/api.w.org\/{rel}","templated":true}]}}