{"id":1155,"date":"2020-12-28T18:58:20","date_gmt":"2020-12-28T17:58:20","guid":{"rendered":"http:\/\/tst.minijets.org\/?page_id=1155"},"modified":"2022-11-12T10:58:12","modified_gmt":"2022-11-12T09:58:12","slug":"mc15j","status":"publish","type":"page","link":"http:\/\/minijets.org\/fr\/0-100\/jetcat-p200\/mc15j\/","title":{"rendered":"MC-15J Cricri Jet"},"content":{"rendered":"\n<figure class=\"wp-block-image size-full\"><img loading=\"lazy\" decoding=\"async\" width=\"1000\" height=\"127\" src=\"http:\/\/minijets.org\/wp-content\/uploads\/2020\/12\/Cricri_Jet-Jetcat-P200SX_F-PCLF-02.jpg\" alt=\"\" class=\"wp-image-317\" srcset=\"https:\/\/minijets.org\/wp-content\/uploads\/2020\/12\/Cricri_Jet-Jetcat-P200SX_F-PCLF-02.jpg 1000w, https:\/\/minijets.org\/wp-content\/uploads\/2020\/12\/Cricri_Jet-Jetcat-P200SX_F-PCLF-02-300x38.jpg 300w, https:\/\/minijets.org\/wp-content\/uploads\/2020\/12\/Cricri_Jet-Jetcat-P200SX_F-PCLF-02-768x98.jpg 768w, https:\/\/minijets.org\/wp-content\/uploads\/2020\/12\/Cricri_Jet-Jetcat-P200SX_F-PCLF-02-18x2.jpg 18w\" sizes=\"auto, (max-width: 1000px) 100vw, 1000px\" \/><figcaption class=\"wp-element-caption\">Cricri Jet de Dominique Bonnaire<\/figcaption><\/figure>\n\n\n\n<div class=\"wp-block-columns is-layout-flex wp-container-core-columns-is-layout-28f84493 wp-block-columns-is-layout-flex\">\n<div class=\"wp-block-column is-layout-flow wp-block-column-is-layout-flow\" style=\"flex-basis:50%\">\n<figure class=\"wp-block-image size-large\"><img loading=\"lazy\" decoding=\"async\" width=\"500\" height=\"464\" src=\"http:\/\/minijets.org\/wp-content\/uploads\/2020\/12\/Cricri_Jet-Jetcat-P200SX_F-PCLF-06.jpg\" alt=\"\" class=\"wp-image-309\" srcset=\"https:\/\/minijets.org\/wp-content\/uploads\/2020\/12\/Cricri_Jet-Jetcat-P200SX_F-PCLF-06.jpg 500w, https:\/\/minijets.org\/wp-content\/uploads\/2020\/12\/Cricri_Jet-Jetcat-P200SX_F-PCLF-06-300x278.jpg 300w, https:\/\/minijets.org\/wp-content\/uploads\/2020\/12\/Cricri_Jet-Jetcat-P200SX_F-PCLF-06-13x12.jpg 13w\" sizes=\"auto, (max-width: 500px) 100vw, 500px\" \/><figcaption class=\"wp-element-caption\">Cricri Jet &#8211; F-PCLF au meeting de St. Dizier &#8211; Robinson (LFSI) le 9 juin 2011. Source : avec la courtoisie de Stuart CARR<\/figcaption><\/figure>\n<\/div>\n\n\n\n<div class=\"wp-block-column minijets_table is-layout-flow wp-block-column-is-layout-flow\" style=\"flex-basis:50%\">\n<p>Apr\u00e8s ceux d&#8217;Yves DUVAL et de Nicolas CHARMONT, un troisi\u00e8me MC-15J Cricri Jet \u00e0 r\u00e9action a vol\u00e9 en France. C&#8217;est celui de&nbsp;<a href=\"#bonnaire\" data-type=\"internal\" data-id=\"#bonnaire\">Dominique BONNAIRE<\/a>. <\/p>\n\n\n\n<p>Il lui a fait faire son premier vol dans cette configuration le&nbsp;<strong>5 mai 2011<\/strong>. <\/p>\n\n\n\n<p>La motorisation retenue diff\u00e8re des pr\u00e9c\u00e9dentes puisque cette fois c&#8217;est <a href=\"https:\/\/www.jetcat.de\/en\/products\/\" data-type=\"URL\" data-id=\"https:\/\/www.jetcat.de\/en\/products\/\" target=\"_blank\" rel=\"noopener\">Jetcat <\/a>qui a \u00e9t\u00e9 choisi avec&nbsp;<strong>2 r\u00e9acteurs <a href=\"https:\/\/minijets.org\/0-100\/jetcat-p200\/\" data-type=\"page\" data-id=\"279\">Jetcat P200SX<\/a>&nbsp;<\/strong>qui donnent une pouss\u00e9e d&#8217;environ 45 kg.<\/p>\n<\/div>\n<\/div>\n\n\n\n<div class=\"wp-block-columns is-layout-flex wp-container-core-columns-is-layout-28f84493 wp-block-columns-is-layout-flex\">\n<div class=\"wp-block-column is-layout-flow wp-block-column-is-layout-flow\">\n<figure class=\"wp-block-image size-large\"><img loading=\"lazy\" decoding=\"async\" width=\"500\" height=\"333\" src=\"http:\/\/minijets.org\/wp-content\/uploads\/2020\/12\/Cricri_Jet-Jetcat-P200SX_F-PCLF-09.jpg\" alt=\"\" class=\"wp-image-284\" srcset=\"https:\/\/minijets.org\/wp-content\/uploads\/2020\/12\/Cricri_Jet-Jetcat-P200SX_F-PCLF-09.jpg 500w, https:\/\/minijets.org\/wp-content\/uploads\/2020\/12\/Cricri_Jet-Jetcat-P200SX_F-PCLF-09-300x200.jpg 300w, https:\/\/minijets.org\/wp-content\/uploads\/2020\/12\/Cricri_Jet-Jetcat-P200SX_F-PCLF-09-18x12.jpg 18w\" sizes=\"auto, (max-width: 500px) 100vw, 500px\" \/><figcaption class=\"wp-element-caption\">Cricri Jet &#8211; F-PCLF au meeting de St. Dizier &#8211; Robinson (LFSI) le 9 juin 2011. Source : avec la courtoisie de Jean-Marie SPAPEN<\/figcaption><\/figure>\n\n\n\n<figure class=\"wp-block-image size-large\"><img loading=\"lazy\" decoding=\"async\" width=\"500\" height=\"334\" src=\"http:\/\/minijets.org\/wp-content\/uploads\/2020\/12\/Cricri_Jet-Jetcat-P200SX_F-PCLF-10.jpg\" alt=\"\" class=\"wp-image-321\" srcset=\"https:\/\/minijets.org\/wp-content\/uploads\/2020\/12\/Cricri_Jet-Jetcat-P200SX_F-PCLF-10.jpg 500w, https:\/\/minijets.org\/wp-content\/uploads\/2020\/12\/Cricri_Jet-Jetcat-P200SX_F-PCLF-10-300x200.jpg 300w, https:\/\/minijets.org\/wp-content\/uploads\/2020\/12\/Cricri_Jet-Jetcat-P200SX_F-PCLF-10-18x12.jpg 18w\" sizes=\"auto, (max-width: 500px) 100vw, 500px\" \/><figcaption class=\"wp-element-caption\">Cricri Jet &#8211; F-PCLF au meeting de St. Dizier &#8211; Robinson (LFSI) le 9 juin 2011. Source : avec la courtoisie de Jean-Marie SPAPEN<\/figcaption><\/figure>\n<\/div>\n\n\n\n<div class=\"wp-block-column is-layout-flow wp-block-column-is-layout-flow\">\n<figure class=\"wp-block-image size-large\"><img loading=\"lazy\" decoding=\"async\" width=\"500\" height=\"333\" src=\"http:\/\/minijets.org\/wp-content\/uploads\/2020\/12\/Cricri_Jet-Jetcat-P200SX_F-PCLF-08.jpg\" alt=\"\" class=\"wp-image-283\" srcset=\"https:\/\/minijets.org\/wp-content\/uploads\/2020\/12\/Cricri_Jet-Jetcat-P200SX_F-PCLF-08.jpg 500w, https:\/\/minijets.org\/wp-content\/uploads\/2020\/12\/Cricri_Jet-Jetcat-P200SX_F-PCLF-08-300x200.jpg 300w, https:\/\/minijets.org\/wp-content\/uploads\/2020\/12\/Cricri_Jet-Jetcat-P200SX_F-PCLF-08-18x12.jpg 18w\" sizes=\"auto, (max-width: 500px) 100vw, 500px\" \/><figcaption class=\"wp-element-caption\">Cricri Jet &#8211; F-PCLF au meeting de Rochefort BA 721 le 27 mai 2011. Source : avec la courtoisie de Matthias SENAND<\/figcaption><\/figure>\n\n\n\n<figure class=\"wp-block-image size-large\"><img loading=\"lazy\" decoding=\"async\" width=\"500\" height=\"333\" src=\"http:\/\/minijets.org\/wp-content\/uploads\/2020\/12\/Cricri_Jet-Jetcat-P200SX_F-PCLF-11.jpg\" alt=\"\" class=\"wp-image-299\" srcset=\"https:\/\/minijets.org\/wp-content\/uploads\/2020\/12\/Cricri_Jet-Jetcat-P200SX_F-PCLF-11.jpg 500w, https:\/\/minijets.org\/wp-content\/uploads\/2020\/12\/Cricri_Jet-Jetcat-P200SX_F-PCLF-11-300x200.jpg 300w, https:\/\/minijets.org\/wp-content\/uploads\/2020\/12\/Cricri_Jet-Jetcat-P200SX_F-PCLF-11-18x12.jpg 18w\" sizes=\"auto, (max-width: 500px) 100vw, 500px\" \/><figcaption class=\"wp-element-caption\">Cricri Jet &#8211; F-PCLF au meeting de St. Dizier &#8211; Robinson (LFSI) le 9 juin 2011. Source : avec la courtoisie de Jean-Marie SPAPEN<\/figcaption><\/figure>\n<\/div>\n<\/div>\n\n\n\n<h2 class=\"wp-block-heading\">Les MC-15J Cricri jet connus <\/h2>\n\n\n        <div class=\"wp-block-getwid-custom-post-type custom-post-type-page has-layout-list\">\n            <div class=\"wp-block-getwid-custom-post-type__wrapper\">\n                \t\t\t\t\t\t\t\t<div class='wp-block-getwid-custom-post-type__post'>\n\t\t\t\t\t\t\t\t\t\n<div class=\"wp-block-columns is-layout-flex wp-container-core-columns-is-layout-28f84493 wp-block-columns-is-layout-flex\">\n<div class=\"wp-block-column is-layout-flow wp-block-column-is-layout-flow\" style=\"flex-basis:25%\">\n<div class=\"wp-block-getwid-template-post-featured-image\" >\n            <a href=\"http:\/\/minijets.org\/fr\/0-100\/pbs-tj20a\/mc15j\/\">\n        <img loading=\"lazy\" decoding=\"async\" width=\"600\" height=\"345\" src=\"https:\/\/minijets.org\/wp-content\/uploads\/2020\/12\/Cricri_Jet_VH-ZSE_03.jpg\" class=\"attachment-full size-full wp-post-image\" alt=\"MC-15J Cricri Jet\" srcset=\"https:\/\/minijets.org\/wp-content\/uploads\/2020\/12\/Cricri_Jet_VH-ZSE_03.jpg 600w, https:\/\/minijets.org\/wp-content\/uploads\/2020\/12\/Cricri_Jet_VH-ZSE_03-300x173.jpg 300w, https:\/\/minijets.org\/wp-content\/uploads\/2020\/12\/Cricri_Jet_VH-ZSE_03-18x10.jpg 18w\" sizes=\"auto, (max-width: 600px) 100vw, 600px\" \/>            <\/a>\n    <\/div>\n<\/div>\n\n\n\n<div class=\"wp-block-column is-layout-flow wp-block-column-is-layout-flow\" style=\"flex-basis:75%\">\n<h3 class=\"wp-block-getwid-template-post-title minijets_custom_title\"><a class=\"wp-block-getwid-template-post-title__link\" href=\"http:\/\/minijets.org\/fr\/0-100\/pbs-tj20a\/mc15j\/\">MC-15J Cricri Jet<\/a><\/h3>\n\n\n<div class=\"wp-block-getwid-template-acf-wysiwyg custom-field-sous-titre\"  style=\"font-weight: bold;font-size: 15px;\">\n    <\/div>\n\n\n\n<div class=\"wp-block-getwid-template-post-content is-excerpt\" ><p>Cricri Jet by Sakkie Van Heerden and Davies Botes. Ce&nbsp;MC-15J cricri jet&nbsp;a \u00e9t\u00e9 construit par&nbsp;Sakkie van Heerden&nbsp;and&nbsp;Dawie Botes, deux ing\u00e9nieurs Sud-africains vivant \u00e0 Perth en Australie.&nbsp;Le premier vol a eu lieu&nbsp;le 22 septembre 2015. Il est \u00e9quip\u00e9 de deux turbor\u00e9acteurs PBS TJ-20A de 210 N de pouss\u00e9e unitaire. Pr\u00e9sentation g\u00e9n\u00e9rale R\u00e9servoirs de carburant Train d&#8217;atterrissage\u2026<\/p><\/div>\n\n\n\n<div class=\"wp-block-getwid-template-post-button wp-block-button minijets_custom_button\" >\n    <a href=\"http:\/\/minijets.org\/fr\/0-100\/pbs-tj20a\/mc15j\/\" class=\"wp-block-button__link has-background has-white-background-color has-text-color has-vivid-cyan-blue-color\">\n\t\tLire la suite\t<\/a>\n<\/div>\n\n\n<\/div>\n<\/div>\n\t\t\t\t\t\t\t\t<\/div>\n\t\t\t\t\t\t\t\t\t\t\t\t\t\t\t<div class='wp-block-getwid-custom-post-type__post'>\n\t\t\t\t\t\t\t\t\t\n<div class=\"wp-block-columns is-layout-flex wp-container-core-columns-is-layout-28f84493 wp-block-columns-is-layout-flex\">\n<div class=\"wp-block-column is-layout-flow wp-block-column-is-layout-flow\" style=\"flex-basis:25%\">\n<div class=\"wp-block-getwid-template-post-featured-image\" >\n            <a href=\"http:\/\/minijets.org\/fr\/0-100\/jetcat-p200\/mc15j\/\">\n        <img loading=\"lazy\" decoding=\"async\" width=\"500\" height=\"464\" src=\"https:\/\/minijets.org\/wp-content\/uploads\/2020\/12\/Cricri_Jet-Jetcat-P200SX_F-PCLF-06.jpg\" class=\"attachment-full size-full wp-post-image\" alt=\"MC-15J Cricri Jet\" srcset=\"https:\/\/minijets.org\/wp-content\/uploads\/2020\/12\/Cricri_Jet-Jetcat-P200SX_F-PCLF-06.jpg 500w, https:\/\/minijets.org\/wp-content\/uploads\/2020\/12\/Cricri_Jet-Jetcat-P200SX_F-PCLF-06-300x278.jpg 300w, https:\/\/minijets.org\/wp-content\/uploads\/2020\/12\/Cricri_Jet-Jetcat-P200SX_F-PCLF-06-13x12.jpg 13w\" sizes=\"auto, (max-width: 500px) 100vw, 500px\" \/>            <\/a>\n    <\/div>\n<\/div>\n\n\n\n<div class=\"wp-block-column is-layout-flow wp-block-column-is-layout-flow\" style=\"flex-basis:75%\">\n<h3 class=\"wp-block-getwid-template-post-title minijets_custom_title\"><a class=\"wp-block-getwid-template-post-title__link\" href=\"http:\/\/minijets.org\/fr\/0-100\/jetcat-p200\/mc15j\/\">MC-15J Cricri Jet<\/a><\/h3>\n\n\n<div class=\"wp-block-getwid-template-acf-wysiwyg custom-field-sous-titre\"  style=\"font-weight: bold;font-size: 15px;\">\n    <\/div>\n\n\n\n<div class=\"wp-block-getwid-template-post-content is-excerpt\" ><p>Apr\u00e8s ceux d&#8217;Yves DUVAL et de Nicolas CHARMONT, un troisi\u00e8me MC-15J Cricri Jet \u00e0 r\u00e9action a vol\u00e9 en France. C&#8217;est celui de&nbsp;Dominique BONNAIRE. Il lui a fait faire son premier vol dans cette configuration le&nbsp;5 mai 2011. La motorisation retenue diff\u00e8re des pr\u00e9c\u00e9dentes puisque cette fois c&#8217;est Jetcat qui a \u00e9t\u00e9 choisi avec&nbsp;2 r\u00e9acteurs Jetcat\u2026<\/p><\/div>\n\n\n\n<div class=\"wp-block-getwid-template-post-button wp-block-button minijets_custom_button\" >\n    <a href=\"http:\/\/minijets.org\/fr\/0-100\/jetcat-p200\/mc15j\/\" class=\"wp-block-button__link has-background has-white-background-color has-text-color has-vivid-cyan-blue-color\">\n\t\tLire la suite\t<\/a>\n<\/div>\n\n\n<\/div>\n<\/div>\n\t\t\t\t\t\t\t\t<\/div>\n\t\t\t\t\t\t\t\t\t\t\t\t\t\t\t<div class='wp-block-getwid-custom-post-type__post'>\n\t\t\t\t\t\t\t\t\t\n<div class=\"wp-block-columns is-layout-flex wp-container-core-columns-is-layout-28f84493 wp-block-columns-is-layout-flex\">\n<div class=\"wp-block-column is-layout-flow wp-block-column-is-layout-flow\" style=\"flex-basis:25%\">\n<div class=\"wp-block-getwid-template-post-featured-image\" >\n            <a href=\"http:\/\/minijets.org\/fr\/0-100\/amt-olympus\/mc15j\/\">\n        <img loading=\"lazy\" decoding=\"async\" width=\"550\" height=\"300\" src=\"https:\/\/minijets.org\/wp-content\/uploads\/2020\/12\/cricri-jet12203541.jpg\" class=\"attachment-full size-full wp-post-image\" alt=\"MC-15J Cricri Jet\" srcset=\"https:\/\/minijets.org\/wp-content\/uploads\/2020\/12\/cricri-jet12203541.jpg 550w, https:\/\/minijets.org\/wp-content\/uploads\/2020\/12\/cricri-jet12203541-300x164.jpg 300w, https:\/\/minijets.org\/wp-content\/uploads\/2020\/12\/cricri-jet12203541-18x10.jpg 18w\" sizes=\"auto, (max-width: 550px) 100vw, 550px\" \/>            <\/a>\n    <\/div>\n<\/div>\n\n\n\n<div class=\"wp-block-column is-layout-flow wp-block-column-is-layout-flow\" style=\"flex-basis:75%\">\n<h3 class=\"wp-block-getwid-template-post-title minijets_custom_title\"><a class=\"wp-block-getwid-template-post-title__link\" href=\"http:\/\/minijets.org\/fr\/0-100\/amt-olympus\/mc15j\/\">MC-15J Cricri Jet<\/a><\/h3>\n\n\n<div class=\"wp-block-getwid-template-acf-wysiwyg custom-field-sous-titre\"  style=\"font-weight: bold;font-size: 15px;\">\n    <\/div>\n\n\n\n<div class=\"wp-block-getwid-template-post-content is-excerpt\" ><p>Ce MC-15J Cricri jet a \u00e9t\u00e9 construit par Nicolas Charmont. Les moteurs \u00e0 explosion du MC-15 ont \u00e9t\u00e9 remplac\u00e9s par des turbor\u00e9acteurs AMT Olympus. Il a effectu\u00e9 son premier vol au mains de son constructeur en 1998. Le Cricri a \u00e9t\u00e9 con\u00e7u par&nbsp;Michel COLOMBAN. Le prototype a vol\u00e9 pour la premi\u00e8re fois, aux mains de&nbsp;Robert\u2026<\/p><\/div>\n\n\n\n<div class=\"wp-block-getwid-template-post-button wp-block-button minijets_custom_button\" >\n    <a href=\"http:\/\/minijets.org\/fr\/0-100\/amt-olympus\/mc15j\/\" class=\"wp-block-button__link has-background has-white-background-color has-text-color has-vivid-cyan-blue-color\">\n\t\tLire la suite\t<\/a>\n<\/div>\n\n\n<\/div>\n<\/div>\n\t\t\t\t\t\t\t\t<\/div>\n\t\t\t\t\t\t\t\t\t\t\t\t\t\t\t<div class='wp-block-getwid-custom-post-type__post'>\n\t\t\t\t\t\t\t\t\t\n<div class=\"wp-block-columns is-layout-flex wp-container-core-columns-is-layout-28f84493 wp-block-columns-is-layout-flex\">\n<div class=\"wp-block-column is-layout-flow wp-block-column-is-layout-flow\" style=\"flex-basis:25%\">\n<div class=\"wp-block-getwid-template-post-featured-image\" >\n            <a href=\"http:\/\/minijets.org\/fr\/0-100\/jet-cobra\/mc15j\/\">\n        <img loading=\"lazy\" decoding=\"async\" width=\"360\" height=\"280\" src=\"https:\/\/minijets.org\/wp-content\/uploads\/2020\/12\/Cricri-jet-Yves-Duval-01.jpg\" class=\"attachment-full size-full wp-post-image\" alt=\"MC-15J &#8211; Cricri Jet\" srcset=\"https:\/\/minijets.org\/wp-content\/uploads\/2020\/12\/Cricri-jet-Yves-Duval-01.jpg 360w, https:\/\/minijets.org\/wp-content\/uploads\/2020\/12\/Cricri-jet-Yves-Duval-01-300x233.jpg 300w, https:\/\/minijets.org\/wp-content\/uploads\/2020\/12\/Cricri-jet-Yves-Duval-01-15x12.jpg 15w\" sizes=\"auto, (max-width: 360px) 100vw, 360px\" \/>            <\/a>\n    <\/div>\n<\/div>\n\n\n\n<div class=\"wp-block-column is-layout-flow wp-block-column-is-layout-flow\" style=\"flex-basis:75%\">\n<h3 class=\"wp-block-getwid-template-post-title minijets_custom_title\"><a class=\"wp-block-getwid-template-post-title__link\" href=\"http:\/\/minijets.org\/fr\/0-100\/jet-cobra\/mc15j\/\">MC-15J &#8211; Cricri Jet<\/a><\/h3>\n\n\n<div class=\"wp-block-getwid-template-acf-wysiwyg custom-field-sous-titre\"  style=\"font-weight: bold;font-size: 15px;\">\n    <\/div>\n\n\n\n<div class=\"wp-block-getwid-template-post-content is-excerpt\" ><p>Apr\u00e8s 3 ann\u00e9es d&#8217;efforts, c&#8217;est sur l&#8217;a\u00e9roport de\u00a0Rennes Saint-Jacques\u00a0(LFRN) et aux mains d&#8217;Yves DUVAL\u00a0que le\u00a0MC-15J, Cricri Jet, a fait son premier vol le\u00a0jeudi 31 juillet 1997.\u00a0 Monoplace, \u00e9quip\u00e9 \u00e0 l&#8217;origine avec 2 moteurs de 15 CV, c&#8217;est le plus petit bimoteur du monde. Il vole \u00e0 plus de 200 km\/h pour une consommation d&#8217;environ 10\u2026<\/p><\/div>\n\n\n\n<div class=\"wp-block-getwid-template-post-button wp-block-button minijets_custom_button\" >\n    <a href=\"http:\/\/minijets.org\/fr\/0-100\/jet-cobra\/mc15j\/\" class=\"wp-block-button__link has-background has-white-background-color has-text-color has-vivid-cyan-blue-color\">\n\t\tLire la suite\t<\/a>\n<\/div>\n\n\n<\/div>\n<\/div>\n\t\t\t\t\t\t\t\t<\/div>\n\t\t\t\t\t\t\t            <\/div>\n\n                    <\/div>\n        \n\n\n<h2 class=\"wp-block-heading\">Notes et r\u00e9f\u00e9rences<\/h2>\n\n\n\n<div class=\"wp-block-getwid-anchor\" id=\"bonnaire\"><\/div>\n\n\n\n<div class=\"wp-block-columns is-layout-flex wp-container-core-columns-is-layout-28f84493 wp-block-columns-is-layout-flex\">\n<div class=\"wp-block-column is-layout-flow wp-block-column-is-layout-flow\" style=\"flex-basis:33.33%\">\n<h3 class=\"wp-block-heading\">Dominique Bonnaire<\/h3>\n\n\n\n<p>Pilote et constructeur<\/p>\n\n\n\n<figure class=\"wp-block-image size-large\"><img loading=\"lazy\" decoding=\"async\" width=\"260\" height=\"227\" src=\"http:\/\/minijets.org\/wp-content\/uploads\/2020\/12\/Cricri_Jet-Dominique_Bonnaire.jpg\" alt=\"\" class=\"wp-image-288\" srcset=\"https:\/\/minijets.org\/wp-content\/uploads\/2020\/12\/Cricri_Jet-Dominique_Bonnaire.jpg 260w, https:\/\/minijets.org\/wp-content\/uploads\/2020\/12\/Cricri_Jet-Dominique_Bonnaire-14x12.jpg 14w\" sizes=\"auto, (max-width: 260px) 100vw, 260px\" \/><figcaption class=\"wp-element-caption\"><em>Dominique BONNAIRE, constructeur et pilote, source photo : Jean-Marie Spapen<\/em><\/figcaption><\/figure>\n<\/div>\n\n\n\n<div class=\"wp-block-column is-layout-flow wp-block-column-is-layout-flow\" style=\"flex-basis:66.66%\">\n<p>Dominique Bonnaire est le constructeur et propri\u00e9taire de cet appareil qui vole depuis 1996. Il le pr\u00e9sente en meetings depuis 2000. Deux innovations importantes ont \u00e9t\u00e9 r\u00e9alis\u00e9e par Dominique sur ce CriCri :<\/p>\n\n\n\n<ul class=\"wp-block-list\">\n<li>Le remplacement des moteurs JPX pull 212 par des r\u00e9acteurs JetCat P200 SX.<\/li>\n\n\n\n<li>La r\u00e9alisation d&#8217;un mode de propulsion \u00e9lectrique totalement invisible, qui permet de conserver les r\u00e9acteurs \u00e9teints pour le roulage au sol.<\/li>\n<\/ul>\n\n\n\n<p>Pilote professionnel aux 9200 Heures de vol (en 2012!), brevet\u00e9 en a\u00e9roclub \u00e0 &nbsp;l&#8217;\u00e2ge de 18 ans, Dominique a commenc\u00e9 sa carri\u00e8re comme pilote, puis instructeur dans l&#8217;Arm\u00e9e de l&#8217;Air de 1983 \u00e0 2004. Pilote sur Pilatus PC6 de 2004 \u00e0 2010, Dominique a continu\u00e9 sa carri\u00e8re dans un bureau d&#8217;\u00e9tude charg\u00e9 de recherche et d\u00e9veloppement de machines volantes (avions et drones \u00e0 propulsion \u00e9lectrique).<\/p>\n<\/div>\n<\/div>\n","protected":false},"excerpt":{"rendered":"<p>Apr\u00e8s ceux d&#8217;Yves DUVAL et de Nicolas CHARMONT, un troisi\u00e8me MC-15J Cricri Jet \u00e0 r\u00e9action a vol\u00e9 en France. C&#8217;est celui de&nbsp;Dominique BONNAIRE. Il lui a fait faire son premier vol dans cette configuration le&nbsp;5 mai 2011. La motorisation retenue diff\u00e8re des pr\u00e9c\u00e9dentes puisque cette fois c&#8217;est Jetcat qui a \u00e9t\u00e9 choisi avec&nbsp;2 r\u00e9acteurs Jetcat [&hellip;]<\/p>\n","protected":false},"author":1,"featured_media":309,"parent":279,"menu_order":0,"comment_status":"closed","ping_status":"closed","template":"","meta":{"_acf_changed":false,"cybocfi_hide_featured_image":"","footnotes":""},"categories":[17],"tags":[],"planes-000-100":[],"class_list":["post-1155","page","type-page","status-publish","has-post-thumbnail","hentry","category-plane-000-100"],"blocksy_meta":[],"acf":[],"_links":{"self":[{"href":"http:\/\/minijets.org\/fr\/wp-json\/wp\/v2\/pages\/1155","targetHints":{"allow":["GET"]}}],"collection":[{"href":"http:\/\/minijets.org\/fr\/wp-json\/wp\/v2\/pages"}],"about":[{"href":"http:\/\/minijets.org\/fr\/wp-json\/wp\/v2\/types\/page"}],"author":[{"embeddable":true,"href":"http:\/\/minijets.org\/fr\/wp-json\/wp\/v2\/users\/1"}],"replies":[{"embeddable":true,"href":"http:\/\/minijets.org\/fr\/wp-json\/wp\/v2\/comments?post=1155"}],"version-history":[{"count":0,"href":"http:\/\/minijets.org\/fr\/wp-json\/wp\/v2\/pages\/1155\/revisions"}],"up":[{"embeddable":true,"href":"http:\/\/minijets.org\/fr\/wp-json\/wp\/v2\/pages\/279"}],"wp:featuredmedia":[{"embeddable":true,"href":"http:\/\/minijets.org\/fr\/wp-json\/wp\/v2\/media\/309"}],"wp:attachment":[{"href":"http:\/\/minijets.org\/fr\/wp-json\/wp\/v2\/media?parent=1155"}],"wp:term":[{"taxonomy":"category","embeddable":true,"href":"http:\/\/minijets.org\/fr\/wp-json\/wp\/v2\/categories?post=1155"},{"taxonomy":"post_tag","embeddable":true,"href":"http:\/\/minijets.org\/fr\/wp-json\/wp\/v2\/tags?post=1155"},{"taxonomy":"planes-000-100","embeddable":true,"href":"http:\/\/minijets.org\/fr\/wp-json\/wp\/v2\/planes-000-100?post=1155"}],"curies":[{"name":"wp","href":"https:\/\/api.w.org\/{rel}","templated":true}]}}