{"id":1230,"date":"2021-01-03T10:46:08","date_gmt":"2021-01-03T09:46:08","guid":{"rendered":"http:\/\/tst.minijets.org\/?page_id=1230"},"modified":"2022-11-12T11:18:14","modified_gmt":"2022-11-12T10:18:14","slug":"sirocket-2","status":"publish","type":"page","link":"http:\/\/minijets.org\/fr\/0-100\/jetcat-p200\/sirocket-2\/","title":{"rendered":"Sirocket"},"content":{"rendered":"\n<p>Sirocco transform\u00e9 en Jet par Dave Stephens<\/p>\n\n\n\n<figure class=\"wp-block-image size-large\"><img loading=\"lazy\" decoding=\"async\" width=\"1024\" height=\"185\" src=\"http:\/\/minijets.org\/wp-content\/uploads\/2020\/12\/Sirocket-02.jpg\" alt=\"Sirocket\" class=\"wp-image-323\" srcset=\"https:\/\/minijets.org\/wp-content\/uploads\/2020\/12\/Sirocket-02.jpg 1024w, https:\/\/minijets.org\/wp-content\/uploads\/2020\/12\/Sirocket-02-300x54.jpg 300w, https:\/\/minijets.org\/wp-content\/uploads\/2020\/12\/Sirocket-02-768x139.jpg 768w, https:\/\/minijets.org\/wp-content\/uploads\/2020\/12\/Sirocket-02-18x3.jpg 18w\" sizes=\"auto, (max-width: 1024px) 100vw, 1024px\" \/><figcaption class=\"wp-element-caption\">Le Sirocket lors de ses essais, avec la courtoisie de de son propri\u00e9taire, constructeur et pilote Dave Stephens<\/figcaption><\/figure>\n\n\n\n<p>Le\u00a0<strong>Sirocket\u00a0<\/strong>a pour origine un ULM l\u00e9gendaire : le\u00a0<strong>Sirocco<\/strong>\u00a0de Fran\u00e7ois Goethals et Bernard d&#8217;Otreppe construit par leur soci\u00e9t\u00e9\u00a0<strong><a href=\"https:\/\/fr.wikipedia.org\/wiki\/Aviasud\" data-type=\"URL\" data-id=\"https:\/\/fr.wikipedia.org\/wiki\/Aviasud\" target=\"_blank\" rel=\"noopener\">Aviasud<\/a><\/strong>\u00a0entre 1983 et le d\u00e9but des ann\u00e9es 90. Elle sera ensuite reprise par la soci\u00e9t\u00e9\u00a0<strong>A\u00e9riane<\/strong>\u00a0(Swift), puis la licence est pass\u00e9e \u00e0 la soci\u00e9t\u00e9\u00a0<strong>ACLA<\/strong>\u00a0bas\u00e9e aux Pays-bas, qui produit une version modernis\u00e9e : Le\u00a0<strong>Sirocco NG<\/strong>.\u00a0<\/p>\n\n\n\n<div class=\"wp-block-columns is-layout-flex wp-container-core-columns-is-layout-28f84493 wp-block-columns-is-layout-flex\">\n<div class=\"wp-block-column is-layout-flow wp-block-column-is-layout-flow\" style=\"flex-basis:60%\">\n<figure class=\"wp-block-image size-large\"><img loading=\"lazy\" decoding=\"async\" width=\"500\" height=\"279\" src=\"http:\/\/minijets.org\/wp-content\/uploads\/2020\/12\/Sirocket-01.jpg\" alt=\"Sirocket\" class=\"wp-image-316\" srcset=\"https:\/\/minijets.org\/wp-content\/uploads\/2020\/12\/Sirocket-01.jpg 500w, https:\/\/minijets.org\/wp-content\/uploads\/2020\/12\/Sirocket-01-300x167.jpg 300w, https:\/\/minijets.org\/wp-content\/uploads\/2020\/12\/Sirocket-01-18x10.jpg 18w\" sizes=\"auto, (max-width: 500px) 100vw, 500px\" \/><figcaption class=\"wp-element-caption\">Source : toutes les photos ou \u00e9l\u00e9ments de cet article sont publi\u00e9s avec la courtoisie de Dave Stephens.<\/figcaption><\/figure>\n\n\n\n<p>C&#8217;est par une transformation importante du prototype du\u00a0<strong>Sirocco NG<\/strong>\u00a0que\u00a0<strong>Dave Stephens\u00a0<\/strong>et\u00a0<strong>Dean Arnold<\/strong>\u00a0on r\u00e9ussi \u00e0\u00a0 cr\u00e9er le bir\u00e9acteur Sirocket class\u00e9 dans la cat\u00e9gorie des Single Seat Derugalated (SSDR) britanique.\u00a0Il est \u00e9quip\u00e9 de 2 utrbor\u00e9acteurs <a href=\"https:\/\/minijets.org\/0-100\/jetcat-p200\/\" data-type=\"page\" data-id=\"279\">Jetcat P200S<\/a>.<\/p>\n\n\n\n<p>Dave Stephens lui a fait faire son premier vol le&nbsp;<strong>11 d\u00e9cembre 2011<\/strong>&nbsp;sur l&#8217;a\u00e9rodrome de&nbsp;<strong>Damyn&#8217;s Hall<\/strong><\/p>\n\n\n\n<figure class=\"wp-block-image size-large\"><img loading=\"lazy\" decoding=\"async\" width=\"1024\" height=\"568\" src=\"http:\/\/minijets.org\/wp-content\/uploads\/2020\/12\/Sirocket-05-1024x568.jpg\" alt=\"Sirocket\" class=\"wp-image-287\" srcset=\"https:\/\/minijets.org\/wp-content\/uploads\/2020\/12\/Sirocket-05-1024x568.jpg 1024w, https:\/\/minijets.org\/wp-content\/uploads\/2020\/12\/Sirocket-05-300x166.jpg 300w, https:\/\/minijets.org\/wp-content\/uploads\/2020\/12\/Sirocket-05-768x426.jpg 768w, https:\/\/minijets.org\/wp-content\/uploads\/2020\/12\/Sirocket-05-18x10.jpg 18w, https:\/\/minijets.org\/wp-content\/uploads\/2020\/12\/Sirocket-05.jpg 1073w\" sizes=\"auto, (max-width: 1024px) 100vw, 1024px\" \/><figcaption class=\"wp-element-caption\">Tableau de bord du Sirocket. Chaque moteur poss\u00e8de son syst\u00e8me de gestion moteur propre fonctionnant sur un circuit ind\u00e9pendant.<\/figcaption><\/figure>\n<\/div>\n\n\n\n<div class=\"wp-block-column minijets_table is-layout-flow wp-block-column-is-layout-flow\" style=\"flex-basis:40%\">\n<h3 class=\"wp-block-heading\">Caract\u00e9ristiques du Sirocket<\/h3>\n\n\n\n<figure class=\"wp-block-table minijets_tab_top\"><table><tbody><tr><td>Constructeur<\/td><td>Schweizer Aircraft<\/td><\/tr><tr><td>Type<\/td><td>Ulm monoplace bir\u00e9acteur<\/td><\/tr><tr><td>1er vol, version \u00e0 turbine&nbsp;<\/td><td>11 d\u00e9cembre 2011<\/td><\/tr><tr><td>Nombre construits<\/td><td>1<\/td><\/tr><tr><td>Equipage<\/td><td>1<\/td><\/tr><\/tbody><\/table><\/figure>\n\n\n\n<h4 class=\"wp-block-heading\">Motorisation<\/h4>\n\n\n\n<figure class=\"wp-block-table\"><table><tbody><tr><td>Moteur<\/td><td>JetCat<\/td><td>P200S<\/td><\/tr><tr><td>Type<\/td><td>Turbor\u00e9acteur<\/td><td><\/td><\/tr><tr><td>Nombre<\/td><td>2<\/td><td><\/td><\/tr><tr><td>Pouss\u00e9e unitaire<\/td><td>226 N<\/td><td>50.7 lb st<\/td><\/tr><\/tbody><\/table><\/figure>\n\n\n\n<h4 class=\"wp-block-heading\">Dimensions<\/h4>\n\n\n\n<figure class=\"wp-block-table\"><table><tbody><tr><td>Envergure<\/td><td>7,60 m<\/td><td>24.93 ft<\/td><\/tr><tr><td>Longueur<\/td><td>5,80 m<\/td><td>19,00 ft<\/td><\/tr><tr><td>Hauteur<\/td><td>2,70 m<\/td><td>8.90 ft<\/td><\/tr><tr><td>Surface alaire<\/td><td>&nbsp;m\u00b2<\/td><td>ft\u00b2<\/td><\/tr><tr><td>Allongement<\/td><td><\/td><td><\/td><\/tr><\/tbody><\/table><\/figure>\n\n\n\n<h4 class=\"wp-block-heading\">Masses<\/h4>\n\n\n\n<figure class=\"wp-block-table\"><table><tbody><tr><td>A vide<\/td><td>105 kg<\/td><td>231.5 lb<\/td><\/tr><tr><td>Equipage<\/td><td>kg<\/td><td>lb<\/td><\/tr><tr><td>Carburant&nbsp;<\/td><td>kg<\/td><td>lb<\/td><\/tr><tr><td>Maximale<\/td><td>kg<\/td><td>lb<\/td><\/tr><tr><td>Charge alaire<\/td><td>kg\/m\u00b2<\/td><td>lb\/sq ft<\/td><\/tr><\/tbody><\/table><\/figure>\n\n\n\n<h4 class=\"wp-block-heading\">Performances<\/h4>\n\n\n\n<figure class=\"wp-block-table\"><table><tbody><tr><td>Vne &#8211; Vitesse maximum<\/td><td>129 km\/h<\/td><td>80 mph<\/td><\/tr><tr><td>Vno &#8211; Vitesse de croisi\u00e8re<\/td><td>km\/h<\/td><td>mph<\/td><\/tr><tr><td>Vitesse ascen. \u00e0 Vne&nbsp;<\/td><td>m\/min<\/td><td>ft\/min<\/td><\/tr><tr><td>Vitesse ascen. \u00e0 Vno<\/td><td>m\/min<\/td><td>ft\/min<\/td><\/tr><tr><td>Plafond pratique<\/td><td>m<\/td><td>ft<\/td><\/tr><tr><td>Range&nbsp;<\/td><td>km<\/td><td>miles<\/td><\/tr><tr><td>Vitesse de d\u00e9collage<\/td><td>48 km\/h<\/td><td>30 mph<\/td><\/tr><tr><td>Vitesse d&#8217;atterrissage<\/td><td>km\/h<\/td><td>mph<\/td><\/tr><tr><td>Distance de d\u00e9collage (15m)<\/td><td>m<\/td><td>yds<\/td><\/tr><\/tbody><\/table><\/figure>\n<\/div>\n<\/div>\n\n\n\n<div class=\"wp-block-columns is-layout-flex wp-container-core-columns-is-layout-28f84493 wp-block-columns-is-layout-flex\">\n<div class=\"wp-block-column is-layout-flow wp-block-column-is-layout-flow\">\n<p>Le&nbsp;<strong>Sirocket<\/strong>&nbsp;est \u00e9quip\u00e9 d&#8217;une instrumentation &#8220;raisonnablement&#8221; compliqu\u00e9e qui est, entre autre, compatible avec les appareils assujettis \u00e0 la r\u00e9glementation de type SSDR (Single Seat Deregulated)<\/p>\n\n\n\n<p>Elle comprend :<\/p>\n\n\n\n<ul class=\"wp-block-list\">\n<li>Un \u00e9metteur-r\u00e9cepteur VHF,<\/li>\n\n\n\n<li>Un syst\u00e8me de gestion de la consommation de carburant calculant le d\u00e9bit et la capacit\u00e9 restante.<\/li>\n\n\n\n<li>Des syst\u00e8mes de surveillance moteur (pour chaque moteur et ind\u00e9pendant l&#8217;un de l&#8217;autre) chacun d&#8217;eux \u00e9tant ind\u00e9pendant de l&#8217;autre.<\/li>\n\n\n\n<li>Un instrument multifonction (Vanguard Eagle?) qui fournit la vitesse, l&#8217;altitude, taux de mont\u00e9e et une information GPS.<\/li>\n<\/ul>\n<\/div>\n\n\n\n<div class=\"wp-block-column is-layout-flow wp-block-column-is-layout-flow\">\n<figure class=\"wp-block-image size-large\"><img loading=\"lazy\" decoding=\"async\" width=\"500\" height=\"267\" src=\"http:\/\/minijets.org\/wp-content\/uploads\/2020\/12\/Sirocket-06.jpg\" alt=\"\" class=\"wp-image-314\" srcset=\"https:\/\/minijets.org\/wp-content\/uploads\/2020\/12\/Sirocket-06.jpg 500w, https:\/\/minijets.org\/wp-content\/uploads\/2020\/12\/Sirocket-06-300x160.jpg 300w, https:\/\/minijets.org\/wp-content\/uploads\/2020\/12\/Sirocket-06-18x10.jpg 18w\" sizes=\"auto, (max-width: 500px) 100vw, 500px\" \/><figcaption class=\"wp-element-caption\">Vue faciale compar\u00e9e du Sirocco et du Sirocket<\/figcaption><\/figure>\n<\/div>\n<\/div>\n\n\n\n<figure class=\"wp-block-embed is-type-video is-provider-youtube wp-block-embed-youtube wp-embed-aspect-16-9 wp-has-aspect-ratio\"><div class=\"wp-block-embed__wrapper\">\n<iframe loading=\"lazy\" title=\"First Flight of the Sirocket\" width=\"1380\" height=\"776\" src=\"https:\/\/www.youtube.com\/embed\/Je2DDkRuQZ0?feature=oembed\" frameborder=\"0\" allow=\"accelerometer; autoplay; clipboard-write; encrypted-media; gyroscope; picture-in-picture; web-share\" referrerpolicy=\"strict-origin-when-cross-origin\" allowfullscreen><\/iframe>\n<\/div><figcaption class=\"wp-element-caption\">Vid\u00e9o du premier vol du Sirocket<\/figcaption><\/figure>\n\n\n\n<p><\/p>\n","protected":false},"excerpt":{"rendered":"<p>Sirocco transform\u00e9 en Jet par Dave Stephens Le\u00a0Sirocket\u00a0a pour origine un ULM l\u00e9gendaire : le\u00a0Sirocco\u00a0de Fran\u00e7ois Goethals et Bernard d&#8217;Otreppe construit par leur soci\u00e9t\u00e9\u00a0Aviasud\u00a0entre 1983 et le d\u00e9but des ann\u00e9es 90. Elle sera ensuite reprise par la soci\u00e9t\u00e9\u00a0A\u00e9riane\u00a0(Swift), puis la licence est pass\u00e9e \u00e0 la soci\u00e9t\u00e9\u00a0ACLA\u00a0bas\u00e9e aux Pays-bas, qui produit une version modernis\u00e9e : Le\u00a0Sirocco [&hellip;]<\/p>\n","protected":false},"author":1,"featured_media":316,"parent":279,"menu_order":0,"comment_status":"closed","ping_status":"closed","template":"","meta":{"_acf_changed":false,"cybocfi_hide_featured_image":"","footnotes":""},"categories":[17],"tags":[],"planes-000-100":[],"class_list":["post-1230","page","type-page","status-publish","has-post-thumbnail","hentry","category-plane-000-100"],"blocksy_meta":[],"acf":[],"_links":{"self":[{"href":"http:\/\/minijets.org\/fr\/wp-json\/wp\/v2\/pages\/1230","targetHints":{"allow":["GET"]}}],"collection":[{"href":"http:\/\/minijets.org\/fr\/wp-json\/wp\/v2\/pages"}],"about":[{"href":"http:\/\/minijets.org\/fr\/wp-json\/wp\/v2\/types\/page"}],"author":[{"embeddable":true,"href":"http:\/\/minijets.org\/fr\/wp-json\/wp\/v2\/users\/1"}],"replies":[{"embeddable":true,"href":"http:\/\/minijets.org\/fr\/wp-json\/wp\/v2\/comments?post=1230"}],"version-history":[{"count":0,"href":"http:\/\/minijets.org\/fr\/wp-json\/wp\/v2\/pages\/1230\/revisions"}],"up":[{"embeddable":true,"href":"http:\/\/minijets.org\/fr\/wp-json\/wp\/v2\/pages\/279"}],"wp:featuredmedia":[{"embeddable":true,"href":"http:\/\/minijets.org\/fr\/wp-json\/wp\/v2\/media\/316"}],"wp:attachment":[{"href":"http:\/\/minijets.org\/fr\/wp-json\/wp\/v2\/media?parent=1230"}],"wp:term":[{"taxonomy":"category","embeddable":true,"href":"http:\/\/minijets.org\/fr\/wp-json\/wp\/v2\/categories?post=1230"},{"taxonomy":"post_tag","embeddable":true,"href":"http:\/\/minijets.org\/fr\/wp-json\/wp\/v2\/tags?post=1230"},{"taxonomy":"planes-000-100","embeddable":true,"href":"http:\/\/minijets.org\/fr\/wp-json\/wp\/v2\/planes-000-100?post=1230"}],"curies":[{"name":"wp","href":"https:\/\/api.w.org\/{rel}","templated":true}]}}