{"id":1308,"date":"2021-01-03T16:54:50","date_gmt":"2021-01-03T15:54:50","guid":{"rendered":"http:\/\/tst.minijets.org\/?page_id=1308"},"modified":"2022-11-16T16:35:42","modified_gmt":"2022-11-16T15:35:42","slug":"hph-304-shark-s-jet","status":"publish","type":"page","link":"http:\/\/minijets.org\/fr\/0-100\/tbs-400n-j40p\/hph-304-shark-s-jet\/","title":{"rendered":"HPH 304S Shark jet turbine"},"content":{"rendered":"\n<figure class=\"wp-block-image size-large\"><img loading=\"lazy\" decoding=\"async\" width=\"823\" height=\"178\" src=\"http:\/\/minijets.org\/wp-content\/uploads\/2020\/12\/HpH_304_-_S_Jet_-_03.jpg\" alt=\"\" class=\"wp-image-965\" srcset=\"https:\/\/minijets.org\/wp-content\/uploads\/2020\/12\/HpH_304_-_S_Jet_-_03.jpg 823w, https:\/\/minijets.org\/wp-content\/uploads\/2020\/12\/HpH_304_-_S_Jet_-_03-300x65.jpg 300w, https:\/\/minijets.org\/wp-content\/uploads\/2020\/12\/HpH_304_-_S_Jet_-_03-768x166.jpg 768w, https:\/\/minijets.org\/wp-content\/uploads\/2020\/12\/HpH_304_-_S_Jet_-_03-18x4.jpg 18w\" sizes=\"auto, (max-width: 823px) 100vw, 823px\" \/><\/figure>\n\n\n\n<div class=\"wp-block-columns is-layout-flex wp-container-core-columns-is-layout-28f84493 wp-block-columns-is-layout-flex\">\n<div class=\"wp-block-column is-layout-flow wp-block-column-is-layout-flow\" style=\"flex-basis:50%\">\n<figure class=\"wp-block-image size-large\"><img loading=\"lazy\" decoding=\"async\" width=\"500\" height=\"375\" src=\"http:\/\/minijets.org\/wp-content\/uploads\/2020\/12\/HpH_304_-_S_Jet_-_01.jpg\" alt=\"\" class=\"wp-image-963\" srcset=\"https:\/\/minijets.org\/wp-content\/uploads\/2020\/12\/HpH_304_-_S_Jet_-_01.jpg 500w, https:\/\/minijets.org\/wp-content\/uploads\/2020\/12\/HpH_304_-_S_Jet_-_01-300x225.jpg 300w, https:\/\/minijets.org\/wp-content\/uploads\/2020\/12\/HpH_304_-_S_Jet_-_01-16x12.jpg 16w\" sizes=\"auto, (max-width: 500px) 100vw, 500px\" \/><figcaption class=\"wp-element-caption\">Mr. Ludek Kluger apr\u00e8s l&#8217;un des premiers vols du HPH-304SJ fin 2008<\/figcaption><\/figure>\n\n\n\n<figure class=\"wp-block-image size-large\"><img loading=\"lazy\" decoding=\"async\" width=\"507\" height=\"387\" src=\"http:\/\/minijets.org\/wp-content\/uploads\/2020\/12\/HpH_304_-_S_Jet_-_02.jpg\" alt=\"\" class=\"wp-image-967\" srcset=\"https:\/\/minijets.org\/wp-content\/uploads\/2020\/12\/HpH_304_-_S_Jet_-_02.jpg 507w, https:\/\/minijets.org\/wp-content\/uploads\/2020\/12\/HpH_304_-_S_Jet_-_02-300x229.jpg 300w, https:\/\/minijets.org\/wp-content\/uploads\/2020\/12\/HpH_304_-_S_Jet_-_02-16x12.jpg 16w\" sizes=\"auto, (max-width: 507px) 100vw, 507px\" \/><figcaption class=\"wp-element-caption\">Prototype du HPH 304S Shark Jet turbine en vol<\/figcaption><\/figure>\n<\/div>\n\n\n\n<div class=\"wp-block-column minijets_table is-layout-flow wp-block-column-is-layout-flow\" style=\"flex-basis:50%\">\n<p>Le <strong>HPH 304S Shark Jet turbine&nbsp;<\/strong>est un motoplaneur produit par la soci\u00e9t\u00e9 tch\u00e8que HPH et \u00e9quip\u00e9 avec le r\u00e9acteur <a href=\"https:\/\/minijets.org\/0-100\/tbs-400n-j40p\/\" data-type=\"page\" data-id=\"961\">TBS 400N-J40P<\/a>. &nbsp;M. Ludek Kluger lui a fait faire son premier vol fin&nbsp;<strong>2008<\/strong><\/p>\n\n\n\n<p>Le HPH 304S Shark Jet turbine&nbsp;est issu du HPH 304 qui a vol\u00e9 pour la premi\u00e8re fois en 2006.&nbsp;Il a lui-m\u00eame pour origine le Glasfl\u00fcgel 304 des ann\u00e9es 80. Il se caract\u00e9rise par une nouvelle aile avec des winglets interchangeables qui permettent de porter l&#8217;envergure de 15 \u00e0 18 m\u00e8tres.<\/p>\n\n\n\n<figure class=\"wp-block-image size-large\"><img loading=\"lazy\" decoding=\"async\" width=\"600\" height=\"200\" src=\"http:\/\/minijets.org\/wp-content\/uploads\/2020\/12\/HPH-304_G-HPJT.jpg\" alt=\"\" class=\"wp-image-968\" srcset=\"https:\/\/minijets.org\/wp-content\/uploads\/2020\/12\/HPH-304_G-HPJT.jpg 600w, https:\/\/minijets.org\/wp-content\/uploads\/2020\/12\/HPH-304_G-HPJT-300x100.jpg 300w, https:\/\/minijets.org\/wp-content\/uploads\/2020\/12\/HPH-304_G-HPJT-18x6.jpg 18w\" sizes=\"auto, (max-width: 600px) 100vw, 600px\" \/><\/figure>\n<\/div>\n<\/div>\n\n\n\n<figure class=\"wp-block-image size-large\"><img loading=\"lazy\" decoding=\"async\" width=\"700\" height=\"372\" src=\"http:\/\/minijets.org\/wp-content\/uploads\/2020\/12\/HPH_304_P3view.jpg\" alt=\"\" class=\"wp-image-964\" srcset=\"https:\/\/minijets.org\/wp-content\/uploads\/2020\/12\/HPH_304_P3view.jpg 700w, https:\/\/minijets.org\/wp-content\/uploads\/2020\/12\/HPH_304_P3view-300x159.jpg 300w, https:\/\/minijets.org\/wp-content\/uploads\/2020\/12\/HPH_304_P3view-18x10.jpg 18w\" sizes=\"auto, (max-width: 700px) 100vw, 700px\" \/><\/figure>\n","protected":false},"excerpt":{"rendered":"<p>Le HPH 304S Shark Jet turbine&nbsp;est un motoplaneur produit par la soci\u00e9t\u00e9 tch\u00e8que HPH et \u00e9quip\u00e9 avec le r\u00e9acteur TBS 400N-J40P. &nbsp;M. Ludek Kluger lui a fait faire son premier vol fin&nbsp;2008 Le HPH 304S Shark Jet turbine&nbsp;est issu du HPH 304 qui a vol\u00e9 pour la premi\u00e8re fois en 2006.&nbsp;Il a lui-m\u00eame pour origine [&hellip;]<\/p>\n","protected":false},"author":1,"featured_media":963,"parent":961,"menu_order":0,"comment_status":"closed","ping_status":"closed","template":"","meta":{"_acf_changed":false,"cybocfi_hide_featured_image":"","footnotes":""},"categories":[17],"tags":[],"planes-000-100":[],"class_list":["post-1308","page","type-page","status-publish","has-post-thumbnail","hentry","category-plane-000-100"],"blocksy_meta":[],"acf":[],"_links":{"self":[{"href":"http:\/\/minijets.org\/fr\/wp-json\/wp\/v2\/pages\/1308","targetHints":{"allow":["GET"]}}],"collection":[{"href":"http:\/\/minijets.org\/fr\/wp-json\/wp\/v2\/pages"}],"about":[{"href":"http:\/\/minijets.org\/fr\/wp-json\/wp\/v2\/types\/page"}],"author":[{"embeddable":true,"href":"http:\/\/minijets.org\/fr\/wp-json\/wp\/v2\/users\/1"}],"replies":[{"embeddable":true,"href":"http:\/\/minijets.org\/fr\/wp-json\/wp\/v2\/comments?post=1308"}],"version-history":[{"count":0,"href":"http:\/\/minijets.org\/fr\/wp-json\/wp\/v2\/pages\/1308\/revisions"}],"up":[{"embeddable":true,"href":"http:\/\/minijets.org\/fr\/wp-json\/wp\/v2\/pages\/961"}],"wp:featuredmedia":[{"embeddable":true,"href":"http:\/\/minijets.org\/fr\/wp-json\/wp\/v2\/media\/963"}],"wp:attachment":[{"href":"http:\/\/minijets.org\/fr\/wp-json\/wp\/v2\/media?parent=1308"}],"wp:term":[{"taxonomy":"category","embeddable":true,"href":"http:\/\/minijets.org\/fr\/wp-json\/wp\/v2\/categories?post=1308"},{"taxonomy":"post_tag","embeddable":true,"href":"http:\/\/minijets.org\/fr\/wp-json\/wp\/v2\/tags?post=1308"},{"taxonomy":"planes-000-100","embeddable":true,"href":"http:\/\/minijets.org\/fr\/wp-json\/wp\/v2\/planes-000-100?post=1308"}],"curies":[{"name":"wp","href":"https:\/\/api.w.org\/{rel}","templated":true}]}}