{"id":1491,"date":"2021-01-04T16:54:45","date_gmt":"2021-01-04T15:54:45","guid":{"rendered":"http:\/\/tst.minijets.org\/?page_id=1491"},"modified":"2024-10-26T10:21:09","modified_gmt":"2024-10-26T08:21:09","slug":"ash-25-jet","status":"publish","type":"page","link":"http:\/\/minijets.org\/fr\/0-100\/amt-olympus\/ash-25-jet\/","title":{"rendered":"ASH 25 Jet"},"content":{"rendered":"\n<h2 class=\"wp-block-heading\">Conversion de l&#8217;ASH 25 Mi en ASH 25 Jet<\/h2>\n\n\n\n<p>En 2010, un planeur ASH 25 Mi bas\u00e9 en Australie a \u00e9t\u00e9 converti en un ASH 25 Jet par <strong>Paul Mander<\/strong>. L&#8217;appareil est \u00e9quip\u00e9 de deux turbor\u00e9acteurs <strong><a href=\"https:\/\/minijets.org\/0-100\/amt-olympus\/\" data-type=\"page\" data-id=\"906\">AMT Olympus<\/a><\/strong>, permettant un <strong>d\u00e9collage autonome<\/strong>.<\/p>\n\n\n\n<div class=\"wp-block-columns is-layout-flex wp-container-core-columns-is-layout-28f84493 wp-block-columns-is-layout-flex\">\n<div class=\"wp-block-column is-layout-flow wp-block-column-is-layout-flow\">\n<figure class=\"wp-block-image size-large\"><img loading=\"lazy\" decoding=\"async\" width=\"1024\" height=\"456\" src=\"http:\/\/minijets.org\/wp-content\/uploads\/2020\/12\/ASH-25_Jet_-_02-1024x456.jpg\" alt=\"ASH 25 Jet\" class=\"wp-image-407\" srcset=\"https:\/\/minijets.org\/wp-content\/uploads\/2020\/12\/ASH-25_Jet_-_02-1024x456.jpg 1024w, https:\/\/minijets.org\/wp-content\/uploads\/2020\/12\/ASH-25_Jet_-_02-300x134.jpg 300w, https:\/\/minijets.org\/wp-content\/uploads\/2020\/12\/ASH-25_Jet_-_02-768x342.jpg 768w, https:\/\/minijets.org\/wp-content\/uploads\/2020\/12\/ASH-25_Jet_-_02-18x8.jpg 18w, https:\/\/minijets.org\/wp-content\/uploads\/2020\/12\/ASH-25_Jet_-_02.jpg 1210w\" sizes=\"auto, (max-width: 1024px) 100vw, 1024px\" \/><\/figure>\n\n\n\n<figure class=\"wp-block-image size-large\"><img loading=\"lazy\" decoding=\"async\" width=\"500\" height=\"277\" src=\"http:\/\/minijets.org\/wp-content\/uploads\/2020\/12\/ASH-25_Jet_-_01.jpg\" alt=\"ASH 25 Jet\" class=\"wp-image-388\" srcset=\"https:\/\/minijets.org\/wp-content\/uploads\/2020\/12\/ASH-25_Jet_-_01.jpg 500w, https:\/\/minijets.org\/wp-content\/uploads\/2020\/12\/ASH-25_Jet_-_01-300x166.jpg 300w, https:\/\/minijets.org\/wp-content\/uploads\/2020\/12\/ASH-25_Jet_-_01-18x10.jpg 18w\" sizes=\"auto, (max-width: 500px) 100vw, 500px\" \/><\/figure>\n\n\n\n<figure class=\"wp-block-image size-large\"><img loading=\"lazy\" decoding=\"async\" width=\"500\" height=\"333\" src=\"http:\/\/minijets.org\/wp-content\/uploads\/2020\/12\/ASH-25_Jet_-_03.jpg\" alt=\"ASH 25 Jet\" class=\"wp-image-417\" srcset=\"https:\/\/minijets.org\/wp-content\/uploads\/2020\/12\/ASH-25_Jet_-_03.jpg 500w, https:\/\/minijets.org\/wp-content\/uploads\/2020\/12\/ASH-25_Jet_-_03-300x200.jpg 300w, https:\/\/minijets.org\/wp-content\/uploads\/2020\/12\/ASH-25_Jet_-_03-18x12.jpg 18w\" sizes=\"auto, (max-width: 500px) 100vw, 500px\" \/><\/figure>\n<\/div>\n\n\n\n<div class=\"wp-block-column is-layout-flow wp-block-column-is-layout-flow\">\n<h3 class=\"wp-block-heading\">Description de l&#8217;ASH 25<\/h3>\n\n\n\n<p>L&#8217;<a href=\"https:\/\/fr.wikipedia.org\/wiki\/Alexander_Schleicher_ASH_25\" target=\"_blank\" rel=\"noopener\">ASH 25<\/a> est un planeur biplace de haute performance appartenant \u00e0 la classe ouverte, fabriqu\u00e9 par <a href=\"https:\/\/fr.wikipedia.org\/wiki\/Alexander_Schleicher\" target=\"_blank\" rel=\"noopener\">Alexander Schleicher<\/a> jusqu&#8217;en septembre 2008, avec une envergure initiale de 25 m\u00e8tres.<\/p>\n\n\n\n<p>Le concepteur <strong>Martin Heide<\/strong> (le &#8220;H&#8221; dans la d\u00e9signation du type) a combin\u00e9 l&#8217;aile du planeur monoplace <strong>Schleicher ASW 22<\/strong>, champion du monde, avec le fuselage d\u00e9riv\u00e9 de l&#8217;<strong>Akaflieg Stuttgart FS-31<\/strong>, qui offrait une tra\u00een\u00e9e particuli\u00e8rement r\u00e9duite.<\/p>\n\n\n\n<h3 class=\"wp-block-heading\">\u00c9volution et variantes<\/h3>\n\n\n\n<p>Le prototype a \u00e9t\u00e9 d\u00e9sign\u00e9 <strong>AS 22-2<\/strong>. L&#8217;envergure a \u00e9t\u00e9 augment\u00e9e dans les versions ult\u00e9rieures \u00e0 25,6 ou 26 m\u00e8tres avec des winglets. Une version &#8220;turbo&#8221; a \u00e9galement \u00e9t\u00e9 d\u00e9velopp\u00e9e, l&#8217;<strong>ASH 25E<\/strong>, suivie par l&#8217;ASH 25Mi avec une grande h\u00e9lice r\u00e9tractable et un moteur rotatif Wankel.<\/p>\n\n\n\n<h3 class=\"wp-block-heading\">De l&#8217;ASH 25 Mi au Jet<\/h3>\n\n\n\n<p>On dispose de peut d&#8217;\u00e9l\u00e9ments sur cette version du planeur \u00e9quip\u00e9e de 2 moteurs <strong>AMT<\/strong>. Si ce n&#8217;est qu&#8217;elle est due \u00e0 <strong>Paul Mander<\/strong>, qui a modifi\u00e9 son ASH-25 (immatriculation &#8220;VH-GOA&#8221;) en y adaptant un dispositif r\u00e9tractable supportant les deux turbor\u00e9acteurs positionn\u00e9s l&#8217;un au-dessus de l&#8217;autre.<\/p>\n\n\n\n<p>Le premier vol de cette version a eu lieu en 2010.<\/p>\n\n\n\n<h3 class=\"wp-block-heading\">Capacit\u00e9s de d\u00e9collage autonome<\/h3>\n\n\n\n<p>Les diff\u00e9rentes vid\u00e9os de cet appareil disponibles sur Internet montrent que l&#8217;appareil est capable de <strong>d\u00e9coller de mani\u00e8re autonome<\/strong>.<\/p>\n<\/div>\n<\/div>\n\n\n\n<h2 class=\"wp-block-heading\">R\u00e9f\u00e9rences et Notes<\/h2>\n\n\n\n<div class=\"wp-block-columns is-layout-flex wp-container-core-columns-is-layout-28f84493 wp-block-columns-is-layout-flex\">\n<div class=\"wp-block-column is-layout-flow wp-block-column-is-layout-flow\" style=\"flex-basis:33.33%\">\n<div class=\"wp-block-getwid-anchor\" id=\"Mander\"><\/div>\n\n\n\n<h3 class=\"wp-block-heading\">Paul Mander<\/h3>\n\n\n\n<figure class=\"wp-block-image size-large\"><img loading=\"lazy\" decoding=\"async\" width=\"1024\" height=\"845\" src=\"http:\/\/minijets.org\/wp-content\/uploads\/2020\/12\/Paul-Mander-1024x845.jpg\" alt=\"\" class=\"wp-image-406\" srcset=\"https:\/\/minijets.org\/wp-content\/uploads\/2020\/12\/Paul-Mander-1024x845.jpg 1024w, https:\/\/minijets.org\/wp-content\/uploads\/2020\/12\/Paul-Mander-300x248.jpg 300w, https:\/\/minijets.org\/wp-content\/uploads\/2020\/12\/Paul-Mander-768x634.jpg 768w, https:\/\/minijets.org\/wp-content\/uploads\/2020\/12\/Paul-Mander-15x12.jpg 15w, https:\/\/minijets.org\/wp-content\/uploads\/2020\/12\/Paul-Mander.jpg 1029w\" sizes=\"auto, (max-width: 1024px) 100vw, 1024px\" \/><\/figure>\n<\/div>\n\n\n\n<div class=\"wp-block-column is-layout-flow wp-block-column-is-layout-flow\" style=\"flex-basis:66.66%\">\n<p>Former racing driver Paul Mander died on Sunday 21 2018&nbsp;in his&nbsp;glider crash at Bathurst.&nbsp;He was flying his experimental ASH-25&nbsp;jet propelled glider.&nbsp;Paul was a very experienced glider pilot having won two World Championships in Europe.<\/p>\n\n\n\n<p>RIP Paul<\/p>\n<\/div>\n<\/div>\n","protected":false},"excerpt":{"rendered":"<p>Conversion de l&#8217;ASH 25 Mi en ASH 25 Jet En 2010, un planeur ASH 25 Mi bas\u00e9 en Australie a \u00e9t\u00e9 converti en un ASH 25 Jet par Paul Mander. L&#8217;appareil est \u00e9quip\u00e9 de deux turbor\u00e9acteurs AMT Olympus, permettant un d\u00e9collage autonome. Description de l&#8217;ASH 25 L&#8217;ASH 25 est un planeur biplace de haute performance [&hellip;]<\/p>\n","protected":false},"author":1,"featured_media":417,"parent":906,"menu_order":0,"comment_status":"closed","ping_status":"closed","template":"","meta":{"_acf_changed":false,"cybocfi_hide_featured_image":"","footnotes":""},"categories":[17],"tags":[],"planes-000-100":[],"class_list":["post-1491","page","type-page","status-publish","has-post-thumbnail","hentry","category-plane-000-100"],"blocksy_meta":[],"acf":[],"_links":{"self":[{"href":"http:\/\/minijets.org\/fr\/wp-json\/wp\/v2\/pages\/1491","targetHints":{"allow":["GET"]}}],"collection":[{"href":"http:\/\/minijets.org\/fr\/wp-json\/wp\/v2\/pages"}],"about":[{"href":"http:\/\/minijets.org\/fr\/wp-json\/wp\/v2\/types\/page"}],"author":[{"embeddable":true,"href":"http:\/\/minijets.org\/fr\/wp-json\/wp\/v2\/users\/1"}],"replies":[{"embeddable":true,"href":"http:\/\/minijets.org\/fr\/wp-json\/wp\/v2\/comments?post=1491"}],"version-history":[{"count":7,"href":"http:\/\/minijets.org\/fr\/wp-json\/wp\/v2\/pages\/1491\/revisions"}],"predecessor-version":[{"id":9595,"href":"http:\/\/minijets.org\/fr\/wp-json\/wp\/v2\/pages\/1491\/revisions\/9595"}],"up":[{"embeddable":true,"href":"http:\/\/minijets.org\/fr\/wp-json\/wp\/v2\/pages\/906"}],"wp:featuredmedia":[{"embeddable":true,"href":"http:\/\/minijets.org\/fr\/wp-json\/wp\/v2\/media\/417"}],"wp:attachment":[{"href":"http:\/\/minijets.org\/fr\/wp-json\/wp\/v2\/media?parent=1491"}],"wp:term":[{"taxonomy":"category","embeddable":true,"href":"http:\/\/minijets.org\/fr\/wp-json\/wp\/v2\/categories?post=1491"},{"taxonomy":"post_tag","embeddable":true,"href":"http:\/\/minijets.org\/fr\/wp-json\/wp\/v2\/tags?post=1491"},{"taxonomy":"planes-000-100","embeddable":true,"href":"http:\/\/minijets.org\/fr\/wp-json\/wp\/v2\/planes-000-100?post=1491"}],"curies":[{"name":"wp","href":"https:\/\/api.w.org\/{rel}","templated":true}]}}