{"id":1607,"date":"2021-01-05T17:09:44","date_gmt":"2021-01-05T16:09:44","guid":{"rendered":"http:\/\/tst.minijets.org\/?page_id=1607"},"modified":"2024-10-27T17:04:05","modified_gmt":"2024-10-27T16:04:05","slug":"as-k8-jet","status":"publish","type":"page","link":"http:\/\/minijets.org\/fr\/0-100\/kingtech-k310g\/as-k8-jet\/","title":{"rendered":"AS K8 Jet"},"content":{"rendered":"\n<figure class=\"wp-block-image size-large\"><img loading=\"lazy\" decoding=\"async\" width=\"1024\" height=\"311\" src=\"http:\/\/minijets.org\/wp-content\/uploads\/2020\/12\/K8b_Jet_01-1024x311.jpg\" alt=\"AS K8 Jet\" class=\"wp-image-1042\" srcset=\"https:\/\/minijets.org\/wp-content\/uploads\/2020\/12\/K8b_Jet_01-1024x311.jpg 1024w, https:\/\/minijets.org\/wp-content\/uploads\/2020\/12\/K8b_Jet_01-300x91.jpg 300w, https:\/\/minijets.org\/wp-content\/uploads\/2020\/12\/K8b_Jet_01-768x234.jpg 768w, https:\/\/minijets.org\/wp-content\/uploads\/2020\/12\/K8b_Jet_01-18x5.jpg 18w, https:\/\/minijets.org\/wp-content\/uploads\/2020\/12\/K8b_Jet_01.jpg 1200w\" sizes=\"auto, (max-width: 1024px) 100vw, 1024px\" \/><figcaption class=\"wp-element-caption\">AS K8b converti en Jet. Pontarlier (LFSP), source : avec la courtoisie de Rafael Angel<\/figcaption><\/figure>\n\n\n\n<p>L&#8217;AS K8 Jet est une conversion en jet d&#8217;un&nbsp;<a href=\"https:\/\/en.wikipedia.org\/wiki\/Schleicher_K_8\" data-type=\"URL\" data-id=\"https:\/\/en.wikipedia.org\/wiki\/Schleicher_K_8\" target=\"_blank\" rel=\"noopener\">Schleicher Ka-8B<\/a>. Il devait-\u00eatre enregistr\u00e9 en tant qu&#8217;<strong><a href=\"https:\/\/ffplum.fr\/debuter\/ulm\/classes\/57-multiaxes-classe-3#:~:text=Un%20ULM%20multiaxe%20est%20un,ou%20%C3%A9gale%20%C3%A0%2088%20CV.\" data-type=\"URL\" data-id=\"https:\/\/ffplum.fr\/debuter\/ulm\/classes\/57-multiaxes-classe-3#:~:text=Un%20ULM%20multiaxe%20est%20un,ou%20%C3%A9gale%20%C3%A0%2088%20CV.\" target=\"_blank\" rel=\"noopener\">ULM classe 3<\/a><\/strong>.&nbsp;&nbsp;La cellule provient d&#8217;un Ka8 sur laquelle a \u00e9t\u00e9 mont\u00e9 un r\u00e9acteur <a href=\"https:\/\/minijets.org\/0-100\/kingtech-k310g\/\" data-type=\"page\" data-id=\"1038\">KingTech K310<\/a> d\u00e9veloppant 310N de pouss\u00e9e au r\u00e9gime maximal. Il a effectu\u00e9 son premier vol le&nbsp;<strong>1er d\u00e9cembre 2018<\/strong>, sur l&#8217;a\u00e9rodrome de&nbsp;<strong>Pontarlier,<\/strong>&nbsp;aux mains de&nbsp;<strong>Rafael ANGEL<\/strong>&nbsp;concepteur du Projet.<\/p>\n\n\n\n<div class=\"wp-block-columns is-layout-flex wp-container-core-columns-is-layout-28f84493 wp-block-columns-is-layout-flex\">\n<div class=\"wp-block-column is-layout-flow wp-block-column-is-layout-flow\" style=\"flex-basis:50%\">\n<figure class=\"wp-block-image size-large\"><img loading=\"lazy\" decoding=\"async\" width=\"576\" height=\"1024\" src=\"http:\/\/minijets.org\/wp-content\/uploads\/2020\/12\/K8b_Jet_02-576x1024.jpg\" alt=\"\" class=\"wp-image-1048\" srcset=\"https:\/\/minijets.org\/wp-content\/uploads\/2020\/12\/K8b_Jet_02-576x1024.jpg 576w, https:\/\/minijets.org\/wp-content\/uploads\/2020\/12\/K8b_Jet_02-169x300.jpg 169w, https:\/\/minijets.org\/wp-content\/uploads\/2020\/12\/K8b_Jet_02-7x12.jpg 7w, https:\/\/minijets.org\/wp-content\/uploads\/2020\/12\/K8b_Jet_02.jpg 600w\" sizes=\"auto, (max-width: 576px) 100vw, 576px\" \/><figcaption class=\"wp-element-caption\">Rafael, a gagn\u00e9 ses ailes de pilote de Jet !<\/figcaption><\/figure>\n<\/div>\n\n\n\n<div class=\"wp-block-column minijets_table is-layout-flow wp-block-column-is-layout-flow\" style=\"flex-basis:50%\">\n<figure class=\"wp-block-image size-large\"><img loading=\"lazy\" decoding=\"async\" width=\"800\" height=\"450\" src=\"http:\/\/minijets.org\/wp-content\/uploads\/2020\/12\/K8b_Jet_03.jpg\" alt=\"\" class=\"wp-image-1043\" srcset=\"https:\/\/minijets.org\/wp-content\/uploads\/2020\/12\/K8b_Jet_03.jpg 800w, https:\/\/minijets.org\/wp-content\/uploads\/2020\/12\/K8b_Jet_03-300x169.jpg 300w, https:\/\/minijets.org\/wp-content\/uploads\/2020\/12\/K8b_Jet_03-768x432.jpg 768w, https:\/\/minijets.org\/wp-content\/uploads\/2020\/12\/K8b_Jet_03-18x10.jpg 18w, https:\/\/minijets.org\/wp-content\/uploads\/2020\/12\/K8b_Jet_03-16x9.jpg 16w\" sizes=\"auto, (max-width: 800px) 100vw, 800px\" \/><figcaption class=\"wp-element-caption\">Installation du r\u00e9servoir, des pyl\u00f4nes de support du r\u00e9acteur. source : avec la courtoisie de Rafael Angel.<\/figcaption><\/figure>\n\n\n\n<figure class=\"wp-block-image size-large\"><img loading=\"lazy\" decoding=\"async\" width=\"800\" height=\"450\" src=\"http:\/\/minijets.org\/wp-content\/uploads\/2020\/12\/K8b_Jet_04.jpg\" alt=\"\" class=\"wp-image-1049\" srcset=\"https:\/\/minijets.org\/wp-content\/uploads\/2020\/12\/K8b_Jet_04.jpg 800w, https:\/\/minijets.org\/wp-content\/uploads\/2020\/12\/K8b_Jet_04-300x169.jpg 300w, https:\/\/minijets.org\/wp-content\/uploads\/2020\/12\/K8b_Jet_04-768x432.jpg 768w, https:\/\/minijets.org\/wp-content\/uploads\/2020\/12\/K8b_Jet_04-18x10.jpg 18w\" sizes=\"auto, (max-width: 800px) 100vw, 800px\" \/><figcaption class=\"wp-element-caption\">R\u00e9acteur en place sur ses deux pyl\u00f4nes.<\/figcaption><\/figure>\n\n\n\n<p class=\"has-vivid-purple-color has-text-color\"><em>Suite \u00e0 son premier vol, qui a interloqu\u00e9 les autorit\u00e9s europ\u00e9ennes, puis&nbsp;fran\u00e7aises, cet appareil a \u00e9t\u00e9 interdit&nbsp;de vol avec son r\u00e9acteur Kingtech. Faute en est \u00e0 la classe 3 ULM , qui&nbsp;ne peut permet pas&nbsp;aujourd&#8217;hui en France l&#8217;utilisation&nbsp;d&#8217;un&nbsp;turbor\u00e9acteur. &nbsp;L&#8217;appareil a depuis \u00e9t\u00e9 modifi\u00e9, et a revol\u00e9, le turbor\u00e9acteur ayant \u00e9t\u00e9 remplac\u00e9 par un turbopropulseur de la m\u00eame marque.&nbsp;<\/em><\/p>\n<\/div>\n<\/div>\n\n\n\n<div class=\"wp-block-columns is-layout-flex wp-container-core-columns-is-layout-28f84493 wp-block-columns-is-layout-flex\">\n<div class=\"wp-block-column is-layout-flow wp-block-column-is-layout-flow\">\n<figure class=\"wp-block-image size-large\"><img loading=\"lazy\" decoding=\"async\" width=\"800\" height=\"450\" src=\"http:\/\/minijets.org\/wp-content\/uploads\/2020\/12\/K8b_Jet_06.jpg\" alt=\"\" class=\"wp-image-1044\" srcset=\"https:\/\/minijets.org\/wp-content\/uploads\/2020\/12\/K8b_Jet_06.jpg 800w, https:\/\/minijets.org\/wp-content\/uploads\/2020\/12\/K8b_Jet_06-300x169.jpg 300w, https:\/\/minijets.org\/wp-content\/uploads\/2020\/12\/K8b_Jet_06-768x432.jpg 768w, https:\/\/minijets.org\/wp-content\/uploads\/2020\/12\/K8b_Jet_06-18x10.jpg 18w\" sizes=\"auto, (max-width: 800px) 100vw, 800px\" \/><figcaption class=\"wp-element-caption\">Le tableau de bord conserve ses instruments d&#8217;origine : un indicateur de vitesse, un altim\u00e8tre et d&#8217;un variom\u00e8tre.<\/figcaption><\/figure>\n<\/div>\n\n\n\n<div class=\"wp-block-column is-layout-flow wp-block-column-is-layout-flow\">\n<figure class=\"wp-block-image size-large\"><img loading=\"lazy\" decoding=\"async\" width=\"800\" height=\"450\" src=\"http:\/\/minijets.org\/wp-content\/uploads\/2020\/12\/K8b_Jet_05.jpg\" alt=\"\" class=\"wp-image-1045\" srcset=\"https:\/\/minijets.org\/wp-content\/uploads\/2020\/12\/K8b_Jet_05.jpg 800w, https:\/\/minijets.org\/wp-content\/uploads\/2020\/12\/K8b_Jet_05-300x169.jpg 300w, https:\/\/minijets.org\/wp-content\/uploads\/2020\/12\/K8b_Jet_05-768x432.jpg 768w, https:\/\/minijets.org\/wp-content\/uploads\/2020\/12\/K8b_Jet_05-18x10.jpg 18w, https:\/\/minijets.org\/wp-content\/uploads\/2020\/12\/K8b_Jet_05-16x9.jpg 16w\" sizes=\"auto, (max-width: 800px) 100vw, 800px\" \/><figcaption class=\"wp-element-caption\">En bas \u00e0 gauche, la commande des gaz qui est un testeur servo Turnigy utilis\u00e9 dans le monde mod\u00e9liste. Au centre, l&#8217;\u00e9cran tactile, qui sert aux r\u00e9glages et qui fourni les param\u00e8tres moteur (fr\u00e9quence de rotation, temp\u00e9rature turbine).<\/figcaption><\/figure>\n<\/div>\n<\/div>\n\n\n\n<figure class=\"wp-block-image aligncenter size-large\"><img loading=\"lazy\" decoding=\"async\" width=\"1024\" height=\"576\" src=\"http:\/\/minijets.org\/wp-content\/uploads\/2020\/12\/K8b_Jet_07-1024x576.jpg\" alt=\"\" class=\"wp-image-1041\" srcset=\"https:\/\/minijets.org\/wp-content\/uploads\/2020\/12\/K8b_Jet_07-1024x576.jpg 1024w, https:\/\/minijets.org\/wp-content\/uploads\/2020\/12\/K8b_Jet_07-300x169.jpg 300w, https:\/\/minijets.org\/wp-content\/uploads\/2020\/12\/K8b_Jet_07-768x432.jpg 768w, https:\/\/minijets.org\/wp-content\/uploads\/2020\/12\/K8b_Jet_07-18x10.jpg 18w, https:\/\/minijets.org\/wp-content\/uploads\/2020\/12\/K8b_Jet_07.jpg 1200w\" sizes=\"auto, (max-width: 1024px) 100vw, 1024px\" \/><figcaption class=\"wp-element-caption\">Projet K8J, avec la courtoisie de Rafael Angel<\/figcaption><\/figure>\n","protected":false},"excerpt":{"rendered":"<p>L&#8217;AS K8 Jet est une conversion en jet d&#8217;un&nbsp;Schleicher Ka-8B. Il devait-\u00eatre enregistr\u00e9 en tant qu&#8217;ULM classe 3.&nbsp;&nbsp;La cellule provient d&#8217;un Ka8 sur laquelle a \u00e9t\u00e9 mont\u00e9 un r\u00e9acteur KingTech K310 d\u00e9veloppant 310N de pouss\u00e9e au r\u00e9gime maximal. Il a effectu\u00e9 son premier vol le&nbsp;1er d\u00e9cembre 2018, sur l&#8217;a\u00e9rodrome de&nbsp;Pontarlier,&nbsp;aux mains de&nbsp;Rafael ANGEL&nbsp;concepteur du Projet. [&hellip;]<\/p>\n","protected":false},"author":1,"featured_media":9646,"parent":1038,"menu_order":0,"comment_status":"closed","ping_status":"closed","template":"","meta":{"_acf_changed":false,"cybocfi_hide_featured_image":"yes","footnotes":""},"categories":[17],"tags":[],"planes-000-100":[],"class_list":["post-1607","page","type-page","status-publish","has-post-thumbnail","hentry","category-plane-000-100"],"blocksy_meta":[],"acf":[],"_links":{"self":[{"href":"http:\/\/minijets.org\/fr\/wp-json\/wp\/v2\/pages\/1607","targetHints":{"allow":["GET"]}}],"collection":[{"href":"http:\/\/minijets.org\/fr\/wp-json\/wp\/v2\/pages"}],"about":[{"href":"http:\/\/minijets.org\/fr\/wp-json\/wp\/v2\/types\/page"}],"author":[{"embeddable":true,"href":"http:\/\/minijets.org\/fr\/wp-json\/wp\/v2\/users\/1"}],"replies":[{"embeddable":true,"href":"http:\/\/minijets.org\/fr\/wp-json\/wp\/v2\/comments?post=1607"}],"version-history":[{"count":4,"href":"http:\/\/minijets.org\/fr\/wp-json\/wp\/v2\/pages\/1607\/revisions"}],"predecessor-version":[{"id":9647,"href":"http:\/\/minijets.org\/fr\/wp-json\/wp\/v2\/pages\/1607\/revisions\/9647"}],"up":[{"embeddable":true,"href":"http:\/\/minijets.org\/fr\/wp-json\/wp\/v2\/pages\/1038"}],"wp:featuredmedia":[{"embeddable":true,"href":"http:\/\/minijets.org\/fr\/wp-json\/wp\/v2\/media\/9646"}],"wp:attachment":[{"href":"http:\/\/minijets.org\/fr\/wp-json\/wp\/v2\/media?parent=1607"}],"wp:term":[{"taxonomy":"category","embeddable":true,"href":"http:\/\/minijets.org\/fr\/wp-json\/wp\/v2\/categories?post=1607"},{"taxonomy":"post_tag","embeddable":true,"href":"http:\/\/minijets.org\/fr\/wp-json\/wp\/v2\/tags?post=1607"},{"taxonomy":"planes-000-100","embeddable":true,"href":"http:\/\/minijets.org\/fr\/wp-json\/wp\/v2\/planes-000-100?post=1607"}],"curies":[{"name":"wp","href":"https:\/\/api.w.org\/{rel}","templated":true}]}}