{"id":1857,"date":"2021-01-09T19:41:20","date_gmt":"2021-01-09T18:41:20","guid":{"rendered":"http:\/\/tst.minijets.org\/?page_id=1857"},"modified":"2022-12-07T15:24:31","modified_gmt":"2022-12-07T14:24:31","slug":"scalewings-sw21-jet","status":"publish","type":"page","link":"http:\/\/minijets.org\/fr\/100-150\/pbs-tj100\/scalewings-sw21-jet\/","title":{"rendered":"Scalewings SW21 Jet"},"content":{"rendered":"\n<h2 class=\"wp-block-heading\">ScaleWings AeroGroup GmbH,\u00a0Eggenfelden<\/h2>\n\n\n\n<figure class=\"wp-block-image size-large\"><img loading=\"lazy\" decoding=\"async\" width=\"950\" height=\"364\" src=\"http:\/\/minijets.org\/wp-content\/uploads\/2020\/12\/sw21_Jet_0114121811.jpg\" alt=\"scalewings SW21 Jet\" class=\"wp-image-745\" srcset=\"https:\/\/minijets.org\/wp-content\/uploads\/2020\/12\/sw21_Jet_0114121811.jpg 950w, https:\/\/minijets.org\/wp-content\/uploads\/2020\/12\/sw21_Jet_0114121811-300x115.jpg 300w, https:\/\/minijets.org\/wp-content\/uploads\/2020\/12\/sw21_Jet_0114121811-768x294.jpg 768w, https:\/\/minijets.org\/wp-content\/uploads\/2020\/12\/sw21_Jet_0114121811-18x7.jpg 18w\" sizes=\"auto, (max-width: 950px) 100vw, 950px\" \/><\/figure>\n\n\n\n<p>Avec ce projet SW21 Jet,&nbsp;<strong>Scale Wings<\/strong>, reprenait&nbsp;une id\u00e9e r\u00e9currente : comment faire voler un jet \u00e0 un prix abordable.<\/p>\n\n\n\n<div class=\"wp-block-columns is-layout-flex wp-container-core-columns-is-layout-28f84493 wp-block-columns-is-layout-flex\">\n<div class=\"wp-block-column is-layout-flow wp-block-column-is-layout-flow\">\n<p>Con\u00e7u autour d&#8217;une toute nouvelle structure de cockpit &amp; fuselage monocoque, ce projet devait&nbsp;permettre une&nbsp;parfaite fusion entre l&#8217;ergonomie et confort, le tout alli\u00e9 \u00e0 une tr\u00e8s haute r\u00e9sistance.<\/p>\n\n\n\n<p>3 versions ont fait l&#8217;objet d&#8217;une \u00e9tude :<\/p>\n\n\n\n<ul class=\"wp-block-list\">\n<li>une version avec un moteur et un fan int\u00e9gr\u00e9 (Ducted fan)<\/li>\n\n\n\n<li>Une version avec deux r\u00e9acteurs <a href=\"https:\/\/minijets.org\/100-150\/pbs-tj100\/\" data-type=\"page\" data-id=\"632\">PBS TJ100<\/a><\/li>\n\n\n\n<li>une version avec une turbine <a href=\"https:\/\/www.pbsaerospace.com\/aerospace-products\/engines\/turboshaft-engines\/ts-100-turboshaft-engine-1\" data-type=\"URL\" data-id=\"https:\/\/www.pbsaerospace.com\/aerospace-products\/engines\/turboshaft-engines\/ts-100-turboshaft-engine-1\" target=\"_blank\" rel=\"noopener\">PBS TS100<\/a> et un fan int\u00e9gr\u00e9 (Ducted fan)<\/li>\n<\/ul>\n<\/div>\n\n\n\n<div class=\"wp-block-column is-layout-flow wp-block-column-is-layout-flow\">\n<figure class=\"wp-block-image size-large\"><img loading=\"lazy\" decoding=\"async\" width=\"1024\" height=\"497\" src=\"http:\/\/minijets.org\/wp-content\/uploads\/2020\/12\/sw21_Jet_08-1024x497.jpg\" alt=\"scalewings SW21 Jet\" class=\"wp-image-694\" srcset=\"https:\/\/minijets.org\/wp-content\/uploads\/2020\/12\/sw21_Jet_08-1024x497.jpg 1024w, https:\/\/minijets.org\/wp-content\/uploads\/2020\/12\/sw21_Jet_08-300x146.jpg 300w, https:\/\/minijets.org\/wp-content\/uploads\/2020\/12\/sw21_Jet_08-768x373.jpg 768w, https:\/\/minijets.org\/wp-content\/uploads\/2020\/12\/sw21_Jet_08-18x9.jpg 18w, https:\/\/minijets.org\/wp-content\/uploads\/2020\/12\/sw21_Jet_08.jpg 1122w\" sizes=\"auto, (max-width: 1024px) 100vw, 1024px\" \/><\/figure>\n<\/div>\n<\/div>\n\n\n\n<p>Une maquette, \u00e0 \u00e9chelle 1, de la version bir\u00e9acteur (2 PBS&nbsp;TJ-100) a \u00e9t\u00e9 pr\u00e9sent\u00e9e pour la premi\u00e8re fois \u00e0 l&#8217;AERO&nbsp;Friedrichshafen en&nbsp;<strong>avril 2015<\/strong>. Elle a par la suite \u00e9t\u00e9 pr\u00e9sent\u00e9e aux USA, pour finir par se retrouver entre les mains de&nbsp;Jon and Ron Hansen (propri\u00e9taires de Hansen Air group, le premier distributeur US de Tecnam), qui en ont fait donation \u00e0 la Midwest LSA Expo le 8 septembre 2018.<\/p>\n\n\n\n<p>Elle se trouve expos\u00e9e, sur un piedestal \u00e0 l&#8217;entr\u00e9e de l&#8217;aeroport de Mt Vernon.<\/p>\n","protected":false},"excerpt":{"rendered":"<p>ScaleWings AeroGroup GmbH,\u00a0Eggenfelden Avec ce projet SW21 Jet,&nbsp;Scale Wings, reprenait&nbsp;une id\u00e9e r\u00e9currente : comment faire voler un jet \u00e0 un prix abordable. Con\u00e7u autour d&#8217;une toute nouvelle structure de cockpit &amp; fuselage monocoque, ce projet devait&nbsp;permettre une&nbsp;parfaite fusion entre l&#8217;ergonomie et confort, le tout alli\u00e9 \u00e0 une tr\u00e8s haute r\u00e9sistance. 3 versions ont fait l&#8217;objet [&hellip;]<\/p>\n","protected":false},"author":1,"featured_media":707,"parent":632,"menu_order":0,"comment_status":"closed","ping_status":"closed","template":"","meta":{"_acf_changed":false,"cybocfi_hide_featured_image":"","footnotes":""},"categories":[18],"tags":[],"planes-000-100":[],"class_list":["post-1857","page","type-page","status-publish","has-post-thumbnail","hentry","category-plane-100-150"],"blocksy_meta":[],"acf":[],"_links":{"self":[{"href":"http:\/\/minijets.org\/fr\/wp-json\/wp\/v2\/pages\/1857","targetHints":{"allow":["GET"]}}],"collection":[{"href":"http:\/\/minijets.org\/fr\/wp-json\/wp\/v2\/pages"}],"about":[{"href":"http:\/\/minijets.org\/fr\/wp-json\/wp\/v2\/types\/page"}],"author":[{"embeddable":true,"href":"http:\/\/minijets.org\/fr\/wp-json\/wp\/v2\/users\/1"}],"replies":[{"embeddable":true,"href":"http:\/\/minijets.org\/fr\/wp-json\/wp\/v2\/comments?post=1857"}],"version-history":[{"count":0,"href":"http:\/\/minijets.org\/fr\/wp-json\/wp\/v2\/pages\/1857\/revisions"}],"up":[{"embeddable":true,"href":"http:\/\/minijets.org\/fr\/wp-json\/wp\/v2\/pages\/632"}],"wp:featuredmedia":[{"embeddable":true,"href":"http:\/\/minijets.org\/fr\/wp-json\/wp\/v2\/media\/707"}],"wp:attachment":[{"href":"http:\/\/minijets.org\/fr\/wp-json\/wp\/v2\/media?parent=1857"}],"wp:term":[{"taxonomy":"category","embeddable":true,"href":"http:\/\/minijets.org\/fr\/wp-json\/wp\/v2\/categories?post=1857"},{"taxonomy":"post_tag","embeddable":true,"href":"http:\/\/minijets.org\/fr\/wp-json\/wp\/v2\/tags?post=1857"},{"taxonomy":"planes-000-100","embeddable":true,"href":"http:\/\/minijets.org\/fr\/wp-json\/wp\/v2\/planes-000-100?post=1857"}],"curies":[{"name":"wp","href":"https:\/\/api.w.org\/{rel}","templated":true}]}}