{"id":2040,"date":"2021-01-11T11:55:06","date_gmt":"2021-01-11T10:55:06","guid":{"rendered":"http:\/\/tst.minijets.org\/?page_id=2040"},"modified":"2024-05-02T21:17:08","modified_gmt":"2024-05-02T19:17:08","slug":"fouga-cm88-r-gemeaux-mark1","status":"publish","type":"page","link":"http:\/\/minijets.org\/fr\/100-150\/turbomeca-pimene\/fouga-cm88-r-gemeaux-mark1\/","title":{"rendered":"Fouga CM88-R G\u00e9meaux Mark I"},"content":{"rendered":"\n<div class=\"wp-block-columns is-layout-flex wp-container-core-columns-is-layout-28f84493 wp-block-columns-is-layout-flex\">\n<div class=\"wp-block-column is-layout-flow wp-block-column-is-layout-flow\" style=\"flex-basis:50%\">\n<figure class=\"wp-block-image size-large\"><img loading=\"lazy\" decoding=\"async\" width=\"500\" height=\"432\" src=\"http:\/\/minijets.org\/wp-content\/uploads\/2021\/01\/fouga_cm88_mk1_10.jpg\" alt=\"Fouga CM88-R G\u00e9meaux Mark I\" class=\"wp-image-1922\" srcset=\"https:\/\/minijets.org\/wp-content\/uploads\/2021\/01\/fouga_cm88_mk1_10.jpg 500w, https:\/\/minijets.org\/wp-content\/uploads\/2021\/01\/fouga_cm88_mk1_10-300x259.jpg 300w, https:\/\/minijets.org\/wp-content\/uploads\/2021\/01\/fouga_cm88_mk1_10-14x12.jpg 14w\" sizes=\"auto, (max-width: 500px) 100vw, 500px\" \/><figcaption class=\"wp-element-caption\">Fouga CM 88R, G\u00e9meaux mark I. Source : Aviation Magazine, ao\u00fbt 1951<\/figcaption><\/figure>\n\n\n\n<figure class=\"wp-block-image size-large\"><img loading=\"lazy\" decoding=\"async\" width=\"500\" height=\"249\" src=\"http:\/\/minijets.org\/wp-content\/uploads\/2021\/01\/fouga_cm88_mk1_06.jpg\" alt=\"\" class=\"wp-image-1889\" srcset=\"https:\/\/minijets.org\/wp-content\/uploads\/2021\/01\/fouga_cm88_mk1_06.jpg 500w, https:\/\/minijets.org\/wp-content\/uploads\/2021\/01\/fouga_cm88_mk1_06-300x149.jpg 300w, https:\/\/minijets.org\/wp-content\/uploads\/2021\/01\/fouga_cm88_mk1_06-18x9.jpg 18w\" sizes=\"auto, (max-width: 500px) 100vw, 500px\" \/><\/figure>\n<\/div>\n\n\n\n<div class=\"wp-block-column minijets_table is-layout-flow wp-block-column-is-layout-flow\" style=\"flex-basis:50%\">\n<p>Trois ans apr\u00e8s le F-82 twin-mustang, la formule bi-fuselage fait son apparition en France, chez\u00a0Fouga cette fois<strong>.\u00a0<\/strong>Le Fouga CM88-R G\u00e9meaux Mark I,\u00a0immatricul\u00e9 F-WEPJ, CM 88 R a fait son premier vol le\u00a06 mars 195<strong>1<\/strong>, aux mains de\u00a0<a href=\"http:\/\/thetartanterror.blogspot.com\/2008\/08\/leon-bourrieau-1908-1974.html\" data-type=\"URL\" data-id=\"http:\/\/thetartanterror.blogspot.com\/2008\/08\/leon-bourrieau-1908-1974.html\" target=\"_blank\" rel=\"noopener\">L\u00e9on Bourrieau<\/a>.<\/p>\n\n\n\n<p>Il s&#8217;agit\u00a0avant tout d&#8217;un avion pouvant servir de ban\u00a0d&#8217;essais volant. Les utilisations envisag\u00e9es \u00e9taient nombreuses et en faisait un v\u00e9ritable avion laboratoire. <\/p>\n\n\n\n<p>Il se pr\u00e9sentait comme un\u00a0biplace, bifuselage, \u00e9quip\u00e9 de 2 <a href=\"https:\/\/minijets.org\/100-150\/turbomeca-pimene\/\" data-type=\"page\" data-id=\"1877\">Turbomeca Pim\u00e9n\u00e9<\/a> de 110 kgp, pouvant\u00a0voler jusqu&#8217;\u00e0 285 km\/h avec un plafond pratique de 7000 m\u00e8tres.<\/p>\n\n\n\n<p>Le G\u00e9meaux, comme le Cyclope et le Sylphe dont il est issu, est de construction mixte, bois et m\u00e9tal.<\/p>\n\n\n\n<p>Le premier prototype du Fouga G\u00e9meaux a \u00e9t\u00e9 baptis\u00e9\u00a0&#8220;Castor et Pollux&#8221;<\/p>\n<\/div>\n<\/div>\n\n\n\n<h2 class=\"wp-block-heading\">Pr\u00e9sentation g\u00e9n\u00e9rale du Fouga CM88-R G\u00e9meaux Mark I.<\/h2>\n\n\n\n<div class=\"wp-block-columns is-layout-flex wp-container-core-columns-is-layout-28f84493 wp-block-columns-is-layout-flex\">\n<div class=\"wp-block-column is-layout-flow wp-block-column-is-layout-flow\">\n<h3 class=\"wp-block-heading\">Fuselage<\/h3>\n\n\n\n<p>Il est compos\u00e9 de 2 coques \u00e0 &nbsp;section ovales reli\u00e9es par le plan central. Chaque corps de fuselage est semblable au fuselage des appareils dont il d\u00e9rive.<\/p>\n\n\n\n<p>Il est identique \u00e0 &nbsp;celui du SYLPHE, dans son dessin et ses dimensions.<\/p>\n\n\n\n<p>Le G\u00e9meaux est un appareil \u00e0 \u00a0double-commande, dont le poste de commande est situ\u00e9 dans le fuselage de gauche.<\/p>\n<\/div>\n\n\n\n<div class=\"wp-block-column is-layout-flow wp-block-column-is-layout-flow\">\n<h3 class=\"wp-block-heading\">L&#8217;empennage<\/h3>\n\n\n\n<p>l est d&#8217;une forme particuli\u00e8re, fait des deux papillons juxtapos\u00e9s, il forme un&nbsp;<strong>W<\/strong>, s&#8217;interrompant dans sa partie centrale, les 2 V n&#8217;\u00e9tant pas reli\u00e9s (les fuselages sont par contre reli\u00e9s entre eux par un plan fixe horizontal).<\/p>\n<\/div>\n<\/div>\n\n\n\n<div class=\"wp-block-columns is-layout-flex wp-container-core-columns-is-layout-28f84493 wp-block-columns-is-layout-flex\">\n<div class=\"wp-block-column is-layout-flow wp-block-column-is-layout-flow\">\n<figure class=\"wp-block-image size-large\"><img loading=\"lazy\" decoding=\"async\" width=\"500\" height=\"306\" src=\"http:\/\/minijets.org\/wp-content\/uploads\/2021\/01\/fouga_cm88_mk1_11.jpg\" alt=\"\" class=\"wp-image-1890\" srcset=\"https:\/\/minijets.org\/wp-content\/uploads\/2021\/01\/fouga_cm88_mk1_11.jpg 500w, https:\/\/minijets.org\/wp-content\/uploads\/2021\/01\/fouga_cm88_mk1_11-300x184.jpg 300w, https:\/\/minijets.org\/wp-content\/uploads\/2021\/01\/fouga_cm88_mk1_11-18x12.jpg 18w\" sizes=\"auto, (max-width: 500px) 100vw, 500px\" \/><\/figure>\n<\/div>\n\n\n\n<div class=\"wp-block-column is-layout-flow wp-block-column-is-layout-flow\">\n<figure class=\"wp-block-image size-large\"><img loading=\"lazy\" decoding=\"async\" width=\"500\" height=\"300\" src=\"http:\/\/minijets.org\/wp-content\/uploads\/2021\/01\/fouga_cm88_mk1_12.jpg\" alt=\"\" class=\"wp-image-1901\" srcset=\"https:\/\/minijets.org\/wp-content\/uploads\/2021\/01\/fouga_cm88_mk1_12.jpg 500w, https:\/\/minijets.org\/wp-content\/uploads\/2021\/01\/fouga_cm88_mk1_12-300x180.jpg 300w, https:\/\/minijets.org\/wp-content\/uploads\/2021\/01\/fouga_cm88_mk1_12-18x12.jpg 18w\" sizes=\"auto, (max-width: 500px) 100vw, 500px\" \/><\/figure>\n<\/div>\n<\/div>\n\n\n\n<div class=\"wp-block-columns is-layout-flex wp-container-core-columns-is-layout-28f84493 wp-block-columns-is-layout-flex\">\n<div class=\"wp-block-column is-layout-flow wp-block-column-is-layout-flow\">\n<figure class=\"wp-block-image size-large\"><img loading=\"lazy\" decoding=\"async\" width=\"500\" height=\"244\" src=\"http:\/\/minijets.org\/wp-content\/uploads\/2021\/01\/fouga_cm88_mk1_01.jpg\" alt=\"\" class=\"wp-image-1932\" srcset=\"https:\/\/minijets.org\/wp-content\/uploads\/2021\/01\/fouga_cm88_mk1_01.jpg 500w, https:\/\/minijets.org\/wp-content\/uploads\/2021\/01\/fouga_cm88_mk1_01-300x146.jpg 300w, https:\/\/minijets.org\/wp-content\/uploads\/2021\/01\/fouga_cm88_mk1_01-18x9.jpg 18w\" sizes=\"auto, (max-width: 500px) 100vw, 500px\" \/><figcaption class=\"wp-element-caption\">Source : Journal les Ailes Mars 1951<\/figcaption><\/figure>\n<\/div>\n\n\n\n<div class=\"wp-block-column is-layout-flow wp-block-column-is-layout-flow\">\n<figure class=\"wp-block-image size-large\"><img loading=\"lazy\" decoding=\"async\" width=\"500\" height=\"244\" src=\"http:\/\/minijets.org\/wp-content\/uploads\/2021\/01\/fouga_cm88_mk1_04.jpg\" alt=\"\" class=\"wp-image-1942\" srcset=\"https:\/\/minijets.org\/wp-content\/uploads\/2021\/01\/fouga_cm88_mk1_04.jpg 500w, https:\/\/minijets.org\/wp-content\/uploads\/2021\/01\/fouga_cm88_mk1_04-300x146.jpg 300w, https:\/\/minijets.org\/wp-content\/uploads\/2021\/01\/fouga_cm88_mk1_04-18x9.jpg 18w\" sizes=\"auto, (max-width: 500px) 100vw, 500px\" \/><\/figure>\n\n\n\n<p><\/p>\n<\/div>\n<\/div>\n\n\n\n<div class=\"wp-block-columns is-layout-flex wp-container-core-columns-is-layout-28f84493 wp-block-columns-is-layout-flex\">\n<div class=\"wp-block-column is-layout-flow wp-block-column-is-layout-flow\">\n<figure class=\"wp-block-image size-large\"><img loading=\"lazy\" decoding=\"async\" width=\"500\" height=\"309\" src=\"http:\/\/minijets.org\/wp-content\/uploads\/2021\/01\/fouga_cm88_mk1_03.jpg\" alt=\"\" class=\"wp-image-1911\" srcset=\"https:\/\/minijets.org\/wp-content\/uploads\/2021\/01\/fouga_cm88_mk1_03.jpg 500w, https:\/\/minijets.org\/wp-content\/uploads\/2021\/01\/fouga_cm88_mk1_03-300x185.jpg 300w, https:\/\/minijets.org\/wp-content\/uploads\/2021\/01\/fouga_cm88_mk1_03-18x12.jpg 18w\" sizes=\"auto, (max-width: 500px) 100vw, 500px\" \/><\/figure>\n<\/div>\n\n\n\n<div class=\"wp-block-column is-layout-flow wp-block-column-is-layout-flow\">\n<figure class=\"wp-block-image size-large\"><img loading=\"lazy\" decoding=\"async\" width=\"500\" height=\"333\" src=\"http:\/\/minijets.org\/wp-content\/uploads\/2021\/01\/fouga_cm88_mk1_05.jpg\" alt=\"\" class=\"wp-image-1902\" srcset=\"https:\/\/minijets.org\/wp-content\/uploads\/2021\/01\/fouga_cm88_mk1_05.jpg 500w, https:\/\/minijets.org\/wp-content\/uploads\/2021\/01\/fouga_cm88_mk1_05-300x200.jpg 300w, https:\/\/minijets.org\/wp-content\/uploads\/2021\/01\/fouga_cm88_mk1_05-18x12.jpg 18w\" sizes=\"auto, (max-width: 500px) 100vw, 500px\" \/><figcaption class=\"wp-element-caption\">Source : Collection Nico BRAAS<\/figcaption><\/figure>\n<\/div>\n<\/div>\n\n\n\n<div class=\"wp-block-columns is-layout-flex wp-container-core-columns-is-layout-28f84493 wp-block-columns-is-layout-flex\">\n<div class=\"wp-block-column is-layout-flow wp-block-column-is-layout-flow\">\n<figure class=\"wp-block-image size-large\"><img loading=\"lazy\" decoding=\"async\" width=\"500\" height=\"249\" src=\"http:\/\/minijets.org\/wp-content\/uploads\/2021\/01\/fouga_cm88_mk1_06.jpg\" alt=\"\" class=\"wp-image-1889\" srcset=\"https:\/\/minijets.org\/wp-content\/uploads\/2021\/01\/fouga_cm88_mk1_06.jpg 500w, https:\/\/minijets.org\/wp-content\/uploads\/2021\/01\/fouga_cm88_mk1_06-300x149.jpg 300w, https:\/\/minijets.org\/wp-content\/uploads\/2021\/01\/fouga_cm88_mk1_06-18x9.jpg 18w\" sizes=\"auto, (max-width: 500px) 100vw, 500px\" \/><\/figure>\n<\/div>\n\n\n\n<div class=\"wp-block-column is-layout-flow wp-block-column-is-layout-flow\">\n<figure class=\"wp-block-image size-large\"><img loading=\"lazy\" decoding=\"async\" width=\"500\" height=\"227\" src=\"http:\/\/minijets.org\/wp-content\/uploads\/2021\/01\/fouga_cm88_mk1_08.jpg\" alt=\"\" class=\"wp-image-1884\" srcset=\"https:\/\/minijets.org\/wp-content\/uploads\/2021\/01\/fouga_cm88_mk1_08.jpg 500w, https:\/\/minijets.org\/wp-content\/uploads\/2021\/01\/fouga_cm88_mk1_08-300x136.jpg 300w, https:\/\/minijets.org\/wp-content\/uploads\/2021\/01\/fouga_cm88_mk1_08-18x8.jpg 18w\" sizes=\"auto, (max-width: 500px) 100vw, 500px\" \/><\/figure>\n<\/div>\n<\/div>\n\n\n\n<div class=\"wp-block-columns is-layout-flex wp-container-core-columns-is-layout-28f84493 wp-block-columns-is-layout-flex\">\n<div class=\"wp-block-column is-layout-flow wp-block-column-is-layout-flow\">\n<figure class=\"wp-block-image size-large\"><img loading=\"lazy\" decoding=\"async\" width=\"500\" height=\"531\" src=\"http:\/\/minijets.org\/wp-content\/uploads\/2021\/01\/fouga_cm88_mk1_09.jpg\" alt=\"\" class=\"wp-image-1881\" srcset=\"https:\/\/minijets.org\/wp-content\/uploads\/2021\/01\/fouga_cm88_mk1_09.jpg 500w, https:\/\/minijets.org\/wp-content\/uploads\/2021\/01\/fouga_cm88_mk1_09-282x300.jpg 282w, https:\/\/minijets.org\/wp-content\/uploads\/2021\/01\/fouga_cm88_mk1_09-11x12.jpg 11w\" sizes=\"auto, (max-width: 500px) 100vw, 500px\" \/><\/figure>\n<\/div>\n\n\n\n<div class=\"wp-block-column is-layout-flow wp-block-column-is-layout-flow\">\n<figure class=\"wp-block-image size-large\"><img loading=\"lazy\" decoding=\"async\" width=\"500\" height=\"168\" src=\"http:\/\/minijets.org\/wp-content\/uploads\/2021\/01\/fouga_cm88_mk1_02.jpg\" alt=\"\" class=\"wp-image-1953\" srcset=\"https:\/\/minijets.org\/wp-content\/uploads\/2021\/01\/fouga_cm88_mk1_02.jpg 500w, https:\/\/minijets.org\/wp-content\/uploads\/2021\/01\/fouga_cm88_mk1_02-300x101.jpg 300w, https:\/\/minijets.org\/wp-content\/uploads\/2021\/01\/fouga_cm88_mk1_02-18x6.jpg 18w, https:\/\/minijets.org\/wp-content\/uploads\/2021\/01\/fouga_cm88_mk1_02-16x5.jpg 16w\" sizes=\"auto, (max-width: 500px) 100vw, 500px\" \/><figcaption class=\"wp-element-caption\">Source : journal les Ailes, 21  avril 1951<\/figcaption><\/figure>\n<\/div>\n<\/div>\n","protected":false},"excerpt":{"rendered":"<p>Trois ans apr\u00e8s le F-82 twin-mustang, la formule bi-fuselage fait son apparition en France, chez\u00a0Fouga cette fois.\u00a0Le Fouga CM88-R G\u00e9meaux Mark I,\u00a0immatricul\u00e9 F-WEPJ, CM 88 R a fait son premier vol le\u00a06 mars 1951, aux mains de\u00a0L\u00e9on Bourrieau. Il s&#8217;agit\u00a0avant tout d&#8217;un avion pouvant servir de ban\u00a0d&#8217;essais volant. Les utilisations envisag\u00e9es \u00e9taient nombreuses et en [&hellip;]<\/p>\n","protected":false},"author":1,"featured_media":1901,"parent":8531,"menu_order":0,"comment_status":"closed","ping_status":"closed","template":"","meta":{"_acf_changed":false,"cybocfi_hide_featured_image":"","footnotes":""},"categories":[18],"tags":[],"planes-000-100":[],"class_list":["post-2040","page","type-page","status-publish","has-post-thumbnail","hentry","category-plane-100-150"],"blocksy_meta":[],"acf":[],"_links":{"self":[{"href":"http:\/\/minijets.org\/fr\/wp-json\/wp\/v2\/pages\/2040","targetHints":{"allow":["GET"]}}],"collection":[{"href":"http:\/\/minijets.org\/fr\/wp-json\/wp\/v2\/pages"}],"about":[{"href":"http:\/\/minijets.org\/fr\/wp-json\/wp\/v2\/types\/page"}],"author":[{"embeddable":true,"href":"http:\/\/minijets.org\/fr\/wp-json\/wp\/v2\/users\/1"}],"replies":[{"embeddable":true,"href":"http:\/\/minijets.org\/fr\/wp-json\/wp\/v2\/comments?post=2040"}],"version-history":[{"count":1,"href":"http:\/\/minijets.org\/fr\/wp-json\/wp\/v2\/pages\/2040\/revisions"}],"predecessor-version":[{"id":8544,"href":"http:\/\/minijets.org\/fr\/wp-json\/wp\/v2\/pages\/2040\/revisions\/8544"}],"up":[{"embeddable":true,"href":"http:\/\/minijets.org\/fr\/wp-json\/wp\/v2\/pages\/8531"}],"wp:featuredmedia":[{"embeddable":true,"href":"http:\/\/minijets.org\/fr\/wp-json\/wp\/v2\/media\/1901"}],"wp:attachment":[{"href":"http:\/\/minijets.org\/fr\/wp-json\/wp\/v2\/media?parent=2040"}],"wp:term":[{"taxonomy":"category","embeddable":true,"href":"http:\/\/minijets.org\/fr\/wp-json\/wp\/v2\/categories?post=2040"},{"taxonomy":"post_tag","embeddable":true,"href":"http:\/\/minijets.org\/fr\/wp-json\/wp\/v2\/tags?post=2040"},{"taxonomy":"planes-000-100","embeddable":true,"href":"http:\/\/minijets.org\/fr\/wp-json\/wp\/v2\/planes-000-100?post=2040"}],"curies":[{"name":"wp","href":"https:\/\/api.w.org\/{rel}","templated":true}]}}