{"id":2088,"date":"2021-01-11T17:44:38","date_gmt":"2021-01-11T16:44:38","guid":{"rendered":"http:\/\/tst.minijets.org\/?page_id=2088"},"modified":"2024-05-02T21:18:49","modified_gmt":"2024-05-02T19:18:49","slug":"projet-thk-16-mehmetcik","status":"publish","type":"page","link":"http:\/\/minijets.org\/fr\/100-150\/turbomeca-pimene\/projet-thk-16-mehmetcik\/","title":{"rendered":"THK-16 Mehmet\u00e7ik"},"content":{"rendered":"\n<p>Le THK-16 Mehmet\u00e7ik est un projet de biplace \u00e0 r\u00e9action d&#8217;entrainement des ann\u00e9es 50, \u00e9quip\u00e9 de deux <a href=\"https:\/\/minijets.org\/100-150\/turbomeca-pimene\/\" data-type=\"page\" data-id=\"1877\">Turbomeca Pim\u00e9n\u00e9<\/a><\/p>\n\n\n\n<p>L&#8217;association pour l&#8217;A\u00e9ronautique Turque (<a href=\"https:\/\/en.wikipedia.org\/wiki\/Turkish_Aeronautical_Association\" data-type=\"URL\" data-id=\"https:\/\/en.wikipedia.org\/wiki\/Turkish_Aeronautical_Association\" target=\"_blank\" rel=\"noopener\">THK<\/a>) a \u00e9t\u00e9 cr\u00e9\u00e9e en 1935. Elle a pour origine la Fondation pour l&#8217;a\u00e9ronautique Turque (T\u00fcrk Tayyare Cemiyeti, TTaC), fond\u00e9e le 16 f\u00e9vrier 1925. &nbsp;Elle avait pour objet de rassembler des dons afin d&#8217;acqu\u00e9rir de nouveaux avions pour l&#8217;Arm\u00e9e de l&#8217;Air turque. Entre les ann\u00e9es 1925 et 1935, c&#8217;est ainsi plus de 250 nouveaux avions qui ont pu \u00eatre obtenus gr\u00e2ce aux actions de la TTaC. Un certain nombre de ces avions furent assembl\u00e9s dans les ateliers de la TTaC (comme par exemple le Br\u00e9guet XIX B-2).<\/p>\n\n\n\n<p>En 1935 &nbsp;les statuts de la fondation ont \u00e9t\u00e9 modifi\u00e9 pour en faire une association. A partir de cette date l\u2019association n&#8217;\u00e9tait plus cens\u00e9e aider le d\u00e9veloppement de l\u2019a\u00e9ronautique militaire, mais seulement celui de l&#8217;aviation civile et sportive . Cette association a con\u00e7u et d\u00e9velopp\u00e9 de nombreux projets parmi lesquels des avions l\u00e9ger et des planeurs.<\/p>\n\n\n\n<p>Le THK-16 semble indiqu\u00e9 que ce dernier est le 16\u00e8me Projet de l&#8217;association.<\/p>\n\n\n\n<div class=\"wp-block-columns is-layout-flex wp-container-core-columns-is-layout-28f84493 wp-block-columns-is-layout-flex\">\n<div class=\"wp-block-column is-layout-flow wp-block-column-is-layout-flow\">\n<figure class=\"wp-block-image size-large\"><img loading=\"lazy\" decoding=\"async\" width=\"455\" height=\"554\" src=\"http:\/\/minijets.org\/wp-content\/uploads\/2021\/01\/thk16_p3view-1.jpg\" alt=\"THK-16 Mehmet\u00e7ik\" class=\"wp-image-2092\" srcset=\"https:\/\/minijets.org\/wp-content\/uploads\/2021\/01\/thk16_p3view-1.jpg 455w, https:\/\/minijets.org\/wp-content\/uploads\/2021\/01\/thk16_p3view-1-246x300.jpg 246w, https:\/\/minijets.org\/wp-content\/uploads\/2021\/01\/thk16_p3view-1-10x12.jpg 10w\" sizes=\"auto, (max-width: 455px) 100vw, 455px\" \/><figcaption class=\"wp-element-caption\"><em>Source : www.ozkanturker.com<\/em><\/figcaption><\/figure>\n<\/div>\n\n\n\n<div class=\"wp-block-column minijets_table is-layout-flow wp-block-column-is-layout-flow\" style=\"flex-basis:40%\">\n<h2 class=\"wp-block-heading\">Pr\u00e9sentation du THK-16 Mehmet\u00e7ik<\/h2>\n\n\n\n<p>Le THK-16 \u00e9tait un projet de biplace \u00e0 r\u00e9action d&#8217;entrainement. De construction enti\u00e8rement m\u00e9tallique, Il comportait une aile m\u00e9diane haute, et \u00e9tait propuls\u00e9 par 2 Turbomeca Pim\u00e9n\u00e9, positionn\u00e9s en nacelles, sous les ailes, de chaque cot\u00e9 du fuselage.<\/p>\n\n\n\n<p>Les deux pilotes devaient occuper un poste de pilotage en tandem, sous un large cockpit.<\/p>\n\n\n\n<p>L&#8217;\u00e9tude de ce projet, commenc\u00e9e en 1950, a finalement \u00e9t\u00e9 abandonn\u00e9e en 1952.<\/p>\n\n\n\n<p>Les \u00e9tudes de ce type d&#8217;appareil ont cess\u00e9s en Turquie en 1957. Date \u00e0 partir de laquelle la Turquie a pu b\u00e9n\u00e9ficier d&#8217;un accord de coop\u00e9ration avec les USA pour la production locale de Lockheed T33.<\/p>\n<\/div>\n<\/div>\n","protected":false},"excerpt":{"rendered":"<p>Le THK-16 Mehmet\u00e7ik est un projet de biplace \u00e0 r\u00e9action d&#8217;entrainement des ann\u00e9es 50, \u00e9quip\u00e9 de deux Turbomeca Pim\u00e9n\u00e9 L&#8217;association pour l&#8217;A\u00e9ronautique Turque (THK) a \u00e9t\u00e9 cr\u00e9\u00e9e en 1935. Elle a pour origine la Fondation pour l&#8217;a\u00e9ronautique Turque (T\u00fcrk Tayyare Cemiyeti, TTaC), fond\u00e9e le 16 f\u00e9vrier 1925. &nbsp;Elle avait pour objet de rassembler des dons [&hellip;]<\/p>\n","protected":false},"author":1,"featured_media":7760,"parent":8531,"menu_order":0,"comment_status":"closed","ping_status":"closed","template":"","meta":{"_acf_changed":false,"cybocfi_hide_featured_image":"","footnotes":""},"categories":[18],"tags":[],"planes-000-100":[],"class_list":["post-2088","page","type-page","status-publish","has-post-thumbnail","hentry","category-plane-100-150"],"blocksy_meta":[],"acf":[],"_links":{"self":[{"href":"http:\/\/minijets.org\/fr\/wp-json\/wp\/v2\/pages\/2088","targetHints":{"allow":["GET"]}}],"collection":[{"href":"http:\/\/minijets.org\/fr\/wp-json\/wp\/v2\/pages"}],"about":[{"href":"http:\/\/minijets.org\/fr\/wp-json\/wp\/v2\/types\/page"}],"author":[{"embeddable":true,"href":"http:\/\/minijets.org\/fr\/wp-json\/wp\/v2\/users\/1"}],"replies":[{"embeddable":true,"href":"http:\/\/minijets.org\/fr\/wp-json\/wp\/v2\/comments?post=2088"}],"version-history":[{"count":1,"href":"http:\/\/minijets.org\/fr\/wp-json\/wp\/v2\/pages\/2088\/revisions"}],"predecessor-version":[{"id":8547,"href":"http:\/\/minijets.org\/fr\/wp-json\/wp\/v2\/pages\/2088\/revisions\/8547"}],"up":[{"embeddable":true,"href":"http:\/\/minijets.org\/fr\/wp-json\/wp\/v2\/pages\/8531"}],"wp:featuredmedia":[{"embeddable":true,"href":"http:\/\/minijets.org\/fr\/wp-json\/wp\/v2\/media\/7760"}],"wp:attachment":[{"href":"http:\/\/minijets.org\/fr\/wp-json\/wp\/v2\/media?parent=2088"}],"wp:term":[{"taxonomy":"category","embeddable":true,"href":"http:\/\/minijets.org\/fr\/wp-json\/wp\/v2\/categories?post=2088"},{"taxonomy":"post_tag","embeddable":true,"href":"http:\/\/minijets.org\/fr\/wp-json\/wp\/v2\/tags?post=2088"},{"taxonomy":"planes-000-100","embeddable":true,"href":"http:\/\/minijets.org\/fr\/wp-json\/wp\/v2\/planes-000-100?post=2088"}],"curies":[{"name":"wp","href":"https:\/\/api.w.org\/{rel}","templated":true}]}}