{"id":3111,"date":"2021-01-28T17:39:41","date_gmt":"2021-01-28T16:39:41","guid":{"rendered":"http:\/\/tst.minijets.org\/?page_id=3111"},"modified":"2024-05-24T21:15:24","modified_gmt":"2024-05-24T19:15:24","slug":"proairsport-glowfly","status":"publish","type":"page","link":"http:\/\/minijets.org\/fr\/0-100\/amt-titan\/proairsport-glowfly\/","title":{"rendered":"Glowfly"},"content":{"rendered":"\n<h2 class=\"wp-block-heading\">Proairsport<\/h2>\n\n\n\n<p>Le&nbsp;<strong>Glowfly<\/strong>&nbsp;est un projet original&nbsp;de&nbsp;<strong>ProAirsport<\/strong>, soci\u00e9t\u00e9 cr\u00e9\u00e9e en 2013, dont le but est de cr\u00e9er un avion l\u00e9ger combinant une turbine compacte et une assistance \u00e9lectrique au roulage, le tout avec une bonne simplicit\u00e9 d\u2019exploitation et au&nbsp;moindre&nbsp;co\u00fbt. Le turbor\u00e9acteur \u00e9tait un <a href=\"https:\/\/minijets.org\/0-100\/amt-titan\/\" data-type=\"page\" data-id=\"915\">AMT Titan<\/a><\/p>\n\n\n\n<div class=\"wp-block-columns is-layout-flex wp-container-core-columns-is-layout-28f84493 wp-block-columns-is-layout-flex\">\n<div class=\"wp-block-column is-layout-flow wp-block-column-is-layout-flow\" style=\"flex-basis:50%\">\n<h3 class=\"wp-block-heading\">Propulsion hybride<\/h3>\n\n\n\n<p>Les petits turbor\u00e9acteurs&nbsp;ne peuvent pas acc\u00e9l\u00e9rer assez rapidement pour permettre un d\u00e9collage court. Pour compl\u00e9ter la pouss\u00e9e de la turbine, un moteur brushless entra\u00eene&nbsp;les roues principales afin d&#8217;accompagner la course d&#8217;\u00e9lan&nbsp;initiale n\u00e9cessaire pour atteindre rapidement la vitesse de d\u00e9collage.<\/p>\n\n\n\n<p>Une fois \u00e0 la vitesse de vol, le&nbsp;r\u00e9acteur&nbsp;suffit pour propulser efficacement la mont\u00e9e.<\/p>\n<\/div>\n\n\n\n<div class=\"wp-block-column minijets_table is-layout-flow wp-block-column-is-layout-flow\" style=\"flex-basis:50%\">\n<figure class=\"wp-block-image size-large\"><img loading=\"lazy\" decoding=\"async\" width=\"640\" height=\"314\" src=\"http:\/\/minijets.org\/wp-content\/uploads\/2020\/12\/Glowfly-2.jpg\" alt=\"Glowfly\" class=\"wp-image-932\" srcset=\"https:\/\/minijets.org\/wp-content\/uploads\/2020\/12\/Glowfly-2.jpg 640w, https:\/\/minijets.org\/wp-content\/uploads\/2020\/12\/Glowfly-2-300x147.jpg 300w, https:\/\/minijets.org\/wp-content\/uploads\/2020\/12\/Glowfly-2-18x9.jpg 18w\" sizes=\"auto, (max-width: 640px) 100vw, 640px\" \/><figcaption class=\"wp-element-caption\">Glowfly de Proairsport. Source : Avec la courtoisie de Roger Hurley.<\/figcaption><\/figure>\n<\/div>\n<\/div>\n\n\n\n<div class=\"wp-block-columns is-layout-flex wp-container-core-columns-is-layout-28f84493 wp-block-columns-is-layout-flex\">\n<div class=\"wp-block-column is-layout-flow wp-block-column-is-layout-flow\">\n<h3 class=\"wp-block-heading\">Jet Turbine<\/h3>\n\n\n\n<p>Les petites turbines sont compactes et l\u00e9g\u00e8res, avec peu de pi\u00e8ces mobiles et peu de vibrations par rapport aux moteurs \u00e0 explosion. Une installation avec un r\u00e9acteur&nbsp;fixe supprime tout le poids et la complexit\u00e9 inh\u00e9rents aux syst\u00e8mes de moteur \u00e0 essence et h\u00e9lice r\u00e9tractables.<br><br>Allumer (et \u00e9teindre) le r\u00e9acteur r\u00e9pond \u00e0&nbsp;une proc\u00e9dure simple et automatis\u00e9e. Une petite entr\u00e9e d&#8217;air&nbsp;est tout ce qui s&#8217;ouvre (et se ferme), le moteur lui-m\u00eame reste \u00e0 l&#8217;int\u00e9rieur du fuselage, de sorte qu&#8217;en vol, il&nbsp;peut \u00eatre mise en marche et arr\u00eat\u00e9 facilement, avec des performances de vols&nbsp;peu affect\u00e9es.<\/p>\n<\/div>\n\n\n\n<div class=\"wp-block-column is-layout-flow wp-block-column-is-layout-flow\">\n<figure class=\"wp-block-image size-large\"><img loading=\"lazy\" decoding=\"async\" width=\"300\" height=\"199\" src=\"http:\/\/minijets.org\/wp-content\/uploads\/2020\/12\/Glowfly-7.jpg\" alt=\"AMT Titan\" class=\"wp-image-924\" srcset=\"https:\/\/minijets.org\/wp-content\/uploads\/2020\/12\/Glowfly-7.jpg 300w, https:\/\/minijets.org\/wp-content\/uploads\/2020\/12\/Glowfly-7-18x12.jpg 18w\" sizes=\"auto, (max-width: 300px) 100vw, 300px\" \/><figcaption class=\"wp-element-caption\">AMT Titan<\/figcaption><\/figure>\n<\/div>\n<\/div>\n\n\n\n<div class=\"wp-block-columns is-layout-flex wp-container-core-columns-is-layout-28f84493 wp-block-columns-is-layout-flex\">\n<div class=\"wp-block-column is-layout-flow wp-block-column-is-layout-flow\">\n<h2 class=\"wp-block-heading\">Assistance \u00e9lectrique<\/h2>\n\n\n\n<figure class=\"wp-block-image size-large\"><img loading=\"lazy\" decoding=\"async\" width=\"650\" height=\"518\" src=\"http:\/\/minijets.org\/wp-content\/uploads\/2020\/12\/Glowfly-3.jpg\" alt=\"Glowfly\" class=\"wp-image-936\" srcset=\"https:\/\/minijets.org\/wp-content\/uploads\/2020\/12\/Glowfly-3.jpg 650w, https:\/\/minijets.org\/wp-content\/uploads\/2020\/12\/Glowfly-3-300x239.jpg 300w, https:\/\/minijets.org\/wp-content\/uploads\/2020\/12\/Glowfly-3-15x12.jpg 15w\" sizes=\"auto, (max-width: 650px) 100vw, 650px\" \/><figcaption class=\"wp-element-caption\">Train d&#8217;atterrissage et son syst\u00e8me d&#8217;entrainement.<\/figcaption><\/figure>\n\n\n\n<p>Le moteur Brushless, \u00e0 couple \u00e9lev\u00e9, est de type\u00a0standard mais modifi\u00e9\u00a0pour le\u00a0profil d&#8217;utilisation. Il dispose d&#8217;un contr\u00f4leur sp\u00e9cialement con\u00e7u par le fabricant du moteur pour assurer une parfaite\u00a0compatibilit\u00e9 technique.<\/p>\n<\/div>\n\n\n\n<div class=\"wp-block-column is-layout-flow wp-block-column-is-layout-flow\">\n<p>Le moteur accompagne le sprint initial avant le d\u00e9collage, permettant d&#8217;acc\u00e9l\u00e9rer\u00a0rapidement la vitesse de l&#8217;appareil. La puissance n\u00e9cessaire\u00a0pour le d\u00e9collage signifie que la capacit\u00e9 de la batterie\u00a0requise est r\u00e9duite au minimum, r\u00e9duisant ainsi le poids et le co\u00fbt.<br><br>Les roues ainsi\u00a0entra\u00een\u00e9es \u00e9lectriquement permettent \u00e9galement le roulage avant le d\u00e9collage et apr\u00e8s l\u2019atterrissage &#8211; sans avoir besoin de faire fonctionner le\u00a0r\u00e9acteur.<\/p>\n\n\n\n<figure class=\"wp-block-image size-large\"><img loading=\"lazy\" decoding=\"async\" width=\"640\" height=\"480\" src=\"http:\/\/minijets.org\/wp-content\/uploads\/2020\/12\/Glowfly-4.jpg\" alt=\"Glowfly, brushless motor\" class=\"wp-image-920\" srcset=\"https:\/\/minijets.org\/wp-content\/uploads\/2020\/12\/Glowfly-4.jpg 640w, https:\/\/minijets.org\/wp-content\/uploads\/2020\/12\/Glowfly-4-300x225.jpg 300w, https:\/\/minijets.org\/wp-content\/uploads\/2020\/12\/Glowfly-4-16x12.jpg 16w\" sizes=\"auto, (max-width: 640px) 100vw, 640px\" \/><figcaption class=\"wp-element-caption\">Moteur Brushless qui assure la propulsion terrestre du planeur<\/figcaption><\/figure>\n<\/div>\n<\/div>\n\n\n\n<div class=\"wp-block-columns is-layout-flex wp-container-core-columns-is-layout-28f84493 wp-block-columns-is-layout-flex\">\n<div class=\"wp-block-column is-layout-flow wp-block-column-is-layout-flow\">\n<figure class=\"wp-block-image size-large\"><img loading=\"lazy\" decoding=\"async\" width=\"640\" height=\"426\" src=\"http:\/\/minijets.org\/wp-content\/uploads\/2020\/12\/Glowfly-6.jpg\" alt=\"Glowfly\" class=\"wp-image-937\" srcset=\"https:\/\/minijets.org\/wp-content\/uploads\/2020\/12\/Glowfly-6.jpg 640w, https:\/\/minijets.org\/wp-content\/uploads\/2020\/12\/Glowfly-6-300x200.jpg 300w, https:\/\/minijets.org\/wp-content\/uploads\/2020\/12\/Glowfly-6-18x12.jpg 18w\" sizes=\"auto, (max-width: 640px) 100vw, 640px\" \/><figcaption class=\"wp-element-caption\">Glowfly<\/figcaption><\/figure>\n<\/div>\n\n\n\n<div class=\"wp-block-column is-layout-flow wp-block-column-is-layout-flow\">\n<figure class=\"wp-block-image size-large\"><img loading=\"lazy\" decoding=\"async\" width=\"640\" height=\"426\" src=\"http:\/\/minijets.org\/wp-content\/uploads\/2020\/12\/Glowfly-1.jpg\" alt=\"Glowfly\" class=\"wp-image-921\" srcset=\"https:\/\/minijets.org\/wp-content\/uploads\/2020\/12\/Glowfly-1.jpg 640w, https:\/\/minijets.org\/wp-content\/uploads\/2020\/12\/Glowfly-1-300x200.jpg 300w, https:\/\/minijets.org\/wp-content\/uploads\/2020\/12\/Glowfly-1-18x12.jpg 18w\" sizes=\"auto, (max-width: 640px) 100vw, 640px\" \/><figcaption class=\"wp-element-caption\">Le r\u00e9acteur \u00e9tant en position fixe, l\u2019\u00e9jection des gaz reste continuellement en position ouverte.<\/figcaption><\/figure>\n\n\n\n<p><\/p>\n<\/div>\n<\/div>\n\n\n\n<div class=\"wp-block-columns is-layout-flex wp-container-core-columns-is-layout-28f84493 wp-block-columns-is-layout-flex\">\n<div class=\"wp-block-column is-layout-flow wp-block-column-is-layout-flow\"><\/div>\n\n\n\n<div class=\"wp-block-column is-layout-flow wp-block-column-is-layout-flow\"><\/div>\n<\/div>\n","protected":false},"excerpt":{"rendered":"<p>Proairsport Le&nbsp;Glowfly&nbsp;est un projet original&nbsp;de&nbsp;ProAirsport, soci\u00e9t\u00e9 cr\u00e9\u00e9e en 2013, dont le but est de cr\u00e9er un avion l\u00e9ger combinant une turbine compacte et une assistance \u00e9lectrique au roulage, le tout avec une bonne simplicit\u00e9 d\u2019exploitation et au&nbsp;moindre&nbsp;co\u00fbt. Le turbor\u00e9acteur \u00e9tait un AMT Titan Propulsion hybride Les petits turbor\u00e9acteurs&nbsp;ne peuvent pas acc\u00e9l\u00e9rer assez rapidement pour permettre [&hellip;]<\/p>\n","protected":false},"author":1,"featured_media":937,"parent":915,"menu_order":0,"comment_status":"closed","ping_status":"closed","template":"","meta":{"_acf_changed":false,"cybocfi_hide_featured_image":"","footnotes":""},"categories":[17],"tags":[],"planes-000-100":[],"class_list":["post-3111","page","type-page","status-publish","has-post-thumbnail","hentry","category-plane-000-100"],"blocksy_meta":[],"acf":[],"_links":{"self":[{"href":"http:\/\/minijets.org\/fr\/wp-json\/wp\/v2\/pages\/3111","targetHints":{"allow":["GET"]}}],"collection":[{"href":"http:\/\/minijets.org\/fr\/wp-json\/wp\/v2\/pages"}],"about":[{"href":"http:\/\/minijets.org\/fr\/wp-json\/wp\/v2\/types\/page"}],"author":[{"embeddable":true,"href":"http:\/\/minijets.org\/fr\/wp-json\/wp\/v2\/users\/1"}],"replies":[{"embeddable":true,"href":"http:\/\/minijets.org\/fr\/wp-json\/wp\/v2\/comments?post=3111"}],"version-history":[{"count":1,"href":"http:\/\/minijets.org\/fr\/wp-json\/wp\/v2\/pages\/3111\/revisions"}],"predecessor-version":[{"id":8731,"href":"http:\/\/minijets.org\/fr\/wp-json\/wp\/v2\/pages\/3111\/revisions\/8731"}],"up":[{"embeddable":true,"href":"http:\/\/minijets.org\/fr\/wp-json\/wp\/v2\/pages\/915"}],"wp:featuredmedia":[{"embeddable":true,"href":"http:\/\/minijets.org\/fr\/wp-json\/wp\/v2\/media\/937"}],"wp:attachment":[{"href":"http:\/\/minijets.org\/fr\/wp-json\/wp\/v2\/media?parent=3111"}],"wp:term":[{"taxonomy":"category","embeddable":true,"href":"http:\/\/minijets.org\/fr\/wp-json\/wp\/v2\/categories?post=3111"},{"taxonomy":"post_tag","embeddable":true,"href":"http:\/\/minijets.org\/fr\/wp-json\/wp\/v2\/tags?post=3111"},{"taxonomy":"planes-000-100","embeddable":true,"href":"http:\/\/minijets.org\/fr\/wp-json\/wp\/v2\/planes-000-100?post=3111"}],"curies":[{"name":"wp","href":"https:\/\/api.w.org\/{rel}","templated":true}]}}