{"id":3140,"date":"2021-01-29T12:14:07","date_gmt":"2021-01-29T11:14:07","guid":{"rendered":"http:\/\/tst.minijets.org\/?page_id=3140"},"modified":"2024-11-29T18:33:48","modified_gmt":"2024-11-29T17:33:48","slug":"fouga-cm-8-r-83-midget","status":"publish","type":"page","link":"http:\/\/minijets.org\/fr\/150-300\/turbomeca-palas\/fouga-cm-8-r-83-midget\/","title":{"rendered":"Fouga CM8 R8.3 Midget"},"content":{"rendered":"\n<p>Le Fouga CM8 R8.3 Midget, avion de course, est le fruit de l&#8217;adaptation du <a href=\"https:\/\/minijets.org\/150-300\/turbomeca-palas\/fouga-cm8-r98-cyclope-ii\/\">Fouga Cyclope II<\/a> \u00e0 la comp\u00e9tition a\u00e9rienne. \u00c0 la fin de l\u2019ann\u00e9e 1951, la soci\u00e9t\u00e9 des \u00ab Courses A\u00e9riennes \u00bb, dirig\u00e9e par le colonel Dohme, passa commande de huit exemplaires aupr\u00e8s des usines Fouga. Ces derni\u00e8res lanc\u00e8rent leur production d\u00e8s novembre 1951.<\/p>\n\n\n\n<p>Gr\u00e2ce \u00e0 leur conception d\u00e9riv\u00e9e des mod\u00e8les pr\u00e9c\u00e9dents de la firme, la r\u00e9alisation de ces appareils fut particuli\u00e8rement rapide. Moins de sept mois plus tard, le 30 mai 1952, le premier exemplaire effectuait son vol inaugural, pilot\u00e9 par <a href=\"http:\/\/thetartanterror.blogspot.com\/2008\/08\/leon-bourrieau-1908-1974.html\" target=\"_blank\" rel=\"noopener\">L\u00e9on Bourrieau<\/a> sur le terrain d\u2019Aire-sur-Adour. Les sept autres unit\u00e9s furent finalis\u00e9es en un d\u00e9lai impressionnant de cinq \u00e0 six semaines suppl\u00e9mentaires.<\/p>\n\n\n\n<div class=\"wp-block-columns is-layout-flex wp-container-core-columns-is-layout-28f84493 wp-block-columns-is-layout-flex\">\n<div class=\"wp-block-column is-layout-flow wp-block-column-is-layout-flow\" style=\"flex-basis:50%\">\n<figure class=\"wp-block-image size-large\"><img loading=\"lazy\" decoding=\"async\" width=\"500\" height=\"357\" src=\"http:\/\/minijets.org\/wp-content\/uploads\/2021\/01\/Fouga_Midget_-_04.jpg\" alt=\"Fouga CM8 R8.3 Midget\" class=\"wp-image-2683\" srcset=\"https:\/\/minijets.org\/wp-content\/uploads\/2021\/01\/Fouga_Midget_-_04.jpg 500w, https:\/\/minijets.org\/wp-content\/uploads\/2021\/01\/Fouga_Midget_-_04-300x214.jpg 300w, https:\/\/minijets.org\/wp-content\/uploads\/2021\/01\/Fouga_Midget_-_04-18x12.jpg 18w\" sizes=\"auto, (max-width: 500px) 100vw, 500px\" \/><figcaption class=\"wp-element-caption\">Fouga Midget N\u00b01. Photo Collection Philippe Bezard.<\/figcaption><\/figure>\n<\/div>\n\n\n\n<div class=\"wp-block-column is-layout-flow wp-block-column-is-layout-flow\" style=\"flex-basis:50%\">\n<p>La destination du Midget \u00e9tait la participation aux courses a\u00e9riennes de la Soci\u00e9t\u00e9 du Colonel Dhome, pour lesquelles on lui demandait de parcourir une distance de l&#8217;ordre de 500 km, qu&#8217;il devait franchir, suivant les pr\u00e9visions des ing\u00e9nieurs Pierre Mauboussin et Robert Castello, \u00e0 &nbsp;raison de 100 Km. en 16 minutes.<\/p>\n\n\n\n<p>Pour ce faire il r\u00e9pondait aussi aux conditions impos\u00e9es par la F.A.I. pour prendre part aux comp\u00e9titions internationales de la classe des avions l\u00e9gers de moins de 500 kg et aux tentatives de records de la cat\u00e9gorie. &nbsp;D&#8217;un poids \u00e0 &nbsp;vide, \u00e9quip\u00e9, de 350 kg, le \u00ab Midget \u00bb devait atteindre 499 kg&#8230; 900, avec un pilote de 75 kg et une provision de combustible compt\u00e9e pour 74 kg 900. Comme le <a href=\"https:\/\/minijets.org\/150-300\/turbomeca-palas\/\" data-type=\"page\" data-id=\"2891\">Turbomeca Palas<\/a> consomme de 180 \u00e0 &nbsp;200 Kg \u00e0 &nbsp;l&#8217;heure autant dire que le temps \u00e9tait compt\u00e9 !<\/p>\n<\/div>\n<\/div>\n\n\n\n<div class=\"wp-block-columns is-layout-flex wp-container-core-columns-is-layout-28f84493 wp-block-columns-is-layout-flex\">\n<div class=\"wp-block-column is-layout-flow wp-block-column-is-layout-flow\">\n<figure class=\"wp-block-image size-large\"><img loading=\"lazy\" decoding=\"async\" width=\"500\" height=\"190\" src=\"http:\/\/minijets.org\/wp-content\/uploads\/2021\/01\/Fouga_Midget_-_08.jpg\" alt=\"\" class=\"wp-image-2687\" srcset=\"https:\/\/minijets.org\/wp-content\/uploads\/2021\/01\/Fouga_Midget_-_08.jpg 500w, https:\/\/minijets.org\/wp-content\/uploads\/2021\/01\/Fouga_Midget_-_08-300x114.jpg 300w, https:\/\/minijets.org\/wp-content\/uploads\/2021\/01\/Fouga_Midget_-_08-18x7.jpg 18w\" sizes=\"auto, (max-width: 500px) 100vw, 500px\" \/><figcaption class=\"wp-element-caption\">Source : Planeurs et avions Castel Mauboussin par Christian CASTELLO<\/figcaption><\/figure>\n<\/div>\n\n\n\n<div class=\"wp-block-column is-layout-flow wp-block-column-is-layout-flow\">\n<figure class=\"wp-block-image size-large\"><img loading=\"lazy\" decoding=\"async\" width=\"500\" height=\"177\" src=\"http:\/\/minijets.org\/wp-content\/uploads\/2021\/01\/Fouga_Midget_-_06.jpg\" alt=\"Fouga CM8 R8.3 Midget\" class=\"wp-image-2685\" srcset=\"https:\/\/minijets.org\/wp-content\/uploads\/2021\/01\/Fouga_Midget_-_06.jpg 500w, https:\/\/minijets.org\/wp-content\/uploads\/2021\/01\/Fouga_Midget_-_06-300x106.jpg 300w, https:\/\/minijets.org\/wp-content\/uploads\/2021\/01\/Fouga_Midget_-_06-18x6.jpg 18w\" sizes=\"auto, (max-width: 500px) 100vw, 500px\" \/><figcaption class=\"wp-element-caption\">Source : Janes all the world&#8217;s aircraft 1953-1954<\/figcaption><\/figure>\n<\/div>\n<\/div>\n\n\n\n<h2 class=\"wp-block-heading\">Pr\u00e9sentation g\u00e9n\u00e9rale Fouga CM8 R8.3 Midget<\/h2>\n\n\n\n<div class=\"wp-block-columns is-layout-flex wp-container-core-columns-is-layout-28f84493 wp-block-columns-is-layout-flex\">\n<div class=\"wp-block-column is-layout-flow wp-block-column-is-layout-flow\">\n<figure class=\"wp-block-image size-large\"><img loading=\"lazy\" decoding=\"async\" width=\"500\" height=\"313\" src=\"http:\/\/minijets.org\/wp-content\/uploads\/2021\/01\/Fouga_Midget_-_01.jpg\" alt=\"Fouga CM8 R8.3 Midget\" class=\"wp-image-2684\" srcset=\"https:\/\/minijets.org\/wp-content\/uploads\/2021\/01\/Fouga_Midget_-_01.jpg 500w, https:\/\/minijets.org\/wp-content\/uploads\/2021\/01\/Fouga_Midget_-_01-300x188.jpg 300w, https:\/\/minijets.org\/wp-content\/uploads\/2021\/01\/Fouga_Midget_-_01-18x12.jpg 18w\" sizes=\"auto, (max-width: 500px) 100vw, 500px\" \/><figcaption class=\"wp-element-caption\">Fouga Midget N\u00b01. Photo Collection Philippe Bezard.<\/figcaption><\/figure>\n\n\n\n<figure class=\"wp-block-image size-large\"><img loading=\"lazy\" decoding=\"async\" width=\"500\" height=\"238\" src=\"http:\/\/minijets.org\/wp-content\/uploads\/2021\/01\/Fouga_Midget_-_07.jpg\" alt=\"Fouga CM8 R8.3 Midget\" class=\"wp-image-2680\" srcset=\"https:\/\/minijets.org\/wp-content\/uploads\/2021\/01\/Fouga_Midget_-_07.jpg 500w, https:\/\/minijets.org\/wp-content\/uploads\/2021\/01\/Fouga_Midget_-_07-300x143.jpg 300w, https:\/\/minijets.org\/wp-content\/uploads\/2021\/01\/Fouga_Midget_-_07-18x9.jpg 18w\" sizes=\"auto, (max-width: 500px) 100vw, 500px\" \/><\/figure>\n\n\n\n<figure class=\"wp-block-image size-large\"><img loading=\"lazy\" decoding=\"async\" width=\"500\" height=\"297\" src=\"http:\/\/minijets.org\/wp-content\/uploads\/2021\/01\/Fouga_Midget_-_09.jpg\" alt=\"Fouga CM8 R8.3 Midget\" class=\"wp-image-2688\" srcset=\"https:\/\/minijets.org\/wp-content\/uploads\/2021\/01\/Fouga_Midget_-_09.jpg 500w, https:\/\/minijets.org\/wp-content\/uploads\/2021\/01\/Fouga_Midget_-_09-300x178.jpg 300w, https:\/\/minijets.org\/wp-content\/uploads\/2021\/01\/Fouga_Midget_-_09-18x12.jpg 18w\" sizes=\"auto, (max-width: 500px) 100vw, 500px\" \/><\/figure>\n\n\n\n<figure class=\"wp-block-image size-large\"><img loading=\"lazy\" decoding=\"async\" width=\"500\" height=\"290\" src=\"http:\/\/minijets.org\/wp-content\/uploads\/2021\/01\/Fouga_Midget_-_05.jpg\" alt=\"Fouga CM8 R8.3 Midget\" class=\"wp-image-2686\" srcset=\"https:\/\/minijets.org\/wp-content\/uploads\/2021\/01\/Fouga_Midget_-_05.jpg 500w, https:\/\/minijets.org\/wp-content\/uploads\/2021\/01\/Fouga_Midget_-_05-300x174.jpg 300w, https:\/\/minijets.org\/wp-content\/uploads\/2021\/01\/Fouga_Midget_-_05-18x10.jpg 18w\" sizes=\"auto, (max-width: 500px) 100vw, 500px\" \/><figcaption class=\"wp-element-caption\">Fouga Midget N\u00b01. Photo Collection Philippe Bezard<\/figcaption><\/figure>\n\n\n\n<figure class=\"wp-block-image size-large\"><img loading=\"lazy\" decoding=\"async\" width=\"500\" height=\"262\" src=\"http:\/\/minijets.org\/wp-content\/uploads\/2021\/01\/Fouga_Midget_-_03.jpg\" alt=\"Fouga CM8 R8.3 Midget\" class=\"wp-image-2681\" srcset=\"https:\/\/minijets.org\/wp-content\/uploads\/2021\/01\/Fouga_Midget_-_03.jpg 500w, https:\/\/minijets.org\/wp-content\/uploads\/2021\/01\/Fouga_Midget_-_03-300x157.jpg 300w, https:\/\/minijets.org\/wp-content\/uploads\/2021\/01\/Fouga_Midget_-_03-18x9.jpg 18w\" sizes=\"auto, (max-width: 500px) 100vw, 500px\" \/><\/figure>\n<\/div>\n\n\n\n<div class=\"wp-block-column is-layout-flow wp-block-column-is-layout-flow\">\n<h3 class=\"wp-block-heading\">L&#8217;aile<\/h3>\n\n\n\n<p>Le Fouga C.M.-8 R.8.3 \u00ab&nbsp;<strong>Midget<\/strong>&nbsp;\u00bb a une aile m\u00e9diane de faible \u00e9paisseur relative et de profil N.A.C.A. Cette aile est cantilever de type mono-longeron \u00e0 &nbsp;rev\u00eatement travaillant, le caisson de bord d&#8217;attaque constituant le logement des r\u00e9servoirs.<\/p>\n\n\n\n<p>Les ailerons sont \u00e0 &nbsp;fente ; par ailleurs cette aile est munie de volets freins \u00e0 &nbsp;fente en forme de quart de lune sur agissant la portance et sur la tra\u00een\u00e9e &nbsp;et principalement utilis\u00e9 \u00e0 &nbsp;l&#8217;atterrissage. Les saumons d&#8217;ailes servent de logement aux b\u00e9quilles d&#8217;ailes.<\/p>\n\n\n\n<h3 class=\"wp-block-heading\">L&#8217;atterrisseur<\/h3>\n\n\n\n<p>Il est type monotrace fixe. La roue principale, 420&#215;150, est \u00e9quip\u00e9e de freins \u00e0 &nbsp;disques. Le roulette de nez, 220&#215;60, est asservie \u00e0 &nbsp;la commande de direction. Ces deux roues disposent d&#8217;amortisseurs hydrauliques.<\/p>\n\n\n\n<p>En bout d&#8217;ailes on trouvent 2 b\u00e9quilles escamotables (\u00e9tudi\u00e9es par Christian Castello), qui permettent \u00e0 &nbsp;l&#8217;avion de rester en ligne de vol, tant qu&#8217;il n&#8217;a pas sa vitesse de sustentation.<\/p>\n\n\n\n<h3 class=\"wp-block-heading\">Le fuselage<\/h3>\n\n\n\n<p>Il est de structure coque, avec une section ovale. On y trouve de l&#8217;avant \u00e0 &nbsp;l&#8217;arri\u00e8re<\/p>\n\n\n\n<ul class=\"wp-block-list\">\n<li>le capotage;<\/li>\n\n\n\n<li>les premi\u00e8res attaches de l&#8217;atterrisseur avant ;<\/li>\n\n\n\n<li>une trav\u00e9e sur laquelle sont fix\u00e9es les p\u00e9dales de direction et la planche de bord l&#8217;habitacle (qui est monoplace);<\/li>\n\n\n\n<li>une section centrale comportant les couples principaux de travers\u00e9e de voilure, de fixation de l&#8217;atterrisseur principal et du r\u00e9acteur ;<\/li>\n\n\n\n<li>les renvois des commandes ;<\/li>\n\n\n\n<li>la jonction des canalisations et des \u00e9quipements du r\u00e9acteur.&nbsp;<\/li>\n\n\n\n<li>Enfin, le fuselage se termine par une section \u00e0 &nbsp;laquelle se fixent les empennages et une b\u00e9quille profil\u00e9e.<\/li>\n<\/ul>\n\n\n\n<h3 class=\"wp-block-heading\">Le r\u00e9acteur<\/h3>\n\n\n\n<p>Le groupe r\u00e9acteur&nbsp;<strong>Turbomeca Palas<\/strong>&nbsp;du \u00ab Midget \u00bb est fix\u00e9 en trois point au-dessus du fuselage.&nbsp;<\/p>\n\n\n\n<h3 class=\"wp-block-heading\">Le carburant<\/h3>\n\n\n\n<p>Le carburant utilis\u00e9 est l&#8217;essence ordinaire contenue dans deux r\u00e9servoirs de 64 litres chacun.&nbsp;<\/p>\n\n\n\n<h3 class=\"wp-block-heading\">L&#8217;huile<\/h3>\n\n\n\n<p>Elle est contenue dans un r\u00e9servoir annulaire, de trois litres. situ\u00e9 dans le capotage avant du r\u00e9acteur.&nbsp;<\/p>\n\n\n\n<h3 class=\"wp-block-heading\">L&#8217;allumage<\/h3>\n\n\n\n<p>Il est assur\u00e9 par un accumulateur inversible de six volts, \u00e0 &nbsp;deux bobines et un vibreur. Le d\u00e9marrage s&#8217;effectue \u00e0 &nbsp;l&#8217;aide d&#8217;air comprim\u00e9.<\/p>\n<\/div>\n<\/div>\n\n\n\n<figure class=\"wp-block-image size-large\"><img loading=\"lazy\" decoding=\"async\" width=\"950\" height=\"336\" src=\"http:\/\/minijets.org\/wp-content\/uploads\/2021\/01\/Fouga_Midget_P3view.jpg\" alt=\"\" class=\"wp-image-2682\" srcset=\"https:\/\/minijets.org\/wp-content\/uploads\/2021\/01\/Fouga_Midget_P3view.jpg 950w, https:\/\/minijets.org\/wp-content\/uploads\/2021\/01\/Fouga_Midget_P3view-300x106.jpg 300w, https:\/\/minijets.org\/wp-content\/uploads\/2021\/01\/Fouga_Midget_P3view-768x272.jpg 768w, https:\/\/minijets.org\/wp-content\/uploads\/2021\/01\/Fouga_Midget_P3view-18x6.jpg 18w\" sizes=\"auto, (max-width: 950px) 100vw, 950px\" \/><\/figure>\n\n\n\n<h2 class=\"wp-block-heading\">Exemplaires produits<\/h2>\n\n\n\n<div class=\"wp-block-columns is-layout-flex wp-container-core-columns-is-layout-28f84493 wp-block-columns-is-layout-flex\">\n<div class=\"wp-block-column is-layout-flow wp-block-column-is-layout-flow\">\n<p>8 exemplaires seront contruits.<\/p>\n\n\n\n<p>Le N\u00b01&nbsp;<strong>F-WBGK<\/strong>&nbsp;deviendra le&nbsp;<strong>F-BGKF<\/strong>&nbsp;apr\u00e8s l&#8217;obtention de son certificat de navigabilit\u00e9. Les projets de courses a\u00e9riennes ne s&#8217;\u00e9tant pas concr\u00e9tis\u00e9es, la compagnie reportera ses efforts les autres appareils en d\u00e9veloppement, en particulier le Fouga CM 170R Magister.<\/p>\n\n\n\n<p>Tous les exemplaires ont \u00e9t\u00e9 d\u00e9truits<\/p>\n<\/div>\n\n\n\n<div class=\"wp-block-column is-layout-flow wp-block-column-is-layout-flow\">\n<figure class=\"wp-block-image size-large\"><img loading=\"lazy\" decoding=\"async\" width=\"500\" height=\"298\" src=\"http:\/\/minijets.org\/wp-content\/uploads\/2021\/01\/Fouga_Midget_-_02.jpg\" alt=\"\" class=\"wp-image-2679\" srcset=\"https:\/\/minijets.org\/wp-content\/uploads\/2021\/01\/Fouga_Midget_-_02.jpg 500w, https:\/\/minijets.org\/wp-content\/uploads\/2021\/01\/Fouga_Midget_-_02-300x179.jpg 300w, https:\/\/minijets.org\/wp-content\/uploads\/2021\/01\/Fouga_Midget_-_02-18x12.jpg 18w\" sizes=\"auto, (max-width: 500px) 100vw, 500px\" \/><\/figure>\n<\/div>\n<\/div>\n","protected":false},"excerpt":{"rendered":"<p>Le Fouga CM8 R8.3 Midget, avion de course, est le fruit de l&#8217;adaptation du Fouga Cyclope II \u00e0 la comp\u00e9tition a\u00e9rienne. \u00c0 la fin de l\u2019ann\u00e9e 1951, la soci\u00e9t\u00e9 des \u00ab Courses A\u00e9riennes \u00bb, dirig\u00e9e par le colonel Dohme, passa commande de huit exemplaires aupr\u00e8s des usines Fouga. Ces derni\u00e8res lanc\u00e8rent leur production d\u00e8s novembre [&hellip;]<\/p>\n","protected":false},"author":1,"featured_media":2686,"parent":2891,"menu_order":0,"comment_status":"closed","ping_status":"closed","template":"","meta":{"_acf_changed":false,"cybocfi_hide_featured_image":"","footnotes":""},"categories":[19],"tags":[],"planes-000-100":[],"class_list":["post-3140","page","type-page","status-publish","has-post-thumbnail","hentry","category-plane-150-300"],"blocksy_meta":[],"acf":[],"_links":{"self":[{"href":"http:\/\/minijets.org\/fr\/wp-json\/wp\/v2\/pages\/3140","targetHints":{"allow":["GET"]}}],"collection":[{"href":"http:\/\/minijets.org\/fr\/wp-json\/wp\/v2\/pages"}],"about":[{"href":"http:\/\/minijets.org\/fr\/wp-json\/wp\/v2\/types\/page"}],"author":[{"embeddable":true,"href":"http:\/\/minijets.org\/fr\/wp-json\/wp\/v2\/users\/1"}],"replies":[{"embeddable":true,"href":"http:\/\/minijets.org\/fr\/wp-json\/wp\/v2\/comments?post=3140"}],"version-history":[{"count":3,"href":"http:\/\/minijets.org\/fr\/wp-json\/wp\/v2\/pages\/3140\/revisions"}],"predecessor-version":[{"id":10190,"href":"http:\/\/minijets.org\/fr\/wp-json\/wp\/v2\/pages\/3140\/revisions\/10190"}],"up":[{"embeddable":true,"href":"http:\/\/minijets.org\/fr\/wp-json\/wp\/v2\/pages\/2891"}],"wp:featuredmedia":[{"embeddable":true,"href":"http:\/\/minijets.org\/fr\/wp-json\/wp\/v2\/media\/2686"}],"wp:attachment":[{"href":"http:\/\/minijets.org\/fr\/wp-json\/wp\/v2\/media?parent=3140"}],"wp:term":[{"taxonomy":"category","embeddable":true,"href":"http:\/\/minijets.org\/fr\/wp-json\/wp\/v2\/categories?post=3140"},{"taxonomy":"post_tag","embeddable":true,"href":"http:\/\/minijets.org\/fr\/wp-json\/wp\/v2\/tags?post=3140"},{"taxonomy":"planes-000-100","embeddable":true,"href":"http:\/\/minijets.org\/fr\/wp-json\/wp\/v2\/planes-000-100?post=3140"}],"curies":[{"name":"wp","href":"https:\/\/api.w.org\/{rel}","templated":true}]}}