{"id":3762,"date":"2021-02-04T18:36:32","date_gmt":"2021-02-04T17:36:32","guid":{"rendered":"http:\/\/tst.minijets.org\/?page_id=3762"},"modified":"2022-12-08T00:18:54","modified_gmt":"2022-12-07T23:18:54","slug":"douglas-dc-3","status":"publish","type":"page","link":"http:\/\/minijets.org\/fr\/150-300\/turbomeca-palas\/autres-utilisations\/douglas-dc-3\/","title":{"rendered":"Douglas DC3 Palas"},"content":{"rendered":"\n<p>Le Douglas DC3 Palas \u00e9tait un projet de 1952, qui associait \u00e0 un Douglas DC \u00e0 un groupe d&#8217;appoint Palas de la SNCASO<\/p>\n\n\n\n<h2 class=\"wp-block-heading\" id=\"block-238174ed-da9a-4823-ad31-f0b8e8e9a813\">Douglas<\/h2>\n\n\n\n<figure class=\"wp-block-image size-large\"><img loading=\"lazy\" decoding=\"async\" width=\"1024\" height=\"411\" src=\"http:\/\/minijets.org\/wp-content\/uploads\/2021\/01\/DC3_Palas_01-1024x411.jpg\" alt=\"Douglas DC3 Palas\" class=\"wp-image-2737\" srcset=\"https:\/\/minijets.org\/wp-content\/uploads\/2021\/01\/DC3_Palas_01-1024x411.jpg 1024w, https:\/\/minijets.org\/wp-content\/uploads\/2021\/01\/DC3_Palas_01-300x121.jpg 300w, https:\/\/minijets.org\/wp-content\/uploads\/2021\/01\/DC3_Palas_01-768x308.jpg 768w, https:\/\/minijets.org\/wp-content\/uploads\/2021\/01\/DC3_Palas_01-18x7.jpg 18w, https:\/\/minijets.org\/wp-content\/uploads\/2021\/01\/DC3_Palas_01.jpg 1302w\" sizes=\"auto, (max-width: 1024px) 100vw, 1024px\" \/><figcaption class=\"wp-element-caption\">Le DC-3 de la SNCASO avec lequel furent effectu\u00e9s les essais officiels du r\u00e9acteur d&#8217;appoint Palas<\/figcaption><\/figure>\n\n\n\n<h2 class=\"wp-block-heading\">Douglas DC3 Palas avec son groupe d&#8217;appoint<\/h2>\n\n\n\n<div class=\"wp-block-columns is-layout-flex wp-container-core-columns-is-layout-28f84493 wp-block-columns-is-layout-flex\">\n<div class=\"wp-block-column is-layout-flow wp-block-column-is-layout-flow\">\n<p>En&nbsp;<strong>1952<\/strong>,&nbsp;&nbsp;La <a href=\"https:\/\/en.wikipedia.org\/wiki\/SNCASO\" data-type=\"URL\" data-id=\"https:\/\/en.wikipedia.org\/wiki\/SNCASO\" target=\"_blank\" rel=\"noopener\">SNCASO<\/a> (Soci\u00e9t\u00e9 Nationale de Constructions A\u00e9ronautiques du Sud-Ouest diffusait les r\u00e9sultats mesur\u00e9s, en essais officiels et&nbsp;en exploitation, de son groupe d&#8217;appoint utilisant un turbor\u00e9acteur <a href=\"https:\/\/minijets.org\/150-300\/turbomeca-palas\/\" data-type=\"page\" data-id=\"2891\">Turbomeca Palas<\/a>. Groupe dont elle \u00e9tait \u00e0 l&#8217;origine de l&#8217;\u00e9tude&nbsp;et&nbsp;de la r\u00e9alisation.<\/p>\n\n\n\n<p>L&#8217;Union A\u00e9romaritime de Transport (<strong>UAT<\/strong>) avait \u00e9quip\u00e9, d&#8217;un de ces groupes d &#8216;appoint, un&nbsp;<strong>DC-3<\/strong>&nbsp;en Service en Afrique \u00c9quatoriale Fran\u00e7aise, dans la r\u00e9gion de Douala, ou elle l&#8217;avait mis imm\u00e9diatement en essai.<\/p>\n\n\n\n<p>En novembre 1952, cet avion avait&nbsp;totalis\u00e9, 285 heures de vol au cours&nbsp;desquelles le r\u00e9acteur d&#8217;appoint a \u00e9l\u00e9 allum\u00e9 232&nbsp;fois, tant au sol qu&#8217;en vol. Toul avait tr\u00e8s bien march\u00e9 et les r\u00e9sultats apparaissaient d&#8217;autant plus int\u00e9ressants si l&#8217;on tienait&nbsp;compte des conditions particuli\u00e8rement difficiles dans lesquelles ce DC-3. \u00e0 groupe auxiliaire avait \u00e9t\u00e9 utilis\u00e9 : climat \u00e9quatorial, pistes en terre, etc.<\/p>\n\n\n\n<p>Dans le cadre de l&#8217;utilisation pratique de l&#8217;appareil, et sous le contr\u00f4le du Bureau Veritas, les r\u00e9sultats suivants, montrant l&#8217;efficacit\u00e9 des r\u00e9acteurs, ont \u00e9t\u00e9 obtenus \u00e0 partir d&#8217;un poids au d\u00e9collage de 20 430 kg :<\/p>\n\n\n\n<ul class=\"wp-block-list\">\n<li>Au d\u00e9collage&nbsp;(vitesse 160 km.h) la distance de \u00ab&nbsp;mise en vitesse&nbsp;\u00bb est r\u00e9duite de 100 m\u00e8tres environ.&nbsp;<\/li>\n\n\n\n<li>En vol, avec un moteur en drapeau, l&#8217;autre \u00e0 2 450 tours, le temps n\u00e9cessaire pour passer de 915 m\u00e8tres \u00e0 1 067 m\u00e8tres a \u00e9t\u00e9 ramen\u00e9 de 3&#8217;30&#8221;&nbsp;\u00e0 1&#8243;56&#8243;. La vitesse ascensionnelle a \u00e9t\u00e9 augment\u00e9e de 0,70 m\/s&nbsp;\u00e0 1,30 m\/s, gr\u00e2ce aux r\u00e9acteurs tournant au r\u00e9gime maximum continu.<\/li>\n<\/ul>\n<\/div>\n\n\n\n<div class=\"wp-block-column is-layout-flow wp-block-column-is-layout-flow\">\n<figure class=\"wp-block-image size-large\"><img loading=\"lazy\" decoding=\"async\" width=\"500\" height=\"345\" src=\"http:\/\/minijets.org\/wp-content\/uploads\/2021\/01\/C-47_Palas_02.jpg\" alt=\"\" class=\"wp-image-2730\" srcset=\"https:\/\/minijets.org\/wp-content\/uploads\/2021\/01\/C-47_Palas_02.jpg 500w, https:\/\/minijets.org\/wp-content\/uploads\/2021\/01\/C-47_Palas_02-300x207.jpg 300w, https:\/\/minijets.org\/wp-content\/uploads\/2021\/01\/C-47_Palas_02-18x12.jpg 18w\" sizes=\"auto, (max-width: 500px) 100vw, 500px\" \/><figcaption class=\"wp-element-caption\">Le pod &#8220;Palas&#8221; mis au point par la SNCASO . Source : Aviation week<\/figcaption><\/figure>\n\n\n\n<figure class=\"wp-block-image size-large\"><img loading=\"lazy\" decoding=\"async\" width=\"500\" height=\"345\" src=\"http:\/\/minijets.org\/wp-content\/uploads\/2021\/01\/C-47_Palas_01.jpg\" alt=\"\" class=\"wp-image-2725\" srcset=\"https:\/\/minijets.org\/wp-content\/uploads\/2021\/01\/C-47_Palas_01.jpg 500w, https:\/\/minijets.org\/wp-content\/uploads\/2021\/01\/C-47_Palas_01-300x207.jpg 300w, https:\/\/minijets.org\/wp-content\/uploads\/2021\/01\/C-47_Palas_01-18x12.jpg 18w\" sizes=\"auto, (max-width: 500px) 100vw, 500px\" \/><figcaption class=\"wp-element-caption\">Le &#8220;Palas&#8221;, positionn\u00e9 sous le fuselage du DC-3. Source : Aviation week<\/figcaption><\/figure>\n<\/div>\n<\/div>\n\n\n\n<p>Dans ces conditions. le plafond pratique sur un moteur est augment\u00e9 d&#8217;environ 750 m\u00e8tres.<\/p>\n\n\n\n<p>Que les r\u00e9acteurs soient mont\u00e9s ou d\u00e9mont\u00e9s,&nbsp; la vitesse n&#8217;\u00e9tait&nbsp;pas modifi\u00e9e de&nbsp;fa\u00e7on appr\u00e9ciable, ce qui confirmait&nbsp;leur tr\u00e8s faible train\u00e9e.<\/p>\n\n\n\n<p>Tous ces r\u00e9sultats confirmaient les pr\u00e9visions et les calculs d\u00e9duits de ceux qui avaient \u00e9t\u00e9 obtenus sur le&nbsp;DC.-3 \u00e9quip\u00e9 d&#8217;un groupe r\u00e9acteur Palas \u00e0 la suite d&#8217;essais contr\u00f4l\u00e9s par les Services officiels fran\u00e7ais. Ils permettaient de confirmer, qu&#8217;avec un moteur en panne, le comportement d&#8217;un appareil \u00e9quip\u00e9 de groupe Palas et pesant 21 792 kg, \u00e9tait&nbsp;tr\u00e8s sensiblement le m\u00eame,&nbsp;tant au d\u00e9collage qu\u2019en croisi\u00e8re, qu\u2019un appareil non \u00e9quip\u00e9 et pesant 19 978 kg.<\/p>\n\n\n\n<p>Les premi\u00e8res conclusion \u00e9taient que&nbsp;la solution adopt\u00e9e par la SNCAS0 pour le DC3 d&#8217;UAT, qui comportait&nbsp;le montage des deux groupes sous les ailes, \u00e9tait&nbsp;pr\u00e9f\u00e9rable&nbsp;\u00e0 celle qui consistait&nbsp;\u00e0 \u00e9quiper l&#8217;appareil d&#8217;un seul r\u00e9acteur d&#8217;appoint plac\u00e9 sous le fuselage, m\u00eame plus puissant.<\/p>\n","protected":false},"excerpt":{"rendered":"<p>Le Douglas DC3 Palas \u00e9tait un projet de 1952, qui associait \u00e0 un Douglas DC \u00e0 un groupe d&#8217;appoint Palas de la SNCASO Douglas Douglas DC3 Palas avec son groupe d&#8217;appoint En&nbsp;1952,&nbsp;&nbsp;La SNCASO (Soci\u00e9t\u00e9 Nationale de Constructions A\u00e9ronautiques du Sud-Ouest diffusait les r\u00e9sultats mesur\u00e9s, en essais officiels et&nbsp;en exploitation, de son groupe d&#8217;appoint utilisant un [&hellip;]<\/p>\n","protected":false},"author":1,"featured_media":2737,"parent":3743,"menu_order":0,"comment_status":"closed","ping_status":"closed","template":"","meta":{"_acf_changed":false,"cybocfi_hide_featured_image":"","footnotes":""},"categories":[19],"tags":[],"planes-000-100":[],"class_list":["post-3762","page","type-page","status-publish","has-post-thumbnail","hentry","category-plane-150-300"],"blocksy_meta":[],"acf":[],"_links":{"self":[{"href":"http:\/\/minijets.org\/fr\/wp-json\/wp\/v2\/pages\/3762","targetHints":{"allow":["GET"]}}],"collection":[{"href":"http:\/\/minijets.org\/fr\/wp-json\/wp\/v2\/pages"}],"about":[{"href":"http:\/\/minijets.org\/fr\/wp-json\/wp\/v2\/types\/page"}],"author":[{"embeddable":true,"href":"http:\/\/minijets.org\/fr\/wp-json\/wp\/v2\/users\/1"}],"replies":[{"embeddable":true,"href":"http:\/\/minijets.org\/fr\/wp-json\/wp\/v2\/comments?post=3762"}],"version-history":[{"count":0,"href":"http:\/\/minijets.org\/fr\/wp-json\/wp\/v2\/pages\/3762\/revisions"}],"up":[{"embeddable":true,"href":"http:\/\/minijets.org\/fr\/wp-json\/wp\/v2\/pages\/3743"}],"wp:featuredmedia":[{"embeddable":true,"href":"http:\/\/minijets.org\/fr\/wp-json\/wp\/v2\/media\/2737"}],"wp:attachment":[{"href":"http:\/\/minijets.org\/fr\/wp-json\/wp\/v2\/media?parent=3762"}],"wp:term":[{"taxonomy":"category","embeddable":true,"href":"http:\/\/minijets.org\/fr\/wp-json\/wp\/v2\/categories?post=3762"},{"taxonomy":"post_tag","embeddable":true,"href":"http:\/\/minijets.org\/fr\/wp-json\/wp\/v2\/tags?post=3762"},{"taxonomy":"planes-000-100","embeddable":true,"href":"http:\/\/minijets.org\/fr\/wp-json\/wp\/v2\/planes-000-100?post=3762"}],"curies":[{"name":"wp","href":"https:\/\/api.w.org\/{rel}","templated":true}]}}