{"id":4309,"date":"2021-02-07T10:33:15","date_gmt":"2021-02-07T09:33:15","guid":{"rendered":"http:\/\/tst.minijets.org\/?page_id=4309"},"modified":"2022-11-14T20:19:01","modified_gmt":"2022-11-14T19:19:01","slug":"magister-en-afrique","status":"publish","type":"page","link":"http:\/\/minijets.org\/fr\/300-500\/turbomeca-marbore\/fouga-cm170r-magister\/magister-en-afrique\/","title":{"rendered":"Fouga Magister en Afrique"},"content":{"rendered":"\n<p>Vous trouverez ci-apr\u00e8s la liste des op\u00e9rateurs du Fouga Magister sur le continent Africain<\/p>\n\n\n\n<h2 class=\"wp-block-heading\" id=\"block-3965b102-e4a9-422a-9312-79e27f778300\">Alg\u00e9rie<\/h2>\n\n\n\n<div class=\"wp-block-columns is-layout-flex wp-container-core-columns-is-layout-28f84493 wp-block-columns-is-layout-flex\">\n<div class=\"wp-block-column is-layout-flow wp-block-column-is-layout-flow\" style=\"flex-basis:5%\">\n<figure class=\"wp-block-image size-large\"><img loading=\"lazy\" decoding=\"async\" width=\"75\" height=\"75\" src=\"http:\/\/minijets.org\/wp-content\/uploads\/2021\/02\/AL.png\" alt=\"\" class=\"wp-image-4338\" srcset=\"https:\/\/minijets.org\/wp-content\/uploads\/2021\/02\/AL.png 75w, https:\/\/minijets.org\/wp-content\/uploads\/2021\/02\/AL-12x12.png 12w\" sizes=\"auto, (max-width: 75px) 100vw, 75px\" \/><\/figure>\n<\/div>\n\n\n\n<div class=\"wp-block-column is-layout-flow wp-block-column-is-layout-flow\" style=\"flex-basis:50%\">\n<h3 class=\"wp-block-heading\" id=\"block-3965b102-e4a9-422a-9312-79e27f778300\">Forces a\u00e9riennes alg\u00e9riennes <\/h3>\n\n\n\n<p>En&nbsp;<strong>1969&nbsp;<\/strong>l&#8217;Alg\u00e9rie commande&nbsp;<strong>28<\/strong>&nbsp;CM170-R \u00e0 &nbsp;Sud-Aviation. Il semblerait en fait qu&#8217;il s&#8217;agisse de 28 CM.170 ex-Luftwaffe reconditionn\u00e9s par la Sogerma .<\/p>\n\n\n\n<p>Cinq autres appareils seront command\u00e9s et livr\u00e9 par la suite.<\/p>\n<\/div>\n\n\n\n<div class=\"wp-block-column is-layout-flow wp-block-column-is-layout-flow\" style=\"flex-basis:45%\">\n<figure class=\"wp-block-image size-large\"><img loading=\"lazy\" decoding=\"async\" width=\"500\" height=\"327\" src=\"http:\/\/minijets.org\/wp-content\/uploads\/2021\/02\/Fouga_CM170_Algerie.jpg\" alt=\"Fouga magister Alg\u00e9rien\" class=\"wp-image-4027\" srcset=\"https:\/\/minijets.org\/wp-content\/uploads\/2021\/02\/Fouga_CM170_Algerie.jpg 500w, https:\/\/minijets.org\/wp-content\/uploads\/2021\/02\/Fouga_CM170_Algerie-300x196.jpg 300w, https:\/\/minijets.org\/wp-content\/uploads\/2021\/02\/Fouga_CM170_Algerie-18x12.jpg 18w\" sizes=\"auto, (max-width: 500px) 100vw, 500px\" \/><\/figure>\n<\/div>\n<\/div>\n\n\n\n<h2 class=\"wp-block-heading\" id=\"block-3965b102-e4a9-422a-9312-79e27f778300\">Cameroun<\/h2>\n\n\n\n<div class=\"wp-block-columns is-layout-flex wp-container-core-columns-is-layout-28f84493 wp-block-columns-is-layout-flex\">\n<div class=\"wp-block-column is-layout-flow wp-block-column-is-layout-flow\" style=\"flex-basis:5%\">\n<figure class=\"wp-block-image size-large\"><img loading=\"lazy\" decoding=\"async\" width=\"75\" height=\"75\" src=\"http:\/\/minijets.org\/wp-content\/uploads\/2021\/02\/CA.png\" alt=\"\" class=\"wp-image-4349\" srcset=\"https:\/\/minijets.org\/wp-content\/uploads\/2021\/02\/CA.png 75w, https:\/\/minijets.org\/wp-content\/uploads\/2021\/02\/CA-12x12.png 12w\" sizes=\"auto, (max-width: 75px) 100vw, 75px\" \/><\/figure>\n<\/div>\n\n\n\n<div class=\"wp-block-column is-layout-flow wp-block-column-is-layout-flow\" style=\"flex-basis:50%\">\n<h3 class=\"wp-block-heading\" id=\"block-3965b102-e4a9-422a-9312-79e27f778300\">Arm\u00e9e de l&#8217;air Camerounaise<\/h3>\n\n\n\n<p>For internal counter-insurgency work and training there are five ex-French AF Fouga Magisters delivered in 1976.<\/p>\n\n\n\n<p>Any information will appreciated, &#8230; To be completed<\/p>\n<\/div>\n\n\n\n<div class=\"wp-block-column is-layout-flow wp-block-column-is-layout-flow\" style=\"flex-basis:45%\">\n<figure class=\"wp-block-image size-large\"><img loading=\"lazy\" decoding=\"async\" width=\"500\" height=\"214\" src=\"http:\/\/minijets.org\/wp-content\/uploads\/2021\/02\/Fouga_CM170_Cameroun.jpg\" alt=\"Fouga magister Camerounais\" class=\"wp-image-4048\" srcset=\"https:\/\/minijets.org\/wp-content\/uploads\/2021\/02\/Fouga_CM170_Cameroun.jpg 500w, https:\/\/minijets.org\/wp-content\/uploads\/2021\/02\/Fouga_CM170_Cameroun-300x128.jpg 300w, https:\/\/minijets.org\/wp-content\/uploads\/2021\/02\/Fouga_CM170_Cameroun-18x8.jpg 18w\" sizes=\"auto, (max-width: 500px) 100vw, 500px\" \/><\/figure>\n<\/div>\n<\/div>\n\n\n\n<h2 class=\"wp-block-heading\" id=\"block-3965b102-e4a9-422a-9312-79e27f778300\">Gabon<\/h2>\n\n\n\n<div class=\"wp-block-columns is-layout-flex wp-container-core-columns-is-layout-28f84493 wp-block-columns-is-layout-flex\">\n<div class=\"wp-block-column is-layout-flow wp-block-column-is-layout-flow\" style=\"flex-basis:5%\">\n<figure class=\"wp-block-image size-large\"><img loading=\"lazy\" decoding=\"async\" width=\"75\" height=\"75\" src=\"http:\/\/minijets.org\/wp-content\/uploads\/2021\/02\/GA.png\" alt=\"\" class=\"wp-image-4346\" srcset=\"https:\/\/minijets.org\/wp-content\/uploads\/2021\/02\/GA.png 75w, https:\/\/minijets.org\/wp-content\/uploads\/2021\/02\/GA-12x12.png 12w\" sizes=\"auto, (max-width: 75px) 100vw, 75px\" \/><\/figure>\n<\/div>\n\n\n\n<div class=\"wp-block-column is-layout-flow wp-block-column-is-layout-flow\" style=\"flex-basis:50%\">\n<h3 class=\"wp-block-heading\" id=\"block-3965b102-e4a9-422a-9312-79e27f778300\">Arm\u00e9e de l&#8217;air Gabonaise<\/h3>\n\n\n\n<p>6 Fouga Magister ex-autrichiens sont achet\u00e9s par le Gabon et bas\u00e9s \u00e0 &nbsp;Libreville.<\/p>\n<\/div>\n\n\n\n<div class=\"wp-block-column is-layout-flow wp-block-column-is-layout-flow\" style=\"flex-basis:45%\">\n<figure class=\"wp-block-image size-large\"><img loading=\"lazy\" decoding=\"async\" width=\"500\" height=\"265\" src=\"http:\/\/minijets.org\/wp-content\/uploads\/2021\/02\/Fouga_CM170_Gabon.jpg\" alt=\"Fouga magister Gabonais\" class=\"wp-image-4025\" srcset=\"https:\/\/minijets.org\/wp-content\/uploads\/2021\/02\/Fouga_CM170_Gabon.jpg 500w, https:\/\/minijets.org\/wp-content\/uploads\/2021\/02\/Fouga_CM170_Gabon-300x159.jpg 300w, https:\/\/minijets.org\/wp-content\/uploads\/2021\/02\/Fouga_CM170_Gabon-18x10.jpg 18w\" sizes=\"auto, (max-width: 500px) 100vw, 500px\" \/><\/figure>\n<\/div>\n<\/div>\n\n\n\n<h2 class=\"wp-block-heading\" id=\"block-3965b102-e4a9-422a-9312-79e27f778300\">Katanga<\/h2>\n\n\n\n<div class=\"wp-block-columns is-layout-flex wp-container-core-columns-is-layout-28f84493 wp-block-columns-is-layout-flex\">\n<div class=\"wp-block-column is-layout-flow wp-block-column-is-layout-flow\" style=\"flex-basis:5%\">\n<figure class=\"wp-block-image size-large\"><img loading=\"lazy\" decoding=\"async\" width=\"75\" height=\"75\" src=\"http:\/\/minijets.org\/wp-content\/uploads\/2021\/02\/KA.png\" alt=\"\" class=\"wp-image-4344\" srcset=\"https:\/\/minijets.org\/wp-content\/uploads\/2021\/02\/KA.png 75w, https:\/\/minijets.org\/wp-content\/uploads\/2021\/02\/KA-12x12.png 12w\" sizes=\"auto, (max-width: 75px) 100vw, 75px\" \/><\/figure>\n<\/div>\n\n\n\n<div class=\"wp-block-column is-layout-flow wp-block-column-is-layout-flow\" style=\"flex-basis:50%\">\n<h3 class=\"wp-block-heading\" id=\"block-3965b102-e4a9-422a-9312-79e27f778300\">Aviation katangaise (Avikat)<\/h3>\n\n\n\n<p>En mars En 1960, apr\u00e8s l&#8217;ind\u00e9pendance du Congo, la province du Katanga se s\u00e9parait et devenait une r\u00e9publique ind\u00e9pendante, mais pas pour longtemps.<\/p>\n\n\n\n<p>Le Pr\u00e9sident du Katanga, Mo\u00efse Tshomb\u00e9 , commande 9 avions \u00e0 &nbsp;Potez Air Fouga (la maison m\u00e8re \u00e0 &nbsp;l&#8217;\u00e9poque des Fouga Magister). &nbsp;Trois appareils seulement lui seront livr\u00e9s \u00e0 &nbsp;la Luano (a\u00e9rodrome d&#8217;Elisabethville) ou ils arriveront le&nbsp;<strong>15 f\u00e9vrier 1961<\/strong>.<\/p>\n\n\n\n<p>Ces appareils seront cod\u00e9s KAT 91, KAT 92 et KAT 93.<\/p>\n<\/div>\n\n\n\n<div class=\"wp-block-column is-layout-flow wp-block-column-is-layout-flow\" style=\"flex-basis:45%\">\n<figure class=\"wp-block-image size-large\"><img loading=\"lazy\" decoding=\"async\" width=\"500\" height=\"286\" src=\"http:\/\/minijets.org\/wp-content\/uploads\/2021\/02\/Fouga_CM170_Katanga.jpg\" alt=\"Fouga magister Katangais\" class=\"wp-image-4042\" srcset=\"https:\/\/minijets.org\/wp-content\/uploads\/2021\/02\/Fouga_CM170_Katanga.jpg 500w, https:\/\/minijets.org\/wp-content\/uploads\/2021\/02\/Fouga_CM170_Katanga-300x172.jpg 300w, https:\/\/minijets.org\/wp-content\/uploads\/2021\/02\/Fouga_CM170_Katanga-18x10.jpg 18w\" sizes=\"auto, (max-width: 500px) 100vw, 500px\" \/><figcaption class=\"wp-element-caption\"><em>Le Fouga Magister KAT 93 sur le tarmac de la Luano. Le passager est vraisemblablement le Pr\u00e9sident Mo\u00efse Tshomb\u00e9.<\/em><\/figcaption><\/figure>\n<\/div>\n<\/div>\n\n\n\n<h2 class=\"wp-block-heading\" id=\"block-3965b102-e4a9-422a-9312-79e27f778300\">Libye<\/h2>\n\n\n\n<div class=\"wp-block-columns is-layout-flex wp-container-core-columns-is-layout-28f84493 wp-block-columns-is-layout-flex\">\n<div class=\"wp-block-column is-layout-flow wp-block-column-is-layout-flow\" style=\"flex-basis:5%\">\n<figure class=\"wp-block-image size-large\"><img loading=\"lazy\" decoding=\"async\" width=\"75\" height=\"75\" src=\"http:\/\/minijets.org\/wp-content\/uploads\/2021\/02\/LY07134420.png\" alt=\"\" class=\"wp-image-4364\" srcset=\"https:\/\/minijets.org\/wp-content\/uploads\/2021\/02\/LY07134420.png 75w, https:\/\/minijets.org\/wp-content\/uploads\/2021\/02\/LY07134420-12x12.png 12w\" sizes=\"auto, (max-width: 75px) 100vw, 75px\" \/><\/figure>\n<\/div>\n\n\n\n<div class=\"wp-block-column is-layout-flow wp-block-column-is-layout-flow\" style=\"flex-basis:50%\">\n<h3 class=\"wp-block-heading\" id=\"block-3965b102-e4a9-422a-9312-79e27f778300\">Force a\u00e9rienne de la r\u00e9publique arabe libyenne<\/h3>\n\n\n\n<p id=\"block-a66e20b4-3fc3-4bf8-8583-12ef954f547f\">In December 1969 the Libyan Ministry of Defence placed an order for 53 Mirage D Fighter-bombers, 32 Mirage 5DE interceptors, 10 Mirage 5DR reconnaissance fighters, 15 Mirage DD two-seat conversion trainers,&nbsp;<strong>12 Magisters jet trainers<\/strong>, 10 SE 316B Alouette IIIs and 9 A\u00e9rspaciel SA 321M Super Frelon helicopters.<\/p>\n\n\n\n<p id=\"block-90f85da1-50f2-41c2-9b25-27ca1ae0a3fd\"><em>(source : Libyan air wars, Part 1, 1973-1985, tom Cooper, Albert Grandolini)<\/em><\/p>\n<\/div>\n\n\n\n<div class=\"wp-block-column is-layout-flow wp-block-column-is-layout-flow\" style=\"flex-basis:45%\">\n<figure class=\"wp-block-image size-large\"><img loading=\"lazy\" decoding=\"async\" width=\"500\" height=\"334\" src=\"http:\/\/minijets.org\/wp-content\/uploads\/2021\/02\/Photo_searched.jpg\" alt=\"Fouga magister Libien\" class=\"wp-image-4037\" srcset=\"https:\/\/minijets.org\/wp-content\/uploads\/2021\/02\/Photo_searched.jpg 500w, https:\/\/minijets.org\/wp-content\/uploads\/2021\/02\/Photo_searched-300x200.jpg 300w, https:\/\/minijets.org\/wp-content\/uploads\/2021\/02\/Photo_searched-18x12.jpg 18w\" sizes=\"auto, (max-width: 500px) 100vw, 500px\" \/><\/figure>\n<\/div>\n<\/div>\n\n\n\n<h2 class=\"wp-block-heading\" id=\"block-3965b102-e4a9-422a-9312-79e27f778300\">Maroc<\/h2>\n\n\n\n<div class=\"wp-block-columns is-layout-flex wp-container-core-columns-is-layout-28f84493 wp-block-columns-is-layout-flex\">\n<div class=\"wp-block-column is-layout-flow wp-block-column-is-layout-flow\" style=\"flex-basis:5%\">\n<figure class=\"wp-block-image size-large\"><img loading=\"lazy\" decoding=\"async\" width=\"75\" height=\"75\" src=\"http:\/\/minijets.org\/wp-content\/uploads\/2021\/02\/MA.png\" alt=\"\" class=\"wp-image-4345\" srcset=\"https:\/\/minijets.org\/wp-content\/uploads\/2021\/02\/MA.png 75w, https:\/\/minijets.org\/wp-content\/uploads\/2021\/02\/MA-12x12.png 12w\" sizes=\"auto, (max-width: 75px) 100vw, 75px\" \/><\/figure>\n<\/div>\n\n\n\n<div class=\"wp-block-column is-layout-flow wp-block-column-is-layout-flow\" style=\"flex-basis:50%\">\n<h3 class=\"wp-block-heading\" id=\"block-3965b102-e4a9-422a-9312-79e27f778300\">Forces royales air <\/h3>\n\n\n\n<p><strong>[Al-qawaat al-malakiya al-jawiya]<\/strong><\/p>\n\n\n\n<p>En mars 1962, 8 avions sont livr\u00e9s \u00e0 l&#8217;Ecole de l&#8217;Air de Marrakech.<\/p>\n\n\n\n<p>Il seront suivis en 1970 de 24 appareils ex-Luftwaffe reconditionn\u00e9s en France par la Sogerma.<\/p>\n<\/div>\n\n\n\n<div class=\"wp-block-column is-layout-flow wp-block-column-is-layout-flow\" style=\"flex-basis:45%\">\n<figure class=\"wp-block-image size-large\"><img loading=\"lazy\" decoding=\"async\" width=\"500\" height=\"261\" src=\"http:\/\/minijets.org\/wp-content\/uploads\/2021\/02\/Fouga_CM170_Maroc.jpg\" alt=\"Fouga magister Marocain\" class=\"wp-image-4029\" srcset=\"https:\/\/minijets.org\/wp-content\/uploads\/2021\/02\/Fouga_CM170_Maroc.jpg 500w, https:\/\/minijets.org\/wp-content\/uploads\/2021\/02\/Fouga_CM170_Maroc-300x157.jpg 300w, https:\/\/minijets.org\/wp-content\/uploads\/2021\/02\/Fouga_CM170_Maroc-18x9.jpg 18w\" sizes=\"auto, (max-width: 500px) 100vw, 500px\" \/><\/figure>\n<\/div>\n<\/div>\n\n\n\n<h2 class=\"wp-block-heading\" id=\"block-3965b102-e4a9-422a-9312-79e27f778300\">Ouganda<\/h2>\n\n\n\n<div class=\"wp-block-columns is-layout-flex wp-container-core-columns-is-layout-28f84493 wp-block-columns-is-layout-flex\">\n<div class=\"wp-block-column is-layout-flow wp-block-column-is-layout-flow\" style=\"flex-basis:5%\">\n<figure class=\"wp-block-image size-large\"><img loading=\"lazy\" decoding=\"async\" width=\"75\" height=\"75\" src=\"http:\/\/minijets.org\/wp-content\/uploads\/2021\/02\/UG.png\" alt=\"\" class=\"wp-image-4387\" srcset=\"https:\/\/minijets.org\/wp-content\/uploads\/2021\/02\/UG.png 75w, https:\/\/minijets.org\/wp-content\/uploads\/2021\/02\/UG-12x12.png 12w\" sizes=\"auto, (max-width: 75px) 100vw, 75px\" \/><\/figure>\n<\/div>\n\n\n\n<div class=\"wp-block-column is-layout-flow wp-block-column-is-layout-flow\" style=\"flex-basis:50%\">\n<h3 class=\"wp-block-heading\" id=\"block-3965b102-e4a9-422a-9312-79e27f778300\">Uganda Army Air Force (UAAF) <\/h3>\n\n\n\n<p>Israel and Uganda established diplomatic ties in 1962, and the two nations soon concluded agreements to train Ugandan intelligence, police, military, and paramilitary personnel.&nbsp;<\/p>\n\n\n\n<p>After Congolese (Zairian) aircraft bombed western Ugandan villages in 1965, Israel furnished Uganda with Twelve armed Fouga Magister jet trainers.<\/p>\n<\/div>\n\n\n\n<div class=\"wp-block-column is-layout-flow wp-block-column-is-layout-flow\" style=\"flex-basis:45%\">\n<figure class=\"wp-block-image size-large\"><img loading=\"lazy\" decoding=\"async\" width=\"500\" height=\"334\" src=\"http:\/\/minijets.org\/wp-content\/uploads\/2021\/02\/Photo_searched.jpg\" alt=\"Fouga magister Ougandais\" class=\"wp-image-4037\" srcset=\"https:\/\/minijets.org\/wp-content\/uploads\/2021\/02\/Photo_searched.jpg 500w, https:\/\/minijets.org\/wp-content\/uploads\/2021\/02\/Photo_searched-300x200.jpg 300w, https:\/\/minijets.org\/wp-content\/uploads\/2021\/02\/Photo_searched-18x12.jpg 18w\" sizes=\"auto, (max-width: 500px) 100vw, 500px\" \/><\/figure>\n<\/div>\n<\/div>\n\n\n\n<h2 class=\"wp-block-heading\" id=\"block-3965b102-e4a9-422a-9312-79e27f778300\">Rwanda<\/h2>\n\n\n\n<div class=\"wp-block-columns is-layout-flex wp-container-core-columns-is-layout-28f84493 wp-block-columns-is-layout-flex\">\n<div class=\"wp-block-column is-layout-flow wp-block-column-is-layout-flow\" style=\"flex-basis:5%\">\n<figure class=\"wp-block-image size-large\"><img loading=\"lazy\" decoding=\"async\" width=\"75\" height=\"75\" src=\"http:\/\/minijets.org\/wp-content\/uploads\/2021\/02\/RW07145422.png\" alt=\"\" class=\"wp-image-4391\" srcset=\"https:\/\/minijets.org\/wp-content\/uploads\/2021\/02\/RW07145422.png 75w, https:\/\/minijets.org\/wp-content\/uploads\/2021\/02\/RW07145422-12x12.png 12w\" sizes=\"auto, (max-width: 75px) 100vw, 75px\" \/><\/figure>\n<\/div>\n\n\n\n<div class=\"wp-block-column is-layout-flow wp-block-column-is-layout-flow\" style=\"flex-basis:50%\">\n<h3 class=\"wp-block-heading\" id=\"block-3965b102-e4a9-422a-9312-79e27f778300\">Uganda Army Air Force (UAAF) <\/h3>\n\n\n\n<p>Rwanda gained independence in 1962, and maintains a modest air arm.&nbsp;<\/p>\n\n\n\n<p>Three ex-French Air Force CM.170 Magisters was operated for jet experience and counterinsurgency alongside a B-N Islander.<\/p>\n\n\n\n<p>Source : Flight 6 august 1983<\/p>\n<\/div>\n\n\n\n<div class=\"wp-block-column is-layout-flow wp-block-column-is-layout-flow\" style=\"flex-basis:45%\">\n<figure class=\"wp-block-image size-large\"><img loading=\"lazy\" decoding=\"async\" width=\"500\" height=\"334\" src=\"http:\/\/minijets.org\/wp-content\/uploads\/2021\/02\/Photo_searched.jpg\" alt=\"Fouga magister Rwandai\" class=\"wp-image-4037\" srcset=\"https:\/\/minijets.org\/wp-content\/uploads\/2021\/02\/Photo_searched.jpg 500w, https:\/\/minijets.org\/wp-content\/uploads\/2021\/02\/Photo_searched-300x200.jpg 300w, https:\/\/minijets.org\/wp-content\/uploads\/2021\/02\/Photo_searched-18x12.jpg 18w\" sizes=\"auto, (max-width: 500px) 100vw, 500px\" \/><\/figure>\n<\/div>\n<\/div>\n\n\n\n<h2 class=\"wp-block-heading\" id=\"block-3965b102-e4a9-422a-9312-79e27f778300\">S\u00e9n\u00e9gal<\/h2>\n\n\n\n<div class=\"wp-block-columns is-layout-flex wp-container-core-columns-is-layout-28f84493 wp-block-columns-is-layout-flex\">\n<div class=\"wp-block-column is-layout-flow wp-block-column-is-layout-flow\" style=\"flex-basis:5%\">\n<figure class=\"wp-block-image size-large\"><img loading=\"lazy\" decoding=\"async\" width=\"187\" height=\"75\" src=\"http:\/\/minijets.org\/wp-content\/uploads\/2021\/02\/SN.png\" alt=\"\" class=\"wp-image-4394\" srcset=\"https:\/\/minijets.org\/wp-content\/uploads\/2021\/02\/SN.png 187w, https:\/\/minijets.org\/wp-content\/uploads\/2021\/02\/SN-18x7.png 18w\" sizes=\"auto, (max-width: 187px) 100vw, 187px\" \/><\/figure>\n<\/div>\n\n\n\n<div class=\"wp-block-column is-layout-flow wp-block-column-is-layout-flow\" style=\"flex-basis:50%\">\n<h3 class=\"wp-block-heading\" id=\"block-3965b102-e4a9-422a-9312-79e27f778300\">Arm\u00e9e de l&#8217;Air S\u00e9n\u00e9galaise <\/h3>\n\n\n\n<p>L&#8217;arm\u00e9e de l&#8217;air S\u00e9n\u00e9galaise a eu \u00e0 &nbsp;sa disposition jusqu&#8217;\u00e0 &nbsp;5 CM170 Magister. Il s&#8217;agissait d&#8217;ex-br\u00e9siliens reconditionn\u00e9s par la Sogerma qui ont \u00e9t\u00e9 livr\u00e9s en 1976.<\/p>\n<\/div>\n\n\n\n<div class=\"wp-block-column is-layout-flow wp-block-column-is-layout-flow\" style=\"flex-basis:45%\">\n<figure class=\"wp-block-image size-large\"><img loading=\"lazy\" decoding=\"async\" width=\"500\" height=\"334\" src=\"http:\/\/minijets.org\/wp-content\/uploads\/2021\/02\/Photo_searched.jpg\" alt=\"Fouga magister S\u00e9n\u00e9galais\" class=\"wp-image-4037\" srcset=\"https:\/\/minijets.org\/wp-content\/uploads\/2021\/02\/Photo_searched.jpg 500w, https:\/\/minijets.org\/wp-content\/uploads\/2021\/02\/Photo_searched-300x200.jpg 300w, https:\/\/minijets.org\/wp-content\/uploads\/2021\/02\/Photo_searched-18x12.jpg 18w\" sizes=\"auto, (max-width: 500px) 100vw, 500px\" \/><\/figure>\n<\/div>\n<\/div>\n\n\n\n<h2 class=\"wp-block-heading\" id=\"block-3965b102-e4a9-422a-9312-79e27f778300\">Togo<\/h2>\n\n\n\n<div class=\"wp-block-columns is-layout-flex wp-container-core-columns-is-layout-28f84493 wp-block-columns-is-layout-flex\">\n<div class=\"wp-block-column is-layout-flow wp-block-column-is-layout-flow\" style=\"flex-basis:5%\">\n<figure class=\"wp-block-image size-large\"><img loading=\"lazy\" decoding=\"async\" width=\"75\" height=\"75\" src=\"http:\/\/minijets.org\/wp-content\/uploads\/2021\/02\/TG.png\" alt=\"\" class=\"wp-image-4397\" srcset=\"https:\/\/minijets.org\/wp-content\/uploads\/2021\/02\/TG.png 75w, https:\/\/minijets.org\/wp-content\/uploads\/2021\/02\/TG-12x12.png 12w\" sizes=\"auto, (max-width: 75px) 100vw, 75px\" \/><\/figure>\n<\/div>\n\n\n\n<div class=\"wp-block-column is-layout-flow wp-block-column-is-layout-flow\" style=\"flex-basis:50%\">\n<h3 class=\"wp-block-heading\" id=\"block-3965b102-e4a9-422a-9312-79e27f778300\">Arm\u00e9e de l&#8217;Air S\u00e9n\u00e9galaise <\/h3>\n\n\n\n<p>5 CM170 Magister, ex-Luftwaffe , reconditionn\u00e9s par la Sogerma, ont \u00e9t\u00e9 livr\u00e9s en septembre 1976.&nbsp;<\/p>\n<\/div>\n\n\n\n<div class=\"wp-block-column is-layout-flow wp-block-column-is-layout-flow\" style=\"flex-basis:45%\">\n<figure class=\"wp-block-image size-large\"><img loading=\"lazy\" decoding=\"async\" width=\"500\" height=\"334\" src=\"http:\/\/minijets.org\/wp-content\/uploads\/2021\/02\/Photo_searched.jpg\" alt=\"Fouga magister Togolais\" class=\"wp-image-4037\" srcset=\"https:\/\/minijets.org\/wp-content\/uploads\/2021\/02\/Photo_searched.jpg 500w, https:\/\/minijets.org\/wp-content\/uploads\/2021\/02\/Photo_searched-300x200.jpg 300w, https:\/\/minijets.org\/wp-content\/uploads\/2021\/02\/Photo_searched-18x12.jpg 18w\" sizes=\"auto, (max-width: 500px) 100vw, 500px\" \/><\/figure>\n<\/div>\n<\/div>\n","protected":false},"excerpt":{"rendered":"<p>Vous trouverez ci-apr\u00e8s la liste des op\u00e9rateurs du Fouga Magister sur le continent Africain Alg\u00e9rie Forces a\u00e9riennes alg\u00e9riennes En&nbsp;1969&nbsp;l&#8217;Alg\u00e9rie commande&nbsp;28&nbsp;CM170-R \u00e0 &nbsp;Sud-Aviation. Il semblerait en fait qu&#8217;il s&#8217;agisse de 28 CM.170 ex-Luftwaffe reconditionn\u00e9s par la Sogerma . Cinq autres appareils seront command\u00e9s et livr\u00e9 par la suite. Cameroun Arm\u00e9e de l&#8217;air Camerounaise For internal counter-insurgency [&hellip;]<\/p>\n","protected":false},"author":1,"featured_media":0,"parent":4273,"menu_order":0,"comment_status":"closed","ping_status":"closed","template":"","meta":{"_acf_changed":false,"cybocfi_hide_featured_image":"","footnotes":""},"categories":[],"tags":[],"planes-000-100":[],"class_list":["post-4309","page","type-page","status-publish","hentry"],"blocksy_meta":[],"acf":[],"_links":{"self":[{"href":"http:\/\/minijets.org\/fr\/wp-json\/wp\/v2\/pages\/4309","targetHints":{"allow":["GET"]}}],"collection":[{"href":"http:\/\/minijets.org\/fr\/wp-json\/wp\/v2\/pages"}],"about":[{"href":"http:\/\/minijets.org\/fr\/wp-json\/wp\/v2\/types\/page"}],"author":[{"embeddable":true,"href":"http:\/\/minijets.org\/fr\/wp-json\/wp\/v2\/users\/1"}],"replies":[{"embeddable":true,"href":"http:\/\/minijets.org\/fr\/wp-json\/wp\/v2\/comments?post=4309"}],"version-history":[{"count":0,"href":"http:\/\/minijets.org\/fr\/wp-json\/wp\/v2\/pages\/4309\/revisions"}],"up":[{"embeddable":true,"href":"http:\/\/minijets.org\/fr\/wp-json\/wp\/v2\/pages\/4273"}],"wp:attachment":[{"href":"http:\/\/minijets.org\/fr\/wp-json\/wp\/v2\/media?parent=4309"}],"wp:term":[{"taxonomy":"category","embeddable":true,"href":"http:\/\/minijets.org\/fr\/wp-json\/wp\/v2\/categories?post=4309"},{"taxonomy":"post_tag","embeddable":true,"href":"http:\/\/minijets.org\/fr\/wp-json\/wp\/v2\/tags?post=4309"},{"taxonomy":"planes-000-100","embeddable":true,"href":"http:\/\/minijets.org\/fr\/wp-json\/wp\/v2\/planes-000-100?post=4309"}],"curies":[{"name":"wp","href":"https:\/\/api.w.org\/{rel}","templated":true}]}}