{"id":4592,"date":"2021-02-09T11:33:22","date_gmt":"2021-02-09T10:33:22","guid":{"rendered":"http:\/\/tst.minijets.org\/?page_id=4592"},"modified":"2022-11-02T17:44:27","modified_gmt":"2022-11-02T16:44:27","slug":"ms-755-fleuret","status":"publish","type":"page","link":"http:\/\/minijets.org\/fr\/300-500\/turbomeca-marbore\/ms-755-fleuret\/","title":{"rendered":"MS-755 Fleuret"},"content":{"rendered":"\n<figure class=\"wp-block-image size-full\"><img loading=\"lazy\" decoding=\"async\" width=\"950\" height=\"145\" src=\"https:\/\/minijets.org\/wp-content\/uploads\/2021\/02\/Morane-Saulnier_MS755_Fleuret-_top.jpg\" alt=\"MS-755\u00a0Fleuret\" class=\"wp-image-4073\" srcset=\"https:\/\/minijets.org\/wp-content\/uploads\/2021\/02\/Morane-Saulnier_MS755_Fleuret-_top.jpg 950w, https:\/\/minijets.org\/wp-content\/uploads\/2021\/02\/Morane-Saulnier_MS755_Fleuret-_top-300x46.jpg 300w, https:\/\/minijets.org\/wp-content\/uploads\/2021\/02\/Morane-Saulnier_MS755_Fleuret-_top-768x117.jpg 768w, https:\/\/minijets.org\/wp-content\/uploads\/2021\/02\/Morane-Saulnier_MS755_Fleuret-_top-18x3.jpg 18w\" sizes=\"auto, (max-width: 950px) 100vw, 950px\" \/><\/figure>\n\n\n\n<p>Le Morane-Saulnier&nbsp;<strong>MS-755<\/strong>&nbsp;Fleuret r\u00e9pondait au m\u00eame programme que le <a href=\"https:\/\/minijets.org\/300-500\/turbomeca-marbore\/fouga-cm170r-magister\/\" data-type=\"page\" data-id=\"4273\">Fouga Magister CM-170R<\/a>, celui d&#8217;un avion d&#8217;entrainement \u00e0 &nbsp;r\u00e9action destin\u00e9 \u00e0 &nbsp;l&#8217;Arm\u00e9e de l&#8217;Air fran\u00e7aise. Il a \u00e9t\u00e9 con\u00e7u sous la direction de l&#8217;ing\u00e9nieur <a href=\"https:\/\/fr.wikipedia.org\/wiki\/Paul-Ren%C3%A9_Gauthier\" data-type=\"URL\" data-id=\"https:\/\/fr.wikipedia.org\/wiki\/Paul-Ren%C3%A9_Gauthier\" target=\"_blank\" rel=\"noopener\">Paul-Ren\u00e9 Gauthier<\/a>, qui \u00e9tait alors directeur du bureau d&#8217;\u00e9tude de chez Morane-Saulnier.<\/p>\n\n\n\n<p>Il se caract\u00e9risait par une voilure droite, mi-basse, et un empennage en T.<\/p>\n\n\n\n<p>Les 2 r\u00e9acteurs&nbsp;<strong><a href=\"https:\/\/minijets.org\/300-500\/turbomeca-marbore\/\">Turbom\u00e9ca Marbor\u00e9 II<\/a><\/strong>&nbsp;\u00e9taient plac\u00e9s \u00e0 &nbsp;l&#8217;arri\u00e8re du fuselage, les entr\u00e9s d&#8217;air se trouvant \u00e0 &nbsp;l&#8217;emplanture des ailes.<\/p>\n\n\n\n<p>La construction de deux prototypes fut lanc\u00e9e en m\u00eame temps. Le 01 (<strong>F-ZWRS<\/strong>) commen\u00e7a ses essais de roulage en janvier 1953 (alors que son concurrent, le fouga magister, \u00e0 &nbsp;fait son premier vol le 23 juillet 1952 !). <\/p>\n\n\n\n<div class=\"wp-block-columns is-layout-flex wp-container-core-columns-is-layout-28f84493 wp-block-columns-is-layout-flex\">\n<div class=\"wp-block-column is-layout-flow wp-block-column-is-layout-flow\">\n<figure class=\"wp-block-image size-large\"><img loading=\"lazy\" decoding=\"async\" width=\"950\" height=\"338\" src=\"http:\/\/minijets.org\/wp-content\/uploads\/2021\/02\/Morane-Saulnier_MS755_Fleuret_01.jpg\" alt=\"\" class=\"wp-image-4071\" srcset=\"https:\/\/minijets.org\/wp-content\/uploads\/2021\/02\/Morane-Saulnier_MS755_Fleuret_01.jpg 950w, https:\/\/minijets.org\/wp-content\/uploads\/2021\/02\/Morane-Saulnier_MS755_Fleuret_01-300x107.jpg 300w, https:\/\/minijets.org\/wp-content\/uploads\/2021\/02\/Morane-Saulnier_MS755_Fleuret_01-768x273.jpg 768w, https:\/\/minijets.org\/wp-content\/uploads\/2021\/02\/Morane-Saulnier_MS755_Fleuret_01-18x6.jpg 18w\" sizes=\"auto, (max-width: 950px) 100vw, 950px\" \/><\/figure>\n\n\n\n<figure class=\"wp-block-image size-large\"><img loading=\"lazy\" decoding=\"async\" width=\"560\" height=\"333\" src=\"http:\/\/minijets.org\/wp-content\/uploads\/2021\/02\/Morane-Saulnier_MS755_Fleuret_02.jpg\" alt=\"\" class=\"wp-image-4069\" srcset=\"https:\/\/minijets.org\/wp-content\/uploads\/2021\/02\/Morane-Saulnier_MS755_Fleuret_02.jpg 560w, https:\/\/minijets.org\/wp-content\/uploads\/2021\/02\/Morane-Saulnier_MS755_Fleuret_02-300x178.jpg 300w, https:\/\/minijets.org\/wp-content\/uploads\/2021\/02\/Morane-Saulnier_MS755_Fleuret_02-18x12.jpg 18w\" sizes=\"auto, (max-width: 560px) 100vw, 560px\" \/><\/figure>\n\n\n\n<p>Suite \u00e0 la s\u00e9lection du Fouga CM170 Magister par l&#8217;Arm\u00e9e de l&#8217;Air, le programme sera abandonn\u00e9. <\/p>\n\n\n\n<p>Le prototype 02 sera transform\u00e9 en quadriplace pour donner lieu au MS-760 01. Un temps appel\u00e9 Fleuret II, il sera par la suite rebaptis\u00e9 en MS-760 Paris.<\/p>\n<\/div>\n\n\n\n<div class=\"wp-block-column minijets_table is-layout-flow wp-block-column-is-layout-flow\" style=\"flex-basis:40%\">\n<p>C&#8217;est le&nbsp;<strong>26 janvier 1953<\/strong>&nbsp;que le chez pilote d&#8217;essai de Morane-Saulnier,&nbsp;<strong><a href=\"#jean_cliquet\">Jean CLIQUET<\/a><\/strong>, accompagn\u00e9 du m\u00e9canicien navigant Ferdinand NAUDY, fit voler le prototype du MS 755 &#8220;Fleuret&#8221;.<\/p>\n\n\n\n<p>Jean Cliquet d\u00e9colla de&nbsp;<strong>Melun-Villaroche<\/strong>&nbsp;pour un vol de 15 minutes au cour duquel l&#8217;appareil n&#8217;a pas d\u00e9pass\u00e9 800 \u00e0 &nbsp;900 m compte tenu d&#8217;un plafond limit\u00e9. Deux autres vols seront effectu\u00e9s le lendemain.&nbsp;<\/p>\n\n\n\n<p>Le 31 janvier c&#8217;est le commandant Grigaut, chef de l&#8217;annexe du CEAM de Bretigny qui en prend les commandes.<\/p>\n\n\n\n<p>Le 12 f\u00e9vrier, c&#8217;est la pr\u00e9sentation officielle du Fleuret devant le pr\u00e9sident&nbsp;<strong>Robert Morane<\/strong>&nbsp;et son comit\u00e9 de direction.<\/p>\n\n\n\n<p>Le&nbsp;<strong>30 avril 1953<\/strong>, le Fleuret entre au CEV de Bretigny pour les \u00e9preuves de qualification officielles. Il a alors 35 heures de vols en 57 sorties.<\/p>\n<\/div>\n<\/div>\n\n\n\n<div class=\"wp-block-columns is-layout-flex wp-container-core-columns-is-layout-28f84493 wp-block-columns-is-layout-flex\">\n<div class=\"wp-block-column is-layout-flow wp-block-column-is-layout-flow\">\n<figure class=\"wp-block-image size-large\"><img loading=\"lazy\" decoding=\"async\" width=\"500\" height=\"250\" src=\"http:\/\/minijets.org\/wp-content\/uploads\/2021\/02\/Morane-Saulnier_MS755_Fleuret_03.jpg\" alt=\"\" class=\"wp-image-4078\" srcset=\"https:\/\/minijets.org\/wp-content\/uploads\/2021\/02\/Morane-Saulnier_MS755_Fleuret_03.jpg 500w, https:\/\/minijets.org\/wp-content\/uploads\/2021\/02\/Morane-Saulnier_MS755_Fleuret_03-300x150.jpg 300w, https:\/\/minijets.org\/wp-content\/uploads\/2021\/02\/Morane-Saulnier_MS755_Fleuret_03-18x9.jpg 18w\" sizes=\"auto, (max-width: 500px) 100vw, 500px\" \/><figcaption class=\"wp-element-caption\">MS-755 Fleuret, peut apr\u00e8s son premier vol. Source : reportage Aviation Magazine 1953<\/figcaption><\/figure>\n<\/div>\n\n\n\n<div class=\"wp-block-column is-layout-flow wp-block-column-is-layout-flow\">\n<figure class=\"wp-block-image size-large\"><img loading=\"lazy\" decoding=\"async\" width=\"500\" height=\"250\" src=\"http:\/\/minijets.org\/wp-content\/uploads\/2021\/02\/Morane-Saulnier_MS755_Fleuret_04.jpg\" alt=\"\" class=\"wp-image-4067\" srcset=\"https:\/\/minijets.org\/wp-content\/uploads\/2021\/02\/Morane-Saulnier_MS755_Fleuret_04.jpg 500w, https:\/\/minijets.org\/wp-content\/uploads\/2021\/02\/Morane-Saulnier_MS755_Fleuret_04-300x150.jpg 300w, https:\/\/minijets.org\/wp-content\/uploads\/2021\/02\/Morane-Saulnier_MS755_Fleuret_04-18x9.jpg 18w\" sizes=\"auto, (max-width: 500px) 100vw, 500px\" \/><figcaption class=\"wp-element-caption\">MS-755 Fleuret, peut apr\u00e8s son premier vol. Source : reportage Aviation Magazine 1953<\/figcaption><\/figure>\n<\/div>\n<\/div>\n\n\n\n<div class=\"wp-block-columns is-layout-flex wp-container-core-columns-is-layout-28f84493 wp-block-columns-is-layout-flex\">\n<div class=\"wp-block-column is-layout-flow wp-block-column-is-layout-flow\">\n<figure class=\"wp-block-image size-large\"><img loading=\"lazy\" decoding=\"async\" width=\"500\" height=\"334\" src=\"http:\/\/minijets.org\/wp-content\/uploads\/2021\/02\/Morane-Saulnier_MS755_Fleuret_05.jpg\" alt=\"\" class=\"wp-image-4076\" srcset=\"https:\/\/minijets.org\/wp-content\/uploads\/2021\/02\/Morane-Saulnier_MS755_Fleuret_05.jpg 500w, https:\/\/minijets.org\/wp-content\/uploads\/2021\/02\/Morane-Saulnier_MS755_Fleuret_05-300x200.jpg 300w, https:\/\/minijets.org\/wp-content\/uploads\/2021\/02\/Morane-Saulnier_MS755_Fleuret_05-18x12.jpg 18w\" sizes=\"auto, (max-width: 500px) 100vw, 500px\" \/><figcaption class=\"wp-element-caption\">MS-755 Fleuret. Source : Image tir\u00e9e du Film &#8220;Une parisienne&#8221; 1957<\/figcaption><\/figure>\n<\/div>\n\n\n\n<div class=\"wp-block-column is-layout-flow wp-block-column-is-layout-flow\">\n<figure class=\"wp-block-image size-large\"><img loading=\"lazy\" decoding=\"async\" width=\"500\" height=\"334\" src=\"http:\/\/minijets.org\/wp-content\/uploads\/2021\/02\/Morane-Saulnier_MS755_Fleuret_06.jpg\" alt=\"\" class=\"wp-image-4074\" srcset=\"https:\/\/minijets.org\/wp-content\/uploads\/2021\/02\/Morane-Saulnier_MS755_Fleuret_06.jpg 500w, https:\/\/minijets.org\/wp-content\/uploads\/2021\/02\/Morane-Saulnier_MS755_Fleuret_06-300x200.jpg 300w, https:\/\/minijets.org\/wp-content\/uploads\/2021\/02\/Morane-Saulnier_MS755_Fleuret_06-18x12.jpg 18w\" sizes=\"auto, (max-width: 500px) 100vw, 500px\" \/><figcaption class=\"wp-element-caption\">MS-755 Fleuret. Source : Image tir\u00e9e du Film &#8220;Une parisienne&#8221; 1957<\/figcaption><\/figure>\n<\/div>\n<\/div>\n\n\n\n<div class=\"wp-block-columns is-layout-flex wp-container-core-columns-is-layout-28f84493 wp-block-columns-is-layout-flex\">\n<div class=\"wp-block-column is-layout-flow wp-block-column-is-layout-flow\">\n<figure class=\"wp-block-image size-large\"><img loading=\"lazy\" decoding=\"async\" width=\"500\" height=\"333\" src=\"http:\/\/minijets.org\/wp-content\/uploads\/2021\/02\/Morane-Saulnier_MS755_Fleuret_08.jpg\" alt=\"\" class=\"wp-image-4070\" srcset=\"https:\/\/minijets.org\/wp-content\/uploads\/2021\/02\/Morane-Saulnier_MS755_Fleuret_08.jpg 500w, https:\/\/minijets.org\/wp-content\/uploads\/2021\/02\/Morane-Saulnier_MS755_Fleuret_08-300x200.jpg 300w, https:\/\/minijets.org\/wp-content\/uploads\/2021\/02\/Morane-Saulnier_MS755_Fleuret_08-18x12.jpg 18w\" sizes=\"auto, (max-width: 500px) 100vw, 500px\" \/><figcaption class=\"wp-element-caption\">MS-755 Fleuret. Source : Image tir\u00e9e du Film &#8220;Une parisienne&#8221; 1957<\/figcaption><\/figure>\n<\/div>\n\n\n\n<div class=\"wp-block-column is-layout-flow wp-block-column-is-layout-flow\">\n<figure class=\"wp-block-image size-large\"><img loading=\"lazy\" decoding=\"async\" width=\"500\" height=\"333\" src=\"http:\/\/minijets.org\/wp-content\/uploads\/2021\/02\/Morane-Saulnier_MS755_Fleuret_09.jpg\" alt=\"\" class=\"wp-image-4079\" srcset=\"https:\/\/minijets.org\/wp-content\/uploads\/2021\/02\/Morane-Saulnier_MS755_Fleuret_09.jpg 500w, https:\/\/minijets.org\/wp-content\/uploads\/2021\/02\/Morane-Saulnier_MS755_Fleuret_09-300x200.jpg 300w, https:\/\/minijets.org\/wp-content\/uploads\/2021\/02\/Morane-Saulnier_MS755_Fleuret_09-18x12.jpg 18w\" sizes=\"auto, (max-width: 500px) 100vw, 500px\" \/><figcaption class=\"wp-element-caption\">Brigitte Bardot dans le prototype du MS-755 Fleuret. Source : Image tir\u00e9e du Film &#8220;Une parisienne&#8221; 1957<\/figcaption><\/figure>\n<\/div>\n<\/div>\n\n\n\n<div class=\"wp-block-columns is-layout-flex wp-container-core-columns-is-layout-28f84493 wp-block-columns-is-layout-flex\">\n<div class=\"wp-block-column is-layout-flow wp-block-column-is-layout-flow\">\n<figure class=\"wp-block-image size-large\"><img loading=\"lazy\" decoding=\"async\" width=\"500\" height=\"242\" src=\"http:\/\/minijets.org\/wp-content\/uploads\/2021\/02\/Morane-Saulnier_MS755_Fleuret_10.jpg\" alt=\"\" class=\"wp-image-4075\" srcset=\"https:\/\/minijets.org\/wp-content\/uploads\/2021\/02\/Morane-Saulnier_MS755_Fleuret_10.jpg 500w, https:\/\/minijets.org\/wp-content\/uploads\/2021\/02\/Morane-Saulnier_MS755_Fleuret_10-300x145.jpg 300w, https:\/\/minijets.org\/wp-content\/uploads\/2021\/02\/Morane-Saulnier_MS755_Fleuret_10-18x9.jpg 18w\" sizes=\"auto, (max-width: 500px) 100vw, 500px\" \/><figcaption class=\"wp-element-caption\">Morane-Saulnier MS-755 &#8211; Fleuret. Source : Interavia 1953<\/figcaption><\/figure>\n<\/div>\n\n\n\n<div class=\"wp-block-column is-layout-flow wp-block-column-is-layout-flow\">\n<figure class=\"wp-block-image size-large\"><img loading=\"lazy\" decoding=\"async\" width=\"500\" height=\"289\" src=\"http:\/\/minijets.org\/wp-content\/uploads\/2021\/02\/Morane-Saulnier_MS755_Fleuret_07.jpg\" alt=\"Morane-Saulnier MS-755 - Fleuret.\" class=\"wp-image-4072\" srcset=\"https:\/\/minijets.org\/wp-content\/uploads\/2021\/02\/Morane-Saulnier_MS755_Fleuret_07.jpg 500w, https:\/\/minijets.org\/wp-content\/uploads\/2021\/02\/Morane-Saulnier_MS755_Fleuret_07-300x173.jpg 300w, https:\/\/minijets.org\/wp-content\/uploads\/2021\/02\/Morane-Saulnier_MS755_Fleuret_07-18x10.jpg 18w\" sizes=\"auto, (max-width: 500px) 100vw, 500px\" \/><\/figure>\n<\/div>\n<\/div>\n\n\n\n<figure class=\"wp-block-image size-full\"><img loading=\"lazy\" decoding=\"async\" width=\"950\" height=\"319\" src=\"https:\/\/minijets.org\/wp-content\/uploads\/2021\/02\/Morane-Saulnier_MS755_Fleuret_11.jpg\" alt=\"\" class=\"wp-image-4077\" srcset=\"https:\/\/minijets.org\/wp-content\/uploads\/2021\/02\/Morane-Saulnier_MS755_Fleuret_11.jpg 950w, https:\/\/minijets.org\/wp-content\/uploads\/2021\/02\/Morane-Saulnier_MS755_Fleuret_11-300x101.jpg 300w, https:\/\/minijets.org\/wp-content\/uploads\/2021\/02\/Morane-Saulnier_MS755_Fleuret_11-768x258.jpg 768w, https:\/\/minijets.org\/wp-content\/uploads\/2021\/02\/Morane-Saulnier_MS755_Fleuret_11-18x6.jpg 18w\" sizes=\"auto, (max-width: 950px) 100vw, 950px\" \/><figcaption class=\"wp-element-caption\">Morane-Saulnier MS-755 &#8211; Fleuret. Source : Interavia 1953<\/figcaption><\/figure>\n\n\n\n<div class=\"wp-block-getwid-anchor\" id=\"jean_cliquet\"><\/div>\n\n\n\n<h2 class=\"wp-block-heading\">R\u00e9f\u00e9rences et notes<\/h2>\n\n\n\n<div class=\"wp-block-columns is-layout-flex wp-container-core-columns-is-layout-28f84493 wp-block-columns-is-layout-flex\">\n<div class=\"wp-block-column is-layout-flow wp-block-column-is-layout-flow\" style=\"flex-basis:33.33%\">\n<figure class=\"wp-block-image size-large\"><img loading=\"lazy\" decoding=\"async\" width=\"350\" height=\"352\" src=\"http:\/\/minijets.org\/wp-content\/uploads\/2021\/02\/Jean_Cliquet.jpg\" alt=\"Jean Cliquet, Pilote d'essai\" class=\"wp-image-4068\" srcset=\"https:\/\/minijets.org\/wp-content\/uploads\/2021\/02\/Jean_Cliquet.jpg 350w, https:\/\/minijets.org\/wp-content\/uploads\/2021\/02\/Jean_Cliquet-298x300.jpg 298w, https:\/\/minijets.org\/wp-content\/uploads\/2021\/02\/Jean_Cliquet-150x150.jpg 150w, https:\/\/minijets.org\/wp-content\/uploads\/2021\/02\/Jean_Cliquet-12x12.jpg 12w, https:\/\/minijets.org\/wp-content\/uploads\/2021\/02\/Jean_Cliquet-80x80.jpg 80w\" sizes=\"auto, (max-width: 350px) 100vw, 350px\" \/><figcaption>Jean Cliquet<\/figcaption><\/figure>\n<\/div>\n\n\n\n<div class=\"wp-block-column is-layout-flow wp-block-column-is-layout-flow\" style=\"flex-basis:66.66%\">\n<h3 class=\"wp-block-heading\">Jean Cliquet, Pilote d&#8217;essai<\/h3>\n\n\n\n<p>Jean Cliquet est n\u00e9 en 1911 \u00e0 Asni\u00e8res. A l&#8217;age de 18 ans, il quitte ses \u00e9tudes pour s&#8217;engager dans la Marine.&nbsp;<strong>En 1930<\/strong>, il obtient son brevet de pilote d&#8217;avion et d&#8217;hydravion.&nbsp;<strong>En 1933<\/strong>, il quitte la marine pour devenir moniteur \u00e0 l&#8217;\u00e9cole Caudron de Royan.&nbsp;<strong>En 1937<\/strong>, il est moniteur de l&#8217;\u00e9cole Morane-Saulnier de Villacoublay, avant d&#8217;entamer l&#8217;ann\u00e9e suivante une carri\u00e8re de pilote de r\u00e9ception, puis de pilote d&#8217;essai. Il participe ainsi aux essais du chasseur Morane 406. En 1940, il est affect\u00e9 comme pilote de ligne au SCLAM.<\/p>\n\n\n\n<p><strong>En 1945<\/strong>, Il reprendra sa carri\u00e8re de pilote d&#8217;essai avec le biplace d&#8217;entrainement MS-470. S&#8217;ensuivront pas moins de 25 autres prototypes dont les&nbsp;<strong>MS-755 Fleuret<\/strong>&nbsp;et&nbsp;<strong>MS-760 Paris<\/strong>.<\/p>\n<\/div>\n<\/div>\n","protected":false},"excerpt":{"rendered":"<p>Le Morane-Saulnier&nbsp;MS-755&nbsp;Fleuret r\u00e9pondait au m\u00eame programme que le Fouga Magister CM-170R, celui d&#8217;un avion d&#8217;entrainement \u00e0 &nbsp;r\u00e9action destin\u00e9 \u00e0 &nbsp;l&#8217;Arm\u00e9e de l&#8217;Air fran\u00e7aise. Il a \u00e9t\u00e9 con\u00e7u sous la direction de l&#8217;ing\u00e9nieur Paul-Ren\u00e9 Gauthier, qui \u00e9tait alors directeur du bureau d&#8217;\u00e9tude de chez Morane-Saulnier. Il se caract\u00e9risait par une voilure droite, mi-basse, et un empennage [&hellip;]<\/p>\n","protected":false},"author":1,"featured_media":4074,"parent":3923,"menu_order":0,"comment_status":"closed","ping_status":"closed","template":"","meta":{"_acf_changed":false,"cybocfi_hide_featured_image":"","footnotes":""},"categories":[20],"tags":[],"planes-000-100":[],"class_list":["post-4592","page","type-page","status-publish","has-post-thumbnail","hentry","category-plane-300-500"],"blocksy_meta":[],"acf":[],"_links":{"self":[{"href":"http:\/\/minijets.org\/fr\/wp-json\/wp\/v2\/pages\/4592","targetHints":{"allow":["GET"]}}],"collection":[{"href":"http:\/\/minijets.org\/fr\/wp-json\/wp\/v2\/pages"}],"about":[{"href":"http:\/\/minijets.org\/fr\/wp-json\/wp\/v2\/types\/page"}],"author":[{"embeddable":true,"href":"http:\/\/minijets.org\/fr\/wp-json\/wp\/v2\/users\/1"}],"replies":[{"embeddable":true,"href":"http:\/\/minijets.org\/fr\/wp-json\/wp\/v2\/comments?post=4592"}],"version-history":[{"count":0,"href":"http:\/\/minijets.org\/fr\/wp-json\/wp\/v2\/pages\/4592\/revisions"}],"up":[{"embeddable":true,"href":"http:\/\/minijets.org\/fr\/wp-json\/wp\/v2\/pages\/3923"}],"wp:featuredmedia":[{"embeddable":true,"href":"http:\/\/minijets.org\/fr\/wp-json\/wp\/v2\/media\/4074"}],"wp:attachment":[{"href":"http:\/\/minijets.org\/fr\/wp-json\/wp\/v2\/media?parent=4592"}],"wp:term":[{"taxonomy":"category","embeddable":true,"href":"http:\/\/minijets.org\/fr\/wp-json\/wp\/v2\/categories?post=4592"},{"taxonomy":"post_tag","embeddable":true,"href":"http:\/\/minijets.org\/fr\/wp-json\/wp\/v2\/tags?post=4592"},{"taxonomy":"planes-000-100","embeddable":true,"href":"http:\/\/minijets.org\/fr\/wp-json\/wp\/v2\/planes-000-100?post=4592"}],"curies":[{"name":"wp","href":"https:\/\/api.w.org\/{rel}","templated":true}]}}