{"id":4654,"date":"2021-02-09T19:22:52","date_gmt":"2021-02-09T18:22:52","guid":{"rendered":"http:\/\/tst.minijets.org\/?page_id=4654"},"modified":"2022-10-26T12:32:33","modified_gmt":"2022-10-26T10:32:33","slug":"ms760-paris3","status":"publish","type":"page","link":"http:\/\/minijets.org\/fr\/300-500\/turbomeca-marbore\/ms760-paris3\/","title":{"rendered":"MS-760 Paris III"},"content":{"rendered":"\n<figure class=\"wp-block-image size-full\"><img loading=\"lazy\" decoding=\"async\" width=\"950\" height=\"214\" src=\"https:\/\/minijets.org\/wp-content\/uploads\/2020\/12\/Morane-Saulnier_MS-760_Paris_III_top.jpg\" alt=\"MS-760 Paris III\" class=\"wp-image-603\" srcset=\"https:\/\/minijets.org\/wp-content\/uploads\/2020\/12\/Morane-Saulnier_MS-760_Paris_III_top.jpg 950w, https:\/\/minijets.org\/wp-content\/uploads\/2020\/12\/Morane-Saulnier_MS-760_Paris_III_top-300x68.jpg 300w, https:\/\/minijets.org\/wp-content\/uploads\/2020\/12\/Morane-Saulnier_MS-760_Paris_III_top-768x173.jpg 768w, https:\/\/minijets.org\/wp-content\/uploads\/2020\/12\/Morane-Saulnier_MS-760_Paris_III_top-18x4.jpg 18w\" sizes=\"auto, (max-width: 950px) 100vw, 950px\" \/><\/figure>\n\n\n\n<p>Le\u00a0MS-760 Paris III\u00a0est un bir\u00e9acteur d&#8217;affaires destin\u00e9 aux d\u00e9placements rapides, \u00e9tudi\u00e9 par la SEEMS \u00e0 Tarbes. Il est d\u00e9riv\u00e9 du Paris II dont l&#8217;habitable \u00e0 verri\u00e8re est remplac\u00e9 par une cabine confortable et pressuris\u00e9e \u00e0 5\/6 places avec porte d&#8217;acc\u00e8s lat\u00e9rale. Il a fait son premier vol \u00e0\u00a0<strong>Tarbes le 28 f\u00e9vrier 1964<\/strong>, avec pour \u00e9quipage\u00a0<strong>Lucien Colomes<\/strong>\u00a0pilote et\u00a0<strong>Jean Burolleau<\/strong>, exp\u00e9rimentateur naviguant. Il \u00e9tait \u00e9quipe de turbor\u00e9acteurs <a href=\"https:\/\/minijets.org\/300-500\/turbomeca-marbore\/\" data-type=\"page\" data-id=\"3923\">Turbomeca Marbore VI<\/a>.<\/p>\n\n\n\n<p>La c\u00e9l\u00e8bre soci\u00e9t\u00e9&nbsp;<strong>Morane-Saulnier<\/strong>, cr\u00e9\u00e9e en 1911, a \u00e9t\u00e9 rachet\u00e9e en 1963 par le groupe&nbsp;<strong>Potez<\/strong>. A compter de cette date, et pour toute la p\u00e9riode de transitions pr\u00e9c\u00e9dant son int\u00e9gration dans le groupe Potez, elle prendra le nom de&nbsp;<strong>SEEMS<\/strong>&nbsp;(Soci\u00e9t\u00e9 d&#8217;Exploitation des Etablissement Morane-Saulnier). Les appareils en d\u00e9veloppement ou production \u00e0 cette \u00e9poque \u00e9taient le Rallye et ses d\u00e9riv\u00e9s ainsi que les MS-760 Paris.<\/p>\n\n\n\n<div class=\"wp-block-columns is-layout-flex wp-container-core-columns-is-layout-28f84493 wp-block-columns-is-layout-flex\">\n<div class=\"wp-block-column minijets_table is-layout-flow wp-block-column-is-layout-flow\" style=\"flex-basis:50%\">\n<figure class=\"wp-block-image size-large\"><img loading=\"lazy\" decoding=\"async\" width=\"500\" height=\"188\" src=\"http:\/\/minijets.org\/wp-content\/uploads\/2020\/12\/Morane-Saulnier_MS-760_Paris_III_02.jpg\" alt=\"MS-760 Paris III\" class=\"wp-image-606\" srcset=\"https:\/\/minijets.org\/wp-content\/uploads\/2020\/12\/Morane-Saulnier_MS-760_Paris_III_02.jpg 500w, https:\/\/minijets.org\/wp-content\/uploads\/2020\/12\/Morane-Saulnier_MS-760_Paris_III_02-300x113.jpg 300w, https:\/\/minijets.org\/wp-content\/uploads\/2020\/12\/Morane-Saulnier_MS-760_Paris_III_02-18x7.jpg 18w\" sizes=\"auto, (max-width: 500px) 100vw, 500px\" \/><\/figure>\n\n\n\n<figure class=\"wp-block-image size-large\"><img loading=\"lazy\" decoding=\"async\" width=\"500\" height=\"262\" src=\"http:\/\/minijets.org\/wp-content\/uploads\/2020\/12\/Morane-Saulnier_MS-760_Paris_III_06.jpg\" alt=\"MS-760 Paris III\" class=\"wp-image-609\" srcset=\"https:\/\/minijets.org\/wp-content\/uploads\/2020\/12\/Morane-Saulnier_MS-760_Paris_III_06.jpg 500w, https:\/\/minijets.org\/wp-content\/uploads\/2020\/12\/Morane-Saulnier_MS-760_Paris_III_06-300x157.jpg 300w, https:\/\/minijets.org\/wp-content\/uploads\/2020\/12\/Morane-Saulnier_MS-760_Paris_III_06-18x9.jpg 18w\" sizes=\"auto, (max-width: 500px) 100vw, 500px\" \/><figcaption>Paris 3, the 2 marbore jet engines. Source : Aviation Week, 8 November 1965<\/figcaption><\/figure>\n\n\n\n<figure class=\"wp-block-image size-large\"><img loading=\"lazy\" decoding=\"async\" width=\"500\" height=\"756\" src=\"http:\/\/minijets.org\/wp-content\/uploads\/2020\/12\/Morane-Saulnier_MS-760_Paris_III_P3views.jpg\" alt=\"\" class=\"wp-image-602\" srcset=\"https:\/\/minijets.org\/wp-content\/uploads\/2020\/12\/Morane-Saulnier_MS-760_Paris_III_P3views.jpg 500w, https:\/\/minijets.org\/wp-content\/uploads\/2020\/12\/Morane-Saulnier_MS-760_Paris_III_P3views-198x300.jpg 198w, https:\/\/minijets.org\/wp-content\/uploads\/2020\/12\/Morane-Saulnier_MS-760_Paris_III_P3views-8x12.jpg 8w\" sizes=\"auto, (max-width: 500px) 100vw, 500px\" \/><\/figure>\n\n\n\n<figure class=\"wp-block-image size-large\"><img loading=\"lazy\" decoding=\"async\" width=\"500\" height=\"360\" src=\"http:\/\/minijets.org\/wp-content\/uploads\/2020\/12\/Morane-Saulnier_MS-760_Paris_III_04.jpg\" alt=\"\" class=\"wp-image-605\" srcset=\"https:\/\/minijets.org\/wp-content\/uploads\/2020\/12\/Morane-Saulnier_MS-760_Paris_III_04.jpg 500w, https:\/\/minijets.org\/wp-content\/uploads\/2020\/12\/Morane-Saulnier_MS-760_Paris_III_04-300x216.jpg 300w, https:\/\/minijets.org\/wp-content\/uploads\/2020\/12\/Morane-Saulnier_MS-760_Paris_III_04-18x12.jpg 18w\" sizes=\"auto, (max-width: 500px) 100vw, 500px\" \/><figcaption>Paris 3 speed brakes are on upper and lower wings surface. Source : Aviation week, 8 november 1965<\/figcaption><\/figure>\n\n\n\n<figure class=\"wp-block-image size-large\"><img loading=\"lazy\" decoding=\"async\" width=\"500\" height=\"362\" src=\"http:\/\/minijets.org\/wp-content\/uploads\/2020\/12\/Morane-Saulnier_MS-760_Paris_III_05.jpg\" alt=\"\" class=\"wp-image-357\" srcset=\"https:\/\/minijets.org\/wp-content\/uploads\/2020\/12\/Morane-Saulnier_MS-760_Paris_III_05.jpg 500w, https:\/\/minijets.org\/wp-content\/uploads\/2020\/12\/Morane-Saulnier_MS-760_Paris_III_05-300x217.jpg 300w, https:\/\/minijets.org\/wp-content\/uploads\/2020\/12\/Morane-Saulnier_MS-760_Paris_III_05-18x12.jpg 18w\" sizes=\"auto, (max-width: 500px) 100vw, 500px\" \/><figcaption>Paris 3 door opens to pressurized cabin. Source : Aviation week, 8 november 1965<\/figcaption><\/figure>\n<\/div>\n\n\n\n<div class=\"wp-block-column is-layout-flow wp-block-column-is-layout-flow\" style=\"flex-basis:50%\">\n<h3 class=\"wp-block-heading\">Pr\u00e9sentation du MS-760 Paris III<\/h3>\n\n\n\n<p>La voilure, monoplane et sans fl\u00e8che, est sensiblement m\u00e9diane.<\/p>\n\n\n\n<p>Le fuselage est une coque en deux parties assembl\u00e9es par 6 boulons dans un plan vertical situ\u00e9 au droit du bord de fuite de l&#8217;aile. Le d\u00e9montage de la partie arri\u00e8re donne un acc\u00e8s complet \u00e0 l\u2019installation des r\u00e9acteurs. La partie avant contient les r\u00e9acteurs, le r\u00e9servoir central de carburant, la cabine. Celle-ci, munie d&#8217;un toit fixe, est \u00e9clair\u00e9e par 6 hublots, et \u00e9quip\u00e9e, outre les deux si\u00e8ges pilotes, de 4 fauteuils confortables. Les deux fauteuils arri\u00e8re peuvent se relever s\u00e9par\u00e9ment contre la cloison arri\u00e8re, laissant alors un important volume disponible pour les bagages \u00e0 l&#8217;int\u00e9rieur de la cabine, qui s&#8217;ajoute \u00e0 celui du coffre m\u00e9nag\u00e9 dans la partie arri\u00e8re du fuselage. Une porte de 0,65 m sur 1,16 m, situ\u00e9e dans le flanc gauche du fuselage, permet d &#8216;acc\u00e9der ais\u00e9ment aux diverses places.<\/p>\n\n\n\n<p>L&#8217;ouverture et la fermeture de la porte sont command\u00e9es, avec des s\u00e9curit\u00e9s multiples, par les poign\u00e9es, int\u00e9rieure et ext\u00e9rieure, qui agissent sur une s\u00e9rie de crochets prenant appui sur l&#8217;encadrement de porte et travaillant par arcboutement.<\/p>\n\n\n\n<p>L&#8217;empennage vertical est mono-d\u00e9rive et porte \u00e0 son extr\u00e9mit\u00e9 sup\u00e9rieure l&#8217;empennage horizontal .<\/p>\n\n\n\n<p>L&#8217;atterrisseur est tricycle.<\/p>\n\n\n\n<h3 class=\"wp-block-heading\">AMENAGEMENT<\/h3>\n\n\n\n<p>Le confort a fait l&#8217;objet de soins particuliers, aussi bien en ce qui concerne les si\u00e8ges, que l&#8217;insonorisation, le conditionnement d&#8217;air \u00e0 r\u00e9gulation automatique de temp\u00e9rature de cabine et la pressurisation qui maintient une altitude cabine inf\u00e9rieure \u00e0 8.000 pieds jusqu\u2019\u00e0 une altitude de 30.000 pieds.<\/p>\n\n\n\n<h3 class=\"wp-block-heading\">EQUIPEMENT<\/h3>\n\n\n\n<p>L&#8217;antigivrage des entr\u00e9es d&#8217;air des r\u00e9acteurs est effectu\u00e9 au moyen de gaz pr\u00e9lev\u00e9s sur les tuy\u00e8res et sur les ogives situ\u00e9es \u00e0 l&#8217;avant des r\u00e9acteurs est assur\u00e9 \u00e9lectriquement, la g\u00e9n\u00e9ration \u00e9lectrique \u00e9tant effectu\u00e9e par 2 g\u00e9n\u00e9ratrices.&nbsp;L&#8217;\u00e9quipement radio de l&#8217;avion \u00ab PARIS III \u00bb comprend 2 VHF dont l &#8216;un peut \u00eatre utilis\u00e9 en r\u00e9cepteur VOR-ILS, et un radiocompas.<\/p>\n\n\n\n<p>Le \u00ab PARIS III \u00bb peut recevoir sur demande un pilote automatique, une installation de d\u00e9givrage des bords d&#8217;attaque d&#8217;aile et d&#8217;empennages, ou toute variante d &#8216;\u00e9quipement radio\u00e9lectrique.<\/p>\n<\/div>\n<\/div>\n\n\n\n<h2 class=\"wp-block-heading\">Pr\u00e9servation<\/h2>\n\n\n\n<div class=\"wp-block-columns is-layout-flex wp-container-core-columns-is-layout-28f84493 wp-block-columns-is-layout-flex\">\n<div class=\"wp-block-column is-layout-flow wp-block-column-is-layout-flow\" style=\"flex-basis:25%\">\n<figure class=\"wp-block-image size-large\"><img loading=\"lazy\" decoding=\"async\" width=\"960\" height=\"542\" src=\"http:\/\/minijets.org\/wp-content\/uploads\/2020\/12\/Morane-Saulnier_MS-760_Paris_III_07-e1607887414575.jpg\" alt=\"\" class=\"wp-image-604\" srcset=\"https:\/\/minijets.org\/wp-content\/uploads\/2020\/12\/Morane-Saulnier_MS-760_Paris_III_07-e1607887414575.jpg 960w, https:\/\/minijets.org\/wp-content\/uploads\/2020\/12\/Morane-Saulnier_MS-760_Paris_III_07-e1607887414575-300x169.jpg 300w, https:\/\/minijets.org\/wp-content\/uploads\/2020\/12\/Morane-Saulnier_MS-760_Paris_III_07-e1607887414575-768x434.jpg 768w, https:\/\/minijets.org\/wp-content\/uploads\/2020\/12\/Morane-Saulnier_MS-760_Paris_III_07-e1607887414575-18x10.jpg 18w\" sizes=\"auto, (max-width: 960px) 100vw, 960px\" \/><\/figure>\n<\/div>\n\n\n\n<div class=\"wp-block-column is-layout-flow wp-block-column-is-layout-flow\" style=\"flex-basis:75%\">\n<p>L\u2019association&nbsp;<strong>H\u00e9ritage Avions Morane-Saulnier<\/strong>&nbsp;a r\u00e9ceptionn\u00e9 le 19 septembre 2019 l&#8217;unique bir\u00e9acteur d\u2019affaires MS 760C Paris III, sur le site de DITECH, \u00e0 Lannes (Hautes Pyr\u00e9n\u00e9es).&nbsp; Ce lieu est symbolique car il&nbsp;jouxte les pistes de l\u2018a\u00e9roport o\u00f9 cet avion effectua son premier vol il y a&nbsp;55 ans.<\/p>\n\n\n\n<p>L\u2019arriv\u00e9e de cet avion s\u2019inscrit dans le cadre d\u2019un partenariat entre l\u2019UIMM Occitanie Adour-Pyr\u00e9n\u00e9es, le site DITECH du P\u00f4le Formation Adour et l\u2019association H\u00e9ritage Avions Morane-Saulnier. L\u2019association a ainsi un lieu pour pr\u00e9server une pi\u00e8ce unique du patrimoine a\u00e9ronautique du plus vieil avionneur encore en activit\u00e9 (successivement Morane-Saulnier, SOCATA puis aujourd\u2019hui Daher).<\/p>\n<\/div>\n<\/div>\n\n\n\n<p>Pour le centre d\u2019apprentissage de DITECH, c\u2019est un outil p\u00e9dagogique inestimable qui va permettre aux \u00e9l\u00e8ves de mettre en pratique leurs connaissances au travers du chantier de remise en \u00e9tat de ce jet.<br>Un projet passionnant pour les apprenti(e)s qui auront la chance de participer \u00e0 cette aventure !<\/p>\n\n\n\n<p>Source :&nbsp;&nbsp;<a href=\"https:\/\/www.facebook.com\/plugins\/post.php?href=https%3A%2F%2Fwww.facebook.com%2Fpatrimoine.moranesaulnier%2Fposts%2F2275208962587862&amp;width=500\" target=\"_blank\" rel=\"noreferrer noopener\">H\u00e9ritage Morane-Saulnier<\/a><\/p>\n","protected":false},"excerpt":{"rendered":"<p>Le\u00a0MS-760 Paris III\u00a0est un bir\u00e9acteur d&#8217;affaires destin\u00e9 aux d\u00e9placements rapides, \u00e9tudi\u00e9 par la SEEMS \u00e0 Tarbes. Il est d\u00e9riv\u00e9 du Paris II dont l&#8217;habitable \u00e0 verri\u00e8re est remplac\u00e9 par une cabine confortable et pressuris\u00e9e \u00e0 5\/6 places avec porte d&#8217;acc\u00e8s lat\u00e9rale. Il a fait son premier vol \u00e0\u00a0Tarbes le 28 f\u00e9vrier 1964, avec pour \u00e9quipage\u00a0Lucien [&hellip;]<\/p>\n","protected":false},"author":1,"featured_media":604,"parent":3923,"menu_order":0,"comment_status":"closed","ping_status":"closed","template":"","meta":{"_acf_changed":false,"cybocfi_hide_featured_image":"","footnotes":""},"categories":[20],"tags":[],"planes-000-100":[],"class_list":["post-4654","page","type-page","status-publish","has-post-thumbnail","hentry","category-plane-300-500"],"blocksy_meta":[],"acf":[],"_links":{"self":[{"href":"http:\/\/minijets.org\/fr\/wp-json\/wp\/v2\/pages\/4654","targetHints":{"allow":["GET"]}}],"collection":[{"href":"http:\/\/minijets.org\/fr\/wp-json\/wp\/v2\/pages"}],"about":[{"href":"http:\/\/minijets.org\/fr\/wp-json\/wp\/v2\/types\/page"}],"author":[{"embeddable":true,"href":"http:\/\/minijets.org\/fr\/wp-json\/wp\/v2\/users\/1"}],"replies":[{"embeddable":true,"href":"http:\/\/minijets.org\/fr\/wp-json\/wp\/v2\/comments?post=4654"}],"version-history":[{"count":0,"href":"http:\/\/minijets.org\/fr\/wp-json\/wp\/v2\/pages\/4654\/revisions"}],"up":[{"embeddable":true,"href":"http:\/\/minijets.org\/fr\/wp-json\/wp\/v2\/pages\/3923"}],"wp:featuredmedia":[{"embeddable":true,"href":"http:\/\/minijets.org\/fr\/wp-json\/wp\/v2\/media\/604"}],"wp:attachment":[{"href":"http:\/\/minijets.org\/fr\/wp-json\/wp\/v2\/media?parent=4654"}],"wp:term":[{"taxonomy":"category","embeddable":true,"href":"http:\/\/minijets.org\/fr\/wp-json\/wp\/v2\/categories?post=4654"},{"taxonomy":"post_tag","embeddable":true,"href":"http:\/\/minijets.org\/fr\/wp-json\/wp\/v2\/tags?post=4654"},{"taxonomy":"planes-000-100","embeddable":true,"href":"http:\/\/minijets.org\/fr\/wp-json\/wp\/v2\/planes-000-100?post=4654"}],"curies":[{"name":"wp","href":"https:\/\/api.w.org\/{rel}","templated":true}]}}