{"id":4698,"date":"2021-02-16T17:38:35","date_gmt":"2021-02-16T16:38:35","guid":{"rendered":"http:\/\/tst.minijets.org\/?page_id=4698"},"modified":"2022-10-26T16:08:42","modified_gmt":"2022-10-26T14:08:42","slug":"potez-heinkel-cm-191","status":"publish","type":"page","link":"http:\/\/minijets.org\/fr\/300-500\/turbomeca-marbore\/potez-heinkel-cm-191\/","title":{"rendered":"Potez-Heinkel CM 191"},"content":{"rendered":"\n<p>En coop\u00e9ration avec Potez, et sur la base du Fouga Magister, Heinkel a d\u00e9velopp\u00e9 et construit le\u00a0<strong>Potez-Heinkel CM 191<\/strong>, un avion de liaison et d&#8217;entrainement\u00a0<strong>quadriplace<\/strong>\u00a0\u00e9quip\u00e9 de 2 r\u00e9acteurs\u00a0<strong>Turbomeca <a href=\"https:\/\/minijets.org\/300-500\/turbomeca-marbore\/\" data-type=\"page\" data-id=\"3923\">Marbor\u00e9 VI<\/a><\/strong>.<\/p>\n\n\n\n<figure class=\"wp-block-image aligncenter size-large\"><img loading=\"lazy\" decoding=\"async\" width=\"950\" height=\"306\" src=\"http:\/\/minijets.org\/wp-content\/uploads\/2020\/12\/Potez_Heinkel_CM191_01.jpg\" alt=\"Potez-Heinkel CM 191\" class=\"wp-image-344\" srcset=\"https:\/\/minijets.org\/wp-content\/uploads\/2020\/12\/Potez_Heinkel_CM191_01.jpg 950w, https:\/\/minijets.org\/wp-content\/uploads\/2020\/12\/Potez_Heinkel_CM191_01-300x97.jpg 300w, https:\/\/minijets.org\/wp-content\/uploads\/2020\/12\/Potez_Heinkel_CM191_01-768x247.jpg 768w, https:\/\/minijets.org\/wp-content\/uploads\/2020\/12\/Potez_Heinkel_CM191_01-18x6.jpg 18w\" sizes=\"auto, (max-width: 950px) 100vw, 950px\" \/><figcaption>Potez-Heinkel CM-191 N\u00b01, source : RAF Flying Review 1963<\/figcaption><\/figure>\n\n\n\n<div class=\"wp-block-columns is-layout-flex wp-container-core-columns-is-layout-28f84493 wp-block-columns-is-layout-flex\">\n<div class=\"wp-block-column is-layout-flow wp-block-column-is-layout-flow\" style=\"flex-basis:50%\">\n<figure class=\"wp-block-image size-large\"><img loading=\"lazy\" decoding=\"async\" width=\"500\" height=\"218\" src=\"http:\/\/minijets.org\/wp-content\/uploads\/2021\/02\/Potez_Heinkel_CM191_02.jpg\" alt=\"Potez-Heinkel CM 191\" class=\"wp-image-4118\" srcset=\"https:\/\/minijets.org\/wp-content\/uploads\/2021\/02\/Potez_Heinkel_CM191_02.jpg 500w, https:\/\/minijets.org\/wp-content\/uploads\/2021\/02\/Potez_Heinkel_CM191_02-300x131.jpg 300w, https:\/\/minijets.org\/wp-content\/uploads\/2021\/02\/Potez_Heinkel_CM191_02-18x8.jpg 18w\" sizes=\"auto, (max-width: 500px) 100vw, 500px\" \/><figcaption>Atterrissage du CM-191 lors de son 1er vol le 19 mars 1962 \u00e0 Toulouse avec l&#8217;\u00e9quipage J.Grangette et P.Caneill. Source : Journal les Ailes mars 1962<\/figcaption><\/figure>\n\n\n\n<figure class=\"wp-block-image size-large\"><img loading=\"lazy\" decoding=\"async\" width=\"350\" height=\"177\" src=\"http:\/\/minijets.org\/wp-content\/uploads\/2021\/02\/Potez_Heinkel-CM191_poeple_04.jpg\" alt=\"Potez-Heinkel CM 191\" class=\"wp-image-4115\" srcset=\"https:\/\/minijets.org\/wp-content\/uploads\/2021\/02\/Potez_Heinkel-CM191_poeple_04.jpg 350w, https:\/\/minijets.org\/wp-content\/uploads\/2021\/02\/Potez_Heinkel-CM191_poeple_04-300x152.jpg 300w, https:\/\/minijets.org\/wp-content\/uploads\/2021\/02\/Potez_Heinkel-CM191_poeple_04-18x9.jpg 18w\" sizes=\"auto, (max-width: 350px) 100vw, 350px\" \/><figcaption>L&#8217;\u00e9quipe de support Allemande qui ayant particip\u00e9 \u00e0 la construction de l&#8217;appareil \u00e0 Speyer, \u00e9tait venu mettre celui en \u00e9tat de vol pour les essais en vol \u00e0 Toulouse<\/figcaption><\/figure>\n<\/div>\n\n\n\n<div class=\"wp-block-column minijets_table is-layout-flow wp-block-column-is-layout-flow\" style=\"flex-basis:50%\">\n<p>La premi\u00e8re soci\u00e9t\u00e9&nbsp;<strong>Heinkel<\/strong>, a \u00e9t\u00e9 cr\u00e9\u00e9e par le Dr.&nbsp;<strong>Ernst Heinkel<\/strong>&nbsp;en 1922. Elle sera responsable de la cr\u00e9ation de nombreux avions tr\u00e8s connus, parmi lesquels on trouve le Heinkel 178, premier avion \u00e9quip\u00e9 d&#8217;un turbor\u00e9acteur \u00e0 &nbsp;avoir vol\u00e9 en ao\u00fbt 1939. Elle renaitra dans le milieu des ann\u00e9es 50 pour former, avec la Messerchmitt AG., le&nbsp;<strong>Flugzeug Union-S\u00fcd Group<\/strong>&nbsp;qui sera responsable de la fabrication des 210&nbsp;<strong>Fouga magister<\/strong>&nbsp;destin\u00e9s \u00e0 &nbsp;la nouvelle arm\u00e9e de l&#8217;air Allemande.<\/p>\n\n\n\n<p>Le prototype du bir\u00e9acteur&nbsp;<strong>Potez-Heinkel CM 191<\/strong>&nbsp;a effectu\u00e9 son premier vol \u00e0 &nbsp;Toulouse le&nbsp;<strong>19 mars 1962<\/strong>. Pilot\u00e9 par <strong>Jacques Grangette<\/strong>, l&#8217;avion a d\u00e9coll\u00e9 un peu apr\u00e8s-midi pour un vol de 40 minutes, emportant \u00e9galement l&#8217;ing\u00e9nieur d&#8217;essais Pierre Caneille.<\/p>\n\n\n\n<p>Dans la soir\u00e9e, un second vol de 1h10 permettait l&#8217;\u00e9tablissement de quelques points de performances jusqu&#8217;\u00e0 &nbsp;4500 m d&#8217;altitudes, la v\u00e9rification des qualit\u00e9s de vol jusqu&#8217;\u00e0 &nbsp;une vitesse de 375 km-h et des essais de d\u00e9crochage.<\/p>\n<\/div>\n<\/div>\n\n\n\n<div class=\"wp-block-columns is-layout-flex wp-container-core-columns-is-layout-28f84493 wp-block-columns-is-layout-flex\">\n<div class=\"wp-block-column is-layout-flow wp-block-column-is-layout-flow\">\n<figure class=\"wp-block-image size-large\"><img loading=\"lazy\" decoding=\"async\" width=\"500\" height=\"209\" src=\"http:\/\/minijets.org\/wp-content\/uploads\/2021\/02\/Potez_Heinkel_CM191_03.jpg\" alt=\"Potez-Heinkel CM 191\" class=\"wp-image-4111\" srcset=\"https:\/\/minijets.org\/wp-content\/uploads\/2021\/02\/Potez_Heinkel_CM191_03.jpg 500w, https:\/\/minijets.org\/wp-content\/uploads\/2021\/02\/Potez_Heinkel_CM191_03-300x125.jpg 300w, https:\/\/minijets.org\/wp-content\/uploads\/2021\/02\/Potez_Heinkel_CM191_03-18x8.jpg 18w\" sizes=\"auto, (max-width: 500px) 100vw, 500px\" \/><figcaption>Potez-Heinkel CM191 avant son premier vol. Source : AM 1962<\/figcaption><\/figure>\n<\/div>\n\n\n\n<div class=\"wp-block-column is-layout-flow wp-block-column-is-layout-flow\">\n<figure class=\"wp-block-image size-large\"><img loading=\"lazy\" decoding=\"async\" width=\"500\" height=\"209\" src=\"http:\/\/minijets.org\/wp-content\/uploads\/2021\/02\/Potez_Heinkel_CM191_04.jpg\" alt=\"Potez-Heinkel CM 191\" class=\"wp-image-4122\" srcset=\"https:\/\/minijets.org\/wp-content\/uploads\/2021\/02\/Potez_Heinkel_CM191_04.jpg 500w, https:\/\/minijets.org\/wp-content\/uploads\/2021\/02\/Potez_Heinkel_CM191_04-300x125.jpg 300w, https:\/\/minijets.org\/wp-content\/uploads\/2021\/02\/Potez_Heinkel_CM191_04-18x8.jpg 18w\" sizes=\"auto, (max-width: 500px) 100vw, 500px\" \/><figcaption>Potez-Heinkel CM191 avant son premier vol. Source : AM 1962<\/figcaption><\/figure>\n<\/div>\n<\/div>\n\n\n\n<div class=\"wp-block-columns is-layout-flex wp-container-core-columns-is-layout-28f84493 wp-block-columns-is-layout-flex\">\n<div class=\"wp-block-column is-layout-flow wp-block-column-is-layout-flow\">\n<figure class=\"wp-block-image size-large\"><img loading=\"lazy\" decoding=\"async\" width=\"500\" height=\"414\" src=\"http:\/\/minijets.org\/wp-content\/uploads\/2021\/02\/Potez_Heinkel_CM191_05.jpg\" alt=\"Potez-Heinkel CM 191\" class=\"wp-image-4114\" srcset=\"https:\/\/minijets.org\/wp-content\/uploads\/2021\/02\/Potez_Heinkel_CM191_05.jpg 500w, https:\/\/minijets.org\/wp-content\/uploads\/2021\/02\/Potez_Heinkel_CM191_05-300x248.jpg 300w, https:\/\/minijets.org\/wp-content\/uploads\/2021\/02\/Potez_Heinkel_CM191_05-14x12.jpg 14w\" sizes=\"auto, (max-width: 500px) 100vw, 500px\" \/><figcaption>Pr\u00e9sentation \u00e0 la presse du CM-191, avant son premier vol en 1962. Source : Aviation Magazine 1962<\/figcaption><\/figure>\n<\/div>\n\n\n\n<div class=\"wp-block-column is-layout-flow wp-block-column-is-layout-flow\">\n<figure class=\"wp-block-image size-large\"><img loading=\"lazy\" decoding=\"async\" width=\"500\" height=\"414\" src=\"http:\/\/minijets.org\/wp-content\/uploads\/2021\/02\/Potez_Heinkel_CM191_06.jpg\" alt=\"Potez-Heinkel CM 191\" class=\"wp-image-4117\" srcset=\"https:\/\/minijets.org\/wp-content\/uploads\/2021\/02\/Potez_Heinkel_CM191_06.jpg 500w, https:\/\/minijets.org\/wp-content\/uploads\/2021\/02\/Potez_Heinkel_CM191_06-300x248.jpg 300w, https:\/\/minijets.org\/wp-content\/uploads\/2021\/02\/Potez_Heinkel_CM191_06-14x12.jpg 14w\" sizes=\"auto, (max-width: 500px) 100vw, 500px\" \/><figcaption>Potez-Heinkel CM-191 en vol. Source : Turbomeca<\/figcaption><\/figure>\n<\/div>\n<\/div>\n\n\n\n<div class=\"wp-block-columns is-layout-flex wp-container-core-columns-is-layout-28f84493 wp-block-columns-is-layout-flex\">\n<div class=\"wp-block-column is-layout-flow wp-block-column-is-layout-flow\">\n<figure class=\"wp-block-image size-large\"><img loading=\"lazy\" decoding=\"async\" width=\"500\" height=\"189\" src=\"http:\/\/minijets.org\/wp-content\/uploads\/2021\/02\/Potez_Heinkel_CM191_09.jpg\" alt=\"Potez-Heinkel CM 191\" class=\"wp-image-4124\" srcset=\"https:\/\/minijets.org\/wp-content\/uploads\/2021\/02\/Potez_Heinkel_CM191_09.jpg 500w, https:\/\/minijets.org\/wp-content\/uploads\/2021\/02\/Potez_Heinkel_CM191_09-300x113.jpg 300w, https:\/\/minijets.org\/wp-content\/uploads\/2021\/02\/Potez_Heinkel_CM191_09-18x7.jpg 18w\" sizes=\"auto, (max-width: 500px) 100vw, 500px\" \/><figcaption>Potez-Heinkel CM-191 N\u00b01, lors de sa pr\u00e9sentation de Hanovre en Juin 1962. Source : Interavia 06.1962<\/figcaption><\/figure>\n<\/div>\n\n\n\n<div class=\"wp-block-column is-layout-flow wp-block-column-is-layout-flow\">\n<figure class=\"wp-block-image size-large\"><img loading=\"lazy\" decoding=\"async\" width=\"500\" height=\"225\" src=\"http:\/\/minijets.org\/wp-content\/uploads\/2021\/02\/Potez_Heinkel_CM191_08.jpg\" alt=\"Potez-Heinkel CM 191\" class=\"wp-image-4112\" srcset=\"https:\/\/minijets.org\/wp-content\/uploads\/2021\/02\/Potez_Heinkel_CM191_08.jpg 500w, https:\/\/minijets.org\/wp-content\/uploads\/2021\/02\/Potez_Heinkel_CM191_08-300x135.jpg 300w, https:\/\/minijets.org\/wp-content\/uploads\/2021\/02\/Potez_Heinkel_CM191_08-18x8.jpg 18w\" sizes=\"auto, (max-width: 500px) 100vw, 500px\" \/><figcaption>Potez-Heinkel CM-191 N\u00b01, avril 1962. Source : Interavia 04.1962<\/figcaption><\/figure>\n<\/div>\n<\/div>\n\n\n\n<figure class=\"wp-block-image aligncenter size-large\"><img loading=\"lazy\" decoding=\"async\" width=\"500\" height=\"613\" src=\"http:\/\/minijets.org\/wp-content\/uploads\/2021\/02\/Potez_Heinkel_CM191_P3views.jpg\" alt=\"Potez-Heinkel CM 191, P3 views\" class=\"wp-image-4110\" srcset=\"https:\/\/minijets.org\/wp-content\/uploads\/2021\/02\/Potez_Heinkel_CM191_P3views.jpg 500w, https:\/\/minijets.org\/wp-content\/uploads\/2021\/02\/Potez_Heinkel_CM191_P3views-245x300.jpg 245w, https:\/\/minijets.org\/wp-content\/uploads\/2021\/02\/Potez_Heinkel_CM191_P3views-10x12.jpg 10w\" sizes=\"auto, (max-width: 500px) 100vw, 500px\" \/><\/figure>\n\n\n\n<figure class=\"wp-block-image aligncenter size-large\"><img loading=\"lazy\" decoding=\"async\" width=\"950\" height=\"273\" src=\"http:\/\/minijets.org\/wp-content\/uploads\/2021\/02\/Potez_Heinkel_CM191_10.jpg\" alt=\"Potez-Heinkel CM 191\" class=\"wp-image-4119\" srcset=\"https:\/\/minijets.org\/wp-content\/uploads\/2021\/02\/Potez_Heinkel_CM191_10.jpg 950w, https:\/\/minijets.org\/wp-content\/uploads\/2021\/02\/Potez_Heinkel_CM191_10-300x86.jpg 300w, https:\/\/minijets.org\/wp-content\/uploads\/2021\/02\/Potez_Heinkel_CM191_10-768x221.jpg 768w, https:\/\/minijets.org\/wp-content\/uploads\/2021\/02\/Potez_Heinkel_CM191_10-18x5.jpg 18w\" sizes=\"auto, (max-width: 950px) 100vw, 950px\" \/><figcaption>otez-Heinkel CM191, Quelques jours avant son premier vol. Source : Aviation Magazine, 1962<\/figcaption><\/figure>\n\n\n\n<h2 class=\"wp-block-heading\">Appareils Produits<\/h2>\n\n\n\n<p>Deux prototypes ont \u00e9t\u00e9 construits. Il sont \u00e9t\u00e9 utlis\u00e9es pendant de nombreuses ann\u00e9es comme avions exp\u00e9rimentaux pour tester divers \u00e9quipements ou comme avions de liaison.<\/p>\n\n\n\n<div class=\"wp-block-columns is-layout-flex wp-container-core-columns-is-layout-28f84493 wp-block-columns-is-layout-flex\">\n<div class=\"wp-block-column is-layout-flow wp-block-column-is-layout-flow\">\n<h3 class=\"wp-block-heading\">Potez-Heinkel CM191 N\u00b01<\/h3>\n\n\n\n<p>Cet avion a re\u00e7u une double Immatriculation d\u00e8s l&#8217;origine D-9504 et D-IHAM. Il a effectu\u00e9 son premier vol \u00e0 &nbsp;Toulouse le 19 mars 1962. Apr\u00e8s avoir effectu\u00e9 109 h de vol constructeur il a \u00e9t\u00e9 d\u00e9livr\u00e9 au CEV d&#8217;Istres pour une campagne de tests.<\/p>\n\n\n\n<p>Il a par la suite \u00e9t\u00e9 livr\u00e9 en Allemagne ou il a termin\u00e9 sa carri\u00e8re avec&nbsp;<strong>Erprobungsstelle 61<\/strong>&nbsp;de Manching.<\/p>\n\n\n\n<p>Cet avion est aujourd&#8217;hui enregistr\u00e9 au Etats-Unis, o\u00e0\u00b9 il a chang\u00e9 de propri\u00e9taire en 2008. Il serait bas\u00e9 \u00e0 &nbsp;Elk Grove dans l&#8217;Illinois.<\/p>\n<\/div>\n\n\n\n<div class=\"wp-block-column is-layout-flow wp-block-column-is-layout-flow\">\n<figure class=\"wp-block-image size-large\"><img loading=\"lazy\" decoding=\"async\" width=\"500\" height=\"333\" src=\"http:\/\/minijets.org\/wp-content\/uploads\/2021\/02\/Potez_Heinkel_CM191_11.jpg\" alt=\"Potez-Heinkel CM 191\" class=\"wp-image-4120\" srcset=\"https:\/\/minijets.org\/wp-content\/uploads\/2021\/02\/Potez_Heinkel_CM191_11.jpg 500w, https:\/\/minijets.org\/wp-content\/uploads\/2021\/02\/Potez_Heinkel_CM191_11-300x200.jpg 300w, https:\/\/minijets.org\/wp-content\/uploads\/2021\/02\/Potez_Heinkel_CM191_11-18x12.jpg 18w\" sizes=\"auto, (max-width: 500px) 100vw, 500px\" \/><figcaption>Potez-Heinkel CM191 N\u00b01 &#8211; Source : Collection Philippe Bezard<\/figcaption><\/figure>\n<\/div>\n<\/div>\n\n\n\n<div class=\"wp-block-columns is-layout-flex wp-container-core-columns-is-layout-28f84493 wp-block-columns-is-layout-flex\">\n<div class=\"wp-block-column is-layout-flow wp-block-column-is-layout-flow\">\n<h3 class=\"wp-block-heading\">Potez-Heinkel CM191 N\u00b02<\/h3>\n\n\n\n<p>Cet avion a re\u00e7u l&#8217;Immatriculation D-9532. &nbsp;Il a effectu\u00e9 sa carri\u00e8re avec&nbsp;<strong>Erprobungsstelle 61<\/strong>&nbsp;de Manching.<\/p>\n\n\n\n<p>Cet avion est aujourd&#8217;hui pr\u00e9serv\u00e9 et expos\u00e9 au mus\u00e9e des techniques de Speyer en Allemagne :<\/p>\n\n\n\n<p>Am Technik Museum<\/p>\n\n\n\n<p>D-67346 Speyer<\/p>\n<\/div>\n\n\n\n<div class=\"wp-block-column is-layout-flow wp-block-column-is-layout-flow\">\n<figure class=\"wp-block-image size-large\"><img loading=\"lazy\" decoding=\"async\" width=\"500\" height=\"333\" src=\"http:\/\/minijets.org\/wp-content\/uploads\/2021\/02\/Potez_Heinkel_CM191_12.jpg\" alt=\"Potez-Heinkel CM 191\" class=\"wp-image-4116\" srcset=\"https:\/\/minijets.org\/wp-content\/uploads\/2021\/02\/Potez_Heinkel_CM191_12.jpg 500w, https:\/\/minijets.org\/wp-content\/uploads\/2021\/02\/Potez_Heinkel_CM191_12-300x200.jpg 300w, https:\/\/minijets.org\/wp-content\/uploads\/2021\/02\/Potez_Heinkel_CM191_12-18x12.jpg 18w\" sizes=\"auto, (max-width: 500px) 100vw, 500px\" \/><figcaption>Potez-Heinkel CM-191 N\u00b02 D-9532, Avec la courtoisie de Karsten Palt &#8211; flugzeuginfo.net<\/figcaption><\/figure>\n<\/div>\n<\/div>\n\n\n\n<figure class=\"wp-block-image aligncenter size-large\"><img loading=\"lazy\" decoding=\"async\" width=\"1024\" height=\"437\" src=\"http:\/\/minijets.org\/wp-content\/uploads\/2021\/02\/Potez_Heinkel_CM191_15-1024x437.jpg\" alt=\"Potez-Heinkel CM 191\" class=\"wp-image-4125\" srcset=\"https:\/\/minijets.org\/wp-content\/uploads\/2021\/02\/Potez_Heinkel_CM191_15-1024x437.jpg 1024w, https:\/\/minijets.org\/wp-content\/uploads\/2021\/02\/Potez_Heinkel_CM191_15-300x128.jpg 300w, https:\/\/minijets.org\/wp-content\/uploads\/2021\/02\/Potez_Heinkel_CM191_15-768x328.jpg 768w, https:\/\/minijets.org\/wp-content\/uploads\/2021\/02\/Potez_Heinkel_CM191_15-18x8.jpg 18w, https:\/\/minijets.org\/wp-content\/uploads\/2021\/02\/Potez_Heinkel_CM191_15.jpg 1228w\" sizes=\"auto, (max-width: 1024px) 100vw, 1024px\" \/><figcaption>Potez-Heinkel CM-191during flight at Hanover, May 1962. Source : Aviation Week.<\/figcaption><\/figure>\n","protected":false},"excerpt":{"rendered":"<p>En coop\u00e9ration avec Potez, et sur la base du Fouga Magister, Heinkel a d\u00e9velopp\u00e9 et construit le\u00a0Potez-Heinkel CM 191, un avion de liaison et d&#8217;entrainement\u00a0quadriplace\u00a0\u00e9quip\u00e9 de 2 r\u00e9acteurs\u00a0Turbomeca Marbor\u00e9 VI. La premi\u00e8re soci\u00e9t\u00e9&nbsp;Heinkel, a \u00e9t\u00e9 cr\u00e9\u00e9e par le Dr.&nbsp;Ernst Heinkel&nbsp;en 1922. Elle sera responsable de la cr\u00e9ation de nombreux avions tr\u00e8s connus, parmi lesquels on [&hellip;]<\/p>\n","protected":false},"author":1,"featured_media":4117,"parent":3923,"menu_order":0,"comment_status":"closed","ping_status":"closed","template":"","meta":{"_acf_changed":false,"cybocfi_hide_featured_image":"","footnotes":""},"categories":[20],"tags":[],"planes-000-100":[],"class_list":["post-4698","page","type-page","status-publish","has-post-thumbnail","hentry","category-plane-300-500"],"blocksy_meta":[],"acf":[],"_links":{"self":[{"href":"http:\/\/minijets.org\/fr\/wp-json\/wp\/v2\/pages\/4698","targetHints":{"allow":["GET"]}}],"collection":[{"href":"http:\/\/minijets.org\/fr\/wp-json\/wp\/v2\/pages"}],"about":[{"href":"http:\/\/minijets.org\/fr\/wp-json\/wp\/v2\/types\/page"}],"author":[{"embeddable":true,"href":"http:\/\/minijets.org\/fr\/wp-json\/wp\/v2\/users\/1"}],"replies":[{"embeddable":true,"href":"http:\/\/minijets.org\/fr\/wp-json\/wp\/v2\/comments?post=4698"}],"version-history":[{"count":0,"href":"http:\/\/minijets.org\/fr\/wp-json\/wp\/v2\/pages\/4698\/revisions"}],"up":[{"embeddable":true,"href":"http:\/\/minijets.org\/fr\/wp-json\/wp\/v2\/pages\/3923"}],"wp:featuredmedia":[{"embeddable":true,"href":"http:\/\/minijets.org\/fr\/wp-json\/wp\/v2\/media\/4117"}],"wp:attachment":[{"href":"http:\/\/minijets.org\/fr\/wp-json\/wp\/v2\/media?parent=4698"}],"wp:term":[{"taxonomy":"category","embeddable":true,"href":"http:\/\/minijets.org\/fr\/wp-json\/wp\/v2\/categories?post=4698"},{"taxonomy":"post_tag","embeddable":true,"href":"http:\/\/minijets.org\/fr\/wp-json\/wp\/v2\/tags?post=4698"},{"taxonomy":"planes-000-100","embeddable":true,"href":"http:\/\/minijets.org\/fr\/wp-json\/wp\/v2\/planes-000-100?post=4698"}],"curies":[{"name":"wp","href":"https:\/\/api.w.org\/{rel}","templated":true}]}}