{"id":6297,"date":"2022-08-28T21:51:35","date_gmt":"2022-08-28T19:51:35","guid":{"rendered":"http:\/\/tst.minijets.org\/?page_id=6297"},"modified":"2022-11-05T17:38:05","modified_gmt":"2022-11-05T16:38:05","slug":"icarus-v-gluhareff","status":"publish","type":"page","link":"http:\/\/minijets.org\/fr\/pulse-jets\/gluhareff-pressure-jet\/icarus-v-gluhareff\/","title":{"rendered":"Icarus V Gluhareff"},"content":{"rendered":"\n<div class=\"wp-block-columns is-layout-flex wp-container-core-columns-is-layout-28f84493 wp-block-columns-is-layout-flex\">\n<div class=\"wp-block-column is-layout-flow wp-block-column-is-layout-flow\">\n<figure class=\"wp-block-image size-full\"><img loading=\"lazy\" decoding=\"async\" width=\"800\" height=\"457\" src=\"http:\/\/minijets.org\/wp-content\/uploads\/2022\/08\/Ikarus_V_gluhareff_01.jpg\" alt=\"\" class=\"wp-image-6298\" srcset=\"https:\/\/minijets.org\/wp-content\/uploads\/2022\/08\/Ikarus_V_gluhareff_01.jpg 800w, https:\/\/minijets.org\/wp-content\/uploads\/2022\/08\/Ikarus_V_gluhareff_01-300x171.jpg 300w, https:\/\/minijets.org\/wp-content\/uploads\/2022\/08\/Ikarus_V_gluhareff_01-768x439.jpg 768w, https:\/\/minijets.org\/wp-content\/uploads\/2022\/08\/Ikarus_V_gluhareff_01-18x10.jpg 18w\" sizes=\"auto, (max-width: 800px) 100vw, 800px\" \/><figcaption class=\"wp-element-caption\">carus V Gluhareff. Source : Sport aviation July, 1979<\/figcaption><\/figure>\n<\/div>\n\n\n\n<div class=\"wp-block-column is-layout-flow wp-block-column-is-layout-flow\">\n<p>L&#8217;Icarus V Gluhareff, avec lequel Ted Ancona a particip\u00e9 au Diamond Meet de 1979, pourrait bien \u00eatre le premier avion ultral\u00e9ger \u00e0 r\u00e9action au monde. <\/p>\n\n\n\n<p>Il \u00e9tait propuls\u00e9 par un pulsor\u00e9acteur <a href=\"https:\/\/minijets.org\/pulse-jets\/gluhareff-pressure-jet\/\" data-type=\"page\" data-id=\"6207\">Gulhareff EMG<\/a><\/p>\n\n\n\n<p>Beaucoup de bruit et une situation particuli\u00e8re pour un ULM puisqu&#8217;il consommait un demi-gallon de propane par minute !\u00a0<\/p>\n\n\n\n<p>Ted a ensuite retir\u00e9 le pulsor\u00e9acteur et a r\u00e9install\u00e9 son ensemble moteur\/propulseur normal.<\/p>\n<\/div>\n<\/div>\n","protected":false},"excerpt":{"rendered":"<p>L&#8217;Icarus V Gluhareff, avec lequel Ted Ancona a particip\u00e9 au Diamond Meet de 1979, pourrait bien \u00eatre le premier avion ultral\u00e9ger \u00e0 r\u00e9action au monde. Il \u00e9tait propuls\u00e9 par un pulsor\u00e9acteur Gulhareff EMG Beaucoup de bruit et une situation particuli\u00e8re pour un ULM puisqu&#8217;il consommait un demi-gallon de propane par minute !\u00a0 Ted a ensuite [&hellip;]<\/p>\n","protected":false},"author":1,"featured_media":6298,"parent":6207,"menu_order":0,"comment_status":"closed","ping_status":"closed","template":"","meta":{"_acf_changed":false,"cybocfi_hide_featured_image":"","footnotes":""},"categories":[25],"tags":[],"planes-000-100":[],"class_list":["post-6297","page","type-page","status-publish","has-post-thumbnail","hentry","category-pulse-jet"],"blocksy_meta":[],"acf":[],"_links":{"self":[{"href":"http:\/\/minijets.org\/fr\/wp-json\/wp\/v2\/pages\/6297","targetHints":{"allow":["GET"]}}],"collection":[{"href":"http:\/\/minijets.org\/fr\/wp-json\/wp\/v2\/pages"}],"about":[{"href":"http:\/\/minijets.org\/fr\/wp-json\/wp\/v2\/types\/page"}],"author":[{"embeddable":true,"href":"http:\/\/minijets.org\/fr\/wp-json\/wp\/v2\/users\/1"}],"replies":[{"embeddable":true,"href":"http:\/\/minijets.org\/fr\/wp-json\/wp\/v2\/comments?post=6297"}],"version-history":[{"count":0,"href":"http:\/\/minijets.org\/fr\/wp-json\/wp\/v2\/pages\/6297\/revisions"}],"up":[{"embeddable":true,"href":"http:\/\/minijets.org\/fr\/wp-json\/wp\/v2\/pages\/6207"}],"wp:featuredmedia":[{"embeddable":true,"href":"http:\/\/minijets.org\/fr\/wp-json\/wp\/v2\/media\/6298"}],"wp:attachment":[{"href":"http:\/\/minijets.org\/fr\/wp-json\/wp\/v2\/media?parent=6297"}],"wp:term":[{"taxonomy":"category","embeddable":true,"href":"http:\/\/minijets.org\/fr\/wp-json\/wp\/v2\/categories?post=6297"},{"taxonomy":"post_tag","embeddable":true,"href":"http:\/\/minijets.org\/fr\/wp-json\/wp\/v2\/tags?post=6297"},{"taxonomy":"planes-000-100","embeddable":true,"href":"http:\/\/minijets.org\/fr\/wp-json\/wp\/v2\/planes-000-100?post=6297"}],"curies":[{"name":"wp","href":"https:\/\/api.w.org\/{rel}","templated":true}]}}