{"id":6355,"date":"2022-08-29T18:06:21","date_gmt":"2022-08-29T16:06:21","guid":{"rendered":"http:\/\/tst.minijets.org\/?page_id=6355"},"modified":"2022-11-09T13:00:22","modified_gmt":"2022-11-09T12:00:22","slug":"sdz-9-bocian-puls","status":"publish","type":"page","link":"http:\/\/minijets.org\/fr\/pulse-jets\/wojcicki-pulsejet\/sdz-9-bocian-puls\/","title":{"rendered":"SDZ-9 Bocian Puls"},"content":{"rendered":"\n<p>Le Bocian Puls est un planeur Bocian transform\u00e9 en banc d&#8217;essai volant par ajout de 2 groupes de 2 Pulso-r\u00e9acteur Wojcicki. L&#8217;adaptation sur le Bocian a \u00e9t\u00e9 con\u00e7ue par&nbsp;<strong>Justin Sandauer<\/strong><\/p>\n\n\n\n<p><\/p>\n\n\n\n<figure class=\"wp-block-image size-full\"><img loading=\"lazy\" decoding=\"async\" width=\"1000\" height=\"312\" src=\"http:\/\/minijets.org\/wp-content\/uploads\/2022\/08\/SZD-09_Bocian_Puls_01.jpg\" alt=\"Bocian Puls\" class=\"wp-image-6178\" srcset=\"https:\/\/minijets.org\/wp-content\/uploads\/2022\/08\/SZD-09_Bocian_Puls_01.jpg 1000w, https:\/\/minijets.org\/wp-content\/uploads\/2022\/08\/SZD-09_Bocian_Puls_01-300x94.jpg 300w, https:\/\/minijets.org\/wp-content\/uploads\/2022\/08\/SZD-09_Bocian_Puls_01-768x240.jpg 768w, https:\/\/minijets.org\/wp-content\/uploads\/2022\/08\/SZD-09_Bocian_Puls_01-18x6.jpg 18w\" sizes=\"auto, (max-width: 1000px) 100vw, 1000px\" \/><figcaption class=\"wp-element-caption\"><em>Bocian \u00e9quip\u00e9 de ses Pulso-r\u00e9acteurs Wojcicki<\/em><\/figcaption><\/figure>\n\n\n\n<div class=\"wp-block-columns is-layout-flex wp-container-core-columns-is-layout-28f84493 wp-block-columns-is-layout-flex\">\n<div class=\"wp-block-column is-layout-flow wp-block-column-is-layout-flow\">\n<figure class=\"wp-block-image size-full\"><img loading=\"lazy\" decoding=\"async\" width=\"500\" height=\"260\" src=\"http:\/\/minijets.org\/wp-content\/uploads\/2022\/08\/SZD-09_bocian_puls_03.jpg\" alt=\"\" class=\"wp-image-6180\" srcset=\"https:\/\/minijets.org\/wp-content\/uploads\/2022\/08\/SZD-09_bocian_puls_03.jpg 500w, https:\/\/minijets.org\/wp-content\/uploads\/2022\/08\/SZD-09_bocian_puls_03-300x156.jpg 300w, https:\/\/minijets.org\/wp-content\/uploads\/2022\/08\/SZD-09_bocian_puls_03-18x9.jpg 18w\" sizes=\"auto, (max-width: 500px) 100vw, 500px\" \/><\/figure>\n\n\n\n<p>Apr\u00e8s que S. W\u00f3jcicki. ait test\u00e9 ses pulsor\u00e9acteurs en atelier, il lui fallait proc\u00e9der \u00e0 des essais sur un banc volant. L\u2019institut d\u2019aviation a mis \u00e0 disposition le deuxi\u00e8me prototype du SDZ-9, le SP-1218.<\/p>\n\n\n\n<p>La conception et l\u2019installation des 4 moteurs a \u00e9t\u00e9 confi\u00e9e \u00e0 Justyn. Les travaux en atelier ont \u00e9t\u00e9 effectu\u00e9s de d\u00e9cembre 1955 \u00e0 juin 1956. Les modifications ont consist\u00e9 \u00e0 adapter les ailes pour monter les moteurs. Les longerons ont \u00e9t\u00e9 renforc\u00e9es et les a\u00e9rofreins ont \u00e9t\u00e9 immobilis\u00e9s afin qu\u2019ils n\u2019entre pas en &nbsp;collision avec les moteurs. Une isolation thermique m\u00e9tallique multicouche a \u00e9t\u00e9 utilis\u00e9e sur l\u2019intrados. L&#8217;arri\u00e8re du fuselage et la queue \u00e9tait recouvert d&#8217;un vernis ininflammable.<\/p>\n\n\n\n<p>Sous les ailes, les supports de moteur sont soud\u00e9s \u00e0 partir de tuyaux en acier termin\u00e9s par le bas avec des colliers de serrage pour prot\u00e9ger les moteurs du contact avec le sol.<\/p>\n\n\n\n<p>Les r\u00e9servoirs de carburant ont \u00e9t\u00e9 plac\u00e9s dans l\u2019aile droite et dans la gauche une bombonne \u00e0 air comprim\u00e9 pour d\u00e9marrer les moteurs. Les autres agr\u00e9gats ont \u00e9t\u00e9 plac\u00e9s \u00e0 l\u2019 arri\u00e8re. Apr\u00e8s modifications, le poids \u00e0 vide du planeur a augment\u00e9 de 115,5 kg.<\/p>\n<\/div>\n\n\n\n<div class=\"wp-block-column is-layout-flow wp-block-column-is-layout-flow\">\n<div class=\"wp-block-getwid-table\"><table><tbody><tr><td style=\"color:#ffffff;background-color:#0693e3\"><strong>Caract\u00e9ristiques<\/strong>&nbsp;<\/td><td style=\"background-color:#0693e3\"><\/td><\/tr><tr><td>Constructeur<\/td><td>PZL?<\/td><\/tr><tr><td>Concepteurs<\/td><td>Marian Wasilewski<\/td><\/tr><tr><td><\/td><td>Roman Zatwarnicki<\/td><\/tr><tr><td><\/td><td>Justyn Sandauer<\/td><\/tr><tr><td>Type<\/td><td>Motoplaneur \u00e0 r\u00e9action<\/td><\/tr><tr><td>1er vol<\/td><td>1956<\/td><\/tr><tr><td>Nb. construits<\/td><td>1<\/td><\/tr><tr><td>Equipage<\/td><td>2<\/td><\/tr><tr><td><strong>Motorisation<\/strong><\/td><td><\/td><\/tr><tr><td>Moteur<\/td><td>W\u00f3jcicki<\/td><\/tr><tr><td>Nombre<\/td><td>4<\/td><\/tr><tr><td>Type<\/td><td>Pulsor\u00e9acteur<\/td><\/tr><tr><td>Pouss\u00e9e unitaire<\/td><td>10kg<\/td><\/tr><tr><td><strong>Dimensions<\/strong><\/td><td><\/td><\/tr><tr><td>Envergure<\/td><td>18 m<\/td><\/tr><tr><td>Longueur<\/td><td>8 m<\/td><\/tr><tr><td>Surface alaire<\/td><td>20 m\u00b2<\/td><\/tr><tr><td>Allongement<\/td><td>16.2<\/td><\/tr><tr><td><strong>Masses<\/strong><\/td><td><\/td><\/tr><tr><td>A vide<\/td><td>330 kg<\/td><\/tr><tr><td>Pleine charge&nbsp;<\/td><td>500 kg<\/td><\/tr><tr><td>Avec moteur<\/td><td>612 kg<\/td><\/tr><tr><td>Charge alaire<\/td><td>25.8 kg\/m\u00b2<\/td><\/tr><tr><td><strong>Performances<\/strong><\/td><td><\/td><\/tr><tr><td>Vitesse max<\/td><td>200 km\/h<\/td><\/tr><tr><td>Taux de chute<\/td><td>0.82 m\/s<\/td><\/tr><tr><td>Tx de mont\u00e9 avec moteurs<\/td><td>-0.33 m\/s<\/td><\/tr><tr><td>Finesse<\/td><td>26<\/td><\/tr><tr><td>Finesse avec moteur<\/td><td>20<\/td><\/tr><\/tbody><\/table><\/div>\n<\/div>\n<\/div>\n\n\n\n<div class=\"wp-block-columns is-layout-flex wp-container-core-columns-is-layout-28f84493 wp-block-columns-is-layout-flex\">\n<div class=\"wp-block-column is-layout-flow wp-block-column-is-layout-flow\">\n<figure class=\"wp-block-image size-full\"><img loading=\"lazy\" decoding=\"async\" width=\"800\" height=\"707\" src=\"http:\/\/minijets.org\/wp-content\/uploads\/2022\/08\/SZD-09_Bocian_Puls_02.jpg\" alt=\"\" class=\"wp-image-6179\" srcset=\"https:\/\/minijets.org\/wp-content\/uploads\/2022\/08\/SZD-09_Bocian_Puls_02.jpg 800w, https:\/\/minijets.org\/wp-content\/uploads\/2022\/08\/SZD-09_Bocian_Puls_02-300x265.jpg 300w, https:\/\/minijets.org\/wp-content\/uploads\/2022\/08\/SZD-09_Bocian_Puls_02-768x679.jpg 768w, https:\/\/minijets.org\/wp-content\/uploads\/2022\/08\/SZD-09_Bocian_Puls_02-14x12.jpg 14w\" sizes=\"auto, (max-width: 800px) 100vw, 800px\" \/><figcaption class=\"wp-element-caption\">Glider Bocian [Stork] in powered flight, propelled by four port pulsejet engines (photograph from the advertising brochure World Glider Champions at Lesznie Wlkp).<\/figcaption><\/figure>\n<\/div>\n\n\n\n<div class=\"wp-block-column is-layout-flow wp-block-column-is-layout-flow\">\n<p>Le premier vol d\u2019essai avec allumage des moteurs a eu lieu d\u00e9but 1956. Le pilote \u00e9tait&nbsp;<strong>S\u0142awek Makaruk<\/strong>&nbsp;et&nbsp;<strong>Justyn Sandauer<\/strong>&nbsp;l\u2019assistait comme observateur et m\u00e9canicien de vol charg\u00e9 des moteurs. Le d\u00e9collage s\u2019est fait depuis Okecie \u00e0 l\u2019aide d\u2019un Cessna UC-87 &#8220;Bobcat&#8221; de l\u2019Institut utilis\u00e9 comme remorqueur. Le remorqueur larga le Bocian Puls au-desse de l&#8217;Aero Club de Goc\u0142aw.<\/p>\n\n\n\n<p>Il \u00e9tait pr\u00e9vu que le retour s\u2019effectuerait vers Okecie \u00e0 l\u2019aide des moteurs. Ceux-ci ont \u00e9t\u00e9 mis en marche provoquant un bruit incroyable emp\u00eachant toute communication. Les mesures ont commenc\u00e9 et il est apparu que la pouss\u00e9e totale obtenue par les &#8220;jets&#8221; \u00e9tait totalement inad\u00e9quate au bruit qu&#8217;elle produisait, et qu\u2019elle ne donnait pas les 40 kg de pouss\u00e9e net attendue, et ne d\u00e9passait m\u00eame pas 25 kg. Cela signifiait qu&#8217;il n&#8217;y avait pas de vol horizontal, encore moins de mont\u00e9e. De ce fait, l\u2019appareil s\u2019est retrouv\u00e9 \u00e0 Goc\u0142aw, terminant ainsi son premier vol.<\/p>\n<\/div>\n<\/div>\n\n\n\n<div class=\"wp-block-columns is-layout-flex wp-container-core-columns-is-layout-28f84493 wp-block-columns-is-layout-flex\">\n<div class=\"wp-block-column is-layout-flow wp-block-column-is-layout-flow\">\n<figure class=\"wp-block-image size-full\"><img loading=\"lazy\" decoding=\"async\" width=\"500\" height=\"253\" src=\"http:\/\/minijets.org\/wp-content\/uploads\/2022\/08\/SZD-09_bocian_puls_04.jpg\" alt=\"\" class=\"wp-image-6174\" srcset=\"https:\/\/minijets.org\/wp-content\/uploads\/2022\/08\/SZD-09_bocian_puls_04.jpg 500w, https:\/\/minijets.org\/wp-content\/uploads\/2022\/08\/SZD-09_bocian_puls_04-300x152.jpg 300w, https:\/\/minijets.org\/wp-content\/uploads\/2022\/08\/SZD-09_bocian_puls_04-18x9.jpg 18w\" sizes=\"auto, (max-width: 500px) 100vw, 500px\" \/><\/figure>\n<\/div>\n\n\n\n<div class=\"wp-block-column is-layout-flow wp-block-column-is-layout-flow\">\n<p>Au total, 15 vols ont \u00e9t\u00e9 effectu\u00e9s en 11 heures et demie au total. <\/p>\n\n\n\n<p>Il a \u00e9t\u00e9 d\u00e9cid\u00e9 de mettre fin au programme en reconnaissant que ce type de propulsion \u00e9tait g\u00eanante, inefficace et non rentable.<\/p>\n<\/div>\n<\/div>\n","protected":false},"excerpt":{"rendered":"<p>Le Bocian Puls est un planeur Bocian transform\u00e9 en banc d&#8217;essai volant par ajout de 2 groupes de 2 Pulso-r\u00e9acteur Wojcicki. L&#8217;adaptation sur le Bocian a \u00e9t\u00e9 con\u00e7ue par&nbsp;Justin Sandauer Apr\u00e8s que S. W\u00f3jcicki. ait test\u00e9 ses pulsor\u00e9acteurs en atelier, il lui fallait proc\u00e9der \u00e0 des essais sur un banc volant. L\u2019institut d\u2019aviation a mis [&hellip;]<\/p>\n","protected":false},"author":1,"featured_media":6176,"parent":6352,"menu_order":0,"comment_status":"closed","ping_status":"closed","template":"","meta":{"_acf_changed":false,"cybocfi_hide_featured_image":"","footnotes":""},"categories":[25],"tags":[],"planes-000-100":[],"class_list":["post-6355","page","type-page","status-publish","has-post-thumbnail","hentry","category-pulse-jet"],"blocksy_meta":[],"acf":[],"_links":{"self":[{"href":"http:\/\/minijets.org\/fr\/wp-json\/wp\/v2\/pages\/6355","targetHints":{"allow":["GET"]}}],"collection":[{"href":"http:\/\/minijets.org\/fr\/wp-json\/wp\/v2\/pages"}],"about":[{"href":"http:\/\/minijets.org\/fr\/wp-json\/wp\/v2\/types\/page"}],"author":[{"embeddable":true,"href":"http:\/\/minijets.org\/fr\/wp-json\/wp\/v2\/users\/1"}],"replies":[{"embeddable":true,"href":"http:\/\/minijets.org\/fr\/wp-json\/wp\/v2\/comments?post=6355"}],"version-history":[{"count":0,"href":"http:\/\/minijets.org\/fr\/wp-json\/wp\/v2\/pages\/6355\/revisions"}],"up":[{"embeddable":true,"href":"http:\/\/minijets.org\/fr\/wp-json\/wp\/v2\/pages\/6352"}],"wp:featuredmedia":[{"embeddable":true,"href":"http:\/\/minijets.org\/fr\/wp-json\/wp\/v2\/media\/6176"}],"wp:attachment":[{"href":"http:\/\/minijets.org\/fr\/wp-json\/wp\/v2\/media?parent=6355"}],"wp:term":[{"taxonomy":"category","embeddable":true,"href":"http:\/\/minijets.org\/fr\/wp-json\/wp\/v2\/categories?post=6355"},{"taxonomy":"post_tag","embeddable":true,"href":"http:\/\/minijets.org\/fr\/wp-json\/wp\/v2\/tags?post=6355"},{"taxonomy":"planes-000-100","embeddable":true,"href":"http:\/\/minijets.org\/fr\/wp-json\/wp\/v2\/planes-000-100?post=6355"}],"curies":[{"name":"wp","href":"https:\/\/api.w.org\/{rel}","templated":true}]}}