{"id":8,"date":"2020-12-10T16:46:21","date_gmt":"2020-12-10T15:46:21","guid":{"rendered":"http:\/\/tst.minijets.org\/?page_id=8"},"modified":"2026-04-29T17:31:25","modified_gmt":"2026-04-29T15:31:25","slug":"minijets-jetengine-microjet","status":"publish","type":"page","link":"http:\/\/minijets.org\/fr\/","title":{"rendered":"Minijets : Le site des passionn\u00e9s de l&#8217;aviation l\u00e9g\u00e8re \u00e0 r\u00e9action"},"content":{"rendered":"\n<h2 class=\"wp-block-heading\">Bienvenue sur Minijets<\/h2>\n\n\n\n<p>Minijets.org est un site d\u00e9di\u00e9 \u00e0 la documentation et \u00e0 l&#8217;histoire des mini-avions \u00e0 r\u00e9action. Notre objectif principal est de partager des informations historiques, techniques, et passionnantes autour de ces appareils uniques, en mettant en lumi\u00e8re les acteurs et les innovations qui ont marqu\u00e9 cette aventure a\u00e9ronautique. Ce site est avant tout un espace de d\u00e9couverte et de transmission de savoir, et non une plateforme commerciale. Nous vous invitons \u00e0 explorer nos contenus et \u00e0 contribuer \u00e0 l&#8217;enrichissement de cette documentation si vous le souhaitez.<\/p>\n\n\n\n<div class=\"mj-catalogue\">\n  <a href=\"https:\/\/minijets.org\/fr\/0-100\/\" class=\"mj-card\">\n    <div class=\"mj-card-img\">\n      <img decoding=\"async\" src=\"https:\/\/minijets.org\/wp-content\/uploads\/2020\/12\/Cricri_Jet_VH-ZSE_03.jpg\" alt=\"0 \u00e0 100 N\">\n    <\/div>\n    <div class=\"mj-card-body\">\n      <span class=\"mj-badge\">Classe 1<\/span>\n      <div class=\"mj-card-title\">0 \u00e0 100 N<\/div>\n      <div class=\"mj-card-sub\">Micror\u00e9acteurs<\/div>\n      <div class=\"mj-card-count\">18 moteurs \u00b7 34 avions<\/div>\n    <\/div>\n  <\/a>\n  <a href=\"https:\/\/minijets.org\/fr\/100-150\/\" class=\"mj-card\">\n    <div class=\"mj-card-img\">\n      <img decoding=\"async\" src=\"https:\/\/minijets.org\/wp-content\/uploads\/2020\/12\/Bede_BD5J-03.jpg\" alt=\"100 \u00e0 150 N\">\n    <\/div>\n    <div class=\"mj-card-body\">\n      <span class=\"mj-badge\">Classe 2<\/span>\n      <div class=\"mj-card-title\">100 \u00e0 150 N<\/div>\n      <div class=\"mj-card-sub\">Petits r\u00e9acteurs<\/div>\n      <div class=\"mj-card-count\">8 moteurs \u00b7 36 avions<\/div>\n    <\/div>\n  <\/a>\n  <a href=\"https:\/\/minijets.org\/fr\/150-300\/\" class=\"mj-card\">\n    <div class=\"mj-card-img\">\n      <img decoding=\"async\" src=\"https:\/\/minijets.org\/wp-content\/uploads\/2021\/01\/SIPA_200_minijet_sn7-03.jpg\" alt=\"150 \u00e0 300 N\">\n    <\/div>\n    <div class=\"mj-card-body\">\n      <span class=\"mj-badge\">Classe 3<\/span>\n      <div class=\"mj-card-title\">150 \u00e0 300 N<\/div>\n      <div class=\"mj-card-sub\">R\u00e9acteurs l\u00e9gers<\/div>\n      <div class=\"mj-card-count\">8 moteurs \u00b7 29 avions<\/div>\n    <\/div>\n  <\/a>\n  <a href=\"https:\/\/minijets.org\/fr\/300-500\/\" class=\"mj-card\">\n    <div class=\"mj-card-img\">\n      <img decoding=\"async\" src=\"https:\/\/minijets.org\/wp-content\/uploads\/2021\/02\/Temco_TT1_Pinto_07b.jpg\" alt=\"300 \u00e0 500 N\">\n    <\/div>\n    <div class=\"mj-card-body\">\n      <span class=\"mj-badge\">Classe 4<\/span>\n      <div class=\"mj-card-title\">300 \u00e0 500 N<\/div>\n      <div class=\"mj-card-sub\">Moyenne puissance<\/div>\n      <div class=\"mj-card-count\">15 moteurs \u00b7 60 avions<\/div>\n    <\/div>\n  <\/a>\n<\/div>\n\n\n\n<div class=\"wp-block-columns home-description is-layout-flex wp-container-core-columns-is-layout-28f84493 wp-block-columns-is-layout-flex\">\n<div class=\"wp-block-column is-layout-flow wp-block-column-is-layout-flow\">\n<h3 class=\"wp-block-heading home-title has-medium-font-size\">Gen\u00e8se du site<\/h3>\n\n\n\n<p>Nos recherches ont d\u00e9but\u00e9 en 1990, et en 2001, nous avons commenc\u00e9 \u00e0 partager nos d\u00e9couvertes en ligne. Le site Minijets a vu le jour en 2003. Bien que toujours en \u00e9volution, il se distingue par son ambition de devenir une r\u00e9f\u00e9rence, m\u00eame s&#8217;il n&#8217;atteindra peut-\u00eatre jamais l&#8217;exhaustivit\u00e9. Toutefois, il peut grandement s&#8217;enrichir gr\u00e2ce \u00e0 vos contributions. Si vous remarquez des erreurs, des impr\u00e9cisions, ou si vous d\u00e9tenez des informations, anecdotes, ou photos pertinentes, n&#8217;h\u00e9sitez pas \u00e0 <a href=\"https:\/\/minijets.org\/contact\/\" data-type=\"page\" data-id=\"6578\">nous contacter<\/a>. Ensemble, nous pouvons rendre ce projet encore plus complet.<\/p>\n<\/div>\n\n\n\n<div class=\"wp-block-column is-layout-flow wp-block-column-is-layout-flow\">\n<h3 class=\"wp-block-heading home-title has-medium-font-size\">Une passion<\/h3>\n\n\n\n<p>Lorsque la passion vous anime, elle s&#8217;accompagne souvent d&#8217;un d\u00e9sir profond de partage. C&#8217;est exactement ce que nous ressentons pour ces mini-avions \u00e0 r\u00e9action. Apr\u00e8s un lancement prometteur en 1949, cette innovation fran\u00e7aise, port\u00e9e par les soci\u00e9t\u00e9s Fouga et Turbom\u00e9ca, s&#8217;est peu \u00e0 peu effac\u00e9e face aux exigences de rentabilit\u00e9. Dans les ann\u00e9es 50, nos pr\u00e9d\u00e9cesseurs, pilotes, r\u00eavaient de &#8220;minijets&#8221; dans les a\u00e9roclubs. Aujourd&#8217;hui, ces r\u00eaves se tournent davantage vers l&#8217;ULM.<\/p>\n<\/div>\n\n\n\n<div class=\"wp-block-column is-layout-flow wp-block-column-is-layout-flow\">\n<h3 class=\"wp-block-heading has-medium-font-size\"> Classification<\/h3>\n\n\n\n<p>Si le terme <strong>Minijet<\/strong> a \u00e9t\u00e9 utilis\u00e9 pour la premi\u00e8re fois en 1950 (pour d\u00e9signer commercialement le <a href=\"https:\/\/minijets.org\/150-300\/turbomeca-palas\/sipa-200-minijet\/\" data-type=\"page\" data-id=\"3165\">SIPA 200<\/a>), notre intention lors de la cr\u00e9ation de ce site \u00e9tait de l&#8217;employer pour pr\u00e9senter des avions \u00e9quip\u00e9s de r\u00e9acteurs de faible puissance.<\/p>\n\n\n\n<p>Nous n&#8217;avions pas pour ambition de proposer une classification bas\u00e9e sur la pouss\u00e9e des moteurs. Celle que nous utilisons ici a \u00e9t\u00e9 choisie pour des raisons de simplicit\u00e9 et de pr\u00e9sentation sur le sit<\/p>\n<\/div>\n<\/div>\n\n\n\n<hr class=\"wp-block-separator has-alpha-channel-opacity\"\/>\n\n\n\n<h2 class=\"wp-block-heading\">Autour de l\u2019univers des minijets<\/h2>\n\n\n\n<p>Au-del\u00e0 des quatre classes de r\u00e9acteurs, Minijets propose d\u2019explorer les autres dimensions de cette aventure a\u00e9ronautique : les hommes qui l\u2019ont port\u00e9e, ainsi que les technologies alternatives qui ont ouvert d\u2019autres voies.<\/p>\n\n\n\n<div class=\"wp-block-columns is-layout-flex wp-container-core-columns-is-layout-28f84493 wp-block-columns-is-layout-flex\">\n<div class=\"wp-block-column is-layout-flow wp-block-column-is-layout-flow\"><div class=\"lazyblock-carte-minijet-Z1X4N2z wp-block-lazyblock-carte-minijet\"><a href=\"https:\/\/minijets.org\/fr\/aventure-humaine\/\" class=\"mj-card\">\n  <div class=\"mj-card-img\">\n    <img decoding=\"async\" src=\"https:\/\/minijets.org\/wp-content\/uploads\/2024\/11\/Aventure-humaine-des-minijets.webp\" alt=\"L'Aventure Humaine\">\n  <\/div>\n  <div class=\"mj-card-body\">\n    <span class=\"mj-badge\">Explorer<\/span>\n    <div class=\"mj-card-title\">L&#8217;Aventure Humaine<\/div>\n    <div class=\"mj-card-sub\">Pilotes, concepteurs et acteurs qui ont fa\u00e7onn\u00e9 les minijets<\/div>\n  <\/div>\n<\/a><\/div><\/div>\n\n\n\n<div class=\"wp-block-column is-layout-flow wp-block-column-is-layout-flow\"><div class=\"lazyblock-carte-minijet-Z28VsXH wp-block-lazyblock-carte-minijet\"><a href=\"\" class=\"mj-card\">\n  <div class=\"mj-card-img\">\n    <img decoding=\"async\" src=\"https:\/\/minijets.org\/wp-content\/uploads\/2022\/08\/Eugene-Gluhareff.jpg\" alt=\"Pulsor\u00e9acteurs\">\n  <\/div>\n  <div class=\"mj-card-body\">\n    <span class=\"mj-badge\">Explorer<\/span>\n    <div class=\"mj-card-title\">Pulsor\u00e9acteurs<\/div>\n    <div class=\"mj-card-sub\">Une technologie simple et radicale, aux origines du jet l\u00e9ger<\/div>\n  <\/div>\n<\/a><\/div><\/div>\n\n\n\n<div class=\"wp-block-column is-layout-flow wp-block-column-is-layout-flow\"><div class=\"lazyblock-carte-minijet-Zu0KNc wp-block-lazyblock-carte-minijet\"><a href=\"\" class=\"mj-card\">\n  <div class=\"mj-card-img\">\n    <img decoding=\"async\" src=\"https:\/\/minijets.org\/wp-content\/uploads\/2022\/08\/L-39_Albi_02.jpg\" alt=\"Ducted Fans\">\n  <\/div>\n  <div class=\"mj-card-body\">\n    <span class=\"mj-badge\">Explorer<\/span>\n    <div class=\"mj-card-title\">Ducted Fans<\/div>\n    <div class=\"mj-card-sub\">Une alternative moderne entre h\u00e9lice et r\u00e9acteur<\/div>\n  <\/div>\n<\/a><\/div><\/div>\n<\/div>\n","protected":false},"excerpt":{"rendered":"<p>Bienvenue sur Minijets Minijets.org est un site d\u00e9di\u00e9 \u00e0 la documentation et \u00e0 l&#8217;histoire des mini-avions \u00e0 r\u00e9action. Notre objectif principal est de partager des informations historiques, techniques, et passionnantes autour de ces appareils uniques, en mettant en lumi\u00e8re les acteurs et les innovations qui ont marqu\u00e9 cette aventure a\u00e9ronautique. Ce site est avant tout [&hellip;]<\/p>\n","protected":false},"author":1,"featured_media":0,"parent":0,"menu_order":0,"comment_status":"closed","ping_status":"closed","template":"","meta":{"_acf_changed":false,"cybocfi_hide_featured_image":"","footnotes":""},"categories":[],"tags":[],"planes-000-100":[],"class_list":["post-8","page","type-page","status-publish","hentry"],"blocksy_meta":{"page_structure_type":"type-3","styles_descriptor":{"styles":{"desktop":"","tablet":"","mobile":""},"google_fonts":[],"version":6}},"acf":[],"_links":{"self":[{"href":"http:\/\/minijets.org\/fr\/wp-json\/wp\/v2\/pages\/8","targetHints":{"allow":["GET"]}}],"collection":[{"href":"http:\/\/minijets.org\/fr\/wp-json\/wp\/v2\/pages"}],"about":[{"href":"http:\/\/minijets.org\/fr\/wp-json\/wp\/v2\/types\/page"}],"author":[{"embeddable":true,"href":"http:\/\/minijets.org\/fr\/wp-json\/wp\/v2\/users\/1"}],"replies":[{"embeddable":true,"href":"http:\/\/minijets.org\/fr\/wp-json\/wp\/v2\/comments?post=8"}],"version-history":[{"count":53,"href":"http:\/\/minijets.org\/fr\/wp-json\/wp\/v2\/pages\/8\/revisions"}],"predecessor-version":[{"id":10342,"href":"http:\/\/minijets.org\/fr\/wp-json\/wp\/v2\/pages\/8\/revisions\/10342"}],"wp:attachment":[{"href":"http:\/\/minijets.org\/fr\/wp-json\/wp\/v2\/media?parent=8"}],"wp:term":[{"taxonomy":"category","embeddable":true,"href":"http:\/\/minijets.org\/fr\/wp-json\/wp\/v2\/categories?post=8"},{"taxonomy":"post_tag","embeddable":true,"href":"http:\/\/minijets.org\/fr\/wp-json\/wp\/v2\/tags?post=8"},{"taxonomy":"planes-000-100","embeddable":true,"href":"http:\/\/minijets.org\/fr\/wp-json\/wp\/v2\/planes-000-100?post=8"}],"curies":[{"name":"wp","href":"https:\/\/api.w.org\/{rel}","templated":true}]}}