{"id":1054,"date":"2020-12-27T18:44:36","date_gmt":"2020-12-27T17:44:36","guid":{"rendered":"http:\/\/tst.minijets.org\/?page_id=1054"},"modified":"2024-11-01T17:07:28","modified_gmt":"2024-11-01T16:07:28","slug":"hutter-h30-ts","status":"publish","type":"page","link":"https:\/\/minijets.org\/en\/0-100\/bmw8025\/hutter-h30-ts\/","title":{"rendered":"Hutter H30 TS"},"content":{"rendered":"<h3 class=\"wp-block-heading\">Pr\u00e9sentation g\u00e9n\u00e9rale du motoplaneur Hutter H30TS<\/h3>\n\n\n\n<p>Le motoplaneur <strong>Hutter H30 TS<\/strong> se pr\u00e9sente sous un aspect assez classique, avec un empennage \u00ab papillon \u00bb et une voilure \u00e0 grand allongement et profil laminaire. On peut dire que son histoire d\u00e9marre en\u00a0<strong>1954<\/strong>, \u00e9poque o\u00f9 commen\u00e7ait \u00e0 peine \u00e0 s&#8217;amorcer le prodigieux essor des plastiques stratifi\u00e9s.\u00a0<strong><a href=\"https:\/\/de.wikipedia.org\/wiki\/Eugen_H%C3%A4nle\" data-type=\"URL\" data-id=\"https:\/\/de.wikipedia.org\/wiki\/Eugen_H%C3%A4nle\" target=\"_blank\" rel=\"noopener\">Eugen H\u00e4nle<\/a>\u00a0<\/strong>\u00e9tait alors l&#8217;assistant du Professeur\u00a0<strong><a href=\"https:\/\/en.wikipedia.org\/wiki\/Ulrich_H%C3%BCtter\" data-type=\"URL\" data-id=\"https:\/\/en.wikipedia.org\/wiki\/Ulrich_H%C3%BCtter\" target=\"_blank\" rel=\"noopener\">Ulrich H\u00fctter<\/a><\/strong>\u00a0dans une entreprise engag\u00e9e dans la fabrication d&#8217;\u00e9oliennes de grandes dimensions destin\u00e9es \u00e0 la production d&#8217;\u00e9lectricit\u00e9.<\/p>\n\n\n\n<p>C&#8217;est la conception de pales de 17 m de long, (pour une \u00e9olienne \u00e0 rotor tripale de quelque 35 m de diam\u00e8tre) qui les amena \u00e0 envisager, pour la premi\u00e8re fois, l&#8217;emploi du plastique arm\u00e9 de fibres de verre pour des structures soumises \u00e0 d&#8217;importants efforts.<\/p>\n\n\n\n<p><\/p>\n\n\n\n<div class=\"wp-block-columns is-layout-flex wp-container-core-columns-is-layout-28f84493 wp-block-columns-is-layout-flex\">\n<div class=\"wp-block-column is-layout-flow wp-block-column-is-layout-flow\" style=\"flex-basis:50%\">\n<figure class=\"wp-block-image size-full\"><img loading=\"lazy\" decoding=\"async\" width=\"800\" height=\"589\" src=\"https:\/\/minijets.org\/wp-content\/uploads\/2024\/11\/Hutter_30_TS_-_01.webp\" alt=\"\" class=\"wp-image-9755\" srcset=\"https:\/\/minijets.org\/wp-content\/uploads\/2024\/11\/Hutter_30_TS_-_01.webp 800w, https:\/\/minijets.org\/wp-content\/uploads\/2024\/11\/Hutter_30_TS_-_01-16x12.webp 16w, https:\/\/minijets.org\/wp-content\/uploads\/2024\/11\/Hutter_30_TS_-_01-300x221.webp 300w, https:\/\/minijets.org\/wp-content\/uploads\/2024\/11\/Hutter_30_TS_-_01-768x565.webp 768w\" sizes=\"auto, (max-width: 800px) 100vw, 800px\" \/><figcaption class=\"wp-element-caption\">Hutter H30 TS<\/figcaption><\/figure>\n<\/div>\n\n\n\n<div class=\"wp-block-column is-layout-flow wp-block-column-is-layout-flow\" style=\"flex-basis:50%\">\n<p>Cette exp\u00e9rience, Eugen H\u00e4nle, qui s&#8217;\u00e9tait mis \u00e0 son compte en\u00a0<strong>1957<\/strong>\u00a0en cr\u00e9ant la Soci\u00e9t\u00e9\u00a0<strong>Glasfl\u00fcgel<\/strong>, devait d&#8217;abord l&#8217;appliquer \u00e0 la production de pales de rotor d&#8217;h\u00e9licopt\u00e8re pour le compte de B\u00f6lkow.<\/p>\n\n\n\n<p>Parall\u00e8lement, il entreprit, en amateur, avec son \u00e9pouse Ursula (ing\u00e9nieur elle aussi) la construction d&#8217;un planeur, suivant les plans du&nbsp;H30&nbsp;(\u00e9tablis par Wolfgang H\u00fctter en 1946), mais en rempla\u00e7ant le sandwich contreplaqu\u00e9-balsa pr\u00e9vu \u00e0 l&#8217;origine pour tous les \u00e9l\u00e9ments en coque (fuselage, aile, empennage) par un sandwich stratifi\u00e9-balsa, et en r\u00e9alisant pour lui le premier longeron d&#8217;aile \u00e0 semelles en &#8220;roving&#8221; (fibres de verre unidirectionnelles) et r\u00e9sine \u00e9poxy.<\/p>\n<\/div>\n<\/div>\n\n\n\n<p>Ce&nbsp;<strong>H-30,<\/strong>&nbsp;petit monoplace de 13,60 m d&#8217;envergure aux performances \u00e9quivalentes \u00e0 celles d&#8217;un Ka-6, fut mis en chantier fin 57, et termin\u00e9 en 1960.<\/p>\n\n\n\n<p><\/p>\n\n\n\n<p>Entre temps, H\u00fctter avait d\u00e9velopp\u00e9 chez\u00a0<strong>Allgaier<\/strong>\u00a0le\u00a0<strong>H30 TS<\/strong>, moto-planeur d\u00e9riv\u00e9 du H30, avec un fuselage modifi\u00e9 pour recevoir un petit\u00a0turbor\u00e9acteur <a href=\"https:\/\/minijets.org\/en\/0-100\/bmw8025\/\" data-type=\"page\" data-id=\"90\">BMW 8025<\/a>. Il \u00e9tait \u00e9quip\u00e9 d&#8217;une nouvelle voilure de 15 m, dot\u00e9 de volets de courbure, tout en en plastique mais avec semelles de longeron m\u00e9talliques, en feuilles d&#8217;aluminium coll\u00e9es<\/p>\n\n\n\n<div class=\"wp-block-columns is-layout-flex wp-container-core-columns-is-layout-28f84493 wp-block-columns-is-layout-flex\">\n<div class=\"wp-block-column is-layout-flow wp-block-column-is-layout-flow\">\n<figure class=\"wp-block-image size-full\"><img loading=\"lazy\" decoding=\"async\" width=\"800\" height=\"600\" src=\"https:\/\/minijets.org\/wp-content\/uploads\/2024\/11\/Hutter_30_TS_-_07.webp\" alt=\"Hutter H30 TS\" class=\"wp-image-9767\" srcset=\"https:\/\/minijets.org\/wp-content\/uploads\/2024\/11\/Hutter_30_TS_-_07.webp 800w, https:\/\/minijets.org\/wp-content\/uploads\/2024\/11\/Hutter_30_TS_-_07-16x12.webp 16w, https:\/\/minijets.org\/wp-content\/uploads\/2024\/11\/Hutter_30_TS_-_07-300x225.webp 300w, https:\/\/minijets.org\/wp-content\/uploads\/2024\/11\/Hutter_30_TS_-_07-768x576.webp 768w\" sizes=\"auto, (max-width: 800px) 100vw, 800px\" \/><figcaption class=\"wp-element-caption\">Hutter H30 TS, dans sa premi\u00e8re version, avec un empennage papillon<\/figcaption><\/figure>\n\n\n\n<figure class=\"wp-block-image size-full\"><img loading=\"lazy\" decoding=\"async\" width=\"800\" height=\"407\" src=\"https:\/\/minijets.org\/wp-content\/uploads\/2024\/11\/Hutter_30_TS_-_03.webp\" alt=\"\" class=\"wp-image-9763\" srcset=\"https:\/\/minijets.org\/wp-content\/uploads\/2024\/11\/Hutter_30_TS_-_03.webp 800w, https:\/\/minijets.org\/wp-content\/uploads\/2024\/11\/Hutter_30_TS_-_03-18x9.webp 18w, https:\/\/minijets.org\/wp-content\/uploads\/2024\/11\/Hutter_30_TS_-_03-300x153.webp 300w, https:\/\/minijets.org\/wp-content\/uploads\/2024\/11\/Hutter_30_TS_-_03-768x391.webp 768w\" sizes=\"auto, (max-width: 800px) 100vw, 800px\" \/><figcaption class=\"wp-element-caption\">Hutter H 30 TS deuxi\u00e8me \u00e9volution avec un BMW 8026<\/figcaption><\/figure>\n\n\n\n<p>H\u00e4nle, qui avait particip\u00e9 \u00e0 la construction de cet appareil, utilisa ensuite les moules de voilure pour r\u00e9aliser (chez Schempp-Hirth, faute de disposer d&#8217;un atelier assez grand) deux jeux d&#8217;ailes suivant ses propres conceptions c&#8217;est-\u00e0-dire avec longeron en fibres de verre. L&#8217;une de ces voilures fut celle du premier libelle H-301, l&#8217;autre celle du premier Diamant Suisse dans sa version originale de 15 m d&#8217;envergure.<\/p>\n\n\n\n<figure class=\"wp-block-image size-full\"><img loading=\"lazy\" decoding=\"async\" width=\"800\" height=\"560\" src=\"https:\/\/minijets.org\/wp-content\/uploads\/2024\/11\/Hutter_30_TS_-_02.webp\" alt=\"Hutter H30 TS\" class=\"wp-image-9754\" srcset=\"https:\/\/minijets.org\/wp-content\/uploads\/2024\/11\/Hutter_30_TS_-_02.webp 800w, https:\/\/minijets.org\/wp-content\/uploads\/2024\/11\/Hutter_30_TS_-_02-18x12.webp 18w, https:\/\/minijets.org\/wp-content\/uploads\/2024\/11\/Hutter_30_TS_-_02-300x210.webp 300w, https:\/\/minijets.org\/wp-content\/uploads\/2024\/11\/Hutter_30_TS_-_02-768x538.webp 768w\" sizes=\"auto, (max-width: 800px) 100vw, 800px\" \/><figcaption class=\"wp-element-caption\">Allgaier H\u00fctter H30 TS, dans sa 2\u00e8me version. Source : Luftfahrt International<\/figcaption><\/figure>\n\n\n\n<figure class=\"wp-block-image size-full\"><img loading=\"lazy\" decoding=\"async\" width=\"800\" height=\"584\" src=\"https:\/\/minijets.org\/wp-content\/uploads\/2024\/11\/Hutter_30_TS_-_08.webp\" alt=\"\" class=\"wp-image-9762\" srcset=\"https:\/\/minijets.org\/wp-content\/uploads\/2024\/11\/Hutter_30_TS_-_08.webp 800w, https:\/\/minijets.org\/wp-content\/uploads\/2024\/11\/Hutter_30_TS_-_08-16x12.webp 16w, https:\/\/minijets.org\/wp-content\/uploads\/2024\/11\/Hutter_30_TS_-_08-300x219.webp 300w, https:\/\/minijets.org\/wp-content\/uploads\/2024\/11\/Hutter_30_TS_-_08-768x561.webp 768w\" sizes=\"auto, (max-width: 800px) 100vw, 800px\" \/><\/figure>\n\n\n\n<figure class=\"wp-block-image size-full\"><img loading=\"lazy\" decoding=\"async\" width=\"800\" height=\"834\" src=\"https:\/\/minijets.org\/wp-content\/uploads\/2024\/11\/Hutter_30_TS_-_04.webp\" alt=\"Hutter H30 TS\" class=\"wp-image-9764\" srcset=\"https:\/\/minijets.org\/wp-content\/uploads\/2024\/11\/Hutter_30_TS_-_04.webp 800w, https:\/\/minijets.org\/wp-content\/uploads\/2024\/11\/Hutter_30_TS_-_04-12x12.webp 12w, https:\/\/minijets.org\/wp-content\/uploads\/2024\/11\/Hutter_30_TS_-_04-288x300.webp 288w, https:\/\/minijets.org\/wp-content\/uploads\/2024\/11\/Hutter_30_TS_-_04-768x801.webp 768w\" sizes=\"auto, (max-width: 800px) 100vw, 800px\" \/><figcaption class=\"wp-element-caption\">BMW 8025, dont la sortie est positionn\u00e9e sous le fuselage du Hutter H30 TS. Source : Luftfahrt international<\/figcaption><\/figure>\n<\/div>\n\n\n\n<div class=\"wp-block-column is-layout-flow wp-block-column-is-layout-flow\">\n<h3 class=\"wp-block-heading\">Ailes<\/h3>\n\n\n\n<p>Chaque aile \u2014 dont la corde n\u2019est que de 90 cm \u00e0 l\u2019emplanture et 40 cm \u00e0 l\u2019extr\u00e9mit\u00e9 \u2014 est constitu\u00e9e de deux demi-coquilles moul\u00e9es, en sandwich plastique stratifi\u00e9-balsa. Elles sont assembl\u00e9es par collage sur des renforts internes comportant quelques nervures et un longeron-caisson \u00e0 \u00e2mes en sandwich avec des semelles en lamelles de dural coll\u00e9es. Ce longeron s\u2019\u00e9largit \u00e0 l\u2019emplanture pour atteindre pr\u00e8s des 2\/3 de la corde de l\u2019aile, puis se r\u00e9tr\u00e9cit triangulairement pour s\u2019encastrer dans les logements m\u00e9nag\u00e9s dans la partie centrale du fuselage. Son extr\u00e9mit\u00e9 porte les ferrures de fixation. Le bord marginal est coiff\u00e9 d\u2019un saumon en mati\u00e8re moul\u00e9e, inclin\u00e9 vers le bas pour servir de patin de protection.<\/p>\n\n\n\n<h3 class=\"wp-block-heading\">Ailerons et volets<\/h3>\n\n\n\n<p>Les ailerons, \u00e0 grand allongement et de profondeur constante, sont port\u00e9s chacun par cinq articulations (pour 3,40 m d\u2019envergure). Il en est de m\u00eame pour les volets de courbure, un peu plus grands et trap\u00e9zo\u00efdaux, mont\u00e9s pour les essais du prototype, mais qui dispara\u00eetront probablement sur la version de s\u00e9rie. Imm\u00e9diatement devant ces volets (plac\u00e9s \u00e0 80 % de la corde pour \u00e9viter les d\u00e9collements sur le profil laminaire), se trouvent de tr\u00e8s grands a\u00e9ro-freins de 2,40 m de chaque c\u00f4t\u00e9, sortant verticalement \u00e0 l\u2019intrados et \u00e0 l\u2019extrados.<\/p>\n\n\n\n<h3 class=\"wp-block-heading\">Flight commands<\/h3>\n\n\n\n<p>Les commandes de toutes ces surfaces mobiles, enti\u00e8rement rigides, s\u2019accouplent automatiquement lors du montage des ailes, dont la fixation au fuselage est assur\u00e9e par un seul axe horizontal.<\/p>\n\n\n\n<h3 class=\"wp-block-heading\">Empennage<\/h3>\n\n\n\n<p>Les surfaces fixes de l\u2019empennage, en V \u00e0 100\u00b0, sont constitu\u00e9es de corps creux en sandwich, construits avec la pointe arri\u00e8re du fuselage. Les gouvernes, \u00e0 commandes rigides \u00e9galement, sont compens\u00e9es par des becs d\u00e9bordants contenant des masses d\u2019\u00e9quilibrage statique. Elles sont munies de flettners r\u00e9glables en vol.<\/p>\n\n\n\n<h3 class=\"wp-block-heading\">Fuselage<\/h3>\n\n\n\n<p>Le fuselage utilise le m\u00eame mode de construction que la voilure : un sandwich plastique-balsa. Il est divis\u00e9 en deux parties : une poutre arri\u00e8re conique de faible section et une coque avant, munie de quelques renforts int\u00e9gr\u00e9s. Cette coque comporte de courts moignons profil\u00e9s, dans lesquels viennent s\u2019encastrer les emplantures d\u2019ailes. L\u2019habitacle monoplace est recouvert d\u2019une verri\u00e8re moul\u00e9e d&#8217;une seule pi\u00e8ce.<\/p>\n\n\n\n<h3 class=\"wp-block-heading\">Poste de pilotage<\/h3>\n\n\n\n<p>La vue en coupe ci-jointe montre l\u2019agencement du poste de pilotage, avec ses nombreuses commandes. Derri\u00e8re le dossier du si\u00e8ge se trouve le r\u00e9servoir de carburant (k\u00e9ros\u00e8ne) d&#8217;une contenance de 20 litres, permettant une mont\u00e9e \u00e0 2.500 m\u00e8tres.<\/p>\n\n\n\n<h3 class=\"wp-block-heading\">Compartiment moteur<\/h3>\n\n\n\n<p>Le compartiment moteur est isol\u00e9 par une cloison pare-feu m\u00e9tallique. Une ou\u00efe sup\u00e9rieure, munie d\u2019un volet command\u00e9 par le pilote, alimente en air le r\u00e9acteur, inclin\u00e9 vers le bas de 22\u00b0 par rapport \u00e0 la r\u00e9f\u00e9rence du fuselage. La tuy\u00e8re d\u2019\u00e9jection est coud\u00e9e pour ramener cet angle \u00e0 6\u00b0, assurant un angle optimum pour la mont\u00e9e. Le r\u00e9acteur est \u00e9quip\u00e9 d\u2019un d\u00e9marreur \u00e9lectrique, aliment\u00e9 par une batterie de bord, et son r\u00e9gime est r\u00e9gl\u00e9 par un dispositif automatique \u00e0 thermostat.<\/p>\n\n\n\n<p>Le H 30 TS sera d&#8217;abord \u00e9quip\u00e9, en&nbsp;septembre 1959, d&#8217;un&nbsp;<strong>turbor\u00e9acteur&nbsp;BMW 8025<\/strong>&nbsp;de 36 kg de pouss\u00e9e \u00e0&nbsp;45 000 T\/min.<\/p>\n\n\n\n<p>Puis, en&nbsp;mai 1961, \u00e0 &nbsp;la suite d&#8217;un important chantier de modification, il sera \u00e9quip\u00e9 d&#8217;un&nbsp;<strong>BMW 8026<\/strong>&nbsp;de 40 kg de pouss\u00e9e \u00e0 46 000 T\/min.<\/p>\n\n\n\n<h3 class=\"wp-block-heading\">Train d\u2019atterrissage<\/h3>\n\n\n\n<p>Le train d\u2019atterrissage, semi-escamotable, pr\u00e9sente une particularit\u00e9 : le patin, articul\u00e9, est reli\u00e9 \u00e0 la fourche portant la roue, dont il suit les d\u00e9placements. En position rentr\u00e9e, la roue d\u00e9passe l\u00e9g\u00e8rement et se trouve plaqu\u00e9e sous le fuselage.<\/p>\n<\/div>\n<\/div>\n\n\n\n<div class=\"wp-block-columns is-layout-flex wp-container-core-columns-is-layout-28f84493 wp-block-columns-is-layout-flex\">\n<div class=\"wp-block-column is-layout-flow wp-block-column-is-layout-flow\"><\/div>\n\n\n\n<div class=\"wp-block-column is-layout-flow wp-block-column-is-layout-flow\"><\/div>\n<\/div>\n\n\n\n<div class=\"wp-block-columns is-layout-flex wp-container-core-columns-is-layout-28f84493 wp-block-columns-is-layout-flex\">\n<div class=\"wp-block-column is-layout-flow wp-block-column-is-layout-flow\">\n<figure class=\"wp-block-image size-full\"><img loading=\"lazy\" decoding=\"async\" width=\"800\" height=\"549\" src=\"https:\/\/minijets.org\/wp-content\/uploads\/2024\/11\/Hutter_30_TS_-_06.webp\" alt=\"Hutter H30 TS\" class=\"wp-image-9766\" srcset=\"https:\/\/minijets.org\/wp-content\/uploads\/2024\/11\/Hutter_30_TS_-_06.webp 800w, https:\/\/minijets.org\/wp-content\/uploads\/2024\/11\/Hutter_30_TS_-_06-18x12.webp 18w, https:\/\/minijets.org\/wp-content\/uploads\/2024\/11\/Hutter_30_TS_-_06-300x206.webp 300w, https:\/\/minijets.org\/wp-content\/uploads\/2024\/11\/Hutter_30_TS_-_06-768x527.webp 768w\" sizes=\"auto, (max-width: 800px) 100vw, 800px\" \/><figcaption class=\"wp-element-caption\">Hutter H30 TS dans sa version initiale<\/figcaption><\/figure>\n<\/div>\n\n\n\n<div class=\"wp-block-column is-layout-flow wp-block-column-is-layout-flow\">\n<figure class=\"wp-block-image size-full\"><img loading=\"lazy\" decoding=\"async\" width=\"800\" height=\"546\" src=\"https:\/\/minijets.org\/wp-content\/uploads\/2024\/11\/Hutter_30_TS_-_05.webp\" alt=\"Hutter H30 TS\" class=\"wp-image-9765\" srcset=\"https:\/\/minijets.org\/wp-content\/uploads\/2024\/11\/Hutter_30_TS_-_05.webp 800w, https:\/\/minijets.org\/wp-content\/uploads\/2024\/11\/Hutter_30_TS_-_05-18x12.webp 18w, https:\/\/minijets.org\/wp-content\/uploads\/2024\/11\/Hutter_30_TS_-_05-300x205.webp 300w, https:\/\/minijets.org\/wp-content\/uploads\/2024\/11\/Hutter_30_TS_-_05-768x524.webp 768w\" sizes=\"auto, (max-width: 800px) 100vw, 800px\" \/><figcaption class=\"wp-element-caption\">Hutter H30 TS dans sa version initiale, \u00e9quip\u00e9 d\u2019un BMW 8025<\/figcaption><\/figure>\n<\/div>\n<\/div>\n\n\n\n<figure class=\"wp-block-image size-large\"><img loading=\"lazy\" decoding=\"async\" width=\"1024\" height=\"261\" src=\"https:\/\/minijets.org\/wp-content\/uploads\/2024\/11\/Hutter-H30-TS-P3views-1024x261.webp\" alt=\"Hutter H30 TS Plan 3 vue\" class=\"wp-image-9777\" srcset=\"https:\/\/minijets.org\/wp-content\/uploads\/2024\/11\/Hutter-H30-TS-P3views-1024x261.webp 1024w, https:\/\/minijets.org\/wp-content\/uploads\/2024\/11\/Hutter-H30-TS-P3views-18x5.webp 18w, https:\/\/minijets.org\/wp-content\/uploads\/2024\/11\/Hutter-H30-TS-P3views-300x77.webp 300w, https:\/\/minijets.org\/wp-content\/uploads\/2024\/11\/Hutter-H30-TS-P3views-768x196.webp 768w, https:\/\/minijets.org\/wp-content\/uploads\/2024\/11\/Hutter-H30-TS-P3views.webp 1200w\" sizes=\"auto, (max-width: 1024px) 100vw, 1024px\" \/><figcaption class=\"wp-element-caption\">Hutter H30 TS Plan 3 vue<\/figcaption><\/figure>\n\n\n\n<h2 class=\"wp-block-heading\">Nombre d&#8217;exemplaire produit<\/h2>\n\n\n\n<p>Un unique exemplaire, immatricul\u00e9 <strong>D-KABA<\/strong>, a \u00e9t\u00e9 produit. Cet appareil a connu deux versions : la premi\u00e8re \u00e9quip\u00e9e d\u2019un r\u00e9acteur <strong>BMW 8025<\/strong> et d\u2019un empennage papillon, la seconde avec un <strong>BMW 8026<\/strong> et un empennage cruciforme. En raison de probl\u00e8mes li\u00e9s au r\u00e9acteur, notamment le bruit qu\u2019il g\u00e9n\u00e9rait, le projet a \u00e9t\u00e9 abandonn\u00e9, et l\u2019appareil a ensuite \u00e9t\u00e9 reconfigur\u00e9 en planeur pur.<\/p>\n\n\n\n<p>Il a \u00e9t\u00e9 perdu en <strong>ao\u00fbt 1968<\/strong> lors d\u2019un accident survenu pendant un lancement au treuil<\/p>","protected":false},"excerpt":{"rendered":"<p>Pr\u00e9sentation g\u00e9n\u00e9rale du motoplaneur Hutter H30TS Le motoplaneur Hutter H30 TS se pr\u00e9sente sous un aspect assez classique, avec un empennage \u00ab papillon \u00bb et une voilure \u00e0 grand allongement et profil laminaire. On peut dire que son histoire d\u00e9marre en\u00a01954, \u00e9poque o\u00f9 commen\u00e7ait \u00e0 peine \u00e0 s&#8217;amorcer le prodigieux essor des plastiques stratifi\u00e9s.\u00a0Eugen H\u00e4nle\u00a0\u00e9tait [&hellip;]<\/p>","protected":false},"author":1,"featured_media":9767,"parent":90,"menu_order":0,"comment_status":"closed","ping_status":"closed","template":"","meta":{"_acf_changed":false,"cybocfi_hide_featured_image":"yes","footnotes":""},"categories":[17],"tags":[],"planes-000-100":[],"class_list":["post-1054","page","type-page","status-publish","has-post-thumbnail","hentry","category-plane-000-100"],"blocksy_meta":[],"acf":[],"_links":{"self":[{"href":"https:\/\/minijets.org\/en\/wp-json\/wp\/v2\/pages\/1054","targetHints":{"allow":["GET"]}}],"collection":[{"href":"https:\/\/minijets.org\/en\/wp-json\/wp\/v2\/pages"}],"about":[{"href":"https:\/\/minijets.org\/en\/wp-json\/wp\/v2\/types\/page"}],"author":[{"embeddable":true,"href":"https:\/\/minijets.org\/en\/wp-json\/wp\/v2\/users\/1"}],"replies":[{"embeddable":true,"href":"https:\/\/minijets.org\/en\/wp-json\/wp\/v2\/comments?post=1054"}],"version-history":[{"count":14,"href":"https:\/\/minijets.org\/en\/wp-json\/wp\/v2\/pages\/1054\/revisions"}],"predecessor-version":[{"id":9785,"href":"https:\/\/minijets.org\/en\/wp-json\/wp\/v2\/pages\/1054\/revisions\/9785"}],"up":[{"embeddable":true,"href":"https:\/\/minijets.org\/en\/wp-json\/wp\/v2\/pages\/90"}],"wp:featuredmedia":[{"embeddable":true,"href":"https:\/\/minijets.org\/en\/wp-json\/wp\/v2\/media\/9767"}],"wp:attachment":[{"href":"https:\/\/minijets.org\/en\/wp-json\/wp\/v2\/media?parent=1054"}],"wp:term":[{"taxonomy":"category","embeddable":true,"href":"https:\/\/minijets.org\/en\/wp-json\/wp\/v2\/categories?post=1054"},{"taxonomy":"post_tag","embeddable":true,"href":"https:\/\/minijets.org\/en\/wp-json\/wp\/v2\/tags?post=1054"},{"taxonomy":"planes-000-100","embeddable":true,"href":"https:\/\/minijets.org\/en\/wp-json\/wp\/v2\/planes-000-100?post=1054"}],"curies":[{"name":"wp","href":"https:\/\/api.w.org\/{rel}","templated":true}]}}