{"id":1502,"date":"2021-01-04T19:10:09","date_gmt":"2021-01-04T18:10:09","guid":{"rendered":"http:\/\/tst.minijets.org\/?page_id=1502"},"modified":"2024-10-26T17:23:59","modified_gmt":"2024-10-26T15:23:59","slug":"ventus-2cxa-jet","status":"publish","type":"page","link":"https:\/\/minijets.org\/en\/0-100\/amt-olympus\/ventus-2cxa-jet\/","title":{"rendered":"Ventus 2cxa Jet"},"content":{"rendered":"<h2 class=\"wp-block-heading\">Conversion d&#8217;un Ventus 2Cxa en Jet<\/h2>\n\n\n\n<p>The <strong>Ventus 2Cxa Jet<\/strong> est la version motoris\u00e9e du 2Cxa de chez <a href=\"https:\/\/fr.wikipedia.org\/wiki\/Schempp-Hirth\" target=\"_blank\" rel=\"noopener\">Schempp-Hirth<\/a>. Equip\u00e9 d&#8217;un turbor\u00e9acteur AMT Olympus, il a fait son premier vol en 2008. <\/p>\n\n\n\n<div class=\"wp-block-columns is-layout-flex wp-container-core-columns-is-layout-28f84493 wp-block-columns-is-layout-flex\">\n<div class=\"wp-block-column is-layout-flow wp-block-column-is-layout-flow\">\n<figure class=\"wp-block-image size-full\"><img loading=\"lazy\" decoding=\"async\" width=\"800\" height=\"600\" src=\"https:\/\/minijets.org\/wp-content\/uploads\/2024\/10\/Ventus-2CXA-Jet_02.webp\" alt=\"Ventus 2CXA Jet\" class=\"wp-image-9612\" srcset=\"https:\/\/minijets.org\/wp-content\/uploads\/2024\/10\/Ventus-2CXA-Jet_02.webp 800w, https:\/\/minijets.org\/wp-content\/uploads\/2024\/10\/Ventus-2CXA-Jet_02-16x12.webp 16w, https:\/\/minijets.org\/wp-content\/uploads\/2024\/10\/Ventus-2CXA-Jet_02-300x225.webp 300w, https:\/\/minijets.org\/wp-content\/uploads\/2024\/10\/Ventus-2CXA-Jet_02-768x576.webp 768w\" sizes=\"auto, (max-width: 800px) 100vw, 800px\" \/><figcaption class=\"wp-element-caption\">Ventus 2CXA Jet<\/figcaption><\/figure>\n\n\n\n<figure class=\"wp-block-image size-full\"><img loading=\"lazy\" decoding=\"async\" width=\"800\" height=\"600\" src=\"https:\/\/minijets.org\/wp-content\/uploads\/2024\/10\/Ventus-2CXA-Jet_01.webp\" alt=\"Werner Meuser\" class=\"wp-image-9611\" srcset=\"https:\/\/minijets.org\/wp-content\/uploads\/2024\/10\/Ventus-2CXA-Jet_01.webp 800w, https:\/\/minijets.org\/wp-content\/uploads\/2024\/10\/Ventus-2CXA-Jet_01-16x12.webp 16w, https:\/\/minijets.org\/wp-content\/uploads\/2024\/10\/Ventus-2CXA-Jet_01-300x225.webp 300w, https:\/\/minijets.org\/wp-content\/uploads\/2024\/10\/Ventus-2CXA-Jet_01-768x576.webp 768w\" sizes=\"auto, (max-width: 800px) 100vw, 800px\" \/><figcaption class=\"wp-element-caption\">Ventus 2CXA Jet de Werner Meuser<\/figcaption><\/figure>\n<\/div>\n\n\n\n<div class=\"wp-block-column is-layout-flow wp-block-column-is-layout-flow\">\n<h3 class=\"wp-block-heading\">Premiers vols et d\u00e9veloppement<\/h3>\n\n\n\n<p>The <strong>23 avril 2008<\/strong>, Swen Lehner, ing\u00e9nieur chez <a href=\"https:\/\/fr.wikipedia.org\/wiki\/Schempp-Hirth\" target=\"_blank\" rel=\"noopener\">Schempp-Hirth<\/a> et chef de projet de la version Jet, a r\u00e9alis\u00e9 le premier vol du Ventus 2Cxa Jet appartenant \u00e0 Werner Meuser. Ce mod\u00e8le \u00e9tait \u00e9quip\u00e9 d&#8217;un turbor\u00e9acteur <a href=\"https:\/\/minijets.org\/en\/0-100\/amt-olympus\/\" data-type=\"page\" data-id=\"906\">AMT Olympus<\/a>, dont l&#8217;installation a \u00e9t\u00e9 r\u00e9alis\u00e9e selon les plans de Martin K\u00e4ppele.<\/p>\n\n\n\n<h3 class=\"wp-block-heading\">R\u00e9acteur et fuselage<\/h3>\n\n\n\n<p>Le r\u00e9acteur est r\u00e9tractable et est install\u00e9 juste derri\u00e8re le si\u00e8ge du pilote. Le fuselage derri\u00e8re le si\u00e8ge \u00e9tant trop \u00e9troit pour accueillir un moteur plus grand, la seule solution raisonnable \u00e9tait d&#8217;installer un petit r\u00e9acteur <strong>Olympus AMT<\/strong>. Le poids du syst\u00e8me de r\u00e9acteur est de 8 kg, et l&#8217;ensemble des r\u00e9servoirs, compos\u00e9 d&#8217;un r\u00e9servoir de fuselage de 8 litres et de deux r\u00e9servoirs d&#8217;aile de 10 litres chacun, ajoute environ 10 kg.<\/p>\n\n\n\n<p> La version optimis\u00e9e avec un fuselage de type &#8216;a&#8217; poss\u00e8de un espace de cockpit allong\u00e9, permettant aux pilotes mesurant jusqu&#8217;\u00e0 1,88 m de s&#8217;y installer. Avec environ 2,5 cm de largeur suppl\u00e9mentaire, le cockpit &#8216;a&#8217; est d\u00e9sormais plus spacieux.<\/p>\n\n\n\n<h3 class=\"wp-block-heading\">Tests en vol <\/h3>\n\n\n\n<p>Les tests en vol sur le <strong>Ventus-2Cxa<\/strong>, \u00e9quip\u00e9 de son r\u00e9acteur d&#8217;appoint, ont \u00e9t\u00e9 men\u00e9s \u00e0 bien par <strong>Swen Lehner<\/strong>. Ils consistaient \u00e0 v\u00e9rifier le d\u00e9marrage en vol, les caract\u00e9ristiques de mont\u00e9e et les performances globales.<\/p>\n<\/div>\n<\/div>\n\n\n\n<h3 class=\"wp-block-heading\">Consommation, autonomie et performances<\/h3>\n\n\n\n<p>Le r\u00e9acteur a une consommation de carburant d&#8217;environ 0,6 \u00e0 0,8 litre par minute. Avec les trois r\u00e9servoirs de carburant, l&#8217;appareil peut voler pendant environ 40 minutes.<\/p>\n\n\n\n<p>Les premiers vols ont confirm\u00e9 les attentes en atteignant un taux de mont\u00e9e de 0,8 m\/s \u00e0 pleine puissance, \u00e0 une vitesse d&#8217;environ 90 n\u0153uds. <\/p>\n\n\n\n<h3 class=\"wp-block-heading\">Syst\u00e8me de contr\u00f4le r\u00e9acteur<\/h3>\n\n\n\n<p>Le syst\u00e8me de contr\u00f4le du r\u00e9acteur, a \u00e9t\u00e9 con\u00e7ue par <strong>Martin Kappeler<\/strong>. Il est tr\u00e8s simple \u00e0 utiliser gr\u00e2ce \u00e0 simple un interrupteur marche\/arr\u00eat.<\/p>\n\n\n\n<p><\/p>","protected":false},"excerpt":{"rendered":"<p>Conversion d&#8217;un Ventus 2Cxa en Jet Le Ventus 2Cxa Jet est la version motoris\u00e9e du 2Cxa de chez Schempp-Hirth. Equip\u00e9 d&#8217;un turbor\u00e9acteur AMT Olympus, il a fait son premier vol en 2008. Premiers vols et d\u00e9veloppement Le 23 avril 2008, Swen Lehner, ing\u00e9nieur chez Schempp-Hirth et chef de projet de la version Jet, a r\u00e9alis\u00e9 [&hellip;]<\/p>","protected":false},"author":1,"featured_media":423,"parent":906,"menu_order":0,"comment_status":"closed","ping_status":"closed","template":"","meta":{"_acf_changed":false,"cybocfi_hide_featured_image":"","footnotes":""},"categories":[17],"tags":[],"planes-000-100":[],"class_list":["post-1502","page","type-page","status-publish","has-post-thumbnail","hentry","category-plane-000-100"],"blocksy_meta":[],"acf":[],"_links":{"self":[{"href":"https:\/\/minijets.org\/en\/wp-json\/wp\/v2\/pages\/1502","targetHints":{"allow":["GET"]}}],"collection":[{"href":"https:\/\/minijets.org\/en\/wp-json\/wp\/v2\/pages"}],"about":[{"href":"https:\/\/minijets.org\/en\/wp-json\/wp\/v2\/types\/page"}],"author":[{"embeddable":true,"href":"https:\/\/minijets.org\/en\/wp-json\/wp\/v2\/users\/1"}],"replies":[{"embeddable":true,"href":"https:\/\/minijets.org\/en\/wp-json\/wp\/v2\/comments?post=1502"}],"version-history":[{"count":12,"href":"https:\/\/minijets.org\/en\/wp-json\/wp\/v2\/pages\/1502\/revisions"}],"predecessor-version":[{"id":9617,"href":"https:\/\/minijets.org\/en\/wp-json\/wp\/v2\/pages\/1502\/revisions\/9617"}],"up":[{"embeddable":true,"href":"https:\/\/minijets.org\/en\/wp-json\/wp\/v2\/pages\/906"}],"wp:featuredmedia":[{"embeddable":true,"href":"https:\/\/minijets.org\/en\/wp-json\/wp\/v2\/media\/423"}],"wp:attachment":[{"href":"https:\/\/minijets.org\/en\/wp-json\/wp\/v2\/media?parent=1502"}],"wp:term":[{"taxonomy":"category","embeddable":true,"href":"https:\/\/minijets.org\/en\/wp-json\/wp\/v2\/categories?post=1502"},{"taxonomy":"post_tag","embeddable":true,"href":"https:\/\/minijets.org\/en\/wp-json\/wp\/v2\/tags?post=1502"},{"taxonomy":"planes-000-100","embeddable":true,"href":"https:\/\/minijets.org\/en\/wp-json\/wp\/v2\/planes-000-100?post=1502"}],"curies":[{"name":"wp","href":"https:\/\/api.w.org\/{rel}","templated":true}]}}