{"id":1507,"date":"2021-01-05T11:56:48","date_gmt":"2021-01-05T10:56:48","guid":{"rendered":"http:\/\/tst.minijets.org\/?page_id=1507"},"modified":"2024-05-25T17:17:38","modified_gmt":"2024-05-25T15:17:38","slug":"prue-215a-panther","status":"publish","type":"page","link":"https:\/\/minijets.org\/en\/0-100\/baby-mamba\/prue-215a-panther\/","title":{"rendered":"Prue 215A Mamba Jet"},"content":{"rendered":"<figure class=\"wp-block-image size-full\"><img loading=\"lazy\" decoding=\"async\" width=\"1000\" height=\"423\" src=\"https:\/\/minijets.org\/wp-content\/uploads\/2024\/05\/Dreher_TJ76_-_Baby_Mamba_-_13.webp\" alt=\"Prue 205 with Baby Mamba Jet.\" class=\"wp-image-8734\" srcset=\"https:\/\/minijets.org\/wp-content\/uploads\/2024\/05\/Dreher_TJ76_-_Baby_Mamba_-_13.webp 1000w, https:\/\/minijets.org\/wp-content\/uploads\/2024\/05\/Dreher_TJ76_-_Baby_Mamba_-_13-18x8.webp 18w, https:\/\/minijets.org\/wp-content\/uploads\/2024\/05\/Dreher_TJ76_-_Baby_Mamba_-_13-300x127.webp 300w, https:\/\/minijets.org\/wp-content\/uploads\/2024\/05\/Dreher_TJ76_-_Baby_Mamba_-_13-768x325.webp 768w\" sizes=\"auto, (max-width: 1000px) 100vw, 1000px\" \/><figcaption class=\"wp-element-caption\">Prue 205 with Baby Mamba Jet. \nSource : Jane&#8217;s ATWA 1968-1969<\/figcaption><\/figure>\n\n\n\n<p>Mr Max Dreher, un ing\u00e9nieur en a\u00e9ronautique, a \u00e9tudi\u00e9 et construit toute une s\u00e9rie de petits turbor\u00e9acteur entre 1952 et 1976. Il a mont\u00e9 l&#8217;un d&#8217;entre eux, plus connu sous l&#8217;appellation <a href=\"https:\/\/minijets.org\/en\/0-100\/baby-mamba\/\" data-type=\"page\" data-id=\"942\">TJD-76 Baby Mamba<\/a>, sur le dos du fuselage de son planeur Prue 215A Mamba Jet.<\/p>\n\n\n\n<div class=\"wp-block-columns is-layout-flex wp-container-core-columns-is-layout-28f84493 wp-block-columns-is-layout-flex\">\n<div class=\"wp-block-column is-layout-flow wp-block-column-is-layout-flow\" style=\"flex-basis:50%\">\n<p>Three Prue 215s were built, all as amateur-builts from plans. The initial one was Prue&#8217;s prototype. The second one was built by Ed Minghelli and later owned by&nbsp;<strong>Max Dreher<\/strong>, who mounted a jet engine on it. The second and third built are designated 215A<\/p>\n\n\n\n<p>The Prue 215 is an American high-wing, V-tailed, single-seat glider that was designed by&nbsp;<strong>Irving Prue&nbsp;<\/strong>in&nbsp;<strong>1949<\/strong>.&nbsp;It is an all-metal design with a short 40 ft (12.2 m) wing with a relatively high aspect ratio of 20:1. The wing uses a NACA 23012 airfoil at the wing root, becoming a NACA 8318 at the wing tip. Airfoil-shaped flaps are mounted below and behind the wing for glidepath control. The aircraft uses a retractable monowheel landing gear<\/p>\n\n\n\n<p>After initial running on the test stand, Max DREHER installed the engine on his Prue 215 sailplane. To do this he designed a jet pack consisting of the engine, the pressurized fuel system and the lubrication unit. the total weight of this first pack was 25 &nbsp;pounds. An auxiliary oil tank is mounted separately and employs an electrical driven gear pump.<\/p>\n\n\n\n<p>A third unit, the jet control pack (engine controls, instruments, switches) is located in the cockpit.<\/p>\n<\/div>\n\n\n\n<div class=\"wp-block-column minijets_table is-layout-flow wp-block-column-is-layout-flow\" style=\"flex-basis:50%\">\n<figure class=\"wp-block-image size-large\"><img loading=\"lazy\" decoding=\"async\" width=\"500\" height=\"263\" src=\"http:\/\/minijets.org\/wp-content\/uploads\/2020\/12\/Prue_P215_-_baby_mamba_-_dreher_-_07.jpg\" alt=\"Prue 215A Mamba Jet et Max Dreher\" class=\"wp-image-29\" srcset=\"https:\/\/minijets.org\/wp-content\/uploads\/2020\/12\/Prue_P215_-_baby_mamba_-_dreher_-_07.jpg 500w, https:\/\/minijets.org\/wp-content\/uploads\/2020\/12\/Prue_P215_-_baby_mamba_-_dreher_-_07-300x158.jpg 300w, https:\/\/minijets.org\/wp-content\/uploads\/2020\/12\/Prue_P215_-_baby_mamba_-_dreher_-_07-18x9.jpg 18w\" sizes=\"auto, (max-width: 500px) 100vw, 500px\" \/><figcaption class=\"wp-element-caption\">Max Dreher et son Baby Mamba Jet. Source : Popular Mechanics, Mai 1973<\/figcaption><\/figure>\n\n\n\n<figure class=\"wp-block-image size-large\"><img loading=\"lazy\" decoding=\"async\" width=\"500\" height=\"437\" src=\"http:\/\/minijets.org\/wp-content\/uploads\/2020\/12\/Dreher_TJ76_-_Baby_Mamba_-_09.jpg\" alt=\"Prue 215A Mamba Jet\" class=\"wp-image-34\" srcset=\"https:\/\/minijets.org\/wp-content\/uploads\/2020\/12\/Dreher_TJ76_-_Baby_Mamba_-_09.jpg 500w, https:\/\/minijets.org\/wp-content\/uploads\/2020\/12\/Dreher_TJ76_-_Baby_Mamba_-_09-300x262.jpg 300w, https:\/\/minijets.org\/wp-content\/uploads\/2020\/12\/Dreher_TJ76_-_Baby_Mamba_-_09-14x12.jpg 14w\" sizes=\"auto, (max-width: 500px) 100vw, 500px\" \/><figcaption class=\"wp-element-caption\">Carrenage du baby mamba jet sur le Prue-215A. Source : Sport Aviation, octobre 1969<\/figcaption><\/figure>\n<\/div>\n<\/div>\n\n\n\n<div class=\"wp-block-columns is-layout-flex wp-container-core-columns-is-layout-28f84493 wp-block-columns-is-layout-flex\">\n<div class=\"wp-block-column is-layout-flow wp-block-column-is-layout-flow\">\n<figure class=\"wp-block-image size-large\"><img loading=\"lazy\" decoding=\"async\" width=\"500\" height=\"340\" src=\"http:\/\/minijets.org\/wp-content\/uploads\/2020\/12\/Prue_P215_-_baby_mamba_-_dreher_-_06.jpg\" alt=\"Prue 215A Mamba Jet\" class=\"wp-image-41\" srcset=\"https:\/\/minijets.org\/wp-content\/uploads\/2020\/12\/Prue_P215_-_baby_mamba_-_dreher_-_06.jpg 500w, https:\/\/minijets.org\/wp-content\/uploads\/2020\/12\/Prue_P215_-_baby_mamba_-_dreher_-_06-300x204.jpg 300w, https:\/\/minijets.org\/wp-content\/uploads\/2020\/12\/Prue_P215_-_baby_mamba_-_dreher_-_06-18x12.jpg 18w\" sizes=\"auto, (max-width: 500px) 100vw, 500px\" \/><\/figure>\n<\/div>\n\n\n\n<div class=\"wp-block-column is-layout-flow wp-block-column-is-layout-flow\">\n<figure class=\"wp-block-image size-large\"><img loading=\"lazy\" decoding=\"async\" width=\"500\" height=\"340\" src=\"http:\/\/minijets.org\/wp-content\/uploads\/2020\/12\/Prue_P215_-_baby_mamba_-_dreher_-_09.jpg\" alt=\"Prue 215A Mamba Jet\" class=\"wp-image-36\" srcset=\"https:\/\/minijets.org\/wp-content\/uploads\/2020\/12\/Prue_P215_-_baby_mamba_-_dreher_-_09.jpg 500w, https:\/\/minijets.org\/wp-content\/uploads\/2020\/12\/Prue_P215_-_baby_mamba_-_dreher_-_09-300x204.jpg 300w, https:\/\/minijets.org\/wp-content\/uploads\/2020\/12\/Prue_P215_-_baby_mamba_-_dreher_-_09-18x12.jpg 18w\" sizes=\"auto, (max-width: 500px) 100vw, 500px\" \/><\/figure>\n<\/div>\n\n\n\n<div class=\"wp-block-column is-layout-flow wp-block-column-is-layout-flow\">\n<figure class=\"wp-block-image size-large\"><img loading=\"lazy\" decoding=\"async\" width=\"372\" height=\"258\" src=\"http:\/\/minijets.org\/wp-content\/uploads\/2020\/12\/Dreher_TJ76_-_Baby_Mamba_-_04.jpg\" alt=\"Prue 215A Mamba Jet\" class=\"wp-image-47\" srcset=\"https:\/\/minijets.org\/wp-content\/uploads\/2020\/12\/Dreher_TJ76_-_Baby_Mamba_-_04.jpg 372w, https:\/\/minijets.org\/wp-content\/uploads\/2020\/12\/Dreher_TJ76_-_Baby_Mamba_-_04-300x208.jpg 300w, https:\/\/minijets.org\/wp-content\/uploads\/2020\/12\/Dreher_TJ76_-_Baby_Mamba_-_04-18x12.jpg 18w\" sizes=\"auto, (max-width: 372px) 100vw, 372px\" \/><\/figure>\n<\/div>\n<\/div>","protected":false},"excerpt":{"rendered":"<p>Mr Max Dreher, un ing\u00e9nieur en a\u00e9ronautique, a \u00e9tudi\u00e9 et construit toute une s\u00e9rie de petits turbor\u00e9acteur entre 1952 et 1976. Il a mont\u00e9 l&#8217;un d&#8217;entre eux, plus connu sous l&#8217;appellation TJD-76 Baby Mamba, sur le dos du fuselage de son planeur Prue 215A Mamba Jet. Three Prue 215s were built, all as amateur-builts from [&hellip;]<\/p>","protected":false},"author":1,"featured_media":41,"parent":942,"menu_order":0,"comment_status":"closed","ping_status":"closed","template":"","meta":{"_acf_changed":false,"cybocfi_hide_featured_image":"","footnotes":""},"categories":[17],"tags":[],"planes-000-100":[],"class_list":["post-1507","page","type-page","status-publish","has-post-thumbnail","hentry","category-plane-000-100"],"blocksy_meta":[],"acf":[],"_links":{"self":[{"href":"https:\/\/minijets.org\/en\/wp-json\/wp\/v2\/pages\/1507","targetHints":{"allow":["GET"]}}],"collection":[{"href":"https:\/\/minijets.org\/en\/wp-json\/wp\/v2\/pages"}],"about":[{"href":"https:\/\/minijets.org\/en\/wp-json\/wp\/v2\/types\/page"}],"author":[{"embeddable":true,"href":"https:\/\/minijets.org\/en\/wp-json\/wp\/v2\/users\/1"}],"replies":[{"embeddable":true,"href":"https:\/\/minijets.org\/en\/wp-json\/wp\/v2\/comments?post=1507"}],"version-history":[{"count":2,"href":"https:\/\/minijets.org\/en\/wp-json\/wp\/v2\/pages\/1507\/revisions"}],"predecessor-version":[{"id":8735,"href":"https:\/\/minijets.org\/en\/wp-json\/wp\/v2\/pages\/1507\/revisions\/8735"}],"up":[{"embeddable":true,"href":"https:\/\/minijets.org\/en\/wp-json\/wp\/v2\/pages\/942"}],"wp:featuredmedia":[{"embeddable":true,"href":"https:\/\/minijets.org\/en\/wp-json\/wp\/v2\/media\/41"}],"wp:attachment":[{"href":"https:\/\/minijets.org\/en\/wp-json\/wp\/v2\/media?parent=1507"}],"wp:term":[{"taxonomy":"category","embeddable":true,"href":"https:\/\/minijets.org\/en\/wp-json\/wp\/v2\/categories?post=1507"},{"taxonomy":"post_tag","embeddable":true,"href":"https:\/\/minijets.org\/en\/wp-json\/wp\/v2\/tags?post=1507"},{"taxonomy":"planes-000-100","embeddable":true,"href":"https:\/\/minijets.org\/en\/wp-json\/wp\/v2\/planes-000-100?post=1507"}],"curies":[{"name":"wp","href":"https:\/\/api.w.org\/{rel}","templated":true}]}}