{"id":1524,"date":"2021-01-05T12:21:35","date_gmt":"2021-01-05T11:21:35","guid":{"rendered":"http:\/\/tst.minijets.org\/?page_id=1524"},"modified":"2024-05-30T13:54:03","modified_gmt":"2024-05-30T11:54:03","slug":"antonov-a-13m","status":"publish","type":"page","link":"https:\/\/minijets.org\/en\/0-100\/lyulka-ts-31m\/antonov-a-13m\/","title":{"rendered":"Antonov A-13M"},"content":{"rendered":"<p>Le motoplaneur \u00e0 r\u00e9action Antonov A-13M est issu de la conversion d&#8217;un planeur A-13, r\u00e9alis\u00e9e dans les ann\u00e9es 1958-1959,  par l&#8217;OKB <a href=\"https:\/\/fr.wikipedia.org\/wiki\/Antonov_(a%C3%A9ronautique)\" data-type=\"URL\" data-id=\"https:\/\/fr.wikipedia.org\/wiki\/Antonov_(a%C3%A9ronautique)\" target=\"_blank\" rel=\"noopener\">Antonov<\/a>, sous la direction de l&#8217;ing\u00e9nieur RA Izmailov.<\/p>\n\n\n\n<div class=\"wp-block-columns is-layout-flex wp-container-core-columns-is-layout-28f84493 wp-block-columns-is-layout-flex\">\n<div class=\"wp-block-column is-layout-flow wp-block-column-is-layout-flow\" style=\"flex-basis:50%\">\n<p>Le  r\u00e9acteur, un <a href=\"https:\/\/minijets.org\/en\/0-100\/lyulka-ts-31m\/\" data-type=\"page\" data-id=\"1000\">Lyulka TS-31M<\/a> d&#8217;une puissance d&#8217;environ 60 Kg de pouss\u00e9e, a \u00e9t\u00e9 install\u00e9 sur un pilonne positionn\u00e9 sur le dos du fuselage, imm\u00e9diatement derri\u00e8re le poste de pilotage. Il est enti\u00e8rement car\u00e9n\u00e9.<\/p>\n\n\n\n<p>Des modifications ont \u00e9t\u00e9 apport\u00e9es au fuselage pour loger les \u00e9quipement destin\u00e9s \u00e0 assurer le lancement et le fonctionnement du r\u00e9acteur.&nbsp;<\/p>\n\n\n\n<p>En&nbsp;<strong>F\u00e9vrier 1962<\/strong>, l&#8217;Antonov A-13M battra le record du monde de vitesse pour avion de la cat\u00e9gorie des moins de 500 Kg, \u00e0 la vitesse de&nbsp;<strong>196 km\/h.<\/strong><\/p>\n\n\n\n<figure class=\"wp-block-image size-large\"><img loading=\"lazy\" decoding=\"async\" width=\"500\" height=\"266\" src=\"http:\/\/minijets.org\/wp-content\/uploads\/2020\/12\/Antonov-A13-M_02.jpg\" alt=\"Antonov A-13M\" class=\"wp-image-1004\" srcset=\"https:\/\/minijets.org\/wp-content\/uploads\/2020\/12\/Antonov-A13-M_02.jpg 500w, https:\/\/minijets.org\/wp-content\/uploads\/2020\/12\/Antonov-A13-M_02-300x160.jpg 300w, https:\/\/minijets.org\/wp-content\/uploads\/2020\/12\/Antonov-A13-M_02-18x10.jpg 18w, https:\/\/minijets.org\/wp-content\/uploads\/2020\/12\/Antonov-A13-M_02-16x9.jpg 16w\" sizes=\"auto, (max-width: 500px) 100vw, 500px\" \/><\/figure>\n<\/div>\n\n\n\n<div class=\"wp-block-column is-layout-flow wp-block-column-is-layout-flow\" style=\"flex-basis:50%\">\n<figure class=\"wp-block-image size-large\"><img loading=\"lazy\" decoding=\"async\" width=\"616\" height=\"417\" src=\"http:\/\/minijets.org\/wp-content\/uploads\/2020\/12\/Antonov-A13-M_01.jpg\" alt=\"Antonov A-13M\" class=\"wp-image-1005\" srcset=\"https:\/\/minijets.org\/wp-content\/uploads\/2020\/12\/Antonov-A13-M_01.jpg 616w, https:\/\/minijets.org\/wp-content\/uploads\/2020\/12\/Antonov-A13-M_01-300x203.jpg 300w, https:\/\/minijets.org\/wp-content\/uploads\/2020\/12\/Antonov-A13-M_01-18x12.jpg 18w\" sizes=\"auto, (max-width: 616px) 100vw, 616px\" \/><figcaption class=\"wp-element-caption\">Avec l&#8217;aimable autorisation d&#8217;Ilya Morozov, Photo : Air Force Museum, Monino<\/figcaption><\/figure>\n<\/div>\n<\/div>\n\n\n\n<figure class=\"wp-block-image size-large\"><img loading=\"lazy\" decoding=\"async\" width=\"859\" height=\"295\" src=\"http:\/\/minijets.org\/wp-content\/uploads\/2020\/12\/Antonov-A13-M_06.jpg\" alt=\"Antonov A-13M, P3 views\" class=\"wp-image-1003\" srcset=\"https:\/\/minijets.org\/wp-content\/uploads\/2020\/12\/Antonov-A13-M_06.jpg 859w, https:\/\/minijets.org\/wp-content\/uploads\/2020\/12\/Antonov-A13-M_06-300x103.jpg 300w, https:\/\/minijets.org\/wp-content\/uploads\/2020\/12\/Antonov-A13-M_06-768x264.jpg 768w, https:\/\/minijets.org\/wp-content\/uploads\/2020\/12\/Antonov-A13-M_06-18x6.jpg 18w, https:\/\/minijets.org\/wp-content\/uploads\/2020\/12\/Antonov-A13-M_06-16x5.jpg 16w\" sizes=\"auto, (max-width: 859px) 100vw, 859px\" \/><\/figure>","protected":false},"excerpt":{"rendered":"<p>Le motoplaneur \u00e0 r\u00e9action Antonov A-13M est issu de la conversion d&#8217;un planeur A-13, r\u00e9alis\u00e9e dans les ann\u00e9es 1958-1959, par l&#8217;OKB Antonov, sous la direction de l&#8217;ing\u00e9nieur RA Izmailov. Le r\u00e9acteur, un Lyulka TS-31M d&#8217;une puissance d&#8217;environ 60 Kg de pouss\u00e9e, a \u00e9t\u00e9 install\u00e9 sur un pilonne positionn\u00e9 sur le dos du fuselage, imm\u00e9diatement derri\u00e8re [&hellip;]<\/p>","protected":false},"author":1,"featured_media":1007,"parent":1000,"menu_order":0,"comment_status":"closed","ping_status":"closed","template":"","meta":{"_acf_changed":false,"cybocfi_hide_featured_image":"","footnotes":""},"categories":[17],"tags":[],"planes-000-100":[],"class_list":["post-1524","page","type-page","status-publish","has-post-thumbnail","hentry","category-plane-000-100"],"blocksy_meta":[],"acf":[],"_links":{"self":[{"href":"https:\/\/minijets.org\/en\/wp-json\/wp\/v2\/pages\/1524","targetHints":{"allow":["GET"]}}],"collection":[{"href":"https:\/\/minijets.org\/en\/wp-json\/wp\/v2\/pages"}],"about":[{"href":"https:\/\/minijets.org\/en\/wp-json\/wp\/v2\/types\/page"}],"author":[{"embeddable":true,"href":"https:\/\/minijets.org\/en\/wp-json\/wp\/v2\/users\/1"}],"replies":[{"embeddable":true,"href":"https:\/\/minijets.org\/en\/wp-json\/wp\/v2\/comments?post=1524"}],"version-history":[{"count":3,"href":"https:\/\/minijets.org\/en\/wp-json\/wp\/v2\/pages\/1524\/revisions"}],"predecessor-version":[{"id":8818,"href":"https:\/\/minijets.org\/en\/wp-json\/wp\/v2\/pages\/1524\/revisions\/8818"}],"up":[{"embeddable":true,"href":"https:\/\/minijets.org\/en\/wp-json\/wp\/v2\/pages\/1000"}],"wp:featuredmedia":[{"embeddable":true,"href":"https:\/\/minijets.org\/en\/wp-json\/wp\/v2\/media\/1007"}],"wp:attachment":[{"href":"https:\/\/minijets.org\/en\/wp-json\/wp\/v2\/media?parent=1524"}],"wp:term":[{"taxonomy":"category","embeddable":true,"href":"https:\/\/minijets.org\/en\/wp-json\/wp\/v2\/categories?post=1524"},{"taxonomy":"post_tag","embeddable":true,"href":"https:\/\/minijets.org\/en\/wp-json\/wp\/v2\/tags?post=1524"},{"taxonomy":"planes-000-100","embeddable":true,"href":"https:\/\/minijets.org\/en\/wp-json\/wp\/v2\/planes-000-100?post=1524"}],"curies":[{"name":"wp","href":"https:\/\/api.w.org\/{rel}","templated":true}]}}