{"id":1668,"date":"2021-01-06T17:28:49","date_gmt":"2021-01-06T16:28:49","guid":{"rendered":"http:\/\/tst.minijets.org\/?page_id=1668"},"modified":"2024-10-21T20:38:09","modified_gmt":"2024-10-21T18:38:09","slug":"arcus-jet","status":"publish","type":"page","link":"https:\/\/minijets.org\/en\/100-150\/pbs-tj100\/arcus-jet\/","title":{"rendered":"Arcus Jet"},"content":{"rendered":"<h2 class=\"wp-block-heading\">Transformation par Desert Aerospace<\/h2>\n\n\n\n<figure class=\"wp-block-image size-large\"><img loading=\"lazy\" decoding=\"async\" width=\"900\" height=\"154\" src=\"http:\/\/minijets.org\/wp-content\/uploads\/2020\/12\/Arcus-J_04.jpg\" alt=\"\" class=\"wp-image-658\" srcset=\"https:\/\/minijets.org\/wp-content\/uploads\/2020\/12\/Arcus-J_04.jpg 900w, https:\/\/minijets.org\/wp-content\/uploads\/2020\/12\/Arcus-J_04-300x51.jpg 300w, https:\/\/minijets.org\/wp-content\/uploads\/2020\/12\/Arcus-J_04-768x131.jpg 768w, https:\/\/minijets.org\/wp-content\/uploads\/2020\/12\/Arcus-J_04-18x3.jpg 18w\" sizes=\"auto, (max-width: 900px) 100vw, 900px\" \/><\/figure>\n\n\n\n<div class=\"wp-block-columns is-layout-flex wp-container-core-columns-is-layout-28f84493 wp-block-columns-is-layout-flex\">\n<div class=\"wp-block-column is-layout-flow wp-block-column-is-layout-flow\" style=\"flex-basis:50%\">\n<p>L&#8217;Arcus Jet\u00a0(ou Arcus J) est la conversion d&#8217;un motoplaneur de performance, Arcus M de chez\u00a0<a href=\"https:\/\/www.schempp-hirth.com\/\" data-type=\"URL\" data-id=\"https:\/\/www.schempp-hirth.com\/\" target=\"_blank\" rel=\"noopener\">Schempp-Hirth<\/a>, en planeur \u00e0 r\u00e9action, par adjonction d&#8217;un r\u00e9acteur\u00a0<a href=\"https:\/\/minijets.org\/en\/100-150\/pbs-tj100\/\" data-type=\"page\" data-id=\"632\">PBS TJ100<\/a> escamotable. <\/p>\n\n\n\n<p>Comme dans le cas du Bonus Jet, cette op\u00e9ration\u00a0a \u00e9t\u00e9 r\u00e9alis\u00e9e par\u00a0<a href=\"https:\/\/www.desertaerospace.com\/\" data-type=\"URL\" data-id=\"https:\/\/www.desertaerospace.com\/\" target=\"_blank\" rel=\"noopener\">Desert Aerospace<\/a>.\u00a0Bob Carlton\u00a0lui a fait faire son premier vol le\u00a029 septembre 2016.<\/p>\n\n\n\n<p>Au moins 4 exemplaires ont \u00e9t\u00e9 produits : N189DT et N188DT qui appartiennent \u00e0 des op\u00e9rateurs priv\u00e9s, et les N886DT et N887DT, qui sont utilis\u00e9s depuis 2022 par Airbus dans le cadre de son projet &#8221; Blue condor demonstrator &#8220;.<\/p>\n<\/div>\n\n\n\n<div class=\"wp-block-column is-layout-flow wp-block-column-is-layout-flow\" style=\"flex-basis:50%\">\n<h3 class=\"wp-block-heading\">Un vol m\u00e9morable<\/h3>\n\n\n\n<p>The&nbsp;<strong>14 octobre 2016<\/strong>, un vol int\u00e9ressant a \u00e9t\u00e9 effectu\u00e9 : Lanc\u00e9 au lever du soleil \u00e0 Inyokern (CA),&nbsp;<strong>Dennis Tito<\/strong>&nbsp;(propri\u00e9taire de l&#8217;Arcus-J) avec pour copilote le concepteur de l&#8217;appareil,&nbsp;Bob Carlton, se sont \u00e9l\u00e9v\u00e9s au moteur jusqu&#8217;\u00e0 8 000 m&nbsp;avant de trouver&nbsp;l&#8217;onde. Ils ont atterri 8&nbsp;heures et 1 175 km plus tard, r\u00e9alisant ainsi le premier plus long vol&nbsp;dans un planeur \u00e0 r\u00e9action. Cette&nbsp;premi\u00e8re a d\u00e9montr\u00e9 la capacit\u00e9 du planeur \u00e0 r\u00e9action \u00e0 optimiser les conditions de vols.<br><br>Comme Bob l\u2019a \u00e9crit apr\u00e8s ce vol: &#8221;&nbsp;<em>Cela confirme les avantages d\u2019un syst\u00e8me \u00e9quip\u00e9 d&#8217;un tel&nbsp;moteur simple, fiable et \u00e0 faible tra\u00een\u00e9e (~ 38: 1 avec le moteur d\u00e9ploy\u00e9), qui peut \u00eatre d\u00e9marr\u00e9 \u00e0 haute altitude dans des conditions de froid extr\u00eame, et \u00eatre suffisamment puissant&nbsp;pour nous propulser face aux&nbsp;vents&nbsp;<\/em>&#8220;.<\/p>\n<\/div>\n<\/div>\n\n\n\n<div class=\"wp-block-columns is-layout-flex wp-container-core-columns-is-layout-28f84493 wp-block-columns-is-layout-flex\">\n<div class=\"wp-block-column is-layout-flow wp-block-column-is-layout-flow\">\n<figure class=\"wp-block-image size-full\"><img loading=\"lazy\" decoding=\"async\" width=\"800\" height=\"600\" src=\"https:\/\/minijets.org\/wp-content\/uploads\/2024\/05\/Arcus-J_03.webp\" alt=\"\" class=\"wp-image-8823\" srcset=\"https:\/\/minijets.org\/wp-content\/uploads\/2024\/05\/Arcus-J_03.webp 800w, https:\/\/minijets.org\/wp-content\/uploads\/2024\/05\/Arcus-J_03-16x12.webp 16w, https:\/\/minijets.org\/wp-content\/uploads\/2024\/05\/Arcus-J_03-300x225.webp 300w, https:\/\/minijets.org\/wp-content\/uploads\/2024\/05\/Arcus-J_03-768x576.webp 768w\" sizes=\"auto, (max-width: 800px) 100vw, 800px\" \/><figcaption class=\"wp-element-caption\">Arcus Jet M \u00e9quip\u00e9 d&#8217;un PBS TJ-100<\/figcaption><\/figure>\n<\/div>\n\n\n\n<div class=\"wp-block-column is-layout-flow wp-block-column-is-layout-flow\">\n<figure class=\"wp-block-image size-full\"><img loading=\"lazy\" decoding=\"async\" width=\"800\" height=\"600\" src=\"https:\/\/minijets.org\/wp-content\/uploads\/2024\/05\/Arcus-J_02.webp\" alt=\"Arcus jet N887DT\" class=\"wp-image-8825\" srcset=\"https:\/\/minijets.org\/wp-content\/uploads\/2024\/05\/Arcus-J_02.webp 800w, https:\/\/minijets.org\/wp-content\/uploads\/2024\/05\/Arcus-J_02-16x12.webp 16w, https:\/\/minijets.org\/wp-content\/uploads\/2024\/05\/Arcus-J_02-300x225.webp 300w, https:\/\/minijets.org\/wp-content\/uploads\/2024\/05\/Arcus-J_02-768x576.webp 768w\" sizes=\"auto, (max-width: 800px) 100vw, 800px\" \/><figcaption class=\"wp-element-caption\">Arcus jet N887DT<\/figcaption><\/figure>\n<\/div>\n<\/div>\n\n\n\n<div class=\"wp-block-columns is-layout-flex wp-container-core-columns-is-layout-28f84493 wp-block-columns-is-layout-flex\">\n<div class=\"wp-block-column is-layout-flow wp-block-column-is-layout-flow\">\n<figure class=\"wp-block-image size-full\"><img loading=\"lazy\" decoding=\"async\" width=\"800\" height=\"600\" src=\"https:\/\/minijets.org\/wp-content\/uploads\/2024\/05\/Arcus-J_06.webp\" alt=\"Arcus jet N189DT\" class=\"wp-image-8824\" srcset=\"https:\/\/minijets.org\/wp-content\/uploads\/2024\/05\/Arcus-J_06.webp 800w, https:\/\/minijets.org\/wp-content\/uploads\/2024\/05\/Arcus-J_06-16x12.webp 16w, https:\/\/minijets.org\/wp-content\/uploads\/2024\/05\/Arcus-J_06-300x225.webp 300w, https:\/\/minijets.org\/wp-content\/uploads\/2024\/05\/Arcus-J_06-768x576.webp 768w\" sizes=\"auto, (max-width: 800px) 100vw, 800px\" \/><figcaption class=\"wp-element-caption\">Arcus jet N887DT, Minden6thaoe Airport. Source : Youtube, Flying simon<\/figcaption><\/figure>\n<\/div>\n\n\n\n<div class=\"wp-block-column is-layout-flow wp-block-column-is-layout-flow\">\n<figure class=\"wp-block-image size-full\"><img loading=\"lazy\" decoding=\"async\" width=\"800\" height=\"600\" src=\"https:\/\/minijets.org\/wp-content\/uploads\/2024\/05\/Arcus-J_07.webp\" alt=\"Arcus jet N188DT\" class=\"wp-image-8826\" srcset=\"https:\/\/minijets.org\/wp-content\/uploads\/2024\/05\/Arcus-J_07.webp 800w, https:\/\/minijets.org\/wp-content\/uploads\/2024\/05\/Arcus-J_07-16x12.webp 16w, https:\/\/minijets.org\/wp-content\/uploads\/2024\/05\/Arcus-J_07-300x225.webp 300w, https:\/\/minijets.org\/wp-content\/uploads\/2024\/05\/Arcus-J_07-768x576.webp 768w\" sizes=\"auto, (max-width: 800px) 100vw, 800px\" \/><figcaption class=\"wp-element-caption\">Arcus jet N188DT<\/figcaption><\/figure>\n<\/div>\n<\/div>\n\n\n\n<figure class=\"wp-block-image size-large\"><img loading=\"lazy\" decoding=\"async\" width=\"900\" height=\"142\" src=\"http:\/\/minijets.org\/wp-content\/uploads\/2020\/12\/Arcus-J_01.jpg\" alt=\"\" class=\"wp-image-715\" srcset=\"https:\/\/minijets.org\/wp-content\/uploads\/2020\/12\/Arcus-J_01.jpg 900w, https:\/\/minijets.org\/wp-content\/uploads\/2020\/12\/Arcus-J_01-300x47.jpg 300w, https:\/\/minijets.org\/wp-content\/uploads\/2020\/12\/Arcus-J_01-768x121.jpg 768w, https:\/\/minijets.org\/wp-content\/uploads\/2020\/12\/Arcus-J_01-18x3.jpg 18w\" sizes=\"auto, (max-width: 900px) 100vw, 900px\" \/><\/figure>","protected":false},"excerpt":{"rendered":"<p>Transformation par Desert Aerospace L&#8217;Arcus Jet\u00a0(ou Arcus J) est la conversion d&#8217;un motoplaneur de performance, Arcus M de chez\u00a0Schempp-Hirth, en planeur \u00e0 r\u00e9action, par adjonction d&#8217;un r\u00e9acteur\u00a0PBS TJ100 escamotable. Comme dans le cas du Bonus Jet, cette op\u00e9ration\u00a0a \u00e9t\u00e9 r\u00e9alis\u00e9e par\u00a0Desert Aerospace.\u00a0Bob Carlton\u00a0lui a fait faire son premier vol le\u00a029 septembre 2016. Au moins 4 [&hellip;]<\/p>","protected":false},"author":1,"featured_media":8825,"parent":632,"menu_order":0,"comment_status":"closed","ping_status":"closed","template":"","meta":{"_acf_changed":false,"cybocfi_hide_featured_image":"yes","footnotes":""},"categories":[18],"tags":[],"planes-000-100":[],"class_list":["post-1668","page","type-page","status-publish","has-post-thumbnail","hentry","category-plane-100-150"],"blocksy_meta":[],"acf":[],"_links":{"self":[{"href":"https:\/\/minijets.org\/en\/wp-json\/wp\/v2\/pages\/1668","targetHints":{"allow":["GET"]}}],"collection":[{"href":"https:\/\/minijets.org\/en\/wp-json\/wp\/v2\/pages"}],"about":[{"href":"https:\/\/minijets.org\/en\/wp-json\/wp\/v2\/types\/page"}],"author":[{"embeddable":true,"href":"https:\/\/minijets.org\/en\/wp-json\/wp\/v2\/users\/1"}],"replies":[{"embeddable":true,"href":"https:\/\/minijets.org\/en\/wp-json\/wp\/v2\/comments?post=1668"}],"version-history":[{"count":6,"href":"https:\/\/minijets.org\/en\/wp-json\/wp\/v2\/pages\/1668\/revisions"}],"predecessor-version":[{"id":9535,"href":"https:\/\/minijets.org\/en\/wp-json\/wp\/v2\/pages\/1668\/revisions\/9535"}],"up":[{"embeddable":true,"href":"https:\/\/minijets.org\/en\/wp-json\/wp\/v2\/pages\/632"}],"wp:featuredmedia":[{"embeddable":true,"href":"https:\/\/minijets.org\/en\/wp-json\/wp\/v2\/media\/8825"}],"wp:attachment":[{"href":"https:\/\/minijets.org\/en\/wp-json\/wp\/v2\/media?parent=1668"}],"wp:term":[{"taxonomy":"category","embeddable":true,"href":"https:\/\/minijets.org\/en\/wp-json\/wp\/v2\/categories?post=1668"},{"taxonomy":"post_tag","embeddable":true,"href":"https:\/\/minijets.org\/en\/wp-json\/wp\/v2\/tags?post=1668"},{"taxonomy":"planes-000-100","embeddable":true,"href":"https:\/\/minijets.org\/en\/wp-json\/wp\/v2\/planes-000-100?post=1668"}],"curies":[{"name":"wp","href":"https:\/\/api.w.org\/{rel}","templated":true}]}}