{"id":1730,"date":"2021-01-07T18:45:00","date_gmt":"2021-01-07T17:45:00","guid":{"rendered":"http:\/\/tst.minijets.org\/?page_id=1730"},"modified":"2022-12-07T15:19:56","modified_gmt":"2022-12-07T14:19:56","slug":"bd-5j-tj100","status":"publish","type":"page","link":"https:\/\/minijets.org\/en\/100-150\/pbs-tj100\/bd-5j-tj100\/","title":{"rendered":"BD-5J TJ100"},"content":{"rendered":"<h2 class=\"wp-block-heading\">Construction de <strong>Peter Jo Volk<\/strong> inspir\u00e9e des plans de Jim Bede<\/h2>\n\n\n\n<div class=\"wp-block-columns is-layout-flex wp-container-core-columns-is-layout-28f84493 wp-block-columns-is-layout-flex\">\n<div class=\"wp-block-column is-layout-flow wp-block-column-is-layout-flow\">\n<p>The<strong> <\/strong>BD-5J TJ100, immatricul\u00e9 D-EBDJ, a effectu\u00e9 son premier vol le&nbsp;1er ao\u00fbt 2012, aux mains de son constructeur&nbsp;Peter Jo Volk. Ce vol, qui a dur\u00e9e un quinzaine de minutes s&#8217;est d\u00e9roul\u00e9 en Allemagne sur le terrain de <a href=\"https:\/\/en.wikipedia.org\/wiki\/Ingolstadt_Manching_Airport\" data-type=\"URL\" data-id=\"https:\/\/en.wikipedia.org\/wiki\/Ingolstadt_Manching_Airport\" target=\"_blank\" rel=\"noopener\">Manching ETSI <\/a>(Bavi\u00e8re) .<\/p>\n\n\n\n<p>il a \u00e9t\u00e9 suivi d&#8217;un second qui a pu \u00eatre organis\u00e9 le 17 ao\u00fbt 2012. L&#8217;appareil a \u00e9t\u00e9 construit (principalement) \u00e0 partir d&#8217;un Kit achet\u00e9 \u00e0 un passionn\u00e9 Suisse, qui lui m\u00eame en avait l&#8217;acquisition dans les ann\u00e9es 70.<\/p>\n\n\n\n<p>Il est \u00e9quip\u00e9 d&#8217;un turbor\u00e9acteur&nbsp;<a href=\"https:\/\/minijets.org\/en\/100-150\/pbs-tj100\/\" data-type=\"page\" data-id=\"632\">PBS TJ100 B1<\/a>. Cette installation ainsi qu&#8217;un certain nombre d&#8217;autres \u00e9volutions on justifi\u00e9 l&#8217;appellation BD-5 JV (V version) que lui a donn\u00e9 son constructeur Peter Jo Volk.<\/p>\n<\/div>\n\n\n\n<div class=\"wp-block-column is-layout-flow wp-block-column-is-layout-flow\">\n<figure class=\"wp-block-image size-large\"><img loading=\"lazy\" decoding=\"async\" width=\"370\" height=\"245\" src=\"http:\/\/minijets.org\/wp-content\/uploads\/2020\/12\/BD-5J_D-EBDJ_-_04.jpg\" alt=\"\" class=\"wp-image-744\" srcset=\"https:\/\/minijets.org\/wp-content\/uploads\/2020\/12\/BD-5J_D-EBDJ_-_04.jpg 370w, https:\/\/minijets.org\/wp-content\/uploads\/2020\/12\/BD-5J_D-EBDJ_-_04-300x199.jpg 300w, https:\/\/minijets.org\/wp-content\/uploads\/2020\/12\/BD-5J_D-EBDJ_-_04-18x12.jpg 18w\" sizes=\"auto, (max-width: 370px) 100vw, 370px\" \/><figcaption class=\"wp-element-caption\">Constructeur, propri\u00e9taire et pilote de ce BD-5JV, Peter Jo Volk. Avec la courtoisie de Peter<\/figcaption><\/figure>\n<\/div>\n<\/div>\n\n\n\n<div class=\"wp-block-columns is-layout-flex wp-container-core-columns-is-layout-28f84493 wp-block-columns-is-layout-flex\">\n<div class=\"wp-block-column is-layout-flow wp-block-column-is-layout-flow\">\n<figure class=\"wp-block-image size-large\"><img loading=\"lazy\" decoding=\"async\" width=\"370\" height=\"240\" src=\"http:\/\/minijets.org\/wp-content\/uploads\/2020\/12\/BD-5J_D-EBDJ_-_02.jpg\" alt=\"BD-5J TJ100\" class=\"wp-image-755\" srcset=\"https:\/\/minijets.org\/wp-content\/uploads\/2020\/12\/BD-5J_D-EBDJ_-_02.jpg 370w, https:\/\/minijets.org\/wp-content\/uploads\/2020\/12\/BD-5J_D-EBDJ_-_02-300x195.jpg 300w, https:\/\/minijets.org\/wp-content\/uploads\/2020\/12\/BD-5J_D-EBDJ_-_02-18x12.jpg 18w\" sizes=\"auto, (max-width: 370px) 100vw, 370px\" \/><figcaption class=\"wp-element-caption\">Approche vers Manching le 17 ao\u00fbt 2012. Avec la courtoisie de Peter Jo Volk.<\/figcaption><\/figure>\n<\/div>\n\n\n\n<div class=\"wp-block-column is-layout-flow wp-block-column-is-layout-flow\">\n<figure class=\"wp-block-image size-large\"><img loading=\"lazy\" decoding=\"async\" width=\"370\" height=\"240\" src=\"http:\/\/minijets.org\/wp-content\/uploads\/2020\/12\/BD-5J_D-EBDJ_-_05.jpg\" alt=\"\" class=\"wp-image-738\" srcset=\"https:\/\/minijets.org\/wp-content\/uploads\/2020\/12\/BD-5J_D-EBDJ_-_05.jpg 370w, https:\/\/minijets.org\/wp-content\/uploads\/2020\/12\/BD-5J_D-EBDJ_-_05-300x195.jpg 300w, https:\/\/minijets.org\/wp-content\/uploads\/2020\/12\/BD-5J_D-EBDJ_-_05-18x12.jpg 18w\" sizes=\"auto, (max-width: 370px) 100vw, 370px\" \/><figcaption class=\"wp-element-caption\">B D 5 J D E B D J 05\nPhotos prise lors du 2i\u00e8me vol. Avec la courtoisie de Peter Jo Volk.<\/figcaption><\/figure>\n<\/div>\n\n\n\n<div class=\"wp-block-column is-layout-flow wp-block-column-is-layout-flow\">\n<figure class=\"wp-block-image size-large\"><img loading=\"lazy\" decoding=\"async\" width=\"370\" height=\"240\" src=\"http:\/\/minijets.org\/wp-content\/uploads\/2020\/12\/BD-5J_D-EBDJ_-_03.jpg\" alt=\"\" class=\"wp-image-722\" srcset=\"https:\/\/minijets.org\/wp-content\/uploads\/2020\/12\/BD-5J_D-EBDJ_-_03.jpg 370w, https:\/\/minijets.org\/wp-content\/uploads\/2020\/12\/BD-5J_D-EBDJ_-_03-300x195.jpg 300w, https:\/\/minijets.org\/wp-content\/uploads\/2020\/12\/BD-5J_D-EBDJ_-_03-18x12.jpg 18w\" sizes=\"auto, (max-width: 370px) 100vw, 370px\" \/><figcaption class=\"wp-element-caption\">Tr\u00e8s rare photo vue d&#8217;en haut, Manching 2012, avec la courtoisie de Peter Jo Volk.<\/figcaption><\/figure>\n<\/div>\n<\/div>\n\n\n\n<div class=\"wp-block-columns is-layout-flex wp-container-core-columns-is-layout-28f84493 wp-block-columns-is-layout-flex\">\n<div class=\"wp-block-column is-layout-flow wp-block-column-is-layout-flow\">\n<figure class=\"wp-block-image size-large\"><img loading=\"lazy\" decoding=\"async\" width=\"600\" height=\"400\" src=\"http:\/\/minijets.org\/wp-content\/uploads\/2020\/12\/BD-5J_D-EBDJ_-_06.jpg\" alt=\"\" class=\"wp-image-673\" srcset=\"https:\/\/minijets.org\/wp-content\/uploads\/2020\/12\/BD-5J_D-EBDJ_-_06.jpg 600w, https:\/\/minijets.org\/wp-content\/uploads\/2020\/12\/BD-5J_D-EBDJ_-_06-300x200.jpg 300w, https:\/\/minijets.org\/wp-content\/uploads\/2020\/12\/BD-5J_D-EBDJ_-_06-18x12.jpg 18w\" sizes=\"auto, (max-width: 600px) 100vw, 600px\" \/><figcaption class=\"wp-element-caption\">Nouvelle livr\u00e9e publi\u00e9e en septembre 2015 par Peter Jo Volk.<\/figcaption><\/figure>\n<\/div>\n\n\n\n<div class=\"wp-block-column is-layout-flow wp-block-column-is-layout-flow\">\n<figure class=\"wp-block-image size-large\"><img loading=\"lazy\" decoding=\"async\" width=\"600\" height=\"400\" src=\"http:\/\/minijets.org\/wp-content\/uploads\/2020\/12\/BD-5J_D-EBDJ_-_07.jpg\" alt=\"\" class=\"wp-image-668\" srcset=\"https:\/\/minijets.org\/wp-content\/uploads\/2020\/12\/BD-5J_D-EBDJ_-_07.jpg 600w, https:\/\/minijets.org\/wp-content\/uploads\/2020\/12\/BD-5J_D-EBDJ_-_07-300x200.jpg 300w, https:\/\/minijets.org\/wp-content\/uploads\/2020\/12\/BD-5J_D-EBDJ_-_07-18x12.jpg 18w\" sizes=\"auto, (max-width: 600px) 100vw, 600px\" \/><figcaption class=\"wp-element-caption\">Nouvelle vue de cette magnifique livr\u00e9e.<\/figcaption><\/figure>\n<\/div>\n<\/div>","protected":false},"excerpt":{"rendered":"<p>Construction de Peter Jo Volk inspir\u00e9e des plans de Jim Bede Le BD-5J TJ100, immatricul\u00e9 D-EBDJ, a effectu\u00e9 son premier vol le&nbsp;1er ao\u00fbt 2012, aux mains de son constructeur&nbsp;Peter Jo Volk. Ce vol, qui a dur\u00e9e un quinzaine de minutes s&#8217;est d\u00e9roul\u00e9 en Allemagne sur le terrain de Manching ETSI (Bavi\u00e8re) . il a \u00e9t\u00e9 [&hellip;]<\/p>","protected":false},"author":1,"featured_media":738,"parent":632,"menu_order":0,"comment_status":"closed","ping_status":"closed","template":"","meta":{"_acf_changed":false,"cybocfi_hide_featured_image":"","footnotes":""},"categories":[18],"tags":[],"planes-000-100":[],"class_list":["post-1730","page","type-page","status-publish","has-post-thumbnail","hentry","category-plane-100-150"],"blocksy_meta":[],"acf":[],"_links":{"self":[{"href":"https:\/\/minijets.org\/en\/wp-json\/wp\/v2\/pages\/1730","targetHints":{"allow":["GET"]}}],"collection":[{"href":"https:\/\/minijets.org\/en\/wp-json\/wp\/v2\/pages"}],"about":[{"href":"https:\/\/minijets.org\/en\/wp-json\/wp\/v2\/types\/page"}],"author":[{"embeddable":true,"href":"https:\/\/minijets.org\/en\/wp-json\/wp\/v2\/users\/1"}],"replies":[{"embeddable":true,"href":"https:\/\/minijets.org\/en\/wp-json\/wp\/v2\/comments?post=1730"}],"version-history":[{"count":0,"href":"https:\/\/minijets.org\/en\/wp-json\/wp\/v2\/pages\/1730\/revisions"}],"up":[{"embeddable":true,"href":"https:\/\/minijets.org\/en\/wp-json\/wp\/v2\/pages\/632"}],"wp:featuredmedia":[{"embeddable":true,"href":"https:\/\/minijets.org\/en\/wp-json\/wp\/v2\/media\/738"}],"wp:attachment":[{"href":"https:\/\/minijets.org\/en\/wp-json\/wp\/v2\/media?parent=1730"}],"wp:term":[{"taxonomy":"category","embeddable":true,"href":"https:\/\/minijets.org\/en\/wp-json\/wp\/v2\/categories?post=1730"},{"taxonomy":"post_tag","embeddable":true,"href":"https:\/\/minijets.org\/en\/wp-json\/wp\/v2\/tags?post=1730"},{"taxonomy":"planes-000-100","embeddable":true,"href":"https:\/\/minijets.org\/en\/wp-json\/wp\/v2\/planes-000-100?post=1730"}],"curies":[{"name":"wp","href":"https:\/\/api.w.org\/{rel}","templated":true}]}}