{"id":1779,"date":"2021-01-08T13:59:20","date_gmt":"2021-01-08T12:59:20","guid":{"rendered":"http:\/\/tst.minijets.org\/?page_id=1779"},"modified":"2022-11-17T20:17:28","modified_gmt":"2022-11-17T19:17:28","slug":"bonusjet-tst-14j","status":"publish","type":"page","link":"https:\/\/minijets.org\/en\/100-150\/pbs-tj100\/bonusjet-tst-14j\/","title":{"rendered":"TST-14J BonusJet"},"content":{"rendered":"<figure class=\"wp-block-image size-large\"><img loading=\"lazy\" decoding=\"async\" width=\"950\" height=\"190\" src=\"http:\/\/minijets.org\/wp-content\/uploads\/2020\/12\/BonusJet-_TJ100_-_11.jpg\" alt=\"TST-14J BonusJet\" class=\"wp-image-690\" srcset=\"https:\/\/minijets.org\/wp-content\/uploads\/2020\/12\/BonusJet-_TJ100_-_11.jpg 950w, https:\/\/minijets.org\/wp-content\/uploads\/2020\/12\/BonusJet-_TJ100_-_11-300x60.jpg 300w, https:\/\/minijets.org\/wp-content\/uploads\/2020\/12\/BonusJet-_TJ100_-_11-768x154.jpg 768w, https:\/\/minijets.org\/wp-content\/uploads\/2020\/12\/BonusJet-_TJ100_-_11-18x4.jpg 18w\" sizes=\"auto, (max-width: 950px) 100vw, 950px\" \/><figcaption class=\"wp-element-caption\">Bonus Jet de Bob Carlton, \u00e9quip\u00e9 d&#8217;un TJ100. 1er vol le 25 mai 2010 (Avec la courtoisie de Desert Aerospace LLC, Photo par Bill Pearson)<\/figcaption><\/figure>\n\n\n\n<div class=\"wp-block-columns is-layout-flex wp-container-core-columns-is-layout-28f84493 wp-block-columns-is-layout-flex\">\n<div class=\"wp-block-column is-layout-flow wp-block-column-is-layout-flow\" style=\"flex-basis:50%\">\n<figure class=\"wp-block-image size-large\"><img loading=\"lazy\" decoding=\"async\" width=\"500\" height=\"332\" src=\"http:\/\/minijets.org\/wp-content\/uploads\/2020\/12\/BonusJet-_TJ100_-_03.jpg\" alt=\"TST-14J BonusJet\" class=\"wp-image-749\" srcset=\"https:\/\/minijets.org\/wp-content\/uploads\/2020\/12\/BonusJet-_TJ100_-_03.jpg 500w, https:\/\/minijets.org\/wp-content\/uploads\/2020\/12\/BonusJet-_TJ100_-_03-300x199.jpg 300w, https:\/\/minijets.org\/wp-content\/uploads\/2020\/12\/BonusJet-_TJ100_-_03-18x12.jpg 18w\" sizes=\"auto, (max-width: 500px) 100vw, 500px\" \/><figcaption class=\"wp-element-caption\">BonusJet [Courtesy of Desert Aerospace, LLC. Photo by Mark Mocho]<\/figcaption><\/figure>\n<\/div>\n\n\n\n<div class=\"wp-block-column minijets_table is-layout-flow wp-block-column-is-layout-flow\" style=\"flex-basis:50%\">\n<p>Le TST-14J BonusJet est un planeur biplace de haute performance Bonus, fabriqu\u00e9 par la soci\u00e9t\u00e9 Italienne TeST, qui a \u00e9t\u00e9 transform\u00e9 avec l&#8217;installation un turbor\u00e9acteur <a href=\"https:\/\/minijets.org\/en\/100-150\/pbs-tj100\/\" data-type=\"page\" data-id=\"632\">PBS TJ-100<\/a>. La conception et la r\u00e9alisation de l&#8217;ajout de ce moteur a \u00e9t\u00e9 effectu\u00e9e par la soci\u00e9t\u00e9 <a href=\"https:\/\/www.desertaerospace.com\/\" data-type=\"URL\" data-id=\"https:\/\/www.desertaerospace.com\/\" target=\"_blank\" rel=\"noopener\">Desert Aerospace<\/a> de <a href=\"#bob\" data-type=\"internal\" data-id=\"#bob\">Bob Carlton<\/a>.<\/p>\n\n\n\n<p>Le turbor\u00e9acteur PBS TJ-100, connu pour sa simplicit\u00e9 et ses performances, est install\u00e9 sur un pyl\u00f4ne r\u00e9tractable<\/p>\n\n\n\n<p>le TJ-100 rend possible le d\u00e9collage. Une fois r\u00e9tract\u00e9, le BonusJet se comporte comme un v\u00e9ritable planeur. Le rallumage en vol est possible.<\/p>\n\n\n\n<p>Les premiers essais en vol ont montr\u00e9 un taux de mont\u00e9e de l\u2019ordre de 275 m par minute.<\/p>\n<\/div>\n<\/div>\n\n\n\n<div class=\"wp-block-columns is-layout-flex wp-container-core-columns-is-layout-28f84493 wp-block-columns-is-layout-flex\">\n<div class=\"wp-block-column is-layout-flow wp-block-column-is-layout-flow\">\n<figure class=\"wp-block-image size-large\"><img loading=\"lazy\" decoding=\"async\" width=\"500\" height=\"332\" src=\"http:\/\/minijets.org\/wp-content\/uploads\/2020\/12\/BonusJet-_TJ100_-_01.jpg\" alt=\"TST-14J BonusJet\" class=\"wp-image-736\" srcset=\"https:\/\/minijets.org\/wp-content\/uploads\/2020\/12\/BonusJet-_TJ100_-_01.jpg 500w, https:\/\/minijets.org\/wp-content\/uploads\/2020\/12\/BonusJet-_TJ100_-_01-300x199.jpg 300w, https:\/\/minijets.org\/wp-content\/uploads\/2020\/12\/BonusJet-_TJ100_-_01-18x12.jpg 18w\" sizes=\"auto, (max-width: 500px) 100vw, 500px\" \/><figcaption class=\"wp-element-caption\">BonusJet [Courtesy of Desert Aerospace, LLC. Photo by Mark Mocho]<\/figcaption><\/figure>\n<\/div>\n\n\n\n<div class=\"wp-block-column is-layout-flow wp-block-column-is-layout-flow\">\n<figure class=\"wp-block-image size-large\"><img loading=\"lazy\" decoding=\"async\" width=\"500\" height=\"333\" src=\"http:\/\/minijets.org\/wp-content\/uploads\/2020\/12\/BonusJet-_TJ100_-_09.jpg\" alt=\"TST-14J BonusJet\" class=\"wp-image-656\" srcset=\"https:\/\/minijets.org\/wp-content\/uploads\/2020\/12\/BonusJet-_TJ100_-_09.jpg 500w, https:\/\/minijets.org\/wp-content\/uploads\/2020\/12\/BonusJet-_TJ100_-_09-300x200.jpg 300w, https:\/\/minijets.org\/wp-content\/uploads\/2020\/12\/BonusJet-_TJ100_-_09-18x12.jpg 18w\" sizes=\"auto, (max-width: 500px) 100vw, 500px\" \/><figcaption class=\"wp-element-caption\">BonusJet, Courtesy of Desert Aerospace, LLC. Photo by Bill Pearson.<\/figcaption><\/figure>\n<\/div>\n<\/div>\n\n\n\n<div class=\"wp-block-columns is-layout-flex wp-container-core-columns-is-layout-28f84493 wp-block-columns-is-layout-flex\">\n<div class=\"wp-block-column is-layout-flow wp-block-column-is-layout-flow\">\n<figure class=\"wp-block-image size-large\"><img loading=\"lazy\" decoding=\"async\" width=\"500\" height=\"750\" src=\"http:\/\/minijets.org\/wp-content\/uploads\/2020\/12\/BonusJet-_TJ100_-_04.jpg\" alt=\"\" class=\"wp-image-670\" srcset=\"https:\/\/minijets.org\/wp-content\/uploads\/2020\/12\/BonusJet-_TJ100_-_04.jpg 500w, https:\/\/minijets.org\/wp-content\/uploads\/2020\/12\/BonusJet-_TJ100_-_04-200x300.jpg 200w, https:\/\/minijets.org\/wp-content\/uploads\/2020\/12\/BonusJet-_TJ100_-_04-8x12.jpg 8w\" sizes=\"auto, (max-width: 500px) 100vw, 500px\" \/><figcaption class=\"wp-element-caption\">BonusJet [Courtesy of Desert Aerospace, LLC. Photo by Bill Pearson]<\/figcaption><\/figure>\n<\/div>\n\n\n\n<div class=\"wp-block-column is-layout-flow wp-block-column-is-layout-flow\">\n<figure class=\"wp-block-image size-large\"><img loading=\"lazy\" decoding=\"async\" width=\"500\" height=\"333\" src=\"http:\/\/minijets.org\/wp-content\/uploads\/2020\/12\/BonusJet-_TJ100_-_08.jpg\" alt=\"\" class=\"wp-image-703\" srcset=\"https:\/\/minijets.org\/wp-content\/uploads\/2020\/12\/BonusJet-_TJ100_-_08.jpg 500w, https:\/\/minijets.org\/wp-content\/uploads\/2020\/12\/BonusJet-_TJ100_-_08-300x200.jpg 300w, https:\/\/minijets.org\/wp-content\/uploads\/2020\/12\/BonusJet-_TJ100_-_08-18x12.jpg 18w\" sizes=\"auto, (max-width: 500px) 100vw, 500px\" \/><figcaption class=\"wp-element-caption\">BonusJet [Courtesy of Desert Aerospace, LLC. Photo by Bill Pearson]<\/figcaption><\/figure>\n\n\n\n<figure class=\"wp-block-image size-large\"><img loading=\"lazy\" decoding=\"async\" width=\"500\" height=\"333\" src=\"http:\/\/minijets.org\/wp-content\/uploads\/2020\/12\/BonusJet-_TJ100_-_07.jpg\" alt=\"\" class=\"wp-image-649\" srcset=\"https:\/\/minijets.org\/wp-content\/uploads\/2020\/12\/BonusJet-_TJ100_-_07.jpg 500w, https:\/\/minijets.org\/wp-content\/uploads\/2020\/12\/BonusJet-_TJ100_-_07-300x200.jpg 300w, https:\/\/minijets.org\/wp-content\/uploads\/2020\/12\/BonusJet-_TJ100_-_07-18x12.jpg 18w\" sizes=\"auto, (max-width: 500px) 100vw, 500px\" \/><figcaption class=\"wp-element-caption\">BonusJet [Courtesy of Desert Aerospace, LLC. Photo by Bill Pearson]<\/figcaption><\/figure>\n<\/div>\n<\/div>\n\n\n\n<figure class=\"wp-block-image size-large\"><img loading=\"lazy\" decoding=\"async\" width=\"950\" height=\"632\" src=\"http:\/\/minijets.org\/wp-content\/uploads\/2020\/12\/BonusJet-_TJ100_-_06.jpg\" alt=\"Bonus Jet et Salto de Bob Carlton, tous deux \u00e9quip\u00e9s d'un PBS TJ100. Avec la courtoisie de Desert Aerospace LLC, Photo par Mark Mocho et Mitch Hudson\" class=\"wp-image-717\" srcset=\"https:\/\/minijets.org\/wp-content\/uploads\/2020\/12\/BonusJet-_TJ100_-_06.jpg 950w, https:\/\/minijets.org\/wp-content\/uploads\/2020\/12\/BonusJet-_TJ100_-_06-300x200.jpg 300w, https:\/\/minijets.org\/wp-content\/uploads\/2020\/12\/BonusJet-_TJ100_-_06-768x511.jpg 768w, https:\/\/minijets.org\/wp-content\/uploads\/2020\/12\/BonusJet-_TJ100_-_06-18x12.jpg 18w\" sizes=\"auto, (max-width: 950px) 100vw, 950px\" \/><figcaption class=\"wp-element-caption\">Bonus Jet et Salto de Bob Carlton, tous deux \u00e9quip\u00e9s d&#8217;un PBS TJ100. Avec la courtoisie de Desert Aerospace LLC, Photo par Mark Mocho et Mitch Hudson<\/figcaption><\/figure>\n\n\n\n<div class=\"wp-block-getwid-anchor\" id=\"bob\"><\/div>\n\n\n\n<div class=\"wp-block-group is-layout-flow wp-block-group-is-layout-flow\">\n<h2 class=\"wp-block-heading\">Sources and Notes<\/h2>\n\n\n\n<div class=\"wp-block-columns is-layout-flex wp-container-core-columns-is-layout-28f84493 wp-block-columns-is-layout-flex\">\n<div class=\"wp-block-column is-layout-flow wp-block-column-is-layout-flow\" style=\"flex-basis:25%\">\n<h3 class=\"wp-block-heading\"><\/h3>\n\n\n\n<figure class=\"wp-block-image size-large\"><img loading=\"lazy\" decoding=\"async\" width=\"360\" height=\"419\" src=\"http:\/\/minijets.org\/wp-content\/uploads\/2020\/12\/TJ100_Super_Salto_-_04.jpg\" alt=\"\" class=\"wp-image-692\" srcset=\"https:\/\/minijets.org\/wp-content\/uploads\/2020\/12\/TJ100_Super_Salto_-_04.jpg 360w, https:\/\/minijets.org\/wp-content\/uploads\/2020\/12\/TJ100_Super_Salto_-_04-258x300.jpg 258w, https:\/\/minijets.org\/wp-content\/uploads\/2020\/12\/TJ100_Super_Salto_-_04-10x12.jpg 10w\" sizes=\"auto, (max-width: 360px) 100vw, 360px\" \/><\/figure>\n<\/div>\n\n\n\n<div class=\"wp-block-column is-layout-flow wp-block-column-is-layout-flow\" style=\"flex-basis:75%\">\n<h3 class=\"wp-block-heading\"><strong>Bob Carlton<\/strong><\/h3>\n\n\n\n<p>Bob Carlton&nbsp;began flying in 1979 at the age of 19. He has since logged over 2000 hours in a wide variety of aircraft and holds a commercial pilot certificate. Bob has flown hang gliders, airplanes, helicopters, and sailplanes from hundreds of sites in the US, Canada, Mexico and Australia. Bob has flown airshows professionally since 1993. He lives in Albuquerque, New Mexico. He is a member of SSA and ICAS.<\/p>\n\n\n\n<p>Bob is one of the most versatile airshow performers in North America. He began flying airshows in his Salto sailplane, and over the years has continued to add innovative performances such as barnstormin&#8217; biplane aerobatics, helicopter sailplane tow, night aerobatics with strobes &amp; pyro and the world&#8217;s only twin jet sailplane. The tradition of innovation continues with the recent addition of the Super Salto jet sailplane, with more power, more speed and more aerobatic capability than any other sailplane on the planet!<\/p>\n\n\n\n<p>Bob Carlton is a retired rocket scientist for a major national laboratory.<\/p>\n\n\n\n<p>We would like to thanks Bob for all informations he always authorized us to publish. We congratulate&nbsp;him on all his jet projects and all his work&nbsp;with&nbsp;<a href=\"https:\/\/www.vertigoairshows.com\/\" target=\"_blank\" rel=\"noreferrer noopener\">Vertigo Airshows<\/a>&nbsp;and&nbsp;<a href=\"https:\/\/www.desertaerospace.com\/\" target=\"_blank\" rel=\"noreferrer noopener\">Desert Aerospace<\/a><\/p>\n<\/div>\n<\/div>\n<\/div>","protected":false},"excerpt":{"rendered":"<p>Le TST-14J BonusJet est un planeur biplace de haute performance Bonus, fabriqu\u00e9 par la soci\u00e9t\u00e9 Italienne TeST, qui a \u00e9t\u00e9 transform\u00e9 avec l&#8217;installation un turbor\u00e9acteur PBS TJ-100. La conception et la r\u00e9alisation de l&#8217;ajout de ce moteur a \u00e9t\u00e9 effectu\u00e9e par la soci\u00e9t\u00e9 Desert Aerospace de Bob Carlton. Le turbor\u00e9acteur PBS TJ-100, connu pour sa [&hellip;]<\/p>","protected":false},"author":1,"featured_media":663,"parent":632,"menu_order":0,"comment_status":"closed","ping_status":"closed","template":"","meta":{"_acf_changed":false,"cybocfi_hide_featured_image":"","footnotes":""},"categories":[18],"tags":[],"planes-000-100":[],"class_list":["post-1779","page","type-page","status-publish","has-post-thumbnail","hentry","category-plane-100-150"],"blocksy_meta":[],"acf":[],"_links":{"self":[{"href":"https:\/\/minijets.org\/en\/wp-json\/wp\/v2\/pages\/1779","targetHints":{"allow":["GET"]}}],"collection":[{"href":"https:\/\/minijets.org\/en\/wp-json\/wp\/v2\/pages"}],"about":[{"href":"https:\/\/minijets.org\/en\/wp-json\/wp\/v2\/types\/page"}],"author":[{"embeddable":true,"href":"https:\/\/minijets.org\/en\/wp-json\/wp\/v2\/users\/1"}],"replies":[{"embeddable":true,"href":"https:\/\/minijets.org\/en\/wp-json\/wp\/v2\/comments?post=1779"}],"version-history":[{"count":0,"href":"https:\/\/minijets.org\/en\/wp-json\/wp\/v2\/pages\/1779\/revisions"}],"up":[{"embeddable":true,"href":"https:\/\/minijets.org\/en\/wp-json\/wp\/v2\/pages\/632"}],"wp:featuredmedia":[{"embeddable":true,"href":"https:\/\/minijets.org\/en\/wp-json\/wp\/v2\/media\/663"}],"wp:attachment":[{"href":"https:\/\/minijets.org\/en\/wp-json\/wp\/v2\/media?parent=1779"}],"wp:term":[{"taxonomy":"category","embeddable":true,"href":"https:\/\/minijets.org\/en\/wp-json\/wp\/v2\/categories?post=1779"},{"taxonomy":"post_tag","embeddable":true,"href":"https:\/\/minijets.org\/en\/wp-json\/wp\/v2\/tags?post=1779"},{"taxonomy":"planes-000-100","embeddable":true,"href":"https:\/\/minijets.org\/en\/wp-json\/wp\/v2\/planes-000-100?post=1779"}],"curies":[{"name":"wp","href":"https:\/\/api.w.org\/{rel}","templated":true}]}}