{"id":1802,"date":"2021-01-08T14:28:12","date_gmt":"2021-01-08T13:28:12","guid":{"rendered":"http:\/\/tst.minijets.org\/?page_id=1802"},"modified":"2022-12-07T15:21:55","modified_gmt":"2022-12-07T14:21:55","slug":"marabu-iae-vut-001","status":"publish","type":"page","link":"https:\/\/minijets.org\/en\/100-150\/pbs-tj100\/marabu-iae-vut-001\/","title":{"rendered":"VUT 001 Marabu"},"content":{"rendered":"<h2 class=\"wp-block-heading\" id=\"block-d4db55d9-d436-4918-9965-85e43decb745\"> IAE de Brno<\/h2>\n\n\n\n<figure class=\"wp-block-image size-large\"><img loading=\"lazy\" decoding=\"async\" width=\"950\" height=\"322\" src=\"http:\/\/minijets.org\/wp-content\/uploads\/2020\/12\/VTU_001_Marabu_TJ100_-_01.jpg\" alt=\"VUT 001 Marabu\" class=\"wp-image-646\" srcset=\"https:\/\/minijets.org\/wp-content\/uploads\/2020\/12\/VTU_001_Marabu_TJ100_-_01.jpg 950w, https:\/\/minijets.org\/wp-content\/uploads\/2020\/12\/VTU_001_Marabu_TJ100_-_01-300x102.jpg 300w, https:\/\/minijets.org\/wp-content\/uploads\/2020\/12\/VTU_001_Marabu_TJ100_-_01-768x260.jpg 768w, https:\/\/minijets.org\/wp-content\/uploads\/2020\/12\/VTU_001_Marabu_TJ100_-_01-18x6.jpg 18w\" sizes=\"auto, (max-width: 950px) 100vw, 950px\" \/><figcaption class=\"wp-element-caption\">Avec la courtoisie de PBS<\/figcaption><\/figure>\n\n\n\n<div class=\"wp-block-columns is-layout-flex wp-container-core-columns-is-layout-28f84493 wp-block-columns-is-layout-flex\">\n<div class=\"wp-block-column is-layout-flow wp-block-column-is-layout-flow\">\n<figure class=\"wp-block-image size-large\"><img loading=\"lazy\" decoding=\"async\" width=\"500\" height=\"349\" src=\"http:\/\/minijets.org\/wp-content\/uploads\/2020\/12\/VTU_001_Marabu_TJ100_-_02.jpg\" alt=\"VUT 001 Marabu\" class=\"wp-image-719\" srcset=\"https:\/\/minijets.org\/wp-content\/uploads\/2020\/12\/VTU_001_Marabu_TJ100_-_02.jpg 500w, https:\/\/minijets.org\/wp-content\/uploads\/2020\/12\/VTU_001_Marabu_TJ100_-_02-300x209.jpg 300w, https:\/\/minijets.org\/wp-content\/uploads\/2020\/12\/VTU_001_Marabu_TJ100_-_02-18x12.jpg 18w\" sizes=\"auto, (max-width: 500px) 100vw, 500px\" \/><\/figure>\n<\/div>\n\n\n\n<div class=\"wp-block-column is-layout-flow wp-block-column-is-layout-flow\">\n<p>Le&nbsp;VUT 001 Marabu&nbsp;a \u00e9t\u00e9 enti\u00e8rement con\u00e7u et construit par l&#8217;IAE de Brno&nbsp;(r\u00e9publique Tch\u00e8que), sous la conduite du professeur&nbsp;Anton Pistek. <\/p>\n\n\n\n<p>Il s&#8217;agit d&#8217;un avion exp\u00e9rimental construit pour aider au d\u00e9veloppement d&#8217;\u00e9quipements pour les les syst\u00e8mes a\u00e9riens sans pilote (UAS) et v\u00e9hicules a\u00e9riens sans pilote (UAV).<\/p>\n\n\n\n<p>Il est caract\u00e9ris\u00e9 par sa propulsion mixte :&nbsp;un Moteur 4 cylindres Rotax 912 A2 avec h\u00e9lice propulsive&nbsp;et un turbor\u00e9acteur&nbsp;<a href=\"https:\/\/minijets.org\/en\/100-150\/pbs-tj100\/\" data-type=\"page\" data-id=\"632\">PBS TJ100&nbsp;M<\/a>.<\/p>\n\n\n\n<p>Il a fait son premier vol le&nbsp;29&nbsp;avril 2010&nbsp;\u00e0&nbsp;&nbsp;Kunovice&nbsp;(Sud-Est de la r\u00e9publique Tch\u00e8que) aux mains du pilote d&#8217;essai&nbsp;Stanislav Skelnar.<\/p>\n<\/div>\n<\/div>","protected":false},"excerpt":{"rendered":"<p>IAE de Brno Le&nbsp;VUT 001 Marabu&nbsp;a \u00e9t\u00e9 enti\u00e8rement con\u00e7u et construit par l&#8217;IAE de Brno&nbsp;(r\u00e9publique Tch\u00e8que), sous la conduite du professeur&nbsp;Anton Pistek. Il s&#8217;agit d&#8217;un avion exp\u00e9rimental construit pour aider au d\u00e9veloppement d&#8217;\u00e9quipements pour les les syst\u00e8mes a\u00e9riens sans pilote (UAS) et v\u00e9hicules a\u00e9riens sans pilote (UAV). Il est caract\u00e9ris\u00e9 par sa propulsion mixte :&nbsp;un [&hellip;]<\/p>","protected":false},"author":1,"featured_media":674,"parent":632,"menu_order":0,"comment_status":"closed","ping_status":"closed","template":"","meta":{"_acf_changed":false,"cybocfi_hide_featured_image":"","footnotes":""},"categories":[18],"tags":[],"planes-000-100":[],"class_list":["post-1802","page","type-page","status-publish","has-post-thumbnail","hentry","category-plane-100-150"],"blocksy_meta":[],"acf":[],"_links":{"self":[{"href":"https:\/\/minijets.org\/en\/wp-json\/wp\/v2\/pages\/1802","targetHints":{"allow":["GET"]}}],"collection":[{"href":"https:\/\/minijets.org\/en\/wp-json\/wp\/v2\/pages"}],"about":[{"href":"https:\/\/minijets.org\/en\/wp-json\/wp\/v2\/types\/page"}],"author":[{"embeddable":true,"href":"https:\/\/minijets.org\/en\/wp-json\/wp\/v2\/users\/1"}],"replies":[{"embeddable":true,"href":"https:\/\/minijets.org\/en\/wp-json\/wp\/v2\/comments?post=1802"}],"version-history":[{"count":0,"href":"https:\/\/minijets.org\/en\/wp-json\/wp\/v2\/pages\/1802\/revisions"}],"up":[{"embeddable":true,"href":"https:\/\/minijets.org\/en\/wp-json\/wp\/v2\/pages\/632"}],"wp:featuredmedia":[{"embeddable":true,"href":"https:\/\/minijets.org\/en\/wp-json\/wp\/v2\/media\/674"}],"wp:attachment":[{"href":"https:\/\/minijets.org\/en\/wp-json\/wp\/v2\/media?parent=1802"}],"wp:term":[{"taxonomy":"category","embeddable":true,"href":"https:\/\/minijets.org\/en\/wp-json\/wp\/v2\/categories?post=1802"},{"taxonomy":"post_tag","embeddable":true,"href":"https:\/\/minijets.org\/en\/wp-json\/wp\/v2\/tags?post=1802"},{"taxonomy":"planes-000-100","embeddable":true,"href":"https:\/\/minijets.org\/en\/wp-json\/wp\/v2\/planes-000-100?post=1802"}],"curies":[{"name":"wp","href":"https:\/\/api.w.org\/{rel}","templated":true}]}}