{"id":1806,"date":"2021-01-08T14:33:51","date_gmt":"2021-01-08T13:33:51","guid":{"rendered":"http:\/\/tst.minijets.org\/?page_id=1806"},"modified":"2022-11-20T00:06:39","modified_gmt":"2022-11-19T23:06:39","slug":"subsonex-jsx-1","status":"publish","type":"page","link":"https:\/\/minijets.org\/en\/100-150\/pbs-tj100\/subsonex-jsx-1\/","title":{"rendered":"Subsonex JSX-1"},"content":{"rendered":"<figure class=\"wp-block-image size-large\"><img loading=\"lazy\" decoding=\"async\" width=\"950\" height=\"289\" src=\"http:\/\/minijets.org\/wp-content\/uploads\/2020\/12\/Subsonex_JSX-1_-_07.jpg\" alt=\"Subsonex JSX-1\" class=\"wp-image-730\" srcset=\"https:\/\/minijets.org\/wp-content\/uploads\/2020\/12\/Subsonex_JSX-1_-_07.jpg 950w, https:\/\/minijets.org\/wp-content\/uploads\/2020\/12\/Subsonex_JSX-1_-_07-300x91.jpg 300w, https:\/\/minijets.org\/wp-content\/uploads\/2020\/12\/Subsonex_JSX-1_-_07-768x234.jpg 768w, https:\/\/minijets.org\/wp-content\/uploads\/2020\/12\/Subsonex_JSX-1_-_07-18x5.jpg 18w\" sizes=\"auto, (max-width: 950px) 100vw, 950px\" \/><figcaption class=\"wp-element-caption\">Subsonex, JSX-1, 2010. With courtesy of Sonex Aircraft.<\/figcaption><\/figure>\n\n\n\n<div class=\"wp-block-columns is-layout-flex wp-container-core-columns-is-layout-28f84493 wp-block-columns-is-layout-flex\">\n<div class=\"wp-block-column is-layout-flow wp-block-column-is-layout-flow\" style=\"flex-basis:50%\">\n<figure class=\"wp-block-image size-large\"><img loading=\"lazy\" decoding=\"async\" width=\"500\" height=\"333\" src=\"http:\/\/minijets.org\/wp-content\/uploads\/2020\/12\/Subsonex_JSX-1_-_03.jpg\" alt=\"Subsonex JSX-1\" class=\"wp-image-686\" srcset=\"https:\/\/minijets.org\/wp-content\/uploads\/2020\/12\/Subsonex_JSX-1_-_03.jpg 500w, https:\/\/minijets.org\/wp-content\/uploads\/2020\/12\/Subsonex_JSX-1_-_03-300x200.jpg 300w, https:\/\/minijets.org\/wp-content\/uploads\/2020\/12\/Subsonex_JSX-1_-_03-18x12.jpg 18w\" sizes=\"auto, (max-width: 500px) 100vw, 500px\" \/><figcaption class=\"wp-element-caption\">The SubSonex jet aircraft prototype, piloted by Bob Carlton, with courtesy of Sonex Aircraft<\/figcaption><\/figure>\n<\/div>\n\n\n\n<div class=\"wp-block-column minijets_table is-layout-flow wp-block-column-is-layout-flow\" style=\"flex-basis:50%\">\n<p>Le concept <a href=\"https:\/\/www.sonexaircraft.com\/\" data-type=\"URL\" data-id=\"https:\/\/www.sonexaircraft.com\/\" target=\"_blank\" rel=\"noopener\">SubSonex <\/a>de <strong>Personal Jet<\/strong> a \u00e9t\u00e9 d\u00e9voil\u00e9 pour la premi\u00e8re fois lors\u00a0rassemblement\u00a0EAA Air Venture d&#8217;Oshkosh en 2009. Apr\u00e8s des essais r\u00e9ussi avec le turbor\u00e9acteur\u00a0<a href=\"https:\/\/minijets.org\/en\/100-150\/pbs-tj100\/\">PBS TJ-100<\/a>\u00a0(le m\u00eame moteur tch\u00e8que que celui qui \u00e9quipait d\u00e9j\u00e0 les planeurs\u00a0Super Salto et lonus Jet de Bob Carlton), le prototype de l&#8217;avions \u00e0 r\u00e9action\u00a0SubSonex<strong>\u00a0JSX-1<\/strong>, a fait son premier vol le\u00a0<strong>10 ao\u00fbt 2011<\/strong>\u00a0sur l&#8217;a\u00e9roport\u00a0\u00a0<strong>Wittman\u00a0<\/strong>d&#8217;Oshkosh,\u00a0avec\u00a0<strong>Bob Carlton<\/strong>\u00a0aux commandes. Le vol a dur\u00e9 environ 14\u00a0minutes et s&#8217;est concentr\u00e9 sur la vitesse minimale, y compris les d\u00e9crochages et les approches basses vitesses dans la configuration d&#8217;atterrissage. <\/p>\n\n\n\n<p>Le Subsonnex JSX-1 a men\u00e9 \u00e0 bien son programme d&#8217;essais en vol en 2012.<\/p>\n<\/div>\n<\/div>\n\n\n\n<div class=\"wp-block-columns is-layout-flex wp-container-core-columns-is-layout-28f84493 wp-block-columns-is-layout-flex\">\n<div class=\"wp-block-column is-layout-flow wp-block-column-is-layout-flow\" style=\"flex-basis:50%\">\n<figure class=\"wp-block-image size-large\"><img loading=\"lazy\" decoding=\"async\" width=\"500\" height=\"333\" src=\"http:\/\/minijets.org\/wp-content\/uploads\/2020\/12\/Subsonex_JSX-1_-_02.jpg\" alt=\"\" class=\"wp-image-648\" srcset=\"https:\/\/minijets.org\/wp-content\/uploads\/2020\/12\/Subsonex_JSX-1_-_02.jpg 500w, https:\/\/minijets.org\/wp-content\/uploads\/2020\/12\/Subsonex_JSX-1_-_02-300x200.jpg 300w, https:\/\/minijets.org\/wp-content\/uploads\/2020\/12\/Subsonex_JSX-1_-_02-18x12.jpg 18w\" sizes=\"auto, (max-width: 500px) 100vw, 500px\" \/><figcaption class=\"wp-element-caption\">The SubSonex jet aircraft prototype, JSX-1, First flight, with courtesy of Sonex Aircraft<\/figcaption><\/figure>\n<\/div>\n\n\n\n<div class=\"wp-block-column minijets_table is-layout-flow wp-block-column-is-layout-flow\" style=\"flex-basis:50%\">\n<figure class=\"wp-block-image size-large\"><img loading=\"lazy\" decoding=\"async\" width=\"500\" height=\"333\" src=\"http:\/\/minijets.org\/wp-content\/uploads\/2020\/12\/Subsonex_JSX-1_-_0114121758.jpg\" alt=\"\" class=\"wp-image-720\" srcset=\"https:\/\/minijets.org\/wp-content\/uploads\/2020\/12\/Subsonex_JSX-1_-_0114121758.jpg 500w, https:\/\/minijets.org\/wp-content\/uploads\/2020\/12\/Subsonex_JSX-1_-_0114121758-300x200.jpg 300w, https:\/\/minijets.org\/wp-content\/uploads\/2020\/12\/Subsonex_JSX-1_-_0114121758-18x12.jpg 18w\" sizes=\"auto, (max-width: 500px) 100vw, 500px\" \/><figcaption class=\"wp-element-caption\">Bob Carlton and John Monnett, after first flight.<\/figcaption><\/figure>\n<\/div>\n<\/div>\n\n\n\n<div class=\"wp-block-columns is-layout-flex wp-container-core-columns-is-layout-28f84493 wp-block-columns-is-layout-flex\">\n<div class=\"wp-block-column is-layout-flow wp-block-column-is-layout-flow\">\n<figure class=\"wp-block-image size-large\"><img loading=\"lazy\" decoding=\"async\" width=\"500\" height=\"332\" src=\"http:\/\/minijets.org\/wp-content\/uploads\/2020\/12\/Subsonex_JSX-1_-_10.jpg\" alt=\"\" class=\"wp-image-664\" srcset=\"https:\/\/minijets.org\/wp-content\/uploads\/2020\/12\/Subsonex_JSX-1_-_10.jpg 500w, https:\/\/minijets.org\/wp-content\/uploads\/2020\/12\/Subsonex_JSX-1_-_10-300x199.jpg 300w, https:\/\/minijets.org\/wp-content\/uploads\/2020\/12\/Subsonex_JSX-1_-_10-18x12.jpg 18w\" sizes=\"auto, (max-width: 500px) 100vw, 500px\" \/><figcaption class=\"wp-element-caption\">TJ-100 installation in the upper part of the Subsonex fuselage. Photo with courtesy of John Trautschold<\/figcaption><\/figure>\n<\/div>\n\n\n\n<div class=\"wp-block-column is-layout-flow wp-block-column-is-layout-flow\">\n<figure class=\"wp-block-image size-large\"><img loading=\"lazy\" decoding=\"async\" width=\"500\" height=\"338\" src=\"http:\/\/minijets.org\/wp-content\/uploads\/2020\/12\/Subsonex_JSX-1_-_12.jpg\" alt=\"\" class=\"wp-image-747\" srcset=\"https:\/\/minijets.org\/wp-content\/uploads\/2020\/12\/Subsonex_JSX-1_-_12.jpg 500w, https:\/\/minijets.org\/wp-content\/uploads\/2020\/12\/Subsonex_JSX-1_-_12-300x203.jpg 300w, https:\/\/minijets.org\/wp-content\/uploads\/2020\/12\/Subsonex_JSX-1_-_12-18x12.jpg 18w\" sizes=\"auto, (max-width: 500px) 100vw, 500px\" \/><figcaption class=\"wp-element-caption\">Subsonex and turbojet engine TJ 100 : Annunciator panel and gas lever in the cockpit. With coutesy of Sonex Aircraft.<\/figcaption><\/figure>\n\n\n\n<p><\/p>\n<\/div>\n<\/div>\n\n\n\n<h2 class=\"wp-block-heading\">Previous configuration<\/h2>\n\n\n\n<div class=\"wp-block-columns is-layout-flex wp-container-core-columns-is-layout-28f84493 wp-block-columns-is-layout-flex\">\n<div class=\"wp-block-column is-layout-flow wp-block-column-is-layout-flow\">\n<figure class=\"wp-block-image size-large\"><img loading=\"lazy\" decoding=\"async\" width=\"500\" height=\"269\" src=\"http:\/\/minijets.org\/wp-content\/uploads\/2020\/12\/Subsonex_JSX-1_-_13.jpg\" alt=\"\" class=\"wp-image-735\" srcset=\"https:\/\/minijets.org\/wp-content\/uploads\/2020\/12\/Subsonex_JSX-1_-_13.jpg 500w, https:\/\/minijets.org\/wp-content\/uploads\/2020\/12\/Subsonex_JSX-1_-_13-300x161.jpg 300w, https:\/\/minijets.org\/wp-content\/uploads\/2020\/12\/Subsonex_JSX-1_-_13-18x10.jpg 18w\" sizes=\"auto, (max-width: 500px) 100vw, 500px\" \/><figcaption class=\"wp-element-caption\">Sonex Aircraft, had reveal SubSonex Jet at the company open house on Sunday, July 26th, 2009. With Courtesy of Bob.<\/figcaption><\/figure>\n<\/div>\n\n\n\n<div class=\"wp-block-column is-layout-flow wp-block-column-is-layout-flow\">\n<figure class=\"wp-block-image size-large\"><img loading=\"lazy\" decoding=\"async\" width=\"500\" height=\"278\" src=\"http:\/\/minijets.org\/wp-content\/uploads\/2020\/12\/Subsonex_JSX-1_-_14.jpg\" alt=\"\" class=\"wp-image-742\" srcset=\"https:\/\/minijets.org\/wp-content\/uploads\/2020\/12\/Subsonex_JSX-1_-_14.jpg 500w, https:\/\/minijets.org\/wp-content\/uploads\/2020\/12\/Subsonex_JSX-1_-_14-300x167.jpg 300w, https:\/\/minijets.org\/wp-content\/uploads\/2020\/12\/Subsonex_JSX-1_-_14-18x10.jpg 18w, https:\/\/minijets.org\/wp-content\/uploads\/2020\/12\/Subsonex_JSX-1_-_14-16x9.jpg 16w\" sizes=\"auto, (max-width: 500px) 100vw, 500px\" \/><figcaption class=\"wp-element-caption\">Sonex Aicraft factory, on July 26th, 2009. With Courtesy of Bob Carlton.<\/figcaption><\/figure>\n<\/div>\n<\/div>\n\n\n\n<div class=\"wp-block-columns is-layout-flex wp-container-core-columns-is-layout-28f84493 wp-block-columns-is-layout-flex\">\n<div class=\"wp-block-column is-layout-flow wp-block-column-is-layout-flow\">\n<figure class=\"wp-block-image size-large\"><img loading=\"lazy\" decoding=\"async\" width=\"500\" height=\"333\" src=\"http:\/\/minijets.org\/wp-content\/uploads\/2020\/12\/Subsonex_JSX-1_-_08.jpg\" alt=\"\" class=\"wp-image-642\" srcset=\"https:\/\/minijets.org\/wp-content\/uploads\/2020\/12\/Subsonex_JSX-1_-_08.jpg 500w, https:\/\/minijets.org\/wp-content\/uploads\/2020\/12\/Subsonex_JSX-1_-_08-300x200.jpg 300w, https:\/\/minijets.org\/wp-content\/uploads\/2020\/12\/Subsonex_JSX-1_-_08-18x12.jpg 18w\" sizes=\"auto, (max-width: 500px) 100vw, 500px\" \/><figcaption class=\"wp-element-caption\">Le Subsonex Jet lors des tests de roulage au sol, le 26 juillet 2011.<\/figcaption><\/figure>\n<\/div>\n\n\n\n<div class=\"wp-block-column is-layout-flow wp-block-column-is-layout-flow\">\n<figure class=\"wp-block-image size-large\"><img loading=\"lazy\" decoding=\"async\" width=\"500\" height=\"334\" src=\"http:\/\/minijets.org\/wp-content\/uploads\/2020\/12\/Subsonex_JSX-1_-_15.jpg\" alt=\"\" class=\"wp-image-660\" srcset=\"https:\/\/minijets.org\/wp-content\/uploads\/2020\/12\/Subsonex_JSX-1_-_15.jpg 500w, https:\/\/minijets.org\/wp-content\/uploads\/2020\/12\/Subsonex_JSX-1_-_15-300x200.jpg 300w, https:\/\/minijets.org\/wp-content\/uploads\/2020\/12\/Subsonex_JSX-1_-_15-18x12.jpg 18w\" sizes=\"auto, (max-width: 500px) 100vw, 500px\" \/><figcaption class=\"wp-element-caption\">SubSonex Jet with outrigger gear modification. With Courtesy of Sonex Aircraft<\/figcaption><\/figure>\n<\/div>\n<\/div>\n\n\n\n<p>En raison de la puissance accrue offerte par le nouveau r\u00e9acteur PBS TJ-100 s\u00e9lectionn\u00e9 pour le SubSonex, il a \u00e9t\u00e9 d\u00e9cid\u00e9 qu&#8217;une configuration de train tricycle serait n\u00e9cessaire pour augmenter la stabilit\u00e9 en lacet au sol lors de la phase de transition au d\u00e9collage.<\/p>\n\n\n\n<p>Le nouveau train d&#8217;atterrissage tricycle, fixe, et le turbor\u00e9acteur PBS TJ-100 ont \u00e9t\u00e9 pr\u00e9sent\u00e9s lors d&#8217;Air Venture 2010.<\/p>\n\n\n\n<div class=\"wp-block-columns is-layout-flex wp-container-core-columns-is-layout-28f84493 wp-block-columns-is-layout-flex\">\n<div class=\"wp-block-column is-layout-flow wp-block-column-is-layout-flow\">\n<figure class=\"wp-block-image size-large\"><img loading=\"lazy\" decoding=\"async\" width=\"500\" height=\"333\" src=\"http:\/\/minijets.org\/wp-content\/uploads\/2020\/12\/Subsonex_JSX-1_-_06.jpg\" alt=\"\" class=\"wp-image-714\" srcset=\"https:\/\/minijets.org\/wp-content\/uploads\/2020\/12\/Subsonex_JSX-1_-_06.jpg 500w, https:\/\/minijets.org\/wp-content\/uploads\/2020\/12\/Subsonex_JSX-1_-_06-300x200.jpg 300w, https:\/\/minijets.org\/wp-content\/uploads\/2020\/12\/Subsonex_JSX-1_-_06-18x12.jpg 18w\" sizes=\"auto, (max-width: 500px) 100vw, 500px\" \/><figcaption class=\"wp-element-caption\">Air Venture 2009, with previous turbojet engine and landing gear. With courtesy of John Trautschold<\/figcaption><\/figure>\n<\/div>\n\n\n\n<div class=\"wp-block-column is-layout-flow wp-block-column-is-layout-flow\">\n<figure class=\"wp-block-image size-large\"><img loading=\"lazy\" decoding=\"async\" width=\"500\" height=\"333\" src=\"http:\/\/minijets.org\/wp-content\/uploads\/2020\/12\/Subsonex_JSX-1_-_05.jpg\" alt=\"\" class=\"wp-image-688\" srcset=\"https:\/\/minijets.org\/wp-content\/uploads\/2020\/12\/Subsonex_JSX-1_-_05.jpg 500w, https:\/\/minijets.org\/wp-content\/uploads\/2020\/12\/Subsonex_JSX-1_-_05-300x200.jpg 300w, https:\/\/minijets.org\/wp-content\/uploads\/2020\/12\/Subsonex_JSX-1_-_05-18x12.jpg 18w\" sizes=\"auto, (max-width: 500px) 100vw, 500px\" \/><figcaption class=\"wp-element-caption\">Air Venture 2009, previous turbojet engine (probably the Heward MicroJet, tbc&#8230;). With courtesy of John Trautschold<\/figcaption><\/figure>\n<\/div>\n<\/div>\n\n\n\n<figure class=\"wp-block-image size-large\"><img loading=\"lazy\" decoding=\"async\" width=\"950\" height=\"387\" src=\"http:\/\/minijets.org\/wp-content\/uploads\/2020\/12\/Subsonex_JSX-1_-_11.jpg\" alt=\"\" class=\"wp-image-731\" srcset=\"https:\/\/minijets.org\/wp-content\/uploads\/2020\/12\/Subsonex_JSX-1_-_11.jpg 950w, https:\/\/minijets.org\/wp-content\/uploads\/2020\/12\/Subsonex_JSX-1_-_11-300x122.jpg 300w, https:\/\/minijets.org\/wp-content\/uploads\/2020\/12\/Subsonex_JSX-1_-_11-768x313.jpg 768w, https:\/\/minijets.org\/wp-content\/uploads\/2020\/12\/Subsonex_JSX-1_-_11-18x7.jpg 18w\" sizes=\"auto, (max-width: 950px) 100vw, 950px\" \/><\/figure>","protected":false},"excerpt":{"rendered":"<p>Le concept SubSonex de Personal Jet a \u00e9t\u00e9 d\u00e9voil\u00e9 pour la premi\u00e8re fois lors\u00a0rassemblement\u00a0EAA Air Venture d&#8217;Oshkosh en 2009. Apr\u00e8s des essais r\u00e9ussi avec le turbor\u00e9acteur\u00a0PBS TJ-100\u00a0(le m\u00eame moteur tch\u00e8que que celui qui \u00e9quipait d\u00e9j\u00e0 les planeurs\u00a0Super Salto et lonus Jet de Bob Carlton), le prototype de l&#8217;avions \u00e0 r\u00e9action\u00a0SubSonex\u00a0JSX-1, a fait son premier vol [&hellip;]<\/p>","protected":false},"author":1,"featured_media":671,"parent":632,"menu_order":0,"comment_status":"closed","ping_status":"closed","template":"","meta":{"_acf_changed":false,"cybocfi_hide_featured_image":"","footnotes":""},"categories":[18],"tags":[],"planes-000-100":[],"class_list":["post-1806","page","type-page","status-publish","has-post-thumbnail","hentry","category-plane-100-150"],"blocksy_meta":[],"acf":[],"_links":{"self":[{"href":"https:\/\/minijets.org\/en\/wp-json\/wp\/v2\/pages\/1806","targetHints":{"allow":["GET"]}}],"collection":[{"href":"https:\/\/minijets.org\/en\/wp-json\/wp\/v2\/pages"}],"about":[{"href":"https:\/\/minijets.org\/en\/wp-json\/wp\/v2\/types\/page"}],"author":[{"embeddable":true,"href":"https:\/\/minijets.org\/en\/wp-json\/wp\/v2\/users\/1"}],"replies":[{"embeddable":true,"href":"https:\/\/minijets.org\/en\/wp-json\/wp\/v2\/comments?post=1806"}],"version-history":[{"count":0,"href":"https:\/\/minijets.org\/en\/wp-json\/wp\/v2\/pages\/1806\/revisions"}],"up":[{"embeddable":true,"href":"https:\/\/minijets.org\/en\/wp-json\/wp\/v2\/pages\/632"}],"wp:featuredmedia":[{"embeddable":true,"href":"https:\/\/minijets.org\/en\/wp-json\/wp\/v2\/media\/671"}],"wp:attachment":[{"href":"https:\/\/minijets.org\/en\/wp-json\/wp\/v2\/media?parent=1806"}],"wp:term":[{"taxonomy":"category","embeddable":true,"href":"https:\/\/minijets.org\/en\/wp-json\/wp\/v2\/categories?post=1806"},{"taxonomy":"post_tag","embeddable":true,"href":"https:\/\/minijets.org\/en\/wp-json\/wp\/v2\/tags?post=1806"},{"taxonomy":"planes-000-100","embeddable":true,"href":"https:\/\/minijets.org\/en\/wp-json\/wp\/v2\/planes-000-100?post=1806"}],"curies":[{"name":"wp","href":"https:\/\/api.w.org\/{rel}","templated":true}]}}