{"id":1862,"date":"2021-01-09T19:45:56","date_gmt":"2021-01-09T18:45:56","guid":{"rendered":"http:\/\/tst.minijets.org\/?page_id=1862"},"modified":"2024-10-27T16:54:55","modified_gmt":"2024-10-27T15:54:55","slug":"subsonex-jsx-2t","status":"publish","type":"page","link":"https:\/\/minijets.org\/en\/100-150\/pbs-tj100\/subsonex-jsx-2t\/","title":{"rendered":"Subsonex JSX-2T project"},"content":{"rendered":"<figure class=\"wp-block-image size-large\"><img loading=\"lazy\" decoding=\"async\" width=\"1024\" height=\"402\" src=\"http:\/\/minijets.org\/wp-content\/uploads\/2020\/12\/JSX_T_2_hires-1024x402.jpg\" alt=\"Subsonex JSX-2T\" class=\"wp-image-716\" srcset=\"https:\/\/minijets.org\/wp-content\/uploads\/2020\/12\/JSX_T_2_hires-1024x402.jpg 1024w, https:\/\/minijets.org\/wp-content\/uploads\/2020\/12\/JSX_T_2_hires-300x118.jpg 300w, https:\/\/minijets.org\/wp-content\/uploads\/2020\/12\/JSX_T_2_hires-768x301.jpg 768w, https:\/\/minijets.org\/wp-content\/uploads\/2020\/12\/JSX_T_2_hires-1536x603.jpg 1536w, https:\/\/minijets.org\/wp-content\/uploads\/2020\/12\/JSX_T_2_hires-2048x803.jpg 2048w, https:\/\/minijets.org\/wp-content\/uploads\/2020\/12\/JSX_T_2_hires-18x7.jpg 18w, https:\/\/minijets.org\/wp-content\/uploads\/2020\/12\/JSX_T_2_hires-16x6.jpg 16w\" sizes=\"auto, (max-width: 1024px) 100vw, 1024px\" \/><\/figure>\n\n\n\n<div class=\"wp-block-columns is-layout-flex wp-container-core-columns-is-layout-28f84493 wp-block-columns-is-layout-flex\">\n<div class=\"wp-block-column is-layout-flow wp-block-column-is-layout-flow\" style=\"flex-basis:50%\">\n<figure class=\"wp-block-image size-large\"><img loading=\"lazy\" decoding=\"async\" width=\"1024\" height=\"933\" src=\"http:\/\/minijets.org\/wp-content\/uploads\/2020\/12\/JSX_T_9_20-1024x933.jpg\" alt=\"Subsonex JSX-2T\" class=\"wp-image-650\" srcset=\"https:\/\/minijets.org\/wp-content\/uploads\/2020\/12\/JSX_T_9_20-1024x933.jpg 1024w, https:\/\/minijets.org\/wp-content\/uploads\/2020\/12\/JSX_T_9_20-300x273.jpg 300w, https:\/\/minijets.org\/wp-content\/uploads\/2020\/12\/JSX_T_9_20-768x700.jpg 768w, https:\/\/minijets.org\/wp-content\/uploads\/2020\/12\/JSX_T_9_20-13x12.jpg 13w, https:\/\/minijets.org\/wp-content\/uploads\/2020\/12\/JSX_T_9_20.jpg 1440w\" sizes=\"auto, (max-width: 1024px) 100vw, 1024px\" \/><\/figure>\n<\/div>\n\n\n\n<div class=\"wp-block-column minijets_table is-layout-flow wp-block-column-is-layout-flow\" style=\"flex-basis:50%\">\n<p>En&nbsp;<strong>juillet 2019<\/strong>, <a href=\"https:\/\/www.sonexaircraft.com\/\" data-type=\"URL\" data-id=\"https:\/\/www.sonexaircraft.com\/\" target=\"_blank\" rel=\"noopener\">Sonex Aircraft<\/a> a annonc\u00e9&nbsp;le d\u00e9veloppement d&#8217;une version biplace du c\u00e9l\u00e8bre jet&nbsp;&nbsp;<a href=\"https:\/\/minijets.org\/en\/100-150\/pbs-tj100\/subsonex-jsx-2\/\" data-type=\"page\" data-id=\"1814\">SubSonex JSX-2<\/a>. Ce nouveau&nbsp;<strong>SubSonex JSX-2T<\/strong>&nbsp;est con\u00e7u pour \u00eatre l\u2019avion d&#8217;entra\u00eenement&nbsp;\u00e0 r\u00e9action existant le moins co\u00fbteux!&nbsp;Il sera id\u00e9al pour effectuer une&nbsp;transition plus facile vers le JSX-2, ou pour ceux&nbsp;qui pr\u00e9f\u00e8re les biplaces et veulent partager l\u2019exp\u00e9rience unique du vol \u00e0 r\u00e9action.<\/p>\n\n\n\n<p>Le JSX-2T est configur\u00e9 en biplace c\u00f4te \u00e0 c\u00f4te pour une flexibilit\u00e9 optimale en mati\u00e8re de CG ou chargement et offrir&nbsp;un environnement d&#8217;entra\u00eenement id\u00e9al pour son \u00e9quipage. Avec une envergure de 21,8 pieds, le JSX-2T aura une charge alaire&nbsp;similaire \u00e0 celle&nbsp;du monoplace JSX-2. il&nbsp;utilisera le m\u00eame r\u00e9acteur <a href=\"https:\/\/minijets.org\/en\/100-150\/pbs-tj100\/\" data-type=\"page\" data-id=\"632\">PBS TJ-100<\/a>, voir un PBS TJ-150 plus puissant en option, qui permettra d\u2019atteindre des performances encore plus \u00e9lev\u00e9es.<\/p>\n<\/div>\n<\/div>\n\n\n\n<div class=\"wp-block-columns is-layout-flex wp-container-core-columns-is-layout-28f84493 wp-block-columns-is-layout-flex\">\n<div class=\"wp-block-column is-layout-flow wp-block-column-is-layout-flow\" style=\"flex-basis:50%\">\n<figure class=\"wp-block-image size-large\"><img loading=\"lazy\" decoding=\"async\" width=\"1024\" height=\"380\" src=\"http:\/\/minijets.org\/wp-content\/uploads\/2020\/12\/JSX_T_6_20-1024x380.jpg\" alt=\"\" class=\"wp-image-739\" srcset=\"https:\/\/minijets.org\/wp-content\/uploads\/2020\/12\/JSX_T_6_20-1024x380.jpg 1024w, https:\/\/minijets.org\/wp-content\/uploads\/2020\/12\/JSX_T_6_20-300x111.jpg 300w, https:\/\/minijets.org\/wp-content\/uploads\/2020\/12\/JSX_T_6_20-768x285.jpg 768w, https:\/\/minijets.org\/wp-content\/uploads\/2020\/12\/JSX_T_6_20-18x7.jpg 18w, https:\/\/minijets.org\/wp-content\/uploads\/2020\/12\/JSX_T_6_20.jpg 1440w\" sizes=\"auto, (max-width: 1024px) 100vw, 1024px\" \/><\/figure>\n<\/div>\n\n\n\n<div class=\"wp-block-column minijets_table is-layout-flow wp-block-column-is-layout-flow\" style=\"flex-basis:50%\">\n<figure class=\"wp-block-image size-large\"><img loading=\"lazy\" decoding=\"async\" width=\"1024\" height=\"362\" src=\"http:\/\/minijets.org\/wp-content\/uploads\/2020\/12\/JSX_T_4_20-1024x362.jpg\" alt=\"\" class=\"wp-image-737\" srcset=\"https:\/\/minijets.org\/wp-content\/uploads\/2020\/12\/JSX_T_4_20-1024x362.jpg 1024w, https:\/\/minijets.org\/wp-content\/uploads\/2020\/12\/JSX_T_4_20-300x106.jpg 300w, https:\/\/minijets.org\/wp-content\/uploads\/2020\/12\/JSX_T_4_20-768x271.jpg 768w, https:\/\/minijets.org\/wp-content\/uploads\/2020\/12\/JSX_T_4_20-18x6.jpg 18w, https:\/\/minijets.org\/wp-content\/uploads\/2020\/12\/JSX_T_4_20.jpg 1440w\" sizes=\"auto, (max-width: 1024px) 100vw, 1024px\" \/><\/figure>\n<\/div>\n<\/div>\n\n\n\n<h2 class=\"wp-block-heading\">Comparaison monoplace vs biplace<\/h2>\n\n\n\n<div class=\"wp-block-columns is-layout-flex wp-container-core-columns-is-layout-28f84493 wp-block-columns-is-layout-flex\">\n<div class=\"wp-block-column cards is-layout-flow wp-block-column-is-layout-flow\">\n<h3 class=\"wp-block-heading\">Plan 3 vues du JSX-2<\/h3>\n\n\n\n<figure class=\"wp-block-image size-large\"><img loading=\"lazy\" decoding=\"async\" width=\"572\" height=\"1024\" src=\"http:\/\/minijets.org\/wp-content\/uploads\/2020\/12\/JSX2_P3views-572x1024.jpg\" alt=\"\" class=\"wp-image-711\" srcset=\"https:\/\/minijets.org\/wp-content\/uploads\/2020\/12\/JSX2_P3views-572x1024.jpg 572w, https:\/\/minijets.org\/wp-content\/uploads\/2020\/12\/JSX2_P3views-168x300.jpg 168w, https:\/\/minijets.org\/wp-content\/uploads\/2020\/12\/JSX2_P3views-768x1375.jpg 768w, https:\/\/minijets.org\/wp-content\/uploads\/2020\/12\/JSX2_P3views-858x1536.jpg 858w, https:\/\/minijets.org\/wp-content\/uploads\/2020\/12\/JSX2_P3views-1144x2048.jpg 1144w, https:\/\/minijets.org\/wp-content\/uploads\/2020\/12\/JSX2_P3views-7x12.jpg 7w, https:\/\/minijets.org\/wp-content\/uploads\/2020\/12\/JSX2_P3views-scaled.jpg 1430w\" sizes=\"auto, (max-width: 572px) 100vw, 572px\" \/><\/figure>\n<\/div>\n\n\n\n<div class=\"wp-block-column cards is-layout-flow wp-block-column-is-layout-flow\">\n<h3 class=\"wp-block-heading\">Plan 3 vues du JSX-2T<\/h3>\n\n\n\n<figure class=\"wp-block-image size-large\"><img loading=\"lazy\" decoding=\"async\" width=\"572\" height=\"1024\" src=\"http:\/\/minijets.org\/wp-content\/uploads\/2020\/12\/JSX2T_P3views-572x1024.jpg\" alt=\"\" class=\"wp-image-665\" srcset=\"https:\/\/minijets.org\/wp-content\/uploads\/2020\/12\/JSX2T_P3views-572x1024.jpg 572w, https:\/\/minijets.org\/wp-content\/uploads\/2020\/12\/JSX2T_P3views-168x300.jpg 168w, https:\/\/minijets.org\/wp-content\/uploads\/2020\/12\/JSX2T_P3views-768x1375.jpg 768w, https:\/\/minijets.org\/wp-content\/uploads\/2020\/12\/JSX2T_P3views-858x1536.jpg 858w, https:\/\/minijets.org\/wp-content\/uploads\/2020\/12\/JSX2T_P3views-1144x2048.jpg 1144w, https:\/\/minijets.org\/wp-content\/uploads\/2020\/12\/JSX2T_P3views-7x12.jpg 7w, https:\/\/minijets.org\/wp-content\/uploads\/2020\/12\/JSX2T_P3views-scaled.jpg 1430w\" sizes=\"auto, (max-width: 572px) 100vw, 572px\" \/><\/figure>\n<\/div>\n<\/div>","protected":false},"excerpt":{"rendered":"<p>En&nbsp;juillet 2019, Sonex Aircraft a annonc\u00e9&nbsp;le d\u00e9veloppement d&#8217;une version biplace du c\u00e9l\u00e8bre jet&nbsp;&nbsp;SubSonex JSX-2. Ce nouveau&nbsp;SubSonex JSX-2T&nbsp;est con\u00e7u pour \u00eatre l\u2019avion d&#8217;entra\u00eenement&nbsp;\u00e0 r\u00e9action existant le moins co\u00fbteux!&nbsp;Il sera id\u00e9al pour effectuer une&nbsp;transition plus facile vers le JSX-2, ou pour ceux&nbsp;qui pr\u00e9f\u00e8re les biplaces et veulent partager l\u2019exp\u00e9rience unique du vol \u00e0 r\u00e9action. Le JSX-2T est [&hellip;]<\/p>","protected":false},"author":1,"featured_media":3817,"parent":632,"menu_order":0,"comment_status":"closed","ping_status":"closed","template":"","meta":{"_acf_changed":false,"cybocfi_hide_featured_image":"","footnotes":""},"categories":[18],"tags":[],"planes-000-100":[],"class_list":["post-1862","page","type-page","status-publish","has-post-thumbnail","hentry","category-plane-100-150"],"blocksy_meta":[],"acf":[],"_links":{"self":[{"href":"https:\/\/minijets.org\/en\/wp-json\/wp\/v2\/pages\/1862","targetHints":{"allow":["GET"]}}],"collection":[{"href":"https:\/\/minijets.org\/en\/wp-json\/wp\/v2\/pages"}],"about":[{"href":"https:\/\/minijets.org\/en\/wp-json\/wp\/v2\/types\/page"}],"author":[{"embeddable":true,"href":"https:\/\/minijets.org\/en\/wp-json\/wp\/v2\/users\/1"}],"replies":[{"embeddable":true,"href":"https:\/\/minijets.org\/en\/wp-json\/wp\/v2\/comments?post=1862"}],"version-history":[{"count":1,"href":"https:\/\/minijets.org\/en\/wp-json\/wp\/v2\/pages\/1862\/revisions"}],"predecessor-version":[{"id":9645,"href":"https:\/\/minijets.org\/en\/wp-json\/wp\/v2\/pages\/1862\/revisions\/9645"}],"up":[{"embeddable":true,"href":"https:\/\/minijets.org\/en\/wp-json\/wp\/v2\/pages\/632"}],"wp:featuredmedia":[{"embeddable":true,"href":"https:\/\/minijets.org\/en\/wp-json\/wp\/v2\/media\/3817"}],"wp:attachment":[{"href":"https:\/\/minijets.org\/en\/wp-json\/wp\/v2\/media?parent=1862"}],"wp:term":[{"taxonomy":"category","embeddable":true,"href":"https:\/\/minijets.org\/en\/wp-json\/wp\/v2\/categories?post=1862"},{"taxonomy":"post_tag","embeddable":true,"href":"https:\/\/minijets.org\/en\/wp-json\/wp\/v2\/tags?post=1862"},{"taxonomy":"planes-000-100","embeddable":true,"href":"https:\/\/minijets.org\/en\/wp-json\/wp\/v2\/planes-000-100?post=1862"}],"curies":[{"name":"wp","href":"https:\/\/api.w.org\/{rel}","templated":true}]}}