{"id":2101,"date":"2021-01-11T18:26:18","date_gmt":"2021-01-11T17:26:18","guid":{"rendered":"http:\/\/tst.minijets.org\/?page_id=2101"},"modified":"2024-11-05T23:19:54","modified_gmt":"2024-11-05T22:19:54","slug":"microturbo-trs-18","status":"publish","type":"page","link":"https:\/\/minijets.org\/en\/100-150\/microturbo-trs-18\/","title":{"rendered":"Microturbo TRS-18"},"content":{"rendered":"<h2 class=\"wp-block-heading\" id=\"block-b9852bb5-dfce-4aff-b092-48c35cdd96fb\">Sermel puis Microturbo (Maintenant Safran Helicopter Engines)<\/h2>\n\n\n\n<p>Le TRS 18 est un mini turbor\u00e9acteur extr\u00eamement simple et l\u00e9ger qui, avec ses principaux accessoires, tient dans une enveloppe cylindrique de seulement 318 mm (12,5 pouces) de diam\u00e8tre, l&#8217;axe du moteur \u00e9tant l\u00e9g\u00e8rement d\u00e9cal\u00e9 au-dessus du centre de cette enveloppe. Il est adapt\u00e9 \u00e0 la propulsion des petits a\u00e9ronefs, offrant un d\u00e9marrage et un fonctionnement enti\u00e8rement automatiques ainsi qu&#8217;une capacit\u00e9 de rallumage en vol.<\/p>\n\n\n\n<div class=\"wp-block-columns is-layout-flex wp-container-core-columns-is-layout-28f84493 wp-block-columns-is-layout-flex\">\n<div class=\"wp-block-column is-layout-flow wp-block-column-is-layout-flow\" style=\"flex-basis:50%\">\n<figure class=\"wp-block-image size-full\"><img loading=\"lazy\" decoding=\"async\" width=\"800\" height=\"600\" src=\"https:\/\/minijets.org\/wp-content\/uploads\/2024\/11\/Microturbo-TRS-18.webp\" alt=\"Microturbo TRS 18\" class=\"wp-image-9799\" srcset=\"https:\/\/minijets.org\/wp-content\/uploads\/2024\/11\/Microturbo-TRS-18.webp 800w, https:\/\/minijets.org\/wp-content\/uploads\/2024\/11\/Microturbo-TRS-18-16x12.webp 16w, https:\/\/minijets.org\/wp-content\/uploads\/2024\/11\/Microturbo-TRS-18-300x225.webp 300w, https:\/\/minijets.org\/wp-content\/uploads\/2024\/11\/Microturbo-TRS-18-768x576.webp 768w\" sizes=\"auto, (max-width: 800px) 100vw, 800px\" \/><\/figure>\n\n\n\n<figure class=\"wp-block-image size-large\"><img loading=\"lazy\" decoding=\"async\" width=\"1024\" height=\"671\" src=\"http:\/\/minijets.org\/wp-content\/uploads\/2021\/01\/TRS_18_vue_4-1024x671.jpg\" alt=\"Microturbo TRS-18\" class=\"wp-image-2191\" srcset=\"https:\/\/minijets.org\/wp-content\/uploads\/2021\/01\/TRS_18_vue_4-1024x671.jpg 1024w, https:\/\/minijets.org\/wp-content\/uploads\/2021\/01\/TRS_18_vue_4-300x197.jpg 300w, https:\/\/minijets.org\/wp-content\/uploads\/2021\/01\/TRS_18_vue_4-768x504.jpg 768w, https:\/\/minijets.org\/wp-content\/uploads\/2021\/01\/TRS_18_vue_4-1536x1007.jpg 1536w, https:\/\/minijets.org\/wp-content\/uploads\/2021\/01\/TRS_18_vue_4-2048x1343.jpg 2048w, https:\/\/minijets.org\/wp-content\/uploads\/2021\/01\/TRS_18_vue_4-18x12.jpg 18w\" sizes=\"auto, (max-width: 1024px) 100vw, 1024px\" \/><figcaption class=\"wp-element-caption\">TRS 18. Source : documentation SERMEL<\/figcaption><\/figure>\n<\/div>\n\n\n\n<div class=\"wp-block-column is-layout-flow wp-block-column-is-layout-flow\" style=\"flex-basis:50%\">\n<p>Con\u00e7u et d\u00e9velopp\u00e9 initialement en France par la Soci\u00e9t\u00e9 Sermel, le TRS 18 a vu son d\u00e9veloppement poursuivi par Microturbo apr\u00e8s le rachat de Sermel en 1971, int\u00e9grant ainsi les accessoires essentiels dans un ensemble compact et efficace.<\/p>\n\n\n\n<p>Le moteur comprend un compresseur centrifuge \u00e0 admission unique, une chambre de combustion annulaire, une turbine axiale \u00e0 un \u00e9tage, ainsi qu&#8217;un d\u00e9marreur \u00e9lectrique ou pneumatique mont\u00e9 \u00e0 l\u2019avant et une bo\u00eete \u00e0 engrenages qui entra\u00eene les accessoires situ\u00e9s au-dessus de la section d&#8217;admission. L\u2019arbre principal est support\u00e9 par deux paliers, et l\u2019unit\u00e9 est con\u00e7ue pour \u00eatre rapidement divis\u00e9e en sections ind\u00e9pendantes afin de faciliter la maintenance.<\/p>\n\n\n\n<p>Le TRS 18 a \u00e9t\u00e9 con\u00e7u comme un pack complet avec un syst\u00e8me de contr\u00f4le \u00e9lectronique et des dispositifs de s\u00e9curit\u00e9 int\u00e9gr\u00e9s, \u00e9quip\u00e9 d\u2019un syst\u00e8me de d\u00e9marrage enti\u00e8rement automatique. Si n\u00e9cessaire, l\u2019ensemble du fonctionnement du moteur peut \u00eatre contr\u00f4l\u00e9 \u00e0 distance par des commandes t\u00e9l\u00e9m\u00e9triques.<\/p>\n\n\n\n<p>Le TRS 18 peut fonctionner avec du carburant JP-1, JP-4 ou JP-5 et utilise n&#8217;importe quelle huile de lubrification pour turbor\u00e9acteur conventionnelle. <\/p>\n\n\n\n<p>Il a acquis une certaine notori\u00e9t\u00e9 au d\u00e9but des ann\u00e9es 1970 en ouvrant de nouvelles perspectives pour les constructeurs d&#8217;a\u00e9ronefs, notamment pour Jim Bede avec son fameux <a href=\"https:\/\/minijets.org\/en\/100-150\/microturbo-trs-18\/bd-5j-trs18\/\" data-type=\"page\" data-id=\"2329\">BD-5J<\/a> et Caproni Vizzola avec son motoplaneur <a href=\"https:\/\/minijets.org\/en\/100-150\/microturbo-trs-18\/caproni-a21j-calif\/\" data-type=\"page\" data-id=\"2283\">A-21J<\/a>.<\/p>\n<\/div>\n<\/div>\n\n\n\n<h2 class=\"wp-block-heading\">Tableau du TRS 18, de ses d\u00e9riv\u00e9s et leurs utilisations<\/h2>\n\n\n        <div class=\"wp-block-getwid-custom-post-type custom-post-type-page has-layout-list\">\n            <div class=\"wp-block-getwid-custom-post-type__wrapper\">\n                \t\t\t\t\t\t\t\t<div class='wp-block-getwid-custom-post-type__post'>\n\t\t\t\t\t\t\t\t\t\n<div class=\"wp-block-columns is-layout-flex wp-container-core-columns-is-layout-28f84493 wp-block-columns-is-layout-flex\">\n<div class=\"wp-block-column is-layout-flow wp-block-column-is-layout-flow\" style=\"flex-basis:30%\">\n<div class=\"wp-block-getwid-template-post-featured-image\" >\n            <a href=\"https:\/\/minijets.org\/en\/100-150\/microturbo-trs-18\/bd-5j-trs18\/\">\n        <img loading=\"lazy\" decoding=\"async\" width=\"500\" height=\"364\" src=\"https:\/\/minijets.org\/wp-content\/uploads\/2020\/12\/Bede_BD5J-01.jpg\" class=\"attachment-full size-full wp-post-image\" alt=\"Bede BD-5J\" srcset=\"https:\/\/minijets.org\/wp-content\/uploads\/2020\/12\/Bede_BD5J-01.jpg 500w, https:\/\/minijets.org\/wp-content\/uploads\/2020\/12\/Bede_BD5J-01-300x218.jpg 300w, https:\/\/minijets.org\/wp-content\/uploads\/2020\/12\/Bede_BD5J-01-16x12.jpg 16w\" sizes=\"auto, (max-width: 500px) 100vw, 500px\" \/>            <\/a>\n    <\/div>\n<\/div>\n\n\n\n<div class=\"wp-block-column is-layout-flow wp-block-column-is-layout-flow\" style=\"flex-basis:70%\">\n<h3 class=\"wp-block-getwid-template-post-title minijets_custom_title has-text-color has-palette-color-2-color\"><a class=\"wp-block-getwid-template-post-title__link\" href=\"https:\/\/minijets.org\/en\/100-150\/microturbo-trs-18\/bd-5j-trs18\/\">Bede BD-5J<\/a><\/h3>\n\n\n<div class=\"wp-block-getwid-template-post-content is-excerpt\" ><p>Equip\u00e9 d&#8217;un R\u00e9acteur Microturbo TRS-18 Le Bede BD-5J est la version Jet du BD-5. Il s&#8217;agit d&#8217;un monoplace, monor\u00e9acteur, initialement \u00e9quip\u00e9 d&#8217;un&nbsp;Microturbo TRS-18, enti\u00e8rement m\u00e9tallique, dont la construction reste assez complexe.&nbsp; Le&nbsp;20 juillet 1973,&nbsp;Les Berven,&nbsp;chef pilote BD5 de chez Bede,&nbsp;lui a fait faire un&nbsp;premier vol&nbsp;de 30 minutes. Pour les n\u00e9ophytes, la premi\u00e8re apparition du BD-5J&hellip;<\/p><\/div>\n\n\n\n<div class=\"wp-block-getwid-template-post-button wp-block-button minijets_custom_button\" >\n    <a href=\"https:\/\/minijets.org\/en\/100-150\/microturbo-trs-18\/bd-5j-trs18\/\" class=\"wp-block-button__link has-background has-palette-color-5-background-color has-text-color has-palette-color-1-color\">\n\t\tLire plus\t<\/a>\n<\/div>\n<\/div>\n<\/div>\n\n\n\n<p><\/p>\n\t\t\t\t\t\t\t\t<\/div>\n\t\t\t\t\t\t\t\t\t\t\t\t\t\t\t<div class='wp-block-getwid-custom-post-type__post'>\n\t\t\t\t\t\t\t\t\t\n<div class=\"wp-block-columns is-layout-flex wp-container-core-columns-is-layout-28f84493 wp-block-columns-is-layout-flex\">\n<div class=\"wp-block-column is-layout-flow wp-block-column-is-layout-flow\" style=\"flex-basis:30%\">\n<div class=\"wp-block-getwid-template-post-featured-image\" >\n            <a href=\"https:\/\/minijets.org\/en\/100-150\/microturbo-trs-18\/caproni-a-21sj-calif\/\">\n        <img loading=\"lazy\" decoding=\"async\" width=\"500\" height=\"333\" src=\"https:\/\/minijets.org\/wp-content\/uploads\/2021\/01\/Caproni_A21J_-_06.jpg\" class=\"attachment-full size-full wp-post-image\" alt=\"Caproni A-21SJ Calif\" srcset=\"https:\/\/minijets.org\/wp-content\/uploads\/2021\/01\/Caproni_A21J_-_06.jpg 500w, https:\/\/minijets.org\/wp-content\/uploads\/2021\/01\/Caproni_A21J_-_06-300x200.jpg 300w, https:\/\/minijets.org\/wp-content\/uploads\/2021\/01\/Caproni_A21J_-_06-18x12.jpg 18w\" sizes=\"auto, (max-width: 500px) 100vw, 500px\" \/>            <\/a>\n    <\/div>\n<\/div>\n\n\n\n<div class=\"wp-block-column is-layout-flow wp-block-column-is-layout-flow\" style=\"flex-basis:70%\">\n<h3 class=\"wp-block-getwid-template-post-title minijets_custom_title has-text-color has-palette-color-2-color\"><a class=\"wp-block-getwid-template-post-title__link\" href=\"https:\/\/minijets.org\/en\/100-150\/microturbo-trs-18\/caproni-a-21sj-calif\/\">Caproni A-21SJ Calif<\/a><\/h3>\n\n\n<div class=\"wp-block-getwid-template-post-content is-excerpt\" ><p>Caproni Vizzola Le Caproni A-21SJ Calif, motoplaneur italien embl\u00e9matique des ann\u00e9es 70, combine performances de vol et motorisation auxiliaire, avec un turbor\u00e9acteur Microturbo TRS18-046 autorisant les d\u00e9collages autonomes. \u00c0 l\u2019image du mod\u00e8le A-21J, version motoris\u00e9 de l&#8217;A-21, l\u2019avionneur italien d\u00e9riva une version SJ, de son nouveau mod\u00e8le S. Comme pour les mod\u00e8les pr\u00e9c\u00e9dents, il est&hellip;<\/p><\/div>\n\n\n\n<div class=\"wp-block-getwid-template-post-button wp-block-button minijets_custom_button\" >\n    <a href=\"https:\/\/minijets.org\/en\/100-150\/microturbo-trs-18\/caproni-a-21sj-calif\/\" class=\"wp-block-button__link has-background has-palette-color-5-background-color has-text-color has-palette-color-1-color\">\n\t\tLire plus\t<\/a>\n<\/div>\n<\/div>\n<\/div>\n\n\n\n<p><\/p>\n\t\t\t\t\t\t\t\t<\/div>\n\t\t\t\t\t\t\t\t\t\t\t\t\t\t\t<div class='wp-block-getwid-custom-post-type__post'>\n\t\t\t\t\t\t\t\t\t\n<div class=\"wp-block-columns is-layout-flex wp-container-core-columns-is-layout-28f84493 wp-block-columns-is-layout-flex\">\n<div class=\"wp-block-column is-layout-flow wp-block-column-is-layout-flow\" style=\"flex-basis:30%\">\n<div class=\"wp-block-getwid-template-post-featured-image\" >\n            <a href=\"https:\/\/minijets.org\/en\/100-150\/microturbo-trs-18\/caproni-a21j-calif\/\">\n        <img loading=\"lazy\" decoding=\"async\" width=\"500\" height=\"333\" src=\"https:\/\/minijets.org\/wp-content\/uploads\/2021\/01\/Caproni_A21J_-_06.jpg\" class=\"attachment-full size-full wp-post-image\" alt=\"Caproni A21J Calif\" srcset=\"https:\/\/minijets.org\/wp-content\/uploads\/2021\/01\/Caproni_A21J_-_06.jpg 500w, https:\/\/minijets.org\/wp-content\/uploads\/2021\/01\/Caproni_A21J_-_06-300x200.jpg 300w, https:\/\/minijets.org\/wp-content\/uploads\/2021\/01\/Caproni_A21J_-_06-18x12.jpg 18w\" sizes=\"auto, (max-width: 500px) 100vw, 500px\" \/>            <\/a>\n    <\/div>\n<\/div>\n\n\n\n<div class=\"wp-block-column is-layout-flow wp-block-column-is-layout-flow\" style=\"flex-basis:70%\">\n<h3 class=\"wp-block-getwid-template-post-title minijets_custom_title has-text-color has-palette-color-2-color\"><a class=\"wp-block-getwid-template-post-title__link\" href=\"https:\/\/minijets.org\/en\/100-150\/microturbo-trs-18\/caproni-a21j-calif\/\">Caproni A21J Calif<\/a><\/h3>\n\n\n<div class=\"wp-block-getwid-template-post-content is-excerpt\" ><p>Caproni Vizzola Le Caproni A21J Calif est la version \u00e0 r\u00e9action du planeur biplace&nbsp;cote \u00e0 cote&nbsp;Caproni A21. Il a fait son premier vol fin&nbsp;Janvier 1972. il est, comme son devancier, de construction principalement m\u00e9tallique.&nbsp; C&#8217;est en 1969 que la&nbsp;Caproni Vizzola&nbsp;a commenc\u00e9 \u00e0 produire une s\u00e9rie de planeurs baptis\u00e9s Calif, du nom de leurs concepteurs Carlo&hellip;<\/p><\/div>\n\n\n\n<div class=\"wp-block-getwid-template-post-button wp-block-button minijets_custom_button\" >\n    <a href=\"https:\/\/minijets.org\/en\/100-150\/microturbo-trs-18\/caproni-a21j-calif\/\" class=\"wp-block-button__link has-background has-palette-color-5-background-color has-text-color has-palette-color-1-color\">\n\t\tLire plus\t<\/a>\n<\/div>\n<\/div>\n<\/div>\n\n\n\n<p><\/p>\n\t\t\t\t\t\t\t\t<\/div>\n\t\t\t\t\t\t\t\t\t\t\t\t\t\t\t<div class='wp-block-getwid-custom-post-type__post'>\n\t\t\t\t\t\t\t\t\t\n<div class=\"wp-block-columns is-layout-flex wp-container-core-columns-is-layout-28f84493 wp-block-columns-is-layout-flex\">\n<div class=\"wp-block-column is-layout-flow wp-block-column-is-layout-flow\" style=\"flex-basis:30%\">\n<div class=\"wp-block-getwid-template-post-featured-image\" >\n            <a href=\"https:\/\/minijets.org\/en\/100-150\/microturbo-trs-18\/caproni-c22j\/\">\n        <img loading=\"lazy\" decoding=\"async\" width=\"500\" height=\"346\" src=\"https:\/\/minijets.org\/wp-content\/uploads\/2021\/01\/Caproni_Vizzola_C22J_-_06.jpg\" class=\"attachment-full size-full wp-post-image\" alt=\"Caproni Vizzola C22J Ventura\" srcset=\"https:\/\/minijets.org\/wp-content\/uploads\/2021\/01\/Caproni_Vizzola_C22J_-_06.jpg 500w, https:\/\/minijets.org\/wp-content\/uploads\/2021\/01\/Caproni_Vizzola_C22J_-_06-300x208.jpg 300w, https:\/\/minijets.org\/wp-content\/uploads\/2021\/01\/Caproni_Vizzola_C22J_-_06-18x12.jpg 18w\" sizes=\"auto, (max-width: 500px) 100vw, 500px\" \/>            <\/a>\n    <\/div>\n<\/div>\n\n\n\n<div class=\"wp-block-column is-layout-flow wp-block-column-is-layout-flow\" style=\"flex-basis:70%\">\n<h3 class=\"wp-block-getwid-template-post-title minijets_custom_title has-text-color has-palette-color-2-color\"><a class=\"wp-block-getwid-template-post-title__link\" href=\"https:\/\/minijets.org\/en\/100-150\/microturbo-trs-18\/caproni-c22j\/\">Caproni Vizzola C22J Ventura<\/a><\/h3>\n\n\n<div class=\"wp-block-getwid-template-post-content is-excerpt\" ><p>Caproni Vizzola Le prototype du Caproni-Vizzola C-22J Ventura a effectu\u00e9 son premier vol le&nbsp;21 Juillet 1980. H\u00e9riti\u00e8re d&#8217;une soci\u00e9t\u00e9 fond\u00e9e en 1910, Caproni est une des plus anciennes soci\u00e9t\u00e9s a\u00e9ronautiques italiennes. En&nbsp;1969, Caproni-Vizzola commen\u00e7a \u00e0 produire, dans ses ateliers de 30&nbsp;000 m\u00b2 situ\u00e9s pr\u00e8s de l&#8217;a\u00e9roport de Milan-Malpenza,&nbsp;le planeur \u00e0 autre performance Calif A 21&hellip;<\/p><\/div>\n\n\n\n<div class=\"wp-block-getwid-template-post-button wp-block-button minijets_custom_button\" >\n    <a href=\"https:\/\/minijets.org\/en\/100-150\/microturbo-trs-18\/caproni-c22j\/\" class=\"wp-block-button__link has-background has-palette-color-5-background-color has-text-color has-palette-color-1-color\">\n\t\tLire plus\t<\/a>\n<\/div>\n<\/div>\n<\/div>\n\n\n\n<p><\/p>\n\t\t\t\t\t\t\t\t<\/div>\n\t\t\t\t\t\t\t\t\t\t\t\t\t\t\t<div class='wp-block-getwid-custom-post-type__post'>\n\t\t\t\t\t\t\t\t\t\n<div class=\"wp-block-columns is-layout-flex wp-container-core-columns-is-layout-28f84493 wp-block-columns-is-layout-flex\">\n<div class=\"wp-block-column is-layout-flow wp-block-column-is-layout-flow\" style=\"flex-basis:30%\">\n<div class=\"wp-block-getwid-template-post-featured-image\" >\n            <a href=\"https:\/\/minijets.org\/en\/100-150\/microturbo-trs-18\/supaero-petit-canard\/\">\n        <img loading=\"lazy\" decoding=\"async\" width=\"500\" height=\"375\" src=\"https:\/\/minijets.org\/wp-content\/uploads\/2021\/01\/ENSAE_Petit_canard_03.jpg\" class=\"attachment-full size-full wp-post-image\" alt=\"Projet Petit Canard\" srcset=\"https:\/\/minijets.org\/wp-content\/uploads\/2021\/01\/ENSAE_Petit_canard_03.jpg 500w, https:\/\/minijets.org\/wp-content\/uploads\/2021\/01\/ENSAE_Petit_canard_03-300x225.jpg 300w, https:\/\/minijets.org\/wp-content\/uploads\/2021\/01\/ENSAE_Petit_canard_03-16x12.jpg 16w\" sizes=\"auto, (max-width: 500px) 100vw, 500px\" \/>            <\/a>\n    <\/div>\n<\/div>\n\n\n\n<div class=\"wp-block-column is-layout-flow wp-block-column-is-layout-flow\" style=\"flex-basis:70%\">\n<h3 class=\"wp-block-getwid-template-post-title minijets_custom_title has-text-color has-palette-color-2-color\"><a class=\"wp-block-getwid-template-post-title__link\" href=\"https:\/\/minijets.org\/en\/100-150\/microturbo-trs-18\/supaero-petit-canard\/\">Projet Petit Canard<\/a><\/h3>\n\n\n<div class=\"wp-block-getwid-template-post-content is-excerpt\" ><p>ENSAE Le&nbsp;Petit Canard&nbsp;est un projet de l&#8217;ENSAE dans les ann\u00e9es 1970.&nbsp;Bien qu&#8217;il semble tr\u00e8s abouti, son d\u00e9veloppement n&#8217;a jamais \u00e9t\u00e9 pouss\u00e9 jusqu&#8217;aux essais en vols.&nbsp; C&#8217;est&nbsp;un monoplace de support p\u00e9dagogique. Il est construit enti\u00e8rement en mati\u00e8re plas\u00adtique et propuls\u00e9 par deux r\u00e9acteurs superpos\u00e9s Microturbo TRS 18 d\u00e9veloppant chacun une pouss\u00e9e de 100 kg et plac\u00e9s&hellip;<\/p><\/div>\n\n\n\n<div class=\"wp-block-getwid-template-post-button wp-block-button minijets_custom_button\" >\n    <a href=\"https:\/\/minijets.org\/en\/100-150\/microturbo-trs-18\/supaero-petit-canard\/\" class=\"wp-block-button__link has-background has-palette-color-5-background-color has-text-color has-palette-color-1-color\">\n\t\tLire plus\t<\/a>\n<\/div>\n<\/div>\n<\/div>\n\n\n\n<p><\/p>\n\t\t\t\t\t\t\t\t<\/div>\n\t\t\t\t\t\t\t\t\t\t\t\t\t\t\t<div class='wp-block-getwid-custom-post-type__post'>\n\t\t\t\t\t\t\t\t\t\n<div class=\"wp-block-columns is-layout-flex wp-container-core-columns-is-layout-28f84493 wp-block-columns-is-layout-flex\">\n<div class=\"wp-block-column is-layout-flow wp-block-column-is-layout-flow\" style=\"flex-basis:30%\">\n<div class=\"wp-block-getwid-template-post-featured-image\" >\n            <a href=\"https:\/\/minijets.org\/en\/100-150\/microturbo-trs-18\/prometheus-ii\/\">\n        <img loading=\"lazy\" decoding=\"async\" width=\"500\" height=\"333\" src=\"https:\/\/minijets.org\/wp-content\/uploads\/2021\/01\/EFF_Prometheus_II_04.jpg\" class=\"attachment-full size-full wp-post-image\" alt=\"Prometheus II\" srcset=\"https:\/\/minijets.org\/wp-content\/uploads\/2021\/01\/EFF_Prometheus_II_04.jpg 500w, https:\/\/minijets.org\/wp-content\/uploads\/2021\/01\/EFF_Prometheus_II_04-300x200.jpg 300w, https:\/\/minijets.org\/wp-content\/uploads\/2021\/01\/EFF_Prometheus_II_04-18x12.jpg 18w\" sizes=\"auto, (max-width: 500px) 100vw, 500px\" \/>            <\/a>\n    <\/div>\n<\/div>\n\n\n\n<div class=\"wp-block-column is-layout-flow wp-block-column-is-layout-flow\" style=\"flex-basis:70%\">\n<h3 class=\"wp-block-getwid-template-post-title minijets_custom_title has-text-color has-palette-color-2-color\"><a class=\"wp-block-getwid-template-post-title__link\" href=\"https:\/\/minijets.org\/en\/100-150\/microturbo-trs-18\/prometheus-ii\/\">Prometheus II<\/a><\/h3>\n\n\n<div class=\"wp-block-getwid-template-post-content is-excerpt\" ><p>EFF (Entwicklungsgemeinschaft for Flugzugbau der Akademischen Fluggruppe) Le PROMETHEUS II&nbsp;est une production d&#8217;EFF&nbsp;Entwicklungsgemeinschaft f\u00fcr Flugzeugbau&nbsp;[ Association pour le d\u00e9veloppement et la construction d&#8217;avion ].&nbsp;Un seul appareil a \u00e9t\u00e9 produit. Il a \u00e9t\u00e9 enregistr\u00e9 en&nbsp;1978&nbsp;sous l&#8217;immatriculation&nbsp;HB-YBI, et la d\u00e9nomination&nbsp;PROMETHEUS PV. Apr\u00e8s une p\u00e9riode de 4 ann\u00e9e d\u00e9di\u00e9e \u00e0 la conception, puis \u00e0 la construction, il a&hellip;<\/p><\/div>\n\n\n\n<div class=\"wp-block-getwid-template-post-button wp-block-button minijets_custom_button\" >\n    <a href=\"https:\/\/minijets.org\/en\/100-150\/microturbo-trs-18\/prometheus-ii\/\" class=\"wp-block-button__link has-background has-palette-color-5-background-color has-text-color has-palette-color-1-color\">\n\t\tLire plus\t<\/a>\n<\/div>\n<\/div>\n<\/div>\n\n\n\n<p><\/p>\n\t\t\t\t\t\t\t\t<\/div>\n\t\t\t\t\t\t\t            <\/div>\n\n                    <\/div>\n        \n\n\n<figure class=\"wp-block-table minijets_tab_top\"><table><tbody><tr><td><strong><span class=\"has-inline-color has-vivid-red-color\">TYPE<\/span><\/strong><\/td><td><strong><span class=\"has-inline-color has-vivid-red-color\">Utilisation<\/span><\/strong><\/td><\/tr><tr><td>TRS 18&nbsp;<\/td><td>BD-5J, Caproni A21<\/td><\/tr><tr><td>TRS 18-046&nbsp;&nbsp;<\/td><td>AD-1, Caproni A-21SJ, Microjet 200, Varijet<\/td><\/tr><tr><td>TRS 18-1<\/td><td>Microjet 200b, Caproni C-22j<\/td><\/tr><tr><td>TRS 18-056<\/td><td>Engin cible Mitsoubac, RPV&#8217;s<\/td><\/tr><tr><td>TRS 18-075<\/td><td>Fligth refuelling ASA target drone<\/td><\/tr><tr><td>TRS 18-076<\/td><td>Meteor Mirach-100<\/td><\/tr><\/tbody><\/table><\/figure>","protected":false},"excerpt":{"rendered":"<p>Sermel puis Microturbo (Maintenant Safran Helicopter Engines) Le TRS 18 est un mini turbor\u00e9acteur extr\u00eamement simple et l\u00e9ger qui, avec ses principaux accessoires, tient dans une enveloppe cylindrique de seulement 318 mm (12,5 pouces) de diam\u00e8tre, l&#8217;axe du moteur \u00e9tant l\u00e9g\u00e8rement d\u00e9cal\u00e9 au-dessus du centre de cette enveloppe. Il est adapt\u00e9 \u00e0 la propulsion des [&hellip;]<\/p>","protected":false},"author":1,"featured_media":2144,"parent":81,"menu_order":0,"comment_status":"closed","ping_status":"closed","template":"","meta":{"_acf_changed":false,"cybocfi_hide_featured_image":"","footnotes":""},"categories":[13],"tags":[],"planes-000-100":[],"class_list":["post-2101","page","type-page","status-publish","has-post-thumbnail","hentry","category-jet-engine-100-150"],"blocksy_meta":[],"acf":[],"_links":{"self":[{"href":"https:\/\/minijets.org\/en\/wp-json\/wp\/v2\/pages\/2101","targetHints":{"allow":["GET"]}}],"collection":[{"href":"https:\/\/minijets.org\/en\/wp-json\/wp\/v2\/pages"}],"about":[{"href":"https:\/\/minijets.org\/en\/wp-json\/wp\/v2\/types\/page"}],"author":[{"embeddable":true,"href":"https:\/\/minijets.org\/en\/wp-json\/wp\/v2\/users\/1"}],"replies":[{"embeddable":true,"href":"https:\/\/minijets.org\/en\/wp-json\/wp\/v2\/comments?post=2101"}],"version-history":[{"count":9,"href":"https:\/\/minijets.org\/en\/wp-json\/wp\/v2\/pages\/2101\/revisions"}],"predecessor-version":[{"id":9929,"href":"https:\/\/minijets.org\/en\/wp-json\/wp\/v2\/pages\/2101\/revisions\/9929"}],"up":[{"embeddable":true,"href":"https:\/\/minijets.org\/en\/wp-json\/wp\/v2\/pages\/81"}],"wp:featuredmedia":[{"embeddable":true,"href":"https:\/\/minijets.org\/en\/wp-json\/wp\/v2\/media\/2144"}],"wp:attachment":[{"href":"https:\/\/minijets.org\/en\/wp-json\/wp\/v2\/media?parent=2101"}],"wp:term":[{"taxonomy":"category","embeddable":true,"href":"https:\/\/minijets.org\/en\/wp-json\/wp\/v2\/categories?post=2101"},{"taxonomy":"post_tag","embeddable":true,"href":"https:\/\/minijets.org\/en\/wp-json\/wp\/v2\/tags?post=2101"},{"taxonomy":"planes-000-100","embeddable":true,"href":"https:\/\/minijets.org\/en\/wp-json\/wp\/v2\/planes-000-100?post=2101"}],"curies":[{"name":"wp","href":"https:\/\/api.w.org\/{rel}","templated":true}]}}