{"id":2427,"date":"2021-01-16T14:00:05","date_gmt":"2021-01-16T13:00:05","guid":{"rendered":"http:\/\/tst.minijets.org\/?page_id=2427"},"modified":"2024-11-06T18:42:28","modified_gmt":"2024-11-06T17:42:28","slug":"ngt-flight-demonstrator","status":"publish","type":"page","link":"https:\/\/minijets.org\/en\/100-150\/microturbo-trs-18-046\/ngt-flight-demonstrator\/","title":{"rendered":"NGT Flight demonstrator"},"content":{"rendered":"<h2 class=\"wp-block-heading\" id=\"block-90e29850-a1b0-4fd2-abec-c5575014f870\">Fairchild Republic &amp; Ames Industrial Corporation<\/h2>\n\n\n\n<p>The <strong>NGT Flight Demonstrator<\/strong>, parfois d\u00e9sign\u00e9 sous le nom de <strong>Rutan Model 73<\/strong>, a \u00e9t\u00e9 d\u00e9velopp\u00e9 dans le cadre du programme <strong>Next Generation Trainer (NGT)<\/strong> de l&#8217;US Air Force (USAF). Ce projet visait \u00e0 concevoir un nouvel avion d&#8217;entra\u00eenement pour remplacer le vieillissant <strong><a href=\"https:\/\/minijets.org\/en\/300-500\/continental-j69\/cessna-t37\/\" data-type=\"page\" data-id=\"4841\">Cessna T-37B<\/a> Tweety Bird<\/strong>. La strat\u00e9gie de d\u00e9veloppement du NGT incluait l&#8217;utilisation d&#8217;un d\u00e9monstrateur \u00e0 \u00e9chelle r\u00e9duite, une m\u00e9thode innovante et \u00e9conomique pour valider le concept avant de passer \u00e0 une version \u00e0 \u00e9chelle r\u00e9elle.<\/p>\n\n\n\n<div class=\"wp-block-columns is-layout-flex wp-container-core-columns-is-layout-28f84493 wp-block-columns-is-layout-flex\">\n<div class=\"wp-block-column is-layout-flow wp-block-column-is-layout-flow\" style=\"flex-basis:50%\">\n<figure class=\"wp-block-image size-large\"><img loading=\"lazy\" decoding=\"async\" width=\"500\" height=\"295\" src=\"http:\/\/minijets.org\/wp-content\/uploads\/2021\/01\/Fairchild_NGT_02.jpg\" alt=\"NGT Flight demonstrator\" class=\"wp-image-2168\" srcset=\"https:\/\/minijets.org\/wp-content\/uploads\/2021\/01\/Fairchild_NGT_02.jpg 500w, https:\/\/minijets.org\/wp-content\/uploads\/2021\/01\/Fairchild_NGT_02-300x177.jpg 300w, https:\/\/minijets.org\/wp-content\/uploads\/2021\/01\/Fairchild_NGT_02-18x12.jpg 18w\" sizes=\"auto, (max-width: 500px) 100vw, 500px\" \/><figcaption class=\"wp-element-caption\">Fairchild NGT demonstrator au dessus du d\u00e9sert de Mojave. Source : Popular Mechanics janvier 1981<\/figcaption><\/figure>\n\n\n\n<figure class=\"wp-block-image size-large\"><img loading=\"lazy\" decoding=\"async\" width=\"500\" height=\"333\" src=\"http:\/\/minijets.org\/wp-content\/uploads\/2021\/01\/Fairchild_NGT_03.jpg\" alt=\"NGT Flight demonstrator\" class=\"wp-image-2181\" srcset=\"https:\/\/minijets.org\/wp-content\/uploads\/2021\/01\/Fairchild_NGT_03.jpg 500w, https:\/\/minijets.org\/wp-content\/uploads\/2021\/01\/Fairchild_NGT_03-300x200.jpg 300w, https:\/\/minijets.org\/wp-content\/uploads\/2021\/01\/Fairchild_NGT_03-18x12.jpg 18w\" sizes=\"auto, (max-width: 500px) 100vw, 500px\" \/><figcaption class=\"wp-element-caption\">NGT Flight Demontrator. Source : Populaire Science mai 1982<\/figcaption><\/figure>\n\n\n\n<figure class=\"wp-block-image size-large\"><img loading=\"lazy\" decoding=\"async\" width=\"742\" height=\"504\" src=\"http:\/\/minijets.org\/wp-content\/uploads\/2021\/01\/Fairchild_NGT_01.jpg\" alt=\"NGT Flight demonstrator\" class=\"wp-image-2171\" srcset=\"https:\/\/minijets.org\/wp-content\/uploads\/2021\/01\/Fairchild_NGT_01.jpg 742w, https:\/\/minijets.org\/wp-content\/uploads\/2021\/01\/Fairchild_NGT_01-300x204.jpg 300w, https:\/\/minijets.org\/wp-content\/uploads\/2021\/01\/Fairchild_NGT_01-18x12.jpg 18w\" sizes=\"auto, (max-width: 742px) 100vw, 742px\" \/><figcaption class=\"wp-element-caption\">NGT Flight Demonstrator, \u00e9quip\u00e9 de 2 turbor\u00e9acteurs Microturbo TRS18-046 <\/figcaption><\/figure>\n\n\n\n<p><\/p>\n<\/div>\n\n\n\n<div class=\"wp-block-column is-layout-flow wp-block-column-is-layout-flow\" style=\"flex-basis:50%\">\n<h3 class=\"wp-block-heading\">Contexte et D\u00e9veloppement du Programme NGT<\/h3>\n\n\n\n<p>En <strong>1977<\/strong>, l&#8217;USAF a entrepris de moderniser sa flotte d&#8217;avions d&#8217;entra\u00eenement en lan\u00e7ant le programme <strong>Next Generation Trainer (NGT)<\/strong>. L&#8217;objectif \u00e9tait de remplacer le <strong>T-37B<\/strong>, un avion en service depuis <strong>1954<\/strong>. Le programme NGT se voulait plus performant, avec une conception modernis\u00e9e et capable de r\u00e9duire les co\u00fbts de maintenance et d&#8217;exploitation. Plusieurs entreprises majeures ont \u00e9t\u00e9 sollicit\u00e9es, et <strong>Fairchild Republic Company<\/strong> a remport\u00e9 le contrat pour le d\u00e9veloppement de l\u2019avion.<\/p>\n\n\n\n<h3 class=\"wp-block-heading\">Utilisation d\u2019un D\u00e9monstrateur de vol \u00e0 \u00c9chelle R\u00e9duite<\/h3>\n\n\n\n<p>Pour v\u00e9rifier le concept, Fairchild Republic a fait appel \u00e0 <strong>Ames Industrial Corp.<\/strong> pour produire un d\u00e9monstrateur \u00e0 \u00e9chelle r\u00e9duite, avec le soutien de la <strong>Rutan Aircraft Factory<\/strong> et de <strong>Flight Systems, Inc.<\/strong>. L\u2019approche consistait \u00e0 utiliser les technologies disponibles, telles que des turbomoteurs compacts et fiables, des mat\u00e9riaux composites en fibre de verre et graphite, et des syst\u00e8mes d&#8217;instrumentation de test de vol compacts mais efficaces.<\/p>\n\n\n\n<p>L\u2019utilisation d\u2019un d\u00e9monstrateur de vol s\u2019est r\u00e9v\u00e9l\u00e9e \u00eatre une strat\u00e9gie <strong>hautement rentable et efficace<\/strong>. Le co\u00fbt total et le calendrier de d\u00e9veloppement de ce d\u00e9monstrateur ont \u00e9t\u00e9 similaires \u00e0 ceux d\u2019un programme de tests en soufflerie avec un mod\u00e8le motoris\u00e9 complexe, tout en fournissant des r\u00e9sultats bien plus repr\u00e9sentatifs des conditions de vol r\u00e9elles. Les essais ont permis de v\u00e9rifier des aspects essentiels de la conception, tels que les <strong>caract\u00e9ristiques de d\u00e9crochage<\/strong> et la capacit\u00e9 \u00e0 op\u00e9rer sous des vents lat\u00e9raux forts lors des phases de d\u00e9collage et d&#8217;atterrissage.<\/p>\n<\/div>\n<\/div>\n\n\n\n<h3 class=\"wp-block-heading\">Caract\u00e9ristiques du NGT Flight Demonstrator<\/h3>\n\n\n\n<p>Le d\u00e9monstrateur NGT \u00e9tait un avion biplace c\u00f4te \u00e0 c\u00f4te, dot\u00e9 de deux turbor\u00e9acteur Microturbo TRS18-046 et pr\u00e9sentant une configuration <strong>bi-d\u00e9rive en H (H-tail)<\/strong>, un design atypique mais efficace pour la stabilit\u00e9 et la man\u0153uvrabilit\u00e9. Le succ\u00e8s du d\u00e9monstrateur a valid\u00e9 la conception globale du NGT, notamment en ce qui concerne les qualit\u00e9s de vol et les performances attendues.<\/p>\n\n\n\n<h3 class=\"wp-block-heading\">Succ\u00e8s du D\u00e9monstrateur et D\u00e9veloppement du T-46<\/h3>\n\n\n\n<p>Le programme de d\u00e9monstration ayant \u00e9t\u00e9 <strong>couronn\u00e9 de succ\u00e8s<\/strong>, Fairchild Republic a lanc\u00e9 le d\u00e9veloppement de la version \u00e0 \u00e9chelle 1 de l\u2019avion, le <strong><a href=\"https:\/\/fr.wikipedia.org\/wiki\/Fairchild_T-46\" target=\"_blank\" rel=\"noopener\">T-46A<\/a><\/strong>. Le d\u00e9monstrateur a permis de r\u00e9duire les co\u00fbts et les risques techniques et de planification associ\u00e9s au d\u00e9veloppement \u00e0 \u00e9chelle r\u00e9elle, tout en validant les performances de base. Cependant, lors de la phase de d\u00e9veloppement du <strong>T-46<\/strong>, des d\u00e9fis techniques importants sont apparus, et les performances attendues n\u2019ont pas \u00e9t\u00e9 atteintes.<\/p>\n\n\n\n<p>The <strong>2 juillet 1982<\/strong>, l&#8217;USAF a attribu\u00e9 \u00e0 Fairchild un contrat pour la construction de deux prototypes \u00e0 \u00e9chelle r\u00e9elle, immatricul\u00e9s <strong>84-0492<\/strong> et <strong>84-0493<\/strong>, et de deux cellules suppl\u00e9mentaires pour les essais statiques. Bien que le d\u00e9monstrateur ait \u00e9t\u00e9 un succ\u00e8s sur les plans des co\u00fbts, du calendrier et des r\u00e9sultats obtenus, les probl\u00e8mes rencontr\u00e9s lors de la phase de d\u00e9veloppement des avions \u00e0 \u00e9chelle r\u00e9elle ont conduit \u00e0 l&#8217;annulation du programme le <strong>13 mars 1987<\/strong>.<\/p>\n\n\n\n<h3 class=\"wp-block-heading\">H\u00e9ritage et Importance du NGT Flight Demonstrator<\/h3>\n\n\n\n<p>The <strong>NGT Flight Demonstrator<\/strong> a d\u00e9montr\u00e9 l\u2019efficacit\u00e9 de l\u2019approche consistant \u00e0 utiliser un d\u00e9monstrateur \u00e0 \u00e9chelle r\u00e9duite pour valider une conception. Les essais ont fourni des r\u00e9sultats complets sous des conditions de vol dynamiques repr\u00e9sentatives, impossibles \u00e0 simuler en soufflerie. Gr\u00e2ce \u00e0 ce d\u00e9monstrateur, des \u00e9conomies significatives ont \u00e9t\u00e9 r\u00e9alis\u00e9es sur le programme NGT, bien que le d\u00e9veloppement du T-46 n\u2019ait pas atteint les objectifs de performance fix\u00e9s.<\/p>\n\n\n\n<p>En conclusion, bien que le d\u00e9veloppement \u00e0 \u00e9chelle r\u00e9elle ait \u00e9chou\u00e9, le programme de d\u00e9monstration a permis de valider des concepts de conception importants, r\u00e9duisant ainsi les risques financiers et techniques pour des projets futurs.<\/p>\n\n\n\n<h2 class=\"wp-block-heading\">Sources and Notes<\/h2>\n\n\n\n<h3 class=\"wp-block-heading\">Pr\u00e9servation<\/h3>\n\n\n\n<div class=\"wp-block-columns is-layout-flex wp-container-core-columns-is-layout-28f84493 wp-block-columns-is-layout-flex\">\n<div class=\"wp-block-column is-layout-flow wp-block-column-is-layout-flow\">\n<figure class=\"wp-block-image size-full\"><img loading=\"lazy\" decoding=\"async\" width=\"684\" height=\"371\" src=\"https:\/\/minijets.org\/wp-content\/uploads\/2024\/11\/NGT-Cradel-Museum-.webp\" alt=\"\" class=\"wp-image-9961\" srcset=\"https:\/\/minijets.org\/wp-content\/uploads\/2024\/11\/NGT-Cradel-Museum-.webp 684w, https:\/\/minijets.org\/wp-content\/uploads\/2024\/11\/NGT-Cradel-Museum--18x10.webp 18w, https:\/\/minijets.org\/wp-content\/uploads\/2024\/11\/NGT-Cradel-Museum--300x163.webp 300w\" sizes=\"auto, (max-width: 684px) 100vw, 684px\" \/><\/figure>\n<\/div>\n\n\n\n<div class=\"wp-block-column is-layout-flow wp-block-column-is-layout-flow\">\n<p>Aujourd&#8217;hui, le NGT Flight Demonstrator est pr\u00e9serv\u00e9 au <a href=\"https:\/\/www.cradleofaviation.org\/\" target=\"_blank\" rel=\"noopener\">Cradle of Aviation Museum, Garden City, Long Island, NY<\/a> <\/p>\n<\/div>\n<\/div>\n\n\n\n<p><\/p>","protected":false},"excerpt":{"rendered":"<p>Fairchild Republic &amp; Ames Industrial Corporation Le NGT Flight Demonstrator, parfois d\u00e9sign\u00e9 sous le nom de Rutan Model 73, a \u00e9t\u00e9 d\u00e9velopp\u00e9 dans le cadre du programme Next Generation Trainer (NGT) de l&#8217;US Air Force (USAF). Ce projet visait \u00e0 concevoir un nouvel avion d&#8217;entra\u00eenement pour remplacer le vieillissant Cessna T-37B Tweety Bird. La strat\u00e9gie [&hellip;]<\/p>","protected":false},"author":1,"featured_media":2171,"parent":8569,"menu_order":0,"comment_status":"closed","ping_status":"closed","template":"","meta":{"_acf_changed":false,"cybocfi_hide_featured_image":"yes","footnotes":""},"categories":[18],"tags":[],"planes-000-100":[],"class_list":["post-2427","page","type-page","status-publish","has-post-thumbnail","hentry","category-plane-100-150"],"blocksy_meta":[],"acf":[],"_links":{"self":[{"href":"https:\/\/minijets.org\/en\/wp-json\/wp\/v2\/pages\/2427","targetHints":{"allow":["GET"]}}],"collection":[{"href":"https:\/\/minijets.org\/en\/wp-json\/wp\/v2\/pages"}],"about":[{"href":"https:\/\/minijets.org\/en\/wp-json\/wp\/v2\/types\/page"}],"author":[{"embeddable":true,"href":"https:\/\/minijets.org\/en\/wp-json\/wp\/v2\/users\/1"}],"replies":[{"embeddable":true,"href":"https:\/\/minijets.org\/en\/wp-json\/wp\/v2\/comments?post=2427"}],"version-history":[{"count":16,"href":"https:\/\/minijets.org\/en\/wp-json\/wp\/v2\/pages\/2427\/revisions"}],"predecessor-version":[{"id":9971,"href":"https:\/\/minijets.org\/en\/wp-json\/wp\/v2\/pages\/2427\/revisions\/9971"}],"up":[{"embeddable":true,"href":"https:\/\/minijets.org\/en\/wp-json\/wp\/v2\/pages\/8569"}],"wp:featuredmedia":[{"embeddable":true,"href":"https:\/\/minijets.org\/en\/wp-json\/wp\/v2\/media\/2171"}],"wp:attachment":[{"href":"https:\/\/minijets.org\/en\/wp-json\/wp\/v2\/media?parent=2427"}],"wp:term":[{"taxonomy":"category","embeddable":true,"href":"https:\/\/minijets.org\/en\/wp-json\/wp\/v2\/categories?post=2427"},{"taxonomy":"post_tag","embeddable":true,"href":"https:\/\/minijets.org\/en\/wp-json\/wp\/v2\/tags?post=2427"},{"taxonomy":"planes-000-100","embeddable":true,"href":"https:\/\/minijets.org\/en\/wp-json\/wp\/v2\/planes-000-100?post=2427"}],"curies":[{"name":"wp","href":"https:\/\/api.w.org\/{rel}","templated":true}]}}