{"id":2933,"date":"2021-01-27T11:08:44","date_gmt":"2021-01-27T10:08:44","guid":{"rendered":"http:\/\/tst.minijets.org\/?page_id=2933"},"modified":"2022-11-02T18:39:40","modified_gmt":"2022-11-02T17:39:40","slug":"turbomeca-marbore1","status":"publish","type":"page","link":"https:\/\/minijets.org\/en\/150-300\/turbomeca-marbore1\/","title":{"rendered":"Turbomeca Marbore I"},"content":{"rendered":"<div class=\"wp-block-columns is-layout-flex wp-container-core-columns-is-layout-28f84493 wp-block-columns-is-layout-flex\">\n<div class=\"wp-block-column is-layout-flow wp-block-column-is-layout-flow\" style=\"flex-basis:60%\">\n<figure class=\"wp-block-image size-large\"><img loading=\"lazy\" decoding=\"async\" width=\"500\" height=\"386\" src=\"http:\/\/minijets.org\/wp-content\/uploads\/2021\/01\/Turbomeca_Marbore_I_01.jpg\" alt=\"Turbomeca Marbore I\" class=\"wp-image-2593\" srcset=\"https:\/\/minijets.org\/wp-content\/uploads\/2021\/01\/Turbomeca_Marbore_I_01.jpg 500w, https:\/\/minijets.org\/wp-content\/uploads\/2021\/01\/Turbomeca_Marbore_I_01-300x232.jpg 300w, https:\/\/minijets.org\/wp-content\/uploads\/2021\/01\/Turbomeca_Marbore_I_01-16x12.jpg 16w\" sizes=\"auto, (max-width: 500px) 100vw, 500px\" \/><figcaption class=\"wp-element-caption\">Turbomeca Marbore I, N\u00b023 en essai chez Continental aux \u00c9tats-Unis<\/figcaption><\/figure>\n<\/div>\n\n\n\n<div class=\"wp-block-column minijets_table is-layout-flow wp-block-column-is-layout-flow\" style=\"flex-basis:50%\">\n<p>Le Turbomeca Marbore I est turbor\u00e9acteur \u00e0 compresseur centrifuge, chambre de combustion annulaire, roue d&#8217;injection et turbine axiale \u00e0 un \u00e9tage. Il a \u00e9t\u00e9 d\u00e9velopp\u00e9 comme une version plus puissante des Pimene et Palas.<\/p>\n\n\n\n<p>Pour \u00e9liminer les probl\u00e8mes rencontr\u00e9s lors des atterrissages en vol plan\u00e9 du Leduc 010, Le STA\u00e9 demanda \u00e0 Turbomeca d&#8217;\u00e9tudier un turbor\u00e9acteur de 300 kg de pouss\u00e9e. En pla\u00e7ant un exemplaire \u00e0 chaque extr\u00e9mit\u00e9 des ailes, il permettrait \u00e0 ce dernier de man\u0153uvrer pour atterrir normalement.<\/p>\n\n\n\n<p>Ce moteur fut baptis\u00e9\u00a0<strong>Marbor\u00e9 I<\/strong>. Apr\u00e8s des essais au banc en i en avril 1950, il effectue son premier vol le <strong>16 juin 1951<\/strong> sur le <a href=\"https:\/\/minijets.org\/en\/150-300\/turbomeca-marbore1\/cm88-mrk2\/\" data-type=\"page\" data-id=\"2963\">Fouga G\u00e9meaux<\/a> (dans sa version CM88 Mrk II). Il volera avec le <a href=\"https:\/\/fr.wikipedia.org\/wiki\/Leduc_(avion)\" data-type=\"URL\" data-id=\"https:\/\/fr.wikipedia.org\/wiki\/Leduc_(avion)\" target=\"_blank\" rel=\"noopener\">Leduc 016<\/a>  le <strong>15 janvier 1952<\/strong>.<\/p>\n\n\n\n<figure class=\"wp-block-image size-full\"><img loading=\"lazy\" decoding=\"async\" width=\"700\" height=\"385\" src=\"http:\/\/minijets.org\/wp-content\/uploads\/2021\/01\/Turbomeca_Marbore_I_05.jpg\" alt=\"Turbomeca Marbore I\" class=\"wp-image-2594\" srcset=\"https:\/\/minijets.org\/wp-content\/uploads\/2021\/01\/Turbomeca_Marbore_I_05.jpg 700w, https:\/\/minijets.org\/wp-content\/uploads\/2021\/01\/Turbomeca_Marbore_I_05-300x165.jpg 300w, https:\/\/minijets.org\/wp-content\/uploads\/2021\/01\/Turbomeca_Marbore_I_05-18x10.jpg 18w\" sizes=\"auto, (max-width: 700px) 100vw, 700px\" \/><figcaption class=\"wp-element-caption\">Turbom\u00e9ca Marbor\u00e9 I. Source : Flight, 29 june 1951<\/figcaption><\/figure>\n<\/div>\n<\/div>\n\n\n\n<div class=\"wp-block-columns is-layout-flex wp-container-core-columns-is-layout-28f84493 wp-block-columns-is-layout-flex\">\n<div class=\"wp-block-column is-layout-flow wp-block-column-is-layout-flow\">\n<figure class=\"wp-block-image size-large\"><img loading=\"lazy\" decoding=\"async\" width=\"500\" height=\"694\" src=\"http:\/\/minijets.org\/wp-content\/uploads\/2021\/01\/Turbomeca_Marbore_I_09.jpg\" alt=\"\" class=\"wp-image-2595\" srcset=\"https:\/\/minijets.org\/wp-content\/uploads\/2021\/01\/Turbomeca_Marbore_I_09.jpg 500w, https:\/\/minijets.org\/wp-content\/uploads\/2021\/01\/Turbomeca_Marbore_I_09-216x300.jpg 216w, https:\/\/minijets.org\/wp-content\/uploads\/2021\/01\/Turbomeca_Marbore_I_09-9x12.jpg 9w\" sizes=\"auto, (max-width: 500px) 100vw, 500px\" \/><figcaption class=\"wp-element-caption\">Turbomeca Marbore I, Pouss\u00e9e et consommation au point fixe. Source : Fiche documentaire Turbomeca N\u00b002-03, mai 1951<\/figcaption><\/figure>\n<\/div>\n\n\n\n<div class=\"wp-block-column is-layout-flow wp-block-column-is-layout-flow\">\n<figure class=\"wp-block-image size-large\"><img loading=\"lazy\" decoding=\"async\" width=\"500\" height=\"694\" src=\"http:\/\/minijets.org\/wp-content\/uploads\/2021\/01\/Turbomeca_Marbore_I_08.jpg\" alt=\"\" class=\"wp-image-2587\" srcset=\"https:\/\/minijets.org\/wp-content\/uploads\/2021\/01\/Turbomeca_Marbore_I_08.jpg 500w, https:\/\/minijets.org\/wp-content\/uploads\/2021\/01\/Turbomeca_Marbore_I_08-216x300.jpg 216w, https:\/\/minijets.org\/wp-content\/uploads\/2021\/01\/Turbomeca_Marbore_I_08-9x12.jpg 9w\" sizes=\"auto, (max-width: 500px) 100vw, 500px\" \/><figcaption class=\"wp-element-caption\">Turbomeca Marbore I, Courbe de consommation et puissance. Source : Fiche documentaire Turbomeca N\u00b002-03, mai 1951<\/figcaption><\/figure>\n<\/div>\n<\/div>\n\n\n\n<figure class=\"wp-block-image size-large is-resized\"><img loading=\"lazy\" decoding=\"async\" src=\"http:\/\/minijets.org\/wp-content\/uploads\/2021\/01\/Turbomeca_Marbore_I_06.jpg\" alt=\"\" class=\"wp-image-2591\" width=\"850\" height=\"342\" srcset=\"https:\/\/minijets.org\/wp-content\/uploads\/2021\/01\/Turbomeca_Marbore_I_06.jpg 850w, https:\/\/minijets.org\/wp-content\/uploads\/2021\/01\/Turbomeca_Marbore_I_06-300x121.jpg 300w, https:\/\/minijets.org\/wp-content\/uploads\/2021\/01\/Turbomeca_Marbore_I_06-768x309.jpg 768w, https:\/\/minijets.org\/wp-content\/uploads\/2021\/01\/Turbomeca_Marbore_I_06-18x7.jpg 18w\" sizes=\"auto, (max-width: 850px) 100vw, 850px\" \/><figcaption class=\"wp-element-caption\">Encombrement du Turbomeca Marbore I. Source : Fiche documentaire Turbomeca N\u00b002-03, mai 1951<\/figcaption><\/figure>\n\n\n\n<h2 class=\"wp-block-heading\">Application<\/h2>\n\n\n        <div class=\"wp-block-getwid-custom-post-type custom-post-type-page has-layout-list\">\n            <div class=\"wp-block-getwid-custom-post-type__wrapper\">\n                \t\t\t\t\t\t\t\t<div class='wp-block-getwid-custom-post-type__post'>\n\t\t\t\t\t\t\t\t\t\n<div class=\"wp-block-getwid-custom-post-type__post-wrapper\">\n            <div class=\"wp-block-getwid-custom-post-type__post-thumbnail\">\n            <a href=\"https:\/\/minijets.org\/en\/150-300\/turbomeca-marbore1\/cm88-mrk2\/\"><img loading=\"lazy\" decoding=\"async\" width=\"350\" height=\"256\" src=\"https:\/\/minijets.org\/wp-content\/uploads\/2021\/01\/Fouga_Gemeaux_II.jpg\" class=\"attachment-post-thumbnail size-post-thumbnail wp-post-image\" alt=\"\" srcset=\"https:\/\/minijets.org\/wp-content\/uploads\/2021\/01\/Fouga_Gemeaux_II.jpg 350w, https:\/\/minijets.org\/wp-content\/uploads\/2021\/01\/Fouga_Gemeaux_II-300x219.jpg 300w, https:\/\/minijets.org\/wp-content\/uploads\/2021\/01\/Fouga_Gemeaux_II-16x12.jpg 16w\" sizes=\"auto, (max-width: 350px) 100vw, 350px\" \/><\/a>\n        <\/div>\n        <div class=\"wp-block-getwid-custom-post-type__content-wrapper\">\n        <div class=\"wp-block-getwid-custom-post-type__post-header\">\n            <h3 class=\"wp-block-getwid-custom-post-type__post-title\"><a href=\"https:\/\/minijets.org\/en\/150-300\/turbomeca-marbore1\/cm88-mrk2\/\">Fouga CM88R G\u00e9meaux mark II<\/a><\/h3>        <\/div>\n        <div class=\"wp-block-getwid-custom-post-type__post-excerpt\"><p>L&#8217;exemplaire N\u00b0 2 du Fouga&nbsp;CM88R G\u00e9meaux mark II a fait son premier vol aux mains de&nbsp;L\u00e9on Bourrieau&nbsp;le&nbsp;16 juin 1951. L&#8217;avion \u00e9tait immatricul\u00e9&nbsp;F-WFKN. Sur le plan central entre les deux fuselages se trouvait l&#8217;un d\u00e8s premiers exemplaires du r\u00e9acteur&nbsp;Marbor\u00e9 I&nbsp;de Turbomeca. Ce moteur donnait une pouss\u00e9e maximale d&#8217;environ&nbsp;275 \u00e0&nbsp; 300&nbsp;Kg pour un poids d&#8217;environ 120 kg. [&hellip;]<\/p>\n<\/div>\n    <\/div>\n<\/div>\n\t\t\t\t\t\t\t\t<\/div>\n\t\t\t\t\t\t\t            <\/div>\n\n                    <\/div>\n        \n\n\n<p><\/p>\n\n\n\n<div class=\"wp-block-columns is-layout-flex wp-container-core-columns-is-layout-28f84493 wp-block-columns-is-layout-flex\">\n<div class=\"wp-block-column is-layout-flow wp-block-column-is-layout-flow\" style=\"flex-basis:25%\">\n<figure class=\"wp-block-image size-large\"><img loading=\"lazy\" decoding=\"async\" width=\"350\" height=\"256\" src=\"http:\/\/minijets.org\/wp-content\/uploads\/2021\/01\/Leduc_016.jpg\" alt=\"\" class=\"wp-image-2596\" srcset=\"https:\/\/minijets.org\/wp-content\/uploads\/2021\/01\/Leduc_016.jpg 350w, https:\/\/minijets.org\/wp-content\/uploads\/2021\/01\/Leduc_016-300x219.jpg 300w, https:\/\/minijets.org\/wp-content\/uploads\/2021\/01\/Leduc_016-16x12.jpg 16w\" sizes=\"auto, (max-width: 350px) 100vw, 350px\" \/><figcaption class=\"wp-element-caption\">The Leduc 016 was developed with wingtip mounted Marbore I<\/figcaption><\/figure>\n<\/div>\n\n\n\n<div class=\"wp-block-column is-layout-flow wp-block-column-is-layout-flow\"><\/div>\n<\/div>","protected":false},"excerpt":{"rendered":"<p>Le Turbomeca Marbore I est turbor\u00e9acteur \u00e0 compresseur centrifuge, chambre de combustion annulaire, roue d&#8217;injection et turbine axiale \u00e0 un \u00e9tage. Il a \u00e9t\u00e9 d\u00e9velopp\u00e9 comme une version plus puissante des Pimene et Palas. Pour \u00e9liminer les probl\u00e8mes rencontr\u00e9s lors des atterrissages en vol plan\u00e9 du Leduc 010, Le STA\u00e9 demanda \u00e0 Turbomeca d&#8217;\u00e9tudier un [&hellip;]<\/p>","protected":false},"author":1,"featured_media":2590,"parent":2882,"menu_order":0,"comment_status":"closed","ping_status":"closed","template":"","meta":{"_acf_changed":false,"cybocfi_hide_featured_image":"","footnotes":""},"categories":[14],"tags":[],"planes-000-100":[],"class_list":["post-2933","page","type-page","status-publish","has-post-thumbnail","hentry","category-jet-engine-150-300"],"blocksy_meta":[],"acf":[],"_links":{"self":[{"href":"https:\/\/minijets.org\/en\/wp-json\/wp\/v2\/pages\/2933","targetHints":{"allow":["GET"]}}],"collection":[{"href":"https:\/\/minijets.org\/en\/wp-json\/wp\/v2\/pages"}],"about":[{"href":"https:\/\/minijets.org\/en\/wp-json\/wp\/v2\/types\/page"}],"author":[{"embeddable":true,"href":"https:\/\/minijets.org\/en\/wp-json\/wp\/v2\/users\/1"}],"replies":[{"embeddable":true,"href":"https:\/\/minijets.org\/en\/wp-json\/wp\/v2\/comments?post=2933"}],"version-history":[{"count":0,"href":"https:\/\/minijets.org\/en\/wp-json\/wp\/v2\/pages\/2933\/revisions"}],"up":[{"embeddable":true,"href":"https:\/\/minijets.org\/en\/wp-json\/wp\/v2\/pages\/2882"}],"wp:featuredmedia":[{"embeddable":true,"href":"https:\/\/minijets.org\/en\/wp-json\/wp\/v2\/media\/2590"}],"wp:attachment":[{"href":"https:\/\/minijets.org\/en\/wp-json\/wp\/v2\/media?parent=2933"}],"wp:term":[{"taxonomy":"category","embeddable":true,"href":"https:\/\/minijets.org\/en\/wp-json\/wp\/v2\/categories?post=2933"},{"taxonomy":"post_tag","embeddable":true,"href":"https:\/\/minijets.org\/en\/wp-json\/wp\/v2\/tags?post=2933"},{"taxonomy":"planes-000-100","embeddable":true,"href":"https:\/\/minijets.org\/en\/wp-json\/wp\/v2\/planes-000-100?post=2933"}],"curies":[{"name":"wp","href":"https:\/\/api.w.org\/{rel}","templated":true}]}}