{"id":2949,"date":"2021-01-27T11:42:01","date_gmt":"2021-01-27T10:42:01","guid":{"rendered":"http:\/\/tst.minijets.org\/?page_id=2949"},"modified":"2024-11-20T21:56:46","modified_gmt":"2024-11-20T20:56:46","slug":"bd5j-j402","status":"publish","type":"page","link":"https:\/\/minijets.org\/en\/150-300\/j402\/bd5j-j402\/","title":{"rendered":"BD-5J J402"},"content":{"rendered":"<h2 class=\"wp-block-heading\" id=\"block-26f1ab74-68d4-4105-b28c-b6c5c9d1605a\">Tori Mac's BD-5J<\/h2>\n\n\n\n<div class=\"wp-block-columns is-layout-flex wp-container-core-columns-is-layout-28f84493 wp-block-columns-is-layout-flex\">\n<div class=\"wp-block-column is-layout-flow wp-block-column-is-layout-flow\">\n<p>Little is known about Tori Mac\u2019s BD-5J J402, which stands out with its yellow livery adorned with black stripes and the distinctive \u201cThe Trailblazer Project\u201d marking on the tail.<\/p>\n\n\n\n<p class=\"translation-block\">Designed to be equipped with a Teledyne CAE J402-CA-700 turbojet \u2013 featuring a diameter similar to that of a Microturbo TRS-18 but slightly longer \u2013 this aircraft was intended to deliver 640 pounds of thrust.<\/p>\n\n\n\n<p class=\"translation-block\">In <strong>2006<\/strong>, during a meeting in Australia, Juan Jimenez had the opportunity to observe the aircraft. Although it appeared nearly complete, there were no immediate plans for it to take flight. This raises the question of whether the BD-5J was primarily a marketing tool to promote Tori Mac's image rather than an operational aircraft.<\/p>\n<\/div>\n\n\n\n<div class=\"wp-block-column is-layout-flow wp-block-column-is-layout-flow\">\n<figure class=\"wp-block-image size-full\"><img loading=\"lazy\" decoding=\"async\" width=\"800\" height=\"600\" src=\"https:\/\/minijets.org\/wp-content\/uploads\/2024\/11\/BD5J-J402-Tori-Mac-1.webp\" alt=\"BD5J - J402 de Tori Mac\" class=\"wp-image-10131\" srcset=\"https:\/\/minijets.org\/wp-content\/uploads\/2024\/11\/BD5J-J402-Tori-Mac-1.webp 800w, https:\/\/minijets.org\/wp-content\/uploads\/2024\/11\/BD5J-J402-Tori-Mac-1-16x12.webp 16w, https:\/\/minijets.org\/wp-content\/uploads\/2024\/11\/BD5J-J402-Tori-Mac-1-300x225.webp 300w, https:\/\/minijets.org\/wp-content\/uploads\/2024\/11\/BD5J-J402-Tori-Mac-1-768x576.webp 768w\" sizes=\"auto, (max-width: 800px) 100vw, 800px\" \/><figcaption class=\"wp-element-caption\">Tori Mac: Builder and Pilot of the BD-5J Equipped with a Teledyne CAE J402-CA-700<\/figcaption><\/figure>\n<\/div>\n<\/div>\n\n\n\n<div class=\"wp-block-columns is-layout-flex wp-container-core-columns-is-layout-28f84493 wp-block-columns-is-layout-flex\">\n<div class=\"wp-block-column is-layout-flow wp-block-column-is-layout-flow\">\n<figure class=\"wp-block-image size-full\"><img loading=\"lazy\" decoding=\"async\" width=\"800\" height=\"600\" src=\"https:\/\/minijets.org\/wp-content\/uploads\/2024\/11\/BD5J-J402-Tori-Mac-5.webp\" alt=\"BD5J - J402 de Tori Mac\" class=\"wp-image-10139\" srcset=\"https:\/\/minijets.org\/wp-content\/uploads\/2024\/11\/BD5J-J402-Tori-Mac-5.webp 800w, https:\/\/minijets.org\/wp-content\/uploads\/2024\/11\/BD5J-J402-Tori-Mac-5-16x12.webp 16w, https:\/\/minijets.org\/wp-content\/uploads\/2024\/11\/BD5J-J402-Tori-Mac-5-300x225.webp 300w, https:\/\/minijets.org\/wp-content\/uploads\/2024\/11\/BD5J-J402-Tori-Mac-5-768x576.webp 768w\" sizes=\"auto, (max-width: 800px) 100vw, 800px\" \/><figcaption class=\"wp-element-caption\">BD-5J \u2013 J402 by Tori Mac<\/figcaption><\/figure>\n<\/div>\n\n\n\n<div class=\"wp-block-column is-layout-flow wp-block-column-is-layout-flow\">\n<figure class=\"wp-block-image size-full\"><img loading=\"lazy\" decoding=\"async\" width=\"800\" height=\"600\" src=\"https:\/\/minijets.org\/wp-content\/uploads\/2024\/11\/BD5J-J402-Tori-Mac-4.webp\" alt=\"BD5J - J402 de Tori Mac\" class=\"wp-image-10137\" srcset=\"https:\/\/minijets.org\/wp-content\/uploads\/2024\/11\/BD5J-J402-Tori-Mac-4.webp 800w, https:\/\/minijets.org\/wp-content\/uploads\/2024\/11\/BD5J-J402-Tori-Mac-4-16x12.webp 16w, https:\/\/minijets.org\/wp-content\/uploads\/2024\/11\/BD5J-J402-Tori-Mac-4-300x225.webp 300w, https:\/\/minijets.org\/wp-content\/uploads\/2024\/11\/BD5J-J402-Tori-Mac-4-768x576.webp 768w\" sizes=\"auto, (max-width: 800px) 100vw, 800px\" \/><figcaption class=\"wp-element-caption\">Teledyne CAE J402-CA-700 by Tori Mac, Showcased at the 1st Annual Oz BD-5 Expo (2006)<\/figcaption><\/figure>\n<\/div>\n<\/div>\n\n\n\n<div class=\"wp-block-columns is-layout-flex wp-container-core-columns-is-layout-28f84493 wp-block-columns-is-layout-flex\">\n<div class=\"wp-block-column is-layout-flow wp-block-column-is-layout-flow\">\n<figure class=\"wp-block-image size-full\"><img loading=\"lazy\" decoding=\"async\" width=\"800\" height=\"600\" src=\"https:\/\/minijets.org\/wp-content\/uploads\/2024\/11\/BD5J-J402-Tori-Mac-3.webp\" alt=\"BD5J - J402 de Tori Mac\" class=\"wp-image-10133\" srcset=\"https:\/\/minijets.org\/wp-content\/uploads\/2024\/11\/BD5J-J402-Tori-Mac-3.webp 800w, https:\/\/minijets.org\/wp-content\/uploads\/2024\/11\/BD5J-J402-Tori-Mac-3-16x12.webp 16w, https:\/\/minijets.org\/wp-content\/uploads\/2024\/11\/BD5J-J402-Tori-Mac-3-300x225.webp 300w, https:\/\/minijets.org\/wp-content\/uploads\/2024\/11\/BD5J-J402-Tori-Mac-3-768x576.webp 768w\" sizes=\"auto, (max-width: 800px) 100vw, 800px\" \/><figcaption class=\"wp-element-caption\">Tori Mac's BD-5J at the 1st Annual Oz BD-5 Expo (2006)<\/figcaption><\/figure>\n<\/div>\n\n\n\n<div class=\"wp-block-column is-layout-flow wp-block-column-is-layout-flow\">\n<figure class=\"wp-block-image size-full\"><img loading=\"lazy\" decoding=\"async\" width=\"800\" height=\"600\" src=\"https:\/\/minijets.org\/wp-content\/uploads\/2024\/11\/BD5J-J402-Tori-Mac-2.webp\" alt=\"BD5J - J402 de Tori Mac\" class=\"wp-image-10132\" srcset=\"https:\/\/minijets.org\/wp-content\/uploads\/2024\/11\/BD5J-J402-Tori-Mac-2.webp 800w, https:\/\/minijets.org\/wp-content\/uploads\/2024\/11\/BD5J-J402-Tori-Mac-2-16x12.webp 16w, https:\/\/minijets.org\/wp-content\/uploads\/2024\/11\/BD5J-J402-Tori-Mac-2-300x225.webp 300w, https:\/\/minijets.org\/wp-content\/uploads\/2024\/11\/BD5J-J402-Tori-Mac-2-768x576.webp 768w\" sizes=\"auto, (max-width: 800px) 100vw, 800px\" \/><figcaption class=\"wp-element-caption\">Tori Mac's BD-5J at the 1st Annual Oz BD-5 Expo (2006)<\/figcaption><\/figure>\n<\/div>\n<\/div>","protected":false},"excerpt":{"rendered":"<p>Le BD-5J de Tori Mac On connait peut de choses sur le BD-5J J402 de Tori Mac, qui se distingue par sa livr\u00e9e jaune agr\u00e9ment\u00e9e de rayures noires et le marquage distinctif \u201cThe Trailblazer Project\u201d sur la d\u00e9rive. Construit avec l\u2019intention d\u2019\u00eatre \u00e9quip\u00e9 d\u2019un turbor\u00e9acteur Teledyne CAE J402-CA-700 \u2013 d\u2019un diam\u00e8tre \u00e9quivalent \u00e0 celui d\u2019un [&hellip;]<\/p>","protected":false},"author":1,"featured_media":10131,"parent":2944,"menu_order":0,"comment_status":"closed","ping_status":"closed","template":"","meta":{"_acf_changed":false,"cybocfi_hide_featured_image":"","footnotes":""},"categories":[19],"tags":[],"planes-000-100":[],"class_list":["post-2949","page","type-page","status-publish","has-post-thumbnail","hentry","category-plane-150-300"],"blocksy_meta":[],"acf":[],"_links":{"self":[{"href":"https:\/\/minijets.org\/en\/wp-json\/wp\/v2\/pages\/2949","targetHints":{"allow":["GET"]}}],"collection":[{"href":"https:\/\/minijets.org\/en\/wp-json\/wp\/v2\/pages"}],"about":[{"href":"https:\/\/minijets.org\/en\/wp-json\/wp\/v2\/types\/page"}],"author":[{"embeddable":true,"href":"https:\/\/minijets.org\/en\/wp-json\/wp\/v2\/users\/1"}],"replies":[{"embeddable":true,"href":"https:\/\/minijets.org\/en\/wp-json\/wp\/v2\/comments?post=2949"}],"version-history":[{"count":6,"href":"https:\/\/minijets.org\/en\/wp-json\/wp\/v2\/pages\/2949\/revisions"}],"predecessor-version":[{"id":10150,"href":"https:\/\/minijets.org\/en\/wp-json\/wp\/v2\/pages\/2949\/revisions\/10150"}],"up":[{"embeddable":true,"href":"https:\/\/minijets.org\/en\/wp-json\/wp\/v2\/pages\/2944"}],"wp:featuredmedia":[{"embeddable":true,"href":"https:\/\/minijets.org\/en\/wp-json\/wp\/v2\/media\/10131"}],"wp:attachment":[{"href":"https:\/\/minijets.org\/en\/wp-json\/wp\/v2\/media?parent=2949"}],"wp:term":[{"taxonomy":"category","embeddable":true,"href":"https:\/\/minijets.org\/en\/wp-json\/wp\/v2\/categories?post=2949"},{"taxonomy":"post_tag","embeddable":true,"href":"https:\/\/minijets.org\/en\/wp-json\/wp\/v2\/tags?post=2949"},{"taxonomy":"planes-000-100","embeddable":true,"href":"https:\/\/minijets.org\/en\/wp-json\/wp\/v2\/planes-000-100?post=2949"}],"curies":[{"name":"wp","href":"https:\/\/api.w.org\/{rel}","templated":true}]}}