{"id":3121,"date":"2021-01-28T17:50:38","date_gmt":"2021-01-28T16:50:38","guid":{"rendered":"http:\/\/tst.minijets.org\/?page_id=3121"},"modified":"2024-10-26T19:23:11","modified_gmt":"2024-10-26T17:23:11","slug":"dg-1000j","status":"publish","type":"page","link":"https:\/\/minijets.org\/en\/0-100\/amt-titan\/dg-1000j\/","title":{"rendered":"DG-1000J"},"content":{"rendered":"<h2 class=\"wp-block-heading\" id=\"block-b9742825-9378-47f8-8c0d-800c6402c445\">D\u00e9veloppement et \u00e9volution du projet DG-1000J<\/h2>\n\n\n\n<figure class=\"wp-block-image size-large\"><img loading=\"lazy\" decoding=\"async\" width=\"800\" height=\"266\" src=\"http:\/\/minijets.org\/wp-content\/uploads\/2020\/12\/AK9_DG-1000J-2.jpg\" alt=\"\" class=\"wp-image-935\" srcset=\"https:\/\/minijets.org\/wp-content\/uploads\/2020\/12\/AK9_DG-1000J-2.jpg 800w, https:\/\/minijets.org\/wp-content\/uploads\/2020\/12\/AK9_DG-1000J-2-300x100.jpg 300w, https:\/\/minijets.org\/wp-content\/uploads\/2020\/12\/AK9_DG-1000J-2-768x255.jpg 768w, https:\/\/minijets.org\/wp-content\/uploads\/2020\/12\/AK9_DG-1000J-2-18x6.jpg 18w\" sizes=\"auto, (max-width: 800px) 100vw, 800px\" \/><figcaption class=\"wp-element-caption\">DG-1000J ou AK-9 en vol avec la turbine et son silencieux sortie. Source : Akaflieg Karlsruhe.<\/figcaption><\/figure>\n\n\n\n<div class=\"wp-block-columns is-layout-flex wp-container-core-columns-is-layout-28f84493 wp-block-columns-is-layout-flex\">\n<div class=\"wp-block-column is-layout-flow wp-block-column-is-layout-flow\" style=\"flex-basis:50%\">\n<figure class=\"wp-block-image size-large\"><img loading=\"lazy\" decoding=\"async\" width=\"850\" height=\"526\" src=\"http:\/\/minijets.org\/wp-content\/uploads\/2020\/12\/AK9_DG-1000J-1.jpg\" alt=\"\" class=\"wp-image-938\" srcset=\"https:\/\/minijets.org\/wp-content\/uploads\/2020\/12\/AK9_DG-1000J-1.jpg 850w, https:\/\/minijets.org\/wp-content\/uploads\/2020\/12\/AK9_DG-1000J-1-300x186.jpg 300w, https:\/\/minijets.org\/wp-content\/uploads\/2020\/12\/AK9_DG-1000J-1-768x475.jpg 768w, https:\/\/minijets.org\/wp-content\/uploads\/2020\/12\/AK9_DG-1000J-1-18x12.jpg 18w\" sizes=\"auto, (max-width: 850px) 100vw, 850px\" \/><figcaption class=\"wp-element-caption\">DG-1000J ou AK-9 : Akaflieg Karlsruhe.<\/figcaption><\/figure>\n\n\n\n<figure class=\"wp-block-image size-large\"><img loading=\"lazy\" decoding=\"async\" width=\"850\" height=\"567\" src=\"http:\/\/minijets.org\/wp-content\/uploads\/2020\/12\/AK9_DG-1000J-3.jpg\" alt=\"\" class=\"wp-image-928\" srcset=\"https:\/\/minijets.org\/wp-content\/uploads\/2020\/12\/AK9_DG-1000J-3.jpg 850w, https:\/\/minijets.org\/wp-content\/uploads\/2020\/12\/AK9_DG-1000J-3-300x200.jpg 300w, https:\/\/minijets.org\/wp-content\/uploads\/2020\/12\/AK9_DG-1000J-3-768x512.jpg 768w, https:\/\/minijets.org\/wp-content\/uploads\/2020\/12\/AK9_DG-1000J-3-18x12.jpg 18w\" sizes=\"auto, (max-width: 850px) 100vw, 850px\" \/><figcaption class=\"wp-element-caption\">AMT Titan, r\u00e9acteur int\u00e9gr\u00e9 au Kit PSR-T02 de Draline utilis\u00e9 sur l&#8217;AK9. Source : Akaflieg Karlsruhe.<\/figcaption><\/figure>\n<\/div>\n\n\n\n<div class=\"wp-block-column is-layout-flow wp-block-column-is-layout-flow\" style=\"flex-basis:50%\">\n<h3 class=\"wp-block-heading\"><strong>Pr\u00e9sentation du DG-1000J (ou AK 9)<\/strong><\/h3>\n\n\n\n<p>The <strong>DG-1000<\/strong> est un planeur biplace con\u00e7u et fabriqu\u00e9 par <strong>DG Flugzeugbau<\/strong>. La version <strong>DG-1000J<\/strong> est une variante non officielle \u00e9quip\u00e9e d\u2019un moteur \u00e0 r\u00e9action, permettant d&#8217;atteindre des vitesses de vol horizontal \u00e9lev\u00e9es. Le moteur \u00e0 r\u00e9action a \u00e9t\u00e9 int\u00e9gr\u00e9 \u00e0 l&#8217;appareil par l&#8217;<a href=\"https:\/\/akaflieg-karlsruhe.de\/\" target=\"_blank\" rel=\"noopener\">Akaflieg Karlsruh<strong>e<\/strong><\/a> (faisant partie de l&#8217;Institut de Technologie de Karlsruhe, <strong>KIT<\/strong>).<\/p>\n\n\n\n<h3 class=\"wp-block-heading\"><strong>Progr\u00e8s et d\u00e9fis pour le projet DG-1000J<\/strong><\/h3>\n\n\n\n<p>Le projet de motorisation du <strong>DG-1000<\/strong> a d\u00e9but\u00e9 en 2008. L\u2019appareil avait \u00e9t\u00e9 con\u00e7u avec un r\u00e9servoir et un bo\u00eetier moteur pour accueillir une turbine r\u00e9tractable. En 2010, l\u2019\u00e9quipe a opt\u00e9 pour l\u2019installation de l\u2019<a href=\"https:\/\/minijets.org\/en\/0-100\/amt-titan\/\" data-type=\"page\" data-id=\"915\">AMT Titan<\/a>, offrant une pouss\u00e9e de <strong>400 N<\/strong>.<\/p>\n\n\n\n<p>La soci\u00e9t\u00e9 <strong>PSR Jet System<\/strong> a adapt\u00e9 cette turbine en modifiant les syst\u00e8mes de contr\u00f4le et de surveillance, ainsi que le circuit de carburant. Un dispositif de confinement a \u00e9t\u00e9 int\u00e9gr\u00e9 pour pr\u00e9venir tout dommage en cas de d\u00e9faillance m\u00e9canique. En d\u00e9cembre 2010, la turbine et ses composants ont \u00e9t\u00e9 livr\u00e9s des Pays-Bas, et les \u00e9quipes ont entam\u00e9 l&#8217;installation. <\/p>\n<\/div>\n<\/div>\n\n\n\n<p>Un syst\u00e8me de mesure des temp\u00e9ratures \u00e0 huit points a \u00e9t\u00e9 d\u00e9velopp\u00e9 pour surveiller les performances en vol. Les essais ont permis de d\u00e9crocher une certification provisoire, et le premier vol a eu lieu \u00e0 l\u2019\u00e9t\u00e9 2011. La maniabilit\u00e9 et la vitesse ont \u00e9t\u00e9 jug\u00e9es satisfaisantes, bien que les taux de mont\u00e9e soient rest\u00e9s inf\u00e9rieurs aux attentes.<\/p>\n\n\n\n<h3 class=\"wp-block-heading\">Optimisation des performances et r\u00e9duction du bruit<\/h3>\n\n\n\n<p>Des tests sur banc et en vol ont permis d\u2019am\u00e9liorer l\u2019efficacit\u00e9 de propulsion, augment\u00e9e de <strong>10 % \u00e0 23 %<\/strong> \u00e0 <strong>100 km\/h<\/strong>, avec un gain de <strong>0,2 m\/s<\/strong> sur le taux de mont\u00e9e. Le meilleur taux de mont\u00e9e a \u00e9t\u00e9 observ\u00e9 \u00e0 environ <strong>130 km\/h<\/strong>.<\/p>\n\n\n\n<p>Pour r\u00e9duire les \u00e9missions sonores, un \u00e9jecteur doubl\u00e9 d&#8217;un lamin\u00e9 m\u00e9tallique (&#8220;SilentMetal&#8221;) a \u00e9t\u00e9 test\u00e9. Ce dispositif a permis de r\u00e9duire le bruit de <strong>3 dB (SPL)<\/strong> sur les c\u00f4t\u00e9s de la turbine. La longueur de l&#8217;\u00e9jecteur s&#8217;est r\u00e9v\u00e9l\u00e9e insuffisante pour une r\u00e9duction globale.<\/p>\n\n\n\n<h3 class=\"wp-block-heading\">Finalisation du projet<\/h3>\n\n\n\n<p>En <strong>2021<\/strong> et <strong>2022<\/strong>, les essais en vol ont montr\u00e9 que les sp\u00e9cifications de bruit requises pour la certification d&#8217;un seul appareil ne pouvaient \u00eatre respect\u00e9es qu&#8217;avec une r\u00e9duction de puissance. La certification n&#8217;\u00e9tant pas possible avec le moteur actuel, il a \u00e9t\u00e9 d\u00e9cid\u00e9 de retirer le moteur.<\/p>","protected":false},"excerpt":{"rendered":"<p>D\u00e9veloppement et \u00e9volution du projet DG-1000J Pr\u00e9sentation du DG-1000J (ou AK 9) Le DG-1000 est un planeur biplace con\u00e7u et fabriqu\u00e9 par DG Flugzeugbau. La version DG-1000J est une variante non officielle \u00e9quip\u00e9e d\u2019un moteur \u00e0 r\u00e9action, permettant d&#8217;atteindre des vitesses de vol horizontal \u00e9lev\u00e9es. Le moteur \u00e0 r\u00e9action a \u00e9t\u00e9 int\u00e9gr\u00e9 \u00e0 l&#8217;appareil par [&hellip;]<\/p>","protected":false},"author":1,"featured_media":938,"parent":915,"menu_order":0,"comment_status":"closed","ping_status":"closed","template":"","meta":{"_acf_changed":false,"cybocfi_hide_featured_image":"","footnotes":""},"categories":[17],"tags":[],"planes-000-100":[],"class_list":["post-3121","page","type-page","status-publish","has-post-thumbnail","hentry","category-plane-000-100"],"blocksy_meta":[],"acf":[],"_links":{"self":[{"href":"https:\/\/minijets.org\/en\/wp-json\/wp\/v2\/pages\/3121","targetHints":{"allow":["GET"]}}],"collection":[{"href":"https:\/\/minijets.org\/en\/wp-json\/wp\/v2\/pages"}],"about":[{"href":"https:\/\/minijets.org\/en\/wp-json\/wp\/v2\/types\/page"}],"author":[{"embeddable":true,"href":"https:\/\/minijets.org\/en\/wp-json\/wp\/v2\/users\/1"}],"replies":[{"embeddable":true,"href":"https:\/\/minijets.org\/en\/wp-json\/wp\/v2\/comments?post=3121"}],"version-history":[{"count":10,"href":"https:\/\/minijets.org\/en\/wp-json\/wp\/v2\/pages\/3121\/revisions"}],"predecessor-version":[{"id":9632,"href":"https:\/\/minijets.org\/en\/wp-json\/wp\/v2\/pages\/3121\/revisions\/9632"}],"up":[{"embeddable":true,"href":"https:\/\/minijets.org\/en\/wp-json\/wp\/v2\/pages\/915"}],"wp:featuredmedia":[{"embeddable":true,"href":"https:\/\/minijets.org\/en\/wp-json\/wp\/v2\/media\/938"}],"wp:attachment":[{"href":"https:\/\/minijets.org\/en\/wp-json\/wp\/v2\/media?parent=3121"}],"wp:term":[{"taxonomy":"category","embeddable":true,"href":"https:\/\/minijets.org\/en\/wp-json\/wp\/v2\/categories?post=3121"},{"taxonomy":"post_tag","embeddable":true,"href":"https:\/\/minijets.org\/en\/wp-json\/wp\/v2\/tags?post=3121"},{"taxonomy":"planes-000-100","embeddable":true,"href":"https:\/\/minijets.org\/en\/wp-json\/wp\/v2\/planes-000-100?post=3121"}],"curies":[{"name":"wp","href":"https:\/\/api.w.org\/{rel}","templated":true}]}}