{"id":3381,"date":"2021-01-30T13:16:26","date_gmt":"2021-01-30T12:16:26","guid":{"rendered":"http:\/\/tst.minijets.org\/?page_id=3381"},"modified":"2022-12-08T00:11:55","modified_gmt":"2022-12-07T23:11:55","slug":"miles-m77-sparrowjet","status":"publish","type":"page","link":"https:\/\/minijets.org\/en\/150-300\/turbomeca-palas\/miles-m77-sparrowjet\/","title":{"rendered":"Miles M77 Sparrowjet"},"content":{"rendered":"<p>D\u00e8s sa cr\u00e9ation, en 1948, la&nbsp;nouvelle entreprise&nbsp;F.G.Miles Ltd.&nbsp; s&#8217;est orient\u00e9e vers la production d&#8217;avions l\u00e9gers en petite s\u00e9rie. Parmi ceux-ci, on retrouve la transformation d&#8217;un avion d&#8217;avant guerre (1936), le&nbsp;<a href=\"https:\/\/en.wikipedia.org\/wiki\/Miles_Sparrowhawk\" data-type=\"URL\" data-id=\"https:\/\/en.wikipedia.org\/wiki\/Miles_Sparrowhawk\" target=\"_blank\" rel=\"noopener\">Miles<strong>&nbsp;M-5 Sparrowhawk<\/strong><\/a>&nbsp;&nbsp;G-ADNL en racer \u00e0 r\u00e9action, sous la d\u00e9nomination&nbsp;<strong>Miles&nbsp;M77 SparrowJet<\/strong>.<\/p>\n\n\n\n<div class=\"wp-block-columns is-layout-flex wp-container-core-columns-is-layout-28f84493 wp-block-columns-is-layout-flex\">\n<div class=\"wp-block-column is-layout-flow wp-block-column-is-layout-flow\" style=\"flex-basis:50%\">\n<figure class=\"wp-block-image size-large\"><img loading=\"lazy\" decoding=\"async\" width=\"1000\" height=\"237\" src=\"http:\/\/minijets.org\/wp-content\/uploads\/2021\/01\/Miles_M77_SparrowJet-top.jpg\" alt=\"Miles M77 Sparrowjet\" class=\"wp-image-2715\" srcset=\"https:\/\/minijets.org\/wp-content\/uploads\/2021\/01\/Miles_M77_SparrowJet-top.jpg 1000w, https:\/\/minijets.org\/wp-content\/uploads\/2021\/01\/Miles_M77_SparrowJet-top-300x71.jpg 300w, https:\/\/minijets.org\/wp-content\/uploads\/2021\/01\/Miles_M77_SparrowJet-top-768x182.jpg 768w, https:\/\/minijets.org\/wp-content\/uploads\/2021\/01\/Miles_M77_SparrowJet-top-18x4.jpg 18w\" sizes=\"auto, (max-width: 1000px) 100vw, 1000px\" \/><\/figure>\n\n\n\n<figure class=\"wp-block-image size-large\"><img loading=\"lazy\" decoding=\"async\" width=\"500\" height=\"333\" src=\"http:\/\/minijets.org\/wp-content\/uploads\/2021\/01\/Miles_M77_SparrowJet-22.jpg\" alt=\"Miles M77 Sparrowjet\" class=\"wp-image-2706\" srcset=\"https:\/\/minijets.org\/wp-content\/uploads\/2021\/01\/Miles_M77_SparrowJet-22.jpg 500w, https:\/\/minijets.org\/wp-content\/uploads\/2021\/01\/Miles_M77_SparrowJet-22-300x200.jpg 300w, https:\/\/minijets.org\/wp-content\/uploads\/2021\/01\/Miles_M77_SparrowJet-22-18x12.jpg 18w\" sizes=\"auto, (max-width: 500px) 100vw, 500px\" \/><figcaption class=\"wp-element-caption\">Miles M77 Sparrowjet, Source : David ASH via Paul Tomlin<\/figcaption><\/figure>\n<\/div>\n\n\n\n<div class=\"wp-block-column minijets_table is-layout-flow wp-block-column-is-layout-flow\" style=\"flex-basis:50%\">\n<figure class=\"wp-block-image size-large\"><img loading=\"lazy\" decoding=\"async\" width=\"1024\" height=\"629\" src=\"http:\/\/minijets.org\/wp-content\/uploads\/2021\/01\/Miles_M77_SparrowJet-13-1024x629.jpg\" alt=\"Miles M77 Sparrowjet\" class=\"wp-image-2711\" srcset=\"https:\/\/minijets.org\/wp-content\/uploads\/2021\/01\/Miles_M77_SparrowJet-13-1024x629.jpg 1024w, https:\/\/minijets.org\/wp-content\/uploads\/2021\/01\/Miles_M77_SparrowJet-13-300x184.jpg 300w, https:\/\/minijets.org\/wp-content\/uploads\/2021\/01\/Miles_M77_SparrowJet-13-768x472.jpg 768w, https:\/\/minijets.org\/wp-content\/uploads\/2021\/01\/Miles_M77_SparrowJet-13-18x12.jpg 18w, https:\/\/minijets.org\/wp-content\/uploads\/2021\/01\/Miles_M77_SparrowJet-13.jpg 1042w\" sizes=\"auto, (max-width: 1024px) 100vw, 1024px\" \/><figcaption class=\"wp-element-caption\">Miles M77 Sparrowjet. Source : Avec la courtoisie de John Parker<\/figcaption><\/figure>\n<\/div>\n<\/div>\n\n\n\n<div class=\"wp-block-columns is-layout-flex wp-container-core-columns-is-layout-28f84493 wp-block-columns-is-layout-flex\">\n<div class=\"wp-block-column is-layout-flow wp-block-column-is-layout-flow\">\n<figure class=\"wp-block-image size-large\"><img loading=\"lazy\" decoding=\"async\" width=\"500\" height=\"333\" src=\"http:\/\/minijets.org\/wp-content\/uploads\/2021\/01\/Miles_M77_SparrowJet-08.jpg\" alt=\"Miles M77 Sparrowjet\" class=\"wp-image-2707\" srcset=\"https:\/\/minijets.org\/wp-content\/uploads\/2021\/01\/Miles_M77_SparrowJet-08.jpg 500w, https:\/\/minijets.org\/wp-content\/uploads\/2021\/01\/Miles_M77_SparrowJet-08-300x200.jpg 300w, https:\/\/minijets.org\/wp-content\/uploads\/2021\/01\/Miles_M77_SparrowJet-08-18x12.jpg 18w\" sizes=\"auto, (max-width: 500px) 100vw, 500px\" \/><figcaption class=\"wp-element-caption\">Photo du Miles Sparrowjet prise le 12 juillet 1957, en Angleterre \u00e0 Leeds \/ Bradford (Yeadon) (LBA \/ EGNM), juste avant les Air Races. Avec la courtoisie de John Parker.<\/figcaption><\/figure>\n<\/div>\n\n\n\n<div class=\"wp-block-column is-layout-flow wp-block-column-is-layout-flow\">\n<figure class=\"wp-block-image size-large\"><img loading=\"lazy\" decoding=\"async\" width=\"500\" height=\"333\" src=\"http:\/\/minijets.org\/wp-content\/uploads\/2021\/01\/Miles_M77_SparrowJet-09.jpg\" alt=\"Miles M77 Sparrowjet\" class=\"wp-image-2722\" srcset=\"https:\/\/minijets.org\/wp-content\/uploads\/2021\/01\/Miles_M77_SparrowJet-09.jpg 500w, https:\/\/minijets.org\/wp-content\/uploads\/2021\/01\/Miles_M77_SparrowJet-09-300x200.jpg 300w, https:\/\/minijets.org\/wp-content\/uploads\/2021\/01\/Miles_M77_SparrowJet-09-18x12.jpg 18w\" sizes=\"auto, (max-width: 500px) 100vw, 500px\" \/><figcaption class=\"wp-element-caption\">Pilot\u00e9 par &#8216;Taffy&#8217; Davies, atterrissage du Miles Sparrowjet G-ADNL \u00e0 Barton. Source : David ASH via Paul Tomlin<\/figcaption><\/figure>\n<\/div>\n<\/div>\n\n\n\n<h2 class=\"wp-block-heading\">Une r\u00e9surrection<\/h2>\n\n\n\n<p>La construction du SparrowJet est sans doute l&#8217;un d\u00e8s plus bel exemple de r\u00e9surrection d&#8217;une cellule ancienne.&nbsp;Le Miles&nbsp;M77 SparrowJet&nbsp;a \u00e9t\u00e9 cr\u00e9e \u00e0 &nbsp;partir du prototype du&nbsp;Sparrowhawk, tout en conservant son ancienne immatriculation civil&nbsp;<strong>G-ADNL<\/strong>.<\/p>\n\n\n\n<div class=\"wp-block-columns is-layout-flex wp-container-core-columns-is-layout-28f84493 wp-block-columns-is-layout-flex\">\n<div class=\"wp-block-column is-layout-flow wp-block-column-is-layout-flow\">\n<figure class=\"wp-block-image size-large\"><img loading=\"lazy\" decoding=\"async\" width=\"500\" height=\"178\" src=\"http:\/\/minijets.org\/wp-content\/uploads\/2021\/01\/Miles_M77_SparrowJet-15.jpg\" alt=\"Miles M77 Sparrowhawk\" class=\"wp-image-2717\" srcset=\"https:\/\/minijets.org\/wp-content\/uploads\/2021\/01\/Miles_M77_SparrowJet-15.jpg 500w, https:\/\/minijets.org\/wp-content\/uploads\/2021\/01\/Miles_M77_SparrowJet-15-300x107.jpg 300w, https:\/\/minijets.org\/wp-content\/uploads\/2021\/01\/Miles_M77_SparrowJet-15-18x6.jpg 18w\" sizes=\"auto, (max-width: 500px) 100vw, 500px\" \/><figcaption class=\"wp-element-caption\">Avant<\/figcaption><\/figure>\n<\/div>\n\n\n\n<div class=\"wp-block-column is-layout-flow wp-block-column-is-layout-flow\">\n<figure class=\"wp-block-image size-large\"><img loading=\"lazy\" decoding=\"async\" width=\"500\" height=\"177\" src=\"http:\/\/minijets.org\/wp-content\/uploads\/2021\/01\/Miles_M77_SparrowJet-16.jpg\" alt=\"Miles M77 Sparrowjet\" class=\"wp-image-2714\" srcset=\"https:\/\/minijets.org\/wp-content\/uploads\/2021\/01\/Miles_M77_SparrowJet-16.jpg 500w, https:\/\/minijets.org\/wp-content\/uploads\/2021\/01\/Miles_M77_SparrowJet-16-300x106.jpg 300w, https:\/\/minijets.org\/wp-content\/uploads\/2021\/01\/Miles_M77_SparrowJet-16-18x6.jpg 18w\" sizes=\"auto, (max-width: 500px) 100vw, 500px\" \/><figcaption class=\"wp-element-caption\">Apr\u00e8s<\/figcaption><\/figure>\n<\/div>\n<\/div>\n\n\n\n<div class=\"wp-block-columns is-layout-flex wp-container-core-columns-is-layout-28f84493 wp-block-columns-is-layout-flex\">\n<div class=\"wp-block-column is-layout-flow wp-block-column-is-layout-flow\">\n<h3 class=\"wp-block-heading\">L&#8217;histoire<\/h3>\n\n\n\n<p><strong>Fred Dunkerley<\/strong>, pr\u00e9sident de l&#8217;a\u00e9roclub du Lancashire, pilote dans les courses a\u00e9rienne des ann\u00e9es d&#8217;apr\u00e8s guerre, et&nbsp;&nbsp;propri\u00e9taire du Sparrowhawk a contact\u00e9 la compagnie F.G Miles en d\u00e9cembre 1950 pour lui demander d&#8217;effectuer des travaux destin\u00e9s \u00e0 &nbsp;transformer son avion en racer \u00e0 r\u00e9action.<\/p>\n\n\n\n<p>Les travaux de modification commenc\u00e8rent \u00e0 &nbsp;Redhill en 1951. Ils furent interrompus un certain temps en 1952, du fait du d\u00e9m\u00e9nagement de la firme sur l&#8217;a\u00e9rodrome de&nbsp;<strong>Shoreham<\/strong>.<\/p>\n\n\n\n<p>Le 17 novembre 1953, M. Petit de la soci\u00e9t\u00e9 Turbom\u00e9ca , supervisait le montage des deux r\u00e9acteurs <a href=\"https:\/\/minijets.org\/en\/150-300\/turbomeca-palas\/\" data-type=\"page\" data-id=\"2891\">Turbomeca Palas<\/a> sur la vielle cellule. Le&nbsp;<strong>14 d\u00e9cembre 1953<\/strong>,&nbsp;<strong>F.G Miles<\/strong>&nbsp;lui faisait faire son premier vol.&nbsp;<\/p>\n\n\n\n<figure class=\"wp-block-image size-large\"><img loading=\"lazy\" decoding=\"async\" width=\"500\" height=\"213\" src=\"http:\/\/minijets.org\/wp-content\/uploads\/2021\/01\/Miles_M77_SparrowJet-01.jpg\" alt=\"Miles M77 Sparrowjet\" class=\"wp-image-2718\" srcset=\"https:\/\/minijets.org\/wp-content\/uploads\/2021\/01\/Miles_M77_SparrowJet-01.jpg 500w, https:\/\/minijets.org\/wp-content\/uploads\/2021\/01\/Miles_M77_SparrowJet-01-300x128.jpg 300w, https:\/\/minijets.org\/wp-content\/uploads\/2021\/01\/Miles_M77_SparrowJet-01-18x8.jpg 18w\" sizes=\"auto, (max-width: 500px) 100vw, 500px\" \/><figcaption class=\"wp-element-caption\">Supervision du d\u00e9marrage par G.Miles. Comme on peut le voir, le demarrage s&#8217;effectue \u00e0 l&#8217;aide d&#8217;air comprim\u00e9 stock\u00e9 dans les deux bouteilles situ\u00e9es sur le sol<\/figcaption><\/figure>\n\n\n\n<figure class=\"wp-block-image size-large\"><img loading=\"lazy\" decoding=\"async\" width=\"500\" height=\"219\" src=\"http:\/\/minijets.org\/wp-content\/uploads\/2021\/01\/Miles_M77_SparrowJet-04.jpg\" alt=\"Miles M77 Sparrowjet\" class=\"wp-image-2705\" srcset=\"https:\/\/minijets.org\/wp-content\/uploads\/2021\/01\/Miles_M77_SparrowJet-04.jpg 500w, https:\/\/minijets.org\/wp-content\/uploads\/2021\/01\/Miles_M77_SparrowJet-04-300x131.jpg 300w, https:\/\/minijets.org\/wp-content\/uploads\/2021\/01\/Miles_M77_SparrowJet-04-18x8.jpg 18w\" sizes=\"auto, (max-width: 500px) 100vw, 500px\" \/><figcaption class=\"wp-element-caption\">Miles M77 Sparrowjet. \n Source : Flight janvier 1955<\/figcaption><\/figure>\n<\/div>\n\n\n\n<div class=\"wp-block-column is-layout-flow wp-block-column-is-layout-flow\">\n<figure class=\"wp-block-image size-large\"><img loading=\"lazy\" decoding=\"async\" width=\"500\" height=\"309\" src=\"http:\/\/minijets.org\/wp-content\/uploads\/2021\/01\/Miles_M77_SparrowJet-12.jpg\" alt=\"Miles M77 Sparrowjet\" class=\"wp-image-2712\" srcset=\"https:\/\/minijets.org\/wp-content\/uploads\/2021\/01\/Miles_M77_SparrowJet-12.jpg 500w, https:\/\/minijets.org\/wp-content\/uploads\/2021\/01\/Miles_M77_SparrowJet-12-300x185.jpg 300w, https:\/\/minijets.org\/wp-content\/uploads\/2021\/01\/Miles_M77_SparrowJet-12-18x12.jpg 18w\" sizes=\"auto, (max-width: 500px) 100vw, 500px\" \/><figcaption class=\"wp-element-caption\">Miles M77 Sparrowjet, Source : David ASH via Paul Tomlin<\/figcaption><\/figure>\n\n\n\n<figure class=\"wp-block-image size-large\"><img loading=\"lazy\" decoding=\"async\" width=\"500\" height=\"196\" src=\"http:\/\/minijets.org\/wp-content\/uploads\/2021\/01\/Miles_M77_SparrowJet-14.jpg\" alt=\"Miles M77 Sparrowjet\" class=\"wp-image-2724\" srcset=\"https:\/\/minijets.org\/wp-content\/uploads\/2021\/01\/Miles_M77_SparrowJet-14.jpg 500w, https:\/\/minijets.org\/wp-content\/uploads\/2021\/01\/Miles_M77_SparrowJet-14-300x118.jpg 300w, https:\/\/minijets.org\/wp-content\/uploads\/2021\/01\/Miles_M77_SparrowJet-14-18x7.jpg 18w\" sizes=\"auto, (max-width: 500px) 100vw, 500px\" \/><figcaption class=\"wp-element-caption\">Miles M77 Sparrowjet. \n Source : Flight Archives, juillet 1954<\/figcaption><\/figure>\n\n\n\n<figure class=\"wp-block-image size-large\"><img loading=\"lazy\" decoding=\"async\" width=\"500\" height=\"246\" src=\"http:\/\/minijets.org\/wp-content\/uploads\/2021\/01\/Miles_M77_SparrowJet-05.jpg\" alt=\"Miles M77 Sparrowjet\" class=\"wp-image-2716\" srcset=\"https:\/\/minijets.org\/wp-content\/uploads\/2021\/01\/Miles_M77_SparrowJet-05.jpg 500w, https:\/\/minijets.org\/wp-content\/uploads\/2021\/01\/Miles_M77_SparrowJet-05-300x148.jpg 300w, https:\/\/minijets.org\/wp-content\/uploads\/2021\/01\/Miles_M77_SparrowJet-05-18x9.jpg 18w\" sizes=\"auto, (max-width: 500px) 100vw, 500px\" \/><figcaption class=\"wp-element-caption\">Miles M77 Sparrowjet. \n Source : Aviation Magazine octobre 1955<\/figcaption><\/figure>\n<\/div>\n<\/div>\n\n\n\n<div class=\"wp-block-columns is-layout-flex wp-container-core-columns-is-layout-28f84493 wp-block-columns-is-layout-flex\">\n<div class=\"wp-block-column is-layout-flow wp-block-column-is-layout-flow\" style=\"flex-basis:33.33%\">\n<p>Le raccordement des deux longerons de chaque demi-aile avec des \u00e9l\u00e9ments traversant le fuselage s&#8217;est effectu\u00e9 par l&#8217;interm\u00e9diaire de ponts m\u00e9talliques recevant, en outre, les r\u00e9acteurs qu&#8217;ils isolent du restent de la structure en bois.<\/p>\n<\/div>\n\n\n\n<div class=\"wp-block-column is-layout-flow wp-block-column-is-layout-flow\" style=\"flex-basis:66.66%\">\n<figure class=\"wp-block-image size-large\"><img loading=\"lazy\" decoding=\"async\" width=\"720\" height=\"536\" src=\"http:\/\/minijets.org\/wp-content\/uploads\/2021\/01\/Miles_M77_SparrowJet-02.jpg\" alt=\"\" class=\"wp-image-2723\" srcset=\"https:\/\/minijets.org\/wp-content\/uploads\/2021\/01\/Miles_M77_SparrowJet-02.jpg 720w, https:\/\/minijets.org\/wp-content\/uploads\/2021\/01\/Miles_M77_SparrowJet-02-300x223.jpg 300w, https:\/\/minijets.org\/wp-content\/uploads\/2021\/01\/Miles_M77_SparrowJet-02-16x12.jpg 16w\" sizes=\"auto, (max-width: 720px) 100vw, 720px\" \/><figcaption class=\"wp-element-caption\">Source : The aeroplane<\/figcaption><\/figure>\n<\/div>\n<\/div>\n\n\n\n<div class=\"wp-block-columns is-layout-flex wp-container-core-columns-is-layout-28f84493 wp-block-columns-is-layout-flex\">\n<div class=\"wp-block-column is-layout-flow wp-block-column-is-layout-flow\">\n<h4 class=\"wp-block-heading\">La voilure<\/h4>\n\n\n\n<p>C&#8217;est un monoplan cantilever \u00e0 voilure basse ayant une structure en spruce et un rev\u00eatement contre-plaqu\u00e9<\/p>\n\n\n\n<h4 class=\"wp-block-heading\">les empennages<\/h4>\n\n\n\n<p>La principale particularit\u00e9 de cet empennage est la partie fixe de l&#8217;empennage horizontal&nbsp;qui supporte deux petites d\u00e9rives additionnelles<\/p>\n\n\n\n<h4 class=\"wp-block-heading\">Les atterrisseurs<\/h4>\n\n\n\n<p>Configuration \u00e0 train classique, avec des capotages sur les 2 jambes et roues du train principal.<\/p>\n\n\n\n<figure class=\"wp-block-image size-large\"><img loading=\"lazy\" decoding=\"async\" width=\"500\" height=\"333\" src=\"http:\/\/minijets.org\/wp-content\/uploads\/2021\/01\/Miles_M77_SparrowJet-21.jpg\" alt=\"\" class=\"wp-image-2719\" srcset=\"https:\/\/minijets.org\/wp-content\/uploads\/2021\/01\/Miles_M77_SparrowJet-21.jpg 500w, https:\/\/minijets.org\/wp-content\/uploads\/2021\/01\/Miles_M77_SparrowJet-21-300x200.jpg 300w, https:\/\/minijets.org\/wp-content\/uploads\/2021\/01\/Miles_M77_SparrowJet-21-18x12.jpg 18w\" sizes=\"auto, (max-width: 500px) 100vw, 500px\" \/><\/figure>\n<\/div>\n\n\n\n<div class=\"wp-block-column is-layout-flow wp-block-column-is-layout-flow\">\n<figure class=\"wp-block-image size-large\"><img loading=\"lazy\" decoding=\"async\" width=\"500\" height=\"719\" src=\"http:\/\/minijets.org\/wp-content\/uploads\/2021\/01\/Miles_M77_SparrowJet-23.jpg\" alt=\"\" class=\"wp-image-2708\" srcset=\"https:\/\/minijets.org\/wp-content\/uploads\/2021\/01\/Miles_M77_SparrowJet-23.jpg 500w, https:\/\/minijets.org\/wp-content\/uploads\/2021\/01\/Miles_M77_SparrowJet-23-209x300.jpg 209w, https:\/\/minijets.org\/wp-content\/uploads\/2021\/01\/Miles_M77_SparrowJet-23-8x12.jpg 8w\" sizes=\"auto, (max-width: 500px) 100vw, 500px\" \/><\/figure>\n<\/div>\n<\/div>\n\n\n\n<h2 class=\"wp-block-heading\">Appareil(s) Produit(s)<\/h2>\n\n\n\n<p>Un seul appareil a \u00e9t\u00e9 produit, le G-ADNL. Il op\u00e9rait g\u00e9n\u00e9ralement \u00e0 &nbsp;partir de l&#8217;a\u00e9rodrome de BARTON. Il s&#8217;est rendu c\u00e9l\u00e8bre en participant \u00e0 &nbsp;de nombreuses courses, et en reportant :<\/p>\n\n\n\n<ul class=\"wp-block-list\">\n<li>le SBAC Challenge Cup en 1956 \u00e0 &nbsp;la vitesse moyenne de 197 Mph [316 km\/h]<\/li>\n\n\n\n<li>la King&#8217;s Cup Race le 13 juillet 1957, \u00e0 &nbsp;la vitesse moyenne de 228 Mph [366 km\/h]<\/li>\n<\/ul>\n\n\n\n<p>Malheureusement, le M.77 SparrowJet a \u00e9t\u00e9 d\u00e9truit lors de l&#8217;incendie d&#8217;un hangar de la RAF \u00e0 &nbsp;UPAVON en 1964.<\/p>\n\n\n\n<div class=\"wp-block-columns is-layout-flex wp-container-core-columns-is-layout-28f84493 wp-block-columns-is-layout-flex\">\n<div class=\"wp-block-column is-layout-flow wp-block-column-is-layout-flow\">\n<figure class=\"wp-block-image size-large\"><img loading=\"lazy\" decoding=\"async\" width=\"500\" height=\"274\" src=\"http:\/\/minijets.org\/wp-content\/uploads\/2021\/01\/Miles_M77_SparrowJet-10.jpg\" alt=\"\" class=\"wp-image-2709\" srcset=\"https:\/\/minijets.org\/wp-content\/uploads\/2021\/01\/Miles_M77_SparrowJet-10.jpg 500w, https:\/\/minijets.org\/wp-content\/uploads\/2021\/01\/Miles_M77_SparrowJet-10-300x164.jpg 300w, https:\/\/minijets.org\/wp-content\/uploads\/2021\/01\/Miles_M77_SparrowJet-10-18x10.jpg 18w\" sizes=\"auto, (max-width: 500px) 100vw, 500px\" \/><figcaption class=\"wp-element-caption\">Miles M.77 Sparrowjet en 1954, collection Philippe Bezard<\/figcaption><\/figure>\n<\/div>\n\n\n\n<div class=\"wp-block-column is-layout-flow wp-block-column-is-layout-flow\">\n<figure class=\"wp-block-image size-large\"><img loading=\"lazy\" decoding=\"async\" width=\"500\" height=\"274\" src=\"http:\/\/minijets.org\/wp-content\/uploads\/2021\/01\/Miles_M77_SparrowJet-11.jpg\" alt=\"\" class=\"wp-image-2720\" srcset=\"https:\/\/minijets.org\/wp-content\/uploads\/2021\/01\/Miles_M77_SparrowJet-11.jpg 500w, https:\/\/minijets.org\/wp-content\/uploads\/2021\/01\/Miles_M77_SparrowJet-11-300x164.jpg 300w, https:\/\/minijets.org\/wp-content\/uploads\/2021\/01\/Miles_M77_SparrowJet-11-18x10.jpg 18w\" sizes=\"auto, (max-width: 500px) 100vw, 500px\" \/><figcaption class=\"wp-element-caption\">Miles M.77 Sparrowjet lors du Goodyear Trophy Races en Ao\u00fbt 1954, collection Philippe Bezard<\/figcaption><\/figure>\n<\/div>\n<\/div>\n\n\n\n<div class=\"wp-block-columns is-layout-flex wp-container-core-columns-is-layout-28f84493 wp-block-columns-is-layout-flex\">\n<div class=\"wp-block-column is-layout-flow wp-block-column-is-layout-flow\">\n<figure class=\"wp-block-image size-large\"><img loading=\"lazy\" decoding=\"async\" width=\"500\" height=\"332\" src=\"http:\/\/minijets.org\/wp-content\/uploads\/2021\/01\/Miles_M77_SparrowJet-06.jpg\" alt=\"\" class=\"wp-image-2721\" srcset=\"https:\/\/minijets.org\/wp-content\/uploads\/2021\/01\/Miles_M77_SparrowJet-06.jpg 500w, https:\/\/minijets.org\/wp-content\/uploads\/2021\/01\/Miles_M77_SparrowJet-06-300x199.jpg 300w, https:\/\/minijets.org\/wp-content\/uploads\/2021\/01\/Miles_M77_SparrowJet-06-18x12.jpg 18w\" sizes=\"auto, (max-width: 500px) 100vw, 500px\" \/><\/figure>\n<\/div>\n\n\n\n<div class=\"wp-block-column is-layout-flow wp-block-column-is-layout-flow\">\n<figure class=\"wp-block-image size-large\"><img loading=\"lazy\" decoding=\"async\" width=\"500\" height=\"333\" src=\"http:\/\/minijets.org\/wp-content\/uploads\/2021\/01\/Miles_M77_SparrowJet-07.jpg\" alt=\"\" class=\"wp-image-2710\" srcset=\"https:\/\/minijets.org\/wp-content\/uploads\/2021\/01\/Miles_M77_SparrowJet-07.jpg 500w, https:\/\/minijets.org\/wp-content\/uploads\/2021\/01\/Miles_M77_SparrowJet-07-300x200.jpg 300w, https:\/\/minijets.org\/wp-content\/uploads\/2021\/01\/Miles_M77_SparrowJet-07-18x12.jpg 18w\" sizes=\"auto, (max-width: 500px) 100vw, 500px\" \/><\/figure>\n<\/div>\n<\/div>\n\n\n\n<h2 class=\"wp-block-heading\">Notes et R\u00e9f\u00e9rences<\/h2>\n\n\n\n<div class=\"wp-block-columns is-layout-flex wp-container-core-columns-is-layout-28f84493 wp-block-columns-is-layout-flex\">\n<div class=\"wp-block-column is-layout-flow wp-block-column-is-layout-flow\" style=\"flex-basis:33.33%\">\n<figure class=\"wp-block-image size-large\"><img loading=\"lazy\" decoding=\"async\" width=\"300\" height=\"239\" src=\"http:\/\/minijets.org\/wp-content\/uploads\/2021\/01\/Miles_brothers.jpg\" alt=\"\" class=\"wp-image-3406\" srcset=\"https:\/\/minijets.org\/wp-content\/uploads\/2021\/01\/Miles_brothers.jpg 300w, https:\/\/minijets.org\/wp-content\/uploads\/2021\/01\/Miles_brothers-15x12.jpg 15w\" sizes=\"auto, (max-width: 300px) 100vw, 300px\" \/><figcaption class=\"wp-element-caption\">Miles Brothers :  Mr. F.G. Miles (left) and Mr. G.H. Miles<\/figcaption><\/figure>\n<\/div>\n\n\n\n<div class=\"wp-block-column is-layout-flow wp-block-column-is-layout-flow\" style=\"flex-basis:66.66%\">\n<h3 class=\"wp-block-heading\">Miles Aircraft Limited<\/h3>\n\n\n\n<p>The original company was founded by Charles Powis and Jack Phillips as Philips and Powis Aircraft at Woodley airfield, after meeting<strong>&nbsp;Fred Miles<\/strong>. In&nbsp;<strong>1936<\/strong>&nbsp;Rolls-Royce Limited bought into the company and although aircraft were produced under the Miles name, it was not until 1943 that the firm became Miles Aircraft Limited when Rolls-Royce&#8217;s interests were bought out.<\/p>\n\n\n\n<p>In<strong>&nbsp;1947<\/strong>&nbsp;the company went bankrupt and the assets were purchased by Handley Page as Handley Page Reading.<\/p>\n\n\n\n<h3 class=\"wp-block-heading\">F. G. Miles Limited<\/h3>\n\n\n\n<p>In&nbsp;<strong>1948<\/strong>, Frederick Miles founded<strong>&nbsp;F. G. Miles Limited&nbsp;<\/strong>who continued to produce aircraft under the Miles name. The latter Miles company was later merged with Auster Aircraft Limited into&nbsp;<strong>Beagle Aircraft<\/strong>.&nbsp;<\/p>\n<\/div>\n<\/div>","protected":false},"excerpt":{"rendered":"<p>D\u00e8s sa cr\u00e9ation, en 1948, la&nbsp;nouvelle entreprise&nbsp;F.G.Miles Ltd.&nbsp; s&#8217;est orient\u00e9e vers la production d&#8217;avions l\u00e9gers en petite s\u00e9rie. Parmi ceux-ci, on retrouve la transformation d&#8217;un avion d&#8217;avant guerre (1936), le&nbsp;Miles&nbsp;M-5 Sparrowhawk&nbsp;&nbsp;G-ADNL en racer \u00e0 r\u00e9action, sous la d\u00e9nomination&nbsp;Miles&nbsp;M77 SparrowJet. Une r\u00e9surrection La construction du SparrowJet est sans doute l&#8217;un d\u00e8s plus bel exemple de r\u00e9surrection [&hellip;]<\/p>","protected":false},"author":1,"featured_media":2707,"parent":2891,"menu_order":0,"comment_status":"closed","ping_status":"closed","template":"","meta":{"_acf_changed":false,"cybocfi_hide_featured_image":"","footnotes":""},"categories":[19],"tags":[],"planes-000-100":[],"class_list":["post-3381","page","type-page","status-publish","has-post-thumbnail","hentry","category-plane-150-300"],"blocksy_meta":[],"acf":[],"_links":{"self":[{"href":"https:\/\/minijets.org\/en\/wp-json\/wp\/v2\/pages\/3381","targetHints":{"allow":["GET"]}}],"collection":[{"href":"https:\/\/minijets.org\/en\/wp-json\/wp\/v2\/pages"}],"about":[{"href":"https:\/\/minijets.org\/en\/wp-json\/wp\/v2\/types\/page"}],"author":[{"embeddable":true,"href":"https:\/\/minijets.org\/en\/wp-json\/wp\/v2\/users\/1"}],"replies":[{"embeddable":true,"href":"https:\/\/minijets.org\/en\/wp-json\/wp\/v2\/comments?post=3381"}],"version-history":[{"count":0,"href":"https:\/\/minijets.org\/en\/wp-json\/wp\/v2\/pages\/3381\/revisions"}],"up":[{"embeddable":true,"href":"https:\/\/minijets.org\/en\/wp-json\/wp\/v2\/pages\/2891"}],"wp:featuredmedia":[{"embeddable":true,"href":"https:\/\/minijets.org\/en\/wp-json\/wp\/v2\/media\/2707"}],"wp:attachment":[{"href":"https:\/\/minijets.org\/en\/wp-json\/wp\/v2\/media?parent=3381"}],"wp:term":[{"taxonomy":"category","embeddable":true,"href":"https:\/\/minijets.org\/en\/wp-json\/wp\/v2\/categories?post=3381"},{"taxonomy":"post_tag","embeddable":true,"href":"https:\/\/minijets.org\/en\/wp-json\/wp\/v2\/tags?post=3381"},{"taxonomy":"planes-000-100","embeddable":true,"href":"https:\/\/minijets.org\/en\/wp-json\/wp\/v2\/planes-000-100?post=3381"}],"curies":[{"name":"wp","href":"https:\/\/api.w.org\/{rel}","templated":true}]}}