{"id":3674,"date":"2021-02-04T12:00:10","date_gmt":"2021-02-04T11:00:10","guid":{"rendered":"http:\/\/tst.minijets.org\/?page_id=3674"},"modified":"2022-11-18T17:54:58","modified_gmt":"2022-11-18T16:54:58","slug":"projets","status":"publish","type":"page","link":"https:\/\/minijets.org\/en\/150-300\/turbomeca-palas\/projets\/","title":{"rendered":"Projets Palas"},"content":{"rendered":"<h2 class=\"wp-block-heading\">Projets con\u00e7us autour du r\u00e9acteur turbomeca Palas<\/h2>\n\n\n\n<p>Avec une vingtaine d&#8217;appareils \u00e9quip\u00e9s, le r\u00e9acteur Palas se situe dans les Best-seller mondiaux. Cette longue liste doit-\u00eatre compl\u00e9t\u00e9e des projets qui ont \u00e9t\u00e9 lanc\u00e9s et non pu aboutir. Ceux qui nous sont connus vous sont pr\u00e9sent\u00e9s dans les pages suivantes.<\/p>\n\n\n        <div class=\"wp-block-getwid-custom-post-type custom-post-type-page has-layout-list\">\n            <div class=\"wp-block-getwid-custom-post-type__wrapper\">\n                \t\t\t\t\t\t\t\t<div class='wp-block-getwid-custom-post-type__post'>\n\t\t\t\t\t\t\t\t\t\n<div class=\"wp-block-getwid-custom-post-type__post-wrapper\">\n            <div class=\"wp-block-getwid-custom-post-type__post-thumbnail\">\n            <a href=\"https:\/\/minijets.org\/en\/150-300\/turbomeca-palas\/projets\/payen-pa-149\/\"><img loading=\"lazy\" decoding=\"async\" width=\"285\" height=\"142\" src=\"https:\/\/minijets.org\/wp-content\/uploads\/2021\/01\/pa149-01.jpg\" class=\"attachment-post-thumbnail size-post-thumbnail wp-post-image\" alt=\"\" srcset=\"https:\/\/minijets.org\/wp-content\/uploads\/2021\/01\/pa149-01.jpg 285w, https:\/\/minijets.org\/wp-content\/uploads\/2021\/01\/pa149-01-18x9.jpg 18w\" sizes=\"auto, (max-width: 285px) 100vw, 285px\" \/><\/a>\n        <\/div>\n        <div class=\"wp-block-getwid-custom-post-type__content-wrapper\">\n        <div class=\"wp-block-getwid-custom-post-type__post-header\">\n            <h3 class=\"wp-block-getwid-custom-post-type__post-title\"><a href=\"https:\/\/minijets.org\/en\/150-300\/turbomeca-palas\/projets\/payen-pa-149\/\">Payen PA-149<\/a><\/h3>        <\/div>\n        <div class=\"wp-block-getwid-custom-post-type__post-excerpt\"><p>Le&nbsp;PAYEN Pa-149, \u00e9tudi\u00e9 par Roland Payen, devait-\u00eatre un biplace en tandem, bir\u00e9acteurs, de sport. Il reprenait les dimensions du Pa-49 en les augmentant d&#8217;un facteur de 1:19, ce qui permettait en entre autre l&#8217;accueil du deuxi\u00e8me pilote. Ce dernier \u00e9tant assis au centre de gravit\u00e9 de l&#8217;avion, aucune modification (triming) n&#8217;\u00e9tait n\u00e9cessaire entre la configuration [&hellip;]<\/p>\n<\/div>\n    <\/div>\n<\/div>\n\t\t\t\t\t\t\t\t<\/div>\n\t\t\t\t\t\t\t\t\t\t\t\t\t\t\t<div class='wp-block-getwid-custom-post-type__post'>\n\t\t\t\t\t\t\t\t\t\n<div class=\"wp-block-getwid-custom-post-type__post-wrapper\">\n            <div class=\"wp-block-getwid-custom-post-type__post-thumbnail\">\n            <a href=\"https:\/\/minijets.org\/en\/150-300\/turbomeca-palas\/projets\/kbl-12\/\"><img loading=\"lazy\" decoding=\"async\" width=\"492\" height=\"294\" src=\"https:\/\/minijets.org\/wp-content\/uploads\/2021\/01\/KBL-12_01.jpg\" class=\"attachment-post-thumbnail size-post-thumbnail wp-post-image\" alt=\"\" srcset=\"https:\/\/minijets.org\/wp-content\/uploads\/2021\/01\/KBL-12_01.jpg 492w, https:\/\/minijets.org\/wp-content\/uploads\/2021\/01\/KBL-12_01-300x179.jpg 300w, https:\/\/minijets.org\/wp-content\/uploads\/2021\/01\/KBL-12_01-18x12.jpg 18w\" sizes=\"auto, (max-width: 492px) 100vw, 492px\" \/><\/a>\n        <\/div>\n        <div class=\"wp-block-getwid-custom-post-type__content-wrapper\">\n        <div class=\"wp-block-getwid-custom-post-type__post-header\">\n            <h3 class=\"wp-block-getwid-custom-post-type__post-title\"><a href=\"https:\/\/minijets.org\/en\/150-300\/turbomeca-palas\/projets\/kbl-12\/\">KBL-12<\/a><\/h3>        <\/div>\n        <div class=\"wp-block-getwid-custom-post-type__post-excerpt\"><p>Konstrukcijski Biro Leov Le KBL-12 est un projet d&#8217;avion d&#8217;entrainement \u00e0 r\u00e9action, \u00e9tudi\u00e9 dans les ann\u00e9es 50 par le KBL de Ljubljana dans l&#8217;ancienne Yougoslavie (actuelle Slov\u00e9nie). Il a \u00e9t\u00e9 con\u00e7u avec l&#8217;aide des jeunes ing\u00e9nieurs de l&#8217;\u00e9cole Sup\u00e9rieur Technique de Ljubljana. On leur doit aussi les avions suivants : le LK-1, quadriplace de tourisme [&hellip;]<\/p>\n<\/div>\n    <\/div>\n<\/div>\n\t\t\t\t\t\t\t\t<\/div>\n\t\t\t\t\t\t\t\t\t\t\t\t\t\t\t<div class='wp-block-getwid-custom-post-type__post'>\n\t\t\t\t\t\t\t\t\t\n<div class=\"wp-block-getwid-custom-post-type__post-wrapper\">\n            <div class=\"wp-block-getwid-custom-post-type__post-thumbnail\">\n            <a href=\"https:\/\/minijets.org\/en\/150-300\/turbomeca-palas\/projets\/fouga-cm-82-lutin\/\"><img loading=\"lazy\" decoding=\"async\" width=\"800\" height=\"553\" src=\"https:\/\/minijets.org\/wp-content\/uploads\/2021\/01\/Fouga_cm82_lutin-01.jpg\" class=\"attachment-post-thumbnail size-post-thumbnail wp-post-image\" alt=\"\" srcset=\"https:\/\/minijets.org\/wp-content\/uploads\/2021\/01\/Fouga_cm82_lutin-01.jpg 800w, https:\/\/minijets.org\/wp-content\/uploads\/2021\/01\/Fouga_cm82_lutin-01-300x207.jpg 300w, https:\/\/minijets.org\/wp-content\/uploads\/2021\/01\/Fouga_cm82_lutin-01-768x531.jpg 768w, https:\/\/minijets.org\/wp-content\/uploads\/2021\/01\/Fouga_cm82_lutin-01-18x12.jpg 18w\" sizes=\"auto, (max-width: 800px) 100vw, 800px\" \/><\/a>\n        <\/div>\n        <div class=\"wp-block-getwid-custom-post-type__content-wrapper\">\n        <div class=\"wp-block-getwid-custom-post-type__post-header\">\n            <h3 class=\"wp-block-getwid-custom-post-type__post-title\"><a href=\"https:\/\/minijets.org\/en\/150-300\/turbomeca-palas\/projets\/fouga-cm-82-lutin\/\">Fouga CM-82 Lutin<\/a><\/h3>        <\/div>\n        <div class=\"wp-block-getwid-custom-post-type__post-excerpt\"><p>Etablissements FOUGA, Aire-sur-Adour les Projets Fouga CM-82 et CM-821 Lutin Le Fouga CM-82 Lutin a \u00e9t\u00e9 pr\u00e9sent\u00e9 pour la premi\u00e8re fois en juin 1951 au XIX\u00e8me Salon de l&#8217;a\u00e9ronautique&nbsp;qui se tenait pour la derni\u00e8re ann\u00e9e au grand Palais de Paris En&nbsp;1951, parall\u00e8lement \u00e0 la conception du CM-170,&nbsp; le bureau d&#8217;\u00e9tudes des Ets&nbsp;Fouga travail sur un [&hellip;]<\/p>\n<\/div>\n    <\/div>\n<\/div>\n\t\t\t\t\t\t\t\t<\/div>\n\t\t\t\t\t\t\t\t\t\t\t\t\t\t\t<div class='wp-block-getwid-custom-post-type__post'>\n\t\t\t\t\t\t\t\t\t\n<div class=\"wp-block-getwid-custom-post-type__post-wrapper\">\n            <div class=\"wp-block-getwid-custom-post-type__post-thumbnail\">\n            <a href=\"https:\/\/minijets.org\/en\/150-300\/turbomeca-palas\/projets\/fouga-cm-72\/\"><img loading=\"lazy\" decoding=\"async\" width=\"400\" height=\"267\" src=\"https:\/\/minijets.org\/wp-content\/uploads\/2021\/01\/Mini_fouga_CM72_02.jpg\" class=\"attachment-post-thumbnail size-post-thumbnail wp-post-image\" alt=\"\" srcset=\"https:\/\/minijets.org\/wp-content\/uploads\/2021\/01\/Mini_fouga_CM72_02.jpg 400w, https:\/\/minijets.org\/wp-content\/uploads\/2021\/01\/Mini_fouga_CM72_02-300x200.jpg 300w, https:\/\/minijets.org\/wp-content\/uploads\/2021\/01\/Mini_fouga_CM72_02-18x12.jpg 18w\" sizes=\"auto, (max-width: 400px) 100vw, 400px\" \/><\/a>\n        <\/div>\n        <div class=\"wp-block-getwid-custom-post-type__content-wrapper\">\n        <div class=\"wp-block-getwid-custom-post-type__post-header\">\n            <h3 class=\"wp-block-getwid-custom-post-type__post-title\"><a href=\"https:\/\/minijets.org\/en\/150-300\/turbomeca-palas\/projets\/fouga-cm-72\/\">Fouga CM-72<\/a><\/h3>        <\/div>\n        <div class=\"wp-block-getwid-custom-post-type__post-excerpt\"><p>Fort de son exp\u00e9rience dans le domaine des planeurs propuls\u00e9s par un r\u00e9acteur, le bureau d&#8217;\u00e9tude Fouga avait pr\u00e9vu de se lancer dans la construction du biplace Fouga CM-72 \u00e9quip\u00e9 d&#8217;un r\u00e9acteur\u00a0Turbomeca Palas. Le CM72, reprend la cellule et les ailes d&#8217;un CM-71. le turbor\u00e9acteur est install\u00e9 en pod, sur le dos du fuselage en [&hellip;]<\/p>\n<\/div>\n    <\/div>\n<\/div>\n\t\t\t\t\t\t\t\t<\/div>\n\t\t\t\t\t\t\t\t\t\t\t\t\t\t\t<div class='wp-block-getwid-custom-post-type__post'>\n\t\t\t\t\t\t\t\t\t\n<div class=\"wp-block-getwid-custom-post-type__post-wrapper\">\n            <div class=\"wp-block-getwid-custom-post-type__post-thumbnail\">\n            <a href=\"https:\/\/minijets.org\/en\/150-300\/turbomeca-palas\/projets\/fauvel-av-42\/\"><img loading=\"lazy\" decoding=\"async\" width=\"400\" height=\"262\" src=\"https:\/\/minijets.org\/wp-content\/uploads\/2021\/01\/mini_AV42.jpg\" class=\"attachment-post-thumbnail size-post-thumbnail wp-post-image\" alt=\"\" srcset=\"https:\/\/minijets.org\/wp-content\/uploads\/2021\/01\/mini_AV42.jpg 400w, https:\/\/minijets.org\/wp-content\/uploads\/2021\/01\/mini_AV42-300x197.jpg 300w, https:\/\/minijets.org\/wp-content\/uploads\/2021\/01\/mini_AV42-18x12.jpg 18w\" sizes=\"auto, (max-width: 400px) 100vw, 400px\" \/><\/a>\n        <\/div>\n        <div class=\"wp-block-getwid-custom-post-type__content-wrapper\">\n        <div class=\"wp-block-getwid-custom-post-type__post-header\">\n            <h3 class=\"wp-block-getwid-custom-post-type__post-title\"><a href=\"https:\/\/minijets.org\/en\/150-300\/turbomeca-palas\/projets\/fauvel-av-42\/\">Fauvel AV-42<\/a><\/h3>        <\/div>\n        <div class=\"wp-block-getwid-custom-post-type__post-excerpt\"><p>En novembre 1952, Charles Fauvel dessina un avion \u00e0 r\u00e9action de tourisme, propuls\u00e9 par 3 turbor\u00e9acteur Palas, le Fauvel AV-42. Cet appareil \u00e9tait con\u00e7u pour transporter 5 passagers \u00e0 500 km\/h, sur une distance de 1000 \u00e0 3000 km. Trois r\u00e9acteurs Turbomeca Palas aliment\u00e9s par deux entr\u00e9es d&#8217;air lat\u00e9rales et une ventrale devaient \u00e9quiper l&#8217;AV-42, [&hellip;]<\/p>\n<\/div>\n    <\/div>\n<\/div>\n\t\t\t\t\t\t\t\t<\/div>\n\t\t\t\t\t\t\t\t\t\t\t\t\t\t\t<div class='wp-block-getwid-custom-post-type__post'>\n\t\t\t\t\t\t\t\t\t\n<div class=\"wp-block-getwid-custom-post-type__post-wrapper\">\n            <div class=\"wp-block-getwid-custom-post-type__post-thumbnail\">\n            <a href=\"https:\/\/minijets.org\/en\/150-300\/turbomeca-palas\/projets\/dewoitine\/\"><img loading=\"lazy\" decoding=\"async\" width=\"412\" height=\"201\" src=\"https:\/\/minijets.org\/wp-content\/uploads\/2020\/12\/Dewoitine_projet_Palas.jpg\" class=\"attachment-post-thumbnail size-post-thumbnail wp-post-image\" alt=\"\" srcset=\"https:\/\/minijets.org\/wp-content\/uploads\/2020\/12\/Dewoitine_projet_Palas.jpg 412w, https:\/\/minijets.org\/wp-content\/uploads\/2020\/12\/Dewoitine_projet_Palas-300x146.jpg 300w, https:\/\/minijets.org\/wp-content\/uploads\/2020\/12\/Dewoitine_projet_Palas-18x9.jpg 18w\" sizes=\"auto, (max-width: 412px) 100vw, 412px\" \/><\/a>\n        <\/div>\n        <div class=\"wp-block-getwid-custom-post-type__content-wrapper\">\n        <div class=\"wp-block-getwid-custom-post-type__post-header\">\n            <h3 class=\"wp-block-getwid-custom-post-type__post-title\"><a href=\"https:\/\/minijets.org\/en\/150-300\/turbomeca-palas\/projets\/dewoitine\/\">Dewoitine Avion Palas<\/a><\/h3>        <\/div>\n        <div class=\"wp-block-getwid-custom-post-type__post-excerpt\"><p>Iberavia En&nbsp;1954, Emile Dewoitine&nbsp;s&#8217;est int\u00e9ress\u00e9, \u00e0&nbsp;la formule de l&#8217;\u00e9cole de d\u00e9but \u00e0 r\u00e9action, en concevant un biplace propuls\u00e9 par un r\u00e9acteur de faible puissance. Il nous est parvenu sous le nom de Dewoitine Avion Palas. A l&#8217;image de ce qui a \u00e9t\u00e9 fait par Yves Gardan avec le SIPA 200 Minijet et Stelio Frati avec [&hellip;]<\/p>\n<\/div>\n    <\/div>\n<\/div>\n\t\t\t\t\t\t\t\t<\/div>\n\t\t\t\t\t\t\t\t\t\t\t\t\t\t\t<div class='wp-block-getwid-custom-post-type__post'>\n\t\t\t\t\t\t\t\t\t\n<div class=\"wp-block-getwid-custom-post-type__post-wrapper\">\n            <div class=\"wp-block-getwid-custom-post-type__post-thumbnail\">\n            <a href=\"https:\/\/minijets.org\/en\/150-300\/turbomeca-palas\/projets\/airone-palas\/\"><img loading=\"lazy\" decoding=\"async\" width=\"800\" height=\"573\" src=\"https:\/\/minijets.org\/wp-content\/uploads\/2022\/09\/Airone_palas_mini-1.jpg\" class=\"attachment-post-thumbnail size-post-thumbnail wp-post-image\" alt=\"\" srcset=\"https:\/\/minijets.org\/wp-content\/uploads\/2022\/09\/Airone_palas_mini-1.jpg 800w, https:\/\/minijets.org\/wp-content\/uploads\/2022\/09\/Airone_palas_mini-1-300x215.jpg 300w, https:\/\/minijets.org\/wp-content\/uploads\/2022\/09\/Airone_palas_mini-1-768x550.jpg 768w, https:\/\/minijets.org\/wp-content\/uploads\/2022\/09\/Airone_palas_mini-1-18x12.jpg 18w\" sizes=\"auto, (max-width: 800px) 100vw, 800px\" \/><\/a>\n        <\/div>\n        <div class=\"wp-block-getwid-custom-post-type__content-wrapper\">\n        <div class=\"wp-block-getwid-custom-post-type__post-header\">\n            <h3 class=\"wp-block-getwid-custom-post-type__post-title\"><a href=\"https:\/\/minijets.org\/en\/150-300\/turbomeca-palas\/projets\/airone-palas\/\">Airone Jet<\/a><\/h3>        <\/div>\n        <div class=\"wp-block-getwid-custom-post-type__post-excerpt\"><p>[svg-flag flag=&#8221;it&#8221; size=&#8221;1.1&#8243; size_unit=em] Pasotti Spa Because of the Airone&#8217;s robustness, Stelio Frati has already drawn up the final plans for a version, called the Airone Jet, powered by two Turbomeca Palas. The only structural modification would&nbsp;be the use of a slightly thicker plywood skin on the wing which&nbsp;would bring the maximum permissible diving speed [&hellip;]<\/p>\n<\/div>\n    <\/div>\n<\/div>\n\t\t\t\t\t\t\t\t<\/div>\n\t\t\t\t\t\t\t            <\/div>\n\n                    <\/div>","protected":false},"excerpt":{"rendered":"<p>Projets con\u00e7us autour du r\u00e9acteur turbomeca Palas Avec une vingtaine d&#8217;appareils \u00e9quip\u00e9s, le r\u00e9acteur Palas se situe dans les Best-seller mondiaux. Cette longue liste doit-\u00eatre compl\u00e9t\u00e9e des projets qui ont \u00e9t\u00e9 lanc\u00e9s et non pu aboutir. Ceux qui nous sont connus vous sont pr\u00e9sent\u00e9s dans les pages suivantes.<\/p>","protected":false},"author":1,"featured_media":0,"parent":2891,"menu_order":0,"comment_status":"closed","ping_status":"closed","template":"","meta":{"_acf_changed":false,"cybocfi_hide_featured_image":"","footnotes":""},"categories":[],"tags":[],"planes-000-100":[],"class_list":["post-3674","page","type-page","status-publish","hentry"],"blocksy_meta":[],"acf":[],"_links":{"self":[{"href":"https:\/\/minijets.org\/en\/wp-json\/wp\/v2\/pages\/3674","targetHints":{"allow":["GET"]}}],"collection":[{"href":"https:\/\/minijets.org\/en\/wp-json\/wp\/v2\/pages"}],"about":[{"href":"https:\/\/minijets.org\/en\/wp-json\/wp\/v2\/types\/page"}],"author":[{"embeddable":true,"href":"https:\/\/minijets.org\/en\/wp-json\/wp\/v2\/users\/1"}],"replies":[{"embeddable":true,"href":"https:\/\/minijets.org\/en\/wp-json\/wp\/v2\/comments?post=3674"}],"version-history":[{"count":0,"href":"https:\/\/minijets.org\/en\/wp-json\/wp\/v2\/pages\/3674\/revisions"}],"up":[{"embeddable":true,"href":"https:\/\/minijets.org\/en\/wp-json\/wp\/v2\/pages\/2891"}],"wp:attachment":[{"href":"https:\/\/minijets.org\/en\/wp-json\/wp\/v2\/media?parent=3674"}],"wp:term":[{"taxonomy":"category","embeddable":true,"href":"https:\/\/minijets.org\/en\/wp-json\/wp\/v2\/categories?post=3674"},{"taxonomy":"post_tag","embeddable":true,"href":"https:\/\/minijets.org\/en\/wp-json\/wp\/v2\/tags?post=3674"},{"taxonomy":"planes-000-100","embeddable":true,"href":"https:\/\/minijets.org\/en\/wp-json\/wp\/v2\/planes-000-100?post=3674"}],"curies":[{"name":"wp","href":"https:\/\/api.w.org\/{rel}","templated":true}]}}