{"id":3835,"date":"2021-02-05T10:22:56","date_gmt":"2021-02-05T09:22:56","guid":{"rendered":"http:\/\/tst.minijets.org\/?page_id=3835"},"modified":"2022-11-02T12:23:32","modified_gmt":"2022-11-02T11:23:32","slug":"adder","status":"publish","type":"page","link":"https:\/\/minijets.org\/en\/300-500\/adder\/","title":{"rendered":"Armstrong Siddeley Adder"},"content":{"rendered":"<figure class=\"wp-block-image size-large\"><img loading=\"lazy\" decoding=\"async\" width=\"950\" height=\"314\" src=\"http:\/\/minijets.org\/wp-content\/uploads\/2021\/02\/Armstrong_Siddley_Adder-02.jpg\" alt=\"Armstrong Siddeley Adder\" class=\"wp-image-3852\" srcset=\"https:\/\/minijets.org\/wp-content\/uploads\/2021\/02\/Armstrong_Siddley_Adder-02.jpg 950w, https:\/\/minijets.org\/wp-content\/uploads\/2021\/02\/Armstrong_Siddley_Adder-02-300x99.jpg 300w, https:\/\/minijets.org\/wp-content\/uploads\/2021\/02\/Armstrong_Siddley_Adder-02-768x254.jpg 768w, https:\/\/minijets.org\/wp-content\/uploads\/2021\/02\/Armstrong_Siddley_Adder-02-18x6.jpg 18w\" sizes=\"auto, (max-width: 950px) 100vw, 950px\" \/><\/figure>\n\n\n\n<div class=\"wp-block-columns is-layout-flex wp-container-core-columns-is-layout-28f84493 wp-block-columns-is-layout-flex\">\n<div class=\"wp-block-column minijets_table is-layout-flow wp-block-column-is-layout-flow\" style=\"flex-basis:50%\">\n<figure class=\"wp-block-image size-large\"><img loading=\"lazy\" decoding=\"async\" width=\"1024\" height=\"475\" src=\"http:\/\/minijets.org\/wp-content\/uploads\/2021\/02\/Armstrong_Siddley_Adder-01-1024x475.jpg\" alt=\"Armstrong Siddeley Adder\" class=\"wp-image-3842\" srcset=\"https:\/\/minijets.org\/wp-content\/uploads\/2021\/02\/Armstrong_Siddley_Adder-01-1024x475.jpg 1024w, https:\/\/minijets.org\/wp-content\/uploads\/2021\/02\/Armstrong_Siddley_Adder-01-300x139.jpg 300w, https:\/\/minijets.org\/wp-content\/uploads\/2021\/02\/Armstrong_Siddley_Adder-01-768x356.jpg 768w, https:\/\/minijets.org\/wp-content\/uploads\/2021\/02\/Armstrong_Siddley_Adder-01-18x8.jpg 18w, https:\/\/minijets.org\/wp-content\/uploads\/2021\/02\/Armstrong_Siddley_Adder-01.jpg 1028w\" sizes=\"auto, (max-width: 1024px) 100vw, 1024px\" \/><figcaption class=\"wp-element-caption\">Armstrong-Siddeley ADDER, version turbor\u00e9acteur du turbopropulseur Mamba. source : Flight, 15 f\u00e9vrier 1951<\/figcaption><\/figure>\n\n\n\n<figure class=\"wp-block-image size-large\"><img loading=\"lazy\" decoding=\"async\" width=\"345\" height=\"104\" src=\"http:\/\/minijets.org\/wp-content\/uploads\/2021\/02\/Armstrong_Siddley_Adder-03.jpg\" alt=\"Armstrong Siddeley Adder\" class=\"wp-image-3841\" srcset=\"https:\/\/minijets.org\/wp-content\/uploads\/2021\/02\/Armstrong_Siddley_Adder-03.jpg 345w, https:\/\/minijets.org\/wp-content\/uploads\/2021\/02\/Armstrong_Siddley_Adder-03-300x90.jpg 300w, https:\/\/minijets.org\/wp-content\/uploads\/2021\/02\/Armstrong_Siddley_Adder-03-18x5.jpg 18w\" sizes=\"auto, (max-width: 345px) 100vw, 345px\" \/><\/figure>\n<\/div>\n\n\n\n<div class=\"wp-block-column is-layout-flow wp-block-column-is-layout-flow\" style=\"flex-basis:50%\">\n<p>La compagnie\u00a0<strong><a href=\"https:\/\/en.wikipedia.org\/wiki\/Armstrong_Siddeley\" data-type=\"URL\" data-id=\"https:\/\/en.wikipedia.org\/wiki\/Armstrong_Siddeley\" target=\"_blank\" rel=\"noopener\">Armstrong Siddeley Motors<\/a>\u00a0<\/strong>a \u00e9t\u00e9\u00a0cr\u00e9\u00e9 en\u00a0<strong>1919<\/strong>\u00a0quand Armstrong Whitworth Development Company a rachet\u00e9 Siddeley-Deasy, un soci\u00e9t\u00e9 qui avait construit des moteurs d&#8217;avion pendant la premi\u00e8re guerre mondiale.<\/p>\n\n\n\n<p>En&nbsp;<strong>1935<\/strong>, Armstrong Siddeley Motors est devenue une filiale de Hawker Siddeley, qui a fusionn\u00e9 avec l&#8217;entreprise moteur de Bristol Aero Engines pour devenir Bristol Siddeley, en 1960, puis avec Rolls-Royce en 1966.<\/p>\n\n\n\n<p>L&#8217;Armstrong Siddeley Adder est la version turbor\u00e9acteur du turbopropulseur Mamba ASM3.<\/p>\n\n\n\n<p>Il servit de propulseur aux 2 projets exp\u00e9rimentaux qu&#8217;on \u00e9t\u00e9 le <a href=\"https:\/\/minijets.org\/en\/300-500\/adder\/saab210-draken\/\" data-type=\"page\" data-id=\"3862\">Saab 210<\/a> et le <a href=\"https:\/\/minijets.org\/en\/300-500\/adder\/gaf-pika\/\" data-type=\"page\" data-id=\"3878\">GAF Pika<\/a>.<\/p>\n<\/div>\n<\/div>\n\n\n\n<h2 class=\"wp-block-heading\">Application<\/h2>\n\n\n        <div class=\"wp-block-getwid-custom-post-type custom-post-type-page has-layout-list\">\n            <div class=\"wp-block-getwid-custom-post-type__wrapper\">\n                \t\t\t\t\t\t\t\t<div class='wp-block-getwid-custom-post-type__post'>\n\t\t\t\t\t\t\t\t\t\n<div class=\"wp-block-getwid-custom-post-type__post-wrapper\">\n            <div class=\"wp-block-getwid-custom-post-type__post-thumbnail\">\n            <a href=\"https:\/\/minijets.org\/en\/300-500\/adder\/saab210-draken\/\"><img loading=\"lazy\" decoding=\"async\" width=\"500\" height=\"321\" src=\"https:\/\/minijets.org\/wp-content\/uploads\/2021\/02\/Saab_210_-_04.jpg\" class=\"attachment-post-thumbnail size-post-thumbnail wp-post-image\" alt=\"\" srcset=\"https:\/\/minijets.org\/wp-content\/uploads\/2021\/02\/Saab_210_-_04.jpg 500w, https:\/\/minijets.org\/wp-content\/uploads\/2021\/02\/Saab_210_-_04-300x193.jpg 300w, https:\/\/minijets.org\/wp-content\/uploads\/2021\/02\/Saab_210_-_04-18x12.jpg 18w\" sizes=\"auto, (max-width: 500px) 100vw, 500px\" \/><\/a>\n        <\/div>\n        <div class=\"wp-block-getwid-custom-post-type__content-wrapper\">\n        <div class=\"wp-block-getwid-custom-post-type__post-header\">\n            <h3 class=\"wp-block-getwid-custom-post-type__post-title\"><a href=\"https:\/\/minijets.org\/en\/300-500\/adder\/saab210-draken\/\">SAAB 210 LillDraken<\/a><\/h3>        <\/div>\n        <div class=\"wp-block-getwid-custom-post-type__post-excerpt\"><p>Le&nbsp;Saab 210&nbsp;Lilldraken (petit dragon) r\u00e9pondait un programme de chasseur supersonique \u00e0 r\u00e9action lanc\u00e9 en&nbsp;1949&nbsp;par la&nbsp;Flygvapnet&nbsp;(l&#8217;aviation militaire su\u00e9doise). Les premiers essais eurent lieu avec des maquettes en bois d&#8217;environ 90 cm, propuls\u00e9s par des pulso ou des stator\u00e9acteurs. Elles permirent de d\u00e9finir la configuration a\u00e9rodynamique de l&#8217;aile en double delta. Les r\u00e9sultats acquis \u00e0 &nbsp;l&#8217;aide de [&hellip;]<\/p>\n<\/div>\n    <\/div>\n<\/div>\n\t\t\t\t\t\t\t\t<\/div>\n\t\t\t\t\t\t\t\t\t\t\t\t\t\t\t<div class='wp-block-getwid-custom-post-type__post'>\n\t\t\t\t\t\t\t\t\t\n<div class=\"wp-block-getwid-custom-post-type__post-wrapper\">\n            <div class=\"wp-block-getwid-custom-post-type__post-thumbnail\">\n            <a href=\"https:\/\/minijets.org\/en\/300-500\/adder\/coppelia\/\"><img loading=\"lazy\" decoding=\"async\" width=\"500\" height=\"500\" src=\"https:\/\/minijets.org\/wp-content\/uploads\/2021\/02\/coppelia_p3vues.jpg\" class=\"attachment-post-thumbnail size-post-thumbnail wp-post-image\" alt=\"\" srcset=\"https:\/\/minijets.org\/wp-content\/uploads\/2021\/02\/coppelia_p3vues.jpg 500w, https:\/\/minijets.org\/wp-content\/uploads\/2021\/02\/coppelia_p3vues-300x300.jpg 300w, https:\/\/minijets.org\/wp-content\/uploads\/2021\/02\/coppelia_p3vues-150x150.jpg 150w, https:\/\/minijets.org\/wp-content\/uploads\/2021\/02\/coppelia_p3vues-12x12.jpg 12w, https:\/\/minijets.org\/wp-content\/uploads\/2021\/02\/coppelia_p3vues-80x80.jpg 80w, https:\/\/minijets.org\/wp-content\/uploads\/2021\/02\/coppelia_p3vues-320x320.jpg 320w\" sizes=\"auto, (max-width: 500px) 100vw, 500px\" \/><\/a>\n        <\/div>\n        <div class=\"wp-block-getwid-custom-post-type__content-wrapper\">\n        <div class=\"wp-block-getwid-custom-post-type__post-header\">\n            <h3 class=\"wp-block-getwid-custom-post-type__post-title\"><a href=\"https:\/\/minijets.org\/en\/300-500\/adder\/coppelia\/\">Projet Coppelia<\/a><\/h3>        <\/div>\n        <div class=\"wp-block-getwid-custom-post-type__post-excerpt\"><p>Principalement destin\u00e9 \u00e0 la course Angleterre-Nouvelle-Z\u00e9lande de 1953 et conforme \u00e0 cinqui\u00e8me cat\u00e9gorie d&#8217;a\u00e9ronefs l\u00e9gers de la FAI (poids compris entre 3 000 et 4 500 kg), le projet d&#8217;avion de course Coppelia&nbsp;pr\u00e9sent\u00e9 ici, avait \u00e9t\u00e9 con\u00e7u par un ing\u00e9nieur&nbsp; Londonien, M. George Korab, B.Sc, A.F.R.Ae.S. A l&#8217;origine, l&#8217;installation de deux turbor\u00e9acteurs Turbomeca Pimene avait [&hellip;]<\/p>\n<\/div>\n    <\/div>\n<\/div>\n\t\t\t\t\t\t\t\t<\/div>\n\t\t\t\t\t\t\t\t\t\t\t\t\t\t\t<div class='wp-block-getwid-custom-post-type__post'>\n\t\t\t\t\t\t\t\t\t\n<div class=\"wp-block-getwid-custom-post-type__post-wrapper\">\n            <div class=\"wp-block-getwid-custom-post-type__post-thumbnail\">\n            <a href=\"https:\/\/minijets.org\/en\/300-500\/adder\/gaf-pika\/\"><img loading=\"lazy\" decoding=\"async\" width=\"500\" height=\"327\" src=\"https:\/\/minijets.org\/wp-content\/uploads\/2021\/02\/GAF_Pika_-_06.jpg\" class=\"attachment-post-thumbnail size-post-thumbnail wp-post-image\" alt=\"\" srcset=\"https:\/\/minijets.org\/wp-content\/uploads\/2021\/02\/GAF_Pika_-_06.jpg 500w, https:\/\/minijets.org\/wp-content\/uploads\/2021\/02\/GAF_Pika_-_06-300x196.jpg 300w, https:\/\/minijets.org\/wp-content\/uploads\/2021\/02\/GAF_Pika_-_06-18x12.jpg 18w\" sizes=\"auto, (max-width: 500px) 100vw, 500px\" \/><\/a>\n        <\/div>\n        <div class=\"wp-block-getwid-custom-post-type__content-wrapper\">\n        <div class=\"wp-block-getwid-custom-post-type__post-header\">\n            <h3 class=\"wp-block-getwid-custom-post-type__post-title\"><a href=\"https:\/\/minijets.org\/en\/300-500\/adder\/gaf-pika\/\">GAF Pika<\/a><\/h3>        <\/div>\n        <div class=\"wp-block-getwid-custom-post-type__post-excerpt\"><p>Le GAF Pika \u00e9tait un avion exp\u00e9rimental, version pilot\u00e9e de l&#8217;avion-cible radiocommand\u00e9 Jindivik, con\u00e7u et construit par la Government Aircraft Factory (GAF) australienne en 1950. En permettant d&#8217;effectuer des tests avec un pilote \u00e0 bord, le Pika offrait une phase de v\u00e9rification cruciale, avant de passer \u00e0 une version enti\u00e8rement radiocommand\u00e9e. Propuls\u00e9 par un turbor\u00e9acteur [&hellip;]<\/p>\n<\/div>\n    <\/div>\n<\/div>\n\t\t\t\t\t\t\t\t<\/div>\n\t\t\t\t\t\t\t            <\/div>\n\n                    <\/div>","protected":false},"excerpt":{"rendered":"<p>La compagnie\u00a0Armstrong Siddeley Motors\u00a0a \u00e9t\u00e9\u00a0cr\u00e9\u00e9 en\u00a01919\u00a0quand Armstrong Whitworth Development Company a rachet\u00e9 Siddeley-Deasy, un soci\u00e9t\u00e9 qui avait construit des moteurs d&#8217;avion pendant la premi\u00e8re guerre mondiale. En&nbsp;1935, Armstrong Siddeley Motors est devenue une filiale de Hawker Siddeley, qui a fusionn\u00e9 avec l&#8217;entreprise moteur de Bristol Aero Engines pour devenir Bristol Siddeley, en 1960, puis avec [&hellip;]<\/p>","protected":false},"author":1,"featured_media":3842,"parent":623,"menu_order":0,"comment_status":"closed","ping_status":"closed","template":"","meta":{"_acf_changed":false,"cybocfi_hide_featured_image":"","footnotes":""},"categories":[15],"tags":[],"planes-000-100":[],"class_list":["post-3835","page","type-page","status-publish","has-post-thumbnail","hentry","category-jet-engine-300-500"],"blocksy_meta":[],"acf":[],"_links":{"self":[{"href":"https:\/\/minijets.org\/en\/wp-json\/wp\/v2\/pages\/3835","targetHints":{"allow":["GET"]}}],"collection":[{"href":"https:\/\/minijets.org\/en\/wp-json\/wp\/v2\/pages"}],"about":[{"href":"https:\/\/minijets.org\/en\/wp-json\/wp\/v2\/types\/page"}],"author":[{"embeddable":true,"href":"https:\/\/minijets.org\/en\/wp-json\/wp\/v2\/users\/1"}],"replies":[{"embeddable":true,"href":"https:\/\/minijets.org\/en\/wp-json\/wp\/v2\/comments?post=3835"}],"version-history":[{"count":0,"href":"https:\/\/minijets.org\/en\/wp-json\/wp\/v2\/pages\/3835\/revisions"}],"up":[{"embeddable":true,"href":"https:\/\/minijets.org\/en\/wp-json\/wp\/v2\/pages\/623"}],"wp:featuredmedia":[{"embeddable":true,"href":"https:\/\/minijets.org\/en\/wp-json\/wp\/v2\/media\/3842"}],"wp:attachment":[{"href":"https:\/\/minijets.org\/en\/wp-json\/wp\/v2\/media?parent=3835"}],"wp:term":[{"taxonomy":"category","embeddable":true,"href":"https:\/\/minijets.org\/en\/wp-json\/wp\/v2\/categories?post=3835"},{"taxonomy":"post_tag","embeddable":true,"href":"https:\/\/minijets.org\/en\/wp-json\/wp\/v2\/tags?post=3835"},{"taxonomy":"planes-000-100","embeddable":true,"href":"https:\/\/minijets.org\/en\/wp-json\/wp\/v2\/planes-000-100?post=3835"}],"curies":[{"name":"wp","href":"https:\/\/api.w.org\/{rel}","templated":true}]}}