{"id":3885,"date":"2021-02-05T10:55:31","date_gmt":"2021-02-05T09:55:31","guid":{"rendered":"http:\/\/tst.minijets.org\/?page_id=3885"},"modified":"2022-11-02T12:25:35","modified_gmt":"2022-11-02T11:25:35","slug":"coppelia","status":"publish","type":"page","link":"https:\/\/minijets.org\/en\/300-500\/adder\/coppelia\/","title":{"rendered":"Projet Coppelia"},"content":{"rendered":"<p>Principalement destin\u00e9 \u00e0 la course Angleterre-Nouvelle-Z\u00e9lande de 1953 et conforme \u00e0 cinqui\u00e8me cat\u00e9gorie d&#8217;a\u00e9ronefs l\u00e9gers de la FAI (poids compris entre 3 000 et 4 500 kg), le projet d&#8217;avion de course Coppelia&nbsp;pr\u00e9sent\u00e9 ici, avait \u00e9t\u00e9 con\u00e7u par un ing\u00e9nieur&nbsp; Londonien, M. <strong>George Korab<\/strong>, B.Sc, A.F.R.Ae.S.<\/p>\n\n\n\n<div class=\"wp-block-columns is-layout-flex wp-container-core-columns-is-layout-28f84493 wp-block-columns-is-layout-flex\">\n<div class=\"wp-block-column is-layout-flow wp-block-column-is-layout-flow\">\n<figure class=\"wp-block-image size-large\"><img loading=\"lazy\" decoding=\"async\" width=\"500\" height=\"500\" src=\"http:\/\/minijets.org\/wp-content\/uploads\/2021\/02\/coppelia_p3vues.jpg\" alt=\"Projet Coppelia\" class=\"wp-image-3850\" srcset=\"https:\/\/minijets.org\/wp-content\/uploads\/2021\/02\/coppelia_p3vues.jpg 500w, https:\/\/minijets.org\/wp-content\/uploads\/2021\/02\/coppelia_p3vues-300x300.jpg 300w, https:\/\/minijets.org\/wp-content\/uploads\/2021\/02\/coppelia_p3vues-150x150.jpg 150w, https:\/\/minijets.org\/wp-content\/uploads\/2021\/02\/coppelia_p3vues-12x12.jpg 12w, https:\/\/minijets.org\/wp-content\/uploads\/2021\/02\/coppelia_p3vues-80x80.jpg 80w, https:\/\/minijets.org\/wp-content\/uploads\/2021\/02\/coppelia_p3vues-320x320.jpg 320w\" sizes=\"auto, (max-width: 500px) 100vw, 500px\" \/><figcaption class=\"wp-element-caption\">Projet Coppelia, plan 3 vues. Source : Flight, janvier 1951<\/figcaption><\/figure>\n<\/div>\n\n\n\n<div class=\"wp-block-column minijets_table is-layout-flow wp-block-column-is-layout-flow\" style=\"flex-basis:40%\">\n<p>A l&#8217;origine, l&#8217;installation de deux turbor\u00e9acteurs <a href=\"https:\/\/minijets.org\/en\/100-150\/turbomeca-pimene\/\" data-type=\"page\" data-id=\"1877\">Turbomeca Pimene<\/a> avait \u00e9t\u00e9 envisag\u00e9e, mais leur pouss\u00e9e statique combin\u00e9e de 440 lb s&#8217;est r\u00e9v\u00e9l\u00e9e inad\u00e9quate. Cette derni\u00e8re conception a \u00e9t\u00e9 entreprise autour d\u2019un unique r\u00e9acteur <a href=\"https:\/\/minijets.org\/en\/300-500\/adder\/\" data-type=\"page\" data-id=\"3835\">Armstrong-Siddeley Adder<\/a> (pouss\u00e9e statique de 1 100 lb).<\/p>\n\n\n\n<p>Le pilote et le navigateur \u00e9taient assis en tandem. Il&nbsp;\u00e9tait pr\u00e9vu de placer deux fus\u00e9es d&#8217;assitance au d\u00e9collage (JATO)&nbsp; \u00e0 l&#8217;arri\u00e8re du fuselage, sous la tuy\u00e8re.<\/p>\n\n\n\n<p>Des r\u00e9servoirs de carburant&nbsp; situ\u00e9s dans les ailes se d\u00e9versaient dans un r\u00e9servoir principal qui occupait&nbsp;toute la partie centrale du fuselage.<\/p>\n\n\n\n<p>le fuselage \u00e9tait de construction m\u00e9tallique, et l&#8217;aile de construction mixte.<\/p>\n<\/div>\n<\/div>","protected":false},"excerpt":{"rendered":"<p>Principalement destin\u00e9 \u00e0 la course Angleterre-Nouvelle-Z\u00e9lande de 1953 et conforme \u00e0 cinqui\u00e8me cat\u00e9gorie d&#8217;a\u00e9ronefs l\u00e9gers de la FAI (poids compris entre 3 000 et 4 500 kg), le projet d&#8217;avion de course Coppelia&nbsp;pr\u00e9sent\u00e9 ici, avait \u00e9t\u00e9 con\u00e7u par un ing\u00e9nieur&nbsp; Londonien, M. George Korab, B.Sc, A.F.R.Ae.S. A l&#8217;origine, l&#8217;installation de deux turbor\u00e9acteurs Turbomeca Pimene avait [&hellip;]<\/p>","protected":false},"author":1,"featured_media":3850,"parent":3835,"menu_order":0,"comment_status":"closed","ping_status":"closed","template":"","meta":{"_acf_changed":false,"cybocfi_hide_featured_image":"","footnotes":""},"categories":[20],"tags":[],"planes-000-100":[],"class_list":["post-3885","page","type-page","status-publish","has-post-thumbnail","hentry","category-plane-300-500"],"blocksy_meta":[],"acf":[],"_links":{"self":[{"href":"https:\/\/minijets.org\/en\/wp-json\/wp\/v2\/pages\/3885","targetHints":{"allow":["GET"]}}],"collection":[{"href":"https:\/\/minijets.org\/en\/wp-json\/wp\/v2\/pages"}],"about":[{"href":"https:\/\/minijets.org\/en\/wp-json\/wp\/v2\/types\/page"}],"author":[{"embeddable":true,"href":"https:\/\/minijets.org\/en\/wp-json\/wp\/v2\/users\/1"}],"replies":[{"embeddable":true,"href":"https:\/\/minijets.org\/en\/wp-json\/wp\/v2\/comments?post=3885"}],"version-history":[{"count":0,"href":"https:\/\/minijets.org\/en\/wp-json\/wp\/v2\/pages\/3885\/revisions"}],"up":[{"embeddable":true,"href":"https:\/\/minijets.org\/en\/wp-json\/wp\/v2\/pages\/3835"}],"wp:featuredmedia":[{"embeddable":true,"href":"https:\/\/minijets.org\/en\/wp-json\/wp\/v2\/media\/3850"}],"wp:attachment":[{"href":"https:\/\/minijets.org\/en\/wp-json\/wp\/v2\/media?parent=3885"}],"wp:term":[{"taxonomy":"category","embeddable":true,"href":"https:\/\/minijets.org\/en\/wp-json\/wp\/v2\/categories?post=3885"},{"taxonomy":"post_tag","embeddable":true,"href":"https:\/\/minijets.org\/en\/wp-json\/wp\/v2\/tags?post=3885"},{"taxonomy":"planes-000-100","embeddable":true,"href":"https:\/\/minijets.org\/en\/wp-json\/wp\/v2\/planes-000-100?post=3885"}],"curies":[{"name":"wp","href":"https:\/\/api.w.org\/{rel}","templated":true}]}}